{"id":11491,"date":"2024-02-13T11:38:03","date_gmt":"2024-02-13T11:38:03","guid":{"rendered":"https:\/\/demo9.inetproductions.be\/product\/pre-de-mme-carle-vallouise\/"},"modified":"2024-05-08T08:40:28","modified_gmt":"2024-05-08T08:40:28","slug":"pre-de-mme-carle-vallouise","status":"publish","type":"product","link":"https:\/\/www.cyclosouvenir.be\/en\/product\/pre-de-mme-carle-vallouise\/","title":{"rendered":"Pre de Mme Carle &#8211; Vallouise"},"content":{"rendered":"","protected":false},"excerpt":{"rendered":"<p>The Pr\u00e9 de Madame Carle is a nature reserve in the French Alps in the heart of the \u00c9crins massif, at the foot of Mont Pelvoux, Mont des Agneaux and Barre des \u00c9crins, and below the Noir and Blanc glaciers. It is one of the gateways to the \u00c9crins National Park and a popular spot for hikers and climbers on their way to the surrounding peaks and glaciers.Wikipedia<\/p>\n","protected":false},"featured_media":1033,"comment_status":"closed","ping_status":"closed","template":"","meta":{"_et_pb_use_builder":"","_et_pb_old_content":"","_et_gb_content_width":""},"product_brand":[],"product_cat":[3501,3526,302],"product_tag":[],"class_list":{"0":"post-11491","1":"product","2":"type-product","3":"status-publish","4":"has-post-thumbnail","6":"product_cat-france-en","7":"product_cat-alps-en","8":"product_cat-road-markers","9":"tm-has-options","11":"first","12":"instock","13":"taxable","14":"shipping-taxable","15":"purchasable","16":"product-type-simple"},"yoast_head":"<!-- This site is optimized with the Yoast SEO plugin v26.2 - https:\/\/yoast.com\/wordpress\/plugins\/seo\/ -->\n<title>Pre de Mme Carle - Vallouise - Cyclosouvenir<\/title>\n<meta name=\"robots\" content=\"index, follow, max-snippet:-1, max-image-preview:large, max-video-preview:-1\" \/>\n<link rel=\"canonical\" href=\"https:\/\/www.cyclosouvenir.be\/en\/product\/pre-de-mme-carle-vallouise\/\" \/>\n<meta property=\"og:locale\" content=\"en_US\" \/>\n<meta property=\"og:type\" content=\"article\" \/>\n<meta property=\"og:title\" content=\"Pre de Mme Carle - Vallouise - Cyclosouvenir\" \/>\n<meta property=\"og:description\" content=\"The Pr\u00e9 de Madame Carle is a nature reserve in the French Alps in the heart of the \u00c9crins massif, at the foot of Mont Pelvoux, Mont des Agneaux and Barre des \u00c9crins, and below the Noir and Blanc glaciers. It is one of the gateways to the \u00c9crins National Park and a popular spot for hikers and climbers on their way to the surrounding peaks and glaciers.Wikipedia\" \/>\n<meta property=\"og:url\" content=\"https:\/\/www.cyclosouvenir.be\/en\/product\/pre-de-mme-carle-vallouise\/\" \/>\n<meta property=\"og:site_name\" content=\"Cyclosouvenir\" \/>\n<meta property=\"article:modified_time\" content=\"2024-05-08T08:40:28+00:00\" \/>\n<meta property=\"og:image\" content=\"https:\/\/www.cyclosouvenir.be\/wp-content\/uploads\/2024\/02\/Pre_de_Mme_Carle_Vallouise.png\" \/>\n\t<meta property=\"og:image:width\" content=\"250\" \/>\n\t<meta property=\"og:image:height\" content=\"300\" \/>\n\t<meta property=\"og:image:type\" content=\"image\/png\" \/>\n<meta name=\"twitter:card\" content=\"summary_large_image\" \/>\n<script type=\"application\/ld+json\" class=\"yoast-schema-graph\">{\"@context\":\"https:\/\/schema.org\",\"@graph\":[{\"@type\":\"WebPage\",\"@id\":\"https:\/\/www.cyclosouvenir.be\/en\/product\/pre-de-mme-carle-vallouise\/\",\"url\":\"https:\/\/www.cyclosouvenir.be\/en\/product\/pre-de-mme-carle-vallouise\/\",\"name\":\"Pre de Mme Carle - Vallouise - Cyclosouvenir\",\"isPartOf\":{\"@id\":\"https:\/\/www.cyclosouvenir.be\/en\/#website\"},\"primaryImageOfPage\":{\"@id\":\"https:\/\/www.cyclosouvenir.be\/en\/product\/pre-de-mme-carle-vallouise\/#primaryimage\"},\"image\":{\"@id\":\"https:\/\/www.cyclosouvenir.be\/en\/product\/pre-de-mme-carle-vallouise\/#primaryimage\"},\"thumbnailUrl\":\"https:\/\/www.cyclosouvenir.be\/wp-content\/uploads\/2024\/02\/Pre_de_Mme_Carle_Vallouise.png\",\"datePublished\":\"2024-02-13T11:38:03+00:00\",\"dateModified\":\"2024-05-08T08:40:28+00:00\",\"breadcrumb\":{\"@id\":\"https:\/\/www.cyclosouvenir.be\/en\/product\/pre-de-mme-carle-vallouise\/#breadcrumb\"},\"inLanguage\":\"en-US\",\"potentialAction\":[{\"@type\":\"ReadAction\",\"target\":[\"https:\/\/www.cyclosouvenir.be\/en\/product\/pre-de-mme-carle-vallouise\/\"]}]},{\"@type\":\"ImageObject\",\"inLanguage\":\"en-US\",\"@id\":\"https:\/\/www.cyclosouvenir.be\/en\/product\/pre-de-mme-carle-vallouise\/#primaryimage\",\"url\":\"https:\/\/www.cyclosouvenir.be\/wp-content\/uploads\/2024\/02\/Pre_de_Mme_Carle_Vallouise.png\",\"contentUrl\":\"https:\/\/www.cyclosouvenir.be\/wp-content\/uploads\/2024\/02\/Pre_de_Mme_Carle_Vallouise.png\",\"width\":250,\"height\":300},{\"@type\":\"BreadcrumbList\",\"@id\":\"https:\/\/www.cyclosouvenir.be\/en\/product\/pre-de-mme-carle-vallouise\/#breadcrumb\",\"itemListElement\":[{\"@type\":\"ListItem\",\"position\":1,\"name\":\"Home\",\"item\":\"https:\/\/www.cyclosouvenir.be\/en\/\"},{\"@type\":\"ListItem\",\"position\":2,\"name\":\"Store\",\"item\":\"https:\/\/www.cyclosouvenir.be\/winkel\/\"},{\"@type\":\"ListItem\",\"position\":3,\"name\":\"Pre de Mme Carle &#8211; Vallouise\"}]},{\"@type\":\"WebSite\",\"@id\":\"https:\/\/www.cyclosouvenir.be\/en\/#website\",\"url\":\"https:\/\/www.cyclosouvenir.be\/en\/\",\"name\":\"Cyclosouvenir\",\"description\":\"De trofee voor een memorabele beklimming.\",\"publisher\":{\"@id\":\"https:\/\/www.cyclosouvenir.be\/en\/#organization\"},\"potentialAction\":[{\"@type\":\"SearchAction\",\"target\":{\"@type\":\"EntryPoint\",\"urlTemplate\":\"https:\/\/www.cyclosouvenir.be\/en\/?s={search_term_string}\"},\"query-input\":{\"@type\":\"PropertyValueSpecification\",\"valueRequired\":true,\"valueName\":\"search_term_string\"}}],\"inLanguage\":\"en-US\"},{\"@type\":\"Organization\",\"@id\":\"https:\/\/www.cyclosouvenir.be\/en\/#organization\",\"name\":\"Cyclosouvenir\",\"url\":\"https:\/\/www.cyclosouvenir.be\/en\/\",\"logo\":{\"@type\":\"ImageObject\",\"inLanguage\":\"en-US\",\"@id\":\"https:\/\/www.cyclosouvenir.be\/en\/#\/schema\/logo\/image\/\",\"url\":\"https:\/\/www.cyclosouvenir.be\/wp-content\/uploads\/2024\/02\/Cyclosouvenir_Banner-removebg-preview.png\",\"contentUrl\":\"https:\/\/www.cyclosouvenir.be\/wp-content\/uploads\/2024\/02\/Cyclosouvenir_Banner-removebg-preview.png\",\"width\":997,\"height\":250,\"caption\":\"Cyclosouvenir\"},\"image\":{\"@id\":\"https:\/\/www.cyclosouvenir.be\/en\/#\/schema\/logo\/image\/\"}}]}<\/script>\n<!-- \/ Yoast SEO plugin. -->","yoast_head_json":{"title":"Pre de Mme Carle - Vallouise - Cyclosouvenir","robots":{"index":"index","follow":"follow","max-snippet":"max-snippet:-1","max-image-preview":"max-image-preview:large","max-video-preview":"max-video-preview:-1"},"canonical":"https:\/\/www.cyclosouvenir.be\/en\/product\/pre-de-mme-carle-vallouise\/","og_locale":"en_US","og_type":"article","og_title":"Pre de Mme Carle - Vallouise - Cyclosouvenir","og_description":"The Pr\u00e9 de Madame Carle is a nature reserve in the French Alps in the heart of the \u00c9crins massif, at the foot of Mont Pelvoux, Mont des Agneaux and Barre des \u00c9crins, and below the Noir and Blanc glaciers. It is one of the gateways to the \u00c9crins National Park and a popular spot for hikers and climbers on their way to the surrounding peaks and glaciers.Wikipedia","og_url":"https:\/\/www.cyclosouvenir.be\/en\/product\/pre-de-mme-carle-vallouise\/","og_site_name":"Cyclosouvenir","article_modified_time":"2024-05-08T08:40:28+00:00","og_image":[{"width":250,"height":300,"url":"https:\/\/www.cyclosouvenir.be\/wp-content\/uploads\/2024\/02\/Pre_de_Mme_Carle_Vallouise.png","type":"image\/png"}],"twitter_card":"summary_large_image","schema":{"@context":"https:\/\/schema.org","@graph":[{"@type":"WebPage","@id":"https:\/\/www.cyclosouvenir.be\/en\/product\/pre-de-mme-carle-vallouise\/","url":"https:\/\/www.cyclosouvenir.be\/en\/product\/pre-de-mme-carle-vallouise\/","name":"Pre de Mme Carle - Vallouise - Cyclosouvenir","isPartOf":{"@id":"https:\/\/www.cyclosouvenir.be\/en\/#website"},"primaryImageOfPage":{"@id":"https:\/\/www.cyclosouvenir.be\/en\/product\/pre-de-mme-carle-vallouise\/#primaryimage"},"image":{"@id":"https:\/\/www.cyclosouvenir.be\/en\/product\/pre-de-mme-carle-vallouise\/#primaryimage"},"thumbnailUrl":"https:\/\/www.cyclosouvenir.be\/wp-content\/uploads\/2024\/02\/Pre_de_Mme_Carle_Vallouise.png","datePublished":"2024-02-13T11:38:03+00:00","dateModified":"2024-05-08T08:40:28+00:00","breadcrumb":{"@id":"https:\/\/www.cyclosouvenir.be\/en\/product\/pre-de-mme-carle-vallouise\/#breadcrumb"},"inLanguage":"en-US","potentialAction":[{"@type":"ReadAction","target":["https:\/\/www.cyclosouvenir.be\/en\/product\/pre-de-mme-carle-vallouise\/"]}]},{"@type":"ImageObject","inLanguage":"en-US","@id":"https:\/\/www.cyclosouvenir.be\/en\/product\/pre-de-mme-carle-vallouise\/#primaryimage","url":"https:\/\/www.cyclosouvenir.be\/wp-content\/uploads\/2024\/02\/Pre_de_Mme_Carle_Vallouise.png","contentUrl":"https:\/\/www.cyclosouvenir.be\/wp-content\/uploads\/2024\/02\/Pre_de_Mme_Carle_Vallouise.png","width":250,"height":300},{"@type":"BreadcrumbList","@id":"https:\/\/www.cyclosouvenir.be\/en\/product\/pre-de-mme-carle-vallouise\/#breadcrumb","itemListElement":[{"@type":"ListItem","position":1,"name":"Home","item":"https:\/\/www.cyclosouvenir.be\/en\/"},{"@type":"ListItem","position":2,"name":"Store","item":"https:\/\/www.cyclosouvenir.be\/winkel\/"},{"@type":"ListItem","position":3,"name":"Pre de Mme Carle &#8211; Vallouise"}]},{"@type":"WebSite","@id":"https:\/\/www.cyclosouvenir.be\/en\/#website","url":"https:\/\/www.cyclosouvenir.be\/en\/","name":"Cyclosouvenir","description":"De trofee voor een memorabele beklimming.","publisher":{"@id":"https:\/\/www.cyclosouvenir.be\/en\/#organization"},"potentialAction":[{"@type":"SearchAction","target":{"@type":"EntryPoint","urlTemplate":"https:\/\/www.cyclosouvenir.be\/en\/?s={search_term_string}"},"query-input":{"@type":"PropertyValueSpecification","valueRequired":true,"valueName":"search_term_string"}}],"inLanguage":"en-US"},{"@type":"Organization","@id":"https:\/\/www.cyclosouvenir.be\/en\/#organization","name":"Cyclosouvenir","url":"https:\/\/www.cyclosouvenir.be\/en\/","logo":{"@type":"ImageObject","inLanguage":"en-US","@id":"https:\/\/www.cyclosouvenir.be\/en\/#\/schema\/logo\/image\/","url":"https:\/\/www.cyclosouvenir.be\/wp-content\/uploads\/2024\/02\/Cyclosouvenir_Banner-removebg-preview.png","contentUrl":"https:\/\/www.cyclosouvenir.be\/wp-content\/uploads\/2024\/02\/Cyclosouvenir_Banner-removebg-preview.png","width":997,"height":250,"caption":"Cyclosouvenir"},"image":{"@id":"https:\/\/www.cyclosouvenir.be\/en\/#\/schema\/logo\/image\/"}}]}},"_links":{"self":[{"href":"https:\/\/www.cyclosouvenir.be\/en\/wp-json\/wp\/v2\/product\/11491","targetHints":{"allow":["GET"]}}],"collection":[{"href":"https:\/\/www.cyclosouvenir.be\/en\/wp-json\/wp\/v2\/product"}],"about":[{"href":"https:\/\/www.cyclosouvenir.be\/en\/wp-json\/wp\/v2\/types\/product"}],"replies":[{"embeddable":true,"href":"https:\/\/www.cyclosouvenir.be\/en\/wp-json\/wp\/v2\/comments?post=11491"}],"wp:featuredmedia":[{"embeddable":true,"href":"https:\/\/www.cyclosouvenir.be\/en\/wp-json\/wp\/v2\/media\/1033"}],"wp:attachment":[{"href":"https:\/\/www.cyclosouvenir.be\/en\/wp-json\/wp\/v2\/media?parent=11491"}],"wp:term":[{"taxonomy":"product_brand","embeddable":true,"href":"https:\/\/www.cyclosouvenir.be\/en\/wp-json\/wp\/v2\/product_brand?post=11491"},{"taxonomy":"product_cat","embeddable":true,"href":"https:\/\/www.cyclosouvenir.be\/en\/wp-json\/wp\/v2\/product_cat?post=11491"},{"taxonomy":"product_tag","embeddable":true,"href":"https:\/\/www.cyclosouvenir.be\/en\/wp-json\/wp\/v2\/product_tag?post=11491"}],"curies":[{"name":"wp","href":"https:\/\/api.w.org\/{rel}","templated":true}]}}