{"id":11810,"date":"2024-02-13T11:37:15","date_gmt":"2024-02-13T11:37:15","guid":{"rendered":"https:\/\/demo9.inetproductions.be\/product\/mont-aigoual-valleraugue\/"},"modified":"2024-05-09T10:39:06","modified_gmt":"2024-05-09T10:39:06","slug":"mont-aigoual-valleraugue","status":"publish","type":"product","link":"https:\/\/www.cyclosouvenir.be\/en\/product\/mont-aigoual-valleraugue\/","title":{"rendered":"Mont Aigoual &#8211; Valleraugue"},"content":{"rendered":"","protected":false},"excerpt":{"rendered":"<p>Mont Aigoual is a mountain of the Massif de l&#8217;Aigoual and is located on the border between the departments of Loz\u00e8re and Gard in France. It is about 1565 meters high, making it the highest peak in Gard and the second highest in Loz\u00e8re and the C\u00e9vennes. Wikipedia<\/p>\n","protected":false},"featured_media":518,"comment_status":"closed","ping_status":"closed","template":"","meta":{"_et_pb_use_builder":"","_et_pb_old_content":"","_et_gb_content_width":""},"product_brand":[],"product_cat":[3501,3502,302],"product_tag":[],"class_list":{"0":"post-11810","1":"product","2":"type-product","3":"status-publish","4":"has-post-thumbnail","6":"product_cat-france-en","7":"product_cat-central-massif","8":"product_cat-road-markers","9":"tm-has-options","11":"first","12":"instock","13":"taxable","14":"shipping-taxable","15":"purchasable","16":"product-type-simple"},"yoast_head":"<!-- This site is optimized with the Yoast SEO plugin v26.2 - https:\/\/yoast.com\/wordpress\/plugins\/seo\/ -->\n<title>Mont Aigoual - Valleraugue - Cyclosouvenir<\/title>\n<meta name=\"robots\" content=\"index, follow, max-snippet:-1, max-image-preview:large, max-video-preview:-1\" \/>\n<link rel=\"canonical\" href=\"https:\/\/www.cyclosouvenir.be\/en\/product\/mont-aigoual-valleraugue\/\" \/>\n<meta property=\"og:locale\" content=\"en_US\" \/>\n<meta property=\"og:type\" content=\"article\" \/>\n<meta property=\"og:title\" content=\"Mont Aigoual - Valleraugue - Cyclosouvenir\" \/>\n<meta property=\"og:description\" content=\"Mont Aigoual is a mountain of the Massif de l&#039;Aigoual and is located on the border between the departments of Loz\u00e8re and Gard in France. It is about 1565 meters high, making it the highest peak in Gard and the second highest in Loz\u00e8re and the C\u00e9vennes. Wikipedia\" \/>\n<meta property=\"og:url\" content=\"https:\/\/www.cyclosouvenir.be\/en\/product\/mont-aigoual-valleraugue\/\" \/>\n<meta property=\"og:site_name\" content=\"Cyclosouvenir\" \/>\n<meta property=\"article:modified_time\" content=\"2024-05-09T10:39:06+00:00\" \/>\n<meta property=\"og:image\" content=\"https:\/\/www.cyclosouvenir.be\/wp-content\/uploads\/2024\/02\/Mont_Aigoual_Valleraugue.png\" \/>\n\t<meta property=\"og:image:width\" content=\"250\" \/>\n\t<meta property=\"og:image:height\" content=\"300\" \/>\n\t<meta property=\"og:image:type\" content=\"image\/png\" \/>\n<meta name=\"twitter:card\" content=\"summary_large_image\" \/>\n<script type=\"application\/ld+json\" class=\"yoast-schema-graph\">{\"@context\":\"https:\/\/schema.org\",\"@graph\":[{\"@type\":\"WebPage\",\"@id\":\"https:\/\/www.cyclosouvenir.be\/en\/product\/mont-aigoual-valleraugue\/\",\"url\":\"https:\/\/www.cyclosouvenir.be\/en\/product\/mont-aigoual-valleraugue\/\",\"name\":\"Mont Aigoual - Valleraugue - Cyclosouvenir\",\"isPartOf\":{\"@id\":\"https:\/\/www.cyclosouvenir.be\/en\/#website\"},\"primaryImageOfPage\":{\"@id\":\"https:\/\/www.cyclosouvenir.be\/en\/product\/mont-aigoual-valleraugue\/#primaryimage\"},\"image\":{\"@id\":\"https:\/\/www.cyclosouvenir.be\/en\/product\/mont-aigoual-valleraugue\/#primaryimage\"},\"thumbnailUrl\":\"https:\/\/www.cyclosouvenir.be\/wp-content\/uploads\/2024\/02\/Mont_Aigoual_Valleraugue.png\",\"datePublished\":\"2024-02-13T11:37:15+00:00\",\"dateModified\":\"2024-05-09T10:39:06+00:00\",\"breadcrumb\":{\"@id\":\"https:\/\/www.cyclosouvenir.be\/en\/product\/mont-aigoual-valleraugue\/#breadcrumb\"},\"inLanguage\":\"en-US\",\"potentialAction\":[{\"@type\":\"ReadAction\",\"target\":[\"https:\/\/www.cyclosouvenir.be\/en\/product\/mont-aigoual-valleraugue\/\"]}]},{\"@type\":\"ImageObject\",\"inLanguage\":\"en-US\",\"@id\":\"https:\/\/www.cyclosouvenir.be\/en\/product\/mont-aigoual-valleraugue\/#primaryimage\",\"url\":\"https:\/\/www.cyclosouvenir.be\/wp-content\/uploads\/2024\/02\/Mont_Aigoual_Valleraugue.png\",\"contentUrl\":\"https:\/\/www.cyclosouvenir.be\/wp-content\/uploads\/2024\/02\/Mont_Aigoual_Valleraugue.png\",\"width\":250,\"height\":300},{\"@type\":\"BreadcrumbList\",\"@id\":\"https:\/\/www.cyclosouvenir.be\/en\/product\/mont-aigoual-valleraugue\/#breadcrumb\",\"itemListElement\":[{\"@type\":\"ListItem\",\"position\":1,\"name\":\"Home\",\"item\":\"https:\/\/www.cyclosouvenir.be\/en\/\"},{\"@type\":\"ListItem\",\"position\":2,\"name\":\"Store\",\"item\":\"https:\/\/www.cyclosouvenir.be\/winkel\/\"},{\"@type\":\"ListItem\",\"position\":3,\"name\":\"Mont Aigoual &#8211; Valleraugue\"}]},{\"@type\":\"WebSite\",\"@id\":\"https:\/\/www.cyclosouvenir.be\/en\/#website\",\"url\":\"https:\/\/www.cyclosouvenir.be\/en\/\",\"name\":\"Cyclosouvenir\",\"description\":\"De trofee voor een memorabele beklimming.\",\"publisher\":{\"@id\":\"https:\/\/www.cyclosouvenir.be\/en\/#organization\"},\"potentialAction\":[{\"@type\":\"SearchAction\",\"target\":{\"@type\":\"EntryPoint\",\"urlTemplate\":\"https:\/\/www.cyclosouvenir.be\/en\/?s={search_term_string}\"},\"query-input\":{\"@type\":\"PropertyValueSpecification\",\"valueRequired\":true,\"valueName\":\"search_term_string\"}}],\"inLanguage\":\"en-US\"},{\"@type\":\"Organization\",\"@id\":\"https:\/\/www.cyclosouvenir.be\/en\/#organization\",\"name\":\"Cyclosouvenir\",\"url\":\"https:\/\/www.cyclosouvenir.be\/en\/\",\"logo\":{\"@type\":\"ImageObject\",\"inLanguage\":\"en-US\",\"@id\":\"https:\/\/www.cyclosouvenir.be\/en\/#\/schema\/logo\/image\/\",\"url\":\"https:\/\/www.cyclosouvenir.be\/wp-content\/uploads\/2024\/02\/Cyclosouvenir_Banner-removebg-preview.png\",\"contentUrl\":\"https:\/\/www.cyclosouvenir.be\/wp-content\/uploads\/2024\/02\/Cyclosouvenir_Banner-removebg-preview.png\",\"width\":997,\"height\":250,\"caption\":\"Cyclosouvenir\"},\"image\":{\"@id\":\"https:\/\/www.cyclosouvenir.be\/en\/#\/schema\/logo\/image\/\"}}]}<\/script>\n<!-- \/ Yoast SEO plugin. -->","yoast_head_json":{"title":"Mont Aigoual - Valleraugue - Cyclosouvenir","robots":{"index":"index","follow":"follow","max-snippet":"max-snippet:-1","max-image-preview":"max-image-preview:large","max-video-preview":"max-video-preview:-1"},"canonical":"https:\/\/www.cyclosouvenir.be\/en\/product\/mont-aigoual-valleraugue\/","og_locale":"en_US","og_type":"article","og_title":"Mont Aigoual - Valleraugue - Cyclosouvenir","og_description":"Mont Aigoual is a mountain of the Massif de l'Aigoual and is located on the border between the departments of Loz\u00e8re and Gard in France. It is about 1565 meters high, making it the highest peak in Gard and the second highest in Loz\u00e8re and the C\u00e9vennes. Wikipedia","og_url":"https:\/\/www.cyclosouvenir.be\/en\/product\/mont-aigoual-valleraugue\/","og_site_name":"Cyclosouvenir","article_modified_time":"2024-05-09T10:39:06+00:00","og_image":[{"width":250,"height":300,"url":"https:\/\/www.cyclosouvenir.be\/wp-content\/uploads\/2024\/02\/Mont_Aigoual_Valleraugue.png","type":"image\/png"}],"twitter_card":"summary_large_image","schema":{"@context":"https:\/\/schema.org","@graph":[{"@type":"WebPage","@id":"https:\/\/www.cyclosouvenir.be\/en\/product\/mont-aigoual-valleraugue\/","url":"https:\/\/www.cyclosouvenir.be\/en\/product\/mont-aigoual-valleraugue\/","name":"Mont Aigoual - Valleraugue - Cyclosouvenir","isPartOf":{"@id":"https:\/\/www.cyclosouvenir.be\/en\/#website"},"primaryImageOfPage":{"@id":"https:\/\/www.cyclosouvenir.be\/en\/product\/mont-aigoual-valleraugue\/#primaryimage"},"image":{"@id":"https:\/\/www.cyclosouvenir.be\/en\/product\/mont-aigoual-valleraugue\/#primaryimage"},"thumbnailUrl":"https:\/\/www.cyclosouvenir.be\/wp-content\/uploads\/2024\/02\/Mont_Aigoual_Valleraugue.png","datePublished":"2024-02-13T11:37:15+00:00","dateModified":"2024-05-09T10:39:06+00:00","breadcrumb":{"@id":"https:\/\/www.cyclosouvenir.be\/en\/product\/mont-aigoual-valleraugue\/#breadcrumb"},"inLanguage":"en-US","potentialAction":[{"@type":"ReadAction","target":["https:\/\/www.cyclosouvenir.be\/en\/product\/mont-aigoual-valleraugue\/"]}]},{"@type":"ImageObject","inLanguage":"en-US","@id":"https:\/\/www.cyclosouvenir.be\/en\/product\/mont-aigoual-valleraugue\/#primaryimage","url":"https:\/\/www.cyclosouvenir.be\/wp-content\/uploads\/2024\/02\/Mont_Aigoual_Valleraugue.png","contentUrl":"https:\/\/www.cyclosouvenir.be\/wp-content\/uploads\/2024\/02\/Mont_Aigoual_Valleraugue.png","width":250,"height":300},{"@type":"BreadcrumbList","@id":"https:\/\/www.cyclosouvenir.be\/en\/product\/mont-aigoual-valleraugue\/#breadcrumb","itemListElement":[{"@type":"ListItem","position":1,"name":"Home","item":"https:\/\/www.cyclosouvenir.be\/en\/"},{"@type":"ListItem","position":2,"name":"Store","item":"https:\/\/www.cyclosouvenir.be\/winkel\/"},{"@type":"ListItem","position":3,"name":"Mont Aigoual &#8211; Valleraugue"}]},{"@type":"WebSite","@id":"https:\/\/www.cyclosouvenir.be\/en\/#website","url":"https:\/\/www.cyclosouvenir.be\/en\/","name":"Cyclosouvenir","description":"De trofee voor een memorabele beklimming.","publisher":{"@id":"https:\/\/www.cyclosouvenir.be\/en\/#organization"},"potentialAction":[{"@type":"SearchAction","target":{"@type":"EntryPoint","urlTemplate":"https:\/\/www.cyclosouvenir.be\/en\/?s={search_term_string}"},"query-input":{"@type":"PropertyValueSpecification","valueRequired":true,"valueName":"search_term_string"}}],"inLanguage":"en-US"},{"@type":"Organization","@id":"https:\/\/www.cyclosouvenir.be\/en\/#organization","name":"Cyclosouvenir","url":"https:\/\/www.cyclosouvenir.be\/en\/","logo":{"@type":"ImageObject","inLanguage":"en-US","@id":"https:\/\/www.cyclosouvenir.be\/en\/#\/schema\/logo\/image\/","url":"https:\/\/www.cyclosouvenir.be\/wp-content\/uploads\/2024\/02\/Cyclosouvenir_Banner-removebg-preview.png","contentUrl":"https:\/\/www.cyclosouvenir.be\/wp-content\/uploads\/2024\/02\/Cyclosouvenir_Banner-removebg-preview.png","width":997,"height":250,"caption":"Cyclosouvenir"},"image":{"@id":"https:\/\/www.cyclosouvenir.be\/en\/#\/schema\/logo\/image\/"}}]}},"_links":{"self":[{"href":"https:\/\/www.cyclosouvenir.be\/en\/wp-json\/wp\/v2\/product\/11810","targetHints":{"allow":["GET"]}}],"collection":[{"href":"https:\/\/www.cyclosouvenir.be\/en\/wp-json\/wp\/v2\/product"}],"about":[{"href":"https:\/\/www.cyclosouvenir.be\/en\/wp-json\/wp\/v2\/types\/product"}],"replies":[{"embeddable":true,"href":"https:\/\/www.cyclosouvenir.be\/en\/wp-json\/wp\/v2\/comments?post=11810"}],"wp:featuredmedia":[{"embeddable":true,"href":"https:\/\/www.cyclosouvenir.be\/en\/wp-json\/wp\/v2\/media\/518"}],"wp:attachment":[{"href":"https:\/\/www.cyclosouvenir.be\/en\/wp-json\/wp\/v2\/media?parent=11810"}],"wp:term":[{"taxonomy":"product_brand","embeddable":true,"href":"https:\/\/www.cyclosouvenir.be\/en\/wp-json\/wp\/v2\/product_brand?post=11810"},{"taxonomy":"product_cat","embeddable":true,"href":"https:\/\/www.cyclosouvenir.be\/en\/wp-json\/wp\/v2\/product_cat?post=11810"},{"taxonomy":"product_tag","embeddable":true,"href":"https:\/\/www.cyclosouvenir.be\/en\/wp-json\/wp\/v2\/product_tag?post=11810"}],"curies":[{"name":"wp","href":"https:\/\/api.w.org\/{rel}","templated":true}]}}