{"id":12074,"date":"2024-02-13T11:36:44","date_gmt":"2024-02-13T11:36:44","guid":{"rendered":"https:\/\/demo9.inetproductions.be\/product\/col-du-galibier-valloire\/"},"modified":"2024-05-09T12:42:38","modified_gmt":"2024-05-09T12:42:38","slug":"col-du-galibier-valloire","status":"publish","type":"product","link":"https:\/\/www.cyclosouvenir.be\/en\/product\/col-du-galibier-valloire\/","title":{"rendered":"Col du Galibier &#8211; Valloire"},"content":{"rendered":"<p>The Col du Galibier is a mountain pass in the French Alps It connects Saint-Michel-de-Maurienne and Brian\u00e7on via the Col du T\u00e9l\u00e9graphe to the north and the Col du Lautaret to the south. The pass is closed in winter. The ridge that the Col du Galibier is part of forms a link between the Massif des Arves and Massif des Cerces.<br \/>\nContents<\/p>\n<p>1 Bicycles<br \/>\n1.1 Profile of the climb<br \/>\n1.1.1 From the north<br \/>\n1.1.2 From the south<br \/>\n1.2 Climbs during the Tour de France<br \/>\n2 Panorama<br \/>\n3 External links<\/p>\n<p>Bikes<\/p>\n<p>The mountain pass is best known for cycling stages in the Tour de France. There is also a monument on the Galibier in memory of Henri Desgrange, the first director of the Tour de France.<\/p>\n<p>Col du Galibier<\/p>\n<p>Because the Galibier can only be reached after the Col du T\u00e9l\u00e9graphe or the Col du Lautaret have been conquered, this makes this mountain pass one of the toughest Alpine passes in cycling history.<br \/>\nProfile of the ascent<\/p>\n<p>The top of the pass can be reached from both the north and south sides. From the south side, two roads run uphill, meeting a few kilometers before the summit.<br \/>\nFrom the north<\/p>\n<p>Profile of the ascent of the north face from Saint-Michel-de-Maurienne.<\/p>\n<p>From Saint-Michel-de-Maurienne, the length of the climb is 34.5 km with an average gradient of 6.6%. The ascent of the Col du T\u00e9l\u00e9graphe covers the first 12 km with an average gradient of 7%; after a slight descent to the village of Valloire, the actual ascent of the Col du Galibier begins. The average gradient of the Galibier is 6.9%, with especially the last kilometers being spicy with a percentage of about 8.5% (towards the summit even over 10%).<\/p>\n<p>Until 1976, the only transition to the other side of the pass consisted of a 370-m-long tunnel, which, however, was found to be in such poor condition that it was closed. A new road was built that goes all the way over the top of the pass and climbs an average of 10%. After renovation, the tunnel was reopened to vehicular traffic in 2002, with traffic lights regulating from which side traffic may use the tunnel. The tunnel is off limits to cyclists.<br \/>\nFrom the south<\/p>\n<p>From the south, one can climb the pass from Brian\u00e7on or from Bourg d&#8217;Oisans. From the southeast (Brian\u00e7on), the climb is 37 km long. The first 14 kilometers up to Mon\u00eatier are actually more false flat, with a gradient averaging 3%. The 14.5 km to the Col du Lautaret at 2058 m altitude rise a bit more, but it remains relatively modest at 4 to 5%. After that, from the monument to Henri Desgrange, there remain 8 tough kilometers, where the gradient is between 9 and 12%.<\/p>\n<p>One can also make the climb from the southwest, from Bourg d&#8217;Oisans (at the bottom of the Alpe d&#8217;Huez).<br \/>\nClimbs during the Tour de France<\/p>\n<p>On this mountain pass in 1936, Theo Middelkamp laid the foundation for the first Dutch stage victory in the Tour de France. The year before, Francisco Cepeda had fallen hard during the descent, leading to a skull base fracture.<\/p>\n<p>In 1998, Marco Pantani belittled Jan Ullrich. Italian Pantani flew away from Ullrich during hailstorms and low temperatures, losing 10 minutes at the summit.<\/p>\n<p>In 2011, the col was climbed on two consecutive days for the first time, and the first of those two climbs involved finishing at the summit of the Galibier for the first time in history. At the top of the Galibier, it was Andy Schleck who won overwhelmingly ahead of his brother Fr\u00e4nk and Cadel Evans.<\/p>\n<p>In 2013, the Galibier was climbed during the fifteenth stage of the Tour of Italy. Due to poor weather conditions, the stage was shortened to 4.2 kilometers below the summit of the col. The finish was at the monument to Marco Pantani. Italian Giovanni Visconti won the stage.<\/p>\n<p>In 2015, it was planned to climb the Galibier but it did not happen because a tunnel was about to collapse, so the route changed and went over the Croix de Fer.[1]<br \/>\nPassages in the Tour de France since 1947<br \/>\nYear Stage Category First above<br \/>\n2011 19 HC Andy Schleck<br \/>\n2011 18 HC Andy Schleck<br \/>\n2008 17 HC Stefan Schumacher<br \/>\n2007 9 HC Mauricio Soler<br \/>\n2006 16 HC Michael Rasmussen<br \/>\n2005 11 HC Aleksandr Vinokoerov<br \/>\n2003 8 HC Stefano Garzelli<br \/>\n2002 16 HC Santiago Botero<br \/>\n2000 15 HC Pascal Herv\u00e9<br \/>\n1999 9 HC Jos\u00e9 Luis Arrieta<br \/>\n1998 15 HC Marco Pantani<br \/>\n1993 10 HC Tony Rominger<br \/>\n1992 14 HC Franco Chioccioli<br \/>\n1989 17 HC Gert-Jan Theunisse<br \/>\n1987 21 HC Pedro Mu\u00f1oz<br \/>\n1986 18 HC Luis Herrera<br \/>\n1984 18 HC Francisco Rodr\u00edguez<br \/>\n1980 17 HC Johan De Muynck<br \/>\n1979 17 HC Lucien Van Impe<br \/>\n1974 11 1 Vicente L\u00f3pez Carril<br \/>\n1973 8 1 Luis Oca\u00f1a<br \/>\n1972 14a 1 Joop Zoetemelk<br \/>\n1969 10 1 Eddy Merckx<br \/>\n1967 10 1 Julio Jimenez<br \/>\n1966 16 1 Julio Jimenez<br \/>\n1964 8 1 Federico Bahamontes<br \/>\n1959 18 2 Charly Gaul<br \/>\n1957 10 1 Marcel Janssens<br \/>\n1955 8 1 Charly Gaul<br \/>\n1954 19 1 Federico Bahamontes<br \/>\n1952 11 1 Fausto Coppi<br \/>\n1948 14 2 Lucien Teisseire<br \/>\n1947 8 1 Fermo Camellini<br \/>\nPanorama<\/p>\n<p>Vanaf de top voert een wandelpad naar een uitzichtpunt op 2704 m. From here one can see the glaciers of the Barre des \u00c9crins and La Meije to the south, the peak of Rochebrune to the southeast, Mont Blanc to the northeast and finally the Grand Galibier (3229 m).<br \/>\nPanorama on the Col du Galibier<br \/>\nPanorama on the Col du Galibier<\/p>\n<p>Courtesy of Wikipedia<\/p>\n","protected":false},"excerpt":{"rendered":"<p>The Col du Galibier is a mountain pass in the French Alps It connects Saint-Michel-de-Maurienne and Brian\u00e7on via the Col du T\u00e9l\u00e9graphe to the north and the Col du Lautaret to the south. The pass is closed in winter. The ridge that the Col du Galibier is part of forms a link between the Massif des Arves and Massif des Cerces.<\/p>\n<p>&nbsp;<\/p>\n<p>The mountain pass is best known for cycling stages in the Tour de France. There is also a monument on the Galibier in memory of Henri Desgrange, the first director of the Tour de France.<\/p>\n<p>Because the Galibier can only be reached after the Col du T\u00e9l\u00e9graphe or the Col du Lautaret have been conquered, this makes this mountain pass one of the toughest Alpine passes in cycling history.<\/p>\n<p>In 2013, the Galibier was climbed during the fifteenth stage of the Tour of Italy. Due to poor weather conditions, the stage was shortened to 4.2 kilometers below the summit of the col. The finish was at the monument to Marco Pantani. Italian Giovanni Visconti won the stage. Wikipedia<\/p>\n","protected":false},"featured_media":68,"comment_status":"closed","ping_status":"closed","template":"","meta":{"_et_pb_use_builder":"","_et_pb_old_content":"","_et_gb_content_width":""},"product_brand":[],"product_cat":[3501,3526,302],"product_tag":[],"class_list":{"0":"post-12074","1":"product","2":"type-product","3":"status-publish","4":"has-post-thumbnail","6":"product_cat-france-en","7":"product_cat-alps-en","8":"product_cat-road-markers","9":"tm-has-options","11":"first","12":"instock","13":"taxable","14":"shipping-taxable","15":"purchasable","16":"product-type-simple"},"yoast_head":"<!-- This site is optimized with the Yoast SEO plugin v26.2 - https:\/\/yoast.com\/wordpress\/plugins\/seo\/ -->\n<title>Col du Galibier - Valloire - Cyclosouvenir<\/title>\n<meta name=\"robots\" content=\"index, follow, max-snippet:-1, max-image-preview:large, max-video-preview:-1\" \/>\n<link rel=\"canonical\" href=\"https:\/\/www.cyclosouvenir.be\/en\/product\/col-du-galibier-valloire\/\" \/>\n<meta property=\"og:locale\" content=\"en_US\" \/>\n<meta property=\"og:type\" content=\"article\" \/>\n<meta property=\"og:title\" content=\"Col du Galibier - Valloire - Cyclosouvenir\" \/>\n<meta property=\"og:description\" content=\"The Col du Galibier is a mountain pass in the French Alps It connects Saint-Michel-de-Maurienne and Brian\u00e7on via the Col du T\u00e9l\u00e9graphe to the north and the Col du Lautaret to the south. The pass is closed in winter. The ridge that the Col du Galibier is part of forms a link between the Massif des Arves and Massif des Cerces. &nbsp; The mountain pass is best known for cycling stages in the Tour de France. There is also a monument on the Galibier in memory of Henri Desgrange, the first director of the Tour de France. Because the Galibier can only be reached after the Col du T\u00e9l\u00e9graphe or the Col du Lautaret have been conquered, this makes this mountain pass one of the toughest Alpine passes in cycling history. In 2013, the Galibier was climbed during the fifteenth stage of the Tour of Italy. Due to poor weather conditions, the stage was shortened to 4.2 kilometers below the summit of the col. The finish was at the monument to Marco Pantani. Italian Giovanni Visconti won the stage. Wikipedia\" \/>\n<meta property=\"og:url\" content=\"https:\/\/www.cyclosouvenir.be\/en\/product\/col-du-galibier-valloire\/\" \/>\n<meta property=\"og:site_name\" content=\"Cyclosouvenir\" \/>\n<meta property=\"article:modified_time\" content=\"2024-05-09T12:42:38+00:00\" \/>\n<meta property=\"og:image\" content=\"https:\/\/www.cyclosouvenir.be\/wp-content\/uploads\/2024\/02\/Col_du_Galibier_Valloire.png\" \/>\n\t<meta property=\"og:image:width\" content=\"250\" \/>\n\t<meta property=\"og:image:height\" content=\"300\" \/>\n\t<meta property=\"og:image:type\" content=\"image\/png\" \/>\n<meta name=\"twitter:card\" content=\"summary_large_image\" \/>\n<meta name=\"twitter:label1\" content=\"Est. reading time\" \/>\n\t<meta name=\"twitter:data1\" content=\"4 minutes\" \/>\n<script type=\"application\/ld+json\" class=\"yoast-schema-graph\">{\"@context\":\"https:\/\/schema.org\",\"@graph\":[{\"@type\":\"WebPage\",\"@id\":\"https:\/\/www.cyclosouvenir.be\/en\/product\/col-du-galibier-valloire\/\",\"url\":\"https:\/\/www.cyclosouvenir.be\/en\/product\/col-du-galibier-valloire\/\",\"name\":\"Col du Galibier - Valloire - Cyclosouvenir\",\"isPartOf\":{\"@id\":\"https:\/\/www.cyclosouvenir.be\/en\/#website\"},\"primaryImageOfPage\":{\"@id\":\"https:\/\/www.cyclosouvenir.be\/en\/product\/col-du-galibier-valloire\/#primaryimage\"},\"image\":{\"@id\":\"https:\/\/www.cyclosouvenir.be\/en\/product\/col-du-galibier-valloire\/#primaryimage\"},\"thumbnailUrl\":\"https:\/\/www.cyclosouvenir.be\/wp-content\/uploads\/2024\/02\/Col_du_Galibier_Valloire.png\",\"datePublished\":\"2024-02-13T11:36:44+00:00\",\"dateModified\":\"2024-05-09T12:42:38+00:00\",\"breadcrumb\":{\"@id\":\"https:\/\/www.cyclosouvenir.be\/en\/product\/col-du-galibier-valloire\/#breadcrumb\"},\"inLanguage\":\"en-US\",\"potentialAction\":[{\"@type\":\"ReadAction\",\"target\":[\"https:\/\/www.cyclosouvenir.be\/en\/product\/col-du-galibier-valloire\/\"]}]},{\"@type\":\"ImageObject\",\"inLanguage\":\"en-US\",\"@id\":\"https:\/\/www.cyclosouvenir.be\/en\/product\/col-du-galibier-valloire\/#primaryimage\",\"url\":\"https:\/\/www.cyclosouvenir.be\/wp-content\/uploads\/2024\/02\/Col_du_Galibier_Valloire.png\",\"contentUrl\":\"https:\/\/www.cyclosouvenir.be\/wp-content\/uploads\/2024\/02\/Col_du_Galibier_Valloire.png\",\"width\":250,\"height\":300},{\"@type\":\"BreadcrumbList\",\"@id\":\"https:\/\/www.cyclosouvenir.be\/en\/product\/col-du-galibier-valloire\/#breadcrumb\",\"itemListElement\":[{\"@type\":\"ListItem\",\"position\":1,\"name\":\"Home\",\"item\":\"https:\/\/www.cyclosouvenir.be\/en\/\"},{\"@type\":\"ListItem\",\"position\":2,\"name\":\"Store\",\"item\":\"https:\/\/www.cyclosouvenir.be\/winkel\/\"},{\"@type\":\"ListItem\",\"position\":3,\"name\":\"Col du Galibier &#8211; Valloire\"}]},{\"@type\":\"WebSite\",\"@id\":\"https:\/\/www.cyclosouvenir.be\/en\/#website\",\"url\":\"https:\/\/www.cyclosouvenir.be\/en\/\",\"name\":\"Cyclosouvenir\",\"description\":\"De trofee voor een memorabele beklimming.\",\"publisher\":{\"@id\":\"https:\/\/www.cyclosouvenir.be\/en\/#organization\"},\"potentialAction\":[{\"@type\":\"SearchAction\",\"target\":{\"@type\":\"EntryPoint\",\"urlTemplate\":\"https:\/\/www.cyclosouvenir.be\/en\/?s={search_term_string}\"},\"query-input\":{\"@type\":\"PropertyValueSpecification\",\"valueRequired\":true,\"valueName\":\"search_term_string\"}}],\"inLanguage\":\"en-US\"},{\"@type\":\"Organization\",\"@id\":\"https:\/\/www.cyclosouvenir.be\/en\/#organization\",\"name\":\"Cyclosouvenir\",\"url\":\"https:\/\/www.cyclosouvenir.be\/en\/\",\"logo\":{\"@type\":\"ImageObject\",\"inLanguage\":\"en-US\",\"@id\":\"https:\/\/www.cyclosouvenir.be\/en\/#\/schema\/logo\/image\/\",\"url\":\"https:\/\/www.cyclosouvenir.be\/wp-content\/uploads\/2024\/02\/Cyclosouvenir_Banner-removebg-preview.png\",\"contentUrl\":\"https:\/\/www.cyclosouvenir.be\/wp-content\/uploads\/2024\/02\/Cyclosouvenir_Banner-removebg-preview.png\",\"width\":997,\"height\":250,\"caption\":\"Cyclosouvenir\"},\"image\":{\"@id\":\"https:\/\/www.cyclosouvenir.be\/en\/#\/schema\/logo\/image\/\"}}]}<\/script>\n<!-- \/ Yoast SEO plugin. -->","yoast_head_json":{"title":"Col du Galibier - Valloire - Cyclosouvenir","robots":{"index":"index","follow":"follow","max-snippet":"max-snippet:-1","max-image-preview":"max-image-preview:large","max-video-preview":"max-video-preview:-1"},"canonical":"https:\/\/www.cyclosouvenir.be\/en\/product\/col-du-galibier-valloire\/","og_locale":"en_US","og_type":"article","og_title":"Col du Galibier - Valloire - Cyclosouvenir","og_description":"The Col du Galibier is a mountain pass in the French Alps It connects Saint-Michel-de-Maurienne and Brian\u00e7on via the Col du T\u00e9l\u00e9graphe to the north and the Col du Lautaret to the south. The pass is closed in winter. The ridge that the Col du Galibier is part of forms a link between the Massif des Arves and Massif des Cerces. &nbsp; The mountain pass is best known for cycling stages in the Tour de France. There is also a monument on the Galibier in memory of Henri Desgrange, the first director of the Tour de France. Because the Galibier can only be reached after the Col du T\u00e9l\u00e9graphe or the Col du Lautaret have been conquered, this makes this mountain pass one of the toughest Alpine passes in cycling history. In 2013, the Galibier was climbed during the fifteenth stage of the Tour of Italy. Due to poor weather conditions, the stage was shortened to 4.2 kilometers below the summit of the col. The finish was at the monument to Marco Pantani. Italian Giovanni Visconti won the stage. Wikipedia","og_url":"https:\/\/www.cyclosouvenir.be\/en\/product\/col-du-galibier-valloire\/","og_site_name":"Cyclosouvenir","article_modified_time":"2024-05-09T12:42:38+00:00","og_image":[{"width":250,"height":300,"url":"https:\/\/www.cyclosouvenir.be\/wp-content\/uploads\/2024\/02\/Col_du_Galibier_Valloire.png","type":"image\/png"}],"twitter_card":"summary_large_image","twitter_misc":{"Est. reading time":"4 minutes"},"schema":{"@context":"https:\/\/schema.org","@graph":[{"@type":"WebPage","@id":"https:\/\/www.cyclosouvenir.be\/en\/product\/col-du-galibier-valloire\/","url":"https:\/\/www.cyclosouvenir.be\/en\/product\/col-du-galibier-valloire\/","name":"Col du Galibier - Valloire - Cyclosouvenir","isPartOf":{"@id":"https:\/\/www.cyclosouvenir.be\/en\/#website"},"primaryImageOfPage":{"@id":"https:\/\/www.cyclosouvenir.be\/en\/product\/col-du-galibier-valloire\/#primaryimage"},"image":{"@id":"https:\/\/www.cyclosouvenir.be\/en\/product\/col-du-galibier-valloire\/#primaryimage"},"thumbnailUrl":"https:\/\/www.cyclosouvenir.be\/wp-content\/uploads\/2024\/02\/Col_du_Galibier_Valloire.png","datePublished":"2024-02-13T11:36:44+00:00","dateModified":"2024-05-09T12:42:38+00:00","breadcrumb":{"@id":"https:\/\/www.cyclosouvenir.be\/en\/product\/col-du-galibier-valloire\/#breadcrumb"},"inLanguage":"en-US","potentialAction":[{"@type":"ReadAction","target":["https:\/\/www.cyclosouvenir.be\/en\/product\/col-du-galibier-valloire\/"]}]},{"@type":"ImageObject","inLanguage":"en-US","@id":"https:\/\/www.cyclosouvenir.be\/en\/product\/col-du-galibier-valloire\/#primaryimage","url":"https:\/\/www.cyclosouvenir.be\/wp-content\/uploads\/2024\/02\/Col_du_Galibier_Valloire.png","contentUrl":"https:\/\/www.cyclosouvenir.be\/wp-content\/uploads\/2024\/02\/Col_du_Galibier_Valloire.png","width":250,"height":300},{"@type":"BreadcrumbList","@id":"https:\/\/www.cyclosouvenir.be\/en\/product\/col-du-galibier-valloire\/#breadcrumb","itemListElement":[{"@type":"ListItem","position":1,"name":"Home","item":"https:\/\/www.cyclosouvenir.be\/en\/"},{"@type":"ListItem","position":2,"name":"Store","item":"https:\/\/www.cyclosouvenir.be\/winkel\/"},{"@type":"ListItem","position":3,"name":"Col du Galibier &#8211; Valloire"}]},{"@type":"WebSite","@id":"https:\/\/www.cyclosouvenir.be\/en\/#website","url":"https:\/\/www.cyclosouvenir.be\/en\/","name":"Cyclosouvenir","description":"De trofee voor een memorabele beklimming.","publisher":{"@id":"https:\/\/www.cyclosouvenir.be\/en\/#organization"},"potentialAction":[{"@type":"SearchAction","target":{"@type":"EntryPoint","urlTemplate":"https:\/\/www.cyclosouvenir.be\/en\/?s={search_term_string}"},"query-input":{"@type":"PropertyValueSpecification","valueRequired":true,"valueName":"search_term_string"}}],"inLanguage":"en-US"},{"@type":"Organization","@id":"https:\/\/www.cyclosouvenir.be\/en\/#organization","name":"Cyclosouvenir","url":"https:\/\/www.cyclosouvenir.be\/en\/","logo":{"@type":"ImageObject","inLanguage":"en-US","@id":"https:\/\/www.cyclosouvenir.be\/en\/#\/schema\/logo\/image\/","url":"https:\/\/www.cyclosouvenir.be\/wp-content\/uploads\/2024\/02\/Cyclosouvenir_Banner-removebg-preview.png","contentUrl":"https:\/\/www.cyclosouvenir.be\/wp-content\/uploads\/2024\/02\/Cyclosouvenir_Banner-removebg-preview.png","width":997,"height":250,"caption":"Cyclosouvenir"},"image":{"@id":"https:\/\/www.cyclosouvenir.be\/en\/#\/schema\/logo\/image\/"}}]}},"_links":{"self":[{"href":"https:\/\/www.cyclosouvenir.be\/en\/wp-json\/wp\/v2\/product\/12074","targetHints":{"allow":["GET"]}}],"collection":[{"href":"https:\/\/www.cyclosouvenir.be\/en\/wp-json\/wp\/v2\/product"}],"about":[{"href":"https:\/\/www.cyclosouvenir.be\/en\/wp-json\/wp\/v2\/types\/product"}],"replies":[{"embeddable":true,"href":"https:\/\/www.cyclosouvenir.be\/en\/wp-json\/wp\/v2\/comments?post=12074"}],"wp:featuredmedia":[{"embeddable":true,"href":"https:\/\/www.cyclosouvenir.be\/en\/wp-json\/wp\/v2\/media\/68"}],"wp:attachment":[{"href":"https:\/\/www.cyclosouvenir.be\/en\/wp-json\/wp\/v2\/media?parent=12074"}],"wp:term":[{"taxonomy":"product_brand","embeddable":true,"href":"https:\/\/www.cyclosouvenir.be\/en\/wp-json\/wp\/v2\/product_brand?post=12074"},{"taxonomy":"product_cat","embeddable":true,"href":"https:\/\/www.cyclosouvenir.be\/en\/wp-json\/wp\/v2\/product_cat?post=12074"},{"taxonomy":"product_tag","embeddable":true,"href":"https:\/\/www.cyclosouvenir.be\/en\/wp-json\/wp\/v2\/product_tag?post=12074"}],"curies":[{"name":"wp","href":"https:\/\/api.w.org\/{rel}","templated":true}]}}