{"id":10175,"date":"2024-02-02T08:57:45","date_gmt":"2024-02-02T08:57:45","guid":{"rendered":"https:\/\/demo9.inetproductions.be\/frais-dexpedition\/"},"modified":"2025-04-08T10:24:30","modified_gmt":"2025-04-08T10:24:30","slug":"frais-dexpedition","status":"publish","type":"page","link":"https:\/\/www.cyclosouvenir.be\/fr\/frais-dexpedition\/","title":{"rendered":"Frais d&rsquo;exp\u00e9dition"},"content":{"rendered":"<p>[et_pb_section fb_built=\u00a0\u00bb1&Prime; _builder_version=\u00a0\u00bb4.24.0&Prime; _module_preset=\u00a0\u00bbdefault\u00a0\u00bb global_colors_info=\u00a0\u00bb{}\u00a0\u00bb][et_pb_row _builder_version=\u00a0\u00bb4.24.0&Prime; _module_preset=\u00a0\u00bbdefault\u00a0\u00bb global_colors_info=\u00a0\u00bb{}\u00a0\u00bb][et_pb_column type=\u00a0\u00bb4_4&Prime; _builder_version=\u00a0\u00bb4.24.0&Prime; _module_preset=\u00a0\u00bbdefault\u00a0\u00bb global_colors_info=\u00a0\u00bb{}\u00a0\u00bb][et_pb_text _builder_version=\u00a0\u00bb4.24.0&Prime; _module_preset=\u00a0\u00bbdefault\u00a0\u00bb global_colors_info=\u00a0\u00bb{}\u00a0\u00bb]<\/p>\n<table class=\"verzendkosten\">\n<tbody>\n<tr>\n<th># bornes<\/th>\n<th>Poids<\/th>\n<th>Pays voisin (1)<\/th>\n<th>EU (2)<\/th>\n<th>reste de UE (3)<\/th>\n<th>USA + M\u00e9diterran\u00e9e (4)<\/th>\n<th>reste du monde<\/th>\n<\/tr>\n<tr>\n<td>2 Bornes<\/td>\n<td>jusqu&rsquo;\u00e0 350 gr<\/td>\n<td>\u20ac 11.6<\/td>\n<td>\u20ac 13.75<\/td>\n<td>\u20ac 16.10<\/td>\n<td>\u20ac 19.30<\/td>\n<td>\u20ac 28.70<\/td>\n<\/tr>\n<tr>\n<td>3 \u00e0 7 paaltjes<\/td>\n<td>350 &#8211; 1kg<\/td>\n<td>\u20ac 11.6<\/td>\n<td>\u20ac 13.75<\/td>\n<td>\u20ac 16.10<\/td>\n<td>\u20ac 19.30<\/td>\n<td>\u20ac 28.70<\/td>\n<\/tr>\n<tr>\n<td>8 \u00e0 16 Bornes<\/td>\n<td>1kg-2 kg<\/td>\n<td class=\"skin-color\">\u20ac 16.50<\/td>\n<td>\u20ac 34.60<\/td>\n<td>\u20ac 37.20<\/td>\n<td>\u20ac 55.00<\/td>\n<td>\u20ac 74.40<\/td>\n<\/tr>\n<tr>\n<td>8 \u00e0 16 Bornes<\/td>\n<td>1kg-2 kg<\/td>\n<td class=\"skin-color\">\u20ac 16.50<\/td>\n<td class=\"skin-color\">\u20ac 34.60<\/td>\n<td class=\"skin-color\">\u20ac 37.20<\/td>\n<td class=\"skin-color\">\u20ac 55.00<\/td>\n<td class=\"skin-color\">\u20ac 74.40<\/td>\n<\/tr>\n<tr>\n<td>16 \u00e0 35 Bornes<\/td>\n<td>2kg-5 kg<\/td>\n<td class=\"skin-color\">\u20ac 16.50<\/td>\n<td class=\"skin-color\">\u20ac 34.60<\/td>\n<td class=\"skin-color\">\u20ac 37.20<\/td>\n<td class=\"skin-color\">\u20ac 55.00<\/td>\n<td class=\"skin-color\">\u20ac 74.40<\/td>\n<\/tr>\n<tr><\/tr>\n<\/tbody>\n<\/table>\n<p><span style=\"font-size: 14px;\">D\u00e9lais de livraison indicatifs pour l&rsquo;UE : 4 jours ouvr\u00e9s.<\/span><\/p>\n<p><span style=\"font-size: 14px;\"><\/span><\/p>\n<div>\n<div>1 &#8211; Allemagne, France (hors DOM), Grand-Duch\u00e9 de Luxembourg, Pays-Bas. <span style=\"font-size: 14px;\"><\/span><\/div>\n<\/div>\n<div>\n<div>2 &#8211; A\u00e7ores, Bulgarie, Chypre, Danemark, Estonie, Finlande, Gr\u00e8ce, Hongrie, Italie, Irlande, Lettonie, Lituanie, Mad\u00e8re, Malte, Monaco, Autriche, Pologne, Portugal, Roumanie, Slovaquie, Slov\u00e9nie, Espagne, R\u00e9publique tch\u00e8que, Su\u00e8de . <span style=\"font-size: 14px;\"><\/span><\/div>\n<\/div>\n<div>\n<div>3 &#8211; Albanie, Andorre, Bi\u00e9lorussie, Bosnie-Herz\u00e9govine, \u00celes Canaries, \u00celes F\u00e9ro\u00e9, G\u00e9orgie, Gibraltar, Guernesey, Islande, Jersey, \u00cele de Man, Croatie, Liechtenstein, Mac\u00e9doine, Moldavie, Mont\u00e9n\u00e9gro, Norv\u00e8ge, Ukraine, Russie, Saint-Marin , Serbie, Turquie, Vatican, Royaume-Uni <span style=\"font-size: 14px;\"><\/span><\/div>\n<\/div>\n<div>\n<div>4 &#8211; Alg\u00e9rie, Egypte, Isra\u00ebl, Jordanie, Maroc, Syrie, Tunisie, Etats-Unis. <span style=\"font-size: 14px;\"><\/span><\/div>\n<\/div>\n<p>[\/et_pb_text][\/et_pb_column][\/et_pb_row][\/et_pb_section]<\/p>\n","protected":false},"excerpt":{"rendered":"<p># bornes Poids Pays voisin (1) EU (2) reste de UE (3) USA + M\u00e9diterran\u00e9e (4) reste du monde 2 Bornes jusqu&rsquo;\u00e0 350 gr \u20ac 11.6 \u20ac 13.75 \u20ac 16.10 \u20ac 19.30 \u20ac 28.70 3 \u00e0 7 paaltjes 350 &#8211; 1kg \u20ac 11.6 \u20ac 13.75 \u20ac 16.10 \u20ac 19.30 \u20ac 28.70 8 \u00e0 16 Bornes [&hellip;]<\/p>\n","protected":false},"author":1,"featured_media":0,"parent":0,"menu_order":0,"comment_status":"closed","ping_status":"closed","template":"","meta":{"_et_pb_use_builder":"on","_et_pb_old_content":"","_et_gb_content_width":"","footnotes":""},"class_list":["post-10175","page","type-page","status-publish","hentry"],"yoast_head":"<!-- This site is optimized with the Yoast SEO plugin v26.2 - https:\/\/yoast.com\/wordpress\/plugins\/seo\/ -->\n<title>Frais d&#039;exp\u00e9dition - Cyclosouvenir<\/title>\n<meta name=\"robots\" content=\"index, follow, max-snippet:-1, max-image-preview:large, max-video-preview:-1\" \/>\n<link rel=\"canonical\" href=\"https:\/\/www.cyclosouvenir.be\/fr\/frais-dexpedition\/\" \/>\n<meta property=\"og:locale\" content=\"fr_FR\" \/>\n<meta property=\"og:type\" content=\"article\" \/>\n<meta property=\"og:title\" content=\"Frais d&#039;exp\u00e9dition - Cyclosouvenir\" \/>\n<meta property=\"og:description\" content=\"# bornes Poids Pays voisin (1) EU (2) reste de UE (3) USA + M\u00e9diterran\u00e9e (4) reste du monde 2 Bornes jusqu&#039;\u00e0 350 gr \u20ac 11.6 \u20ac 13.75 \u20ac 16.10 \u20ac 19.30 \u20ac 28.70 3 \u00e0 7 paaltjes 350 - 1kg \u20ac 11.6 \u20ac 13.75 \u20ac 16.10 \u20ac 19.30 \u20ac 28.70 8 \u00e0 16 Bornes [&hellip;]\" \/>\n<meta property=\"og:url\" content=\"https:\/\/www.cyclosouvenir.be\/fr\/frais-dexpedition\/\" \/>\n<meta property=\"og:site_name\" content=\"Cyclosouvenir\" \/>\n<meta property=\"article:modified_time\" content=\"2025-04-08T10:24:30+00:00\" \/>\n<meta name=\"twitter:card\" content=\"summary_large_image\" \/>\n<meta name=\"twitter:label1\" content=\"Dur\u00e9e de lecture estim\u00e9e\" \/>\n\t<meta name=\"twitter:data1\" content=\"1 minute\" \/>\n<script type=\"application\/ld+json\" class=\"yoast-schema-graph\">{\"@context\":\"https:\/\/schema.org\",\"@graph\":[{\"@type\":\"WebPage\",\"@id\":\"https:\/\/www.cyclosouvenir.be\/fr\/frais-dexpedition\/\",\"url\":\"https:\/\/www.cyclosouvenir.be\/fr\/frais-dexpedition\/\",\"name\":\"Frais d'exp\u00e9dition - Cyclosouvenir\",\"isPartOf\":{\"@id\":\"https:\/\/www.cyclosouvenir.be\/fr\/#website\"},\"datePublished\":\"2024-02-02T08:57:45+00:00\",\"dateModified\":\"2025-04-08T10:24:30+00:00\",\"breadcrumb\":{\"@id\":\"https:\/\/www.cyclosouvenir.be\/fr\/frais-dexpedition\/#breadcrumb\"},\"inLanguage\":\"fr-FR\",\"potentialAction\":[{\"@type\":\"ReadAction\",\"target\":[\"https:\/\/www.cyclosouvenir.be\/fr\/frais-dexpedition\/\"]}]},{\"@type\":\"BreadcrumbList\",\"@id\":\"https:\/\/www.cyclosouvenir.be\/fr\/frais-dexpedition\/#breadcrumb\",\"itemListElement\":[{\"@type\":\"ListItem\",\"position\":1,\"name\":\"Home\",\"item\":\"https:\/\/www.cyclosouvenir.be\/fr\/\"},{\"@type\":\"ListItem\",\"position\":2,\"name\":\"Frais d'exp\u00e9dition\"}]},{\"@type\":\"WebSite\",\"@id\":\"https:\/\/www.cyclosouvenir.be\/fr\/#website\",\"url\":\"https:\/\/www.cyclosouvenir.be\/fr\/\",\"name\":\"Cyclosouvenir\",\"description\":\"De trofee voor een memorabele beklimming.\",\"publisher\":{\"@id\":\"https:\/\/www.cyclosouvenir.be\/fr\/#organization\"},\"potentialAction\":[{\"@type\":\"SearchAction\",\"target\":{\"@type\":\"EntryPoint\",\"urlTemplate\":\"https:\/\/www.cyclosouvenir.be\/fr\/?s={search_term_string}\"},\"query-input\":{\"@type\":\"PropertyValueSpecification\",\"valueRequired\":true,\"valueName\":\"search_term_string\"}}],\"inLanguage\":\"fr-FR\"},{\"@type\":\"Organization\",\"@id\":\"https:\/\/www.cyclosouvenir.be\/fr\/#organization\",\"name\":\"Cyclosouvenir\",\"url\":\"https:\/\/www.cyclosouvenir.be\/fr\/\",\"logo\":{\"@type\":\"ImageObject\",\"inLanguage\":\"fr-FR\",\"@id\":\"https:\/\/www.cyclosouvenir.be\/fr\/#\/schema\/logo\/image\/\",\"url\":\"https:\/\/www.cyclosouvenir.be\/wp-content\/uploads\/2024\/02\/Cyclosouvenir_Banner-removebg-preview.png\",\"contentUrl\":\"https:\/\/www.cyclosouvenir.be\/wp-content\/uploads\/2024\/02\/Cyclosouvenir_Banner-removebg-preview.png\",\"width\":997,\"height\":250,\"caption\":\"Cyclosouvenir\"},\"image\":{\"@id\":\"https:\/\/www.cyclosouvenir.be\/fr\/#\/schema\/logo\/image\/\"}}]}<\/script>\n<!-- \/ Yoast SEO plugin. -->","yoast_head_json":{"title":"Frais d'exp\u00e9dition - Cyclosouvenir","robots":{"index":"index","follow":"follow","max-snippet":"max-snippet:-1","max-image-preview":"max-image-preview:large","max-video-preview":"max-video-preview:-1"},"canonical":"https:\/\/www.cyclosouvenir.be\/fr\/frais-dexpedition\/","og_locale":"fr_FR","og_type":"article","og_title":"Frais d'exp\u00e9dition - Cyclosouvenir","og_description":"# bornes Poids Pays voisin (1) EU (2) reste de UE (3) USA + M\u00e9diterran\u00e9e (4) reste du monde 2 Bornes jusqu'\u00e0 350 gr \u20ac 11.6 \u20ac 13.75 \u20ac 16.10 \u20ac 19.30 \u20ac 28.70 3 \u00e0 7 paaltjes 350 - 1kg \u20ac 11.6 \u20ac 13.75 \u20ac 16.10 \u20ac 19.30 \u20ac 28.70 8 \u00e0 16 Bornes [&hellip;]","og_url":"https:\/\/www.cyclosouvenir.be\/fr\/frais-dexpedition\/","og_site_name":"Cyclosouvenir","article_modified_time":"2025-04-08T10:24:30+00:00","twitter_card":"summary_large_image","twitter_misc":{"Dur\u00e9e de lecture estim\u00e9e":"1 minute"},"schema":{"@context":"https:\/\/schema.org","@graph":[{"@type":"WebPage","@id":"https:\/\/www.cyclosouvenir.be\/fr\/frais-dexpedition\/","url":"https:\/\/www.cyclosouvenir.be\/fr\/frais-dexpedition\/","name":"Frais d'exp\u00e9dition - Cyclosouvenir","isPartOf":{"@id":"https:\/\/www.cyclosouvenir.be\/fr\/#website"},"datePublished":"2024-02-02T08:57:45+00:00","dateModified":"2025-04-08T10:24:30+00:00","breadcrumb":{"@id":"https:\/\/www.cyclosouvenir.be\/fr\/frais-dexpedition\/#breadcrumb"},"inLanguage":"fr-FR","potentialAction":[{"@type":"ReadAction","target":["https:\/\/www.cyclosouvenir.be\/fr\/frais-dexpedition\/"]}]},{"@type":"BreadcrumbList","@id":"https:\/\/www.cyclosouvenir.be\/fr\/frais-dexpedition\/#breadcrumb","itemListElement":[{"@type":"ListItem","position":1,"name":"Home","item":"https:\/\/www.cyclosouvenir.be\/fr\/"},{"@type":"ListItem","position":2,"name":"Frais d'exp\u00e9dition"}]},{"@type":"WebSite","@id":"https:\/\/www.cyclosouvenir.be\/fr\/#website","url":"https:\/\/www.cyclosouvenir.be\/fr\/","name":"Cyclosouvenir","description":"De trofee voor een memorabele beklimming.","publisher":{"@id":"https:\/\/www.cyclosouvenir.be\/fr\/#organization"},"potentialAction":[{"@type":"SearchAction","target":{"@type":"EntryPoint","urlTemplate":"https:\/\/www.cyclosouvenir.be\/fr\/?s={search_term_string}"},"query-input":{"@type":"PropertyValueSpecification","valueRequired":true,"valueName":"search_term_string"}}],"inLanguage":"fr-FR"},{"@type":"Organization","@id":"https:\/\/www.cyclosouvenir.be\/fr\/#organization","name":"Cyclosouvenir","url":"https:\/\/www.cyclosouvenir.be\/fr\/","logo":{"@type":"ImageObject","inLanguage":"fr-FR","@id":"https:\/\/www.cyclosouvenir.be\/fr\/#\/schema\/logo\/image\/","url":"https:\/\/www.cyclosouvenir.be\/wp-content\/uploads\/2024\/02\/Cyclosouvenir_Banner-removebg-preview.png","contentUrl":"https:\/\/www.cyclosouvenir.be\/wp-content\/uploads\/2024\/02\/Cyclosouvenir_Banner-removebg-preview.png","width":997,"height":250,"caption":"Cyclosouvenir"},"image":{"@id":"https:\/\/www.cyclosouvenir.be\/fr\/#\/schema\/logo\/image\/"}}]}},"_links":{"self":[{"href":"https:\/\/www.cyclosouvenir.be\/fr\/wp-json\/wp\/v2\/pages\/10175","targetHints":{"allow":["GET"]}}],"collection":[{"href":"https:\/\/www.cyclosouvenir.be\/fr\/wp-json\/wp\/v2\/pages"}],"about":[{"href":"https:\/\/www.cyclosouvenir.be\/fr\/wp-json\/wp\/v2\/types\/page"}],"author":[{"embeddable":true,"href":"https:\/\/www.cyclosouvenir.be\/fr\/wp-json\/wp\/v2\/users\/1"}],"replies":[{"embeddable":true,"href":"https:\/\/www.cyclosouvenir.be\/fr\/wp-json\/wp\/v2\/comments?post=10175"}],"version-history":[{"count":4,"href":"https:\/\/www.cyclosouvenir.be\/fr\/wp-json\/wp\/v2\/pages\/10175\/revisions"}],"predecessor-version":[{"id":14767,"href":"https:\/\/www.cyclosouvenir.be\/fr\/wp-json\/wp\/v2\/pages\/10175\/revisions\/14767"}],"wp:attachment":[{"href":"https:\/\/www.cyclosouvenir.be\/fr\/wp-json\/wp\/v2\/media?parent=10175"}],"curies":[{"name":"wp","href":"https:\/\/api.w.org\/{rel}","templated":true}]}}