{"id":10274,"date":"2024-02-02T11:58:22","date_gmt":"2024-02-02T11:58:22","guid":{"rendered":"https:\/\/demo9.inetproductions.be\/algemene-voorwaarden\/"},"modified":"2024-02-07T13:02:18","modified_gmt":"2024-02-07T13:02:18","slug":"algemene-voorwaarden","status":"publish","type":"page","link":"https:\/\/www.cyclosouvenir.be\/fr\/algemene-voorwaarden\/","title":{"rendered":"Termes et conditions"},"content":{"rendered":"<p>[et_pb_section fb_built=\u00a0\u00bb1&Prime; _builder_version=\u00a0\u00bb4.24.0&Prime; _module_preset=\u00a0\u00bbdefault\u00a0\u00bb global_colors_info=\u00a0\u00bb{}\u00a0\u00bb][et_pb_row _builder_version=\u00a0\u00bb4.24.0&Prime; _module_preset=\u00a0\u00bbdefault\u00a0\u00bb global_colors_info=\u00a0\u00bb{}\u00a0\u00bb][et_pb_column type=\u00a0\u00bb4_4&Prime; _builder_version=\u00a0\u00bb4.24.0&Prime; _module_preset=\u00a0\u00bbdefault\u00a0\u00bb global_colors_info=\u00a0\u00bb{}\u00a0\u00bb][et_pb_text _builder_version=\u00a0\u00bb4.24.0&Prime; _module_preset=\u00a0\u00bbdefault\u00a0\u00bb global_colors_info=\u00a0\u00bb{}\u00a0\u00bb]<\/p>\n<h2>Termes et conditions<\/h2>\n<p>&nbsp;<\/p>\n<p><strong>TOUTES NOS LIVRAISONS SONT SUBORDONNEES AUX CONDITIONS DE VENTE<\/strong><\/p>\n<p><strong>DECRITES CI\u2010APRES.TOUTE DEROGATION A CES CONDITIONS DOIT ETRE CONFIRMEE<\/strong><\/p>\n<p><strong>PAR ECRIT PAR CYCLOSOUVENIR<\/strong><\/p>\n<p><strong><\/strong><\/p>\n<p><strong>1.<\/strong> Le placement d\u2019une commande suppose l\u2019acceptation de nos conditions g\u00e9n\u00e9rales de vente et<\/p>\n<p>d\u00e9ni des conditions d\u2019achat propres. Toutes d\u00e9rogation \u00e0 cette disposition doit \u00eatre signifi\u00e9e par<\/p>\n<p>\u00e9crit par Cyclosouvenir. Une commande est accept\u00e9e par Cyclosouvenir dans la mesure o\u00f9 cette<\/p>\n<p>derni\u00e8re la confirme par \u00e9crit.<\/p>\n<p><strong>2. PRIX<\/strong> : Les prix indiqu\u00e9s dans les offres et les confirmations de commande s\u2019entendent NETS ,<\/p>\n<p>HORS TVA \u00e0 moins que mentionner diff\u00e9rent. Si le d\u00e9lai entre l\u2019offre et la commande exc\u00e8de 6 mois<\/p>\n<p>, le vendeur se r\u00e9serve le droit de revoir le prix.<\/p>\n<p><strong>3. DELAI DE LIVRAISON :<\/strong> Le d\u00e9lai de livraison vis\u00e9 dans la confirmation de commande n\u2019est donn\u00e9<\/p>\n<p>qu\u2019\u00e0 seul titre indicatif et n\u2019est pas obligatoire. L\u2019acheteur ne peut faire valoir aucun droit \u00e0 des<\/p>\n<p>dommages et int\u00e9r\u00eats ni exiger la rupture ou la dissolution du contrat au titre du non\u2010respect des<\/p>\n<p>d\u00e9lais. A l\u2019expiration du d\u00e9lai de livraison , l\u2019acheteur est tenue , apr\u00e8s sommation \u00e9crite de<\/p>\n<p>Cyclosouvenir , de retirer les marchandises. Le non\u2010retrait des marchandises conf\u00e8re \u00e0<\/p>\n<p>Cyclosouvenir le droit de facturer des frais de d\u2019entreposage \u00e0 concurrence de 1% du montant<\/p>\n<p>d\u2019achat par mois et des frais de financement au taux de cr\u00e9dit de caisse en vigueur. Si un mois apr\u00e8s<\/p>\n<p>la sommation recommand\u00e9e , les marchandises ne sont pas retir\u00e9es, Cyclosouvenir est en droit<\/p>\n<p>d\u2019annuler la commande. S\u2019il s\u2019agit de marchandises commerciales, une indemnit\u00e9 d\u2019annulation de<\/p>\n<p>20% du montant d\u2019achat sera appliqu\u00e9e. Les marchandises sp\u00e9cifiquement produites pour<\/p>\n<p>l\u2019acheteur donnent droit \u00e0 une indemnit\u00e9 d\u2019annulation de 120%<\/p>\n<p><strong>4. CONDITIONS DE LIVRAISON<\/strong> :Toutes les livraisons se d\u00e9roulent au d\u00e9part de nos magasins.Les<\/p>\n<p>marchandises sont r\u00e9put\u00e9es avoir \u00e9t\u00e9 accept\u00e9es par l\u2019acheteur en nos magasins. Les marchandises<\/p>\n<p>voyagent toujours au frais et risques de l\u2019acheteur , quelle que soit la personne qui assure le<\/p>\n<p>transport et sur l\u2019ordre de laquelle il est ex\u00e9cut\u00e9.<\/p>\n<p><strong>5. PAYEMENT :<\/strong> Toutes nos livraisons sont payables au comptant et sans escompte dans nos<\/p>\n<p>magasins. Les marchandises livr\u00e9es \u00e0 l\u2019acheteur par transport sont acquitt\u00e9 \u00e0 l\u2019avance \u00e0<\/p>\n<p>Cyclosouvenir sauf convention contraire \u00e9crite. A d\u00e9faut de paiement ou en cas de paiement<\/p>\n<p>incomplet \u00e0 l\u2019\u00e9ch\u00e9ance , le d\u00e9biteur sera redevable , sans mise en demeure pr\u00e9alable et de plein<\/p>\n<p>droit en application des art.1139 et 1147 du Code Civil , de dommages et int\u00e9r\u00eats fix\u00e9s de mani\u00e8re<\/p>\n<p>conventionnelle et forfaitaire \u00e0 10% du montant factur\u00e9 , compte tenu d\u2019un minimum de \u20ac50,00 ,<\/p>\n<p>ainsi que d\u2019un int\u00e9r\u00eat moratoire \u00e0 compter de l\u2019\u00e9ch\u00e9ance \u00e9gal au taux de cr\u00e9dit de caisse e vigueur.<\/p>\n<p>Par d\u00e9rogation \u00e0 l\u2019article 1583 du Code Civil , les marchandises restent la propri\u00e9t\u00e9 de<\/p>\n<p>Cyclosouvenir jusqu\u2019au paiement int\u00e9gral de la facture augment\u00e9 avec les dommages et int\u00e9r\u00eats et<\/p>\n<p>int\u00e9r\u00eats moratoire. Cyclosouvenir se r\u00e9serve le droit de suspendre ou d\u2019annuler tous les autres<\/p>\n<p>ordres de l\u2019acheteur en demeure jusqu&rsquo;\u00e0 ce que ce dernier ait remplit toutes ses obligations.<\/p>\n<p>Cyclosouvenir est en droit de revoir les conditions de paiement ant\u00e9rieurement convenues avec<\/p>\n<p>l\u2019acheteur en demeure.<\/p>\n<p>Dans l\u2019\u00e9ventualit\u00e9 o\u00f9 l\u2019acheteur resterait en demeure d\u2019acquitter le montant de factur\u00e9 dans les 10<\/p>\n<p>jours apr\u00e8s avoir y \u00e9t\u00e9 mis en demeure par le vendeur par lettre recommand\u00e9e , le vendeur est en<\/p>\n<p>droit de rompre l\u2019achat de plein droit par simple lettre recommand\u00e9e. Le cas \u00e9ch\u00e9ant , l\u2019acheteur<\/p>\n<p>sera redevable d\u2019une indemnit\u00e9 de r\u00e9siliation de 20% du montant d\u2019achat avec un minimum de<\/p>\n<p>\u20ac50,00. Dans ce cas , le vendeur est endroit de reprendre les marchandises livr\u00e9es sans<\/p>\n<p>interventions du tribunal.<\/p>\n<p><strong>6. GARANTIE ET RESPONSABILITE<\/strong> : Les r\u00e9clamations des d\u00e9fauts apparents doivent nous \u00eatre<\/p>\n<p>signifi\u00e9es par \u00e9crit dans les 8 jours de la date de livraison. S\u2019il appert que Cyclosouvenir est<\/p>\n<p>responsable de l\u2019imperfection , la garantie se limite \u00e0 la r\u00e9paration ou au remplacement du mat\u00e9riel<\/p>\n<p>jug\u00e9 imparfait. Cyclosouvenir d\u00e9cline toute responsabilit\u00e9 concernant les cons\u00e9quences de quelque<\/p>\n<p>nature qu\u2019elles soient r\u00e9sultant directement ou indirectement d\u2019une finition d\u00e9faillante. Les<\/p>\n<p>marchandises \u00e0 retourner doivent nous \u00eatre renvoy\u00e9es FRANCO. Elles sont livr\u00e9es au d\u00e9part de nos<\/p>\n<p>magasins.<\/p>\n<p>L\u2019acheteur mettra le vendeur \u00e0 couvert de toutes r\u00e9clamations ou actions susceptibles d\u2019\u00eatre<\/p>\n<p>introduites par des tiers \u00e0 son encontre au titre des marchandises fournies.<\/p>\n<p><strong>7. CIRCONSTANCES LIBERATOIRES :<\/strong> Les circonstances lib\u00e9ratoires sont d\u2019application si elles<\/p>\n<p>surviennent apr\u00e8s la r\u00e9alisation du contrat et en emp\u00eachent l\u2019ex\u00e9cution : conflits du travail et de<\/p>\n<p>toutes autres circonstances telles qu\u2019incendie , mobilisation , saisie , embargo , interdiction de<\/p>\n<p>transfert de devises , r\u00e9volte , p\u00e9nurie de moyens de transport , p\u00e9nurie g\u00e9n\u00e9ralis\u00e9e de mati\u00e8res<\/p>\n<p>premi\u00e8res , restrictions de consommation d\u2019energie. La partie qui invoque les circonstances<\/p>\n<p>pr\u00e9cit\u00e9es est tenue d\u2019avertir imm\u00e9diatement l\u2019autre partie par \u00e9crit de leur survenance et de leur<\/p>\n<p>fin. La survenance de l\u2019une de ces circonstances d\u00e9charge le vendeur et l\u2019acheteur de toute<\/p>\n<p>responsabilit\u00e9.<\/p>\n<p><strong>8. LITIGES \u2013 JURIDICTION COMPETENTE :<\/strong> Tout contrat de vente est r\u00e9gi par le droit Belge . Tout litige entre le client et Cyclosouvenir sera soumis \u00e0 la comp\u00e9tence exclusive des tribunaux de<\/p>\n<p>l\u2019arrondissement dont rel\u00e8ve le si\u00e8ge de Cyclosouvenir.<\/p>\n<p><strong>9. PROTECTION :<\/strong> Les dessins b\u00e9n\u00e9ficient de la protection du droit d\u2019auteur et ne peuvent \u00eatre<\/p>\n<p>reproduits ou utiliser sans l&rsquo;autorisation explicite et \u00e9crite de cyclosouvenir.<\/p>\n<p>En cas de litige concernant l\u2019interpr\u00e9tation des pr\u00e9sentes conditions g\u00e9n\u00e9rales de vente la version<\/p>\n<p>n\u00e9erlandaise aura pr\u00e9s\u00e9ance<\/p>\n<p>[\/et_pb_text][\/et_pb_column][\/et_pb_row][\/et_pb_section]<\/p>\n","protected":false},"excerpt":{"rendered":"<p>Termes et conditions &nbsp; TOUTES NOS LIVRAISONS SONT SUBORDONNEES AUX CONDITIONS DE VENTE DECRITES CI\u2010APRES.TOUTE DEROGATION A CES CONDITIONS DOIT ETRE CONFIRMEE PAR ECRIT PAR CYCLOSOUVENIR 1. Le placement d\u2019une commande suppose l\u2019acceptation de nos conditions g\u00e9n\u00e9rales de vente et d\u00e9ni des conditions d\u2019achat propres. Toutes d\u00e9rogation \u00e0 cette disposition doit \u00eatre signifi\u00e9e par \u00e9crit [&hellip;]<\/p>\n","protected":false},"author":1,"featured_media":0,"parent":0,"menu_order":0,"comment_status":"closed","ping_status":"closed","template":"","meta":{"_et_pb_use_builder":"on","_et_pb_old_content":"","_et_gb_content_width":"","footnotes":""},"class_list":["post-10274","page","type-page","status-publish","hentry"],"yoast_head":"<!-- This site is optimized with the Yoast SEO plugin v26.2 - https:\/\/yoast.com\/wordpress\/plugins\/seo\/ -->\n<title>Termes et conditions - Cyclosouvenir<\/title>\n<meta name=\"robots\" content=\"index, follow, max-snippet:-1, max-image-preview:large, max-video-preview:-1\" \/>\n<link rel=\"canonical\" href=\"https:\/\/www.cyclosouvenir.be\/fr\/algemene-voorwaarden\/\" \/>\n<meta property=\"og:locale\" content=\"fr_FR\" \/>\n<meta property=\"og:type\" content=\"article\" \/>\n<meta property=\"og:title\" content=\"Termes et conditions - Cyclosouvenir\" \/>\n<meta property=\"og:description\" content=\"Termes et conditions &nbsp; TOUTES NOS LIVRAISONS SONT SUBORDONNEES AUX CONDITIONS DE VENTE DECRITES CI\u2010APRES.TOUTE DEROGATION A CES CONDITIONS DOIT ETRE CONFIRMEE PAR ECRIT PAR CYCLOSOUVENIR 1. Le placement d\u2019une commande suppose l\u2019acceptation de nos conditions g\u00e9n\u00e9rales de vente et d\u00e9ni des conditions d\u2019achat propres. Toutes d\u00e9rogation \u00e0 cette disposition doit \u00eatre signifi\u00e9e par \u00e9crit [&hellip;]\" \/>\n<meta property=\"og:url\" content=\"https:\/\/www.cyclosouvenir.be\/fr\/algemene-voorwaarden\/\" \/>\n<meta property=\"og:site_name\" content=\"Cyclosouvenir\" \/>\n<meta property=\"article:modified_time\" content=\"2024-02-07T13:02:18+00:00\" \/>\n<meta name=\"twitter:card\" content=\"summary_large_image\" \/>\n<meta name=\"twitter:label1\" content=\"Dur\u00e9e de lecture estim\u00e9e\" \/>\n\t<meta name=\"twitter:data1\" content=\"5 minutes\" \/>\n<script type=\"application\/ld+json\" class=\"yoast-schema-graph\">{\"@context\":\"https:\/\/schema.org\",\"@graph\":[{\"@type\":\"WebPage\",\"@id\":\"https:\/\/www.cyclosouvenir.be\/fr\/algemene-voorwaarden\/\",\"url\":\"https:\/\/www.cyclosouvenir.be\/fr\/algemene-voorwaarden\/\",\"name\":\"Termes et conditions - Cyclosouvenir\",\"isPartOf\":{\"@id\":\"https:\/\/www.cyclosouvenir.be\/fr\/#website\"},\"datePublished\":\"2024-02-02T11:58:22+00:00\",\"dateModified\":\"2024-02-07T13:02:18+00:00\",\"breadcrumb\":{\"@id\":\"https:\/\/www.cyclosouvenir.be\/fr\/algemene-voorwaarden\/#breadcrumb\"},\"inLanguage\":\"fr-FR\",\"potentialAction\":[{\"@type\":\"ReadAction\",\"target\":[\"https:\/\/www.cyclosouvenir.be\/fr\/algemene-voorwaarden\/\"]}]},{\"@type\":\"BreadcrumbList\",\"@id\":\"https:\/\/www.cyclosouvenir.be\/fr\/algemene-voorwaarden\/#breadcrumb\",\"itemListElement\":[{\"@type\":\"ListItem\",\"position\":1,\"name\":\"Home\",\"item\":\"https:\/\/www.cyclosouvenir.be\/fr\/\"},{\"@type\":\"ListItem\",\"position\":2,\"name\":\"Termes et conditions\"}]},{\"@type\":\"WebSite\",\"@id\":\"https:\/\/www.cyclosouvenir.be\/fr\/#website\",\"url\":\"https:\/\/www.cyclosouvenir.be\/fr\/\",\"name\":\"Cyclosouvenir\",\"description\":\"De trofee voor een memorabele beklimming.\",\"publisher\":{\"@id\":\"https:\/\/www.cyclosouvenir.be\/fr\/#organization\"},\"potentialAction\":[{\"@type\":\"SearchAction\",\"target\":{\"@type\":\"EntryPoint\",\"urlTemplate\":\"https:\/\/www.cyclosouvenir.be\/fr\/?s={search_term_string}\"},\"query-input\":{\"@type\":\"PropertyValueSpecification\",\"valueRequired\":true,\"valueName\":\"search_term_string\"}}],\"inLanguage\":\"fr-FR\"},{\"@type\":\"Organization\",\"@id\":\"https:\/\/www.cyclosouvenir.be\/fr\/#organization\",\"name\":\"Cyclosouvenir\",\"url\":\"https:\/\/www.cyclosouvenir.be\/fr\/\",\"logo\":{\"@type\":\"ImageObject\",\"inLanguage\":\"fr-FR\",\"@id\":\"https:\/\/www.cyclosouvenir.be\/fr\/#\/schema\/logo\/image\/\",\"url\":\"https:\/\/www.cyclosouvenir.be\/wp-content\/uploads\/2024\/02\/Cyclosouvenir_Banner-removebg-preview.png\",\"contentUrl\":\"https:\/\/www.cyclosouvenir.be\/wp-content\/uploads\/2024\/02\/Cyclosouvenir_Banner-removebg-preview.png\",\"width\":997,\"height\":250,\"caption\":\"Cyclosouvenir\"},\"image\":{\"@id\":\"https:\/\/www.cyclosouvenir.be\/fr\/#\/schema\/logo\/image\/\"}}]}<\/script>\n<!-- \/ Yoast SEO plugin. -->","yoast_head_json":{"title":"Termes et conditions - Cyclosouvenir","robots":{"index":"index","follow":"follow","max-snippet":"max-snippet:-1","max-image-preview":"max-image-preview:large","max-video-preview":"max-video-preview:-1"},"canonical":"https:\/\/www.cyclosouvenir.be\/fr\/algemene-voorwaarden\/","og_locale":"fr_FR","og_type":"article","og_title":"Termes et conditions - Cyclosouvenir","og_description":"Termes et conditions &nbsp; TOUTES NOS LIVRAISONS SONT SUBORDONNEES AUX CONDITIONS DE VENTE DECRITES CI\u2010APRES.TOUTE DEROGATION A CES CONDITIONS DOIT ETRE CONFIRMEE PAR ECRIT PAR CYCLOSOUVENIR 1. Le placement d\u2019une commande suppose l\u2019acceptation de nos conditions g\u00e9n\u00e9rales de vente et d\u00e9ni des conditions d\u2019achat propres. Toutes d\u00e9rogation \u00e0 cette disposition doit \u00eatre signifi\u00e9e par \u00e9crit [&hellip;]","og_url":"https:\/\/www.cyclosouvenir.be\/fr\/algemene-voorwaarden\/","og_site_name":"Cyclosouvenir","article_modified_time":"2024-02-07T13:02:18+00:00","twitter_card":"summary_large_image","twitter_misc":{"Dur\u00e9e de lecture estim\u00e9e":"5 minutes"},"schema":{"@context":"https:\/\/schema.org","@graph":[{"@type":"WebPage","@id":"https:\/\/www.cyclosouvenir.be\/fr\/algemene-voorwaarden\/","url":"https:\/\/www.cyclosouvenir.be\/fr\/algemene-voorwaarden\/","name":"Termes et conditions - Cyclosouvenir","isPartOf":{"@id":"https:\/\/www.cyclosouvenir.be\/fr\/#website"},"datePublished":"2024-02-02T11:58:22+00:00","dateModified":"2024-02-07T13:02:18+00:00","breadcrumb":{"@id":"https:\/\/www.cyclosouvenir.be\/fr\/algemene-voorwaarden\/#breadcrumb"},"inLanguage":"fr-FR","potentialAction":[{"@type":"ReadAction","target":["https:\/\/www.cyclosouvenir.be\/fr\/algemene-voorwaarden\/"]}]},{"@type":"BreadcrumbList","@id":"https:\/\/www.cyclosouvenir.be\/fr\/algemene-voorwaarden\/#breadcrumb","itemListElement":[{"@type":"ListItem","position":1,"name":"Home","item":"https:\/\/www.cyclosouvenir.be\/fr\/"},{"@type":"ListItem","position":2,"name":"Termes et conditions"}]},{"@type":"WebSite","@id":"https:\/\/www.cyclosouvenir.be\/fr\/#website","url":"https:\/\/www.cyclosouvenir.be\/fr\/","name":"Cyclosouvenir","description":"De trofee voor een memorabele beklimming.","publisher":{"@id":"https:\/\/www.cyclosouvenir.be\/fr\/#organization"},"potentialAction":[{"@type":"SearchAction","target":{"@type":"EntryPoint","urlTemplate":"https:\/\/www.cyclosouvenir.be\/fr\/?s={search_term_string}"},"query-input":{"@type":"PropertyValueSpecification","valueRequired":true,"valueName":"search_term_string"}}],"inLanguage":"fr-FR"},{"@type":"Organization","@id":"https:\/\/www.cyclosouvenir.be\/fr\/#organization","name":"Cyclosouvenir","url":"https:\/\/www.cyclosouvenir.be\/fr\/","logo":{"@type":"ImageObject","inLanguage":"fr-FR","@id":"https:\/\/www.cyclosouvenir.be\/fr\/#\/schema\/logo\/image\/","url":"https:\/\/www.cyclosouvenir.be\/wp-content\/uploads\/2024\/02\/Cyclosouvenir_Banner-removebg-preview.png","contentUrl":"https:\/\/www.cyclosouvenir.be\/wp-content\/uploads\/2024\/02\/Cyclosouvenir_Banner-removebg-preview.png","width":997,"height":250,"caption":"Cyclosouvenir"},"image":{"@id":"https:\/\/www.cyclosouvenir.be\/fr\/#\/schema\/logo\/image\/"}}]}},"_links":{"self":[{"href":"https:\/\/www.cyclosouvenir.be\/fr\/wp-json\/wp\/v2\/pages\/10274","targetHints":{"allow":["GET"]}}],"collection":[{"href":"https:\/\/www.cyclosouvenir.be\/fr\/wp-json\/wp\/v2\/pages"}],"about":[{"href":"https:\/\/www.cyclosouvenir.be\/fr\/wp-json\/wp\/v2\/types\/page"}],"author":[{"embeddable":true,"href":"https:\/\/www.cyclosouvenir.be\/fr\/wp-json\/wp\/v2\/users\/1"}],"replies":[{"embeddable":true,"href":"https:\/\/www.cyclosouvenir.be\/fr\/wp-json\/wp\/v2\/comments?post=10274"}],"version-history":[{"count":7,"href":"https:\/\/www.cyclosouvenir.be\/fr\/wp-json\/wp\/v2\/pages\/10274\/revisions"}],"predecessor-version":[{"id":10302,"href":"https:\/\/www.cyclosouvenir.be\/fr\/wp-json\/wp\/v2\/pages\/10274\/revisions\/10302"}],"wp:attachment":[{"href":"https:\/\/www.cyclosouvenir.be\/fr\/wp-json\/wp\/v2\/media?parent=10274"}],"curies":[{"name":"wp","href":"https:\/\/api.w.org\/{rel}","templated":true}]}}