{"id":10965,"date":"2024-03-11T09:10:23","date_gmt":"2024-03-11T09:10:23","guid":{"rendered":"https:\/\/demo9.inetproductions.be\/product\/berg-ten-houte-rvv\/"},"modified":"2025-07-13T09:18:14","modified_gmt":"2025-07-13T09:18:14","slug":"berg-ten-houte-rvv","status":"publish","type":"product","link":"https:\/\/www.cyclosouvenir.be\/fr\/produit\/berg-ten-houte-rvv\/","title":{"rendered":"Berg Ten Houte &#8211; RVV"},"content":{"rendered":"<p>[et_pb_section fb_built=\u00a0\u00bb1&Prime; _builder_version=\u00a0\u00bb4.16&Prime; custom_padding=\u00a0\u00bb0px||||false|false\u00a0\u00bb global_colors_info=\u00a0\u00bb{}\u00a0\u00bb][et_pb_row _builder_version=\u00a0\u00bb4.16&Prime; background_size=\u00a0\u00bbinitial\u00a0\u00bb background_position=\u00a0\u00bbtop_left\u00a0\u00bb background_repeat=\u00a0\u00bbrepeat\u00a0\u00bb width=\u00a0\u00bb100%\u00a0\u00bb custom_padding=\u00a0\u00bb0px||0px||false|false\u00a0\u00bb global_colors_info=\u00a0\u00bb{}\u00a0\u00bb][et_pb_column type=\u00a0\u00bb4_4&Prime; _builder_version=\u00a0\u00bb4.16&Prime; custom_padding=\u00a0\u00bb|||\u00a0\u00bb global_colors_info=\u00a0\u00bb{}\u00a0\u00bb custom_padding__hover=\u00a0\u00bb|||\u00a0\u00bb][et_pb_wc_breadcrumb _builder_version=\u00a0\u00bb4.16&Prime; global_colors_info=\u00a0\u00bb{}\u00a0\u00bb][\/et_pb_wc_breadcrumb][et_pb_wc_cart_notice _builder_version=\u00a0\u00bb4.16&Prime; global_colors_info=\u00a0\u00bb{}\u00a0\u00bb][\/et_pb_wc_cart_notice][\/et_pb_column][\/et_pb_row][et_pb_row column_structure=\u00a0\u00bb1_2,1_2&Prime; _builder_version=\u00a0\u00bb4.16&Prime; background_size=\u00a0\u00bbinitial\u00a0\u00bb background_position=\u00a0\u00bbtop_left\u00a0\u00bb background_repeat=\u00a0\u00bbrepeat\u00a0\u00bb width=\u00a0\u00bb100%\u00a0\u00bb custom_padding=\u00a0\u00bb0px||||false|false\u00a0\u00bb global_colors_info=\u00a0\u00bb{}\u00a0\u00bb][et_pb_column type=\u00a0\u00bb1_2&Prime; _builder_version=\u00a0\u00bb4.16&Prime; custom_padding=\u00a0\u00bb|||\u00a0\u00bb global_colors_info=\u00a0\u00bb{}\u00a0\u00bb custom_padding__hover=\u00a0\u00bb|||\u00a0\u00bb][et_pb_wc_images _builder_version=\u00a0\u00bb4.16&Prime; global_colors_info=\u00a0\u00bb{}\u00a0\u00bb][\/et_pb_wc_images][\/et_pb_column][et_pb_column type=\u00a0\u00bb1_2&Prime; _builder_version=\u00a0\u00bb4.16&Prime; custom_padding=\u00a0\u00bb|||\u00a0\u00bb global_colors_info=\u00a0\u00bb{}\u00a0\u00bb custom_padding__hover=\u00a0\u00bb|||\u00a0\u00bb][et_pb_wc_title _builder_version=\u00a0\u00bb4.16&Prime; global_colors_info=\u00a0\u00bb{}\u00a0\u00bb][\/et_pb_wc_title][et_pb_wc_rating _builder_version=\u00a0\u00bb4.16&Prime; global_colors_info=\u00a0\u00bb{}\u00a0\u00bb][\/et_pb_wc_rating][et_pb_wc_price _builder_version=\u00a0\u00bb4.16&Prime; global_colors_info=\u00a0\u00bb{}\u00a0\u00bb][\/et_pb_wc_price][et_pb_wc_description _builder_version=\u00a0\u00bb4.16&Prime; global_colors_info=\u00a0\u00bb{}\u00a0\u00bb][\/et_pb_wc_description][et_pb_wc_add_to_cart _builder_version=\u00a0\u00bb4.16&Prime; global_colors_info=\u00a0\u00bb{}\u00a0\u00bb][\/et_pb_wc_add_to_cart][et_pb_wc_meta _builder_version=\u00a0\u00bb4.16&Prime; global_colors_info=\u00a0\u00bb{}\u00a0\u00bb][\/et_pb_wc_meta][\/et_pb_column][\/et_pb_row][et_pb_row _builder_version=\u00a0\u00bb4.16&Prime; background_size=\u00a0\u00bbinitial\u00a0\u00bb background_position=\u00a0\u00bbtop_left\u00a0\u00bb background_repeat=\u00a0\u00bbrepeat\u00a0\u00bb width=\u00a0\u00bb100%\u00a0\u00bb global_colors_info=\u00a0\u00bb{}\u00a0\u00bb][et_pb_column type=\u00a0\u00bb4_4&Prime; _builder_version=\u00a0\u00bb4.16&Prime; custom_padding=\u00a0\u00bb|||\u00a0\u00bb global_colors_info=\u00a0\u00bb{}\u00a0\u00bb custom_padding__hover=\u00a0\u00bb|||\u00a0\u00bb][et_pb_wc_tabs _builder_version=\u00a0\u00bb4.16&Prime; global_colors_info=\u00a0\u00bb{}\u00a0\u00bb]\t\t\t\t\t[\/et_pb_wc_tabs][et_pb_wc_upsells _builder_version=\u00a0\u00bb4.16&Prime; global_colors_info=\u00a0\u00bb{}\u00a0\u00bb][\/et_pb_wc_upsells][et_pb_wc_related_products _builder_version=\u00a0\u00bb4.16&Prime; global_colors_info=\u00a0\u00bb{}\u00a0\u00bb][\/et_pb_wc_related_products][\/et_pb_column][\/et_pb_row][\/et_pb_section]<\/p>\n","protected":false},"excerpt":{"rendered":"<p>Berg ten Houte est un versant des Ardennes flamandes situ\u00e9 \u00e0 la limite de Schorisse et de Ronse. La rampe asphalt\u00e9e a \u00e9t\u00e9 repav\u00e9e en pav\u00e9s en 2018 en raison de son mauvais \u00e9tat. Berg ten Houte a particip\u00e9 12 fois au Tour des Flandres (1982-1990, 2021-2023). La pente a toujours \u00e9t\u00e9 gravie entre Taaienberg et Kouterberg de 1982 \u00e0 1990, puis Eikenberg. Par ailleurs, Kouterberg n&rsquo;a \u00e9t\u00e9 officiellement mentionn\u00e9 dans le livre des courses qu&rsquo;en 1990. En 2021, Berg ten Houte sera la dixi\u00e8me piste entre Valkenberg et Kanarieberg. Berg ten Houte a \u00e9galement particip\u00e9 \u00e0 l&rsquo;E3 Harelbeke \u00e0 plusieurs reprises, la derni\u00e8re fois en 2013. \u00c0 partir de 2019, la piste &#8211; d\u00e9sormais r\u00e9alis\u00e9e en pav\u00e9s &#8211; sera incluse dans Dwars door Vlaanderen. En 2022, elle sera incluse pour la premi\u00e8re fois dans Kuurne-Bruxelles-Kuurne, et en 2023 et 2024, elle sera \u00e0 nouveau incluse dans le parcours de cette course. En 2023, un banc a \u00e9t\u00e9 install\u00e9 avec l&rsquo;inscription Sit and have a rest on my favourite climb en l&rsquo;honneur d&rsquo;Allan Peiper, qui vit \u00e0 Maarkedal.[<\/p>\n<p>Avec l&rsquo;aimable autorisation de Wikipedia<\/p>\n<p>1]<img loading=\"lazy\" decoding=\"async\" class=\"mw-mmv-final-image jpg mw-mmv-dialog-is-open\" src=\"https:\/\/upload.wikimedia.org\/wikipedia\/commons\/thumb\/6\/6d\/Berg_ten_Houte_09.jpg\/1920px-Berg_ten_Houte_09.jpg\" alt=\"Berg ten Houte\" width=\"1432\" height=\"953\"><\/p>\n","protected":false},"featured_media":10658,"comment_status":"open","ping_status":"closed","template":"","meta":{"_et_pb_use_builder":"off","_et_pb_old_content":"","_et_gb_content_width":""},"product_brand":[],"product_cat":[3512,3521,306],"product_tag":[],"class_list":{"0":"post-10965","1":"product","2":"type-product","3":"status-publish","4":"has-post-thumbnail","6":"product_cat-belgique-fr","7":"product_cat-tour-de-flandre","8":"product_cat-bornes","9":"tm-has-options","11":"first","12":"instock","13":"taxable","14":"shipping-taxable","15":"purchasable","16":"product-type-simple"},"yoast_head":"<!-- This site is optimized with the Yoast SEO plugin v26.2 - https:\/\/yoast.com\/wordpress\/plugins\/seo\/ -->\n<title>Berg Ten Houte - RVV - Cyclosouvenir<\/title>\n<meta name=\"robots\" content=\"index, follow, max-snippet:-1, max-image-preview:large, max-video-preview:-1\" \/>\n<link rel=\"canonical\" href=\"https:\/\/www.cyclosouvenir.be\/fr\/produit\/berg-ten-houte-rvv\/\" \/>\n<meta property=\"og:locale\" content=\"fr_FR\" \/>\n<meta property=\"og:type\" content=\"article\" \/>\n<meta property=\"og:title\" content=\"Berg Ten Houte - RVV - Cyclosouvenir\" \/>\n<meta property=\"og:description\" content=\"Berg ten Houte est un versant des Ardennes flamandes situ\u00e9 \u00e0 la limite de Schorisse et de Ronse. La rampe asphalt\u00e9e a \u00e9t\u00e9 repav\u00e9e en pav\u00e9s en 2018 en raison de son mauvais \u00e9tat. Berg ten Houte a particip\u00e9 12 fois au Tour des Flandres (1982-1990, 2021-2023). La pente a toujours \u00e9t\u00e9 gravie entre Taaienberg et Kouterberg de 1982 \u00e0 1990, puis Eikenberg. Par ailleurs, Kouterberg n&#039;a \u00e9t\u00e9 officiellement mentionn\u00e9 dans le livre des courses qu&#039;en 1990. En 2021, Berg ten Houte sera la dixi\u00e8me piste entre Valkenberg et Kanarieberg. Berg ten Houte a \u00e9galement particip\u00e9 \u00e0 l&#039;E3 Harelbeke \u00e0 plusieurs reprises, la derni\u00e8re fois en 2013. \u00c0 partir de 2019, la piste - d\u00e9sormais r\u00e9alis\u00e9e en pav\u00e9s - sera incluse dans Dwars door Vlaanderen. En 2022, elle sera incluse pour la premi\u00e8re fois dans Kuurne-Bruxelles-Kuurne, et en 2023 et 2024, elle sera \u00e0 nouveau incluse dans le parcours de cette course. En 2023, un banc a \u00e9t\u00e9 install\u00e9 avec l&#039;inscription Sit and have a rest on my favourite climb en l&#039;honneur d&#039;Allan Peiper, qui vit \u00e0 Maarkedal.[ Avec l&#039;aimable autorisation de Wikipedia 1]\" \/>\n<meta property=\"og:url\" content=\"https:\/\/www.cyclosouvenir.be\/fr\/produit\/berg-ten-houte-rvv\/\" \/>\n<meta property=\"og:site_name\" content=\"Cyclosouvenir\" \/>\n<meta property=\"article:modified_time\" content=\"2025-07-13T09:18:14+00:00\" \/>\n<meta property=\"og:image\" content=\"https:\/\/www.cyclosouvenir.be\/wp-content\/uploads\/2024\/02\/Berg_ten_Houte.png\" \/>\n\t<meta property=\"og:image:width\" content=\"250\" \/>\n\t<meta property=\"og:image:height\" content=\"300\" \/>\n\t<meta property=\"og:image:type\" content=\"image\/png\" \/>\n<meta name=\"twitter:card\" content=\"summary_large_image\" \/>\n<meta name=\"twitter:label1\" content=\"Dur\u00e9e de lecture estim\u00e9e\" \/>\n\t<meta name=\"twitter:data1\" content=\"2 minutes\" \/>\n<script type=\"application\/ld+json\" class=\"yoast-schema-graph\">{\"@context\":\"https:\/\/schema.org\",\"@graph\":[{\"@type\":\"WebPage\",\"@id\":\"https:\/\/www.cyclosouvenir.be\/fr\/produit\/berg-ten-houte-rvv\/\",\"url\":\"https:\/\/www.cyclosouvenir.be\/fr\/produit\/berg-ten-houte-rvv\/\",\"name\":\"Berg Ten Houte - RVV - Cyclosouvenir\",\"isPartOf\":{\"@id\":\"https:\/\/www.cyclosouvenir.be\/fr\/#website\"},\"primaryImageOfPage\":{\"@id\":\"https:\/\/www.cyclosouvenir.be\/fr\/produit\/berg-ten-houte-rvv\/#primaryimage\"},\"image\":{\"@id\":\"https:\/\/www.cyclosouvenir.be\/fr\/produit\/berg-ten-houte-rvv\/#primaryimage\"},\"thumbnailUrl\":\"https:\/\/www.cyclosouvenir.be\/wp-content\/uploads\/2024\/02\/Berg_ten_Houte.png\",\"datePublished\":\"2024-03-11T09:10:23+00:00\",\"dateModified\":\"2025-07-13T09:18:14+00:00\",\"breadcrumb\":{\"@id\":\"https:\/\/www.cyclosouvenir.be\/fr\/produit\/berg-ten-houte-rvv\/#breadcrumb\"},\"inLanguage\":\"fr-FR\",\"potentialAction\":[{\"@type\":\"ReadAction\",\"target\":[\"https:\/\/www.cyclosouvenir.be\/fr\/produit\/berg-ten-houte-rvv\/\"]}]},{\"@type\":\"ImageObject\",\"inLanguage\":\"fr-FR\",\"@id\":\"https:\/\/www.cyclosouvenir.be\/fr\/produit\/berg-ten-houte-rvv\/#primaryimage\",\"url\":\"https:\/\/www.cyclosouvenir.be\/wp-content\/uploads\/2024\/02\/Berg_ten_Houte.png\",\"contentUrl\":\"https:\/\/www.cyclosouvenir.be\/wp-content\/uploads\/2024\/02\/Berg_ten_Houte.png\",\"width\":250,\"height\":300},{\"@type\":\"BreadcrumbList\",\"@id\":\"https:\/\/www.cyclosouvenir.be\/fr\/produit\/berg-ten-houte-rvv\/#breadcrumb\",\"itemListElement\":[{\"@type\":\"ListItem\",\"position\":1,\"name\":\"Home\",\"item\":\"https:\/\/www.cyclosouvenir.be\/fr\/\"},{\"@type\":\"ListItem\",\"position\":2,\"name\":\"Boutique\",\"item\":\"https:\/\/www.cyclosouvenir.be\/fr\/boutique\/\"},{\"@type\":\"ListItem\",\"position\":3,\"name\":\"Berg Ten Houte &#8211; RVV\"}]},{\"@type\":\"WebSite\",\"@id\":\"https:\/\/www.cyclosouvenir.be\/fr\/#website\",\"url\":\"https:\/\/www.cyclosouvenir.be\/fr\/\",\"name\":\"Cyclosouvenir\",\"description\":\"De trofee voor een memorabele beklimming.\",\"publisher\":{\"@id\":\"https:\/\/www.cyclosouvenir.be\/fr\/#organization\"},\"potentialAction\":[{\"@type\":\"SearchAction\",\"target\":{\"@type\":\"EntryPoint\",\"urlTemplate\":\"https:\/\/www.cyclosouvenir.be\/fr\/?s={search_term_string}\"},\"query-input\":{\"@type\":\"PropertyValueSpecification\",\"valueRequired\":true,\"valueName\":\"search_term_string\"}}],\"inLanguage\":\"fr-FR\"},{\"@type\":\"Organization\",\"@id\":\"https:\/\/www.cyclosouvenir.be\/fr\/#organization\",\"name\":\"Cyclosouvenir\",\"url\":\"https:\/\/www.cyclosouvenir.be\/fr\/\",\"logo\":{\"@type\":\"ImageObject\",\"inLanguage\":\"fr-FR\",\"@id\":\"https:\/\/www.cyclosouvenir.be\/fr\/#\/schema\/logo\/image\/\",\"url\":\"https:\/\/www.cyclosouvenir.be\/wp-content\/uploads\/2024\/02\/Cyclosouvenir_Banner-removebg-preview.png\",\"contentUrl\":\"https:\/\/www.cyclosouvenir.be\/wp-content\/uploads\/2024\/02\/Cyclosouvenir_Banner-removebg-preview.png\",\"width\":997,\"height\":250,\"caption\":\"Cyclosouvenir\"},\"image\":{\"@id\":\"https:\/\/www.cyclosouvenir.be\/fr\/#\/schema\/logo\/image\/\"}}]}<\/script>\n<!-- \/ Yoast SEO plugin. -->","yoast_head_json":{"title":"Berg Ten Houte - RVV - Cyclosouvenir","robots":{"index":"index","follow":"follow","max-snippet":"max-snippet:-1","max-image-preview":"max-image-preview:large","max-video-preview":"max-video-preview:-1"},"canonical":"https:\/\/www.cyclosouvenir.be\/fr\/produit\/berg-ten-houte-rvv\/","og_locale":"fr_FR","og_type":"article","og_title":"Berg Ten Houte - RVV - Cyclosouvenir","og_description":"Berg ten Houte est un versant des Ardennes flamandes situ\u00e9 \u00e0 la limite de Schorisse et de Ronse. La rampe asphalt\u00e9e a \u00e9t\u00e9 repav\u00e9e en pav\u00e9s en 2018 en raison de son mauvais \u00e9tat. Berg ten Houte a particip\u00e9 12 fois au Tour des Flandres (1982-1990, 2021-2023). La pente a toujours \u00e9t\u00e9 gravie entre Taaienberg et Kouterberg de 1982 \u00e0 1990, puis Eikenberg. Par ailleurs, Kouterberg n'a \u00e9t\u00e9 officiellement mentionn\u00e9 dans le livre des courses qu'en 1990. En 2021, Berg ten Houte sera la dixi\u00e8me piste entre Valkenberg et Kanarieberg. Berg ten Houte a \u00e9galement particip\u00e9 \u00e0 l'E3 Harelbeke \u00e0 plusieurs reprises, la derni\u00e8re fois en 2013. \u00c0 partir de 2019, la piste - d\u00e9sormais r\u00e9alis\u00e9e en pav\u00e9s - sera incluse dans Dwars door Vlaanderen. En 2022, elle sera incluse pour la premi\u00e8re fois dans Kuurne-Bruxelles-Kuurne, et en 2023 et 2024, elle sera \u00e0 nouveau incluse dans le parcours de cette course. En 2023, un banc a \u00e9t\u00e9 install\u00e9 avec l'inscription Sit and have a rest on my favourite climb en l'honneur d'Allan Peiper, qui vit \u00e0 Maarkedal.[ Avec l'aimable autorisation de Wikipedia 1]","og_url":"https:\/\/www.cyclosouvenir.be\/fr\/produit\/berg-ten-houte-rvv\/","og_site_name":"Cyclosouvenir","article_modified_time":"2025-07-13T09:18:14+00:00","og_image":[{"width":250,"height":300,"url":"https:\/\/www.cyclosouvenir.be\/wp-content\/uploads\/2024\/02\/Berg_ten_Houte.png","type":"image\/png"}],"twitter_card":"summary_large_image","twitter_misc":{"Dur\u00e9e de lecture estim\u00e9e":"2 minutes"},"schema":{"@context":"https:\/\/schema.org","@graph":[{"@type":"WebPage","@id":"https:\/\/www.cyclosouvenir.be\/fr\/produit\/berg-ten-houte-rvv\/","url":"https:\/\/www.cyclosouvenir.be\/fr\/produit\/berg-ten-houte-rvv\/","name":"Berg Ten Houte - RVV - Cyclosouvenir","isPartOf":{"@id":"https:\/\/www.cyclosouvenir.be\/fr\/#website"},"primaryImageOfPage":{"@id":"https:\/\/www.cyclosouvenir.be\/fr\/produit\/berg-ten-houte-rvv\/#primaryimage"},"image":{"@id":"https:\/\/www.cyclosouvenir.be\/fr\/produit\/berg-ten-houte-rvv\/#primaryimage"},"thumbnailUrl":"https:\/\/www.cyclosouvenir.be\/wp-content\/uploads\/2024\/02\/Berg_ten_Houte.png","datePublished":"2024-03-11T09:10:23+00:00","dateModified":"2025-07-13T09:18:14+00:00","breadcrumb":{"@id":"https:\/\/www.cyclosouvenir.be\/fr\/produit\/berg-ten-houte-rvv\/#breadcrumb"},"inLanguage":"fr-FR","potentialAction":[{"@type":"ReadAction","target":["https:\/\/www.cyclosouvenir.be\/fr\/produit\/berg-ten-houte-rvv\/"]}]},{"@type":"ImageObject","inLanguage":"fr-FR","@id":"https:\/\/www.cyclosouvenir.be\/fr\/produit\/berg-ten-houte-rvv\/#primaryimage","url":"https:\/\/www.cyclosouvenir.be\/wp-content\/uploads\/2024\/02\/Berg_ten_Houte.png","contentUrl":"https:\/\/www.cyclosouvenir.be\/wp-content\/uploads\/2024\/02\/Berg_ten_Houte.png","width":250,"height":300},{"@type":"BreadcrumbList","@id":"https:\/\/www.cyclosouvenir.be\/fr\/produit\/berg-ten-houte-rvv\/#breadcrumb","itemListElement":[{"@type":"ListItem","position":1,"name":"Home","item":"https:\/\/www.cyclosouvenir.be\/fr\/"},{"@type":"ListItem","position":2,"name":"Boutique","item":"https:\/\/www.cyclosouvenir.be\/fr\/boutique\/"},{"@type":"ListItem","position":3,"name":"Berg Ten Houte &#8211; RVV"}]},{"@type":"WebSite","@id":"https:\/\/www.cyclosouvenir.be\/fr\/#website","url":"https:\/\/www.cyclosouvenir.be\/fr\/","name":"Cyclosouvenir","description":"De trofee voor een memorabele beklimming.","publisher":{"@id":"https:\/\/www.cyclosouvenir.be\/fr\/#organization"},"potentialAction":[{"@type":"SearchAction","target":{"@type":"EntryPoint","urlTemplate":"https:\/\/www.cyclosouvenir.be\/fr\/?s={search_term_string}"},"query-input":{"@type":"PropertyValueSpecification","valueRequired":true,"valueName":"search_term_string"}}],"inLanguage":"fr-FR"},{"@type":"Organization","@id":"https:\/\/www.cyclosouvenir.be\/fr\/#organization","name":"Cyclosouvenir","url":"https:\/\/www.cyclosouvenir.be\/fr\/","logo":{"@type":"ImageObject","inLanguage":"fr-FR","@id":"https:\/\/www.cyclosouvenir.be\/fr\/#\/schema\/logo\/image\/","url":"https:\/\/www.cyclosouvenir.be\/wp-content\/uploads\/2024\/02\/Cyclosouvenir_Banner-removebg-preview.png","contentUrl":"https:\/\/www.cyclosouvenir.be\/wp-content\/uploads\/2024\/02\/Cyclosouvenir_Banner-removebg-preview.png","width":997,"height":250,"caption":"Cyclosouvenir"},"image":{"@id":"https:\/\/www.cyclosouvenir.be\/fr\/#\/schema\/logo\/image\/"}}]}},"_links":{"self":[{"href":"https:\/\/www.cyclosouvenir.be\/fr\/wp-json\/wp\/v2\/product\/10965","targetHints":{"allow":["GET"]}}],"collection":[{"href":"https:\/\/www.cyclosouvenir.be\/fr\/wp-json\/wp\/v2\/product"}],"about":[{"href":"https:\/\/www.cyclosouvenir.be\/fr\/wp-json\/wp\/v2\/types\/product"}],"replies":[{"embeddable":true,"href":"https:\/\/www.cyclosouvenir.be\/fr\/wp-json\/wp\/v2\/comments?post=10965"}],"wp:featuredmedia":[{"embeddable":true,"href":"https:\/\/www.cyclosouvenir.be\/fr\/wp-json\/wp\/v2\/media\/10658"}],"wp:attachment":[{"href":"https:\/\/www.cyclosouvenir.be\/fr\/wp-json\/wp\/v2\/media?parent=10965"}],"wp:term":[{"taxonomy":"product_brand","embeddable":true,"href":"https:\/\/www.cyclosouvenir.be\/fr\/wp-json\/wp\/v2\/product_brand?post=10965"},{"taxonomy":"product_cat","embeddable":true,"href":"https:\/\/www.cyclosouvenir.be\/fr\/wp-json\/wp\/v2\/product_cat?post=10965"},{"taxonomy":"product_tag","embeddable":true,"href":"https:\/\/www.cyclosouvenir.be\/fr\/wp-json\/wp\/v2\/product_tag?post=10965"}],"curies":[{"name":"wp","href":"https:\/\/api.w.org\/{rel}","templated":true}]}}