{"id":11089,"date":"2024-02-13T11:38:51","date_gmt":"2024-02-13T11:38:51","guid":{"rendered":"https:\/\/demo9.inetproductions.be\/product\/peyragudes-arreau\/"},"modified":"2025-07-13T09:17:06","modified_gmt":"2025-07-13T09:17:06","slug":"peyragudes-arreau","status":"publish","type":"product","link":"https:\/\/www.cyclosouvenir.be\/fr\/produit\/peyragudes-arreau\/","title":{"rendered":"Peyragudes &#8211; Arreau"},"content":{"rendered":"","protected":false},"excerpt":{"rendered":"<p>Peyragudes est une station de sports d&rsquo;hiver des Pyr\u00e9n\u00e9es fran\u00e7aises situ\u00e9e dans les d\u00e9partements des Hautes-Pyr\u00e9n\u00e9es et de la Haute-Garonne en r\u00e9gion Occitanie.<\/p>\n<p>En 2022, l&rsquo;ascension de Peyragudes a \u00e9t\u00e9 r\u00e9alis\u00e9e pour la premi\u00e8re fois depuis l&rsquo;Armenteule. \u00c0 partir de l\u00e0, la mont\u00e9e est de 8 km \u00e0 une moyenne de 7,8 %. L&rsquo;\u00e9tape de Peyragudes a \u00e9t\u00e9 remport\u00e9e par le Slov\u00e8ne Tadej Poga\u010dar en 2022. Tadej Poga\u010dar avait roul\u00e9 en t\u00eate tout au long de la mont\u00e9e avec le Danois Jonas Vingegaard et son co\u00e9quipier am\u00e9ricain Brandon McNulty. Source : Wikipedia<\/p>\n","protected":false},"featured_media":1701,"comment_status":"closed","ping_status":"closed","template":"","meta":{"_et_pb_use_builder":"","_et_pb_old_content":"","_et_gb_content_width":""},"product_brand":[],"product_cat":[3503,3560,306],"product_tag":[],"class_list":{"0":"post-11089","1":"product","2":"type-product","3":"status-publish","4":"has-post-thumbnail","6":"product_cat-france-fr-2","7":"product_cat-les-pyrenees","8":"product_cat-bornes","9":"tm-has-options","11":"first","12":"instock","13":"taxable","14":"shipping-taxable","15":"purchasable","16":"product-type-simple"},"yoast_head":"<!-- This site is optimized with the Yoast SEO plugin v26.2 - https:\/\/yoast.com\/wordpress\/plugins\/seo\/ -->\n<title>Peyragudes - Arreau - Cyclosouvenir<\/title>\n<meta name=\"robots\" content=\"index, follow, max-snippet:-1, max-image-preview:large, max-video-preview:-1\" \/>\n<link rel=\"canonical\" href=\"https:\/\/www.cyclosouvenir.be\/fr\/produit\/peyragudes-arreau\/\" \/>\n<meta property=\"og:locale\" content=\"fr_FR\" \/>\n<meta property=\"og:type\" content=\"article\" \/>\n<meta property=\"og:title\" content=\"Peyragudes - Arreau - Cyclosouvenir\" \/>\n<meta property=\"og:description\" content=\"Peyragudes est une station de sports d&#039;hiver des Pyr\u00e9n\u00e9es fran\u00e7aises situ\u00e9e dans les d\u00e9partements des Hautes-Pyr\u00e9n\u00e9es et de la Haute-Garonne en r\u00e9gion Occitanie. En 2022, l&#039;ascension de Peyragudes a \u00e9t\u00e9 r\u00e9alis\u00e9e pour la premi\u00e8re fois depuis l&#039;Armenteule. \u00c0 partir de l\u00e0, la mont\u00e9e est de 8 km \u00e0 une moyenne de 7,8 %. L&#039;\u00e9tape de Peyragudes a \u00e9t\u00e9 remport\u00e9e par le Slov\u00e8ne Tadej Poga\u010dar en 2022. Tadej Poga\u010dar avait roul\u00e9 en t\u00eate tout au long de la mont\u00e9e avec le Danois Jonas Vingegaard et son co\u00e9quipier am\u00e9ricain Brandon McNulty. Source : Wikipedia\" \/>\n<meta property=\"og:url\" content=\"https:\/\/www.cyclosouvenir.be\/fr\/produit\/peyragudes-arreau\/\" \/>\n<meta property=\"og:site_name\" content=\"Cyclosouvenir\" \/>\n<meta property=\"article:modified_time\" content=\"2025-07-13T09:17:06+00:00\" \/>\n<meta property=\"og:image\" content=\"https:\/\/www.cyclosouvenir.be\/wp-content\/uploads\/2024\/02\/Peyragudes_Arreau.png\" \/>\n\t<meta property=\"og:image:width\" content=\"250\" \/>\n\t<meta property=\"og:image:height\" content=\"300\" \/>\n\t<meta property=\"og:image:type\" content=\"image\/png\" \/>\n<meta name=\"twitter:card\" content=\"summary_large_image\" \/>\n<script type=\"application\/ld+json\" class=\"yoast-schema-graph\">{\"@context\":\"https:\/\/schema.org\",\"@graph\":[{\"@type\":\"WebPage\",\"@id\":\"https:\/\/www.cyclosouvenir.be\/fr\/produit\/peyragudes-arreau\/\",\"url\":\"https:\/\/www.cyclosouvenir.be\/fr\/produit\/peyragudes-arreau\/\",\"name\":\"Peyragudes - Arreau - Cyclosouvenir\",\"isPartOf\":{\"@id\":\"https:\/\/www.cyclosouvenir.be\/fr\/#website\"},\"primaryImageOfPage\":{\"@id\":\"https:\/\/www.cyclosouvenir.be\/fr\/produit\/peyragudes-arreau\/#primaryimage\"},\"image\":{\"@id\":\"https:\/\/www.cyclosouvenir.be\/fr\/produit\/peyragudes-arreau\/#primaryimage\"},\"thumbnailUrl\":\"https:\/\/www.cyclosouvenir.be\/wp-content\/uploads\/2024\/02\/Peyragudes_Arreau.png\",\"datePublished\":\"2024-02-13T11:38:51+00:00\",\"dateModified\":\"2025-07-13T09:17:06+00:00\",\"breadcrumb\":{\"@id\":\"https:\/\/www.cyclosouvenir.be\/fr\/produit\/peyragudes-arreau\/#breadcrumb\"},\"inLanguage\":\"fr-FR\",\"potentialAction\":[{\"@type\":\"ReadAction\",\"target\":[\"https:\/\/www.cyclosouvenir.be\/fr\/produit\/peyragudes-arreau\/\"]}]},{\"@type\":\"ImageObject\",\"inLanguage\":\"fr-FR\",\"@id\":\"https:\/\/www.cyclosouvenir.be\/fr\/produit\/peyragudes-arreau\/#primaryimage\",\"url\":\"https:\/\/www.cyclosouvenir.be\/wp-content\/uploads\/2024\/02\/Peyragudes_Arreau.png\",\"contentUrl\":\"https:\/\/www.cyclosouvenir.be\/wp-content\/uploads\/2024\/02\/Peyragudes_Arreau.png\",\"width\":250,\"height\":300},{\"@type\":\"BreadcrumbList\",\"@id\":\"https:\/\/www.cyclosouvenir.be\/fr\/produit\/peyragudes-arreau\/#breadcrumb\",\"itemListElement\":[{\"@type\":\"ListItem\",\"position\":1,\"name\":\"Home\",\"item\":\"https:\/\/www.cyclosouvenir.be\/fr\/\"},{\"@type\":\"ListItem\",\"position\":2,\"name\":\"Boutique\",\"item\":\"https:\/\/www.cyclosouvenir.be\/fr\/boutique\/\"},{\"@type\":\"ListItem\",\"position\":3,\"name\":\"Peyragudes &#8211; Arreau\"}]},{\"@type\":\"WebSite\",\"@id\":\"https:\/\/www.cyclosouvenir.be\/fr\/#website\",\"url\":\"https:\/\/www.cyclosouvenir.be\/fr\/\",\"name\":\"Cyclosouvenir\",\"description\":\"De trofee voor een memorabele beklimming.\",\"publisher\":{\"@id\":\"https:\/\/www.cyclosouvenir.be\/fr\/#organization\"},\"potentialAction\":[{\"@type\":\"SearchAction\",\"target\":{\"@type\":\"EntryPoint\",\"urlTemplate\":\"https:\/\/www.cyclosouvenir.be\/fr\/?s={search_term_string}\"},\"query-input\":{\"@type\":\"PropertyValueSpecification\",\"valueRequired\":true,\"valueName\":\"search_term_string\"}}],\"inLanguage\":\"fr-FR\"},{\"@type\":\"Organization\",\"@id\":\"https:\/\/www.cyclosouvenir.be\/fr\/#organization\",\"name\":\"Cyclosouvenir\",\"url\":\"https:\/\/www.cyclosouvenir.be\/fr\/\",\"logo\":{\"@type\":\"ImageObject\",\"inLanguage\":\"fr-FR\",\"@id\":\"https:\/\/www.cyclosouvenir.be\/fr\/#\/schema\/logo\/image\/\",\"url\":\"https:\/\/www.cyclosouvenir.be\/wp-content\/uploads\/2024\/02\/Cyclosouvenir_Banner-removebg-preview.png\",\"contentUrl\":\"https:\/\/www.cyclosouvenir.be\/wp-content\/uploads\/2024\/02\/Cyclosouvenir_Banner-removebg-preview.png\",\"width\":997,\"height\":250,\"caption\":\"Cyclosouvenir\"},\"image\":{\"@id\":\"https:\/\/www.cyclosouvenir.be\/fr\/#\/schema\/logo\/image\/\"}}]}<\/script>\n<!-- \/ Yoast SEO plugin. -->","yoast_head_json":{"title":"Peyragudes - Arreau - Cyclosouvenir","robots":{"index":"index","follow":"follow","max-snippet":"max-snippet:-1","max-image-preview":"max-image-preview:large","max-video-preview":"max-video-preview:-1"},"canonical":"https:\/\/www.cyclosouvenir.be\/fr\/produit\/peyragudes-arreau\/","og_locale":"fr_FR","og_type":"article","og_title":"Peyragudes - Arreau - Cyclosouvenir","og_description":"Peyragudes est une station de sports d'hiver des Pyr\u00e9n\u00e9es fran\u00e7aises situ\u00e9e dans les d\u00e9partements des Hautes-Pyr\u00e9n\u00e9es et de la Haute-Garonne en r\u00e9gion Occitanie. En 2022, l'ascension de Peyragudes a \u00e9t\u00e9 r\u00e9alis\u00e9e pour la premi\u00e8re fois depuis l'Armenteule. \u00c0 partir de l\u00e0, la mont\u00e9e est de 8 km \u00e0 une moyenne de 7,8 %. L'\u00e9tape de Peyragudes a \u00e9t\u00e9 remport\u00e9e par le Slov\u00e8ne Tadej Poga\u010dar en 2022. Tadej Poga\u010dar avait roul\u00e9 en t\u00eate tout au long de la mont\u00e9e avec le Danois Jonas Vingegaard et son co\u00e9quipier am\u00e9ricain Brandon McNulty. Source : Wikipedia","og_url":"https:\/\/www.cyclosouvenir.be\/fr\/produit\/peyragudes-arreau\/","og_site_name":"Cyclosouvenir","article_modified_time":"2025-07-13T09:17:06+00:00","og_image":[{"width":250,"height":300,"url":"https:\/\/www.cyclosouvenir.be\/wp-content\/uploads\/2024\/02\/Peyragudes_Arreau.png","type":"image\/png"}],"twitter_card":"summary_large_image","schema":{"@context":"https:\/\/schema.org","@graph":[{"@type":"WebPage","@id":"https:\/\/www.cyclosouvenir.be\/fr\/produit\/peyragudes-arreau\/","url":"https:\/\/www.cyclosouvenir.be\/fr\/produit\/peyragudes-arreau\/","name":"Peyragudes - Arreau - Cyclosouvenir","isPartOf":{"@id":"https:\/\/www.cyclosouvenir.be\/fr\/#website"},"primaryImageOfPage":{"@id":"https:\/\/www.cyclosouvenir.be\/fr\/produit\/peyragudes-arreau\/#primaryimage"},"image":{"@id":"https:\/\/www.cyclosouvenir.be\/fr\/produit\/peyragudes-arreau\/#primaryimage"},"thumbnailUrl":"https:\/\/www.cyclosouvenir.be\/wp-content\/uploads\/2024\/02\/Peyragudes_Arreau.png","datePublished":"2024-02-13T11:38:51+00:00","dateModified":"2025-07-13T09:17:06+00:00","breadcrumb":{"@id":"https:\/\/www.cyclosouvenir.be\/fr\/produit\/peyragudes-arreau\/#breadcrumb"},"inLanguage":"fr-FR","potentialAction":[{"@type":"ReadAction","target":["https:\/\/www.cyclosouvenir.be\/fr\/produit\/peyragudes-arreau\/"]}]},{"@type":"ImageObject","inLanguage":"fr-FR","@id":"https:\/\/www.cyclosouvenir.be\/fr\/produit\/peyragudes-arreau\/#primaryimage","url":"https:\/\/www.cyclosouvenir.be\/wp-content\/uploads\/2024\/02\/Peyragudes_Arreau.png","contentUrl":"https:\/\/www.cyclosouvenir.be\/wp-content\/uploads\/2024\/02\/Peyragudes_Arreau.png","width":250,"height":300},{"@type":"BreadcrumbList","@id":"https:\/\/www.cyclosouvenir.be\/fr\/produit\/peyragudes-arreau\/#breadcrumb","itemListElement":[{"@type":"ListItem","position":1,"name":"Home","item":"https:\/\/www.cyclosouvenir.be\/fr\/"},{"@type":"ListItem","position":2,"name":"Boutique","item":"https:\/\/www.cyclosouvenir.be\/fr\/boutique\/"},{"@type":"ListItem","position":3,"name":"Peyragudes &#8211; Arreau"}]},{"@type":"WebSite","@id":"https:\/\/www.cyclosouvenir.be\/fr\/#website","url":"https:\/\/www.cyclosouvenir.be\/fr\/","name":"Cyclosouvenir","description":"De trofee voor een memorabele beklimming.","publisher":{"@id":"https:\/\/www.cyclosouvenir.be\/fr\/#organization"},"potentialAction":[{"@type":"SearchAction","target":{"@type":"EntryPoint","urlTemplate":"https:\/\/www.cyclosouvenir.be\/fr\/?s={search_term_string}"},"query-input":{"@type":"PropertyValueSpecification","valueRequired":true,"valueName":"search_term_string"}}],"inLanguage":"fr-FR"},{"@type":"Organization","@id":"https:\/\/www.cyclosouvenir.be\/fr\/#organization","name":"Cyclosouvenir","url":"https:\/\/www.cyclosouvenir.be\/fr\/","logo":{"@type":"ImageObject","inLanguage":"fr-FR","@id":"https:\/\/www.cyclosouvenir.be\/fr\/#\/schema\/logo\/image\/","url":"https:\/\/www.cyclosouvenir.be\/wp-content\/uploads\/2024\/02\/Cyclosouvenir_Banner-removebg-preview.png","contentUrl":"https:\/\/www.cyclosouvenir.be\/wp-content\/uploads\/2024\/02\/Cyclosouvenir_Banner-removebg-preview.png","width":997,"height":250,"caption":"Cyclosouvenir"},"image":{"@id":"https:\/\/www.cyclosouvenir.be\/fr\/#\/schema\/logo\/image\/"}}]}},"_links":{"self":[{"href":"https:\/\/www.cyclosouvenir.be\/fr\/wp-json\/wp\/v2\/product\/11089","targetHints":{"allow":["GET"]}}],"collection":[{"href":"https:\/\/www.cyclosouvenir.be\/fr\/wp-json\/wp\/v2\/product"}],"about":[{"href":"https:\/\/www.cyclosouvenir.be\/fr\/wp-json\/wp\/v2\/types\/product"}],"replies":[{"embeddable":true,"href":"https:\/\/www.cyclosouvenir.be\/fr\/wp-json\/wp\/v2\/comments?post=11089"}],"wp:featuredmedia":[{"embeddable":true,"href":"https:\/\/www.cyclosouvenir.be\/fr\/wp-json\/wp\/v2\/media\/1701"}],"wp:attachment":[{"href":"https:\/\/www.cyclosouvenir.be\/fr\/wp-json\/wp\/v2\/media?parent=11089"}],"wp:term":[{"taxonomy":"product_brand","embeddable":true,"href":"https:\/\/www.cyclosouvenir.be\/fr\/wp-json\/wp\/v2\/product_brand?post=11089"},{"taxonomy":"product_cat","embeddable":true,"href":"https:\/\/www.cyclosouvenir.be\/fr\/wp-json\/wp\/v2\/product_cat?post=11089"},{"taxonomy":"product_tag","embeddable":true,"href":"https:\/\/www.cyclosouvenir.be\/fr\/wp-json\/wp\/v2\/product_tag?post=11089"}],"curies":[{"name":"wp","href":"https:\/\/api.w.org\/{rel}","templated":true}]}}