{"id":11147,"date":"2024-02-13T11:38:43","date_gmt":"2024-02-13T11:38:43","guid":{"rendered":"https:\/\/demo9.inetproductions.be\/product\/passo-dell-aprica-edolo\/"},"modified":"2025-07-13T09:20:04","modified_gmt":"2025-07-13T09:20:04","slug":"passo-dell-aprica-edolo","status":"publish","type":"product","link":"https:\/\/www.cyclosouvenir.be\/fr\/produit\/passo-dell-aprica-edolo\/","title":{"rendered":"Passo dell&rsquo; Aprica &#8211; Edolo"},"content":{"rendered":"","protected":false},"excerpt":{"rendered":"<p>L&rsquo;<b>Apricapas<\/b> (italien : <i>Passo dell&rsquo;Aprica<\/i>) est un col de montagne italien de 1176 m\u00e8tres d&rsquo;altitude qui relie <a title=\"Teglio\" href=\"https:\/\/nl.wikipedia.org\/wiki\/Teglio\">Teglio<\/a> dans la <a title=\"Valtellina\" href=\"https:\/\/nl.wikipedia.org\/wiki\/Valtellina\">Valtellina<\/a> et <a title=\"Edolo\" href=\"https:\/\/nl.wikipedia.org\/wiki\/Edolo\">Edolo<\/a> dans la <a title=\"Val Camonica\" href=\"https:\/\/nl.wikipedia.org\/wiki\/Val_Camonica\">Val Camonica<\/a>. Au sommet du col se trouve le village d&rsquo;Aprica, qui est une importante station de sports d&rsquo;hiver en hiver. <\/p>\n<p>La hauteur du col est accessible des deux c\u00f4t\u00e9s par une route bien am\u00e9nag\u00e9e et pas trop raide. Sur le versant ouest, on a une vue sur la large Valteline pendant la mont\u00e9e. <\/p>\n<p>Juste \u00e0 l&rsquo;est du sommet, une petite route bifurque vers le nord et m\u00e8ne, via le hameau de <i>Trivigno<\/i>, au <a title=\"Mortirolopas\" href=\"https:\/\/nl.wikipedia.org\/wiki\/Mortirolopas\">Mortirolopas<\/a>, tr\u00e8s fr\u00e9quent\u00e9 par les cyclistes. Cette route zigzague le long de la cr\u00eate dont le Monte Cadi (2449 m\u00e8tres) est le point culminant.  Source : Wikipedia<\/p>\n","protected":false},"featured_media":1621,"comment_status":"closed","ping_status":"closed","template":"","meta":{"_et_pb_use_builder":"","_et_pb_old_content":"","_et_gb_content_width":""},"product_brand":[],"product_cat":[3507,3572,306],"product_tag":[],"class_list":{"0":"post-11147","1":"product","2":"type-product","3":"status-publish","4":"has-post-thumbnail","6":"product_cat-italie","7":"product_cat-lombardie-fr","8":"product_cat-bornes","9":"tm-has-options","11":"first","12":"instock","13":"taxable","14":"shipping-taxable","15":"purchasable","16":"product-type-simple"},"yoast_head":"<!-- This site is optimized with the Yoast SEO plugin v26.2 - https:\/\/yoast.com\/wordpress\/plugins\/seo\/ -->\n<title>Passo dell&#039; Aprica - Edolo - Cyclosouvenir<\/title>\n<meta name=\"robots\" content=\"index, follow, max-snippet:-1, max-image-preview:large, max-video-preview:-1\" \/>\n<link rel=\"canonical\" href=\"https:\/\/www.cyclosouvenir.be\/fr\/produit\/passo-dell-aprica-edolo\/\" \/>\n<meta property=\"og:locale\" content=\"fr_FR\" \/>\n<meta property=\"og:type\" content=\"article\" \/>\n<meta property=\"og:title\" content=\"Passo dell&#039; Aprica - Edolo - Cyclosouvenir\" \/>\n<meta property=\"og:description\" content=\"L&#039;Apricapas (italien : Passo dell&#039;Aprica) est un col de montagne italien de 1176 m\u00e8tres d&#039;altitude qui relie Teglio dans la Valtellina et Edolo dans la Val Camonica. Au sommet du col se trouve le village d&#039;Aprica, qui est une importante station de sports d&#039;hiver en hiver.  La hauteur du col est accessible des deux c\u00f4t\u00e9s par une route bien am\u00e9nag\u00e9e et pas trop raide. Sur le versant ouest, on a une vue sur la large Valteline pendant la mont\u00e9e.  Juste \u00e0 l&#039;est du sommet, une petite route bifurque vers le nord et m\u00e8ne, via le hameau de Trivigno, au Mortirolopas, tr\u00e8s fr\u00e9quent\u00e9 par les cyclistes. Cette route zigzague le long de la cr\u00eate dont le Monte Cadi (2449 m\u00e8tres) est le point culminant. Source : Wikipedia\" \/>\n<meta property=\"og:url\" content=\"https:\/\/www.cyclosouvenir.be\/fr\/produit\/passo-dell-aprica-edolo\/\" \/>\n<meta property=\"og:site_name\" content=\"Cyclosouvenir\" \/>\n<meta property=\"article:modified_time\" content=\"2025-07-13T09:20:04+00:00\" \/>\n<meta property=\"og:image\" content=\"https:\/\/www.cyclosouvenir.be\/wp-content\/uploads\/2024\/02\/Passo_dellAprica_Edolo.png\" \/>\n\t<meta property=\"og:image:width\" content=\"250\" \/>\n\t<meta property=\"og:image:height\" content=\"300\" \/>\n\t<meta property=\"og:image:type\" content=\"image\/png\" \/>\n<meta name=\"twitter:card\" content=\"summary_large_image\" \/>\n<script type=\"application\/ld+json\" class=\"yoast-schema-graph\">{\"@context\":\"https:\/\/schema.org\",\"@graph\":[{\"@type\":\"WebPage\",\"@id\":\"https:\/\/www.cyclosouvenir.be\/fr\/produit\/passo-dell-aprica-edolo\/\",\"url\":\"https:\/\/www.cyclosouvenir.be\/fr\/produit\/passo-dell-aprica-edolo\/\",\"name\":\"Passo dell' Aprica - Edolo - Cyclosouvenir\",\"isPartOf\":{\"@id\":\"https:\/\/www.cyclosouvenir.be\/fr\/#website\"},\"primaryImageOfPage\":{\"@id\":\"https:\/\/www.cyclosouvenir.be\/fr\/produit\/passo-dell-aprica-edolo\/#primaryimage\"},\"image\":{\"@id\":\"https:\/\/www.cyclosouvenir.be\/fr\/produit\/passo-dell-aprica-edolo\/#primaryimage\"},\"thumbnailUrl\":\"https:\/\/www.cyclosouvenir.be\/wp-content\/uploads\/2024\/02\/Passo_dellAprica_Edolo.png\",\"datePublished\":\"2024-02-13T11:38:43+00:00\",\"dateModified\":\"2025-07-13T09:20:04+00:00\",\"breadcrumb\":{\"@id\":\"https:\/\/www.cyclosouvenir.be\/fr\/produit\/passo-dell-aprica-edolo\/#breadcrumb\"},\"inLanguage\":\"fr-FR\",\"potentialAction\":[{\"@type\":\"ReadAction\",\"target\":[\"https:\/\/www.cyclosouvenir.be\/fr\/produit\/passo-dell-aprica-edolo\/\"]}]},{\"@type\":\"ImageObject\",\"inLanguage\":\"fr-FR\",\"@id\":\"https:\/\/www.cyclosouvenir.be\/fr\/produit\/passo-dell-aprica-edolo\/#primaryimage\",\"url\":\"https:\/\/www.cyclosouvenir.be\/wp-content\/uploads\/2024\/02\/Passo_dellAprica_Edolo.png\",\"contentUrl\":\"https:\/\/www.cyclosouvenir.be\/wp-content\/uploads\/2024\/02\/Passo_dellAprica_Edolo.png\",\"width\":250,\"height\":300},{\"@type\":\"BreadcrumbList\",\"@id\":\"https:\/\/www.cyclosouvenir.be\/fr\/produit\/passo-dell-aprica-edolo\/#breadcrumb\",\"itemListElement\":[{\"@type\":\"ListItem\",\"position\":1,\"name\":\"Home\",\"item\":\"https:\/\/www.cyclosouvenir.be\/fr\/\"},{\"@type\":\"ListItem\",\"position\":2,\"name\":\"Boutique\",\"item\":\"https:\/\/www.cyclosouvenir.be\/fr\/boutique\/\"},{\"@type\":\"ListItem\",\"position\":3,\"name\":\"Passo dell&rsquo; Aprica &#8211; Edolo\"}]},{\"@type\":\"WebSite\",\"@id\":\"https:\/\/www.cyclosouvenir.be\/fr\/#website\",\"url\":\"https:\/\/www.cyclosouvenir.be\/fr\/\",\"name\":\"Cyclosouvenir\",\"description\":\"De trofee voor een memorabele beklimming.\",\"publisher\":{\"@id\":\"https:\/\/www.cyclosouvenir.be\/fr\/#organization\"},\"potentialAction\":[{\"@type\":\"SearchAction\",\"target\":{\"@type\":\"EntryPoint\",\"urlTemplate\":\"https:\/\/www.cyclosouvenir.be\/fr\/?s={search_term_string}\"},\"query-input\":{\"@type\":\"PropertyValueSpecification\",\"valueRequired\":true,\"valueName\":\"search_term_string\"}}],\"inLanguage\":\"fr-FR\"},{\"@type\":\"Organization\",\"@id\":\"https:\/\/www.cyclosouvenir.be\/fr\/#organization\",\"name\":\"Cyclosouvenir\",\"url\":\"https:\/\/www.cyclosouvenir.be\/fr\/\",\"logo\":{\"@type\":\"ImageObject\",\"inLanguage\":\"fr-FR\",\"@id\":\"https:\/\/www.cyclosouvenir.be\/fr\/#\/schema\/logo\/image\/\",\"url\":\"https:\/\/www.cyclosouvenir.be\/wp-content\/uploads\/2024\/02\/Cyclosouvenir_Banner-removebg-preview.png\",\"contentUrl\":\"https:\/\/www.cyclosouvenir.be\/wp-content\/uploads\/2024\/02\/Cyclosouvenir_Banner-removebg-preview.png\",\"width\":997,\"height\":250,\"caption\":\"Cyclosouvenir\"},\"image\":{\"@id\":\"https:\/\/www.cyclosouvenir.be\/fr\/#\/schema\/logo\/image\/\"}}]}<\/script>\n<!-- \/ Yoast SEO plugin. -->","yoast_head_json":{"title":"Passo dell' Aprica - Edolo - Cyclosouvenir","robots":{"index":"index","follow":"follow","max-snippet":"max-snippet:-1","max-image-preview":"max-image-preview:large","max-video-preview":"max-video-preview:-1"},"canonical":"https:\/\/www.cyclosouvenir.be\/fr\/produit\/passo-dell-aprica-edolo\/","og_locale":"fr_FR","og_type":"article","og_title":"Passo dell' Aprica - Edolo - Cyclosouvenir","og_description":"L'Apricapas (italien : Passo dell'Aprica) est un col de montagne italien de 1176 m\u00e8tres d'altitude qui relie Teglio dans la Valtellina et Edolo dans la Val Camonica. Au sommet du col se trouve le village d'Aprica, qui est une importante station de sports d'hiver en hiver.  La hauteur du col est accessible des deux c\u00f4t\u00e9s par une route bien am\u00e9nag\u00e9e et pas trop raide. Sur le versant ouest, on a une vue sur la large Valteline pendant la mont\u00e9e.  Juste \u00e0 l'est du sommet, une petite route bifurque vers le nord et m\u00e8ne, via le hameau de Trivigno, au Mortirolopas, tr\u00e8s fr\u00e9quent\u00e9 par les cyclistes. Cette route zigzague le long de la cr\u00eate dont le Monte Cadi (2449 m\u00e8tres) est le point culminant. Source : Wikipedia","og_url":"https:\/\/www.cyclosouvenir.be\/fr\/produit\/passo-dell-aprica-edolo\/","og_site_name":"Cyclosouvenir","article_modified_time":"2025-07-13T09:20:04+00:00","og_image":[{"width":250,"height":300,"url":"https:\/\/www.cyclosouvenir.be\/wp-content\/uploads\/2024\/02\/Passo_dellAprica_Edolo.png","type":"image\/png"}],"twitter_card":"summary_large_image","schema":{"@context":"https:\/\/schema.org","@graph":[{"@type":"WebPage","@id":"https:\/\/www.cyclosouvenir.be\/fr\/produit\/passo-dell-aprica-edolo\/","url":"https:\/\/www.cyclosouvenir.be\/fr\/produit\/passo-dell-aprica-edolo\/","name":"Passo dell' Aprica - Edolo - Cyclosouvenir","isPartOf":{"@id":"https:\/\/www.cyclosouvenir.be\/fr\/#website"},"primaryImageOfPage":{"@id":"https:\/\/www.cyclosouvenir.be\/fr\/produit\/passo-dell-aprica-edolo\/#primaryimage"},"image":{"@id":"https:\/\/www.cyclosouvenir.be\/fr\/produit\/passo-dell-aprica-edolo\/#primaryimage"},"thumbnailUrl":"https:\/\/www.cyclosouvenir.be\/wp-content\/uploads\/2024\/02\/Passo_dellAprica_Edolo.png","datePublished":"2024-02-13T11:38:43+00:00","dateModified":"2025-07-13T09:20:04+00:00","breadcrumb":{"@id":"https:\/\/www.cyclosouvenir.be\/fr\/produit\/passo-dell-aprica-edolo\/#breadcrumb"},"inLanguage":"fr-FR","potentialAction":[{"@type":"ReadAction","target":["https:\/\/www.cyclosouvenir.be\/fr\/produit\/passo-dell-aprica-edolo\/"]}]},{"@type":"ImageObject","inLanguage":"fr-FR","@id":"https:\/\/www.cyclosouvenir.be\/fr\/produit\/passo-dell-aprica-edolo\/#primaryimage","url":"https:\/\/www.cyclosouvenir.be\/wp-content\/uploads\/2024\/02\/Passo_dellAprica_Edolo.png","contentUrl":"https:\/\/www.cyclosouvenir.be\/wp-content\/uploads\/2024\/02\/Passo_dellAprica_Edolo.png","width":250,"height":300},{"@type":"BreadcrumbList","@id":"https:\/\/www.cyclosouvenir.be\/fr\/produit\/passo-dell-aprica-edolo\/#breadcrumb","itemListElement":[{"@type":"ListItem","position":1,"name":"Home","item":"https:\/\/www.cyclosouvenir.be\/fr\/"},{"@type":"ListItem","position":2,"name":"Boutique","item":"https:\/\/www.cyclosouvenir.be\/fr\/boutique\/"},{"@type":"ListItem","position":3,"name":"Passo dell&rsquo; Aprica &#8211; Edolo"}]},{"@type":"WebSite","@id":"https:\/\/www.cyclosouvenir.be\/fr\/#website","url":"https:\/\/www.cyclosouvenir.be\/fr\/","name":"Cyclosouvenir","description":"De trofee voor een memorabele beklimming.","publisher":{"@id":"https:\/\/www.cyclosouvenir.be\/fr\/#organization"},"potentialAction":[{"@type":"SearchAction","target":{"@type":"EntryPoint","urlTemplate":"https:\/\/www.cyclosouvenir.be\/fr\/?s={search_term_string}"},"query-input":{"@type":"PropertyValueSpecification","valueRequired":true,"valueName":"search_term_string"}}],"inLanguage":"fr-FR"},{"@type":"Organization","@id":"https:\/\/www.cyclosouvenir.be\/fr\/#organization","name":"Cyclosouvenir","url":"https:\/\/www.cyclosouvenir.be\/fr\/","logo":{"@type":"ImageObject","inLanguage":"fr-FR","@id":"https:\/\/www.cyclosouvenir.be\/fr\/#\/schema\/logo\/image\/","url":"https:\/\/www.cyclosouvenir.be\/wp-content\/uploads\/2024\/02\/Cyclosouvenir_Banner-removebg-preview.png","contentUrl":"https:\/\/www.cyclosouvenir.be\/wp-content\/uploads\/2024\/02\/Cyclosouvenir_Banner-removebg-preview.png","width":997,"height":250,"caption":"Cyclosouvenir"},"image":{"@id":"https:\/\/www.cyclosouvenir.be\/fr\/#\/schema\/logo\/image\/"}}]}},"_links":{"self":[{"href":"https:\/\/www.cyclosouvenir.be\/fr\/wp-json\/wp\/v2\/product\/11147","targetHints":{"allow":["GET"]}}],"collection":[{"href":"https:\/\/www.cyclosouvenir.be\/fr\/wp-json\/wp\/v2\/product"}],"about":[{"href":"https:\/\/www.cyclosouvenir.be\/fr\/wp-json\/wp\/v2\/types\/product"}],"replies":[{"embeddable":true,"href":"https:\/\/www.cyclosouvenir.be\/fr\/wp-json\/wp\/v2\/comments?post=11147"}],"wp:featuredmedia":[{"embeddable":true,"href":"https:\/\/www.cyclosouvenir.be\/fr\/wp-json\/wp\/v2\/media\/1621"}],"wp:attachment":[{"href":"https:\/\/www.cyclosouvenir.be\/fr\/wp-json\/wp\/v2\/media?parent=11147"}],"wp:term":[{"taxonomy":"product_brand","embeddable":true,"href":"https:\/\/www.cyclosouvenir.be\/fr\/wp-json\/wp\/v2\/product_brand?post=11147"},{"taxonomy":"product_cat","embeddable":true,"href":"https:\/\/www.cyclosouvenir.be\/fr\/wp-json\/wp\/v2\/product_cat?post=11147"},{"taxonomy":"product_tag","embeddable":true,"href":"https:\/\/www.cyclosouvenir.be\/fr\/wp-json\/wp\/v2\/product_tag?post=11147"}],"curies":[{"name":"wp","href":"https:\/\/api.w.org\/{rel}","templated":true}]}}