{"id":11315,"date":"2024-02-13T11:38:27","date_gmt":"2024-02-13T11:38:27","guid":{"rendered":"https:\/\/demo9.inetproductions.be\/product\/bosberg-rvv\/"},"modified":"2025-07-13T09:15:54","modified_gmt":"2025-07-13T09:15:54","slug":"bosberg-rvv","status":"publish","type":"product","link":"https:\/\/www.cyclosouvenir.be\/fr\/produit\/bosberg-rvv\/","title":{"rendered":"Bosberg &#8211; RVV"},"content":{"rendered":"","protected":false},"excerpt":{"rendered":"<p>Le Bosberg est une pente bois\u00e9e entre les Ardennes flamandes et le Pajottenland dans les territoires de Geraardsbergen et Galmaarden (Belgique) sur le flanc ouest de la colline de Moerbeke. La chauss\u00e9e de la pente est constitu\u00e9e en partie de dalles de b\u00e9ton et en partie de pav\u00e9s.<\/p>\n<p>Le Bosberg est connu pour \u00eatre la derni\u00e8re mont\u00e9e du Tour des Flandres. Edwig Van Hooydonck doit ses victoires sur le Tour 1989 et 1991 au Bosberg. Dans les deux cas, il a r\u00e9ussi \u00e0 s&rsquo;enfuir sur le Bosberg, apr\u00e8s quoi il n&rsquo;a pas pu \u00eatre rattrap\u00e9 par ses poursuivants.<\/p>\n<p>Le Bosberg a \u00e9t\u00e9 inclus pour la premi\u00e8re fois dans une grande course en 1950, lors de l&rsquo;Omloop Het Volk.<\/p>\n<p>Dans le Tour des Flandres depuis 1975 (\u00e0 l&rsquo;exception de 2002), le Bosberg a toujours \u00e9t\u00e9 situ\u00e9 comme une mont\u00e9e apr\u00e8s le Muur (jusqu&rsquo;en 1980) ou le Muur-Kapelmuur (\u00e0 partir de 1981), presque toujours comme la derni\u00e8re mont\u00e9e.<\/p>\n","protected":false},"featured_media":1337,"comment_status":"closed","ping_status":"closed","template":"","meta":{"_et_pb_use_builder":"","_et_pb_old_content":"","_et_gb_content_width":""},"product_brand":[],"product_cat":[3512,3521,306],"product_tag":[],"class_list":{"0":"post-11315","1":"product","2":"type-product","3":"status-publish","4":"has-post-thumbnail","6":"product_cat-belgique-fr","7":"product_cat-tour-de-flandre","8":"product_cat-bornes","9":"tm-has-options","11":"first","12":"instock","13":"taxable","14":"shipping-taxable","15":"purchasable","16":"product-type-simple"},"yoast_head":"<!-- This site is optimized with the Yoast SEO plugin v26.2 - https:\/\/yoast.com\/wordpress\/plugins\/seo\/ -->\n<title>Bosberg - RVV - Cyclosouvenir<\/title>\n<meta name=\"robots\" content=\"index, follow, max-snippet:-1, max-image-preview:large, max-video-preview:-1\" \/>\n<link rel=\"canonical\" href=\"https:\/\/www.cyclosouvenir.be\/fr\/produit\/bosberg-rvv\/\" \/>\n<meta property=\"og:locale\" content=\"fr_FR\" \/>\n<meta property=\"og:type\" content=\"article\" \/>\n<meta property=\"og:title\" content=\"Bosberg - RVV - Cyclosouvenir\" \/>\n<meta property=\"og:description\" content=\"Le Bosberg est une pente bois\u00e9e entre les Ardennes flamandes et le Pajottenland dans les territoires de Geraardsbergen et Galmaarden (Belgique) sur le flanc ouest de la colline de Moerbeke. La chauss\u00e9e de la pente est constitu\u00e9e en partie de dalles de b\u00e9ton et en partie de pav\u00e9s. Le Bosberg est connu pour \u00eatre la derni\u00e8re mont\u00e9e du Tour des Flandres. Edwig Van Hooydonck doit ses victoires sur le Tour 1989 et 1991 au Bosberg. Dans les deux cas, il a r\u00e9ussi \u00e0 s&#039;enfuir sur le Bosberg, apr\u00e8s quoi il n&#039;a pas pu \u00eatre rattrap\u00e9 par ses poursuivants. Le Bosberg a \u00e9t\u00e9 inclus pour la premi\u00e8re fois dans une grande course en 1950, lors de l&#039;Omloop Het Volk. Dans le Tour des Flandres depuis 1975 (\u00e0 l&#039;exception de 2002), le Bosberg a toujours \u00e9t\u00e9 situ\u00e9 comme une mont\u00e9e apr\u00e8s le Muur (jusqu&#039;en 1980) ou le Muur-Kapelmuur (\u00e0 partir de 1981), presque toujours comme la derni\u00e8re mont\u00e9e.\" \/>\n<meta property=\"og:url\" content=\"https:\/\/www.cyclosouvenir.be\/fr\/produit\/bosberg-rvv\/\" \/>\n<meta property=\"og:site_name\" content=\"Cyclosouvenir\" \/>\n<meta property=\"article:modified_time\" content=\"2025-07-13T09:15:54+00:00\" \/>\n<meta property=\"og:image\" content=\"https:\/\/www.cyclosouvenir.be\/wp-content\/uploads\/2024\/02\/Bosberg.png\" \/>\n\t<meta property=\"og:image:width\" content=\"250\" \/>\n\t<meta property=\"og:image:height\" content=\"300\" \/>\n\t<meta property=\"og:image:type\" content=\"image\/png\" \/>\n<meta name=\"twitter:card\" content=\"summary_large_image\" \/>\n<script type=\"application\/ld+json\" class=\"yoast-schema-graph\">{\"@context\":\"https:\/\/schema.org\",\"@graph\":[{\"@type\":\"WebPage\",\"@id\":\"https:\/\/www.cyclosouvenir.be\/fr\/produit\/bosberg-rvv\/\",\"url\":\"https:\/\/www.cyclosouvenir.be\/fr\/produit\/bosberg-rvv\/\",\"name\":\"Bosberg - RVV - Cyclosouvenir\",\"isPartOf\":{\"@id\":\"https:\/\/www.cyclosouvenir.be\/fr\/#website\"},\"primaryImageOfPage\":{\"@id\":\"https:\/\/www.cyclosouvenir.be\/fr\/produit\/bosberg-rvv\/#primaryimage\"},\"image\":{\"@id\":\"https:\/\/www.cyclosouvenir.be\/fr\/produit\/bosberg-rvv\/#primaryimage\"},\"thumbnailUrl\":\"https:\/\/www.cyclosouvenir.be\/wp-content\/uploads\/2024\/02\/Bosberg.png\",\"datePublished\":\"2024-02-13T11:38:27+00:00\",\"dateModified\":\"2025-07-13T09:15:54+00:00\",\"breadcrumb\":{\"@id\":\"https:\/\/www.cyclosouvenir.be\/fr\/produit\/bosberg-rvv\/#breadcrumb\"},\"inLanguage\":\"fr-FR\",\"potentialAction\":[{\"@type\":\"ReadAction\",\"target\":[\"https:\/\/www.cyclosouvenir.be\/fr\/produit\/bosberg-rvv\/\"]}]},{\"@type\":\"ImageObject\",\"inLanguage\":\"fr-FR\",\"@id\":\"https:\/\/www.cyclosouvenir.be\/fr\/produit\/bosberg-rvv\/#primaryimage\",\"url\":\"https:\/\/www.cyclosouvenir.be\/wp-content\/uploads\/2024\/02\/Bosberg.png\",\"contentUrl\":\"https:\/\/www.cyclosouvenir.be\/wp-content\/uploads\/2024\/02\/Bosberg.png\",\"width\":250,\"height\":300},{\"@type\":\"BreadcrumbList\",\"@id\":\"https:\/\/www.cyclosouvenir.be\/fr\/produit\/bosberg-rvv\/#breadcrumb\",\"itemListElement\":[{\"@type\":\"ListItem\",\"position\":1,\"name\":\"Home\",\"item\":\"https:\/\/www.cyclosouvenir.be\/fr\/\"},{\"@type\":\"ListItem\",\"position\":2,\"name\":\"Boutique\",\"item\":\"https:\/\/www.cyclosouvenir.be\/fr\/boutique\/\"},{\"@type\":\"ListItem\",\"position\":3,\"name\":\"Bosberg &#8211; RVV\"}]},{\"@type\":\"WebSite\",\"@id\":\"https:\/\/www.cyclosouvenir.be\/fr\/#website\",\"url\":\"https:\/\/www.cyclosouvenir.be\/fr\/\",\"name\":\"Cyclosouvenir\",\"description\":\"De trofee voor een memorabele beklimming.\",\"publisher\":{\"@id\":\"https:\/\/www.cyclosouvenir.be\/fr\/#organization\"},\"potentialAction\":[{\"@type\":\"SearchAction\",\"target\":{\"@type\":\"EntryPoint\",\"urlTemplate\":\"https:\/\/www.cyclosouvenir.be\/fr\/?s={search_term_string}\"},\"query-input\":{\"@type\":\"PropertyValueSpecification\",\"valueRequired\":true,\"valueName\":\"search_term_string\"}}],\"inLanguage\":\"fr-FR\"},{\"@type\":\"Organization\",\"@id\":\"https:\/\/www.cyclosouvenir.be\/fr\/#organization\",\"name\":\"Cyclosouvenir\",\"url\":\"https:\/\/www.cyclosouvenir.be\/fr\/\",\"logo\":{\"@type\":\"ImageObject\",\"inLanguage\":\"fr-FR\",\"@id\":\"https:\/\/www.cyclosouvenir.be\/fr\/#\/schema\/logo\/image\/\",\"url\":\"https:\/\/www.cyclosouvenir.be\/wp-content\/uploads\/2024\/02\/Cyclosouvenir_Banner-removebg-preview.png\",\"contentUrl\":\"https:\/\/www.cyclosouvenir.be\/wp-content\/uploads\/2024\/02\/Cyclosouvenir_Banner-removebg-preview.png\",\"width\":997,\"height\":250,\"caption\":\"Cyclosouvenir\"},\"image\":{\"@id\":\"https:\/\/www.cyclosouvenir.be\/fr\/#\/schema\/logo\/image\/\"}}]}<\/script>\n<!-- \/ Yoast SEO plugin. -->","yoast_head_json":{"title":"Bosberg - RVV - Cyclosouvenir","robots":{"index":"index","follow":"follow","max-snippet":"max-snippet:-1","max-image-preview":"max-image-preview:large","max-video-preview":"max-video-preview:-1"},"canonical":"https:\/\/www.cyclosouvenir.be\/fr\/produit\/bosberg-rvv\/","og_locale":"fr_FR","og_type":"article","og_title":"Bosberg - RVV - Cyclosouvenir","og_description":"Le Bosberg est une pente bois\u00e9e entre les Ardennes flamandes et le Pajottenland dans les territoires de Geraardsbergen et Galmaarden (Belgique) sur le flanc ouest de la colline de Moerbeke. La chauss\u00e9e de la pente est constitu\u00e9e en partie de dalles de b\u00e9ton et en partie de pav\u00e9s. Le Bosberg est connu pour \u00eatre la derni\u00e8re mont\u00e9e du Tour des Flandres. Edwig Van Hooydonck doit ses victoires sur le Tour 1989 et 1991 au Bosberg. Dans les deux cas, il a r\u00e9ussi \u00e0 s'enfuir sur le Bosberg, apr\u00e8s quoi il n'a pas pu \u00eatre rattrap\u00e9 par ses poursuivants. Le Bosberg a \u00e9t\u00e9 inclus pour la premi\u00e8re fois dans une grande course en 1950, lors de l'Omloop Het Volk. Dans le Tour des Flandres depuis 1975 (\u00e0 l'exception de 2002), le Bosberg a toujours \u00e9t\u00e9 situ\u00e9 comme une mont\u00e9e apr\u00e8s le Muur (jusqu'en 1980) ou le Muur-Kapelmuur (\u00e0 partir de 1981), presque toujours comme la derni\u00e8re mont\u00e9e.","og_url":"https:\/\/www.cyclosouvenir.be\/fr\/produit\/bosberg-rvv\/","og_site_name":"Cyclosouvenir","article_modified_time":"2025-07-13T09:15:54+00:00","og_image":[{"width":250,"height":300,"url":"https:\/\/www.cyclosouvenir.be\/wp-content\/uploads\/2024\/02\/Bosberg.png","type":"image\/png"}],"twitter_card":"summary_large_image","schema":{"@context":"https:\/\/schema.org","@graph":[{"@type":"WebPage","@id":"https:\/\/www.cyclosouvenir.be\/fr\/produit\/bosberg-rvv\/","url":"https:\/\/www.cyclosouvenir.be\/fr\/produit\/bosberg-rvv\/","name":"Bosberg - RVV - Cyclosouvenir","isPartOf":{"@id":"https:\/\/www.cyclosouvenir.be\/fr\/#website"},"primaryImageOfPage":{"@id":"https:\/\/www.cyclosouvenir.be\/fr\/produit\/bosberg-rvv\/#primaryimage"},"image":{"@id":"https:\/\/www.cyclosouvenir.be\/fr\/produit\/bosberg-rvv\/#primaryimage"},"thumbnailUrl":"https:\/\/www.cyclosouvenir.be\/wp-content\/uploads\/2024\/02\/Bosberg.png","datePublished":"2024-02-13T11:38:27+00:00","dateModified":"2025-07-13T09:15:54+00:00","breadcrumb":{"@id":"https:\/\/www.cyclosouvenir.be\/fr\/produit\/bosberg-rvv\/#breadcrumb"},"inLanguage":"fr-FR","potentialAction":[{"@type":"ReadAction","target":["https:\/\/www.cyclosouvenir.be\/fr\/produit\/bosberg-rvv\/"]}]},{"@type":"ImageObject","inLanguage":"fr-FR","@id":"https:\/\/www.cyclosouvenir.be\/fr\/produit\/bosberg-rvv\/#primaryimage","url":"https:\/\/www.cyclosouvenir.be\/wp-content\/uploads\/2024\/02\/Bosberg.png","contentUrl":"https:\/\/www.cyclosouvenir.be\/wp-content\/uploads\/2024\/02\/Bosberg.png","width":250,"height":300},{"@type":"BreadcrumbList","@id":"https:\/\/www.cyclosouvenir.be\/fr\/produit\/bosberg-rvv\/#breadcrumb","itemListElement":[{"@type":"ListItem","position":1,"name":"Home","item":"https:\/\/www.cyclosouvenir.be\/fr\/"},{"@type":"ListItem","position":2,"name":"Boutique","item":"https:\/\/www.cyclosouvenir.be\/fr\/boutique\/"},{"@type":"ListItem","position":3,"name":"Bosberg &#8211; RVV"}]},{"@type":"WebSite","@id":"https:\/\/www.cyclosouvenir.be\/fr\/#website","url":"https:\/\/www.cyclosouvenir.be\/fr\/","name":"Cyclosouvenir","description":"De trofee voor een memorabele beklimming.","publisher":{"@id":"https:\/\/www.cyclosouvenir.be\/fr\/#organization"},"potentialAction":[{"@type":"SearchAction","target":{"@type":"EntryPoint","urlTemplate":"https:\/\/www.cyclosouvenir.be\/fr\/?s={search_term_string}"},"query-input":{"@type":"PropertyValueSpecification","valueRequired":true,"valueName":"search_term_string"}}],"inLanguage":"fr-FR"},{"@type":"Organization","@id":"https:\/\/www.cyclosouvenir.be\/fr\/#organization","name":"Cyclosouvenir","url":"https:\/\/www.cyclosouvenir.be\/fr\/","logo":{"@type":"ImageObject","inLanguage":"fr-FR","@id":"https:\/\/www.cyclosouvenir.be\/fr\/#\/schema\/logo\/image\/","url":"https:\/\/www.cyclosouvenir.be\/wp-content\/uploads\/2024\/02\/Cyclosouvenir_Banner-removebg-preview.png","contentUrl":"https:\/\/www.cyclosouvenir.be\/wp-content\/uploads\/2024\/02\/Cyclosouvenir_Banner-removebg-preview.png","width":997,"height":250,"caption":"Cyclosouvenir"},"image":{"@id":"https:\/\/www.cyclosouvenir.be\/fr\/#\/schema\/logo\/image\/"}}]}},"_links":{"self":[{"href":"https:\/\/www.cyclosouvenir.be\/fr\/wp-json\/wp\/v2\/product\/11315","targetHints":{"allow":["GET"]}}],"collection":[{"href":"https:\/\/www.cyclosouvenir.be\/fr\/wp-json\/wp\/v2\/product"}],"about":[{"href":"https:\/\/www.cyclosouvenir.be\/fr\/wp-json\/wp\/v2\/types\/product"}],"replies":[{"embeddable":true,"href":"https:\/\/www.cyclosouvenir.be\/fr\/wp-json\/wp\/v2\/comments?post=11315"}],"wp:featuredmedia":[{"embeddable":true,"href":"https:\/\/www.cyclosouvenir.be\/fr\/wp-json\/wp\/v2\/media\/1337"}],"wp:attachment":[{"href":"https:\/\/www.cyclosouvenir.be\/fr\/wp-json\/wp\/v2\/media?parent=11315"}],"wp:term":[{"taxonomy":"product_brand","embeddable":true,"href":"https:\/\/www.cyclosouvenir.be\/fr\/wp-json\/wp\/v2\/product_brand?post=11315"},{"taxonomy":"product_cat","embeddable":true,"href":"https:\/\/www.cyclosouvenir.be\/fr\/wp-json\/wp\/v2\/product_cat?post=11315"},{"taxonomy":"product_tag","embeddable":true,"href":"https:\/\/www.cyclosouvenir.be\/fr\/wp-json\/wp\/v2\/product_tag?post=11315"}],"curies":[{"name":"wp","href":"https:\/\/api.w.org\/{rel}","templated":true}]}}