{"id":11318,"date":"2024-02-13T11:38:27","date_gmt":"2024-02-13T11:38:27","guid":{"rendered":"https:\/\/demo9.inetproductions.be\/product\/kemmelberg-rvv\/"},"modified":"2025-07-13T09:15:45","modified_gmt":"2025-07-13T09:15:45","slug":"kemmelberg-rvv","status":"publish","type":"product","link":"https:\/\/www.cyclosouvenir.be\/fr\/produit\/kemmelberg-rvv\/","title":{"rendered":"Kemmelberg &#8211; RVV"},"content":{"rendered":"","protected":false},"excerpt":{"rendered":"<p>Le Kemmelberg est une colline situ\u00e9e pr\u00e8s du village de Kemmel, dans la province belge de Flandre occidentale. Avec ses 154 m\u00e8tres, c&rsquo;est le point culminant de la province. La colline se trouve \u00e0 700 m \u00e0 l&rsquo;ouest du centre du village de Kemmel, \u00e0 la limite des communes de Loker et de Dranouter. Source : Wikipedia<\/p>\n","protected":false},"featured_media":1332,"comment_status":"closed","ping_status":"closed","template":"","meta":{"_et_pb_use_builder":"","_et_pb_old_content":"","_et_gb_content_width":""},"product_brand":[],"product_cat":[3512,3521,306],"product_tag":[],"class_list":{"0":"post-11318","1":"product","2":"type-product","3":"status-publish","4":"has-post-thumbnail","6":"product_cat-belgique-fr","7":"product_cat-tour-de-flandre","8":"product_cat-bornes","9":"tm-has-options","11":"first","12":"instock","13":"taxable","14":"shipping-taxable","15":"purchasable","16":"product-type-simple"},"yoast_head":"<!-- This site is optimized with the Yoast SEO plugin v26.2 - https:\/\/yoast.com\/wordpress\/plugins\/seo\/ -->\n<title>Kemmelberg - RVV - Cyclosouvenir<\/title>\n<meta name=\"robots\" content=\"index, follow, max-snippet:-1, max-image-preview:large, max-video-preview:-1\" \/>\n<link rel=\"canonical\" href=\"https:\/\/www.cyclosouvenir.be\/fr\/produit\/kemmelberg-rvv\/\" \/>\n<meta property=\"og:locale\" content=\"fr_FR\" \/>\n<meta property=\"og:type\" content=\"article\" \/>\n<meta property=\"og:title\" content=\"Kemmelberg - RVV - Cyclosouvenir\" \/>\n<meta property=\"og:description\" content=\"Le Kemmelberg est une colline situ\u00e9e pr\u00e8s du village de Kemmel, dans la province belge de Flandre occidentale. Avec ses 154 m\u00e8tres, c&#039;est le point culminant de la province. La colline se trouve \u00e0 700 m \u00e0 l&#039;ouest du centre du village de Kemmel, \u00e0 la limite des communes de Loker et de Dranouter. Source : Wikipedia\" \/>\n<meta property=\"og:url\" content=\"https:\/\/www.cyclosouvenir.be\/fr\/produit\/kemmelberg-rvv\/\" \/>\n<meta property=\"og:site_name\" content=\"Cyclosouvenir\" \/>\n<meta property=\"article:modified_time\" content=\"2025-07-13T09:15:45+00:00\" \/>\n<meta property=\"og:image\" content=\"https:\/\/www.cyclosouvenir.be\/wp-content\/uploads\/2024\/02\/Kemmelberg.png\" \/>\n\t<meta property=\"og:image:width\" content=\"250\" \/>\n\t<meta property=\"og:image:height\" content=\"300\" \/>\n\t<meta property=\"og:image:type\" content=\"image\/png\" \/>\n<meta name=\"twitter:card\" content=\"summary_large_image\" \/>\n<script type=\"application\/ld+json\" class=\"yoast-schema-graph\">{\"@context\":\"https:\/\/schema.org\",\"@graph\":[{\"@type\":\"WebPage\",\"@id\":\"https:\/\/www.cyclosouvenir.be\/fr\/produit\/kemmelberg-rvv\/\",\"url\":\"https:\/\/www.cyclosouvenir.be\/fr\/produit\/kemmelberg-rvv\/\",\"name\":\"Kemmelberg - RVV - Cyclosouvenir\",\"isPartOf\":{\"@id\":\"https:\/\/www.cyclosouvenir.be\/fr\/#website\"},\"primaryImageOfPage\":{\"@id\":\"https:\/\/www.cyclosouvenir.be\/fr\/produit\/kemmelberg-rvv\/#primaryimage\"},\"image\":{\"@id\":\"https:\/\/www.cyclosouvenir.be\/fr\/produit\/kemmelberg-rvv\/#primaryimage\"},\"thumbnailUrl\":\"https:\/\/www.cyclosouvenir.be\/wp-content\/uploads\/2024\/02\/Kemmelberg.png\",\"datePublished\":\"2024-02-13T11:38:27+00:00\",\"dateModified\":\"2025-07-13T09:15:45+00:00\",\"breadcrumb\":{\"@id\":\"https:\/\/www.cyclosouvenir.be\/fr\/produit\/kemmelberg-rvv\/#breadcrumb\"},\"inLanguage\":\"fr-FR\",\"potentialAction\":[{\"@type\":\"ReadAction\",\"target\":[\"https:\/\/www.cyclosouvenir.be\/fr\/produit\/kemmelberg-rvv\/\"]}]},{\"@type\":\"ImageObject\",\"inLanguage\":\"fr-FR\",\"@id\":\"https:\/\/www.cyclosouvenir.be\/fr\/produit\/kemmelberg-rvv\/#primaryimage\",\"url\":\"https:\/\/www.cyclosouvenir.be\/wp-content\/uploads\/2024\/02\/Kemmelberg.png\",\"contentUrl\":\"https:\/\/www.cyclosouvenir.be\/wp-content\/uploads\/2024\/02\/Kemmelberg.png\",\"width\":250,\"height\":300},{\"@type\":\"BreadcrumbList\",\"@id\":\"https:\/\/www.cyclosouvenir.be\/fr\/produit\/kemmelberg-rvv\/#breadcrumb\",\"itemListElement\":[{\"@type\":\"ListItem\",\"position\":1,\"name\":\"Home\",\"item\":\"https:\/\/www.cyclosouvenir.be\/fr\/\"},{\"@type\":\"ListItem\",\"position\":2,\"name\":\"Boutique\",\"item\":\"https:\/\/www.cyclosouvenir.be\/fr\/boutique\/\"},{\"@type\":\"ListItem\",\"position\":3,\"name\":\"Kemmelberg &#8211; RVV\"}]},{\"@type\":\"WebSite\",\"@id\":\"https:\/\/www.cyclosouvenir.be\/fr\/#website\",\"url\":\"https:\/\/www.cyclosouvenir.be\/fr\/\",\"name\":\"Cyclosouvenir\",\"description\":\"De trofee voor een memorabele beklimming.\",\"publisher\":{\"@id\":\"https:\/\/www.cyclosouvenir.be\/fr\/#organization\"},\"potentialAction\":[{\"@type\":\"SearchAction\",\"target\":{\"@type\":\"EntryPoint\",\"urlTemplate\":\"https:\/\/www.cyclosouvenir.be\/fr\/?s={search_term_string}\"},\"query-input\":{\"@type\":\"PropertyValueSpecification\",\"valueRequired\":true,\"valueName\":\"search_term_string\"}}],\"inLanguage\":\"fr-FR\"},{\"@type\":\"Organization\",\"@id\":\"https:\/\/www.cyclosouvenir.be\/fr\/#organization\",\"name\":\"Cyclosouvenir\",\"url\":\"https:\/\/www.cyclosouvenir.be\/fr\/\",\"logo\":{\"@type\":\"ImageObject\",\"inLanguage\":\"fr-FR\",\"@id\":\"https:\/\/www.cyclosouvenir.be\/fr\/#\/schema\/logo\/image\/\",\"url\":\"https:\/\/www.cyclosouvenir.be\/wp-content\/uploads\/2024\/02\/Cyclosouvenir_Banner-removebg-preview.png\",\"contentUrl\":\"https:\/\/www.cyclosouvenir.be\/wp-content\/uploads\/2024\/02\/Cyclosouvenir_Banner-removebg-preview.png\",\"width\":997,\"height\":250,\"caption\":\"Cyclosouvenir\"},\"image\":{\"@id\":\"https:\/\/www.cyclosouvenir.be\/fr\/#\/schema\/logo\/image\/\"}}]}<\/script>\n<!-- \/ Yoast SEO plugin. -->","yoast_head_json":{"title":"Kemmelberg - RVV - Cyclosouvenir","robots":{"index":"index","follow":"follow","max-snippet":"max-snippet:-1","max-image-preview":"max-image-preview:large","max-video-preview":"max-video-preview:-1"},"canonical":"https:\/\/www.cyclosouvenir.be\/fr\/produit\/kemmelberg-rvv\/","og_locale":"fr_FR","og_type":"article","og_title":"Kemmelberg - RVV - Cyclosouvenir","og_description":"Le Kemmelberg est une colline situ\u00e9e pr\u00e8s du village de Kemmel, dans la province belge de Flandre occidentale. Avec ses 154 m\u00e8tres, c'est le point culminant de la province. La colline se trouve \u00e0 700 m \u00e0 l'ouest du centre du village de Kemmel, \u00e0 la limite des communes de Loker et de Dranouter. Source : Wikipedia","og_url":"https:\/\/www.cyclosouvenir.be\/fr\/produit\/kemmelberg-rvv\/","og_site_name":"Cyclosouvenir","article_modified_time":"2025-07-13T09:15:45+00:00","og_image":[{"width":250,"height":300,"url":"https:\/\/www.cyclosouvenir.be\/wp-content\/uploads\/2024\/02\/Kemmelberg.png","type":"image\/png"}],"twitter_card":"summary_large_image","schema":{"@context":"https:\/\/schema.org","@graph":[{"@type":"WebPage","@id":"https:\/\/www.cyclosouvenir.be\/fr\/produit\/kemmelberg-rvv\/","url":"https:\/\/www.cyclosouvenir.be\/fr\/produit\/kemmelberg-rvv\/","name":"Kemmelberg - RVV - Cyclosouvenir","isPartOf":{"@id":"https:\/\/www.cyclosouvenir.be\/fr\/#website"},"primaryImageOfPage":{"@id":"https:\/\/www.cyclosouvenir.be\/fr\/produit\/kemmelberg-rvv\/#primaryimage"},"image":{"@id":"https:\/\/www.cyclosouvenir.be\/fr\/produit\/kemmelberg-rvv\/#primaryimage"},"thumbnailUrl":"https:\/\/www.cyclosouvenir.be\/wp-content\/uploads\/2024\/02\/Kemmelberg.png","datePublished":"2024-02-13T11:38:27+00:00","dateModified":"2025-07-13T09:15:45+00:00","breadcrumb":{"@id":"https:\/\/www.cyclosouvenir.be\/fr\/produit\/kemmelberg-rvv\/#breadcrumb"},"inLanguage":"fr-FR","potentialAction":[{"@type":"ReadAction","target":["https:\/\/www.cyclosouvenir.be\/fr\/produit\/kemmelberg-rvv\/"]}]},{"@type":"ImageObject","inLanguage":"fr-FR","@id":"https:\/\/www.cyclosouvenir.be\/fr\/produit\/kemmelberg-rvv\/#primaryimage","url":"https:\/\/www.cyclosouvenir.be\/wp-content\/uploads\/2024\/02\/Kemmelberg.png","contentUrl":"https:\/\/www.cyclosouvenir.be\/wp-content\/uploads\/2024\/02\/Kemmelberg.png","width":250,"height":300},{"@type":"BreadcrumbList","@id":"https:\/\/www.cyclosouvenir.be\/fr\/produit\/kemmelberg-rvv\/#breadcrumb","itemListElement":[{"@type":"ListItem","position":1,"name":"Home","item":"https:\/\/www.cyclosouvenir.be\/fr\/"},{"@type":"ListItem","position":2,"name":"Boutique","item":"https:\/\/www.cyclosouvenir.be\/fr\/boutique\/"},{"@type":"ListItem","position":3,"name":"Kemmelberg &#8211; RVV"}]},{"@type":"WebSite","@id":"https:\/\/www.cyclosouvenir.be\/fr\/#website","url":"https:\/\/www.cyclosouvenir.be\/fr\/","name":"Cyclosouvenir","description":"De trofee voor een memorabele beklimming.","publisher":{"@id":"https:\/\/www.cyclosouvenir.be\/fr\/#organization"},"potentialAction":[{"@type":"SearchAction","target":{"@type":"EntryPoint","urlTemplate":"https:\/\/www.cyclosouvenir.be\/fr\/?s={search_term_string}"},"query-input":{"@type":"PropertyValueSpecification","valueRequired":true,"valueName":"search_term_string"}}],"inLanguage":"fr-FR"},{"@type":"Organization","@id":"https:\/\/www.cyclosouvenir.be\/fr\/#organization","name":"Cyclosouvenir","url":"https:\/\/www.cyclosouvenir.be\/fr\/","logo":{"@type":"ImageObject","inLanguage":"fr-FR","@id":"https:\/\/www.cyclosouvenir.be\/fr\/#\/schema\/logo\/image\/","url":"https:\/\/www.cyclosouvenir.be\/wp-content\/uploads\/2024\/02\/Cyclosouvenir_Banner-removebg-preview.png","contentUrl":"https:\/\/www.cyclosouvenir.be\/wp-content\/uploads\/2024\/02\/Cyclosouvenir_Banner-removebg-preview.png","width":997,"height":250,"caption":"Cyclosouvenir"},"image":{"@id":"https:\/\/www.cyclosouvenir.be\/fr\/#\/schema\/logo\/image\/"}}]}},"_links":{"self":[{"href":"https:\/\/www.cyclosouvenir.be\/fr\/wp-json\/wp\/v2\/product\/11318","targetHints":{"allow":["GET"]}}],"collection":[{"href":"https:\/\/www.cyclosouvenir.be\/fr\/wp-json\/wp\/v2\/product"}],"about":[{"href":"https:\/\/www.cyclosouvenir.be\/fr\/wp-json\/wp\/v2\/types\/product"}],"replies":[{"embeddable":true,"href":"https:\/\/www.cyclosouvenir.be\/fr\/wp-json\/wp\/v2\/comments?post=11318"}],"wp:featuredmedia":[{"embeddable":true,"href":"https:\/\/www.cyclosouvenir.be\/fr\/wp-json\/wp\/v2\/media\/1332"}],"wp:attachment":[{"href":"https:\/\/www.cyclosouvenir.be\/fr\/wp-json\/wp\/v2\/media?parent=11318"}],"wp:term":[{"taxonomy":"product_brand","embeddable":true,"href":"https:\/\/www.cyclosouvenir.be\/fr\/wp-json\/wp\/v2\/product_brand?post=11318"},{"taxonomy":"product_cat","embeddable":true,"href":"https:\/\/www.cyclosouvenir.be\/fr\/wp-json\/wp\/v2\/product_cat?post=11318"},{"taxonomy":"product_tag","embeddable":true,"href":"https:\/\/www.cyclosouvenir.be\/fr\/wp-json\/wp\/v2\/product_tag?post=11318"}],"curies":[{"name":"wp","href":"https:\/\/api.w.org\/{rel}","templated":true}]}}