{"id":11342,"date":"2024-02-13T11:38:19","date_gmt":"2024-02-13T11:38:19","guid":{"rendered":"https:\/\/demo9.inetproductions.be\/product\/col-de-larpettaz-ugine\/"},"modified":"2024-05-07T10:13:56","modified_gmt":"2024-05-07T10:13:56","slug":"col-de-larpettaz-ugine","status":"publish","type":"product","link":"https:\/\/www.cyclosouvenir.be\/fr\/produit\/col-de-larpettaz-ugine\/","title":{"rendered":"Col de l&rsquo;Arpettaz &#8211; Ugine"},"content":{"rendered":"","protected":false},"excerpt":{"rendered":"<p>Le col de l&rsquo;Arpettaz est un col fran\u00e7ais des Alpes, en Savoie, entre le Mont Charvin \u00e0 l&rsquo;ouest et Praz Vechin \u00e0 l&rsquo;est, au-dessus d&rsquo;Ugine au sud. Le col est accessible par la route depuis Ugine par deux itin\u00e9raires : par le Mont Dessous et le Mont Dessus au-dessus de la Vall\u00e9e de la Chaise au sud, ou par Hauteville au-dessus des Gorges de l&rsquo;Arly au sud-est ; il est \u00e9galement accessible depuis le Col des Aravis ou le Val d&rsquo;Arly au nord (par Chaucisse) par un sentier praticable reliant plusieurs chalets d&rsquo;alpage.<\/p>\n<p>Le col est le point de d\u00e9part de l&rsquo;ascension du Mont Charvin par la face sud.<\/p>\n<p>Au sommet, le refuge de l&rsquo;Arpettaz accueille les voyageurs3. Les pentes du col sont couvertes d&rsquo;alpages o\u00f9 paissent les vaches qui produisent le Reblochon4.<\/p>\n<p>La longue et raide mont\u00e9e d&rsquo;Ugine est tr\u00e8s appr\u00e9ci\u00e9e des cyclistes et des courses sont organis\u00e9es chaque ann\u00e9e, notamment lors du Tour de Tarentaise. Wikip\u00e9dia (en anglais)<\/p>\n","protected":false},"featured_media":1285,"comment_status":"closed","ping_status":"closed","template":"","meta":{"_et_pb_use_builder":"","_et_pb_old_content":"","_et_gb_content_width":""},"product_brand":[],"product_cat":[3503,3527,306],"product_tag":[],"class_list":{"0":"post-11342","1":"product","2":"type-product","3":"status-publish","4":"has-post-thumbnail","6":"product_cat-france-fr-2","7":"product_cat-les-alpes-fr","8":"product_cat-bornes","9":"tm-has-options","11":"first","12":"instock","13":"taxable","14":"shipping-taxable","15":"purchasable","16":"product-type-simple"},"yoast_head":"<!-- This site is optimized with the Yoast SEO plugin v26.2 - https:\/\/yoast.com\/wordpress\/plugins\/seo\/ -->\n<title>Col de l&#039;Arpettaz - Ugine - Cyclosouvenir<\/title>\n<meta name=\"robots\" content=\"index, follow, max-snippet:-1, max-image-preview:large, max-video-preview:-1\" \/>\n<link rel=\"canonical\" href=\"https:\/\/www.cyclosouvenir.be\/fr\/produit\/col-de-larpettaz-ugine\/\" \/>\n<meta property=\"og:locale\" content=\"fr_FR\" \/>\n<meta property=\"og:type\" content=\"article\" \/>\n<meta property=\"og:title\" content=\"Col de l&#039;Arpettaz - Ugine - Cyclosouvenir\" \/>\n<meta property=\"og:description\" content=\"Le col de l&#039;Arpettaz est un col fran\u00e7ais des Alpes, en Savoie, entre le Mont Charvin \u00e0 l&#039;ouest et Praz Vechin \u00e0 l&#039;est, au-dessus d&#039;Ugine au sud. Le col est accessible par la route depuis Ugine par deux itin\u00e9raires : par le Mont Dessous et le Mont Dessus au-dessus de la Vall\u00e9e de la Chaise au sud, ou par Hauteville au-dessus des Gorges de l&#039;Arly au sud-est ; il est \u00e9galement accessible depuis le Col des Aravis ou le Val d&#039;Arly au nord (par Chaucisse) par un sentier praticable reliant plusieurs chalets d&#039;alpage. Le col est le point de d\u00e9part de l&#039;ascension du Mont Charvin par la face sud. Au sommet, le refuge de l&#039;Arpettaz accueille les voyageurs3. Les pentes du col sont couvertes d&#039;alpages o\u00f9 paissent les vaches qui produisent le Reblochon4. La longue et raide mont\u00e9e d&#039;Ugine est tr\u00e8s appr\u00e9ci\u00e9e des cyclistes et des courses sont organis\u00e9es chaque ann\u00e9e, notamment lors du Tour de Tarentaise. Wikip\u00e9dia (en anglais)\" \/>\n<meta property=\"og:url\" content=\"https:\/\/www.cyclosouvenir.be\/fr\/produit\/col-de-larpettaz-ugine\/\" \/>\n<meta property=\"og:site_name\" content=\"Cyclosouvenir\" \/>\n<meta property=\"article:modified_time\" content=\"2024-05-07T10:13:56+00:00\" \/>\n<meta property=\"og:image\" content=\"https:\/\/www.cyclosouvenir.be\/wp-content\/uploads\/2024\/02\/Col_de_lArpettaz_Ugine.png\" \/>\n\t<meta property=\"og:image:width\" content=\"250\" \/>\n\t<meta property=\"og:image:height\" content=\"300\" \/>\n\t<meta property=\"og:image:type\" content=\"image\/png\" \/>\n<meta name=\"twitter:card\" content=\"summary_large_image\" \/>\n<script type=\"application\/ld+json\" class=\"yoast-schema-graph\">{\"@context\":\"https:\/\/schema.org\",\"@graph\":[{\"@type\":\"WebPage\",\"@id\":\"https:\/\/www.cyclosouvenir.be\/fr\/produit\/col-de-larpettaz-ugine\/\",\"url\":\"https:\/\/www.cyclosouvenir.be\/fr\/produit\/col-de-larpettaz-ugine\/\",\"name\":\"Col de l'Arpettaz - Ugine - Cyclosouvenir\",\"isPartOf\":{\"@id\":\"https:\/\/www.cyclosouvenir.be\/fr\/#website\"},\"primaryImageOfPage\":{\"@id\":\"https:\/\/www.cyclosouvenir.be\/fr\/produit\/col-de-larpettaz-ugine\/#primaryimage\"},\"image\":{\"@id\":\"https:\/\/www.cyclosouvenir.be\/fr\/produit\/col-de-larpettaz-ugine\/#primaryimage\"},\"thumbnailUrl\":\"https:\/\/www.cyclosouvenir.be\/wp-content\/uploads\/2024\/02\/Col_de_lArpettaz_Ugine.png\",\"datePublished\":\"2024-02-13T11:38:19+00:00\",\"dateModified\":\"2024-05-07T10:13:56+00:00\",\"breadcrumb\":{\"@id\":\"https:\/\/www.cyclosouvenir.be\/fr\/produit\/col-de-larpettaz-ugine\/#breadcrumb\"},\"inLanguage\":\"fr-FR\",\"potentialAction\":[{\"@type\":\"ReadAction\",\"target\":[\"https:\/\/www.cyclosouvenir.be\/fr\/produit\/col-de-larpettaz-ugine\/\"]}]},{\"@type\":\"ImageObject\",\"inLanguage\":\"fr-FR\",\"@id\":\"https:\/\/www.cyclosouvenir.be\/fr\/produit\/col-de-larpettaz-ugine\/#primaryimage\",\"url\":\"https:\/\/www.cyclosouvenir.be\/wp-content\/uploads\/2024\/02\/Col_de_lArpettaz_Ugine.png\",\"contentUrl\":\"https:\/\/www.cyclosouvenir.be\/wp-content\/uploads\/2024\/02\/Col_de_lArpettaz_Ugine.png\",\"width\":250,\"height\":300},{\"@type\":\"BreadcrumbList\",\"@id\":\"https:\/\/www.cyclosouvenir.be\/fr\/produit\/col-de-larpettaz-ugine\/#breadcrumb\",\"itemListElement\":[{\"@type\":\"ListItem\",\"position\":1,\"name\":\"Home\",\"item\":\"https:\/\/www.cyclosouvenir.be\/fr\/\"},{\"@type\":\"ListItem\",\"position\":2,\"name\":\"Boutique\",\"item\":\"https:\/\/www.cyclosouvenir.be\/fr\/boutique\/\"},{\"@type\":\"ListItem\",\"position\":3,\"name\":\"Col de l&#8217;Arpettaz &#8211; Ugine\"}]},{\"@type\":\"WebSite\",\"@id\":\"https:\/\/www.cyclosouvenir.be\/fr\/#website\",\"url\":\"https:\/\/www.cyclosouvenir.be\/fr\/\",\"name\":\"Cyclosouvenir\",\"description\":\"De trofee voor een memorabele beklimming.\",\"publisher\":{\"@id\":\"https:\/\/www.cyclosouvenir.be\/fr\/#organization\"},\"potentialAction\":[{\"@type\":\"SearchAction\",\"target\":{\"@type\":\"EntryPoint\",\"urlTemplate\":\"https:\/\/www.cyclosouvenir.be\/fr\/?s={search_term_string}\"},\"query-input\":{\"@type\":\"PropertyValueSpecification\",\"valueRequired\":true,\"valueName\":\"search_term_string\"}}],\"inLanguage\":\"fr-FR\"},{\"@type\":\"Organization\",\"@id\":\"https:\/\/www.cyclosouvenir.be\/fr\/#organization\",\"name\":\"Cyclosouvenir\",\"url\":\"https:\/\/www.cyclosouvenir.be\/fr\/\",\"logo\":{\"@type\":\"ImageObject\",\"inLanguage\":\"fr-FR\",\"@id\":\"https:\/\/www.cyclosouvenir.be\/fr\/#\/schema\/logo\/image\/\",\"url\":\"https:\/\/www.cyclosouvenir.be\/wp-content\/uploads\/2024\/02\/Cyclosouvenir_Banner-removebg-preview.png\",\"contentUrl\":\"https:\/\/www.cyclosouvenir.be\/wp-content\/uploads\/2024\/02\/Cyclosouvenir_Banner-removebg-preview.png\",\"width\":997,\"height\":250,\"caption\":\"Cyclosouvenir\"},\"image\":{\"@id\":\"https:\/\/www.cyclosouvenir.be\/fr\/#\/schema\/logo\/image\/\"}}]}<\/script>\n<!-- \/ Yoast SEO plugin. -->","yoast_head_json":{"title":"Col de l'Arpettaz - Ugine - Cyclosouvenir","robots":{"index":"index","follow":"follow","max-snippet":"max-snippet:-1","max-image-preview":"max-image-preview:large","max-video-preview":"max-video-preview:-1"},"canonical":"https:\/\/www.cyclosouvenir.be\/fr\/produit\/col-de-larpettaz-ugine\/","og_locale":"fr_FR","og_type":"article","og_title":"Col de l'Arpettaz - Ugine - Cyclosouvenir","og_description":"Le col de l'Arpettaz est un col fran\u00e7ais des Alpes, en Savoie, entre le Mont Charvin \u00e0 l'ouest et Praz Vechin \u00e0 l'est, au-dessus d'Ugine au sud. Le col est accessible par la route depuis Ugine par deux itin\u00e9raires : par le Mont Dessous et le Mont Dessus au-dessus de la Vall\u00e9e de la Chaise au sud, ou par Hauteville au-dessus des Gorges de l'Arly au sud-est ; il est \u00e9galement accessible depuis le Col des Aravis ou le Val d'Arly au nord (par Chaucisse) par un sentier praticable reliant plusieurs chalets d'alpage. Le col est le point de d\u00e9part de l'ascension du Mont Charvin par la face sud. Au sommet, le refuge de l'Arpettaz accueille les voyageurs3. Les pentes du col sont couvertes d'alpages o\u00f9 paissent les vaches qui produisent le Reblochon4. La longue et raide mont\u00e9e d'Ugine est tr\u00e8s appr\u00e9ci\u00e9e des cyclistes et des courses sont organis\u00e9es chaque ann\u00e9e, notamment lors du Tour de Tarentaise. Wikip\u00e9dia (en anglais)","og_url":"https:\/\/www.cyclosouvenir.be\/fr\/produit\/col-de-larpettaz-ugine\/","og_site_name":"Cyclosouvenir","article_modified_time":"2024-05-07T10:13:56+00:00","og_image":[{"width":250,"height":300,"url":"https:\/\/www.cyclosouvenir.be\/wp-content\/uploads\/2024\/02\/Col_de_lArpettaz_Ugine.png","type":"image\/png"}],"twitter_card":"summary_large_image","schema":{"@context":"https:\/\/schema.org","@graph":[{"@type":"WebPage","@id":"https:\/\/www.cyclosouvenir.be\/fr\/produit\/col-de-larpettaz-ugine\/","url":"https:\/\/www.cyclosouvenir.be\/fr\/produit\/col-de-larpettaz-ugine\/","name":"Col de l'Arpettaz - Ugine - Cyclosouvenir","isPartOf":{"@id":"https:\/\/www.cyclosouvenir.be\/fr\/#website"},"primaryImageOfPage":{"@id":"https:\/\/www.cyclosouvenir.be\/fr\/produit\/col-de-larpettaz-ugine\/#primaryimage"},"image":{"@id":"https:\/\/www.cyclosouvenir.be\/fr\/produit\/col-de-larpettaz-ugine\/#primaryimage"},"thumbnailUrl":"https:\/\/www.cyclosouvenir.be\/wp-content\/uploads\/2024\/02\/Col_de_lArpettaz_Ugine.png","datePublished":"2024-02-13T11:38:19+00:00","dateModified":"2024-05-07T10:13:56+00:00","breadcrumb":{"@id":"https:\/\/www.cyclosouvenir.be\/fr\/produit\/col-de-larpettaz-ugine\/#breadcrumb"},"inLanguage":"fr-FR","potentialAction":[{"@type":"ReadAction","target":["https:\/\/www.cyclosouvenir.be\/fr\/produit\/col-de-larpettaz-ugine\/"]}]},{"@type":"ImageObject","inLanguage":"fr-FR","@id":"https:\/\/www.cyclosouvenir.be\/fr\/produit\/col-de-larpettaz-ugine\/#primaryimage","url":"https:\/\/www.cyclosouvenir.be\/wp-content\/uploads\/2024\/02\/Col_de_lArpettaz_Ugine.png","contentUrl":"https:\/\/www.cyclosouvenir.be\/wp-content\/uploads\/2024\/02\/Col_de_lArpettaz_Ugine.png","width":250,"height":300},{"@type":"BreadcrumbList","@id":"https:\/\/www.cyclosouvenir.be\/fr\/produit\/col-de-larpettaz-ugine\/#breadcrumb","itemListElement":[{"@type":"ListItem","position":1,"name":"Home","item":"https:\/\/www.cyclosouvenir.be\/fr\/"},{"@type":"ListItem","position":2,"name":"Boutique","item":"https:\/\/www.cyclosouvenir.be\/fr\/boutique\/"},{"@type":"ListItem","position":3,"name":"Col de l&#8217;Arpettaz &#8211; Ugine"}]},{"@type":"WebSite","@id":"https:\/\/www.cyclosouvenir.be\/fr\/#website","url":"https:\/\/www.cyclosouvenir.be\/fr\/","name":"Cyclosouvenir","description":"De trofee voor een memorabele beklimming.","publisher":{"@id":"https:\/\/www.cyclosouvenir.be\/fr\/#organization"},"potentialAction":[{"@type":"SearchAction","target":{"@type":"EntryPoint","urlTemplate":"https:\/\/www.cyclosouvenir.be\/fr\/?s={search_term_string}"},"query-input":{"@type":"PropertyValueSpecification","valueRequired":true,"valueName":"search_term_string"}}],"inLanguage":"fr-FR"},{"@type":"Organization","@id":"https:\/\/www.cyclosouvenir.be\/fr\/#organization","name":"Cyclosouvenir","url":"https:\/\/www.cyclosouvenir.be\/fr\/","logo":{"@type":"ImageObject","inLanguage":"fr-FR","@id":"https:\/\/www.cyclosouvenir.be\/fr\/#\/schema\/logo\/image\/","url":"https:\/\/www.cyclosouvenir.be\/wp-content\/uploads\/2024\/02\/Cyclosouvenir_Banner-removebg-preview.png","contentUrl":"https:\/\/www.cyclosouvenir.be\/wp-content\/uploads\/2024\/02\/Cyclosouvenir_Banner-removebg-preview.png","width":997,"height":250,"caption":"Cyclosouvenir"},"image":{"@id":"https:\/\/www.cyclosouvenir.be\/fr\/#\/schema\/logo\/image\/"}}]}},"_links":{"self":[{"href":"https:\/\/www.cyclosouvenir.be\/fr\/wp-json\/wp\/v2\/product\/11342","targetHints":{"allow":["GET"]}}],"collection":[{"href":"https:\/\/www.cyclosouvenir.be\/fr\/wp-json\/wp\/v2\/product"}],"about":[{"href":"https:\/\/www.cyclosouvenir.be\/fr\/wp-json\/wp\/v2\/types\/product"}],"replies":[{"embeddable":true,"href":"https:\/\/www.cyclosouvenir.be\/fr\/wp-json\/wp\/v2\/comments?post=11342"}],"wp:featuredmedia":[{"embeddable":true,"href":"https:\/\/www.cyclosouvenir.be\/fr\/wp-json\/wp\/v2\/media\/1285"}],"wp:attachment":[{"href":"https:\/\/www.cyclosouvenir.be\/fr\/wp-json\/wp\/v2\/media?parent=11342"}],"wp:term":[{"taxonomy":"product_brand","embeddable":true,"href":"https:\/\/www.cyclosouvenir.be\/fr\/wp-json\/wp\/v2\/product_brand?post=11342"},{"taxonomy":"product_cat","embeddable":true,"href":"https:\/\/www.cyclosouvenir.be\/fr\/wp-json\/wp\/v2\/product_cat?post=11342"},{"taxonomy":"product_tag","embeddable":true,"href":"https:\/\/www.cyclosouvenir.be\/fr\/wp-json\/wp\/v2\/product_tag?post=11342"}],"curies":[{"name":"wp","href":"https:\/\/api.w.org\/{rel}","templated":true}]}}