{"id":11402,"date":"2024-02-13T11:38:11","date_gmt":"2024-02-13T11:38:11","guid":{"rendered":"https:\/\/demo9.inetproductions.be\/product\/montee-de-valfrejus-modane\/"},"modified":"2024-05-07T10:26:19","modified_gmt":"2024-05-07T10:26:19","slug":"montee-de-valfrejus-modane","status":"publish","type":"product","link":"https:\/\/www.cyclosouvenir.be\/fr\/produit\/montee-de-valfrejus-modane\/","title":{"rendered":"Mont\u00e9e de Valfr\u00e9jus &#8211; Modane"},"content":{"rendered":"","protected":false},"excerpt":{"rendered":"<p>Valfr\u00e9jus a accueilli l&rsquo;arriv\u00e9e de la derni\u00e8re \u00e9tape du crit\u00e9rium du Dauphin\u00e9 2015. La mont\u00e9e a \u00e9t\u00e9 class\u00e9e en premi\u00e8re cat\u00e9gorie. C&rsquo;est Christopher Froome qui s&rsquo;imposait apr\u00e8s une attaque dans les trois derniers kilom\u00e8tres, ravissant du m\u00eame coup le maillot jaune \u00e0 Tejay van Garderen.<\/p>\n<p>Valfr\u00e9jus avait d\u00e9j\u00e0 accueilli l&rsquo;arriv\u00e9e d&rsquo;une \u00e9tape du Crit\u00e9rium du Dauphin\u00e9 Lib\u00e9r\u00e9 en 1987. Wikip\u00e9dia (en anglais)<\/p>\n","protected":false},"featured_media":1184,"comment_status":"closed","ping_status":"closed","template":"","meta":{"_et_pb_use_builder":"","_et_pb_old_content":"","_et_gb_content_width":""},"product_brand":[],"product_cat":[3503,3560,306],"product_tag":[],"class_list":{"0":"post-11402","1":"product","2":"type-product","3":"status-publish","4":"has-post-thumbnail","6":"product_cat-france-fr-2","7":"product_cat-les-pyrenees","8":"product_cat-bornes","9":"tm-has-options","11":"first","12":"instock","13":"taxable","14":"shipping-taxable","15":"purchasable","16":"product-type-simple"},"yoast_head":"<!-- This site is optimized with the Yoast SEO plugin v26.2 - https:\/\/yoast.com\/wordpress\/plugins\/seo\/ -->\n<title>Mont\u00e9e de Valfr\u00e9jus - Modane - Cyclosouvenir<\/title>\n<meta name=\"robots\" content=\"index, follow, max-snippet:-1, max-image-preview:large, max-video-preview:-1\" \/>\n<link rel=\"canonical\" href=\"https:\/\/www.cyclosouvenir.be\/fr\/produit\/montee-de-valfrejus-modane\/\" \/>\n<meta property=\"og:locale\" content=\"fr_FR\" \/>\n<meta property=\"og:type\" content=\"article\" \/>\n<meta property=\"og:title\" content=\"Mont\u00e9e de Valfr\u00e9jus - Modane - Cyclosouvenir\" \/>\n<meta property=\"og:description\" content=\"Valfr\u00e9jus a accueilli l&#039;arriv\u00e9e de la derni\u00e8re \u00e9tape du crit\u00e9rium du Dauphin\u00e9 2015. La mont\u00e9e a \u00e9t\u00e9 class\u00e9e en premi\u00e8re cat\u00e9gorie. C&#039;est Christopher Froome qui s&#039;imposait apr\u00e8s une attaque dans les trois derniers kilom\u00e8tres, ravissant du m\u00eame coup le maillot jaune \u00e0 Tejay van Garderen. Valfr\u00e9jus avait d\u00e9j\u00e0 accueilli l&#039;arriv\u00e9e d&#039;une \u00e9tape du Crit\u00e9rium du Dauphin\u00e9 Lib\u00e9r\u00e9 en 1987. Wikip\u00e9dia (en anglais)\" \/>\n<meta property=\"og:url\" content=\"https:\/\/www.cyclosouvenir.be\/fr\/produit\/montee-de-valfrejus-modane\/\" \/>\n<meta property=\"og:site_name\" content=\"Cyclosouvenir\" \/>\n<meta property=\"article:modified_time\" content=\"2024-05-07T10:26:19+00:00\" \/>\n<meta property=\"og:image\" content=\"https:\/\/www.cyclosouvenir.be\/wp-content\/uploads\/2024\/02\/Montee_de_Valfrejus_Modane.png\" \/>\n\t<meta property=\"og:image:width\" content=\"250\" \/>\n\t<meta property=\"og:image:height\" content=\"300\" \/>\n\t<meta property=\"og:image:type\" content=\"image\/png\" \/>\n<meta name=\"twitter:card\" content=\"summary_large_image\" \/>\n<script type=\"application\/ld+json\" class=\"yoast-schema-graph\">{\"@context\":\"https:\/\/schema.org\",\"@graph\":[{\"@type\":\"WebPage\",\"@id\":\"https:\/\/www.cyclosouvenir.be\/fr\/produit\/montee-de-valfrejus-modane\/\",\"url\":\"https:\/\/www.cyclosouvenir.be\/fr\/produit\/montee-de-valfrejus-modane\/\",\"name\":\"Mont\u00e9e de Valfr\u00e9jus - Modane - Cyclosouvenir\",\"isPartOf\":{\"@id\":\"https:\/\/www.cyclosouvenir.be\/fr\/#website\"},\"primaryImageOfPage\":{\"@id\":\"https:\/\/www.cyclosouvenir.be\/fr\/produit\/montee-de-valfrejus-modane\/#primaryimage\"},\"image\":{\"@id\":\"https:\/\/www.cyclosouvenir.be\/fr\/produit\/montee-de-valfrejus-modane\/#primaryimage\"},\"thumbnailUrl\":\"https:\/\/www.cyclosouvenir.be\/wp-content\/uploads\/2024\/02\/Montee_de_Valfrejus_Modane.png\",\"datePublished\":\"2024-02-13T11:38:11+00:00\",\"dateModified\":\"2024-05-07T10:26:19+00:00\",\"breadcrumb\":{\"@id\":\"https:\/\/www.cyclosouvenir.be\/fr\/produit\/montee-de-valfrejus-modane\/#breadcrumb\"},\"inLanguage\":\"fr-FR\",\"potentialAction\":[{\"@type\":\"ReadAction\",\"target\":[\"https:\/\/www.cyclosouvenir.be\/fr\/produit\/montee-de-valfrejus-modane\/\"]}]},{\"@type\":\"ImageObject\",\"inLanguage\":\"fr-FR\",\"@id\":\"https:\/\/www.cyclosouvenir.be\/fr\/produit\/montee-de-valfrejus-modane\/#primaryimage\",\"url\":\"https:\/\/www.cyclosouvenir.be\/wp-content\/uploads\/2024\/02\/Montee_de_Valfrejus_Modane.png\",\"contentUrl\":\"https:\/\/www.cyclosouvenir.be\/wp-content\/uploads\/2024\/02\/Montee_de_Valfrejus_Modane.png\",\"width\":250,\"height\":300},{\"@type\":\"BreadcrumbList\",\"@id\":\"https:\/\/www.cyclosouvenir.be\/fr\/produit\/montee-de-valfrejus-modane\/#breadcrumb\",\"itemListElement\":[{\"@type\":\"ListItem\",\"position\":1,\"name\":\"Home\",\"item\":\"https:\/\/www.cyclosouvenir.be\/fr\/\"},{\"@type\":\"ListItem\",\"position\":2,\"name\":\"Boutique\",\"item\":\"https:\/\/www.cyclosouvenir.be\/fr\/boutique\/\"},{\"@type\":\"ListItem\",\"position\":3,\"name\":\"Mont\u00e9e de Valfr\u00e9jus &#8211; Modane\"}]},{\"@type\":\"WebSite\",\"@id\":\"https:\/\/www.cyclosouvenir.be\/fr\/#website\",\"url\":\"https:\/\/www.cyclosouvenir.be\/fr\/\",\"name\":\"Cyclosouvenir\",\"description\":\"De trofee voor een memorabele beklimming.\",\"publisher\":{\"@id\":\"https:\/\/www.cyclosouvenir.be\/fr\/#organization\"},\"potentialAction\":[{\"@type\":\"SearchAction\",\"target\":{\"@type\":\"EntryPoint\",\"urlTemplate\":\"https:\/\/www.cyclosouvenir.be\/fr\/?s={search_term_string}\"},\"query-input\":{\"@type\":\"PropertyValueSpecification\",\"valueRequired\":true,\"valueName\":\"search_term_string\"}}],\"inLanguage\":\"fr-FR\"},{\"@type\":\"Organization\",\"@id\":\"https:\/\/www.cyclosouvenir.be\/fr\/#organization\",\"name\":\"Cyclosouvenir\",\"url\":\"https:\/\/www.cyclosouvenir.be\/fr\/\",\"logo\":{\"@type\":\"ImageObject\",\"inLanguage\":\"fr-FR\",\"@id\":\"https:\/\/www.cyclosouvenir.be\/fr\/#\/schema\/logo\/image\/\",\"url\":\"https:\/\/www.cyclosouvenir.be\/wp-content\/uploads\/2024\/02\/Cyclosouvenir_Banner-removebg-preview.png\",\"contentUrl\":\"https:\/\/www.cyclosouvenir.be\/wp-content\/uploads\/2024\/02\/Cyclosouvenir_Banner-removebg-preview.png\",\"width\":997,\"height\":250,\"caption\":\"Cyclosouvenir\"},\"image\":{\"@id\":\"https:\/\/www.cyclosouvenir.be\/fr\/#\/schema\/logo\/image\/\"}}]}<\/script>\n<!-- \/ Yoast SEO plugin. -->","yoast_head_json":{"title":"Mont\u00e9e de Valfr\u00e9jus - Modane - Cyclosouvenir","robots":{"index":"index","follow":"follow","max-snippet":"max-snippet:-1","max-image-preview":"max-image-preview:large","max-video-preview":"max-video-preview:-1"},"canonical":"https:\/\/www.cyclosouvenir.be\/fr\/produit\/montee-de-valfrejus-modane\/","og_locale":"fr_FR","og_type":"article","og_title":"Mont\u00e9e de Valfr\u00e9jus - Modane - Cyclosouvenir","og_description":"Valfr\u00e9jus a accueilli l'arriv\u00e9e de la derni\u00e8re \u00e9tape du crit\u00e9rium du Dauphin\u00e9 2015. La mont\u00e9e a \u00e9t\u00e9 class\u00e9e en premi\u00e8re cat\u00e9gorie. C'est Christopher Froome qui s'imposait apr\u00e8s une attaque dans les trois derniers kilom\u00e8tres, ravissant du m\u00eame coup le maillot jaune \u00e0 Tejay van Garderen. Valfr\u00e9jus avait d\u00e9j\u00e0 accueilli l'arriv\u00e9e d'une \u00e9tape du Crit\u00e9rium du Dauphin\u00e9 Lib\u00e9r\u00e9 en 1987. Wikip\u00e9dia (en anglais)","og_url":"https:\/\/www.cyclosouvenir.be\/fr\/produit\/montee-de-valfrejus-modane\/","og_site_name":"Cyclosouvenir","article_modified_time":"2024-05-07T10:26:19+00:00","og_image":[{"width":250,"height":300,"url":"https:\/\/www.cyclosouvenir.be\/wp-content\/uploads\/2024\/02\/Montee_de_Valfrejus_Modane.png","type":"image\/png"}],"twitter_card":"summary_large_image","schema":{"@context":"https:\/\/schema.org","@graph":[{"@type":"WebPage","@id":"https:\/\/www.cyclosouvenir.be\/fr\/produit\/montee-de-valfrejus-modane\/","url":"https:\/\/www.cyclosouvenir.be\/fr\/produit\/montee-de-valfrejus-modane\/","name":"Mont\u00e9e de Valfr\u00e9jus - Modane - Cyclosouvenir","isPartOf":{"@id":"https:\/\/www.cyclosouvenir.be\/fr\/#website"},"primaryImageOfPage":{"@id":"https:\/\/www.cyclosouvenir.be\/fr\/produit\/montee-de-valfrejus-modane\/#primaryimage"},"image":{"@id":"https:\/\/www.cyclosouvenir.be\/fr\/produit\/montee-de-valfrejus-modane\/#primaryimage"},"thumbnailUrl":"https:\/\/www.cyclosouvenir.be\/wp-content\/uploads\/2024\/02\/Montee_de_Valfrejus_Modane.png","datePublished":"2024-02-13T11:38:11+00:00","dateModified":"2024-05-07T10:26:19+00:00","breadcrumb":{"@id":"https:\/\/www.cyclosouvenir.be\/fr\/produit\/montee-de-valfrejus-modane\/#breadcrumb"},"inLanguage":"fr-FR","potentialAction":[{"@type":"ReadAction","target":["https:\/\/www.cyclosouvenir.be\/fr\/produit\/montee-de-valfrejus-modane\/"]}]},{"@type":"ImageObject","inLanguage":"fr-FR","@id":"https:\/\/www.cyclosouvenir.be\/fr\/produit\/montee-de-valfrejus-modane\/#primaryimage","url":"https:\/\/www.cyclosouvenir.be\/wp-content\/uploads\/2024\/02\/Montee_de_Valfrejus_Modane.png","contentUrl":"https:\/\/www.cyclosouvenir.be\/wp-content\/uploads\/2024\/02\/Montee_de_Valfrejus_Modane.png","width":250,"height":300},{"@type":"BreadcrumbList","@id":"https:\/\/www.cyclosouvenir.be\/fr\/produit\/montee-de-valfrejus-modane\/#breadcrumb","itemListElement":[{"@type":"ListItem","position":1,"name":"Home","item":"https:\/\/www.cyclosouvenir.be\/fr\/"},{"@type":"ListItem","position":2,"name":"Boutique","item":"https:\/\/www.cyclosouvenir.be\/fr\/boutique\/"},{"@type":"ListItem","position":3,"name":"Mont\u00e9e de Valfr\u00e9jus &#8211; Modane"}]},{"@type":"WebSite","@id":"https:\/\/www.cyclosouvenir.be\/fr\/#website","url":"https:\/\/www.cyclosouvenir.be\/fr\/","name":"Cyclosouvenir","description":"De trofee voor een memorabele beklimming.","publisher":{"@id":"https:\/\/www.cyclosouvenir.be\/fr\/#organization"},"potentialAction":[{"@type":"SearchAction","target":{"@type":"EntryPoint","urlTemplate":"https:\/\/www.cyclosouvenir.be\/fr\/?s={search_term_string}"},"query-input":{"@type":"PropertyValueSpecification","valueRequired":true,"valueName":"search_term_string"}}],"inLanguage":"fr-FR"},{"@type":"Organization","@id":"https:\/\/www.cyclosouvenir.be\/fr\/#organization","name":"Cyclosouvenir","url":"https:\/\/www.cyclosouvenir.be\/fr\/","logo":{"@type":"ImageObject","inLanguage":"fr-FR","@id":"https:\/\/www.cyclosouvenir.be\/fr\/#\/schema\/logo\/image\/","url":"https:\/\/www.cyclosouvenir.be\/wp-content\/uploads\/2024\/02\/Cyclosouvenir_Banner-removebg-preview.png","contentUrl":"https:\/\/www.cyclosouvenir.be\/wp-content\/uploads\/2024\/02\/Cyclosouvenir_Banner-removebg-preview.png","width":997,"height":250,"caption":"Cyclosouvenir"},"image":{"@id":"https:\/\/www.cyclosouvenir.be\/fr\/#\/schema\/logo\/image\/"}}]}},"_links":{"self":[{"href":"https:\/\/www.cyclosouvenir.be\/fr\/wp-json\/wp\/v2\/product\/11402","targetHints":{"allow":["GET"]}}],"collection":[{"href":"https:\/\/www.cyclosouvenir.be\/fr\/wp-json\/wp\/v2\/product"}],"about":[{"href":"https:\/\/www.cyclosouvenir.be\/fr\/wp-json\/wp\/v2\/types\/product"}],"replies":[{"embeddable":true,"href":"https:\/\/www.cyclosouvenir.be\/fr\/wp-json\/wp\/v2\/comments?post=11402"}],"wp:featuredmedia":[{"embeddable":true,"href":"https:\/\/www.cyclosouvenir.be\/fr\/wp-json\/wp\/v2\/media\/1184"}],"wp:attachment":[{"href":"https:\/\/www.cyclosouvenir.be\/fr\/wp-json\/wp\/v2\/media?parent=11402"}],"wp:term":[{"taxonomy":"product_brand","embeddable":true,"href":"https:\/\/www.cyclosouvenir.be\/fr\/wp-json\/wp\/v2\/product_brand?post=11402"},{"taxonomy":"product_cat","embeddable":true,"href":"https:\/\/www.cyclosouvenir.be\/fr\/wp-json\/wp\/v2\/product_cat?post=11402"},{"taxonomy":"product_tag","embeddable":true,"href":"https:\/\/www.cyclosouvenir.be\/fr\/wp-json\/wp\/v2\/product_tag?post=11402"}],"curies":[{"name":"wp","href":"https:\/\/api.w.org\/{rel}","templated":true}]}}