{"id":11510,"date":"2024-02-13T11:37:55","date_gmt":"2024-02-13T11:37:55","guid":{"rendered":"https:\/\/demo9.inetproductions.be\/product\/madonna-del-ghissallo-bellagio\/"},"modified":"2024-05-08T07:59:36","modified_gmt":"2024-05-08T07:59:36","slug":"madonna-del-ghissallo-bellagio","status":"publish","type":"product","link":"https:\/\/www.cyclosouvenir.be\/fr\/produit\/madonna-del-ghissallo-bellagio\/","title":{"rendered":"Madonna del Ghissallo &#8211; Bellagio"},"content":{"rendered":"","protected":false},"excerpt":{"rendered":"<p>La Madonna del Ghisallo, ou Santuario della Madonna del Ghisallo, est une petite \u00e9glise construite en 1632 sur le territoire de la commune de Magreglio, au sommet de la colline de Ghisallo, pr\u00e8s du lac de C\u00f4me, en Italie. Nomm\u00e9e d&rsquo;apr\u00e8s une apparition mariale l\u00e9gendaire, elle est c\u00e9l\u00e8bre comme lieu de p\u00e8lerinage pour les cyclistes en Italie. Elle se trouve sur le parcours du Tour de Lombardie, \u00e0 mi-chemin entre les villes de Canzo et Regatola (sur la pointe du lac) et \u00e0 50 kilom\u00e8tres de la ville de Var\u00e8se.<\/p>\n","protected":false},"featured_media":1004,"comment_status":"closed","ping_status":"closed","template":"","meta":{"_et_pb_use_builder":"","_et_pb_old_content":"","_et_gb_content_width":""},"product_brand":[],"product_cat":[3507,3572,306],"product_tag":[],"class_list":{"0":"post-11510","1":"product","2":"type-product","3":"status-publish","4":"has-post-thumbnail","6":"product_cat-italie","7":"product_cat-lombardie-fr","8":"product_cat-bornes","9":"tm-has-options","11":"first","12":"instock","13":"taxable","14":"shipping-taxable","15":"purchasable","16":"product-type-simple"},"yoast_head":"<!-- This site is optimized with the Yoast SEO plugin v26.2 - https:\/\/yoast.com\/wordpress\/plugins\/seo\/ -->\n<title>Madonna del Ghissallo - Bellagio - Cyclosouvenir<\/title>\n<meta name=\"robots\" content=\"index, follow, max-snippet:-1, max-image-preview:large, max-video-preview:-1\" \/>\n<link rel=\"canonical\" href=\"https:\/\/www.cyclosouvenir.be\/fr\/produit\/madonna-del-ghissallo-bellagio\/\" \/>\n<meta property=\"og:locale\" content=\"fr_FR\" \/>\n<meta property=\"og:type\" content=\"article\" \/>\n<meta property=\"og:title\" content=\"Madonna del Ghissallo - Bellagio - Cyclosouvenir\" \/>\n<meta property=\"og:description\" content=\"La Madonna del Ghisallo, ou Santuario della Madonna del Ghisallo, est une petite \u00e9glise construite en 1632 sur le territoire de la commune de Magreglio, au sommet de la colline de Ghisallo, pr\u00e8s du lac de C\u00f4me, en Italie. Nomm\u00e9e d&#039;apr\u00e8s une apparition mariale l\u00e9gendaire, elle est c\u00e9l\u00e8bre comme lieu de p\u00e8lerinage pour les cyclistes en Italie. Elle se trouve sur le parcours du Tour de Lombardie, \u00e0 mi-chemin entre les villes de Canzo et Regatola (sur la pointe du lac) et \u00e0 50 kilom\u00e8tres de la ville de Var\u00e8se.\" \/>\n<meta property=\"og:url\" content=\"https:\/\/www.cyclosouvenir.be\/fr\/produit\/madonna-del-ghissallo-bellagio\/\" \/>\n<meta property=\"og:site_name\" content=\"Cyclosouvenir\" \/>\n<meta property=\"article:modified_time\" content=\"2024-05-08T07:59:36+00:00\" \/>\n<meta property=\"og:image\" content=\"https:\/\/www.cyclosouvenir.be\/wp-content\/uploads\/2024\/02\/Madonna_del_Ghisallo_Bellagio.png\" \/>\n\t<meta property=\"og:image:width\" content=\"250\" \/>\n\t<meta property=\"og:image:height\" content=\"300\" \/>\n\t<meta property=\"og:image:type\" content=\"image\/png\" \/>\n<meta name=\"twitter:card\" content=\"summary_large_image\" \/>\n<script type=\"application\/ld+json\" class=\"yoast-schema-graph\">{\"@context\":\"https:\/\/schema.org\",\"@graph\":[{\"@type\":\"WebPage\",\"@id\":\"https:\/\/www.cyclosouvenir.be\/fr\/produit\/madonna-del-ghissallo-bellagio\/\",\"url\":\"https:\/\/www.cyclosouvenir.be\/fr\/produit\/madonna-del-ghissallo-bellagio\/\",\"name\":\"Madonna del Ghissallo - Bellagio - Cyclosouvenir\",\"isPartOf\":{\"@id\":\"https:\/\/www.cyclosouvenir.be\/fr\/#website\"},\"primaryImageOfPage\":{\"@id\":\"https:\/\/www.cyclosouvenir.be\/fr\/produit\/madonna-del-ghissallo-bellagio\/#primaryimage\"},\"image\":{\"@id\":\"https:\/\/www.cyclosouvenir.be\/fr\/produit\/madonna-del-ghissallo-bellagio\/#primaryimage\"},\"thumbnailUrl\":\"https:\/\/www.cyclosouvenir.be\/wp-content\/uploads\/2024\/02\/Madonna_del_Ghisallo_Bellagio.png\",\"datePublished\":\"2024-02-13T11:37:55+00:00\",\"dateModified\":\"2024-05-08T07:59:36+00:00\",\"breadcrumb\":{\"@id\":\"https:\/\/www.cyclosouvenir.be\/fr\/produit\/madonna-del-ghissallo-bellagio\/#breadcrumb\"},\"inLanguage\":\"fr-FR\",\"potentialAction\":[{\"@type\":\"ReadAction\",\"target\":[\"https:\/\/www.cyclosouvenir.be\/fr\/produit\/madonna-del-ghissallo-bellagio\/\"]}]},{\"@type\":\"ImageObject\",\"inLanguage\":\"fr-FR\",\"@id\":\"https:\/\/www.cyclosouvenir.be\/fr\/produit\/madonna-del-ghissallo-bellagio\/#primaryimage\",\"url\":\"https:\/\/www.cyclosouvenir.be\/wp-content\/uploads\/2024\/02\/Madonna_del_Ghisallo_Bellagio.png\",\"contentUrl\":\"https:\/\/www.cyclosouvenir.be\/wp-content\/uploads\/2024\/02\/Madonna_del_Ghisallo_Bellagio.png\",\"width\":250,\"height\":300},{\"@type\":\"BreadcrumbList\",\"@id\":\"https:\/\/www.cyclosouvenir.be\/fr\/produit\/madonna-del-ghissallo-bellagio\/#breadcrumb\",\"itemListElement\":[{\"@type\":\"ListItem\",\"position\":1,\"name\":\"Home\",\"item\":\"https:\/\/www.cyclosouvenir.be\/fr\/\"},{\"@type\":\"ListItem\",\"position\":2,\"name\":\"Boutique\",\"item\":\"https:\/\/www.cyclosouvenir.be\/fr\/boutique\/\"},{\"@type\":\"ListItem\",\"position\":3,\"name\":\"Madonna del Ghissallo &#8211; Bellagio\"}]},{\"@type\":\"WebSite\",\"@id\":\"https:\/\/www.cyclosouvenir.be\/fr\/#website\",\"url\":\"https:\/\/www.cyclosouvenir.be\/fr\/\",\"name\":\"Cyclosouvenir\",\"description\":\"De trofee voor een memorabele beklimming.\",\"publisher\":{\"@id\":\"https:\/\/www.cyclosouvenir.be\/fr\/#organization\"},\"potentialAction\":[{\"@type\":\"SearchAction\",\"target\":{\"@type\":\"EntryPoint\",\"urlTemplate\":\"https:\/\/www.cyclosouvenir.be\/fr\/?s={search_term_string}\"},\"query-input\":{\"@type\":\"PropertyValueSpecification\",\"valueRequired\":true,\"valueName\":\"search_term_string\"}}],\"inLanguage\":\"fr-FR\"},{\"@type\":\"Organization\",\"@id\":\"https:\/\/www.cyclosouvenir.be\/fr\/#organization\",\"name\":\"Cyclosouvenir\",\"url\":\"https:\/\/www.cyclosouvenir.be\/fr\/\",\"logo\":{\"@type\":\"ImageObject\",\"inLanguage\":\"fr-FR\",\"@id\":\"https:\/\/www.cyclosouvenir.be\/fr\/#\/schema\/logo\/image\/\",\"url\":\"https:\/\/www.cyclosouvenir.be\/wp-content\/uploads\/2024\/02\/Cyclosouvenir_Banner-removebg-preview.png\",\"contentUrl\":\"https:\/\/www.cyclosouvenir.be\/wp-content\/uploads\/2024\/02\/Cyclosouvenir_Banner-removebg-preview.png\",\"width\":997,\"height\":250,\"caption\":\"Cyclosouvenir\"},\"image\":{\"@id\":\"https:\/\/www.cyclosouvenir.be\/fr\/#\/schema\/logo\/image\/\"}}]}<\/script>\n<!-- \/ Yoast SEO plugin. -->","yoast_head_json":{"title":"Madonna del Ghissallo - Bellagio - Cyclosouvenir","robots":{"index":"index","follow":"follow","max-snippet":"max-snippet:-1","max-image-preview":"max-image-preview:large","max-video-preview":"max-video-preview:-1"},"canonical":"https:\/\/www.cyclosouvenir.be\/fr\/produit\/madonna-del-ghissallo-bellagio\/","og_locale":"fr_FR","og_type":"article","og_title":"Madonna del Ghissallo - Bellagio - Cyclosouvenir","og_description":"La Madonna del Ghisallo, ou Santuario della Madonna del Ghisallo, est une petite \u00e9glise construite en 1632 sur le territoire de la commune de Magreglio, au sommet de la colline de Ghisallo, pr\u00e8s du lac de C\u00f4me, en Italie. Nomm\u00e9e d'apr\u00e8s une apparition mariale l\u00e9gendaire, elle est c\u00e9l\u00e8bre comme lieu de p\u00e8lerinage pour les cyclistes en Italie. Elle se trouve sur le parcours du Tour de Lombardie, \u00e0 mi-chemin entre les villes de Canzo et Regatola (sur la pointe du lac) et \u00e0 50 kilom\u00e8tres de la ville de Var\u00e8se.","og_url":"https:\/\/www.cyclosouvenir.be\/fr\/produit\/madonna-del-ghissallo-bellagio\/","og_site_name":"Cyclosouvenir","article_modified_time":"2024-05-08T07:59:36+00:00","og_image":[{"width":250,"height":300,"url":"https:\/\/www.cyclosouvenir.be\/wp-content\/uploads\/2024\/02\/Madonna_del_Ghisallo_Bellagio.png","type":"image\/png"}],"twitter_card":"summary_large_image","schema":{"@context":"https:\/\/schema.org","@graph":[{"@type":"WebPage","@id":"https:\/\/www.cyclosouvenir.be\/fr\/produit\/madonna-del-ghissallo-bellagio\/","url":"https:\/\/www.cyclosouvenir.be\/fr\/produit\/madonna-del-ghissallo-bellagio\/","name":"Madonna del Ghissallo - Bellagio - Cyclosouvenir","isPartOf":{"@id":"https:\/\/www.cyclosouvenir.be\/fr\/#website"},"primaryImageOfPage":{"@id":"https:\/\/www.cyclosouvenir.be\/fr\/produit\/madonna-del-ghissallo-bellagio\/#primaryimage"},"image":{"@id":"https:\/\/www.cyclosouvenir.be\/fr\/produit\/madonna-del-ghissallo-bellagio\/#primaryimage"},"thumbnailUrl":"https:\/\/www.cyclosouvenir.be\/wp-content\/uploads\/2024\/02\/Madonna_del_Ghisallo_Bellagio.png","datePublished":"2024-02-13T11:37:55+00:00","dateModified":"2024-05-08T07:59:36+00:00","breadcrumb":{"@id":"https:\/\/www.cyclosouvenir.be\/fr\/produit\/madonna-del-ghissallo-bellagio\/#breadcrumb"},"inLanguage":"fr-FR","potentialAction":[{"@type":"ReadAction","target":["https:\/\/www.cyclosouvenir.be\/fr\/produit\/madonna-del-ghissallo-bellagio\/"]}]},{"@type":"ImageObject","inLanguage":"fr-FR","@id":"https:\/\/www.cyclosouvenir.be\/fr\/produit\/madonna-del-ghissallo-bellagio\/#primaryimage","url":"https:\/\/www.cyclosouvenir.be\/wp-content\/uploads\/2024\/02\/Madonna_del_Ghisallo_Bellagio.png","contentUrl":"https:\/\/www.cyclosouvenir.be\/wp-content\/uploads\/2024\/02\/Madonna_del_Ghisallo_Bellagio.png","width":250,"height":300},{"@type":"BreadcrumbList","@id":"https:\/\/www.cyclosouvenir.be\/fr\/produit\/madonna-del-ghissallo-bellagio\/#breadcrumb","itemListElement":[{"@type":"ListItem","position":1,"name":"Home","item":"https:\/\/www.cyclosouvenir.be\/fr\/"},{"@type":"ListItem","position":2,"name":"Boutique","item":"https:\/\/www.cyclosouvenir.be\/fr\/boutique\/"},{"@type":"ListItem","position":3,"name":"Madonna del Ghissallo &#8211; Bellagio"}]},{"@type":"WebSite","@id":"https:\/\/www.cyclosouvenir.be\/fr\/#website","url":"https:\/\/www.cyclosouvenir.be\/fr\/","name":"Cyclosouvenir","description":"De trofee voor een memorabele beklimming.","publisher":{"@id":"https:\/\/www.cyclosouvenir.be\/fr\/#organization"},"potentialAction":[{"@type":"SearchAction","target":{"@type":"EntryPoint","urlTemplate":"https:\/\/www.cyclosouvenir.be\/fr\/?s={search_term_string}"},"query-input":{"@type":"PropertyValueSpecification","valueRequired":true,"valueName":"search_term_string"}}],"inLanguage":"fr-FR"},{"@type":"Organization","@id":"https:\/\/www.cyclosouvenir.be\/fr\/#organization","name":"Cyclosouvenir","url":"https:\/\/www.cyclosouvenir.be\/fr\/","logo":{"@type":"ImageObject","inLanguage":"fr-FR","@id":"https:\/\/www.cyclosouvenir.be\/fr\/#\/schema\/logo\/image\/","url":"https:\/\/www.cyclosouvenir.be\/wp-content\/uploads\/2024\/02\/Cyclosouvenir_Banner-removebg-preview.png","contentUrl":"https:\/\/www.cyclosouvenir.be\/wp-content\/uploads\/2024\/02\/Cyclosouvenir_Banner-removebg-preview.png","width":997,"height":250,"caption":"Cyclosouvenir"},"image":{"@id":"https:\/\/www.cyclosouvenir.be\/fr\/#\/schema\/logo\/image\/"}}]}},"_links":{"self":[{"href":"https:\/\/www.cyclosouvenir.be\/fr\/wp-json\/wp\/v2\/product\/11510","targetHints":{"allow":["GET"]}}],"collection":[{"href":"https:\/\/www.cyclosouvenir.be\/fr\/wp-json\/wp\/v2\/product"}],"about":[{"href":"https:\/\/www.cyclosouvenir.be\/fr\/wp-json\/wp\/v2\/types\/product"}],"replies":[{"embeddable":true,"href":"https:\/\/www.cyclosouvenir.be\/fr\/wp-json\/wp\/v2\/comments?post=11510"}],"wp:featuredmedia":[{"embeddable":true,"href":"https:\/\/www.cyclosouvenir.be\/fr\/wp-json\/wp\/v2\/media\/1004"}],"wp:attachment":[{"href":"https:\/\/www.cyclosouvenir.be\/fr\/wp-json\/wp\/v2\/media?parent=11510"}],"wp:term":[{"taxonomy":"product_brand","embeddable":true,"href":"https:\/\/www.cyclosouvenir.be\/fr\/wp-json\/wp\/v2\/product_brand?post=11510"},{"taxonomy":"product_cat","embeddable":true,"href":"https:\/\/www.cyclosouvenir.be\/fr\/wp-json\/wp\/v2\/product_cat?post=11510"},{"taxonomy":"product_tag","embeddable":true,"href":"https:\/\/www.cyclosouvenir.be\/fr\/wp-json\/wp\/v2\/product_tag?post=11510"}],"curies":[{"name":"wp","href":"https:\/\/api.w.org\/{rel}","templated":true}]}}