{"id":11624,"date":"2024-02-13T11:37:39","date_gmt":"2024-02-13T11:37:39","guid":{"rendered":"https:\/\/demo9.inetproductions.be\/product\/col-de-perty-la-combe\/"},"modified":"2024-05-08T11:30:24","modified_gmt":"2024-05-08T11:30:24","slug":"col-de-perty-la-combe","status":"publish","type":"product","link":"https:\/\/www.cyclosouvenir.be\/fr\/produit\/col-de-perty-la-combe\/","title":{"rendered":"Col de Perty &#8211; La Combe"},"content":{"rendered":"","protected":false},"excerpt":{"rendered":"<p>Le col de Perty \u00e0 1 302 m\u00e8tres d&rsquo;altitude relie Saint-Auban-sur-l&rsquo;Ouv\u00e8ze \u00e0 l&rsquo;ouest et Orpierre \u00e0 l&rsquo;est<\/p>\n<p>Il se situe dans le massif des Baronnies, \u00e0 l&rsquo;est de la montagne de la Claveli\u00e8re, dans le d\u00e9partement de la Dr\u00f4me entre les communes de Montauban-sur-l&rsquo;Ouv\u00e8ze c\u00f4t\u00e9 ouest et de Laborel c\u00f4t\u00e9 est. Il se situe \u00e9galement juste au nord de la montagne de Chamouse (1 532 m), haut lieu de randonn\u00e9e2 dans le parc naturel r\u00e9gional des Baronnies proven\u00e7ales.Wikipedia<\/p>\n","protected":false},"featured_media":809,"comment_status":"closed","ping_status":"closed","template":"","meta":{"_et_pb_use_builder":"","_et_pb_old_content":"","_et_gb_content_width":""},"product_brand":[],"product_cat":[3503,3527,306],"product_tag":[],"class_list":{"0":"post-11624","1":"product","2":"type-product","3":"status-publish","4":"has-post-thumbnail","6":"product_cat-france-fr-2","7":"product_cat-les-alpes-fr","8":"product_cat-bornes","9":"tm-has-options","11":"first","12":"instock","13":"taxable","14":"shipping-taxable","15":"purchasable","16":"product-type-simple"},"yoast_head":"<!-- This site is optimized with the Yoast SEO plugin v26.2 - https:\/\/yoast.com\/wordpress\/plugins\/seo\/ -->\n<title>Col de Perty - La Combe - Cyclosouvenir<\/title>\n<meta name=\"robots\" content=\"index, follow, max-snippet:-1, max-image-preview:large, max-video-preview:-1\" \/>\n<link rel=\"canonical\" href=\"https:\/\/www.cyclosouvenir.be\/fr\/produit\/col-de-perty-la-combe\/\" \/>\n<meta property=\"og:locale\" content=\"fr_FR\" \/>\n<meta property=\"og:type\" content=\"article\" \/>\n<meta property=\"og:title\" content=\"Col de Perty - La Combe - Cyclosouvenir\" \/>\n<meta property=\"og:description\" content=\"Le col de Perty \u00e0 1 302 m\u00e8tres d&#039;altitude relie Saint-Auban-sur-l&#039;Ouv\u00e8ze \u00e0 l&#039;ouest et Orpierre \u00e0 l&#039;est Il se situe dans le massif des Baronnies, \u00e0 l&#039;est de la montagne de la Claveli\u00e8re, dans le d\u00e9partement de la Dr\u00f4me entre les communes de Montauban-sur-l&#039;Ouv\u00e8ze c\u00f4t\u00e9 ouest et de Laborel c\u00f4t\u00e9 est. Il se situe \u00e9galement juste au nord de la montagne de Chamouse (1 532 m), haut lieu de randonn\u00e9e2 dans le parc naturel r\u00e9gional des Baronnies proven\u00e7ales.Wikipedia\" \/>\n<meta property=\"og:url\" content=\"https:\/\/www.cyclosouvenir.be\/fr\/produit\/col-de-perty-la-combe\/\" \/>\n<meta property=\"og:site_name\" content=\"Cyclosouvenir\" \/>\n<meta property=\"article:modified_time\" content=\"2024-05-08T11:30:24+00:00\" \/>\n<meta property=\"og:image\" content=\"https:\/\/www.cyclosouvenir.be\/wp-content\/uploads\/2024\/02\/Col_de_Perty_La_Combe.png\" \/>\n\t<meta property=\"og:image:width\" content=\"250\" \/>\n\t<meta property=\"og:image:height\" content=\"300\" \/>\n\t<meta property=\"og:image:type\" content=\"image\/png\" \/>\n<meta name=\"twitter:card\" content=\"summary_large_image\" \/>\n<script type=\"application\/ld+json\" class=\"yoast-schema-graph\">{\"@context\":\"https:\/\/schema.org\",\"@graph\":[{\"@type\":\"WebPage\",\"@id\":\"https:\/\/www.cyclosouvenir.be\/fr\/produit\/col-de-perty-la-combe\/\",\"url\":\"https:\/\/www.cyclosouvenir.be\/fr\/produit\/col-de-perty-la-combe\/\",\"name\":\"Col de Perty - La Combe - Cyclosouvenir\",\"isPartOf\":{\"@id\":\"https:\/\/www.cyclosouvenir.be\/fr\/#website\"},\"primaryImageOfPage\":{\"@id\":\"https:\/\/www.cyclosouvenir.be\/fr\/produit\/col-de-perty-la-combe\/#primaryimage\"},\"image\":{\"@id\":\"https:\/\/www.cyclosouvenir.be\/fr\/produit\/col-de-perty-la-combe\/#primaryimage\"},\"thumbnailUrl\":\"https:\/\/www.cyclosouvenir.be\/wp-content\/uploads\/2024\/02\/Col_de_Perty_La_Combe.png\",\"datePublished\":\"2024-02-13T11:37:39+00:00\",\"dateModified\":\"2024-05-08T11:30:24+00:00\",\"breadcrumb\":{\"@id\":\"https:\/\/www.cyclosouvenir.be\/fr\/produit\/col-de-perty-la-combe\/#breadcrumb\"},\"inLanguage\":\"fr-FR\",\"potentialAction\":[{\"@type\":\"ReadAction\",\"target\":[\"https:\/\/www.cyclosouvenir.be\/fr\/produit\/col-de-perty-la-combe\/\"]}]},{\"@type\":\"ImageObject\",\"inLanguage\":\"fr-FR\",\"@id\":\"https:\/\/www.cyclosouvenir.be\/fr\/produit\/col-de-perty-la-combe\/#primaryimage\",\"url\":\"https:\/\/www.cyclosouvenir.be\/wp-content\/uploads\/2024\/02\/Col_de_Perty_La_Combe.png\",\"contentUrl\":\"https:\/\/www.cyclosouvenir.be\/wp-content\/uploads\/2024\/02\/Col_de_Perty_La_Combe.png\",\"width\":250,\"height\":300},{\"@type\":\"BreadcrumbList\",\"@id\":\"https:\/\/www.cyclosouvenir.be\/fr\/produit\/col-de-perty-la-combe\/#breadcrumb\",\"itemListElement\":[{\"@type\":\"ListItem\",\"position\":1,\"name\":\"Home\",\"item\":\"https:\/\/www.cyclosouvenir.be\/fr\/\"},{\"@type\":\"ListItem\",\"position\":2,\"name\":\"Boutique\",\"item\":\"https:\/\/www.cyclosouvenir.be\/fr\/boutique\/\"},{\"@type\":\"ListItem\",\"position\":3,\"name\":\"Col de Perty &#8211; La Combe\"}]},{\"@type\":\"WebSite\",\"@id\":\"https:\/\/www.cyclosouvenir.be\/fr\/#website\",\"url\":\"https:\/\/www.cyclosouvenir.be\/fr\/\",\"name\":\"Cyclosouvenir\",\"description\":\"De trofee voor een memorabele beklimming.\",\"publisher\":{\"@id\":\"https:\/\/www.cyclosouvenir.be\/fr\/#organization\"},\"potentialAction\":[{\"@type\":\"SearchAction\",\"target\":{\"@type\":\"EntryPoint\",\"urlTemplate\":\"https:\/\/www.cyclosouvenir.be\/fr\/?s={search_term_string}\"},\"query-input\":{\"@type\":\"PropertyValueSpecification\",\"valueRequired\":true,\"valueName\":\"search_term_string\"}}],\"inLanguage\":\"fr-FR\"},{\"@type\":\"Organization\",\"@id\":\"https:\/\/www.cyclosouvenir.be\/fr\/#organization\",\"name\":\"Cyclosouvenir\",\"url\":\"https:\/\/www.cyclosouvenir.be\/fr\/\",\"logo\":{\"@type\":\"ImageObject\",\"inLanguage\":\"fr-FR\",\"@id\":\"https:\/\/www.cyclosouvenir.be\/fr\/#\/schema\/logo\/image\/\",\"url\":\"https:\/\/www.cyclosouvenir.be\/wp-content\/uploads\/2024\/02\/Cyclosouvenir_Banner-removebg-preview.png\",\"contentUrl\":\"https:\/\/www.cyclosouvenir.be\/wp-content\/uploads\/2024\/02\/Cyclosouvenir_Banner-removebg-preview.png\",\"width\":997,\"height\":250,\"caption\":\"Cyclosouvenir\"},\"image\":{\"@id\":\"https:\/\/www.cyclosouvenir.be\/fr\/#\/schema\/logo\/image\/\"}}]}<\/script>\n<!-- \/ Yoast SEO plugin. -->","yoast_head_json":{"title":"Col de Perty - La Combe - Cyclosouvenir","robots":{"index":"index","follow":"follow","max-snippet":"max-snippet:-1","max-image-preview":"max-image-preview:large","max-video-preview":"max-video-preview:-1"},"canonical":"https:\/\/www.cyclosouvenir.be\/fr\/produit\/col-de-perty-la-combe\/","og_locale":"fr_FR","og_type":"article","og_title":"Col de Perty - La Combe - Cyclosouvenir","og_description":"Le col de Perty \u00e0 1 302 m\u00e8tres d'altitude relie Saint-Auban-sur-l'Ouv\u00e8ze \u00e0 l'ouest et Orpierre \u00e0 l'est Il se situe dans le massif des Baronnies, \u00e0 l'est de la montagne de la Claveli\u00e8re, dans le d\u00e9partement de la Dr\u00f4me entre les communes de Montauban-sur-l'Ouv\u00e8ze c\u00f4t\u00e9 ouest et de Laborel c\u00f4t\u00e9 est. Il se situe \u00e9galement juste au nord de la montagne de Chamouse (1 532 m), haut lieu de randonn\u00e9e2 dans le parc naturel r\u00e9gional des Baronnies proven\u00e7ales.Wikipedia","og_url":"https:\/\/www.cyclosouvenir.be\/fr\/produit\/col-de-perty-la-combe\/","og_site_name":"Cyclosouvenir","article_modified_time":"2024-05-08T11:30:24+00:00","og_image":[{"width":250,"height":300,"url":"https:\/\/www.cyclosouvenir.be\/wp-content\/uploads\/2024\/02\/Col_de_Perty_La_Combe.png","type":"image\/png"}],"twitter_card":"summary_large_image","schema":{"@context":"https:\/\/schema.org","@graph":[{"@type":"WebPage","@id":"https:\/\/www.cyclosouvenir.be\/fr\/produit\/col-de-perty-la-combe\/","url":"https:\/\/www.cyclosouvenir.be\/fr\/produit\/col-de-perty-la-combe\/","name":"Col de Perty - La Combe - Cyclosouvenir","isPartOf":{"@id":"https:\/\/www.cyclosouvenir.be\/fr\/#website"},"primaryImageOfPage":{"@id":"https:\/\/www.cyclosouvenir.be\/fr\/produit\/col-de-perty-la-combe\/#primaryimage"},"image":{"@id":"https:\/\/www.cyclosouvenir.be\/fr\/produit\/col-de-perty-la-combe\/#primaryimage"},"thumbnailUrl":"https:\/\/www.cyclosouvenir.be\/wp-content\/uploads\/2024\/02\/Col_de_Perty_La_Combe.png","datePublished":"2024-02-13T11:37:39+00:00","dateModified":"2024-05-08T11:30:24+00:00","breadcrumb":{"@id":"https:\/\/www.cyclosouvenir.be\/fr\/produit\/col-de-perty-la-combe\/#breadcrumb"},"inLanguage":"fr-FR","potentialAction":[{"@type":"ReadAction","target":["https:\/\/www.cyclosouvenir.be\/fr\/produit\/col-de-perty-la-combe\/"]}]},{"@type":"ImageObject","inLanguage":"fr-FR","@id":"https:\/\/www.cyclosouvenir.be\/fr\/produit\/col-de-perty-la-combe\/#primaryimage","url":"https:\/\/www.cyclosouvenir.be\/wp-content\/uploads\/2024\/02\/Col_de_Perty_La_Combe.png","contentUrl":"https:\/\/www.cyclosouvenir.be\/wp-content\/uploads\/2024\/02\/Col_de_Perty_La_Combe.png","width":250,"height":300},{"@type":"BreadcrumbList","@id":"https:\/\/www.cyclosouvenir.be\/fr\/produit\/col-de-perty-la-combe\/#breadcrumb","itemListElement":[{"@type":"ListItem","position":1,"name":"Home","item":"https:\/\/www.cyclosouvenir.be\/fr\/"},{"@type":"ListItem","position":2,"name":"Boutique","item":"https:\/\/www.cyclosouvenir.be\/fr\/boutique\/"},{"@type":"ListItem","position":3,"name":"Col de Perty &#8211; La Combe"}]},{"@type":"WebSite","@id":"https:\/\/www.cyclosouvenir.be\/fr\/#website","url":"https:\/\/www.cyclosouvenir.be\/fr\/","name":"Cyclosouvenir","description":"De trofee voor een memorabele beklimming.","publisher":{"@id":"https:\/\/www.cyclosouvenir.be\/fr\/#organization"},"potentialAction":[{"@type":"SearchAction","target":{"@type":"EntryPoint","urlTemplate":"https:\/\/www.cyclosouvenir.be\/fr\/?s={search_term_string}"},"query-input":{"@type":"PropertyValueSpecification","valueRequired":true,"valueName":"search_term_string"}}],"inLanguage":"fr-FR"},{"@type":"Organization","@id":"https:\/\/www.cyclosouvenir.be\/fr\/#organization","name":"Cyclosouvenir","url":"https:\/\/www.cyclosouvenir.be\/fr\/","logo":{"@type":"ImageObject","inLanguage":"fr-FR","@id":"https:\/\/www.cyclosouvenir.be\/fr\/#\/schema\/logo\/image\/","url":"https:\/\/www.cyclosouvenir.be\/wp-content\/uploads\/2024\/02\/Cyclosouvenir_Banner-removebg-preview.png","contentUrl":"https:\/\/www.cyclosouvenir.be\/wp-content\/uploads\/2024\/02\/Cyclosouvenir_Banner-removebg-preview.png","width":997,"height":250,"caption":"Cyclosouvenir"},"image":{"@id":"https:\/\/www.cyclosouvenir.be\/fr\/#\/schema\/logo\/image\/"}}]}},"_links":{"self":[{"href":"https:\/\/www.cyclosouvenir.be\/fr\/wp-json\/wp\/v2\/product\/11624","targetHints":{"allow":["GET"]}}],"collection":[{"href":"https:\/\/www.cyclosouvenir.be\/fr\/wp-json\/wp\/v2\/product"}],"about":[{"href":"https:\/\/www.cyclosouvenir.be\/fr\/wp-json\/wp\/v2\/types\/product"}],"replies":[{"embeddable":true,"href":"https:\/\/www.cyclosouvenir.be\/fr\/wp-json\/wp\/v2\/comments?post=11624"}],"wp:featuredmedia":[{"embeddable":true,"href":"https:\/\/www.cyclosouvenir.be\/fr\/wp-json\/wp\/v2\/media\/809"}],"wp:attachment":[{"href":"https:\/\/www.cyclosouvenir.be\/fr\/wp-json\/wp\/v2\/media?parent=11624"}],"wp:term":[{"taxonomy":"product_brand","embeddable":true,"href":"https:\/\/www.cyclosouvenir.be\/fr\/wp-json\/wp\/v2\/product_brand?post=11624"},{"taxonomy":"product_cat","embeddable":true,"href":"https:\/\/www.cyclosouvenir.be\/fr\/wp-json\/wp\/v2\/product_cat?post=11624"},{"taxonomy":"product_tag","embeddable":true,"href":"https:\/\/www.cyclosouvenir.be\/fr\/wp-json\/wp\/v2\/product_tag?post=11624"}],"curies":[{"name":"wp","href":"https:\/\/api.w.org\/{rel}","templated":true}]}}