{"id":11737,"date":"2024-02-13T11:37:31","date_gmt":"2024-02-13T11:37:31","guid":{"rendered":"https:\/\/demo9.inetproductions.be\/product\/planche-des-belles-filles-plancher-les-mines\/"},"modified":"2024-05-08T14:49:07","modified_gmt":"2024-05-08T14:49:07","slug":"planche-des-belles-filles-plancher-les-mines","status":"publish","type":"product","link":"https:\/\/www.cyclosouvenir.be\/fr\/produit\/planche-des-belles-filles-plancher-les-mines\/","title":{"rendered":"Planche des Belles Filles &#8211; Plancher les Mines"},"content":{"rendered":"","protected":false},"excerpt":{"rendered":"<p>La Planche des Belles Filles est un sommet de 1148 m\u00e8tres d&rsquo;altitude situ\u00e9 dans les Vosges. La Planche des Belles Filles est situ\u00e9e dans le d\u00e9partement de la Haute-Sa\u00f4ne sur la commune de Plancher-les-Mines, \u00e0 la limite du d\u00e9partement du Territoire de Belfort. Wikip\u00e9dia<\/p>\n","protected":false},"featured_media":644,"comment_status":"closed","ping_status":"closed","template":"","meta":{"_et_pb_use_builder":"","_et_pb_old_content":"","_et_gb_content_width":""},"product_brand":[],"product_cat":[3503,3563,306],"product_tag":[],"class_list":{"0":"post-11737","1":"product","2":"type-product","3":"status-publish","4":"has-post-thumbnail","6":"product_cat-france-fr-2","7":"product_cat-vosges-fr-2","8":"product_cat-bornes","9":"tm-has-options","11":"first","12":"instock","13":"taxable","14":"shipping-taxable","15":"purchasable","16":"product-type-simple"},"yoast_head":"<!-- This site is optimized with the Yoast SEO plugin v26.2 - https:\/\/yoast.com\/wordpress\/plugins\/seo\/ -->\n<title>Planche des Belles Filles - Plancher les Mines - Cyclosouvenir<\/title>\n<meta name=\"robots\" content=\"index, follow, max-snippet:-1, max-image-preview:large, max-video-preview:-1\" \/>\n<link rel=\"canonical\" href=\"https:\/\/www.cyclosouvenir.be\/fr\/produit\/planche-des-belles-filles-plancher-les-mines\/\" \/>\n<meta property=\"og:locale\" content=\"fr_FR\" \/>\n<meta property=\"og:type\" content=\"article\" \/>\n<meta property=\"og:title\" content=\"Planche des Belles Filles - Plancher les Mines - Cyclosouvenir\" \/>\n<meta property=\"og:description\" content=\"La Planche des Belles Filles est un sommet de 1148 m\u00e8tres d&#039;altitude situ\u00e9 dans les Vosges. La Planche des Belles Filles est situ\u00e9e dans le d\u00e9partement de la Haute-Sa\u00f4ne sur la commune de Plancher-les-Mines, \u00e0 la limite du d\u00e9partement du Territoire de Belfort. Wikip\u00e9dia\" \/>\n<meta property=\"og:url\" content=\"https:\/\/www.cyclosouvenir.be\/fr\/produit\/planche-des-belles-filles-plancher-les-mines\/\" \/>\n<meta property=\"og:site_name\" content=\"Cyclosouvenir\" \/>\n<meta property=\"article:modified_time\" content=\"2024-05-08T14:49:07+00:00\" \/>\n<meta property=\"og:image\" content=\"https:\/\/www.cyclosouvenir.be\/wp-content\/uploads\/2024\/02\/Planche_des_Belles_Filles_Plancher_les_Mines.png\" \/>\n\t<meta property=\"og:image:width\" content=\"250\" \/>\n\t<meta property=\"og:image:height\" content=\"300\" \/>\n\t<meta property=\"og:image:type\" content=\"image\/png\" \/>\n<meta name=\"twitter:card\" content=\"summary_large_image\" \/>\n<script type=\"application\/ld+json\" class=\"yoast-schema-graph\">{\"@context\":\"https:\/\/schema.org\",\"@graph\":[{\"@type\":\"WebPage\",\"@id\":\"https:\/\/www.cyclosouvenir.be\/fr\/produit\/planche-des-belles-filles-plancher-les-mines\/\",\"url\":\"https:\/\/www.cyclosouvenir.be\/fr\/produit\/planche-des-belles-filles-plancher-les-mines\/\",\"name\":\"Planche des Belles Filles - Plancher les Mines - Cyclosouvenir\",\"isPartOf\":{\"@id\":\"https:\/\/www.cyclosouvenir.be\/fr\/#website\"},\"primaryImageOfPage\":{\"@id\":\"https:\/\/www.cyclosouvenir.be\/fr\/produit\/planche-des-belles-filles-plancher-les-mines\/#primaryimage\"},\"image\":{\"@id\":\"https:\/\/www.cyclosouvenir.be\/fr\/produit\/planche-des-belles-filles-plancher-les-mines\/#primaryimage\"},\"thumbnailUrl\":\"https:\/\/www.cyclosouvenir.be\/wp-content\/uploads\/2024\/02\/Planche_des_Belles_Filles_Plancher_les_Mines.png\",\"datePublished\":\"2024-02-13T11:37:31+00:00\",\"dateModified\":\"2024-05-08T14:49:07+00:00\",\"breadcrumb\":{\"@id\":\"https:\/\/www.cyclosouvenir.be\/fr\/produit\/planche-des-belles-filles-plancher-les-mines\/#breadcrumb\"},\"inLanguage\":\"fr-FR\",\"potentialAction\":[{\"@type\":\"ReadAction\",\"target\":[\"https:\/\/www.cyclosouvenir.be\/fr\/produit\/planche-des-belles-filles-plancher-les-mines\/\"]}]},{\"@type\":\"ImageObject\",\"inLanguage\":\"fr-FR\",\"@id\":\"https:\/\/www.cyclosouvenir.be\/fr\/produit\/planche-des-belles-filles-plancher-les-mines\/#primaryimage\",\"url\":\"https:\/\/www.cyclosouvenir.be\/wp-content\/uploads\/2024\/02\/Planche_des_Belles_Filles_Plancher_les_Mines.png\",\"contentUrl\":\"https:\/\/www.cyclosouvenir.be\/wp-content\/uploads\/2024\/02\/Planche_des_Belles_Filles_Plancher_les_Mines.png\",\"width\":250,\"height\":300},{\"@type\":\"BreadcrumbList\",\"@id\":\"https:\/\/www.cyclosouvenir.be\/fr\/produit\/planche-des-belles-filles-plancher-les-mines\/#breadcrumb\",\"itemListElement\":[{\"@type\":\"ListItem\",\"position\":1,\"name\":\"Home\",\"item\":\"https:\/\/www.cyclosouvenir.be\/fr\/\"},{\"@type\":\"ListItem\",\"position\":2,\"name\":\"Boutique\",\"item\":\"https:\/\/www.cyclosouvenir.be\/fr\/boutique\/\"},{\"@type\":\"ListItem\",\"position\":3,\"name\":\"Planche des Belles Filles &#8211; Plancher les Mines\"}]},{\"@type\":\"WebSite\",\"@id\":\"https:\/\/www.cyclosouvenir.be\/fr\/#website\",\"url\":\"https:\/\/www.cyclosouvenir.be\/fr\/\",\"name\":\"Cyclosouvenir\",\"description\":\"De trofee voor een memorabele beklimming.\",\"publisher\":{\"@id\":\"https:\/\/www.cyclosouvenir.be\/fr\/#organization\"},\"potentialAction\":[{\"@type\":\"SearchAction\",\"target\":{\"@type\":\"EntryPoint\",\"urlTemplate\":\"https:\/\/www.cyclosouvenir.be\/fr\/?s={search_term_string}\"},\"query-input\":{\"@type\":\"PropertyValueSpecification\",\"valueRequired\":true,\"valueName\":\"search_term_string\"}}],\"inLanguage\":\"fr-FR\"},{\"@type\":\"Organization\",\"@id\":\"https:\/\/www.cyclosouvenir.be\/fr\/#organization\",\"name\":\"Cyclosouvenir\",\"url\":\"https:\/\/www.cyclosouvenir.be\/fr\/\",\"logo\":{\"@type\":\"ImageObject\",\"inLanguage\":\"fr-FR\",\"@id\":\"https:\/\/www.cyclosouvenir.be\/fr\/#\/schema\/logo\/image\/\",\"url\":\"https:\/\/www.cyclosouvenir.be\/wp-content\/uploads\/2024\/02\/Cyclosouvenir_Banner-removebg-preview.png\",\"contentUrl\":\"https:\/\/www.cyclosouvenir.be\/wp-content\/uploads\/2024\/02\/Cyclosouvenir_Banner-removebg-preview.png\",\"width\":997,\"height\":250,\"caption\":\"Cyclosouvenir\"},\"image\":{\"@id\":\"https:\/\/www.cyclosouvenir.be\/fr\/#\/schema\/logo\/image\/\"}}]}<\/script>\n<!-- \/ Yoast SEO plugin. -->","yoast_head_json":{"title":"Planche des Belles Filles - Plancher les Mines - Cyclosouvenir","robots":{"index":"index","follow":"follow","max-snippet":"max-snippet:-1","max-image-preview":"max-image-preview:large","max-video-preview":"max-video-preview:-1"},"canonical":"https:\/\/www.cyclosouvenir.be\/fr\/produit\/planche-des-belles-filles-plancher-les-mines\/","og_locale":"fr_FR","og_type":"article","og_title":"Planche des Belles Filles - Plancher les Mines - Cyclosouvenir","og_description":"La Planche des Belles Filles est un sommet de 1148 m\u00e8tres d'altitude situ\u00e9 dans les Vosges. La Planche des Belles Filles est situ\u00e9e dans le d\u00e9partement de la Haute-Sa\u00f4ne sur la commune de Plancher-les-Mines, \u00e0 la limite du d\u00e9partement du Territoire de Belfort. Wikip\u00e9dia","og_url":"https:\/\/www.cyclosouvenir.be\/fr\/produit\/planche-des-belles-filles-plancher-les-mines\/","og_site_name":"Cyclosouvenir","article_modified_time":"2024-05-08T14:49:07+00:00","og_image":[{"width":250,"height":300,"url":"https:\/\/www.cyclosouvenir.be\/wp-content\/uploads\/2024\/02\/Planche_des_Belles_Filles_Plancher_les_Mines.png","type":"image\/png"}],"twitter_card":"summary_large_image","schema":{"@context":"https:\/\/schema.org","@graph":[{"@type":"WebPage","@id":"https:\/\/www.cyclosouvenir.be\/fr\/produit\/planche-des-belles-filles-plancher-les-mines\/","url":"https:\/\/www.cyclosouvenir.be\/fr\/produit\/planche-des-belles-filles-plancher-les-mines\/","name":"Planche des Belles Filles - Plancher les Mines - Cyclosouvenir","isPartOf":{"@id":"https:\/\/www.cyclosouvenir.be\/fr\/#website"},"primaryImageOfPage":{"@id":"https:\/\/www.cyclosouvenir.be\/fr\/produit\/planche-des-belles-filles-plancher-les-mines\/#primaryimage"},"image":{"@id":"https:\/\/www.cyclosouvenir.be\/fr\/produit\/planche-des-belles-filles-plancher-les-mines\/#primaryimage"},"thumbnailUrl":"https:\/\/www.cyclosouvenir.be\/wp-content\/uploads\/2024\/02\/Planche_des_Belles_Filles_Plancher_les_Mines.png","datePublished":"2024-02-13T11:37:31+00:00","dateModified":"2024-05-08T14:49:07+00:00","breadcrumb":{"@id":"https:\/\/www.cyclosouvenir.be\/fr\/produit\/planche-des-belles-filles-plancher-les-mines\/#breadcrumb"},"inLanguage":"fr-FR","potentialAction":[{"@type":"ReadAction","target":["https:\/\/www.cyclosouvenir.be\/fr\/produit\/planche-des-belles-filles-plancher-les-mines\/"]}]},{"@type":"ImageObject","inLanguage":"fr-FR","@id":"https:\/\/www.cyclosouvenir.be\/fr\/produit\/planche-des-belles-filles-plancher-les-mines\/#primaryimage","url":"https:\/\/www.cyclosouvenir.be\/wp-content\/uploads\/2024\/02\/Planche_des_Belles_Filles_Plancher_les_Mines.png","contentUrl":"https:\/\/www.cyclosouvenir.be\/wp-content\/uploads\/2024\/02\/Planche_des_Belles_Filles_Plancher_les_Mines.png","width":250,"height":300},{"@type":"BreadcrumbList","@id":"https:\/\/www.cyclosouvenir.be\/fr\/produit\/planche-des-belles-filles-plancher-les-mines\/#breadcrumb","itemListElement":[{"@type":"ListItem","position":1,"name":"Home","item":"https:\/\/www.cyclosouvenir.be\/fr\/"},{"@type":"ListItem","position":2,"name":"Boutique","item":"https:\/\/www.cyclosouvenir.be\/fr\/boutique\/"},{"@type":"ListItem","position":3,"name":"Planche des Belles Filles &#8211; Plancher les Mines"}]},{"@type":"WebSite","@id":"https:\/\/www.cyclosouvenir.be\/fr\/#website","url":"https:\/\/www.cyclosouvenir.be\/fr\/","name":"Cyclosouvenir","description":"De trofee voor een memorabele beklimming.","publisher":{"@id":"https:\/\/www.cyclosouvenir.be\/fr\/#organization"},"potentialAction":[{"@type":"SearchAction","target":{"@type":"EntryPoint","urlTemplate":"https:\/\/www.cyclosouvenir.be\/fr\/?s={search_term_string}"},"query-input":{"@type":"PropertyValueSpecification","valueRequired":true,"valueName":"search_term_string"}}],"inLanguage":"fr-FR"},{"@type":"Organization","@id":"https:\/\/www.cyclosouvenir.be\/fr\/#organization","name":"Cyclosouvenir","url":"https:\/\/www.cyclosouvenir.be\/fr\/","logo":{"@type":"ImageObject","inLanguage":"fr-FR","@id":"https:\/\/www.cyclosouvenir.be\/fr\/#\/schema\/logo\/image\/","url":"https:\/\/www.cyclosouvenir.be\/wp-content\/uploads\/2024\/02\/Cyclosouvenir_Banner-removebg-preview.png","contentUrl":"https:\/\/www.cyclosouvenir.be\/wp-content\/uploads\/2024\/02\/Cyclosouvenir_Banner-removebg-preview.png","width":997,"height":250,"caption":"Cyclosouvenir"},"image":{"@id":"https:\/\/www.cyclosouvenir.be\/fr\/#\/schema\/logo\/image\/"}}]}},"_links":{"self":[{"href":"https:\/\/www.cyclosouvenir.be\/fr\/wp-json\/wp\/v2\/product\/11737","targetHints":{"allow":["GET"]}}],"collection":[{"href":"https:\/\/www.cyclosouvenir.be\/fr\/wp-json\/wp\/v2\/product"}],"about":[{"href":"https:\/\/www.cyclosouvenir.be\/fr\/wp-json\/wp\/v2\/types\/product"}],"replies":[{"embeddable":true,"href":"https:\/\/www.cyclosouvenir.be\/fr\/wp-json\/wp\/v2\/comments?post=11737"}],"wp:featuredmedia":[{"embeddable":true,"href":"https:\/\/www.cyclosouvenir.be\/fr\/wp-json\/wp\/v2\/media\/644"}],"wp:attachment":[{"href":"https:\/\/www.cyclosouvenir.be\/fr\/wp-json\/wp\/v2\/media?parent=11737"}],"wp:term":[{"taxonomy":"product_brand","embeddable":true,"href":"https:\/\/www.cyclosouvenir.be\/fr\/wp-json\/wp\/v2\/product_brand?post=11737"},{"taxonomy":"product_cat","embeddable":true,"href":"https:\/\/www.cyclosouvenir.be\/fr\/wp-json\/wp\/v2\/product_cat?post=11737"},{"taxonomy":"product_tag","embeddable":true,"href":"https:\/\/www.cyclosouvenir.be\/fr\/wp-json\/wp\/v2\/product_tag?post=11737"}],"curies":[{"name":"wp","href":"https:\/\/api.w.org\/{rel}","templated":true}]}}