{"id":11831,"date":"2024-02-13T11:37:15","date_gmt":"2024-02-13T11:37:15","guid":{"rendered":"https:\/\/demo9.inetproductions.be\/product\/superbagneres-bagneres-de-luchon\/"},"modified":"2024-05-09T11:18:09","modified_gmt":"2024-05-09T11:18:09","slug":"superbagneres-bagneres-de-luchon","status":"publish","type":"product","link":"https:\/\/www.cyclosouvenir.be\/fr\/produit\/superbagneres-bagneres-de-luchon\/","title":{"rendered":"Superbagn\u00e8res &#8211; Bagn\u00e8res de Luchon"},"content":{"rendered":"","protected":false},"excerpt":{"rendered":"<p>La station de ski des Pyr\u00e9n\u00e9es de Luchon-Superbagn\u00e8res est situ\u00e9e sur la commune de Saint-Aventin dans le d\u00e9partement de la Haute-Garonne en r\u00e9gion Occitanie.<\/p>\n<p>La station de Superbagn\u00e8res a accueilli plusieurs arriv\u00e9es du Tour de France cycliste. Cela a \u00e9t\u00e9 une premi\u00e8re fois le cas en 1961 avec le succ\u00e8s d&rsquo;Imerio Massignan. En 1962, en contre-la-montre, Federico Bahamontes remporta la victoire. En 1971, le grimpeur espagnol Jos\u00e9 Manuel Fuente fut le plus rapide lors de l&rsquo;\u00e9tape en ligne la plus courte de l&rsquo;histoire du Tour de France (19,6 km depuis Bagn\u00e8res-de-Luchon). Sur le tour 1979, un contre-la-montre Luchon-Superbagn\u00e8res vit la victoire de Bernard Hinault. Sur le Tour 1986, cette fois sur une \u00e9tape en ligne, ce m\u00eame Bernard Hinault, victime d&rsquo;une d\u00e9faillance, perdit une grande partie de l&rsquo;avance qu&rsquo;il avait sur Greg LeMond au classement g\u00e9n\u00e9ral. Ce dernier remporta l&rsquo;\u00e9tape et fit un grand pas vers la victoire finale. Enfin, la Grande Boucle est arriv\u00e9e une derni\u00e8re fois \u00e0 Superbagn\u00e8res en 1989. Tandis que Robert Millar remportait l&rsquo;\u00e9tape, Laurent Fignon d\u00e9poss\u00e9dait provisoirement Greg LeMond du maillot jaune. Wikip\u00e9dia<\/p>\n","protected":false},"featured_media":474,"comment_status":"closed","ping_status":"closed","template":"","meta":{"_et_pb_use_builder":"","_et_pb_old_content":"","_et_gb_content_width":""},"product_brand":[],"product_cat":[3503,3560,306],"product_tag":[],"class_list":{"0":"post-11831","1":"product","2":"type-product","3":"status-publish","4":"has-post-thumbnail","6":"product_cat-france-fr-2","7":"product_cat-les-pyrenees","8":"product_cat-bornes","9":"tm-has-options","11":"first","12":"instock","13":"taxable","14":"shipping-taxable","15":"purchasable","16":"product-type-simple"},"yoast_head":"<!-- This site is optimized with the Yoast SEO plugin v26.2 - https:\/\/yoast.com\/wordpress\/plugins\/seo\/ -->\n<title>Superbagn\u00e8res - Bagn\u00e8res de Luchon - Cyclosouvenir<\/title>\n<meta name=\"robots\" content=\"index, follow, max-snippet:-1, max-image-preview:large, max-video-preview:-1\" \/>\n<link rel=\"canonical\" href=\"https:\/\/www.cyclosouvenir.be\/fr\/produit\/superbagneres-bagneres-de-luchon\/\" \/>\n<meta property=\"og:locale\" content=\"fr_FR\" \/>\n<meta property=\"og:type\" content=\"article\" \/>\n<meta property=\"og:title\" content=\"Superbagn\u00e8res - Bagn\u00e8res de Luchon - Cyclosouvenir\" \/>\n<meta property=\"og:description\" content=\"La station de ski des Pyr\u00e9n\u00e9es de Luchon-Superbagn\u00e8res est situ\u00e9e sur la commune de Saint-Aventin dans le d\u00e9partement de la Haute-Garonne en r\u00e9gion Occitanie. La station de Superbagn\u00e8res a accueilli plusieurs arriv\u00e9es du Tour de France cycliste. Cela a \u00e9t\u00e9 une premi\u00e8re fois le cas en 1961 avec le succ\u00e8s d&#039;Imerio Massignan. En 1962, en contre-la-montre, Federico Bahamontes remporta la victoire. En 1971, le grimpeur espagnol Jos\u00e9 Manuel Fuente fut le plus rapide lors de l&#039;\u00e9tape en ligne la plus courte de l&#039;histoire du Tour de France (19,6 km depuis Bagn\u00e8res-de-Luchon). Sur le tour 1979, un contre-la-montre Luchon-Superbagn\u00e8res vit la victoire de Bernard Hinault. Sur le Tour 1986, cette fois sur une \u00e9tape en ligne, ce m\u00eame Bernard Hinault, victime d&#039;une d\u00e9faillance, perdit une grande partie de l&#039;avance qu&#039;il avait sur Greg LeMond au classement g\u00e9n\u00e9ral. Ce dernier remporta l&#039;\u00e9tape et fit un grand pas vers la victoire finale. Enfin, la Grande Boucle est arriv\u00e9e une derni\u00e8re fois \u00e0 Superbagn\u00e8res en 1989. Tandis que Robert Millar remportait l&#039;\u00e9tape, Laurent Fignon d\u00e9poss\u00e9dait provisoirement Greg LeMond du maillot jaune. Wikip\u00e9dia\" \/>\n<meta property=\"og:url\" content=\"https:\/\/www.cyclosouvenir.be\/fr\/produit\/superbagneres-bagneres-de-luchon\/\" \/>\n<meta property=\"og:site_name\" content=\"Cyclosouvenir\" \/>\n<meta property=\"article:modified_time\" content=\"2024-05-09T11:18:09+00:00\" \/>\n<meta property=\"og:image\" content=\"https:\/\/www.cyclosouvenir.be\/wp-content\/uploads\/2024\/02\/Superbagneres_Bagneres_de_Luchon.png\" \/>\n\t<meta property=\"og:image:width\" content=\"250\" \/>\n\t<meta property=\"og:image:height\" content=\"300\" \/>\n\t<meta property=\"og:image:type\" content=\"image\/png\" \/>\n<meta name=\"twitter:card\" content=\"summary_large_image\" \/>\n<script type=\"application\/ld+json\" class=\"yoast-schema-graph\">{\"@context\":\"https:\/\/schema.org\",\"@graph\":[{\"@type\":\"WebPage\",\"@id\":\"https:\/\/www.cyclosouvenir.be\/fr\/produit\/superbagneres-bagneres-de-luchon\/\",\"url\":\"https:\/\/www.cyclosouvenir.be\/fr\/produit\/superbagneres-bagneres-de-luchon\/\",\"name\":\"Superbagn\u00e8res - Bagn\u00e8res de Luchon - Cyclosouvenir\",\"isPartOf\":{\"@id\":\"https:\/\/www.cyclosouvenir.be\/fr\/#website\"},\"primaryImageOfPage\":{\"@id\":\"https:\/\/www.cyclosouvenir.be\/fr\/produit\/superbagneres-bagneres-de-luchon\/#primaryimage\"},\"image\":{\"@id\":\"https:\/\/www.cyclosouvenir.be\/fr\/produit\/superbagneres-bagneres-de-luchon\/#primaryimage\"},\"thumbnailUrl\":\"https:\/\/www.cyclosouvenir.be\/wp-content\/uploads\/2024\/02\/Superbagneres_Bagneres_de_Luchon.png\",\"datePublished\":\"2024-02-13T11:37:15+00:00\",\"dateModified\":\"2024-05-09T11:18:09+00:00\",\"breadcrumb\":{\"@id\":\"https:\/\/www.cyclosouvenir.be\/fr\/produit\/superbagneres-bagneres-de-luchon\/#breadcrumb\"},\"inLanguage\":\"fr-FR\",\"potentialAction\":[{\"@type\":\"ReadAction\",\"target\":[\"https:\/\/www.cyclosouvenir.be\/fr\/produit\/superbagneres-bagneres-de-luchon\/\"]}]},{\"@type\":\"ImageObject\",\"inLanguage\":\"fr-FR\",\"@id\":\"https:\/\/www.cyclosouvenir.be\/fr\/produit\/superbagneres-bagneres-de-luchon\/#primaryimage\",\"url\":\"https:\/\/www.cyclosouvenir.be\/wp-content\/uploads\/2024\/02\/Superbagneres_Bagneres_de_Luchon.png\",\"contentUrl\":\"https:\/\/www.cyclosouvenir.be\/wp-content\/uploads\/2024\/02\/Superbagneres_Bagneres_de_Luchon.png\",\"width\":250,\"height\":300},{\"@type\":\"BreadcrumbList\",\"@id\":\"https:\/\/www.cyclosouvenir.be\/fr\/produit\/superbagneres-bagneres-de-luchon\/#breadcrumb\",\"itemListElement\":[{\"@type\":\"ListItem\",\"position\":1,\"name\":\"Home\",\"item\":\"https:\/\/www.cyclosouvenir.be\/fr\/\"},{\"@type\":\"ListItem\",\"position\":2,\"name\":\"Boutique\",\"item\":\"https:\/\/www.cyclosouvenir.be\/fr\/boutique\/\"},{\"@type\":\"ListItem\",\"position\":3,\"name\":\"Superbagn\u00e8res &#8211; Bagn\u00e8res de Luchon\"}]},{\"@type\":\"WebSite\",\"@id\":\"https:\/\/www.cyclosouvenir.be\/fr\/#website\",\"url\":\"https:\/\/www.cyclosouvenir.be\/fr\/\",\"name\":\"Cyclosouvenir\",\"description\":\"De trofee voor een memorabele beklimming.\",\"publisher\":{\"@id\":\"https:\/\/www.cyclosouvenir.be\/fr\/#organization\"},\"potentialAction\":[{\"@type\":\"SearchAction\",\"target\":{\"@type\":\"EntryPoint\",\"urlTemplate\":\"https:\/\/www.cyclosouvenir.be\/fr\/?s={search_term_string}\"},\"query-input\":{\"@type\":\"PropertyValueSpecification\",\"valueRequired\":true,\"valueName\":\"search_term_string\"}}],\"inLanguage\":\"fr-FR\"},{\"@type\":\"Organization\",\"@id\":\"https:\/\/www.cyclosouvenir.be\/fr\/#organization\",\"name\":\"Cyclosouvenir\",\"url\":\"https:\/\/www.cyclosouvenir.be\/fr\/\",\"logo\":{\"@type\":\"ImageObject\",\"inLanguage\":\"fr-FR\",\"@id\":\"https:\/\/www.cyclosouvenir.be\/fr\/#\/schema\/logo\/image\/\",\"url\":\"https:\/\/www.cyclosouvenir.be\/wp-content\/uploads\/2024\/02\/Cyclosouvenir_Banner-removebg-preview.png\",\"contentUrl\":\"https:\/\/www.cyclosouvenir.be\/wp-content\/uploads\/2024\/02\/Cyclosouvenir_Banner-removebg-preview.png\",\"width\":997,\"height\":250,\"caption\":\"Cyclosouvenir\"},\"image\":{\"@id\":\"https:\/\/www.cyclosouvenir.be\/fr\/#\/schema\/logo\/image\/\"}}]}<\/script>\n<!-- \/ Yoast SEO plugin. -->","yoast_head_json":{"title":"Superbagn\u00e8res - Bagn\u00e8res de Luchon - Cyclosouvenir","robots":{"index":"index","follow":"follow","max-snippet":"max-snippet:-1","max-image-preview":"max-image-preview:large","max-video-preview":"max-video-preview:-1"},"canonical":"https:\/\/www.cyclosouvenir.be\/fr\/produit\/superbagneres-bagneres-de-luchon\/","og_locale":"fr_FR","og_type":"article","og_title":"Superbagn\u00e8res - Bagn\u00e8res de Luchon - Cyclosouvenir","og_description":"La station de ski des Pyr\u00e9n\u00e9es de Luchon-Superbagn\u00e8res est situ\u00e9e sur la commune de Saint-Aventin dans le d\u00e9partement de la Haute-Garonne en r\u00e9gion Occitanie. La station de Superbagn\u00e8res a accueilli plusieurs arriv\u00e9es du Tour de France cycliste. Cela a \u00e9t\u00e9 une premi\u00e8re fois le cas en 1961 avec le succ\u00e8s d'Imerio Massignan. En 1962, en contre-la-montre, Federico Bahamontes remporta la victoire. En 1971, le grimpeur espagnol Jos\u00e9 Manuel Fuente fut le plus rapide lors de l'\u00e9tape en ligne la plus courte de l'histoire du Tour de France (19,6 km depuis Bagn\u00e8res-de-Luchon). Sur le tour 1979, un contre-la-montre Luchon-Superbagn\u00e8res vit la victoire de Bernard Hinault. Sur le Tour 1986, cette fois sur une \u00e9tape en ligne, ce m\u00eame Bernard Hinault, victime d'une d\u00e9faillance, perdit une grande partie de l'avance qu'il avait sur Greg LeMond au classement g\u00e9n\u00e9ral. Ce dernier remporta l'\u00e9tape et fit un grand pas vers la victoire finale. Enfin, la Grande Boucle est arriv\u00e9e une derni\u00e8re fois \u00e0 Superbagn\u00e8res en 1989. Tandis que Robert Millar remportait l'\u00e9tape, Laurent Fignon d\u00e9poss\u00e9dait provisoirement Greg LeMond du maillot jaune. Wikip\u00e9dia","og_url":"https:\/\/www.cyclosouvenir.be\/fr\/produit\/superbagneres-bagneres-de-luchon\/","og_site_name":"Cyclosouvenir","article_modified_time":"2024-05-09T11:18:09+00:00","og_image":[{"width":250,"height":300,"url":"https:\/\/www.cyclosouvenir.be\/wp-content\/uploads\/2024\/02\/Superbagneres_Bagneres_de_Luchon.png","type":"image\/png"}],"twitter_card":"summary_large_image","schema":{"@context":"https:\/\/schema.org","@graph":[{"@type":"WebPage","@id":"https:\/\/www.cyclosouvenir.be\/fr\/produit\/superbagneres-bagneres-de-luchon\/","url":"https:\/\/www.cyclosouvenir.be\/fr\/produit\/superbagneres-bagneres-de-luchon\/","name":"Superbagn\u00e8res - Bagn\u00e8res de Luchon - Cyclosouvenir","isPartOf":{"@id":"https:\/\/www.cyclosouvenir.be\/fr\/#website"},"primaryImageOfPage":{"@id":"https:\/\/www.cyclosouvenir.be\/fr\/produit\/superbagneres-bagneres-de-luchon\/#primaryimage"},"image":{"@id":"https:\/\/www.cyclosouvenir.be\/fr\/produit\/superbagneres-bagneres-de-luchon\/#primaryimage"},"thumbnailUrl":"https:\/\/www.cyclosouvenir.be\/wp-content\/uploads\/2024\/02\/Superbagneres_Bagneres_de_Luchon.png","datePublished":"2024-02-13T11:37:15+00:00","dateModified":"2024-05-09T11:18:09+00:00","breadcrumb":{"@id":"https:\/\/www.cyclosouvenir.be\/fr\/produit\/superbagneres-bagneres-de-luchon\/#breadcrumb"},"inLanguage":"fr-FR","potentialAction":[{"@type":"ReadAction","target":["https:\/\/www.cyclosouvenir.be\/fr\/produit\/superbagneres-bagneres-de-luchon\/"]}]},{"@type":"ImageObject","inLanguage":"fr-FR","@id":"https:\/\/www.cyclosouvenir.be\/fr\/produit\/superbagneres-bagneres-de-luchon\/#primaryimage","url":"https:\/\/www.cyclosouvenir.be\/wp-content\/uploads\/2024\/02\/Superbagneres_Bagneres_de_Luchon.png","contentUrl":"https:\/\/www.cyclosouvenir.be\/wp-content\/uploads\/2024\/02\/Superbagneres_Bagneres_de_Luchon.png","width":250,"height":300},{"@type":"BreadcrumbList","@id":"https:\/\/www.cyclosouvenir.be\/fr\/produit\/superbagneres-bagneres-de-luchon\/#breadcrumb","itemListElement":[{"@type":"ListItem","position":1,"name":"Home","item":"https:\/\/www.cyclosouvenir.be\/fr\/"},{"@type":"ListItem","position":2,"name":"Boutique","item":"https:\/\/www.cyclosouvenir.be\/fr\/boutique\/"},{"@type":"ListItem","position":3,"name":"Superbagn\u00e8res &#8211; Bagn\u00e8res de Luchon"}]},{"@type":"WebSite","@id":"https:\/\/www.cyclosouvenir.be\/fr\/#website","url":"https:\/\/www.cyclosouvenir.be\/fr\/","name":"Cyclosouvenir","description":"De trofee voor een memorabele beklimming.","publisher":{"@id":"https:\/\/www.cyclosouvenir.be\/fr\/#organization"},"potentialAction":[{"@type":"SearchAction","target":{"@type":"EntryPoint","urlTemplate":"https:\/\/www.cyclosouvenir.be\/fr\/?s={search_term_string}"},"query-input":{"@type":"PropertyValueSpecification","valueRequired":true,"valueName":"search_term_string"}}],"inLanguage":"fr-FR"},{"@type":"Organization","@id":"https:\/\/www.cyclosouvenir.be\/fr\/#organization","name":"Cyclosouvenir","url":"https:\/\/www.cyclosouvenir.be\/fr\/","logo":{"@type":"ImageObject","inLanguage":"fr-FR","@id":"https:\/\/www.cyclosouvenir.be\/fr\/#\/schema\/logo\/image\/","url":"https:\/\/www.cyclosouvenir.be\/wp-content\/uploads\/2024\/02\/Cyclosouvenir_Banner-removebg-preview.png","contentUrl":"https:\/\/www.cyclosouvenir.be\/wp-content\/uploads\/2024\/02\/Cyclosouvenir_Banner-removebg-preview.png","width":997,"height":250,"caption":"Cyclosouvenir"},"image":{"@id":"https:\/\/www.cyclosouvenir.be\/fr\/#\/schema\/logo\/image\/"}}]}},"_links":{"self":[{"href":"https:\/\/www.cyclosouvenir.be\/fr\/wp-json\/wp\/v2\/product\/11831","targetHints":{"allow":["GET"]}}],"collection":[{"href":"https:\/\/www.cyclosouvenir.be\/fr\/wp-json\/wp\/v2\/product"}],"about":[{"href":"https:\/\/www.cyclosouvenir.be\/fr\/wp-json\/wp\/v2\/types\/product"}],"replies":[{"embeddable":true,"href":"https:\/\/www.cyclosouvenir.be\/fr\/wp-json\/wp\/v2\/comments?post=11831"}],"wp:featuredmedia":[{"embeddable":true,"href":"https:\/\/www.cyclosouvenir.be\/fr\/wp-json\/wp\/v2\/media\/474"}],"wp:attachment":[{"href":"https:\/\/www.cyclosouvenir.be\/fr\/wp-json\/wp\/v2\/media?parent=11831"}],"wp:term":[{"taxonomy":"product_brand","embeddable":true,"href":"https:\/\/www.cyclosouvenir.be\/fr\/wp-json\/wp\/v2\/product_brand?post=11831"},{"taxonomy":"product_cat","embeddable":true,"href":"https:\/\/www.cyclosouvenir.be\/fr\/wp-json\/wp\/v2\/product_cat?post=11831"},{"taxonomy":"product_tag","embeddable":true,"href":"https:\/\/www.cyclosouvenir.be\/fr\/wp-json\/wp\/v2\/product_tag?post=11831"}],"curies":[{"name":"wp","href":"https:\/\/api.w.org\/{rel}","templated":true}]}}