{"id":11913,"date":"2024-02-13T11:37:07","date_gmt":"2024-02-13T11:37:07","guid":{"rendered":"https:\/\/demo9.inetproductions.be\/product\/les-deux-alpes-lac-du-chambon\/"},"modified":"2024-05-09T11:40:16","modified_gmt":"2024-05-09T11:40:16","slug":"les-deux-alpes-lac-du-chambon","status":"publish","type":"product","link":"https:\/\/www.cyclosouvenir.be\/fr\/produit\/les-deux-alpes-lac-du-chambon\/","title":{"rendered":"Les Deux Alpes &#8211; Lac du Chambon"},"content":{"rendered":"","protected":false},"excerpt":{"rendered":"<p>En cyclisme, Les Deux Alpes est une mont\u00e9e qui part du r\u00e9servoir de Chambon et arrive \u00e0 la station de sports d&rsquo;hiver des Deux Alpes. L&rsquo;ascension est \u00e9galement connue comme le petit fr\u00e8re de l&rsquo;Alpe d&rsquo;Huez. Plus pr\u00e9cis\u00e9ment, il s&rsquo;agit du tron\u00e7on de la route D213 depuis son d\u00e9part du r\u00e9servoir jusqu&rsquo;\u00e0 son arriv\u00e9e au village de ski, situ\u00e9 \u00e0 un peu moins de 10 kilom\u00e8tres. L&rsquo;itin\u00e9raire se situe enti\u00e8rement sur le territoire de Mont-de-Lans, commune des Deux Alpes.<\/p>\n<p>La montagne est surtout connue pour le Tour de France. Pourtant, il y a rarement une arriv\u00e9e au sommet de la montagne. En 1998, Marco Pantani a pris beaucoup de distance avec Jan Ullrich et a augment\u00e9 son avance de 4 \u00e0 9 minutes dans la mont\u00e9e, qui n&rsquo;est pas si difficile. Il a rev\u00eatu le maillot jaune pour la premi\u00e8re fois. Wikip\u00e9dia<\/p>\n","protected":false},"featured_media":349,"comment_status":"closed","ping_status":"closed","template":"","meta":{"_et_pb_use_builder":"","_et_pb_old_content":"","_et_gb_content_width":""},"product_brand":[],"product_cat":[3503,3527,306],"product_tag":[],"class_list":{"0":"post-11913","1":"product","2":"type-product","3":"status-publish","4":"has-post-thumbnail","6":"product_cat-france-fr-2","7":"product_cat-les-alpes-fr","8":"product_cat-bornes","9":"tm-has-options","11":"first","12":"instock","13":"taxable","14":"shipping-taxable","15":"purchasable","16":"product-type-simple"},"yoast_head":"<!-- This site is optimized with the Yoast SEO plugin v26.2 - https:\/\/yoast.com\/wordpress\/plugins\/seo\/ -->\n<title>Les Deux Alpes - Lac du Chambon - Cyclosouvenir<\/title>\n<meta name=\"robots\" content=\"index, follow, max-snippet:-1, max-image-preview:large, max-video-preview:-1\" \/>\n<link rel=\"canonical\" href=\"https:\/\/www.cyclosouvenir.be\/fr\/produit\/les-deux-alpes-lac-du-chambon\/\" \/>\n<meta property=\"og:locale\" content=\"fr_FR\" \/>\n<meta property=\"og:type\" content=\"article\" \/>\n<meta property=\"og:title\" content=\"Les Deux Alpes - Lac du Chambon - Cyclosouvenir\" \/>\n<meta property=\"og:description\" content=\"En cyclisme, Les Deux Alpes est une mont\u00e9e qui part du r\u00e9servoir de Chambon et arrive \u00e0 la station de sports d&#039;hiver des Deux Alpes. L&#039;ascension est \u00e9galement connue comme le petit fr\u00e8re de l&#039;Alpe d&#039;Huez. Plus pr\u00e9cis\u00e9ment, il s&#039;agit du tron\u00e7on de la route D213 depuis son d\u00e9part du r\u00e9servoir jusqu&#039;\u00e0 son arriv\u00e9e au village de ski, situ\u00e9 \u00e0 un peu moins de 10 kilom\u00e8tres. L&#039;itin\u00e9raire se situe enti\u00e8rement sur le territoire de Mont-de-Lans, commune des Deux Alpes. La montagne est surtout connue pour le Tour de France. Pourtant, il y a rarement une arriv\u00e9e au sommet de la montagne. En 1998, Marco Pantani a pris beaucoup de distance avec Jan Ullrich et a augment\u00e9 son avance de 4 \u00e0 9 minutes dans la mont\u00e9e, qui n&#039;est pas si difficile. Il a rev\u00eatu le maillot jaune pour la premi\u00e8re fois. Wikip\u00e9dia\" \/>\n<meta property=\"og:url\" content=\"https:\/\/www.cyclosouvenir.be\/fr\/produit\/les-deux-alpes-lac-du-chambon\/\" \/>\n<meta property=\"og:site_name\" content=\"Cyclosouvenir\" \/>\n<meta property=\"article:modified_time\" content=\"2024-05-09T11:40:16+00:00\" \/>\n<meta property=\"og:image\" content=\"https:\/\/www.cyclosouvenir.be\/wp-content\/uploads\/2024\/02\/Les_Deux_Alpes_Lac_du_Chambon.png\" \/>\n\t<meta property=\"og:image:width\" content=\"250\" \/>\n\t<meta property=\"og:image:height\" content=\"300\" \/>\n\t<meta property=\"og:image:type\" content=\"image\/png\" \/>\n<meta name=\"twitter:card\" content=\"summary_large_image\" \/>\n<script type=\"application\/ld+json\" class=\"yoast-schema-graph\">{\"@context\":\"https:\/\/schema.org\",\"@graph\":[{\"@type\":\"WebPage\",\"@id\":\"https:\/\/www.cyclosouvenir.be\/fr\/produit\/les-deux-alpes-lac-du-chambon\/\",\"url\":\"https:\/\/www.cyclosouvenir.be\/fr\/produit\/les-deux-alpes-lac-du-chambon\/\",\"name\":\"Les Deux Alpes - Lac du Chambon - Cyclosouvenir\",\"isPartOf\":{\"@id\":\"https:\/\/www.cyclosouvenir.be\/fr\/#website\"},\"primaryImageOfPage\":{\"@id\":\"https:\/\/www.cyclosouvenir.be\/fr\/produit\/les-deux-alpes-lac-du-chambon\/#primaryimage\"},\"image\":{\"@id\":\"https:\/\/www.cyclosouvenir.be\/fr\/produit\/les-deux-alpes-lac-du-chambon\/#primaryimage\"},\"thumbnailUrl\":\"https:\/\/www.cyclosouvenir.be\/wp-content\/uploads\/2024\/02\/Les_Deux_Alpes_Lac_du_Chambon.png\",\"datePublished\":\"2024-02-13T11:37:07+00:00\",\"dateModified\":\"2024-05-09T11:40:16+00:00\",\"breadcrumb\":{\"@id\":\"https:\/\/www.cyclosouvenir.be\/fr\/produit\/les-deux-alpes-lac-du-chambon\/#breadcrumb\"},\"inLanguage\":\"fr-FR\",\"potentialAction\":[{\"@type\":\"ReadAction\",\"target\":[\"https:\/\/www.cyclosouvenir.be\/fr\/produit\/les-deux-alpes-lac-du-chambon\/\"]}]},{\"@type\":\"ImageObject\",\"inLanguage\":\"fr-FR\",\"@id\":\"https:\/\/www.cyclosouvenir.be\/fr\/produit\/les-deux-alpes-lac-du-chambon\/#primaryimage\",\"url\":\"https:\/\/www.cyclosouvenir.be\/wp-content\/uploads\/2024\/02\/Les_Deux_Alpes_Lac_du_Chambon.png\",\"contentUrl\":\"https:\/\/www.cyclosouvenir.be\/wp-content\/uploads\/2024\/02\/Les_Deux_Alpes_Lac_du_Chambon.png\",\"width\":250,\"height\":300},{\"@type\":\"BreadcrumbList\",\"@id\":\"https:\/\/www.cyclosouvenir.be\/fr\/produit\/les-deux-alpes-lac-du-chambon\/#breadcrumb\",\"itemListElement\":[{\"@type\":\"ListItem\",\"position\":1,\"name\":\"Home\",\"item\":\"https:\/\/www.cyclosouvenir.be\/fr\/\"},{\"@type\":\"ListItem\",\"position\":2,\"name\":\"Boutique\",\"item\":\"https:\/\/www.cyclosouvenir.be\/fr\/boutique\/\"},{\"@type\":\"ListItem\",\"position\":3,\"name\":\"Les Deux Alpes &#8211; Lac du Chambon\"}]},{\"@type\":\"WebSite\",\"@id\":\"https:\/\/www.cyclosouvenir.be\/fr\/#website\",\"url\":\"https:\/\/www.cyclosouvenir.be\/fr\/\",\"name\":\"Cyclosouvenir\",\"description\":\"De trofee voor een memorabele beklimming.\",\"publisher\":{\"@id\":\"https:\/\/www.cyclosouvenir.be\/fr\/#organization\"},\"potentialAction\":[{\"@type\":\"SearchAction\",\"target\":{\"@type\":\"EntryPoint\",\"urlTemplate\":\"https:\/\/www.cyclosouvenir.be\/fr\/?s={search_term_string}\"},\"query-input\":{\"@type\":\"PropertyValueSpecification\",\"valueRequired\":true,\"valueName\":\"search_term_string\"}}],\"inLanguage\":\"fr-FR\"},{\"@type\":\"Organization\",\"@id\":\"https:\/\/www.cyclosouvenir.be\/fr\/#organization\",\"name\":\"Cyclosouvenir\",\"url\":\"https:\/\/www.cyclosouvenir.be\/fr\/\",\"logo\":{\"@type\":\"ImageObject\",\"inLanguage\":\"fr-FR\",\"@id\":\"https:\/\/www.cyclosouvenir.be\/fr\/#\/schema\/logo\/image\/\",\"url\":\"https:\/\/www.cyclosouvenir.be\/wp-content\/uploads\/2024\/02\/Cyclosouvenir_Banner-removebg-preview.png\",\"contentUrl\":\"https:\/\/www.cyclosouvenir.be\/wp-content\/uploads\/2024\/02\/Cyclosouvenir_Banner-removebg-preview.png\",\"width\":997,\"height\":250,\"caption\":\"Cyclosouvenir\"},\"image\":{\"@id\":\"https:\/\/www.cyclosouvenir.be\/fr\/#\/schema\/logo\/image\/\"}}]}<\/script>\n<!-- \/ Yoast SEO plugin. -->","yoast_head_json":{"title":"Les Deux Alpes - Lac du Chambon - Cyclosouvenir","robots":{"index":"index","follow":"follow","max-snippet":"max-snippet:-1","max-image-preview":"max-image-preview:large","max-video-preview":"max-video-preview:-1"},"canonical":"https:\/\/www.cyclosouvenir.be\/fr\/produit\/les-deux-alpes-lac-du-chambon\/","og_locale":"fr_FR","og_type":"article","og_title":"Les Deux Alpes - Lac du Chambon - Cyclosouvenir","og_description":"En cyclisme, Les Deux Alpes est une mont\u00e9e qui part du r\u00e9servoir de Chambon et arrive \u00e0 la station de sports d'hiver des Deux Alpes. L'ascension est \u00e9galement connue comme le petit fr\u00e8re de l'Alpe d'Huez. Plus pr\u00e9cis\u00e9ment, il s'agit du tron\u00e7on de la route D213 depuis son d\u00e9part du r\u00e9servoir jusqu'\u00e0 son arriv\u00e9e au village de ski, situ\u00e9 \u00e0 un peu moins de 10 kilom\u00e8tres. L'itin\u00e9raire se situe enti\u00e8rement sur le territoire de Mont-de-Lans, commune des Deux Alpes. La montagne est surtout connue pour le Tour de France. Pourtant, il y a rarement une arriv\u00e9e au sommet de la montagne. En 1998, Marco Pantani a pris beaucoup de distance avec Jan Ullrich et a augment\u00e9 son avance de 4 \u00e0 9 minutes dans la mont\u00e9e, qui n'est pas si difficile. Il a rev\u00eatu le maillot jaune pour la premi\u00e8re fois. Wikip\u00e9dia","og_url":"https:\/\/www.cyclosouvenir.be\/fr\/produit\/les-deux-alpes-lac-du-chambon\/","og_site_name":"Cyclosouvenir","article_modified_time":"2024-05-09T11:40:16+00:00","og_image":[{"width":250,"height":300,"url":"https:\/\/www.cyclosouvenir.be\/wp-content\/uploads\/2024\/02\/Les_Deux_Alpes_Lac_du_Chambon.png","type":"image\/png"}],"twitter_card":"summary_large_image","schema":{"@context":"https:\/\/schema.org","@graph":[{"@type":"WebPage","@id":"https:\/\/www.cyclosouvenir.be\/fr\/produit\/les-deux-alpes-lac-du-chambon\/","url":"https:\/\/www.cyclosouvenir.be\/fr\/produit\/les-deux-alpes-lac-du-chambon\/","name":"Les Deux Alpes - Lac du Chambon - Cyclosouvenir","isPartOf":{"@id":"https:\/\/www.cyclosouvenir.be\/fr\/#website"},"primaryImageOfPage":{"@id":"https:\/\/www.cyclosouvenir.be\/fr\/produit\/les-deux-alpes-lac-du-chambon\/#primaryimage"},"image":{"@id":"https:\/\/www.cyclosouvenir.be\/fr\/produit\/les-deux-alpes-lac-du-chambon\/#primaryimage"},"thumbnailUrl":"https:\/\/www.cyclosouvenir.be\/wp-content\/uploads\/2024\/02\/Les_Deux_Alpes_Lac_du_Chambon.png","datePublished":"2024-02-13T11:37:07+00:00","dateModified":"2024-05-09T11:40:16+00:00","breadcrumb":{"@id":"https:\/\/www.cyclosouvenir.be\/fr\/produit\/les-deux-alpes-lac-du-chambon\/#breadcrumb"},"inLanguage":"fr-FR","potentialAction":[{"@type":"ReadAction","target":["https:\/\/www.cyclosouvenir.be\/fr\/produit\/les-deux-alpes-lac-du-chambon\/"]}]},{"@type":"ImageObject","inLanguage":"fr-FR","@id":"https:\/\/www.cyclosouvenir.be\/fr\/produit\/les-deux-alpes-lac-du-chambon\/#primaryimage","url":"https:\/\/www.cyclosouvenir.be\/wp-content\/uploads\/2024\/02\/Les_Deux_Alpes_Lac_du_Chambon.png","contentUrl":"https:\/\/www.cyclosouvenir.be\/wp-content\/uploads\/2024\/02\/Les_Deux_Alpes_Lac_du_Chambon.png","width":250,"height":300},{"@type":"BreadcrumbList","@id":"https:\/\/www.cyclosouvenir.be\/fr\/produit\/les-deux-alpes-lac-du-chambon\/#breadcrumb","itemListElement":[{"@type":"ListItem","position":1,"name":"Home","item":"https:\/\/www.cyclosouvenir.be\/fr\/"},{"@type":"ListItem","position":2,"name":"Boutique","item":"https:\/\/www.cyclosouvenir.be\/fr\/boutique\/"},{"@type":"ListItem","position":3,"name":"Les Deux Alpes &#8211; Lac du Chambon"}]},{"@type":"WebSite","@id":"https:\/\/www.cyclosouvenir.be\/fr\/#website","url":"https:\/\/www.cyclosouvenir.be\/fr\/","name":"Cyclosouvenir","description":"De trofee voor een memorabele beklimming.","publisher":{"@id":"https:\/\/www.cyclosouvenir.be\/fr\/#organization"},"potentialAction":[{"@type":"SearchAction","target":{"@type":"EntryPoint","urlTemplate":"https:\/\/www.cyclosouvenir.be\/fr\/?s={search_term_string}"},"query-input":{"@type":"PropertyValueSpecification","valueRequired":true,"valueName":"search_term_string"}}],"inLanguage":"fr-FR"},{"@type":"Organization","@id":"https:\/\/www.cyclosouvenir.be\/fr\/#organization","name":"Cyclosouvenir","url":"https:\/\/www.cyclosouvenir.be\/fr\/","logo":{"@type":"ImageObject","inLanguage":"fr-FR","@id":"https:\/\/www.cyclosouvenir.be\/fr\/#\/schema\/logo\/image\/","url":"https:\/\/www.cyclosouvenir.be\/wp-content\/uploads\/2024\/02\/Cyclosouvenir_Banner-removebg-preview.png","contentUrl":"https:\/\/www.cyclosouvenir.be\/wp-content\/uploads\/2024\/02\/Cyclosouvenir_Banner-removebg-preview.png","width":997,"height":250,"caption":"Cyclosouvenir"},"image":{"@id":"https:\/\/www.cyclosouvenir.be\/fr\/#\/schema\/logo\/image\/"}}]}},"_links":{"self":[{"href":"https:\/\/www.cyclosouvenir.be\/fr\/wp-json\/wp\/v2\/product\/11913","targetHints":{"allow":["GET"]}}],"collection":[{"href":"https:\/\/www.cyclosouvenir.be\/fr\/wp-json\/wp\/v2\/product"}],"about":[{"href":"https:\/\/www.cyclosouvenir.be\/fr\/wp-json\/wp\/v2\/types\/product"}],"replies":[{"embeddable":true,"href":"https:\/\/www.cyclosouvenir.be\/fr\/wp-json\/wp\/v2\/comments?post=11913"}],"wp:featuredmedia":[{"embeddable":true,"href":"https:\/\/www.cyclosouvenir.be\/fr\/wp-json\/wp\/v2\/media\/349"}],"wp:attachment":[{"href":"https:\/\/www.cyclosouvenir.be\/fr\/wp-json\/wp\/v2\/media?parent=11913"}],"wp:term":[{"taxonomy":"product_brand","embeddable":true,"href":"https:\/\/www.cyclosouvenir.be\/fr\/wp-json\/wp\/v2\/product_brand?post=11913"},{"taxonomy":"product_cat","embeddable":true,"href":"https:\/\/www.cyclosouvenir.be\/fr\/wp-json\/wp\/v2\/product_cat?post=11913"},{"taxonomy":"product_tag","embeddable":true,"href":"https:\/\/www.cyclosouvenir.be\/fr\/wp-json\/wp\/v2\/product_tag?post=11913"}],"curies":[{"name":"wp","href":"https:\/\/api.w.org\/{rel}","templated":true}]}}