{"id":12002,"date":"2024-02-13T11:36:52","date_gmt":"2024-02-13T11:36:52","guid":{"rendered":"https:\/\/demo9.inetproductions.be\/product\/puy-de-dome-clermont-ferrand\/"},"modified":"2024-05-09T12:17:42","modified_gmt":"2024-05-09T12:17:42","slug":"puy-de-dome-clermont-ferrand","status":"publish","type":"product","link":"https:\/\/www.cyclosouvenir.be\/fr\/produit\/puy-de-dome-clermont-ferrand\/","title":{"rendered":"Puy de D\u00f4me &#8211; Clermont Ferrand"},"content":{"rendered":"","protected":false},"excerpt":{"rendered":"<p>Le Puy de D\u00f4me est un grand d\u00f4me de lave et l&rsquo;un des plus jeunes volcans du Massif central en Auvergne, dans le centre-sud de la France, avec une altitude de 1464 m\u00e8tres. Le volcan appartient \u00e0 la Cha\u00eene des Puys. Les Romains y ont construit un temple d\u00e9di\u00e9 \u00e0 Mercure.<\/p>\n<p>Le sommet du Puy de D\u00f4me a constitu\u00e9 14 fois le point d&rsquo;arriv\u00e9e d&rsquo;une \u00e9tape du Tour de France. En 1975, c&rsquo;\u00e9tait l&rsquo;arriv\u00e9e de la 14\u00e8me \u00e9tape, et c&rsquo;est sur cette \u00e9tape qu&rsquo;Eddy Merckx a re\u00e7u un coup de poing au foie, qui sera plus tard \u00e0 l&rsquo;origine de sa d\u00e9faite. En 2023, pour la premi\u00e8re fois depuis 1988, l&rsquo;arriv\u00e9e d&rsquo;une \u00e9tape du tour s&rsquo;est d\u00e9roul\u00e9e sur le Puy de D\u00f4me.<\/p>\n<p>Wikip\u00e9dia<\/p>\n","protected":false},"featured_media":219,"comment_status":"closed","ping_status":"closed","template":"","meta":{"_et_pb_use_builder":"","_et_pb_old_content":"","_et_gb_content_width":""},"product_brand":[],"product_cat":[3503,3504,306],"product_tag":[],"class_list":{"0":"post-12002","1":"product","2":"type-product","3":"status-publish","4":"has-post-thumbnail","6":"product_cat-france-fr-2","7":"product_cat-massif-central","8":"product_cat-bornes","9":"tm-has-options","11":"first","12":"instock","13":"taxable","14":"shipping-taxable","15":"purchasable","16":"product-type-simple"},"yoast_head":"<!-- This site is optimized with the Yoast SEO plugin v26.2 - https:\/\/yoast.com\/wordpress\/plugins\/seo\/ -->\n<title>Puy de D\u00f4me - Clermont Ferrand - Cyclosouvenir<\/title>\n<meta name=\"robots\" content=\"index, follow, max-snippet:-1, max-image-preview:large, max-video-preview:-1\" \/>\n<link rel=\"canonical\" href=\"https:\/\/www.cyclosouvenir.be\/fr\/produit\/puy-de-dome-clermont-ferrand\/\" \/>\n<meta property=\"og:locale\" content=\"fr_FR\" \/>\n<meta property=\"og:type\" content=\"article\" \/>\n<meta property=\"og:title\" content=\"Puy de D\u00f4me - Clermont Ferrand - Cyclosouvenir\" \/>\n<meta property=\"og:description\" content=\"Le Puy de D\u00f4me est un grand d\u00f4me de lave et l&#039;un des plus jeunes volcans du Massif central en Auvergne, dans le centre-sud de la France, avec une altitude de 1464 m\u00e8tres. Le volcan appartient \u00e0 la Cha\u00eene des Puys. Les Romains y ont construit un temple d\u00e9di\u00e9 \u00e0 Mercure. Le sommet du Puy de D\u00f4me a constitu\u00e9 14 fois le point d&#039;arriv\u00e9e d&#039;une \u00e9tape du Tour de France. En 1975, c&#039;\u00e9tait l&#039;arriv\u00e9e de la 14\u00e8me \u00e9tape, et c&#039;est sur cette \u00e9tape qu&#039;Eddy Merckx a re\u00e7u un coup de poing au foie, qui sera plus tard \u00e0 l&#039;origine de sa d\u00e9faite. En 2023, pour la premi\u00e8re fois depuis 1988, l&#039;arriv\u00e9e d&#039;une \u00e9tape du tour s&#039;est d\u00e9roul\u00e9e sur le Puy de D\u00f4me. Wikip\u00e9dia\" \/>\n<meta property=\"og:url\" content=\"https:\/\/www.cyclosouvenir.be\/fr\/produit\/puy-de-dome-clermont-ferrand\/\" \/>\n<meta property=\"og:site_name\" content=\"Cyclosouvenir\" \/>\n<meta property=\"article:modified_time\" content=\"2024-05-09T12:17:42+00:00\" \/>\n<meta property=\"og:image\" content=\"https:\/\/www.cyclosouvenir.be\/wp-content\/uploads\/2024\/02\/PuydeDome_ClermontFerrand.png\" \/>\n\t<meta property=\"og:image:width\" content=\"250\" \/>\n\t<meta property=\"og:image:height\" content=\"300\" \/>\n\t<meta property=\"og:image:type\" content=\"image\/png\" \/>\n<meta name=\"twitter:card\" content=\"summary_large_image\" \/>\n<script type=\"application\/ld+json\" class=\"yoast-schema-graph\">{\"@context\":\"https:\/\/schema.org\",\"@graph\":[{\"@type\":\"WebPage\",\"@id\":\"https:\/\/www.cyclosouvenir.be\/fr\/produit\/puy-de-dome-clermont-ferrand\/\",\"url\":\"https:\/\/www.cyclosouvenir.be\/fr\/produit\/puy-de-dome-clermont-ferrand\/\",\"name\":\"Puy de D\u00f4me - Clermont Ferrand - Cyclosouvenir\",\"isPartOf\":{\"@id\":\"https:\/\/www.cyclosouvenir.be\/fr\/#website\"},\"primaryImageOfPage\":{\"@id\":\"https:\/\/www.cyclosouvenir.be\/fr\/produit\/puy-de-dome-clermont-ferrand\/#primaryimage\"},\"image\":{\"@id\":\"https:\/\/www.cyclosouvenir.be\/fr\/produit\/puy-de-dome-clermont-ferrand\/#primaryimage\"},\"thumbnailUrl\":\"https:\/\/www.cyclosouvenir.be\/wp-content\/uploads\/2024\/02\/PuydeDome_ClermontFerrand.png\",\"datePublished\":\"2024-02-13T11:36:52+00:00\",\"dateModified\":\"2024-05-09T12:17:42+00:00\",\"breadcrumb\":{\"@id\":\"https:\/\/www.cyclosouvenir.be\/fr\/produit\/puy-de-dome-clermont-ferrand\/#breadcrumb\"},\"inLanguage\":\"fr-FR\",\"potentialAction\":[{\"@type\":\"ReadAction\",\"target\":[\"https:\/\/www.cyclosouvenir.be\/fr\/produit\/puy-de-dome-clermont-ferrand\/\"]}]},{\"@type\":\"ImageObject\",\"inLanguage\":\"fr-FR\",\"@id\":\"https:\/\/www.cyclosouvenir.be\/fr\/produit\/puy-de-dome-clermont-ferrand\/#primaryimage\",\"url\":\"https:\/\/www.cyclosouvenir.be\/wp-content\/uploads\/2024\/02\/PuydeDome_ClermontFerrand.png\",\"contentUrl\":\"https:\/\/www.cyclosouvenir.be\/wp-content\/uploads\/2024\/02\/PuydeDome_ClermontFerrand.png\",\"width\":250,\"height\":300},{\"@type\":\"BreadcrumbList\",\"@id\":\"https:\/\/www.cyclosouvenir.be\/fr\/produit\/puy-de-dome-clermont-ferrand\/#breadcrumb\",\"itemListElement\":[{\"@type\":\"ListItem\",\"position\":1,\"name\":\"Home\",\"item\":\"https:\/\/www.cyclosouvenir.be\/fr\/\"},{\"@type\":\"ListItem\",\"position\":2,\"name\":\"Boutique\",\"item\":\"https:\/\/www.cyclosouvenir.be\/fr\/boutique\/\"},{\"@type\":\"ListItem\",\"position\":3,\"name\":\"Puy de D\u00f4me &#8211; Clermont Ferrand\"}]},{\"@type\":\"WebSite\",\"@id\":\"https:\/\/www.cyclosouvenir.be\/fr\/#website\",\"url\":\"https:\/\/www.cyclosouvenir.be\/fr\/\",\"name\":\"Cyclosouvenir\",\"description\":\"De trofee voor een memorabele beklimming.\",\"publisher\":{\"@id\":\"https:\/\/www.cyclosouvenir.be\/fr\/#organization\"},\"potentialAction\":[{\"@type\":\"SearchAction\",\"target\":{\"@type\":\"EntryPoint\",\"urlTemplate\":\"https:\/\/www.cyclosouvenir.be\/fr\/?s={search_term_string}\"},\"query-input\":{\"@type\":\"PropertyValueSpecification\",\"valueRequired\":true,\"valueName\":\"search_term_string\"}}],\"inLanguage\":\"fr-FR\"},{\"@type\":\"Organization\",\"@id\":\"https:\/\/www.cyclosouvenir.be\/fr\/#organization\",\"name\":\"Cyclosouvenir\",\"url\":\"https:\/\/www.cyclosouvenir.be\/fr\/\",\"logo\":{\"@type\":\"ImageObject\",\"inLanguage\":\"fr-FR\",\"@id\":\"https:\/\/www.cyclosouvenir.be\/fr\/#\/schema\/logo\/image\/\",\"url\":\"https:\/\/www.cyclosouvenir.be\/wp-content\/uploads\/2024\/02\/Cyclosouvenir_Banner-removebg-preview.png\",\"contentUrl\":\"https:\/\/www.cyclosouvenir.be\/wp-content\/uploads\/2024\/02\/Cyclosouvenir_Banner-removebg-preview.png\",\"width\":997,\"height\":250,\"caption\":\"Cyclosouvenir\"},\"image\":{\"@id\":\"https:\/\/www.cyclosouvenir.be\/fr\/#\/schema\/logo\/image\/\"}}]}<\/script>\n<!-- \/ Yoast SEO plugin. -->","yoast_head_json":{"title":"Puy de D\u00f4me - Clermont Ferrand - Cyclosouvenir","robots":{"index":"index","follow":"follow","max-snippet":"max-snippet:-1","max-image-preview":"max-image-preview:large","max-video-preview":"max-video-preview:-1"},"canonical":"https:\/\/www.cyclosouvenir.be\/fr\/produit\/puy-de-dome-clermont-ferrand\/","og_locale":"fr_FR","og_type":"article","og_title":"Puy de D\u00f4me - Clermont Ferrand - Cyclosouvenir","og_description":"Le Puy de D\u00f4me est un grand d\u00f4me de lave et l'un des plus jeunes volcans du Massif central en Auvergne, dans le centre-sud de la France, avec une altitude de 1464 m\u00e8tres. Le volcan appartient \u00e0 la Cha\u00eene des Puys. Les Romains y ont construit un temple d\u00e9di\u00e9 \u00e0 Mercure. Le sommet du Puy de D\u00f4me a constitu\u00e9 14 fois le point d'arriv\u00e9e d'une \u00e9tape du Tour de France. En 1975, c'\u00e9tait l'arriv\u00e9e de la 14\u00e8me \u00e9tape, et c'est sur cette \u00e9tape qu'Eddy Merckx a re\u00e7u un coup de poing au foie, qui sera plus tard \u00e0 l'origine de sa d\u00e9faite. En 2023, pour la premi\u00e8re fois depuis 1988, l'arriv\u00e9e d'une \u00e9tape du tour s'est d\u00e9roul\u00e9e sur le Puy de D\u00f4me. Wikip\u00e9dia","og_url":"https:\/\/www.cyclosouvenir.be\/fr\/produit\/puy-de-dome-clermont-ferrand\/","og_site_name":"Cyclosouvenir","article_modified_time":"2024-05-09T12:17:42+00:00","og_image":[{"width":250,"height":300,"url":"https:\/\/www.cyclosouvenir.be\/wp-content\/uploads\/2024\/02\/PuydeDome_ClermontFerrand.png","type":"image\/png"}],"twitter_card":"summary_large_image","schema":{"@context":"https:\/\/schema.org","@graph":[{"@type":"WebPage","@id":"https:\/\/www.cyclosouvenir.be\/fr\/produit\/puy-de-dome-clermont-ferrand\/","url":"https:\/\/www.cyclosouvenir.be\/fr\/produit\/puy-de-dome-clermont-ferrand\/","name":"Puy de D\u00f4me - Clermont Ferrand - Cyclosouvenir","isPartOf":{"@id":"https:\/\/www.cyclosouvenir.be\/fr\/#website"},"primaryImageOfPage":{"@id":"https:\/\/www.cyclosouvenir.be\/fr\/produit\/puy-de-dome-clermont-ferrand\/#primaryimage"},"image":{"@id":"https:\/\/www.cyclosouvenir.be\/fr\/produit\/puy-de-dome-clermont-ferrand\/#primaryimage"},"thumbnailUrl":"https:\/\/www.cyclosouvenir.be\/wp-content\/uploads\/2024\/02\/PuydeDome_ClermontFerrand.png","datePublished":"2024-02-13T11:36:52+00:00","dateModified":"2024-05-09T12:17:42+00:00","breadcrumb":{"@id":"https:\/\/www.cyclosouvenir.be\/fr\/produit\/puy-de-dome-clermont-ferrand\/#breadcrumb"},"inLanguage":"fr-FR","potentialAction":[{"@type":"ReadAction","target":["https:\/\/www.cyclosouvenir.be\/fr\/produit\/puy-de-dome-clermont-ferrand\/"]}]},{"@type":"ImageObject","inLanguage":"fr-FR","@id":"https:\/\/www.cyclosouvenir.be\/fr\/produit\/puy-de-dome-clermont-ferrand\/#primaryimage","url":"https:\/\/www.cyclosouvenir.be\/wp-content\/uploads\/2024\/02\/PuydeDome_ClermontFerrand.png","contentUrl":"https:\/\/www.cyclosouvenir.be\/wp-content\/uploads\/2024\/02\/PuydeDome_ClermontFerrand.png","width":250,"height":300},{"@type":"BreadcrumbList","@id":"https:\/\/www.cyclosouvenir.be\/fr\/produit\/puy-de-dome-clermont-ferrand\/#breadcrumb","itemListElement":[{"@type":"ListItem","position":1,"name":"Home","item":"https:\/\/www.cyclosouvenir.be\/fr\/"},{"@type":"ListItem","position":2,"name":"Boutique","item":"https:\/\/www.cyclosouvenir.be\/fr\/boutique\/"},{"@type":"ListItem","position":3,"name":"Puy de D\u00f4me &#8211; Clermont Ferrand"}]},{"@type":"WebSite","@id":"https:\/\/www.cyclosouvenir.be\/fr\/#website","url":"https:\/\/www.cyclosouvenir.be\/fr\/","name":"Cyclosouvenir","description":"De trofee voor een memorabele beklimming.","publisher":{"@id":"https:\/\/www.cyclosouvenir.be\/fr\/#organization"},"potentialAction":[{"@type":"SearchAction","target":{"@type":"EntryPoint","urlTemplate":"https:\/\/www.cyclosouvenir.be\/fr\/?s={search_term_string}"},"query-input":{"@type":"PropertyValueSpecification","valueRequired":true,"valueName":"search_term_string"}}],"inLanguage":"fr-FR"},{"@type":"Organization","@id":"https:\/\/www.cyclosouvenir.be\/fr\/#organization","name":"Cyclosouvenir","url":"https:\/\/www.cyclosouvenir.be\/fr\/","logo":{"@type":"ImageObject","inLanguage":"fr-FR","@id":"https:\/\/www.cyclosouvenir.be\/fr\/#\/schema\/logo\/image\/","url":"https:\/\/www.cyclosouvenir.be\/wp-content\/uploads\/2024\/02\/Cyclosouvenir_Banner-removebg-preview.png","contentUrl":"https:\/\/www.cyclosouvenir.be\/wp-content\/uploads\/2024\/02\/Cyclosouvenir_Banner-removebg-preview.png","width":997,"height":250,"caption":"Cyclosouvenir"},"image":{"@id":"https:\/\/www.cyclosouvenir.be\/fr\/#\/schema\/logo\/image\/"}}]}},"_links":{"self":[{"href":"https:\/\/www.cyclosouvenir.be\/fr\/wp-json\/wp\/v2\/product\/12002","targetHints":{"allow":["GET"]}}],"collection":[{"href":"https:\/\/www.cyclosouvenir.be\/fr\/wp-json\/wp\/v2\/product"}],"about":[{"href":"https:\/\/www.cyclosouvenir.be\/fr\/wp-json\/wp\/v2\/types\/product"}],"replies":[{"embeddable":true,"href":"https:\/\/www.cyclosouvenir.be\/fr\/wp-json\/wp\/v2\/comments?post=12002"}],"wp:featuredmedia":[{"embeddable":true,"href":"https:\/\/www.cyclosouvenir.be\/fr\/wp-json\/wp\/v2\/media\/219"}],"wp:attachment":[{"href":"https:\/\/www.cyclosouvenir.be\/fr\/wp-json\/wp\/v2\/media?parent=12002"}],"wp:term":[{"taxonomy":"product_brand","embeddable":true,"href":"https:\/\/www.cyclosouvenir.be\/fr\/wp-json\/wp\/v2\/product_brand?post=12002"},{"taxonomy":"product_cat","embeddable":true,"href":"https:\/\/www.cyclosouvenir.be\/fr\/wp-json\/wp\/v2\/product_cat?post=12002"},{"taxonomy":"product_tag","embeddable":true,"href":"https:\/\/www.cyclosouvenir.be\/fr\/wp-json\/wp\/v2\/product_tag?post=12002"}],"curies":[{"name":"wp","href":"https:\/\/api.w.org\/{rel}","templated":true}]}}