{"id":12066,"date":"2024-02-13T11:36:44","date_gmt":"2024-02-13T11:36:44","guid":{"rendered":"https:\/\/demo9.inetproductions.be\/product\/alpe-dhuez-bourg-doisans\/"},"modified":"2024-05-09T12:37:36","modified_gmt":"2024-05-09T12:37:36","slug":"alpe-dhuez-bourg-doisans","status":"publish","type":"product","link":"https:\/\/www.cyclosouvenir.be\/fr\/produit\/alpe-dhuez-bourg-doisans\/","title":{"rendered":"Alpe dHuez &#8211; Bourg d&rsquo;Oisans"},"content":{"rendered":"","protected":false},"excerpt":{"rendered":"<p>L&rsquo;Alpe d&rsquo;Huez est une station de sports d&rsquo;hiver situ\u00e9e dans les Alpes fran\u00e7aises. Il se trouve \u00e0 1860 m\u00e8tres d&rsquo;altitude, sur le flanc sud-ouest du Pic Blanc. Il est situ\u00e9 dans le massif des Grandes Rousses, un massif du sud-ouest des Alpes.<\/p>\n<p>L&rsquo;Alpe d&rsquo;Huez a \u00e9t\u00e9 le site d&rsquo;arriv\u00e9e du Tour de France \u00e0 31 reprises jusqu&rsquo;en 2022. La mont\u00e9e commence dans le village de Le Bourg d&rsquo;Oisans, fait 13,8 km et a une pente de 7,9 %. Au total, 1061 altim\u00e8tres sont couverts. La montagne a \u00e9t\u00e9 escalad\u00e9e pour la premi\u00e8re fois dans le Tour 1952 lors de la 10e \u00e9tape (Lausanne &#8211; Alpe d&rsquo;Huez), remport\u00e9e par Fausto Coppi. Il s&rsquo;agissait de la premi\u00e8re \u00e9tape du Tour dont l&rsquo;arriv\u00e9e se situait au sommet d&rsquo;une montagne. L&rsquo;arriv\u00e9e se trouvait alors toujours dans le village d&rsquo;Huez, \u00e0 mi-chemin de la mont\u00e9e, qui est aujourd&rsquo;hui escalad\u00e9e jusqu&rsquo;au sommet. La montagne a \u00e9t\u00e9 escalad\u00e9e pour la derni\u00e8re fois en 2022 lors de l&rsquo;arriv\u00e9e de l&rsquo;\u00e9tape 12.<\/p>\n","protected":false},"featured_media":94,"comment_status":"closed","ping_status":"closed","template":"","meta":{"_et_pb_use_builder":"","_et_pb_old_content":"","_et_gb_content_width":""},"product_brand":[],"product_cat":[3503,3527,306],"product_tag":[],"class_list":{"0":"post-12066","1":"product","2":"type-product","3":"status-publish","4":"has-post-thumbnail","6":"product_cat-france-fr-2","7":"product_cat-les-alpes-fr","8":"product_cat-bornes","9":"tm-has-options","11":"first","12":"instock","13":"taxable","14":"shipping-taxable","15":"purchasable","16":"product-type-simple"},"yoast_head":"<!-- This site is optimized with the Yoast SEO plugin v26.2 - https:\/\/yoast.com\/wordpress\/plugins\/seo\/ -->\n<title>Alpe dHuez - Bourg d&#039;Oisans - Cyclosouvenir<\/title>\n<meta name=\"robots\" content=\"index, follow, max-snippet:-1, max-image-preview:large, max-video-preview:-1\" \/>\n<link rel=\"canonical\" href=\"https:\/\/www.cyclosouvenir.be\/fr\/produit\/alpe-dhuez-bourg-doisans\/\" \/>\n<meta property=\"og:locale\" content=\"fr_FR\" \/>\n<meta property=\"og:type\" content=\"article\" \/>\n<meta property=\"og:title\" content=\"Alpe dHuez - Bourg d&#039;Oisans - Cyclosouvenir\" \/>\n<meta property=\"og:description\" content=\"L&#039;Alpe d&#039;Huez est une station de sports d&#039;hiver situ\u00e9e dans les Alpes fran\u00e7aises. Il se trouve \u00e0 1860 m\u00e8tres d&#039;altitude, sur le flanc sud-ouest du Pic Blanc. Il est situ\u00e9 dans le massif des Grandes Rousses, un massif du sud-ouest des Alpes. L&#039;Alpe d&#039;Huez a \u00e9t\u00e9 le site d&#039;arriv\u00e9e du Tour de France \u00e0 31 reprises jusqu&#039;en 2022. La mont\u00e9e commence dans le village de Le Bourg d&#039;Oisans, fait 13,8 km et a une pente de 7,9 %. Au total, 1061 altim\u00e8tres sont couverts. La montagne a \u00e9t\u00e9 escalad\u00e9e pour la premi\u00e8re fois dans le Tour 1952 lors de la 10e \u00e9tape (Lausanne - Alpe d&#039;Huez), remport\u00e9e par Fausto Coppi. Il s&#039;agissait de la premi\u00e8re \u00e9tape du Tour dont l&#039;arriv\u00e9e se situait au sommet d&#039;une montagne. L&#039;arriv\u00e9e se trouvait alors toujours dans le village d&#039;Huez, \u00e0 mi-chemin de la mont\u00e9e, qui est aujourd&#039;hui escalad\u00e9e jusqu&#039;au sommet. La montagne a \u00e9t\u00e9 escalad\u00e9e pour la derni\u00e8re fois en 2022 lors de l&#039;arriv\u00e9e de l&#039;\u00e9tape 12.\" \/>\n<meta property=\"og:url\" content=\"https:\/\/www.cyclosouvenir.be\/fr\/produit\/alpe-dhuez-bourg-doisans\/\" \/>\n<meta property=\"og:site_name\" content=\"Cyclosouvenir\" \/>\n<meta property=\"article:modified_time\" content=\"2024-05-09T12:37:36+00:00\" \/>\n<meta property=\"og:image\" content=\"https:\/\/www.cyclosouvenir.be\/wp-content\/uploads\/2024\/02\/AlpeDhuez-BourgDoisans.png\" \/>\n\t<meta property=\"og:image:width\" content=\"250\" \/>\n\t<meta property=\"og:image:height\" content=\"300\" \/>\n\t<meta property=\"og:image:type\" content=\"image\/png\" \/>\n<meta name=\"twitter:card\" content=\"summary_large_image\" \/>\n<script type=\"application\/ld+json\" class=\"yoast-schema-graph\">{\"@context\":\"https:\/\/schema.org\",\"@graph\":[{\"@type\":\"WebPage\",\"@id\":\"https:\/\/www.cyclosouvenir.be\/fr\/produit\/alpe-dhuez-bourg-doisans\/\",\"url\":\"https:\/\/www.cyclosouvenir.be\/fr\/produit\/alpe-dhuez-bourg-doisans\/\",\"name\":\"Alpe dHuez - Bourg d'Oisans - Cyclosouvenir\",\"isPartOf\":{\"@id\":\"https:\/\/www.cyclosouvenir.be\/fr\/#website\"},\"primaryImageOfPage\":{\"@id\":\"https:\/\/www.cyclosouvenir.be\/fr\/produit\/alpe-dhuez-bourg-doisans\/#primaryimage\"},\"image\":{\"@id\":\"https:\/\/www.cyclosouvenir.be\/fr\/produit\/alpe-dhuez-bourg-doisans\/#primaryimage\"},\"thumbnailUrl\":\"https:\/\/www.cyclosouvenir.be\/wp-content\/uploads\/2024\/02\/AlpeDhuez-BourgDoisans.png\",\"datePublished\":\"2024-02-13T11:36:44+00:00\",\"dateModified\":\"2024-05-09T12:37:36+00:00\",\"breadcrumb\":{\"@id\":\"https:\/\/www.cyclosouvenir.be\/fr\/produit\/alpe-dhuez-bourg-doisans\/#breadcrumb\"},\"inLanguage\":\"fr-FR\",\"potentialAction\":[{\"@type\":\"ReadAction\",\"target\":[\"https:\/\/www.cyclosouvenir.be\/fr\/produit\/alpe-dhuez-bourg-doisans\/\"]}]},{\"@type\":\"ImageObject\",\"inLanguage\":\"fr-FR\",\"@id\":\"https:\/\/www.cyclosouvenir.be\/fr\/produit\/alpe-dhuez-bourg-doisans\/#primaryimage\",\"url\":\"https:\/\/www.cyclosouvenir.be\/wp-content\/uploads\/2024\/02\/AlpeDhuez-BourgDoisans.png\",\"contentUrl\":\"https:\/\/www.cyclosouvenir.be\/wp-content\/uploads\/2024\/02\/AlpeDhuez-BourgDoisans.png\",\"width\":250,\"height\":300},{\"@type\":\"BreadcrumbList\",\"@id\":\"https:\/\/www.cyclosouvenir.be\/fr\/produit\/alpe-dhuez-bourg-doisans\/#breadcrumb\",\"itemListElement\":[{\"@type\":\"ListItem\",\"position\":1,\"name\":\"Home\",\"item\":\"https:\/\/www.cyclosouvenir.be\/fr\/\"},{\"@type\":\"ListItem\",\"position\":2,\"name\":\"Boutique\",\"item\":\"https:\/\/www.cyclosouvenir.be\/fr\/boutique\/\"},{\"@type\":\"ListItem\",\"position\":3,\"name\":\"Alpe dHuez &#8211; Bourg d&#8217;Oisans\"}]},{\"@type\":\"WebSite\",\"@id\":\"https:\/\/www.cyclosouvenir.be\/fr\/#website\",\"url\":\"https:\/\/www.cyclosouvenir.be\/fr\/\",\"name\":\"Cyclosouvenir\",\"description\":\"De trofee voor een memorabele beklimming.\",\"publisher\":{\"@id\":\"https:\/\/www.cyclosouvenir.be\/fr\/#organization\"},\"potentialAction\":[{\"@type\":\"SearchAction\",\"target\":{\"@type\":\"EntryPoint\",\"urlTemplate\":\"https:\/\/www.cyclosouvenir.be\/fr\/?s={search_term_string}\"},\"query-input\":{\"@type\":\"PropertyValueSpecification\",\"valueRequired\":true,\"valueName\":\"search_term_string\"}}],\"inLanguage\":\"fr-FR\"},{\"@type\":\"Organization\",\"@id\":\"https:\/\/www.cyclosouvenir.be\/fr\/#organization\",\"name\":\"Cyclosouvenir\",\"url\":\"https:\/\/www.cyclosouvenir.be\/fr\/\",\"logo\":{\"@type\":\"ImageObject\",\"inLanguage\":\"fr-FR\",\"@id\":\"https:\/\/www.cyclosouvenir.be\/fr\/#\/schema\/logo\/image\/\",\"url\":\"https:\/\/www.cyclosouvenir.be\/wp-content\/uploads\/2024\/02\/Cyclosouvenir_Banner-removebg-preview.png\",\"contentUrl\":\"https:\/\/www.cyclosouvenir.be\/wp-content\/uploads\/2024\/02\/Cyclosouvenir_Banner-removebg-preview.png\",\"width\":997,\"height\":250,\"caption\":\"Cyclosouvenir\"},\"image\":{\"@id\":\"https:\/\/www.cyclosouvenir.be\/fr\/#\/schema\/logo\/image\/\"}}]}<\/script>\n<!-- \/ Yoast SEO plugin. -->","yoast_head_json":{"title":"Alpe dHuez - Bourg d'Oisans - Cyclosouvenir","robots":{"index":"index","follow":"follow","max-snippet":"max-snippet:-1","max-image-preview":"max-image-preview:large","max-video-preview":"max-video-preview:-1"},"canonical":"https:\/\/www.cyclosouvenir.be\/fr\/produit\/alpe-dhuez-bourg-doisans\/","og_locale":"fr_FR","og_type":"article","og_title":"Alpe dHuez - Bourg d'Oisans - Cyclosouvenir","og_description":"L'Alpe d'Huez est une station de sports d'hiver situ\u00e9e dans les Alpes fran\u00e7aises. Il se trouve \u00e0 1860 m\u00e8tres d'altitude, sur le flanc sud-ouest du Pic Blanc. Il est situ\u00e9 dans le massif des Grandes Rousses, un massif du sud-ouest des Alpes. L'Alpe d'Huez a \u00e9t\u00e9 le site d'arriv\u00e9e du Tour de France \u00e0 31 reprises jusqu'en 2022. La mont\u00e9e commence dans le village de Le Bourg d'Oisans, fait 13,8 km et a une pente de 7,9 %. Au total, 1061 altim\u00e8tres sont couverts. La montagne a \u00e9t\u00e9 escalad\u00e9e pour la premi\u00e8re fois dans le Tour 1952 lors de la 10e \u00e9tape (Lausanne - Alpe d'Huez), remport\u00e9e par Fausto Coppi. Il s'agissait de la premi\u00e8re \u00e9tape du Tour dont l'arriv\u00e9e se situait au sommet d'une montagne. L'arriv\u00e9e se trouvait alors toujours dans le village d'Huez, \u00e0 mi-chemin de la mont\u00e9e, qui est aujourd'hui escalad\u00e9e jusqu'au sommet. La montagne a \u00e9t\u00e9 escalad\u00e9e pour la derni\u00e8re fois en 2022 lors de l'arriv\u00e9e de l'\u00e9tape 12.","og_url":"https:\/\/www.cyclosouvenir.be\/fr\/produit\/alpe-dhuez-bourg-doisans\/","og_site_name":"Cyclosouvenir","article_modified_time":"2024-05-09T12:37:36+00:00","og_image":[{"width":250,"height":300,"url":"https:\/\/www.cyclosouvenir.be\/wp-content\/uploads\/2024\/02\/AlpeDhuez-BourgDoisans.png","type":"image\/png"}],"twitter_card":"summary_large_image","schema":{"@context":"https:\/\/schema.org","@graph":[{"@type":"WebPage","@id":"https:\/\/www.cyclosouvenir.be\/fr\/produit\/alpe-dhuez-bourg-doisans\/","url":"https:\/\/www.cyclosouvenir.be\/fr\/produit\/alpe-dhuez-bourg-doisans\/","name":"Alpe dHuez - Bourg d'Oisans - Cyclosouvenir","isPartOf":{"@id":"https:\/\/www.cyclosouvenir.be\/fr\/#website"},"primaryImageOfPage":{"@id":"https:\/\/www.cyclosouvenir.be\/fr\/produit\/alpe-dhuez-bourg-doisans\/#primaryimage"},"image":{"@id":"https:\/\/www.cyclosouvenir.be\/fr\/produit\/alpe-dhuez-bourg-doisans\/#primaryimage"},"thumbnailUrl":"https:\/\/www.cyclosouvenir.be\/wp-content\/uploads\/2024\/02\/AlpeDhuez-BourgDoisans.png","datePublished":"2024-02-13T11:36:44+00:00","dateModified":"2024-05-09T12:37:36+00:00","breadcrumb":{"@id":"https:\/\/www.cyclosouvenir.be\/fr\/produit\/alpe-dhuez-bourg-doisans\/#breadcrumb"},"inLanguage":"fr-FR","potentialAction":[{"@type":"ReadAction","target":["https:\/\/www.cyclosouvenir.be\/fr\/produit\/alpe-dhuez-bourg-doisans\/"]}]},{"@type":"ImageObject","inLanguage":"fr-FR","@id":"https:\/\/www.cyclosouvenir.be\/fr\/produit\/alpe-dhuez-bourg-doisans\/#primaryimage","url":"https:\/\/www.cyclosouvenir.be\/wp-content\/uploads\/2024\/02\/AlpeDhuez-BourgDoisans.png","contentUrl":"https:\/\/www.cyclosouvenir.be\/wp-content\/uploads\/2024\/02\/AlpeDhuez-BourgDoisans.png","width":250,"height":300},{"@type":"BreadcrumbList","@id":"https:\/\/www.cyclosouvenir.be\/fr\/produit\/alpe-dhuez-bourg-doisans\/#breadcrumb","itemListElement":[{"@type":"ListItem","position":1,"name":"Home","item":"https:\/\/www.cyclosouvenir.be\/fr\/"},{"@type":"ListItem","position":2,"name":"Boutique","item":"https:\/\/www.cyclosouvenir.be\/fr\/boutique\/"},{"@type":"ListItem","position":3,"name":"Alpe dHuez &#8211; Bourg d&#8217;Oisans"}]},{"@type":"WebSite","@id":"https:\/\/www.cyclosouvenir.be\/fr\/#website","url":"https:\/\/www.cyclosouvenir.be\/fr\/","name":"Cyclosouvenir","description":"De trofee voor een memorabele beklimming.","publisher":{"@id":"https:\/\/www.cyclosouvenir.be\/fr\/#organization"},"potentialAction":[{"@type":"SearchAction","target":{"@type":"EntryPoint","urlTemplate":"https:\/\/www.cyclosouvenir.be\/fr\/?s={search_term_string}"},"query-input":{"@type":"PropertyValueSpecification","valueRequired":true,"valueName":"search_term_string"}}],"inLanguage":"fr-FR"},{"@type":"Organization","@id":"https:\/\/www.cyclosouvenir.be\/fr\/#organization","name":"Cyclosouvenir","url":"https:\/\/www.cyclosouvenir.be\/fr\/","logo":{"@type":"ImageObject","inLanguage":"fr-FR","@id":"https:\/\/www.cyclosouvenir.be\/fr\/#\/schema\/logo\/image\/","url":"https:\/\/www.cyclosouvenir.be\/wp-content\/uploads\/2024\/02\/Cyclosouvenir_Banner-removebg-preview.png","contentUrl":"https:\/\/www.cyclosouvenir.be\/wp-content\/uploads\/2024\/02\/Cyclosouvenir_Banner-removebg-preview.png","width":997,"height":250,"caption":"Cyclosouvenir"},"image":{"@id":"https:\/\/www.cyclosouvenir.be\/fr\/#\/schema\/logo\/image\/"}}]}},"_links":{"self":[{"href":"https:\/\/www.cyclosouvenir.be\/fr\/wp-json\/wp\/v2\/product\/12066","targetHints":{"allow":["GET"]}}],"collection":[{"href":"https:\/\/www.cyclosouvenir.be\/fr\/wp-json\/wp\/v2\/product"}],"about":[{"href":"https:\/\/www.cyclosouvenir.be\/fr\/wp-json\/wp\/v2\/types\/product"}],"replies":[{"embeddable":true,"href":"https:\/\/www.cyclosouvenir.be\/fr\/wp-json\/wp\/v2\/comments?post=12066"}],"wp:featuredmedia":[{"embeddable":true,"href":"https:\/\/www.cyclosouvenir.be\/fr\/wp-json\/wp\/v2\/media\/94"}],"wp:attachment":[{"href":"https:\/\/www.cyclosouvenir.be\/fr\/wp-json\/wp\/v2\/media?parent=12066"}],"wp:term":[{"taxonomy":"product_brand","embeddable":true,"href":"https:\/\/www.cyclosouvenir.be\/fr\/wp-json\/wp\/v2\/product_brand?post=12066"},{"taxonomy":"product_cat","embeddable":true,"href":"https:\/\/www.cyclosouvenir.be\/fr\/wp-json\/wp\/v2\/product_cat?post=12066"},{"taxonomy":"product_tag","embeddable":true,"href":"https:\/\/www.cyclosouvenir.be\/fr\/wp-json\/wp\/v2\/product_tag?post=12066"}],"curies":[{"name":"wp","href":"https:\/\/api.w.org\/{rel}","templated":true}]}}