{"id":12071,"date":"2024-02-13T11:36:44","date_gmt":"2024-02-13T11:36:44","guid":{"rendered":"https:\/\/demo9.inetproductions.be\/product\/ballon-dalsace-malvaux\/"},"modified":"2024-05-09T12:35:26","modified_gmt":"2024-05-09T12:35:26","slug":"ballon-dalsace-malvaux","status":"publish","type":"product","link":"https:\/\/www.cyclosouvenir.be\/fr\/produit\/ballon-dalsace-malvaux\/","title":{"rendered":"Ballon d&rsquo;Alsace &#8211; Malvaux"},"content":{"rendered":"","protected":false},"excerpt":{"rendered":"<p>Le Ballon d&rsquo;Alsace, d&rsquo;une hauteur de 1247 m\u00e8tres, est une montagne fran\u00e7aise situ\u00e9e dans le sud des Vosges. Depuis le sommet, on peut apercevoir le Mont Blanc par temps clair.<\/p>\n<p>Reliant la vall\u00e9e de la Moselle au nord \u00e0 la vall\u00e9e de la Savoureuse au sud et \u00e0 la Doller \u00e0 l&rsquo;est, la route m\u00e8ne au sommet par un col \u00e0 1171 m\u00e8tres d&rsquo;altitude.<\/p>\n<p>Le 10 juillet 1905, le Tour de France franchit pour la premi\u00e8re fois le Ballon d&rsquo;Alsace. Il s&rsquo;agissait alors de la premi\u00e8re v\u00e9ritable \u00e9tape de montagne de l&rsquo;histoire du Tour. On dit souvent que cette mont\u00e9e a \u00e9t\u00e9 le tout premier col du Tour de France, mais ce n&rsquo;est pas vrai. Cet honneur revient au Col du Pin Bouchain, lors de la premi\u00e8re \u00e9tape du tout premier tour en 1903. Par la suite, le Tour de France est pass\u00e9 plus d&rsquo;une fois par le Ballon d&rsquo;Alsace.<\/p>\n","protected":false},"featured_media":109,"comment_status":"closed","ping_status":"closed","template":"","meta":{"_et_pb_use_builder":"","_et_pb_old_content":"","_et_gb_content_width":""},"product_brand":[],"product_cat":[3503,3563,306],"product_tag":[],"class_list":{"0":"post-12071","1":"product","2":"type-product","3":"status-publish","4":"has-post-thumbnail","6":"product_cat-france-fr-2","7":"product_cat-vosges-fr-2","8":"product_cat-bornes","9":"tm-has-options","11":"first","12":"instock","13":"taxable","14":"shipping-taxable","15":"purchasable","16":"product-type-simple"},"yoast_head":"<!-- This site is optimized with the Yoast SEO plugin v26.2 - https:\/\/yoast.com\/wordpress\/plugins\/seo\/ -->\n<title>Ballon d&#039;Alsace - Malvaux - Cyclosouvenir<\/title>\n<meta name=\"robots\" content=\"index, follow, max-snippet:-1, max-image-preview:large, max-video-preview:-1\" \/>\n<link rel=\"canonical\" href=\"https:\/\/www.cyclosouvenir.be\/fr\/produit\/ballon-dalsace-malvaux\/\" \/>\n<meta property=\"og:locale\" content=\"fr_FR\" \/>\n<meta property=\"og:type\" content=\"article\" \/>\n<meta property=\"og:title\" content=\"Ballon d&#039;Alsace - Malvaux - Cyclosouvenir\" \/>\n<meta property=\"og:description\" content=\"Le Ballon d&#039;Alsace, d&#039;une hauteur de 1247 m\u00e8tres, est une montagne fran\u00e7aise situ\u00e9e dans le sud des Vosges. Depuis le sommet, on peut apercevoir le Mont Blanc par temps clair. Reliant la vall\u00e9e de la Moselle au nord \u00e0 la vall\u00e9e de la Savoureuse au sud et \u00e0 la Doller \u00e0 l&#039;est, la route m\u00e8ne au sommet par un col \u00e0 1171 m\u00e8tres d&#039;altitude. Le 10 juillet 1905, le Tour de France franchit pour la premi\u00e8re fois le Ballon d&#039;Alsace. Il s&#039;agissait alors de la premi\u00e8re v\u00e9ritable \u00e9tape de montagne de l&#039;histoire du Tour. On dit souvent que cette mont\u00e9e a \u00e9t\u00e9 le tout premier col du Tour de France, mais ce n&#039;est pas vrai. Cet honneur revient au Col du Pin Bouchain, lors de la premi\u00e8re \u00e9tape du tout premier tour en 1903. Par la suite, le Tour de France est pass\u00e9 plus d&#039;une fois par le Ballon d&#039;Alsace.\" \/>\n<meta property=\"og:url\" content=\"https:\/\/www.cyclosouvenir.be\/fr\/produit\/ballon-dalsace-malvaux\/\" \/>\n<meta property=\"og:site_name\" content=\"Cyclosouvenir\" \/>\n<meta property=\"article:modified_time\" content=\"2024-05-09T12:35:26+00:00\" \/>\n<meta property=\"og:image\" content=\"https:\/\/www.cyclosouvenir.be\/wp-content\/uploads\/2024\/02\/BallonDalsace-Malvaux.png\" \/>\n\t<meta property=\"og:image:width\" content=\"250\" \/>\n\t<meta property=\"og:image:height\" content=\"300\" \/>\n\t<meta property=\"og:image:type\" content=\"image\/png\" \/>\n<meta name=\"twitter:card\" content=\"summary_large_image\" \/>\n<script type=\"application\/ld+json\" class=\"yoast-schema-graph\">{\"@context\":\"https:\/\/schema.org\",\"@graph\":[{\"@type\":\"WebPage\",\"@id\":\"https:\/\/www.cyclosouvenir.be\/fr\/produit\/ballon-dalsace-malvaux\/\",\"url\":\"https:\/\/www.cyclosouvenir.be\/fr\/produit\/ballon-dalsace-malvaux\/\",\"name\":\"Ballon d'Alsace - Malvaux - Cyclosouvenir\",\"isPartOf\":{\"@id\":\"https:\/\/www.cyclosouvenir.be\/fr\/#website\"},\"primaryImageOfPage\":{\"@id\":\"https:\/\/www.cyclosouvenir.be\/fr\/produit\/ballon-dalsace-malvaux\/#primaryimage\"},\"image\":{\"@id\":\"https:\/\/www.cyclosouvenir.be\/fr\/produit\/ballon-dalsace-malvaux\/#primaryimage\"},\"thumbnailUrl\":\"https:\/\/www.cyclosouvenir.be\/wp-content\/uploads\/2024\/02\/BallonDalsace-Malvaux.png\",\"datePublished\":\"2024-02-13T11:36:44+00:00\",\"dateModified\":\"2024-05-09T12:35:26+00:00\",\"breadcrumb\":{\"@id\":\"https:\/\/www.cyclosouvenir.be\/fr\/produit\/ballon-dalsace-malvaux\/#breadcrumb\"},\"inLanguage\":\"fr-FR\",\"potentialAction\":[{\"@type\":\"ReadAction\",\"target\":[\"https:\/\/www.cyclosouvenir.be\/fr\/produit\/ballon-dalsace-malvaux\/\"]}]},{\"@type\":\"ImageObject\",\"inLanguage\":\"fr-FR\",\"@id\":\"https:\/\/www.cyclosouvenir.be\/fr\/produit\/ballon-dalsace-malvaux\/#primaryimage\",\"url\":\"https:\/\/www.cyclosouvenir.be\/wp-content\/uploads\/2024\/02\/BallonDalsace-Malvaux.png\",\"contentUrl\":\"https:\/\/www.cyclosouvenir.be\/wp-content\/uploads\/2024\/02\/BallonDalsace-Malvaux.png\",\"width\":250,\"height\":300},{\"@type\":\"BreadcrumbList\",\"@id\":\"https:\/\/www.cyclosouvenir.be\/fr\/produit\/ballon-dalsace-malvaux\/#breadcrumb\",\"itemListElement\":[{\"@type\":\"ListItem\",\"position\":1,\"name\":\"Home\",\"item\":\"https:\/\/www.cyclosouvenir.be\/fr\/\"},{\"@type\":\"ListItem\",\"position\":2,\"name\":\"Boutique\",\"item\":\"https:\/\/www.cyclosouvenir.be\/fr\/boutique\/\"},{\"@type\":\"ListItem\",\"position\":3,\"name\":\"Ballon d&#8217;Alsace &#8211; Malvaux\"}]},{\"@type\":\"WebSite\",\"@id\":\"https:\/\/www.cyclosouvenir.be\/fr\/#website\",\"url\":\"https:\/\/www.cyclosouvenir.be\/fr\/\",\"name\":\"Cyclosouvenir\",\"description\":\"De trofee voor een memorabele beklimming.\",\"publisher\":{\"@id\":\"https:\/\/www.cyclosouvenir.be\/fr\/#organization\"},\"potentialAction\":[{\"@type\":\"SearchAction\",\"target\":{\"@type\":\"EntryPoint\",\"urlTemplate\":\"https:\/\/www.cyclosouvenir.be\/fr\/?s={search_term_string}\"},\"query-input\":{\"@type\":\"PropertyValueSpecification\",\"valueRequired\":true,\"valueName\":\"search_term_string\"}}],\"inLanguage\":\"fr-FR\"},{\"@type\":\"Organization\",\"@id\":\"https:\/\/www.cyclosouvenir.be\/fr\/#organization\",\"name\":\"Cyclosouvenir\",\"url\":\"https:\/\/www.cyclosouvenir.be\/fr\/\",\"logo\":{\"@type\":\"ImageObject\",\"inLanguage\":\"fr-FR\",\"@id\":\"https:\/\/www.cyclosouvenir.be\/fr\/#\/schema\/logo\/image\/\",\"url\":\"https:\/\/www.cyclosouvenir.be\/wp-content\/uploads\/2024\/02\/Cyclosouvenir_Banner-removebg-preview.png\",\"contentUrl\":\"https:\/\/www.cyclosouvenir.be\/wp-content\/uploads\/2024\/02\/Cyclosouvenir_Banner-removebg-preview.png\",\"width\":997,\"height\":250,\"caption\":\"Cyclosouvenir\"},\"image\":{\"@id\":\"https:\/\/www.cyclosouvenir.be\/fr\/#\/schema\/logo\/image\/\"}}]}<\/script>\n<!-- \/ Yoast SEO plugin. -->","yoast_head_json":{"title":"Ballon d'Alsace - Malvaux - Cyclosouvenir","robots":{"index":"index","follow":"follow","max-snippet":"max-snippet:-1","max-image-preview":"max-image-preview:large","max-video-preview":"max-video-preview:-1"},"canonical":"https:\/\/www.cyclosouvenir.be\/fr\/produit\/ballon-dalsace-malvaux\/","og_locale":"fr_FR","og_type":"article","og_title":"Ballon d'Alsace - Malvaux - Cyclosouvenir","og_description":"Le Ballon d'Alsace, d'une hauteur de 1247 m\u00e8tres, est une montagne fran\u00e7aise situ\u00e9e dans le sud des Vosges. Depuis le sommet, on peut apercevoir le Mont Blanc par temps clair. Reliant la vall\u00e9e de la Moselle au nord \u00e0 la vall\u00e9e de la Savoureuse au sud et \u00e0 la Doller \u00e0 l'est, la route m\u00e8ne au sommet par un col \u00e0 1171 m\u00e8tres d'altitude. Le 10 juillet 1905, le Tour de France franchit pour la premi\u00e8re fois le Ballon d'Alsace. Il s'agissait alors de la premi\u00e8re v\u00e9ritable \u00e9tape de montagne de l'histoire du Tour. On dit souvent que cette mont\u00e9e a \u00e9t\u00e9 le tout premier col du Tour de France, mais ce n'est pas vrai. Cet honneur revient au Col du Pin Bouchain, lors de la premi\u00e8re \u00e9tape du tout premier tour en 1903. Par la suite, le Tour de France est pass\u00e9 plus d'une fois par le Ballon d'Alsace.","og_url":"https:\/\/www.cyclosouvenir.be\/fr\/produit\/ballon-dalsace-malvaux\/","og_site_name":"Cyclosouvenir","article_modified_time":"2024-05-09T12:35:26+00:00","og_image":[{"width":250,"height":300,"url":"https:\/\/www.cyclosouvenir.be\/wp-content\/uploads\/2024\/02\/BallonDalsace-Malvaux.png","type":"image\/png"}],"twitter_card":"summary_large_image","schema":{"@context":"https:\/\/schema.org","@graph":[{"@type":"WebPage","@id":"https:\/\/www.cyclosouvenir.be\/fr\/produit\/ballon-dalsace-malvaux\/","url":"https:\/\/www.cyclosouvenir.be\/fr\/produit\/ballon-dalsace-malvaux\/","name":"Ballon d'Alsace - Malvaux - Cyclosouvenir","isPartOf":{"@id":"https:\/\/www.cyclosouvenir.be\/fr\/#website"},"primaryImageOfPage":{"@id":"https:\/\/www.cyclosouvenir.be\/fr\/produit\/ballon-dalsace-malvaux\/#primaryimage"},"image":{"@id":"https:\/\/www.cyclosouvenir.be\/fr\/produit\/ballon-dalsace-malvaux\/#primaryimage"},"thumbnailUrl":"https:\/\/www.cyclosouvenir.be\/wp-content\/uploads\/2024\/02\/BallonDalsace-Malvaux.png","datePublished":"2024-02-13T11:36:44+00:00","dateModified":"2024-05-09T12:35:26+00:00","breadcrumb":{"@id":"https:\/\/www.cyclosouvenir.be\/fr\/produit\/ballon-dalsace-malvaux\/#breadcrumb"},"inLanguage":"fr-FR","potentialAction":[{"@type":"ReadAction","target":["https:\/\/www.cyclosouvenir.be\/fr\/produit\/ballon-dalsace-malvaux\/"]}]},{"@type":"ImageObject","inLanguage":"fr-FR","@id":"https:\/\/www.cyclosouvenir.be\/fr\/produit\/ballon-dalsace-malvaux\/#primaryimage","url":"https:\/\/www.cyclosouvenir.be\/wp-content\/uploads\/2024\/02\/BallonDalsace-Malvaux.png","contentUrl":"https:\/\/www.cyclosouvenir.be\/wp-content\/uploads\/2024\/02\/BallonDalsace-Malvaux.png","width":250,"height":300},{"@type":"BreadcrumbList","@id":"https:\/\/www.cyclosouvenir.be\/fr\/produit\/ballon-dalsace-malvaux\/#breadcrumb","itemListElement":[{"@type":"ListItem","position":1,"name":"Home","item":"https:\/\/www.cyclosouvenir.be\/fr\/"},{"@type":"ListItem","position":2,"name":"Boutique","item":"https:\/\/www.cyclosouvenir.be\/fr\/boutique\/"},{"@type":"ListItem","position":3,"name":"Ballon d&#8217;Alsace &#8211; Malvaux"}]},{"@type":"WebSite","@id":"https:\/\/www.cyclosouvenir.be\/fr\/#website","url":"https:\/\/www.cyclosouvenir.be\/fr\/","name":"Cyclosouvenir","description":"De trofee voor een memorabele beklimming.","publisher":{"@id":"https:\/\/www.cyclosouvenir.be\/fr\/#organization"},"potentialAction":[{"@type":"SearchAction","target":{"@type":"EntryPoint","urlTemplate":"https:\/\/www.cyclosouvenir.be\/fr\/?s={search_term_string}"},"query-input":{"@type":"PropertyValueSpecification","valueRequired":true,"valueName":"search_term_string"}}],"inLanguage":"fr-FR"},{"@type":"Organization","@id":"https:\/\/www.cyclosouvenir.be\/fr\/#organization","name":"Cyclosouvenir","url":"https:\/\/www.cyclosouvenir.be\/fr\/","logo":{"@type":"ImageObject","inLanguage":"fr-FR","@id":"https:\/\/www.cyclosouvenir.be\/fr\/#\/schema\/logo\/image\/","url":"https:\/\/www.cyclosouvenir.be\/wp-content\/uploads\/2024\/02\/Cyclosouvenir_Banner-removebg-preview.png","contentUrl":"https:\/\/www.cyclosouvenir.be\/wp-content\/uploads\/2024\/02\/Cyclosouvenir_Banner-removebg-preview.png","width":997,"height":250,"caption":"Cyclosouvenir"},"image":{"@id":"https:\/\/www.cyclosouvenir.be\/fr\/#\/schema\/logo\/image\/"}}]}},"_links":{"self":[{"href":"https:\/\/www.cyclosouvenir.be\/fr\/wp-json\/wp\/v2\/product\/12071","targetHints":{"allow":["GET"]}}],"collection":[{"href":"https:\/\/www.cyclosouvenir.be\/fr\/wp-json\/wp\/v2\/product"}],"about":[{"href":"https:\/\/www.cyclosouvenir.be\/fr\/wp-json\/wp\/v2\/types\/product"}],"replies":[{"embeddable":true,"href":"https:\/\/www.cyclosouvenir.be\/fr\/wp-json\/wp\/v2\/comments?post=12071"}],"wp:featuredmedia":[{"embeddable":true,"href":"https:\/\/www.cyclosouvenir.be\/fr\/wp-json\/wp\/v2\/media\/109"}],"wp:attachment":[{"href":"https:\/\/www.cyclosouvenir.be\/fr\/wp-json\/wp\/v2\/media?parent=12071"}],"wp:term":[{"taxonomy":"product_brand","embeddable":true,"href":"https:\/\/www.cyclosouvenir.be\/fr\/wp-json\/wp\/v2\/product_brand?post=12071"},{"taxonomy":"product_cat","embeddable":true,"href":"https:\/\/www.cyclosouvenir.be\/fr\/wp-json\/wp\/v2\/product_cat?post=12071"},{"taxonomy":"product_tag","embeddable":true,"href":"https:\/\/www.cyclosouvenir.be\/fr\/wp-json\/wp\/v2\/product_tag?post=12071"}],"curies":[{"name":"wp","href":"https:\/\/api.w.org\/{rel}","templated":true}]}}