{"id":12080,"date":"2024-02-13T11:36:44","date_gmt":"2024-02-13T11:36:44","guid":{"rendered":"https:\/\/demo9.inetproductions.be\/product\/col-du-galibier-valloire\/"},"modified":"2024-05-09T12:42:39","modified_gmt":"2024-05-09T12:42:39","slug":"col-du-galibier-valloire","status":"publish","type":"product","link":"https:\/\/www.cyclosouvenir.be\/fr\/produit\/col-du-galibier-valloire\/","title":{"rendered":"Col du Galibier &#8211; Valloire"},"content":{"rendered":"<p>Le col du Galibier est un col des Alpes fran\u00e7aises. Il relie Saint-Michel-de-Maurienne \u00e0 Brian\u00e7on par le col du T\u00e9l\u00e9graphe au nord et le col du Lautaret au sud. Le col est ferm\u00e9 en hiver. L&rsquo;ar\u00eate dont fait partie le col du Galibier constitue un lien entre le massif des Arves et le massif des Cerces.<br \/>\nContenu<\/p>\n<p>1 Bicyclettes<br \/>\n1.1 Profil de l&rsquo;ascension<br \/>\n1.1.1 Depuis le nord<br \/>\n1.1.2 Depuis le sud<br \/>\n1.2 Les ascensions du Tour de France<br \/>\n2 Panorama<br \/>\n3 Liens externes<\/p>\n<p>Cyclisme<\/p>\n<p>Le col est surtout connu pour les \u00e9tapes cyclistes du Tour de France. Un monument a \u00e9galement \u00e9t\u00e9 \u00e9rig\u00e9 sur le Galibier \u00e0 la m\u00e9moire d&rsquo;Henri Desgrange, premier directeur du Tour de France.<\/p>\n<p>Col du Galibier<\/p>\n<p>Comme le Galibier ne peut \u00eatre atteint qu&rsquo;apr\u00e8s avoir franchi le col du T\u00e9l\u00e9graphe ou le col du Lautaret, ce col est l&rsquo;un des cols alpins les plus difficiles de l&rsquo;histoire du cyclisme.<br \/>\nProfil de l&rsquo;ascension<\/p>\n<p>Le sommet du col est accessible par les c\u00f4t\u00e9s nord et sud. Du c\u00f4t\u00e9 sud, deux routes montent et se rejoignent quelques kilom\u00e8tres avant le sommet.<br \/>\nDepuis le nord<\/p>\n<p>Profiel van de beklimming van de noordkant vanaf Saint-Michel-de-Maurienne.<\/p>\n<p>Depuis Saint-Michel-de-Maurienne, la longueur de la mont\u00e9e est de 34,5 km avec une pente moyenne de 6,6 %. L&rsquo;ascension du col du T\u00e9l\u00e9graphe couvre les 12 premiers kilom\u00e8tres avec une pente moyenne de 7% ; apr\u00e8s une l\u00e9g\u00e8re descente vers le village de Valloire, commence l&rsquo;ascension proprement dite du col du Galibier. Het gemiddelde stijgingspercentage van de Galibier is 6,9 %, waarbij vooral de laatste kilometers pittig zijn met een percentage van zo&rsquo;n 8,5 % (tegen de top aan zelfs ruim 10 %).<\/p>\n<p>Tot 1976 bestond de enige overgang naar de andere kant van de pas uit een tunnel van 370 m lang, die echter in zulke slechte staat bleek te zijn dat hij werd gesloten. Une nouvelle route a \u00e9t\u00e9 construite qui va jusqu&rsquo;au sommet du col et monte en moyenne \u00e0 10%. Apr\u00e8s avoir \u00e9t\u00e9 r\u00e9nov\u00e9, le tunnel a \u00e9t\u00e9 rouvert \u00e0 la circulation automobile en 2002, des feux de circulation r\u00e9glant de quel c\u00f4t\u00e9 le trafic peut emprunter le tunnel. Le tunnel est interdit aux cyclistes.<br \/>\nDepuis le sud<\/p>\n<p>Depuis le sud, vous pouvez monter au col depuis Brian\u00e7on ou Bourg d&rsquo;Oisans. Depuis le sud-est (Brian\u00e7on), la mont\u00e9e est longue de 37 km. Les 14 premiers kilom\u00e8tres jusqu&rsquo;au Mon\u00eatier sont en fait plus faussement plats, avec une pente moyenne de 3 %. Les 14,5 km jusqu&rsquo;au Col du Lautaret \u00e0 2058 m d&rsquo;altitude montent un peu plus, mais cela reste relativement modeste avec 4-5%. Ensuite, \u00e0 partir du monument \u00e0 Henri Desgrange, il reste encore huit kilom\u00e8tres difficiles, o\u00f9 la pente est comprise entre 9 et 12 %.<\/p>\n<p>On peut aussi faire l&rsquo;ascension par le sud-ouest, depuis Bourg d&rsquo;Oisans (au pied de l&rsquo;Alpe d&rsquo;Huez).<br \/>\nLes ascensions du Tour de France<\/p>\n<p>En 1936, Theo Middelkamp a jet\u00e9 les bases de la premi\u00e8re victoire d&rsquo;\u00e9tape n\u00e9erlandaise du Tour de France sur ce col. L&rsquo;ann\u00e9e pr\u00e9c\u00e9dente, Francisco Cepeda avait fait une chute brutale lors de la descente, entra\u00eenant une fracture de la base du cr\u00e2ne.<\/p>\n<p>En 1998, Marco Pantani a d\u00e9nigr\u00e9 Jan Ullrich. L&rsquo;Italien Pantani s&rsquo;est \u00e9loign\u00e9 d&rsquo;Ullrich sous la gr\u00eale et les basses temp\u00e9ratures, perdant 10 minutes au sommet.<\/p>\n<p>En 2011, le col a \u00e9t\u00e9 escalad\u00e9 deux jours cons\u00e9cutifs pour la premi\u00e8re fois, et la premi\u00e8re de ces deux ascensions a consist\u00e9 \u00e0 terminer au sommet du Galibier pour la premi\u00e8re fois de l&rsquo;histoire. Au sommet du Galibier, c&rsquo;est Andy Schleck qui s&rsquo;est impos\u00e9 \u00e0 une \u00e9crasante majorit\u00e9 devant son fr\u00e8re Fr\u00e4nk et Cadel Evans.<\/p>\n<p>En 2013, le Galibier a \u00e9t\u00e9 gravi lors de la 15e \u00e9tape du Tour d&rsquo;Italie. En raison des mauvaises conditions m\u00e9t\u00e9orologiques, l&rsquo;\u00e9tape a \u00e9t\u00e9 raccourcie \u00e0 4,2 kilom\u00e8tres sous le sommet du col. L&rsquo;arriv\u00e9e s&rsquo;est faite au monument de Marco Pantani. L&rsquo;Italien Giovanni Visconti a remport\u00e9 l&rsquo;\u00e9tape.<\/p>\n<p>En 2015, il \u00e9tait pr\u00e9vu d&rsquo;escalader le Galibier, mais cela n&rsquo;a pas \u00e9t\u00e9 possible car un tunnel \u00e9tait sur le point de s&rsquo;effondrer, de sorte que l&rsquo;itin\u00e9raire a chang\u00e9 et est pass\u00e9 par la Croix de Fer[1].<br \/>\nLes passages du Tour de France depuis 1947<br \/>\nAnn\u00e9e Stade Cat\u00e9gorie Premi\u00e8re au-dessus<br \/>\n2011 19 HC Andy Schleck<br \/>\n2011 18 HC Andy Schleck<br \/>\n2008 17 HC Stefan Schumacher<br \/>\n2007 9 HC Mauricio Soler<br \/>\n2006 16 HC Michael Rasmussen<br \/>\n2005 11 HC Aleksandr Vinokoerov<br \/>\n2003 8 HC Stefano Garzelli<br \/>\n2002 16 HC Santiago Botero<br \/>\n2000 15 HC Pascal Herv\u00e9<br \/>\n1999 9 HC Jos\u00e9 Luis Arrieta<br \/>\n1998 15 HC Marco Pantani<br \/>\n1993 10 HC Tony Rominger<br \/>\n1992 14 HC Franco Chioccioli<br \/>\n1989 17 HC Gert-Jan Theunisse<br \/>\n1987 21 HC Pedro Mu\u00f1oz<br \/>\n1986 18 HC Luis Herrera<br \/>\n1984 18 HC Francisco Rodr\u00edguez<br \/>\n1980 17 HC Johan De Muynck<br \/>\n1979 17 HC Lucien Van Impe<br \/>\n1974 11 1 Vicente L\u00f3pez Carril<br \/>\n1973 8 1 Luis Oca\u00f1a<br \/>\n1972 14a 1 Joop Zoetemelk<br \/>\n1969 10 1 Eddy Merckx<br \/>\n1967 10 1 Julio Jimenez<br \/>\n1966 16 1 Julio Jimenez<br \/>\n1964 8 1 Federico Bahamontes<br \/>\n1959 18 2 Charly Gaul<br \/>\n1957 10 1 Marcel Janssens<br \/>\n1955 8 1 Charly Gaul<br \/>\n1954 19 1 Federico Bahamontes<br \/>\n1952 11 1 Fausto Coppi<br \/>\n1948 14 2 Lucien Teisseire<br \/>\n1947 8 1 Fermo Camellini<br \/>\nPanorama<\/p>\n<p>Vanaf de top voert een wandelpad naar een uitzichtpunt op 2704 m. De l\u00e0, on aper\u00e7oit les glaciers de la Barre des \u00c9crins et de la Meije au sud, le pic de Rochebrune au sud-est, le Mont Blanc au nord-est et, enfin, le Grand Galibier (3229 m).<br \/>\nPanorama sur le col du Galibier<br \/>\nPanorama sur le col du Galibier<\/p>\n<p>Avec l&rsquo;aimable autorisation de Wikipedia<\/p>\n","protected":false},"excerpt":{"rendered":"<p>Le col du Galibier est un col des Alpes fran\u00e7aises. Il relie Saint-Michel-de-Maurienne \u00e0 Brian\u00e7on par le col du T\u00e9l\u00e9graphe au nord et le col du Lautaret au sud. Le col est ferm\u00e9 en hiver. L&rsquo;ar\u00eate dont fait partie le col du Galibier constitue un lien entre le massif des Arves et le massif des Cerces.<\/p>\n<p>&nbsp;<\/p>\n<p>Le col est surtout connu pour les \u00e9tapes cyclistes du Tour de France. Un monument a \u00e9galement \u00e9t\u00e9 \u00e9rig\u00e9 sur le Galibier \u00e0 la m\u00e9moire d&rsquo;Henri Desgrange, premier directeur du Tour de France.<\/p>\n<p>Comme le Galibier ne peut \u00eatre atteint qu&rsquo;apr\u00e8s avoir franchi le col du T\u00e9l\u00e9graphe ou le col du Lautaret, ce col est l&rsquo;un des cols alpins les plus difficiles de l&rsquo;histoire du cyclisme.<\/p>\n<p>En 2013, le Galibier a \u00e9t\u00e9 gravi lors de la 15e \u00e9tape du Tour d&rsquo;Italie. En raison des mauvaises conditions m\u00e9t\u00e9orologiques, l&rsquo;\u00e9tape a \u00e9t\u00e9 raccourcie \u00e0 4,2 kilom\u00e8tres sous le sommet du col. L&rsquo;arriv\u00e9e s&rsquo;est faite au monument de Marco Pantani. L&rsquo;Italien Giovanni Visconti a remport\u00e9 l&rsquo;\u00e9tape. Wikip\u00e9dia<\/p>\n","protected":false},"featured_media":69,"comment_status":"closed","ping_status":"closed","template":"","meta":{"_et_pb_use_builder":"","_et_pb_old_content":"","_et_gb_content_width":""},"product_brand":[],"product_cat":[3503,3527,306],"product_tag":[],"class_list":{"0":"post-12080","1":"product","2":"type-product","3":"status-publish","4":"has-post-thumbnail","6":"product_cat-france-fr-2","7":"product_cat-les-alpes-fr","8":"product_cat-bornes","9":"tm-has-options","11":"first","12":"instock","13":"taxable","14":"shipping-taxable","15":"purchasable","16":"product-type-simple"},"yoast_head":"<!-- This site is optimized with the Yoast SEO plugin v26.2 - https:\/\/yoast.com\/wordpress\/plugins\/seo\/ -->\n<title>Col du Galibier - Valloire - Cyclosouvenir<\/title>\n<meta name=\"robots\" content=\"index, follow, max-snippet:-1, max-image-preview:large, max-video-preview:-1\" \/>\n<link rel=\"canonical\" href=\"https:\/\/www.cyclosouvenir.be\/fr\/produit\/col-du-galibier-valloire\/\" \/>\n<meta property=\"og:locale\" content=\"fr_FR\" \/>\n<meta property=\"og:type\" content=\"article\" \/>\n<meta property=\"og:title\" content=\"Col du Galibier - Valloire - Cyclosouvenir\" \/>\n<meta property=\"og:description\" content=\"Le col du Galibier est un col des Alpes fran\u00e7aises. Il relie Saint-Michel-de-Maurienne \u00e0 Brian\u00e7on par le col du T\u00e9l\u00e9graphe au nord et le col du Lautaret au sud. Le col est ferm\u00e9 en hiver. L&#039;ar\u00eate dont fait partie le col du Galibier constitue un lien entre le massif des Arves et le massif des Cerces. &nbsp; Le col est surtout connu pour les \u00e9tapes cyclistes du Tour de France. Un monument a \u00e9galement \u00e9t\u00e9 \u00e9rig\u00e9 sur le Galibier \u00e0 la m\u00e9moire d&#039;Henri Desgrange, premier directeur du Tour de France. Comme le Galibier ne peut \u00eatre atteint qu&#039;apr\u00e8s avoir franchi le col du T\u00e9l\u00e9graphe ou le col du Lautaret, ce col est l&#039;un des cols alpins les plus difficiles de l&#039;histoire du cyclisme. En 2013, le Galibier a \u00e9t\u00e9 gravi lors de la 15e \u00e9tape du Tour d&#039;Italie. En raison des mauvaises conditions m\u00e9t\u00e9orologiques, l&#039;\u00e9tape a \u00e9t\u00e9 raccourcie \u00e0 4,2 kilom\u00e8tres sous le sommet du col. L&#039;arriv\u00e9e s&#039;est faite au monument de Marco Pantani. L&#039;Italien Giovanni Visconti a remport\u00e9 l&#039;\u00e9tape. Wikip\u00e9dia\" \/>\n<meta property=\"og:url\" content=\"https:\/\/www.cyclosouvenir.be\/fr\/produit\/col-du-galibier-valloire\/\" \/>\n<meta property=\"og:site_name\" content=\"Cyclosouvenir\" \/>\n<meta property=\"article:modified_time\" content=\"2024-05-09T12:42:39+00:00\" \/>\n<meta property=\"og:image\" content=\"https:\/\/www.cyclosouvenir.be\/wp-content\/uploads\/2024\/02\/Col_du_Galibier_Valloire.png\" \/>\n\t<meta property=\"og:image:width\" content=\"250\" \/>\n\t<meta property=\"og:image:height\" content=\"300\" \/>\n\t<meta property=\"og:image:type\" content=\"image\/png\" \/>\n<meta name=\"twitter:card\" content=\"summary_large_image\" \/>\n<meta name=\"twitter:label1\" content=\"Dur\u00e9e de lecture estim\u00e9e\" \/>\n\t<meta name=\"twitter:data1\" content=\"4 minutes\" \/>\n<script type=\"application\/ld+json\" class=\"yoast-schema-graph\">{\"@context\":\"https:\/\/schema.org\",\"@graph\":[{\"@type\":\"WebPage\",\"@id\":\"https:\/\/www.cyclosouvenir.be\/fr\/produit\/col-du-galibier-valloire\/\",\"url\":\"https:\/\/www.cyclosouvenir.be\/fr\/produit\/col-du-galibier-valloire\/\",\"name\":\"Col du Galibier - Valloire - Cyclosouvenir\",\"isPartOf\":{\"@id\":\"https:\/\/www.cyclosouvenir.be\/fr\/#website\"},\"primaryImageOfPage\":{\"@id\":\"https:\/\/www.cyclosouvenir.be\/fr\/produit\/col-du-galibier-valloire\/#primaryimage\"},\"image\":{\"@id\":\"https:\/\/www.cyclosouvenir.be\/fr\/produit\/col-du-galibier-valloire\/#primaryimage\"},\"thumbnailUrl\":\"https:\/\/www.cyclosouvenir.be\/wp-content\/uploads\/2024\/02\/Col_du_Galibier_Valloire.png\",\"datePublished\":\"2024-02-13T11:36:44+00:00\",\"dateModified\":\"2024-05-09T12:42:39+00:00\",\"breadcrumb\":{\"@id\":\"https:\/\/www.cyclosouvenir.be\/fr\/produit\/col-du-galibier-valloire\/#breadcrumb\"},\"inLanguage\":\"fr-FR\",\"potentialAction\":[{\"@type\":\"ReadAction\",\"target\":[\"https:\/\/www.cyclosouvenir.be\/fr\/produit\/col-du-galibier-valloire\/\"]}]},{\"@type\":\"ImageObject\",\"inLanguage\":\"fr-FR\",\"@id\":\"https:\/\/www.cyclosouvenir.be\/fr\/produit\/col-du-galibier-valloire\/#primaryimage\",\"url\":\"https:\/\/www.cyclosouvenir.be\/wp-content\/uploads\/2024\/02\/Col_du_Galibier_Valloire.png\",\"contentUrl\":\"https:\/\/www.cyclosouvenir.be\/wp-content\/uploads\/2024\/02\/Col_du_Galibier_Valloire.png\",\"width\":250,\"height\":300},{\"@type\":\"BreadcrumbList\",\"@id\":\"https:\/\/www.cyclosouvenir.be\/fr\/produit\/col-du-galibier-valloire\/#breadcrumb\",\"itemListElement\":[{\"@type\":\"ListItem\",\"position\":1,\"name\":\"Home\",\"item\":\"https:\/\/www.cyclosouvenir.be\/fr\/\"},{\"@type\":\"ListItem\",\"position\":2,\"name\":\"Boutique\",\"item\":\"https:\/\/www.cyclosouvenir.be\/fr\/boutique\/\"},{\"@type\":\"ListItem\",\"position\":3,\"name\":\"Col du Galibier &#8211; Valloire\"}]},{\"@type\":\"WebSite\",\"@id\":\"https:\/\/www.cyclosouvenir.be\/fr\/#website\",\"url\":\"https:\/\/www.cyclosouvenir.be\/fr\/\",\"name\":\"Cyclosouvenir\",\"description\":\"De trofee voor een memorabele beklimming.\",\"publisher\":{\"@id\":\"https:\/\/www.cyclosouvenir.be\/fr\/#organization\"},\"potentialAction\":[{\"@type\":\"SearchAction\",\"target\":{\"@type\":\"EntryPoint\",\"urlTemplate\":\"https:\/\/www.cyclosouvenir.be\/fr\/?s={search_term_string}\"},\"query-input\":{\"@type\":\"PropertyValueSpecification\",\"valueRequired\":true,\"valueName\":\"search_term_string\"}}],\"inLanguage\":\"fr-FR\"},{\"@type\":\"Organization\",\"@id\":\"https:\/\/www.cyclosouvenir.be\/fr\/#organization\",\"name\":\"Cyclosouvenir\",\"url\":\"https:\/\/www.cyclosouvenir.be\/fr\/\",\"logo\":{\"@type\":\"ImageObject\",\"inLanguage\":\"fr-FR\",\"@id\":\"https:\/\/www.cyclosouvenir.be\/fr\/#\/schema\/logo\/image\/\",\"url\":\"https:\/\/www.cyclosouvenir.be\/wp-content\/uploads\/2024\/02\/Cyclosouvenir_Banner-removebg-preview.png\",\"contentUrl\":\"https:\/\/www.cyclosouvenir.be\/wp-content\/uploads\/2024\/02\/Cyclosouvenir_Banner-removebg-preview.png\",\"width\":997,\"height\":250,\"caption\":\"Cyclosouvenir\"},\"image\":{\"@id\":\"https:\/\/www.cyclosouvenir.be\/fr\/#\/schema\/logo\/image\/\"}}]}<\/script>\n<!-- \/ Yoast SEO plugin. -->","yoast_head_json":{"title":"Col du Galibier - Valloire - Cyclosouvenir","robots":{"index":"index","follow":"follow","max-snippet":"max-snippet:-1","max-image-preview":"max-image-preview:large","max-video-preview":"max-video-preview:-1"},"canonical":"https:\/\/www.cyclosouvenir.be\/fr\/produit\/col-du-galibier-valloire\/","og_locale":"fr_FR","og_type":"article","og_title":"Col du Galibier - Valloire - Cyclosouvenir","og_description":"Le col du Galibier est un col des Alpes fran\u00e7aises. Il relie Saint-Michel-de-Maurienne \u00e0 Brian\u00e7on par le col du T\u00e9l\u00e9graphe au nord et le col du Lautaret au sud. Le col est ferm\u00e9 en hiver. L'ar\u00eate dont fait partie le col du Galibier constitue un lien entre le massif des Arves et le massif des Cerces. &nbsp; Le col est surtout connu pour les \u00e9tapes cyclistes du Tour de France. Un monument a \u00e9galement \u00e9t\u00e9 \u00e9rig\u00e9 sur le Galibier \u00e0 la m\u00e9moire d'Henri Desgrange, premier directeur du Tour de France. Comme le Galibier ne peut \u00eatre atteint qu'apr\u00e8s avoir franchi le col du T\u00e9l\u00e9graphe ou le col du Lautaret, ce col est l'un des cols alpins les plus difficiles de l'histoire du cyclisme. En 2013, le Galibier a \u00e9t\u00e9 gravi lors de la 15e \u00e9tape du Tour d'Italie. En raison des mauvaises conditions m\u00e9t\u00e9orologiques, l'\u00e9tape a \u00e9t\u00e9 raccourcie \u00e0 4,2 kilom\u00e8tres sous le sommet du col. L'arriv\u00e9e s'est faite au monument de Marco Pantani. L'Italien Giovanni Visconti a remport\u00e9 l'\u00e9tape. Wikip\u00e9dia","og_url":"https:\/\/www.cyclosouvenir.be\/fr\/produit\/col-du-galibier-valloire\/","og_site_name":"Cyclosouvenir","article_modified_time":"2024-05-09T12:42:39+00:00","og_image":[{"width":250,"height":300,"url":"https:\/\/www.cyclosouvenir.be\/wp-content\/uploads\/2024\/02\/Col_du_Galibier_Valloire.png","type":"image\/png"}],"twitter_card":"summary_large_image","twitter_misc":{"Dur\u00e9e de lecture estim\u00e9e":"4 minutes"},"schema":{"@context":"https:\/\/schema.org","@graph":[{"@type":"WebPage","@id":"https:\/\/www.cyclosouvenir.be\/fr\/produit\/col-du-galibier-valloire\/","url":"https:\/\/www.cyclosouvenir.be\/fr\/produit\/col-du-galibier-valloire\/","name":"Col du Galibier - Valloire - Cyclosouvenir","isPartOf":{"@id":"https:\/\/www.cyclosouvenir.be\/fr\/#website"},"primaryImageOfPage":{"@id":"https:\/\/www.cyclosouvenir.be\/fr\/produit\/col-du-galibier-valloire\/#primaryimage"},"image":{"@id":"https:\/\/www.cyclosouvenir.be\/fr\/produit\/col-du-galibier-valloire\/#primaryimage"},"thumbnailUrl":"https:\/\/www.cyclosouvenir.be\/wp-content\/uploads\/2024\/02\/Col_du_Galibier_Valloire.png","datePublished":"2024-02-13T11:36:44+00:00","dateModified":"2024-05-09T12:42:39+00:00","breadcrumb":{"@id":"https:\/\/www.cyclosouvenir.be\/fr\/produit\/col-du-galibier-valloire\/#breadcrumb"},"inLanguage":"fr-FR","potentialAction":[{"@type":"ReadAction","target":["https:\/\/www.cyclosouvenir.be\/fr\/produit\/col-du-galibier-valloire\/"]}]},{"@type":"ImageObject","inLanguage":"fr-FR","@id":"https:\/\/www.cyclosouvenir.be\/fr\/produit\/col-du-galibier-valloire\/#primaryimage","url":"https:\/\/www.cyclosouvenir.be\/wp-content\/uploads\/2024\/02\/Col_du_Galibier_Valloire.png","contentUrl":"https:\/\/www.cyclosouvenir.be\/wp-content\/uploads\/2024\/02\/Col_du_Galibier_Valloire.png","width":250,"height":300},{"@type":"BreadcrumbList","@id":"https:\/\/www.cyclosouvenir.be\/fr\/produit\/col-du-galibier-valloire\/#breadcrumb","itemListElement":[{"@type":"ListItem","position":1,"name":"Home","item":"https:\/\/www.cyclosouvenir.be\/fr\/"},{"@type":"ListItem","position":2,"name":"Boutique","item":"https:\/\/www.cyclosouvenir.be\/fr\/boutique\/"},{"@type":"ListItem","position":3,"name":"Col du Galibier &#8211; Valloire"}]},{"@type":"WebSite","@id":"https:\/\/www.cyclosouvenir.be\/fr\/#website","url":"https:\/\/www.cyclosouvenir.be\/fr\/","name":"Cyclosouvenir","description":"De trofee voor een memorabele beklimming.","publisher":{"@id":"https:\/\/www.cyclosouvenir.be\/fr\/#organization"},"potentialAction":[{"@type":"SearchAction","target":{"@type":"EntryPoint","urlTemplate":"https:\/\/www.cyclosouvenir.be\/fr\/?s={search_term_string}"},"query-input":{"@type":"PropertyValueSpecification","valueRequired":true,"valueName":"search_term_string"}}],"inLanguage":"fr-FR"},{"@type":"Organization","@id":"https:\/\/www.cyclosouvenir.be\/fr\/#organization","name":"Cyclosouvenir","url":"https:\/\/www.cyclosouvenir.be\/fr\/","logo":{"@type":"ImageObject","inLanguage":"fr-FR","@id":"https:\/\/www.cyclosouvenir.be\/fr\/#\/schema\/logo\/image\/","url":"https:\/\/www.cyclosouvenir.be\/wp-content\/uploads\/2024\/02\/Cyclosouvenir_Banner-removebg-preview.png","contentUrl":"https:\/\/www.cyclosouvenir.be\/wp-content\/uploads\/2024\/02\/Cyclosouvenir_Banner-removebg-preview.png","width":997,"height":250,"caption":"Cyclosouvenir"},"image":{"@id":"https:\/\/www.cyclosouvenir.be\/fr\/#\/schema\/logo\/image\/"}}]}},"_links":{"self":[{"href":"https:\/\/www.cyclosouvenir.be\/fr\/wp-json\/wp\/v2\/product\/12080","targetHints":{"allow":["GET"]}}],"collection":[{"href":"https:\/\/www.cyclosouvenir.be\/fr\/wp-json\/wp\/v2\/product"}],"about":[{"href":"https:\/\/www.cyclosouvenir.be\/fr\/wp-json\/wp\/v2\/types\/product"}],"replies":[{"embeddable":true,"href":"https:\/\/www.cyclosouvenir.be\/fr\/wp-json\/wp\/v2\/comments?post=12080"}],"wp:featuredmedia":[{"embeddable":true,"href":"https:\/\/www.cyclosouvenir.be\/fr\/wp-json\/wp\/v2\/media\/69"}],"wp:attachment":[{"href":"https:\/\/www.cyclosouvenir.be\/fr\/wp-json\/wp\/v2\/media?parent=12080"}],"wp:term":[{"taxonomy":"product_brand","embeddable":true,"href":"https:\/\/www.cyclosouvenir.be\/fr\/wp-json\/wp\/v2\/product_brand?post=12080"},{"taxonomy":"product_cat","embeddable":true,"href":"https:\/\/www.cyclosouvenir.be\/fr\/wp-json\/wp\/v2\/product_cat?post=12080"},{"taxonomy":"product_tag","embeddable":true,"href":"https:\/\/www.cyclosouvenir.be\/fr\/wp-json\/wp\/v2\/product_tag?post=12080"}],"curies":[{"name":"wp","href":"https:\/\/api.w.org\/{rel}","templated":true}]}}