{"id":12084,"date":"2024-02-13T11:36:44","date_gmt":"2024-02-13T11:36:44","guid":{"rendered":"https:\/\/demo9.inetproductions.be\/product\/cime-de-la-bonette-jausiers\/"},"modified":"2025-07-13T09:15:32","modified_gmt":"2025-07-13T09:15:32","slug":"cime-de-la-bonette-jausiers","status":"publish","type":"product","link":"https:\/\/www.cyclosouvenir.be\/fr\/produit\/cime-de-la-bonette-jausiers\/","title":{"rendered":"Cime de la Bonette &#8211; Jausiers"},"content":{"rendered":"","protected":false},"excerpt":{"rendered":"<p>Le col de la Bonette est un col des Alpes fran\u00e7aises situ\u00e9 dans le parc national du Mercantour, qui culmine \u00e0 2715 m\u00e8tres. La route relie Jausiers (pr\u00e8s de Barcelonnette) \u00e0 Saint-\u00c9tienne-de-Tin\u00e9e.<\/p>\n<p>La route de deux kilom\u00e8tres autour de la Cime de la Bonette, une route secondaire du Col de la Bonette, est l&rsquo;une des plus hautes routes pav\u00e9es des Alpes. La route atteint une altitude de 2802 m\u00e8tres et est souvent class\u00e9e, \u00e0 tort, comme la route pav\u00e9e la plus haute des Alpes, mais la \u00d6tztaler Gletscherstra\u00dfe, en Autriche, atteint 2829 m\u00e8tres et est donc plus haute. La route autour de la Cime de la Bonette n&rsquo;est pas non plus un col \u00e0 proprement parler, mais c&rsquo;est le point culminant des Alpes qui peut \u00eatre atteint par deux routes diff\u00e9rentes. Wikip\u00e9dia<\/p>\n","protected":false},"featured_media":49,"comment_status":"closed","ping_status":"closed","template":"","meta":{"_et_pb_use_builder":"","_et_pb_old_content":"","_et_gb_content_width":""},"product_brand":[],"product_cat":[3503,3527,306],"product_tag":[],"class_list":{"0":"post-12084","1":"product","2":"type-product","3":"status-publish","4":"has-post-thumbnail","6":"product_cat-france-fr-2","7":"product_cat-les-alpes-fr","8":"product_cat-bornes","9":"tm-has-options","11":"first","12":"instock","13":"taxable","14":"shipping-taxable","15":"purchasable","16":"product-type-simple"},"yoast_head":"<!-- This site is optimized with the Yoast SEO plugin v26.2 - https:\/\/yoast.com\/wordpress\/plugins\/seo\/ -->\n<title>Cime de la Bonette - Jausiers - Cyclosouvenir<\/title>\n<meta name=\"robots\" content=\"index, follow, max-snippet:-1, max-image-preview:large, max-video-preview:-1\" \/>\n<link rel=\"canonical\" href=\"https:\/\/www.cyclosouvenir.be\/fr\/produit\/cime-de-la-bonette-jausiers\/\" \/>\n<meta property=\"og:locale\" content=\"fr_FR\" \/>\n<meta property=\"og:type\" content=\"article\" \/>\n<meta property=\"og:title\" content=\"Cime de la Bonette - Jausiers - Cyclosouvenir\" \/>\n<meta property=\"og:description\" content=\"Le col de la Bonette est un col des Alpes fran\u00e7aises situ\u00e9 dans le parc national du Mercantour, qui culmine \u00e0 2715 m\u00e8tres. La route relie Jausiers (pr\u00e8s de Barcelonnette) \u00e0 Saint-\u00c9tienne-de-Tin\u00e9e. La route de deux kilom\u00e8tres autour de la Cime de la Bonette, une route secondaire du Col de la Bonette, est l&#039;une des plus hautes routes pav\u00e9es des Alpes. La route atteint une altitude de 2802 m\u00e8tres et est souvent class\u00e9e, \u00e0 tort, comme la route pav\u00e9e la plus haute des Alpes, mais la \u00d6tztaler Gletscherstra\u00dfe, en Autriche, atteint 2829 m\u00e8tres et est donc plus haute. La route autour de la Cime de la Bonette n&#039;est pas non plus un col \u00e0 proprement parler, mais c&#039;est le point culminant des Alpes qui peut \u00eatre atteint par deux routes diff\u00e9rentes. Wikip\u00e9dia\" \/>\n<meta property=\"og:url\" content=\"https:\/\/www.cyclosouvenir.be\/fr\/produit\/cime-de-la-bonette-jausiers\/\" \/>\n<meta property=\"og:site_name\" content=\"Cyclosouvenir\" \/>\n<meta property=\"article:modified_time\" content=\"2025-07-13T09:15:32+00:00\" \/>\n<meta property=\"og:image\" content=\"https:\/\/www.cyclosouvenir.be\/wp-content\/uploads\/2024\/02\/CimeDeLaBonette-Jausiers.png\" \/>\n\t<meta property=\"og:image:width\" content=\"250\" \/>\n\t<meta property=\"og:image:height\" content=\"300\" \/>\n\t<meta property=\"og:image:type\" content=\"image\/png\" \/>\n<meta name=\"twitter:card\" content=\"summary_large_image\" \/>\n<script type=\"application\/ld+json\" class=\"yoast-schema-graph\">{\"@context\":\"https:\/\/schema.org\",\"@graph\":[{\"@type\":\"WebPage\",\"@id\":\"https:\/\/www.cyclosouvenir.be\/fr\/produit\/cime-de-la-bonette-jausiers\/\",\"url\":\"https:\/\/www.cyclosouvenir.be\/fr\/produit\/cime-de-la-bonette-jausiers\/\",\"name\":\"Cime de la Bonette - Jausiers - Cyclosouvenir\",\"isPartOf\":{\"@id\":\"https:\/\/www.cyclosouvenir.be\/fr\/#website\"},\"primaryImageOfPage\":{\"@id\":\"https:\/\/www.cyclosouvenir.be\/fr\/produit\/cime-de-la-bonette-jausiers\/#primaryimage\"},\"image\":{\"@id\":\"https:\/\/www.cyclosouvenir.be\/fr\/produit\/cime-de-la-bonette-jausiers\/#primaryimage\"},\"thumbnailUrl\":\"https:\/\/www.cyclosouvenir.be\/wp-content\/uploads\/2024\/02\/CimeDeLaBonette-Jausiers.png\",\"datePublished\":\"2024-02-13T11:36:44+00:00\",\"dateModified\":\"2025-07-13T09:15:32+00:00\",\"breadcrumb\":{\"@id\":\"https:\/\/www.cyclosouvenir.be\/fr\/produit\/cime-de-la-bonette-jausiers\/#breadcrumb\"},\"inLanguage\":\"fr-FR\",\"potentialAction\":[{\"@type\":\"ReadAction\",\"target\":[\"https:\/\/www.cyclosouvenir.be\/fr\/produit\/cime-de-la-bonette-jausiers\/\"]}]},{\"@type\":\"ImageObject\",\"inLanguage\":\"fr-FR\",\"@id\":\"https:\/\/www.cyclosouvenir.be\/fr\/produit\/cime-de-la-bonette-jausiers\/#primaryimage\",\"url\":\"https:\/\/www.cyclosouvenir.be\/wp-content\/uploads\/2024\/02\/CimeDeLaBonette-Jausiers.png\",\"contentUrl\":\"https:\/\/www.cyclosouvenir.be\/wp-content\/uploads\/2024\/02\/CimeDeLaBonette-Jausiers.png\",\"width\":250,\"height\":300},{\"@type\":\"BreadcrumbList\",\"@id\":\"https:\/\/www.cyclosouvenir.be\/fr\/produit\/cime-de-la-bonette-jausiers\/#breadcrumb\",\"itemListElement\":[{\"@type\":\"ListItem\",\"position\":1,\"name\":\"Home\",\"item\":\"https:\/\/www.cyclosouvenir.be\/fr\/\"},{\"@type\":\"ListItem\",\"position\":2,\"name\":\"Boutique\",\"item\":\"https:\/\/www.cyclosouvenir.be\/fr\/boutique\/\"},{\"@type\":\"ListItem\",\"position\":3,\"name\":\"Cime de la Bonette &#8211; Jausiers\"}]},{\"@type\":\"WebSite\",\"@id\":\"https:\/\/www.cyclosouvenir.be\/fr\/#website\",\"url\":\"https:\/\/www.cyclosouvenir.be\/fr\/\",\"name\":\"Cyclosouvenir\",\"description\":\"De trofee voor een memorabele beklimming.\",\"publisher\":{\"@id\":\"https:\/\/www.cyclosouvenir.be\/fr\/#organization\"},\"potentialAction\":[{\"@type\":\"SearchAction\",\"target\":{\"@type\":\"EntryPoint\",\"urlTemplate\":\"https:\/\/www.cyclosouvenir.be\/fr\/?s={search_term_string}\"},\"query-input\":{\"@type\":\"PropertyValueSpecification\",\"valueRequired\":true,\"valueName\":\"search_term_string\"}}],\"inLanguage\":\"fr-FR\"},{\"@type\":\"Organization\",\"@id\":\"https:\/\/www.cyclosouvenir.be\/fr\/#organization\",\"name\":\"Cyclosouvenir\",\"url\":\"https:\/\/www.cyclosouvenir.be\/fr\/\",\"logo\":{\"@type\":\"ImageObject\",\"inLanguage\":\"fr-FR\",\"@id\":\"https:\/\/www.cyclosouvenir.be\/fr\/#\/schema\/logo\/image\/\",\"url\":\"https:\/\/www.cyclosouvenir.be\/wp-content\/uploads\/2024\/02\/Cyclosouvenir_Banner-removebg-preview.png\",\"contentUrl\":\"https:\/\/www.cyclosouvenir.be\/wp-content\/uploads\/2024\/02\/Cyclosouvenir_Banner-removebg-preview.png\",\"width\":997,\"height\":250,\"caption\":\"Cyclosouvenir\"},\"image\":{\"@id\":\"https:\/\/www.cyclosouvenir.be\/fr\/#\/schema\/logo\/image\/\"}}]}<\/script>\n<!-- \/ Yoast SEO plugin. -->","yoast_head_json":{"title":"Cime de la Bonette - Jausiers - Cyclosouvenir","robots":{"index":"index","follow":"follow","max-snippet":"max-snippet:-1","max-image-preview":"max-image-preview:large","max-video-preview":"max-video-preview:-1"},"canonical":"https:\/\/www.cyclosouvenir.be\/fr\/produit\/cime-de-la-bonette-jausiers\/","og_locale":"fr_FR","og_type":"article","og_title":"Cime de la Bonette - Jausiers - Cyclosouvenir","og_description":"Le col de la Bonette est un col des Alpes fran\u00e7aises situ\u00e9 dans le parc national du Mercantour, qui culmine \u00e0 2715 m\u00e8tres. La route relie Jausiers (pr\u00e8s de Barcelonnette) \u00e0 Saint-\u00c9tienne-de-Tin\u00e9e. La route de deux kilom\u00e8tres autour de la Cime de la Bonette, une route secondaire du Col de la Bonette, est l'une des plus hautes routes pav\u00e9es des Alpes. La route atteint une altitude de 2802 m\u00e8tres et est souvent class\u00e9e, \u00e0 tort, comme la route pav\u00e9e la plus haute des Alpes, mais la \u00d6tztaler Gletscherstra\u00dfe, en Autriche, atteint 2829 m\u00e8tres et est donc plus haute. La route autour de la Cime de la Bonette n'est pas non plus un col \u00e0 proprement parler, mais c'est le point culminant des Alpes qui peut \u00eatre atteint par deux routes diff\u00e9rentes. Wikip\u00e9dia","og_url":"https:\/\/www.cyclosouvenir.be\/fr\/produit\/cime-de-la-bonette-jausiers\/","og_site_name":"Cyclosouvenir","article_modified_time":"2025-07-13T09:15:32+00:00","og_image":[{"width":250,"height":300,"url":"https:\/\/www.cyclosouvenir.be\/wp-content\/uploads\/2024\/02\/CimeDeLaBonette-Jausiers.png","type":"image\/png"}],"twitter_card":"summary_large_image","schema":{"@context":"https:\/\/schema.org","@graph":[{"@type":"WebPage","@id":"https:\/\/www.cyclosouvenir.be\/fr\/produit\/cime-de-la-bonette-jausiers\/","url":"https:\/\/www.cyclosouvenir.be\/fr\/produit\/cime-de-la-bonette-jausiers\/","name":"Cime de la Bonette - Jausiers - Cyclosouvenir","isPartOf":{"@id":"https:\/\/www.cyclosouvenir.be\/fr\/#website"},"primaryImageOfPage":{"@id":"https:\/\/www.cyclosouvenir.be\/fr\/produit\/cime-de-la-bonette-jausiers\/#primaryimage"},"image":{"@id":"https:\/\/www.cyclosouvenir.be\/fr\/produit\/cime-de-la-bonette-jausiers\/#primaryimage"},"thumbnailUrl":"https:\/\/www.cyclosouvenir.be\/wp-content\/uploads\/2024\/02\/CimeDeLaBonette-Jausiers.png","datePublished":"2024-02-13T11:36:44+00:00","dateModified":"2025-07-13T09:15:32+00:00","breadcrumb":{"@id":"https:\/\/www.cyclosouvenir.be\/fr\/produit\/cime-de-la-bonette-jausiers\/#breadcrumb"},"inLanguage":"fr-FR","potentialAction":[{"@type":"ReadAction","target":["https:\/\/www.cyclosouvenir.be\/fr\/produit\/cime-de-la-bonette-jausiers\/"]}]},{"@type":"ImageObject","inLanguage":"fr-FR","@id":"https:\/\/www.cyclosouvenir.be\/fr\/produit\/cime-de-la-bonette-jausiers\/#primaryimage","url":"https:\/\/www.cyclosouvenir.be\/wp-content\/uploads\/2024\/02\/CimeDeLaBonette-Jausiers.png","contentUrl":"https:\/\/www.cyclosouvenir.be\/wp-content\/uploads\/2024\/02\/CimeDeLaBonette-Jausiers.png","width":250,"height":300},{"@type":"BreadcrumbList","@id":"https:\/\/www.cyclosouvenir.be\/fr\/produit\/cime-de-la-bonette-jausiers\/#breadcrumb","itemListElement":[{"@type":"ListItem","position":1,"name":"Home","item":"https:\/\/www.cyclosouvenir.be\/fr\/"},{"@type":"ListItem","position":2,"name":"Boutique","item":"https:\/\/www.cyclosouvenir.be\/fr\/boutique\/"},{"@type":"ListItem","position":3,"name":"Cime de la Bonette &#8211; Jausiers"}]},{"@type":"WebSite","@id":"https:\/\/www.cyclosouvenir.be\/fr\/#website","url":"https:\/\/www.cyclosouvenir.be\/fr\/","name":"Cyclosouvenir","description":"De trofee voor een memorabele beklimming.","publisher":{"@id":"https:\/\/www.cyclosouvenir.be\/fr\/#organization"},"potentialAction":[{"@type":"SearchAction","target":{"@type":"EntryPoint","urlTemplate":"https:\/\/www.cyclosouvenir.be\/fr\/?s={search_term_string}"},"query-input":{"@type":"PropertyValueSpecification","valueRequired":true,"valueName":"search_term_string"}}],"inLanguage":"fr-FR"},{"@type":"Organization","@id":"https:\/\/www.cyclosouvenir.be\/fr\/#organization","name":"Cyclosouvenir","url":"https:\/\/www.cyclosouvenir.be\/fr\/","logo":{"@type":"ImageObject","inLanguage":"fr-FR","@id":"https:\/\/www.cyclosouvenir.be\/fr\/#\/schema\/logo\/image\/","url":"https:\/\/www.cyclosouvenir.be\/wp-content\/uploads\/2024\/02\/Cyclosouvenir_Banner-removebg-preview.png","contentUrl":"https:\/\/www.cyclosouvenir.be\/wp-content\/uploads\/2024\/02\/Cyclosouvenir_Banner-removebg-preview.png","width":997,"height":250,"caption":"Cyclosouvenir"},"image":{"@id":"https:\/\/www.cyclosouvenir.be\/fr\/#\/schema\/logo\/image\/"}}]}},"_links":{"self":[{"href":"https:\/\/www.cyclosouvenir.be\/fr\/wp-json\/wp\/v2\/product\/12084","targetHints":{"allow":["GET"]}}],"collection":[{"href":"https:\/\/www.cyclosouvenir.be\/fr\/wp-json\/wp\/v2\/product"}],"about":[{"href":"https:\/\/www.cyclosouvenir.be\/fr\/wp-json\/wp\/v2\/types\/product"}],"replies":[{"embeddable":true,"href":"https:\/\/www.cyclosouvenir.be\/fr\/wp-json\/wp\/v2\/comments?post=12084"}],"wp:featuredmedia":[{"embeddable":true,"href":"https:\/\/www.cyclosouvenir.be\/fr\/wp-json\/wp\/v2\/media\/49"}],"wp:attachment":[{"href":"https:\/\/www.cyclosouvenir.be\/fr\/wp-json\/wp\/v2\/media?parent=12084"}],"wp:term":[{"taxonomy":"product_brand","embeddable":true,"href":"https:\/\/www.cyclosouvenir.be\/fr\/wp-json\/wp\/v2\/product_brand?post=12084"},{"taxonomy":"product_cat","embeddable":true,"href":"https:\/\/www.cyclosouvenir.be\/fr\/wp-json\/wp\/v2\/product_cat?post=12084"},{"taxonomy":"product_tag","embeddable":true,"href":"https:\/\/www.cyclosouvenir.be\/fr\/wp-json\/wp\/v2\/product_tag?post=12084"}],"curies":[{"name":"wp","href":"https:\/\/api.w.org\/{rel}","templated":true}]}}