{"id":12145,"date":"2024-04-13T12:16:11","date_gmt":"2024-04-13T12:16:11","guid":{"rendered":"https:\/\/demo9.inetproductions.be\/product\/jaizkibel-hondarribia\/"},"modified":"2025-07-13T09:22:50","modified_gmt":"2025-07-13T09:22:50","slug":"jaizkibel-hondarribia","status":"publish","type":"product","link":"https:\/\/www.cyclosouvenir.be\/fr\/produit\/jaizkibel-hondarribia\/","title":{"rendered":"Jaizkibel &#8211; Hondarribia"},"content":{"rendered":"","protected":false},"excerpt":{"rendered":"<p>Le <b>Jaizkibel<\/b> (espagnol : <b>Jaizqu\u00edbel<\/b>) est une colline du Pays basque espagnol. Selon certaines lectures, il s&rsquo;agit du sommet le plus occidental des Pyr\u00e9n\u00e9es ; selon d&rsquo;autres, les Pyr\u00e9n\u00e9es s&rsquo;arr\u00eatent \u00e0 la plage d&rsquo;Hendaye, juste \u00e0 l&rsquo;est du Jaizkibel. Au nord de la colline se trouve la c\u00f4te de la mer Cantabrique, \u00e0 l&rsquo;est de celle-ci se trouve l&#8217;embouchure de la Bidassoa. Au pied de la colline, sur le versant sud, se trouvent les villes de Hondarribia, Ir\u00fan, Pasaia, Errenteria et Lezo. Ces trois derni\u00e8res localit\u00e9s font partie de la r\u00e9gion m\u00e9tropolitaine de Saint-S\u00e9bastien.<\/p>\n<p>Le Jaizkibel est inclus chaque ann\u00e9e dans la Cl\u00e1sica San Sebasti\u00e1n, avec un d\u00e9part \u00e0 Lezo. Le point culminant de l&rsquo;ascension se situe \u00e0 455 m\u00e8tres. Habituellement, la course explose sur le Jaizkibel, puis descend un peu apr\u00e8s la moiti\u00e9 de la mont\u00e9e. Il est suivi d&rsquo;un tron\u00e7on moins raide. Une fois le sommet atteint, une nouvelle descente avec des virages dangereux s&rsquo;ensuit. Source : Wikipedia<\/p>\n<p>&nbsp;<\/p>\n<p>Jusqu&rsquo;en 2009, le Jaizkibel ne figurait g\u00e9n\u00e9ralement qu&rsquo;une seule fois sur le parcours de la Cl\u00e1sica, mais depuis 2010, la montagne et l&rsquo;Alto de Arkale, qui la relie, y figurent deux fois. Jusqu&rsquo;en 2018, le deuxi\u00e8me passage se situait environ 40 kilom\u00e8tres avant l&rsquo;arriv\u00e9e. Dans l&rsquo;<a title=\"Cl\u00e1sica San Sebasti\u00e1n 2019\" href=\"https:\/\/nl.wikipedia.org\/wiki\/Cl%C3%A1sica_San_Sebasti%C3%A1n_2019\">\u00e9dition 2019<\/a>, qui a chang\u00e9 de parcours, la course se poursuivra pendant 55 km apr\u00e8s la deuxi\u00e8me mont\u00e9e, avec une autre mont\u00e9e de l&rsquo;Alto de Murgil 7 km avant l&rsquo;arriv\u00e9e.<\/p>\n","protected":false},"featured_media":10638,"comment_status":"open","ping_status":"closed","template":"","meta":{"_et_pb_use_builder":"","_et_pb_old_content":"","_et_gb_content_width":""},"product_brand":[],"product_cat":[3415,306,2595],"product_tag":[],"class_list":{"0":"post-12145","1":"product","2":"type-product","3":"status-publish","4":"has-post-thumbnail","6":"product_cat-pays-basque","7":"product_cat-bornes","8":"product_cat-espagne","9":"tm-has-options","11":"first","12":"instock","13":"taxable","14":"shipping-taxable","15":"purchasable","16":"product-type-simple"},"yoast_head":"<!-- This site is optimized with the Yoast SEO plugin v26.2 - https:\/\/yoast.com\/wordpress\/plugins\/seo\/ -->\n<title>Jaizkibel - Hondarribia - Cyclosouvenir<\/title>\n<meta name=\"robots\" content=\"index, follow, max-snippet:-1, max-image-preview:large, max-video-preview:-1\" \/>\n<link rel=\"canonical\" href=\"https:\/\/www.cyclosouvenir.be\/fr\/produit\/jaizkibel-hondarribia\/\" \/>\n<meta property=\"og:locale\" content=\"fr_FR\" \/>\n<meta property=\"og:type\" content=\"article\" \/>\n<meta property=\"og:title\" content=\"Jaizkibel - Hondarribia - Cyclosouvenir\" \/>\n<meta property=\"og:description\" content=\"Le Jaizkibel (espagnol : Jaizqu\u00edbel) est une colline du Pays basque espagnol. Selon certaines lectures, il s&#039;agit du sommet le plus occidental des Pyr\u00e9n\u00e9es ; selon d&#039;autres, les Pyr\u00e9n\u00e9es s&#039;arr\u00eatent \u00e0 la plage d&#039;Hendaye, juste \u00e0 l&#039;est du Jaizkibel. Au nord de la colline se trouve la c\u00f4te de la mer Cantabrique, \u00e0 l&#039;est de celle-ci se trouve l&#039;embouchure de la Bidassoa. Au pied de la colline, sur le versant sud, se trouvent les villes de Hondarribia, Ir\u00fan, Pasaia, Errenteria et Lezo. Ces trois derni\u00e8res localit\u00e9s font partie de la r\u00e9gion m\u00e9tropolitaine de Saint-S\u00e9bastien. Le Jaizkibel est inclus chaque ann\u00e9e dans la Cl\u00e1sica San Sebasti\u00e1n, avec un d\u00e9part \u00e0 Lezo. Le point culminant de l&#039;ascension se situe \u00e0 455 m\u00e8tres. Habituellement, la course explose sur le Jaizkibel, puis descend un peu apr\u00e8s la moiti\u00e9 de la mont\u00e9e. Il est suivi d&#039;un tron\u00e7on moins raide. Une fois le sommet atteint, une nouvelle descente avec des virages dangereux s&#039;ensuit. Source : Wikipedia &nbsp; Jusqu&#039;en 2009, le Jaizkibel ne figurait g\u00e9n\u00e9ralement qu&#039;une seule fois sur le parcours de la Cl\u00e1sica, mais depuis 2010, la montagne et l&#039;Alto de Arkale, qui la relie, y figurent deux fois. Jusqu&#039;en 2018, le deuxi\u00e8me passage se situait environ 40 kilom\u00e8tres avant l&#039;arriv\u00e9e. Dans l&#039;\u00e9dition 2019, qui a chang\u00e9 de parcours, la course se poursuivra pendant 55 km apr\u00e8s la deuxi\u00e8me mont\u00e9e, avec une autre mont\u00e9e de l&#039;Alto de Murgil 7 km avant l&#039;arriv\u00e9e.\" \/>\n<meta property=\"og:url\" content=\"https:\/\/www.cyclosouvenir.be\/fr\/produit\/jaizkibel-hondarribia\/\" \/>\n<meta property=\"og:site_name\" content=\"Cyclosouvenir\" \/>\n<meta property=\"article:modified_time\" content=\"2025-07-13T09:22:50+00:00\" \/>\n<meta property=\"og:image\" content=\"https:\/\/www.cyclosouvenir.be\/wp-content\/uploads\/2024\/02\/Jaizkibel_Hondarribia.png\" \/>\n\t<meta property=\"og:image:width\" content=\"250\" \/>\n\t<meta property=\"og:image:height\" content=\"300\" \/>\n\t<meta property=\"og:image:type\" content=\"image\/png\" \/>\n<meta name=\"twitter:card\" content=\"summary_large_image\" \/>\n<script type=\"application\/ld+json\" class=\"yoast-schema-graph\">{\"@context\":\"https:\/\/schema.org\",\"@graph\":[{\"@type\":\"WebPage\",\"@id\":\"https:\/\/www.cyclosouvenir.be\/fr\/produit\/jaizkibel-hondarribia\/\",\"url\":\"https:\/\/www.cyclosouvenir.be\/fr\/produit\/jaizkibel-hondarribia\/\",\"name\":\"Jaizkibel - Hondarribia - Cyclosouvenir\",\"isPartOf\":{\"@id\":\"https:\/\/www.cyclosouvenir.be\/fr\/#website\"},\"primaryImageOfPage\":{\"@id\":\"https:\/\/www.cyclosouvenir.be\/fr\/produit\/jaizkibel-hondarribia\/#primaryimage\"},\"image\":{\"@id\":\"https:\/\/www.cyclosouvenir.be\/fr\/produit\/jaizkibel-hondarribia\/#primaryimage\"},\"thumbnailUrl\":\"https:\/\/www.cyclosouvenir.be\/wp-content\/uploads\/2024\/02\/Jaizkibel_Hondarribia.png\",\"datePublished\":\"2024-04-13T12:16:11+00:00\",\"dateModified\":\"2025-07-13T09:22:50+00:00\",\"breadcrumb\":{\"@id\":\"https:\/\/www.cyclosouvenir.be\/fr\/produit\/jaizkibel-hondarribia\/#breadcrumb\"},\"inLanguage\":\"fr-FR\",\"potentialAction\":[{\"@type\":\"ReadAction\",\"target\":[\"https:\/\/www.cyclosouvenir.be\/fr\/produit\/jaizkibel-hondarribia\/\"]}]},{\"@type\":\"ImageObject\",\"inLanguage\":\"fr-FR\",\"@id\":\"https:\/\/www.cyclosouvenir.be\/fr\/produit\/jaizkibel-hondarribia\/#primaryimage\",\"url\":\"https:\/\/www.cyclosouvenir.be\/wp-content\/uploads\/2024\/02\/Jaizkibel_Hondarribia.png\",\"contentUrl\":\"https:\/\/www.cyclosouvenir.be\/wp-content\/uploads\/2024\/02\/Jaizkibel_Hondarribia.png\",\"width\":250,\"height\":300},{\"@type\":\"BreadcrumbList\",\"@id\":\"https:\/\/www.cyclosouvenir.be\/fr\/produit\/jaizkibel-hondarribia\/#breadcrumb\",\"itemListElement\":[{\"@type\":\"ListItem\",\"position\":1,\"name\":\"Home\",\"item\":\"https:\/\/www.cyclosouvenir.be\/fr\/\"},{\"@type\":\"ListItem\",\"position\":2,\"name\":\"Boutique\",\"item\":\"https:\/\/www.cyclosouvenir.be\/fr\/boutique\/\"},{\"@type\":\"ListItem\",\"position\":3,\"name\":\"Jaizkibel &#8211; Hondarribia\"}]},{\"@type\":\"WebSite\",\"@id\":\"https:\/\/www.cyclosouvenir.be\/fr\/#website\",\"url\":\"https:\/\/www.cyclosouvenir.be\/fr\/\",\"name\":\"Cyclosouvenir\",\"description\":\"De trofee voor een memorabele beklimming.\",\"publisher\":{\"@id\":\"https:\/\/www.cyclosouvenir.be\/fr\/#organization\"},\"potentialAction\":[{\"@type\":\"SearchAction\",\"target\":{\"@type\":\"EntryPoint\",\"urlTemplate\":\"https:\/\/www.cyclosouvenir.be\/fr\/?s={search_term_string}\"},\"query-input\":{\"@type\":\"PropertyValueSpecification\",\"valueRequired\":true,\"valueName\":\"search_term_string\"}}],\"inLanguage\":\"fr-FR\"},{\"@type\":\"Organization\",\"@id\":\"https:\/\/www.cyclosouvenir.be\/fr\/#organization\",\"name\":\"Cyclosouvenir\",\"url\":\"https:\/\/www.cyclosouvenir.be\/fr\/\",\"logo\":{\"@type\":\"ImageObject\",\"inLanguage\":\"fr-FR\",\"@id\":\"https:\/\/www.cyclosouvenir.be\/fr\/#\/schema\/logo\/image\/\",\"url\":\"https:\/\/www.cyclosouvenir.be\/wp-content\/uploads\/2024\/02\/Cyclosouvenir_Banner-removebg-preview.png\",\"contentUrl\":\"https:\/\/www.cyclosouvenir.be\/wp-content\/uploads\/2024\/02\/Cyclosouvenir_Banner-removebg-preview.png\",\"width\":997,\"height\":250,\"caption\":\"Cyclosouvenir\"},\"image\":{\"@id\":\"https:\/\/www.cyclosouvenir.be\/fr\/#\/schema\/logo\/image\/\"}}]}<\/script>\n<!-- \/ Yoast SEO plugin. -->","yoast_head_json":{"title":"Jaizkibel - Hondarribia - Cyclosouvenir","robots":{"index":"index","follow":"follow","max-snippet":"max-snippet:-1","max-image-preview":"max-image-preview:large","max-video-preview":"max-video-preview:-1"},"canonical":"https:\/\/www.cyclosouvenir.be\/fr\/produit\/jaizkibel-hondarribia\/","og_locale":"fr_FR","og_type":"article","og_title":"Jaizkibel - Hondarribia - Cyclosouvenir","og_description":"Le Jaizkibel (espagnol : Jaizqu\u00edbel) est une colline du Pays basque espagnol. Selon certaines lectures, il s'agit du sommet le plus occidental des Pyr\u00e9n\u00e9es ; selon d'autres, les Pyr\u00e9n\u00e9es s'arr\u00eatent \u00e0 la plage d'Hendaye, juste \u00e0 l'est du Jaizkibel. Au nord de la colline se trouve la c\u00f4te de la mer Cantabrique, \u00e0 l'est de celle-ci se trouve l'embouchure de la Bidassoa. Au pied de la colline, sur le versant sud, se trouvent les villes de Hondarribia, Ir\u00fan, Pasaia, Errenteria et Lezo. Ces trois derni\u00e8res localit\u00e9s font partie de la r\u00e9gion m\u00e9tropolitaine de Saint-S\u00e9bastien. Le Jaizkibel est inclus chaque ann\u00e9e dans la Cl\u00e1sica San Sebasti\u00e1n, avec un d\u00e9part \u00e0 Lezo. Le point culminant de l'ascension se situe \u00e0 455 m\u00e8tres. Habituellement, la course explose sur le Jaizkibel, puis descend un peu apr\u00e8s la moiti\u00e9 de la mont\u00e9e. Il est suivi d'un tron\u00e7on moins raide. Une fois le sommet atteint, une nouvelle descente avec des virages dangereux s'ensuit. Source : Wikipedia &nbsp; Jusqu'en 2009, le Jaizkibel ne figurait g\u00e9n\u00e9ralement qu'une seule fois sur le parcours de la Cl\u00e1sica, mais depuis 2010, la montagne et l'Alto de Arkale, qui la relie, y figurent deux fois. Jusqu'en 2018, le deuxi\u00e8me passage se situait environ 40 kilom\u00e8tres avant l'arriv\u00e9e. Dans l'\u00e9dition 2019, qui a chang\u00e9 de parcours, la course se poursuivra pendant 55 km apr\u00e8s la deuxi\u00e8me mont\u00e9e, avec une autre mont\u00e9e de l'Alto de Murgil 7 km avant l'arriv\u00e9e.","og_url":"https:\/\/www.cyclosouvenir.be\/fr\/produit\/jaizkibel-hondarribia\/","og_site_name":"Cyclosouvenir","article_modified_time":"2025-07-13T09:22:50+00:00","og_image":[{"width":250,"height":300,"url":"https:\/\/www.cyclosouvenir.be\/wp-content\/uploads\/2024\/02\/Jaizkibel_Hondarribia.png","type":"image\/png"}],"twitter_card":"summary_large_image","schema":{"@context":"https:\/\/schema.org","@graph":[{"@type":"WebPage","@id":"https:\/\/www.cyclosouvenir.be\/fr\/produit\/jaizkibel-hondarribia\/","url":"https:\/\/www.cyclosouvenir.be\/fr\/produit\/jaizkibel-hondarribia\/","name":"Jaizkibel - Hondarribia - Cyclosouvenir","isPartOf":{"@id":"https:\/\/www.cyclosouvenir.be\/fr\/#website"},"primaryImageOfPage":{"@id":"https:\/\/www.cyclosouvenir.be\/fr\/produit\/jaizkibel-hondarribia\/#primaryimage"},"image":{"@id":"https:\/\/www.cyclosouvenir.be\/fr\/produit\/jaizkibel-hondarribia\/#primaryimage"},"thumbnailUrl":"https:\/\/www.cyclosouvenir.be\/wp-content\/uploads\/2024\/02\/Jaizkibel_Hondarribia.png","datePublished":"2024-04-13T12:16:11+00:00","dateModified":"2025-07-13T09:22:50+00:00","breadcrumb":{"@id":"https:\/\/www.cyclosouvenir.be\/fr\/produit\/jaizkibel-hondarribia\/#breadcrumb"},"inLanguage":"fr-FR","potentialAction":[{"@type":"ReadAction","target":["https:\/\/www.cyclosouvenir.be\/fr\/produit\/jaizkibel-hondarribia\/"]}]},{"@type":"ImageObject","inLanguage":"fr-FR","@id":"https:\/\/www.cyclosouvenir.be\/fr\/produit\/jaizkibel-hondarribia\/#primaryimage","url":"https:\/\/www.cyclosouvenir.be\/wp-content\/uploads\/2024\/02\/Jaizkibel_Hondarribia.png","contentUrl":"https:\/\/www.cyclosouvenir.be\/wp-content\/uploads\/2024\/02\/Jaizkibel_Hondarribia.png","width":250,"height":300},{"@type":"BreadcrumbList","@id":"https:\/\/www.cyclosouvenir.be\/fr\/produit\/jaizkibel-hondarribia\/#breadcrumb","itemListElement":[{"@type":"ListItem","position":1,"name":"Home","item":"https:\/\/www.cyclosouvenir.be\/fr\/"},{"@type":"ListItem","position":2,"name":"Boutique","item":"https:\/\/www.cyclosouvenir.be\/fr\/boutique\/"},{"@type":"ListItem","position":3,"name":"Jaizkibel &#8211; Hondarribia"}]},{"@type":"WebSite","@id":"https:\/\/www.cyclosouvenir.be\/fr\/#website","url":"https:\/\/www.cyclosouvenir.be\/fr\/","name":"Cyclosouvenir","description":"De trofee voor een memorabele beklimming.","publisher":{"@id":"https:\/\/www.cyclosouvenir.be\/fr\/#organization"},"potentialAction":[{"@type":"SearchAction","target":{"@type":"EntryPoint","urlTemplate":"https:\/\/www.cyclosouvenir.be\/fr\/?s={search_term_string}"},"query-input":{"@type":"PropertyValueSpecification","valueRequired":true,"valueName":"search_term_string"}}],"inLanguage":"fr-FR"},{"@type":"Organization","@id":"https:\/\/www.cyclosouvenir.be\/fr\/#organization","name":"Cyclosouvenir","url":"https:\/\/www.cyclosouvenir.be\/fr\/","logo":{"@type":"ImageObject","inLanguage":"fr-FR","@id":"https:\/\/www.cyclosouvenir.be\/fr\/#\/schema\/logo\/image\/","url":"https:\/\/www.cyclosouvenir.be\/wp-content\/uploads\/2024\/02\/Cyclosouvenir_Banner-removebg-preview.png","contentUrl":"https:\/\/www.cyclosouvenir.be\/wp-content\/uploads\/2024\/02\/Cyclosouvenir_Banner-removebg-preview.png","width":997,"height":250,"caption":"Cyclosouvenir"},"image":{"@id":"https:\/\/www.cyclosouvenir.be\/fr\/#\/schema\/logo\/image\/"}}]}},"_links":{"self":[{"href":"https:\/\/www.cyclosouvenir.be\/fr\/wp-json\/wp\/v2\/product\/12145","targetHints":{"allow":["GET"]}}],"collection":[{"href":"https:\/\/www.cyclosouvenir.be\/fr\/wp-json\/wp\/v2\/product"}],"about":[{"href":"https:\/\/www.cyclosouvenir.be\/fr\/wp-json\/wp\/v2\/types\/product"}],"replies":[{"embeddable":true,"href":"https:\/\/www.cyclosouvenir.be\/fr\/wp-json\/wp\/v2\/comments?post=12145"}],"wp:featuredmedia":[{"embeddable":true,"href":"https:\/\/www.cyclosouvenir.be\/fr\/wp-json\/wp\/v2\/media\/10638"}],"wp:attachment":[{"href":"https:\/\/www.cyclosouvenir.be\/fr\/wp-json\/wp\/v2\/media?parent=12145"}],"wp:term":[{"taxonomy":"product_brand","embeddable":true,"href":"https:\/\/www.cyclosouvenir.be\/fr\/wp-json\/wp\/v2\/product_brand?post=12145"},{"taxonomy":"product_cat","embeddable":true,"href":"https:\/\/www.cyclosouvenir.be\/fr\/wp-json\/wp\/v2\/product_cat?post=12145"},{"taxonomy":"product_tag","embeddable":true,"href":"https:\/\/www.cyclosouvenir.be\/fr\/wp-json\/wp\/v2\/product_tag?post=12145"}],"curies":[{"name":"wp","href":"https:\/\/api.w.org\/{rel}","templated":true}]}}