{"id":12228,"date":"2024-04-15T09:56:04","date_gmt":"2024-04-15T09:56:04","guid":{"rendered":"https:\/\/demo9.inetproductions.be\/product\/loorberg-agr\/"},"modified":"2025-07-13T09:20:12","modified_gmt":"2025-07-13T09:20:12","slug":"loorberg-agr","status":"publish","type":"product","link":"https:\/\/www.cyclosouvenir.be\/fr\/produit\/loorberg-agr\/","title":{"rendered":"Loorberg &#8211; AGR"},"content":{"rendered":"","protected":false},"excerpt":{"rendered":"<p>Le Loorberg est une colline de 219 m\u00e8tres de haut situ\u00e9e dans la r\u00e9gion du Heuvelland, \u00e0 Slenaken, dans le sud de la province n\u00e9erlandaise du Limbourg. La base de l&rsquo;ascension se trouve \u00e0 Slenaken dans la vall\u00e9e de la Gulp et le sommet se trouve \u00e0 Heijenrath sur le plateau de Crapoel.<\/p>\n<p>La pente a \u00e9t\u00e9 incluse \u00e0 plusieurs reprises dans la classique cycliste Amstel Gold Race. La mont\u00e9e est ensuite conquise deux fois, comme huiti\u00e8me mont\u00e9e apr\u00e8s Wolfsberg et avant Schweiberg et comme vingt-cinqui\u00e8me mont\u00e9e apr\u00e8s Wolfsberg et avant Gulperberg. Dans certaines \u00e9ditions de l&rsquo;Amstel Gold Race, le Loorberg \u00e9tait appel\u00e9 <i>Heijenrath<\/i> en r\u00e9f\u00e9rence \u00e0 la ville du m\u00eame nom situ\u00e9e au sommet.<\/p>\n","protected":false},"featured_media":10794,"comment_status":"open","ping_status":"closed","template":"","meta":{"_et_pb_use_builder":"","_et_pb_old_content":"","_et_gb_content_width":""},"product_brand":[],"product_cat":[2577,3387,306],"product_tag":[],"class_list":{"0":"post-12228","1":"product","2":"type-product","3":"status-publish","4":"has-post-thumbnail","6":"product_cat-nederland-fr","7":"product_cat-agr-fr","8":"product_cat-bornes","9":"tm-has-options","11":"first","12":"instock","13":"taxable","14":"shipping-taxable","15":"purchasable","16":"product-type-simple"},"yoast_head":"<!-- This site is optimized with the Yoast SEO plugin v26.2 - https:\/\/yoast.com\/wordpress\/plugins\/seo\/ -->\n<title>Loorberg - AGR - Cyclosouvenir<\/title>\n<meta name=\"robots\" content=\"index, follow, max-snippet:-1, max-image-preview:large, max-video-preview:-1\" \/>\n<link rel=\"canonical\" href=\"https:\/\/www.cyclosouvenir.be\/fr\/produit\/loorberg-agr\/\" \/>\n<meta property=\"og:locale\" content=\"fr_FR\" \/>\n<meta property=\"og:type\" content=\"article\" \/>\n<meta property=\"og:title\" content=\"Loorberg - AGR - Cyclosouvenir\" \/>\n<meta property=\"og:description\" content=\"Le Loorberg est une colline de 219 m\u00e8tres de haut situ\u00e9e dans la r\u00e9gion du Heuvelland, \u00e0 Slenaken, dans le sud de la province n\u00e9erlandaise du Limbourg. La base de l&#039;ascension se trouve \u00e0 Slenaken dans la vall\u00e9e de la Gulp et le sommet se trouve \u00e0 Heijenrath sur le plateau de Crapoel. La pente a \u00e9t\u00e9 incluse \u00e0 plusieurs reprises dans la classique cycliste Amstel Gold Race. La mont\u00e9e est ensuite conquise deux fois, comme huiti\u00e8me mont\u00e9e apr\u00e8s Wolfsberg et avant Schweiberg et comme vingt-cinqui\u00e8me mont\u00e9e apr\u00e8s Wolfsberg et avant Gulperberg. Dans certaines \u00e9ditions de l&#039;Amstel Gold Race, le Loorberg \u00e9tait appel\u00e9 Heijenrath en r\u00e9f\u00e9rence \u00e0 la ville du m\u00eame nom situ\u00e9e au sommet.\" \/>\n<meta property=\"og:url\" content=\"https:\/\/www.cyclosouvenir.be\/fr\/produit\/loorberg-agr\/\" \/>\n<meta property=\"og:site_name\" content=\"Cyclosouvenir\" \/>\n<meta property=\"article:modified_time\" content=\"2025-07-13T09:20:12+00:00\" \/>\n<meta property=\"og:image\" content=\"https:\/\/www.cyclosouvenir.be\/wp-content\/uploads\/2024\/02\/Loorberg.png\" \/>\n\t<meta property=\"og:image:width\" content=\"250\" \/>\n\t<meta property=\"og:image:height\" content=\"300\" \/>\n\t<meta property=\"og:image:type\" content=\"image\/png\" \/>\n<meta name=\"twitter:card\" content=\"summary_large_image\" \/>\n<script type=\"application\/ld+json\" class=\"yoast-schema-graph\">{\"@context\":\"https:\/\/schema.org\",\"@graph\":[{\"@type\":\"WebPage\",\"@id\":\"https:\/\/www.cyclosouvenir.be\/fr\/produit\/loorberg-agr\/\",\"url\":\"https:\/\/www.cyclosouvenir.be\/fr\/produit\/loorberg-agr\/\",\"name\":\"Loorberg - AGR - Cyclosouvenir\",\"isPartOf\":{\"@id\":\"https:\/\/www.cyclosouvenir.be\/fr\/#website\"},\"primaryImageOfPage\":{\"@id\":\"https:\/\/www.cyclosouvenir.be\/fr\/produit\/loorberg-agr\/#primaryimage\"},\"image\":{\"@id\":\"https:\/\/www.cyclosouvenir.be\/fr\/produit\/loorberg-agr\/#primaryimage\"},\"thumbnailUrl\":\"https:\/\/www.cyclosouvenir.be\/wp-content\/uploads\/2024\/02\/Loorberg.png\",\"datePublished\":\"2024-04-15T09:56:04+00:00\",\"dateModified\":\"2025-07-13T09:20:12+00:00\",\"breadcrumb\":{\"@id\":\"https:\/\/www.cyclosouvenir.be\/fr\/produit\/loorberg-agr\/#breadcrumb\"},\"inLanguage\":\"fr-FR\",\"potentialAction\":[{\"@type\":\"ReadAction\",\"target\":[\"https:\/\/www.cyclosouvenir.be\/fr\/produit\/loorberg-agr\/\"]}]},{\"@type\":\"ImageObject\",\"inLanguage\":\"fr-FR\",\"@id\":\"https:\/\/www.cyclosouvenir.be\/fr\/produit\/loorberg-agr\/#primaryimage\",\"url\":\"https:\/\/www.cyclosouvenir.be\/wp-content\/uploads\/2024\/02\/Loorberg.png\",\"contentUrl\":\"https:\/\/www.cyclosouvenir.be\/wp-content\/uploads\/2024\/02\/Loorberg.png\",\"width\":250,\"height\":300},{\"@type\":\"BreadcrumbList\",\"@id\":\"https:\/\/www.cyclosouvenir.be\/fr\/produit\/loorberg-agr\/#breadcrumb\",\"itemListElement\":[{\"@type\":\"ListItem\",\"position\":1,\"name\":\"Home\",\"item\":\"https:\/\/www.cyclosouvenir.be\/fr\/\"},{\"@type\":\"ListItem\",\"position\":2,\"name\":\"Boutique\",\"item\":\"https:\/\/www.cyclosouvenir.be\/fr\/boutique\/\"},{\"@type\":\"ListItem\",\"position\":3,\"name\":\"Loorberg &#8211; AGR\"}]},{\"@type\":\"WebSite\",\"@id\":\"https:\/\/www.cyclosouvenir.be\/fr\/#website\",\"url\":\"https:\/\/www.cyclosouvenir.be\/fr\/\",\"name\":\"Cyclosouvenir\",\"description\":\"De trofee voor een memorabele beklimming.\",\"publisher\":{\"@id\":\"https:\/\/www.cyclosouvenir.be\/fr\/#organization\"},\"potentialAction\":[{\"@type\":\"SearchAction\",\"target\":{\"@type\":\"EntryPoint\",\"urlTemplate\":\"https:\/\/www.cyclosouvenir.be\/fr\/?s={search_term_string}\"},\"query-input\":{\"@type\":\"PropertyValueSpecification\",\"valueRequired\":true,\"valueName\":\"search_term_string\"}}],\"inLanguage\":\"fr-FR\"},{\"@type\":\"Organization\",\"@id\":\"https:\/\/www.cyclosouvenir.be\/fr\/#organization\",\"name\":\"Cyclosouvenir\",\"url\":\"https:\/\/www.cyclosouvenir.be\/fr\/\",\"logo\":{\"@type\":\"ImageObject\",\"inLanguage\":\"fr-FR\",\"@id\":\"https:\/\/www.cyclosouvenir.be\/fr\/#\/schema\/logo\/image\/\",\"url\":\"https:\/\/www.cyclosouvenir.be\/wp-content\/uploads\/2024\/02\/Cyclosouvenir_Banner-removebg-preview.png\",\"contentUrl\":\"https:\/\/www.cyclosouvenir.be\/wp-content\/uploads\/2024\/02\/Cyclosouvenir_Banner-removebg-preview.png\",\"width\":997,\"height\":250,\"caption\":\"Cyclosouvenir\"},\"image\":{\"@id\":\"https:\/\/www.cyclosouvenir.be\/fr\/#\/schema\/logo\/image\/\"}}]}<\/script>\n<!-- \/ Yoast SEO plugin. -->","yoast_head_json":{"title":"Loorberg - AGR - Cyclosouvenir","robots":{"index":"index","follow":"follow","max-snippet":"max-snippet:-1","max-image-preview":"max-image-preview:large","max-video-preview":"max-video-preview:-1"},"canonical":"https:\/\/www.cyclosouvenir.be\/fr\/produit\/loorberg-agr\/","og_locale":"fr_FR","og_type":"article","og_title":"Loorberg - AGR - Cyclosouvenir","og_description":"Le Loorberg est une colline de 219 m\u00e8tres de haut situ\u00e9e dans la r\u00e9gion du Heuvelland, \u00e0 Slenaken, dans le sud de la province n\u00e9erlandaise du Limbourg. La base de l'ascension se trouve \u00e0 Slenaken dans la vall\u00e9e de la Gulp et le sommet se trouve \u00e0 Heijenrath sur le plateau de Crapoel. La pente a \u00e9t\u00e9 incluse \u00e0 plusieurs reprises dans la classique cycliste Amstel Gold Race. La mont\u00e9e est ensuite conquise deux fois, comme huiti\u00e8me mont\u00e9e apr\u00e8s Wolfsberg et avant Schweiberg et comme vingt-cinqui\u00e8me mont\u00e9e apr\u00e8s Wolfsberg et avant Gulperberg. Dans certaines \u00e9ditions de l'Amstel Gold Race, le Loorberg \u00e9tait appel\u00e9 Heijenrath en r\u00e9f\u00e9rence \u00e0 la ville du m\u00eame nom situ\u00e9e au sommet.","og_url":"https:\/\/www.cyclosouvenir.be\/fr\/produit\/loorberg-agr\/","og_site_name":"Cyclosouvenir","article_modified_time":"2025-07-13T09:20:12+00:00","og_image":[{"width":250,"height":300,"url":"https:\/\/www.cyclosouvenir.be\/wp-content\/uploads\/2024\/02\/Loorberg.png","type":"image\/png"}],"twitter_card":"summary_large_image","schema":{"@context":"https:\/\/schema.org","@graph":[{"@type":"WebPage","@id":"https:\/\/www.cyclosouvenir.be\/fr\/produit\/loorberg-agr\/","url":"https:\/\/www.cyclosouvenir.be\/fr\/produit\/loorberg-agr\/","name":"Loorberg - AGR - Cyclosouvenir","isPartOf":{"@id":"https:\/\/www.cyclosouvenir.be\/fr\/#website"},"primaryImageOfPage":{"@id":"https:\/\/www.cyclosouvenir.be\/fr\/produit\/loorberg-agr\/#primaryimage"},"image":{"@id":"https:\/\/www.cyclosouvenir.be\/fr\/produit\/loorberg-agr\/#primaryimage"},"thumbnailUrl":"https:\/\/www.cyclosouvenir.be\/wp-content\/uploads\/2024\/02\/Loorberg.png","datePublished":"2024-04-15T09:56:04+00:00","dateModified":"2025-07-13T09:20:12+00:00","breadcrumb":{"@id":"https:\/\/www.cyclosouvenir.be\/fr\/produit\/loorberg-agr\/#breadcrumb"},"inLanguage":"fr-FR","potentialAction":[{"@type":"ReadAction","target":["https:\/\/www.cyclosouvenir.be\/fr\/produit\/loorberg-agr\/"]}]},{"@type":"ImageObject","inLanguage":"fr-FR","@id":"https:\/\/www.cyclosouvenir.be\/fr\/produit\/loorberg-agr\/#primaryimage","url":"https:\/\/www.cyclosouvenir.be\/wp-content\/uploads\/2024\/02\/Loorberg.png","contentUrl":"https:\/\/www.cyclosouvenir.be\/wp-content\/uploads\/2024\/02\/Loorberg.png","width":250,"height":300},{"@type":"BreadcrumbList","@id":"https:\/\/www.cyclosouvenir.be\/fr\/produit\/loorberg-agr\/#breadcrumb","itemListElement":[{"@type":"ListItem","position":1,"name":"Home","item":"https:\/\/www.cyclosouvenir.be\/fr\/"},{"@type":"ListItem","position":2,"name":"Boutique","item":"https:\/\/www.cyclosouvenir.be\/fr\/boutique\/"},{"@type":"ListItem","position":3,"name":"Loorberg &#8211; AGR"}]},{"@type":"WebSite","@id":"https:\/\/www.cyclosouvenir.be\/fr\/#website","url":"https:\/\/www.cyclosouvenir.be\/fr\/","name":"Cyclosouvenir","description":"De trofee voor een memorabele beklimming.","publisher":{"@id":"https:\/\/www.cyclosouvenir.be\/fr\/#organization"},"potentialAction":[{"@type":"SearchAction","target":{"@type":"EntryPoint","urlTemplate":"https:\/\/www.cyclosouvenir.be\/fr\/?s={search_term_string}"},"query-input":{"@type":"PropertyValueSpecification","valueRequired":true,"valueName":"search_term_string"}}],"inLanguage":"fr-FR"},{"@type":"Organization","@id":"https:\/\/www.cyclosouvenir.be\/fr\/#organization","name":"Cyclosouvenir","url":"https:\/\/www.cyclosouvenir.be\/fr\/","logo":{"@type":"ImageObject","inLanguage":"fr-FR","@id":"https:\/\/www.cyclosouvenir.be\/fr\/#\/schema\/logo\/image\/","url":"https:\/\/www.cyclosouvenir.be\/wp-content\/uploads\/2024\/02\/Cyclosouvenir_Banner-removebg-preview.png","contentUrl":"https:\/\/www.cyclosouvenir.be\/wp-content\/uploads\/2024\/02\/Cyclosouvenir_Banner-removebg-preview.png","width":997,"height":250,"caption":"Cyclosouvenir"},"image":{"@id":"https:\/\/www.cyclosouvenir.be\/fr\/#\/schema\/logo\/image\/"}}]}},"_links":{"self":[{"href":"https:\/\/www.cyclosouvenir.be\/fr\/wp-json\/wp\/v2\/product\/12228","targetHints":{"allow":["GET"]}}],"collection":[{"href":"https:\/\/www.cyclosouvenir.be\/fr\/wp-json\/wp\/v2\/product"}],"about":[{"href":"https:\/\/www.cyclosouvenir.be\/fr\/wp-json\/wp\/v2\/types\/product"}],"replies":[{"embeddable":true,"href":"https:\/\/www.cyclosouvenir.be\/fr\/wp-json\/wp\/v2\/comments?post=12228"}],"wp:featuredmedia":[{"embeddable":true,"href":"https:\/\/www.cyclosouvenir.be\/fr\/wp-json\/wp\/v2\/media\/10794"}],"wp:attachment":[{"href":"https:\/\/www.cyclosouvenir.be\/fr\/wp-json\/wp\/v2\/media?parent=12228"}],"wp:term":[{"taxonomy":"product_brand","embeddable":true,"href":"https:\/\/www.cyclosouvenir.be\/fr\/wp-json\/wp\/v2\/product_brand?post=12228"},{"taxonomy":"product_cat","embeddable":true,"href":"https:\/\/www.cyclosouvenir.be\/fr\/wp-json\/wp\/v2\/product_cat?post=12228"},{"taxonomy":"product_tag","embeddable":true,"href":"https:\/\/www.cyclosouvenir.be\/fr\/wp-json\/wp\/v2\/product_tag?post=12228"}],"curies":[{"name":"wp","href":"https:\/\/api.w.org\/{rel}","templated":true}]}}