{"id":12233,"date":"2024-04-15T10:34:50","date_gmt":"2024-04-15T10:34:50","guid":{"rendered":"https:\/\/demo9.inetproductions.be\/product\/montagne-de-lure-valbelle\/"},"modified":"2025-07-13T09:20:05","modified_gmt":"2025-07-13T09:20:05","slug":"montagne-de-lure-valbelle","status":"publish","type":"product","link":"https:\/\/www.cyclosouvenir.be\/fr\/produit\/montagne-de-lure-valbelle\/","title":{"rendered":"Montagne de Lure &#8211; Valbelle"},"content":{"rendered":"","protected":false},"excerpt":{"rendered":"<p>La Montagne de Lure (italienne : Montagna di Lura, occitane : C\u00f2la de Lura) est une montagne des Alpes-de-Haute-Provence en France, principalement bois\u00e9e sur les versants sud et est. La distance de la mont\u00e9e depuis le versant sud est de 17,7 kilom\u00e8tres, avec une pente de 5,7 %. Le sommet (Signal de Lure) se trouve \u00e0 1826 m\u00e8tres. Le sommet de la montagne, en grande partie d\u00e9nud\u00e9, devient blanc en raison de la pr\u00e9sence de calcaire.<\/p>\n<p>La Montagne de Lure a \u00e9t\u00e9 inscrite au programme de la course cycliste Paris-Nice en 2009. La Montagne de Lure a \u00e9t\u00e9 le site d&rsquo;arriv\u00e9e de l&rsquo;\u00e9tape 6, remport\u00e9e par Alberto Contador. Il s&rsquo;agit du meilleur r\u00e9sultat de l&rsquo;histoire de Paris-Nice. Source : Wikipedia<\/p>\n","protected":false},"featured_media":10722,"comment_status":"open","ping_status":"closed","template":"","meta":{"_et_pb_use_builder":"","_et_pb_old_content":"","_et_gb_content_width":""},"product_brand":[],"product_cat":[3503,3533,306],"product_tag":[],"class_list":{"0":"post-12233","1":"product","2":"type-product","3":"status-publish","4":"has-post-thumbnail","6":"product_cat-france-fr-2","7":"product_cat-alpes-de-haute-provence-fr-2","8":"product_cat-bornes","9":"tm-has-options","11":"first","12":"instock","13":"taxable","14":"shipping-taxable","15":"purchasable","16":"product-type-simple"},"yoast_head":"<!-- This site is optimized with the Yoast SEO plugin v26.2 - https:\/\/yoast.com\/wordpress\/plugins\/seo\/ -->\n<title>Montagne de Lure - Valbelle - Cyclosouvenir<\/title>\n<meta name=\"robots\" content=\"index, follow, max-snippet:-1, max-image-preview:large, max-video-preview:-1\" \/>\n<link rel=\"canonical\" href=\"https:\/\/www.cyclosouvenir.be\/fr\/produit\/montagne-de-lure-valbelle\/\" \/>\n<meta property=\"og:locale\" content=\"fr_FR\" \/>\n<meta property=\"og:type\" content=\"article\" \/>\n<meta property=\"og:title\" content=\"Montagne de Lure - Valbelle - Cyclosouvenir\" \/>\n<meta property=\"og:description\" content=\"La Montagne de Lure (italienne : Montagna di Lura, occitane : C\u00f2la de Lura) est une montagne des Alpes-de-Haute-Provence en France, principalement bois\u00e9e sur les versants sud et est. La distance de la mont\u00e9e depuis le versant sud est de 17,7 kilom\u00e8tres, avec une pente de 5,7 %. Le sommet (Signal de Lure) se trouve \u00e0 1826 m\u00e8tres. Le sommet de la montagne, en grande partie d\u00e9nud\u00e9, devient blanc en raison de la pr\u00e9sence de calcaire. La Montagne de Lure a \u00e9t\u00e9 inscrite au programme de la course cycliste Paris-Nice en 2009. La Montagne de Lure a \u00e9t\u00e9 le site d&#039;arriv\u00e9e de l&#039;\u00e9tape 6, remport\u00e9e par Alberto Contador. Il s&#039;agit du meilleur r\u00e9sultat de l&#039;histoire de Paris-Nice. Source : Wikipedia\" \/>\n<meta property=\"og:url\" content=\"https:\/\/www.cyclosouvenir.be\/fr\/produit\/montagne-de-lure-valbelle\/\" \/>\n<meta property=\"og:site_name\" content=\"Cyclosouvenir\" \/>\n<meta property=\"article:modified_time\" content=\"2025-07-13T09:20:05+00:00\" \/>\n<meta property=\"og:image\" content=\"https:\/\/www.cyclosouvenir.be\/wp-content\/uploads\/2024\/02\/Montagne_de_Lure_Valbelle1.png\" \/>\n\t<meta property=\"og:image:width\" content=\"250\" \/>\n\t<meta property=\"og:image:height\" content=\"300\" \/>\n\t<meta property=\"og:image:type\" content=\"image\/png\" \/>\n<meta name=\"twitter:card\" content=\"summary_large_image\" \/>\n<script type=\"application\/ld+json\" class=\"yoast-schema-graph\">{\"@context\":\"https:\/\/schema.org\",\"@graph\":[{\"@type\":\"WebPage\",\"@id\":\"https:\/\/www.cyclosouvenir.be\/fr\/produit\/montagne-de-lure-valbelle\/\",\"url\":\"https:\/\/www.cyclosouvenir.be\/fr\/produit\/montagne-de-lure-valbelle\/\",\"name\":\"Montagne de Lure - Valbelle - Cyclosouvenir\",\"isPartOf\":{\"@id\":\"https:\/\/www.cyclosouvenir.be\/fr\/#website\"},\"primaryImageOfPage\":{\"@id\":\"https:\/\/www.cyclosouvenir.be\/fr\/produit\/montagne-de-lure-valbelle\/#primaryimage\"},\"image\":{\"@id\":\"https:\/\/www.cyclosouvenir.be\/fr\/produit\/montagne-de-lure-valbelle\/#primaryimage\"},\"thumbnailUrl\":\"https:\/\/www.cyclosouvenir.be\/wp-content\/uploads\/2024\/02\/Montagne_de_Lure_Valbelle1.png\",\"datePublished\":\"2024-04-15T10:34:50+00:00\",\"dateModified\":\"2025-07-13T09:20:05+00:00\",\"breadcrumb\":{\"@id\":\"https:\/\/www.cyclosouvenir.be\/fr\/produit\/montagne-de-lure-valbelle\/#breadcrumb\"},\"inLanguage\":\"fr-FR\",\"potentialAction\":[{\"@type\":\"ReadAction\",\"target\":[\"https:\/\/www.cyclosouvenir.be\/fr\/produit\/montagne-de-lure-valbelle\/\"]}]},{\"@type\":\"ImageObject\",\"inLanguage\":\"fr-FR\",\"@id\":\"https:\/\/www.cyclosouvenir.be\/fr\/produit\/montagne-de-lure-valbelle\/#primaryimage\",\"url\":\"https:\/\/www.cyclosouvenir.be\/wp-content\/uploads\/2024\/02\/Montagne_de_Lure_Valbelle1.png\",\"contentUrl\":\"https:\/\/www.cyclosouvenir.be\/wp-content\/uploads\/2024\/02\/Montagne_de_Lure_Valbelle1.png\",\"width\":250,\"height\":300},{\"@type\":\"BreadcrumbList\",\"@id\":\"https:\/\/www.cyclosouvenir.be\/fr\/produit\/montagne-de-lure-valbelle\/#breadcrumb\",\"itemListElement\":[{\"@type\":\"ListItem\",\"position\":1,\"name\":\"Home\",\"item\":\"https:\/\/www.cyclosouvenir.be\/fr\/\"},{\"@type\":\"ListItem\",\"position\":2,\"name\":\"Boutique\",\"item\":\"https:\/\/www.cyclosouvenir.be\/fr\/boutique\/\"},{\"@type\":\"ListItem\",\"position\":3,\"name\":\"Montagne de Lure &#8211; Valbelle\"}]},{\"@type\":\"WebSite\",\"@id\":\"https:\/\/www.cyclosouvenir.be\/fr\/#website\",\"url\":\"https:\/\/www.cyclosouvenir.be\/fr\/\",\"name\":\"Cyclosouvenir\",\"description\":\"De trofee voor een memorabele beklimming.\",\"publisher\":{\"@id\":\"https:\/\/www.cyclosouvenir.be\/fr\/#organization\"},\"potentialAction\":[{\"@type\":\"SearchAction\",\"target\":{\"@type\":\"EntryPoint\",\"urlTemplate\":\"https:\/\/www.cyclosouvenir.be\/fr\/?s={search_term_string}\"},\"query-input\":{\"@type\":\"PropertyValueSpecification\",\"valueRequired\":true,\"valueName\":\"search_term_string\"}}],\"inLanguage\":\"fr-FR\"},{\"@type\":\"Organization\",\"@id\":\"https:\/\/www.cyclosouvenir.be\/fr\/#organization\",\"name\":\"Cyclosouvenir\",\"url\":\"https:\/\/www.cyclosouvenir.be\/fr\/\",\"logo\":{\"@type\":\"ImageObject\",\"inLanguage\":\"fr-FR\",\"@id\":\"https:\/\/www.cyclosouvenir.be\/fr\/#\/schema\/logo\/image\/\",\"url\":\"https:\/\/www.cyclosouvenir.be\/wp-content\/uploads\/2024\/02\/Cyclosouvenir_Banner-removebg-preview.png\",\"contentUrl\":\"https:\/\/www.cyclosouvenir.be\/wp-content\/uploads\/2024\/02\/Cyclosouvenir_Banner-removebg-preview.png\",\"width\":997,\"height\":250,\"caption\":\"Cyclosouvenir\"},\"image\":{\"@id\":\"https:\/\/www.cyclosouvenir.be\/fr\/#\/schema\/logo\/image\/\"}}]}<\/script>\n<!-- \/ Yoast SEO plugin. -->","yoast_head_json":{"title":"Montagne de Lure - Valbelle - Cyclosouvenir","robots":{"index":"index","follow":"follow","max-snippet":"max-snippet:-1","max-image-preview":"max-image-preview:large","max-video-preview":"max-video-preview:-1"},"canonical":"https:\/\/www.cyclosouvenir.be\/fr\/produit\/montagne-de-lure-valbelle\/","og_locale":"fr_FR","og_type":"article","og_title":"Montagne de Lure - Valbelle - Cyclosouvenir","og_description":"La Montagne de Lure (italienne : Montagna di Lura, occitane : C\u00f2la de Lura) est une montagne des Alpes-de-Haute-Provence en France, principalement bois\u00e9e sur les versants sud et est. La distance de la mont\u00e9e depuis le versant sud est de 17,7 kilom\u00e8tres, avec une pente de 5,7 %. Le sommet (Signal de Lure) se trouve \u00e0 1826 m\u00e8tres. Le sommet de la montagne, en grande partie d\u00e9nud\u00e9, devient blanc en raison de la pr\u00e9sence de calcaire. La Montagne de Lure a \u00e9t\u00e9 inscrite au programme de la course cycliste Paris-Nice en 2009. La Montagne de Lure a \u00e9t\u00e9 le site d'arriv\u00e9e de l'\u00e9tape 6, remport\u00e9e par Alberto Contador. Il s'agit du meilleur r\u00e9sultat de l'histoire de Paris-Nice. Source : Wikipedia","og_url":"https:\/\/www.cyclosouvenir.be\/fr\/produit\/montagne-de-lure-valbelle\/","og_site_name":"Cyclosouvenir","article_modified_time":"2025-07-13T09:20:05+00:00","og_image":[{"width":250,"height":300,"url":"https:\/\/www.cyclosouvenir.be\/wp-content\/uploads\/2024\/02\/Montagne_de_Lure_Valbelle1.png","type":"image\/png"}],"twitter_card":"summary_large_image","schema":{"@context":"https:\/\/schema.org","@graph":[{"@type":"WebPage","@id":"https:\/\/www.cyclosouvenir.be\/fr\/produit\/montagne-de-lure-valbelle\/","url":"https:\/\/www.cyclosouvenir.be\/fr\/produit\/montagne-de-lure-valbelle\/","name":"Montagne de Lure - Valbelle - Cyclosouvenir","isPartOf":{"@id":"https:\/\/www.cyclosouvenir.be\/fr\/#website"},"primaryImageOfPage":{"@id":"https:\/\/www.cyclosouvenir.be\/fr\/produit\/montagne-de-lure-valbelle\/#primaryimage"},"image":{"@id":"https:\/\/www.cyclosouvenir.be\/fr\/produit\/montagne-de-lure-valbelle\/#primaryimage"},"thumbnailUrl":"https:\/\/www.cyclosouvenir.be\/wp-content\/uploads\/2024\/02\/Montagne_de_Lure_Valbelle1.png","datePublished":"2024-04-15T10:34:50+00:00","dateModified":"2025-07-13T09:20:05+00:00","breadcrumb":{"@id":"https:\/\/www.cyclosouvenir.be\/fr\/produit\/montagne-de-lure-valbelle\/#breadcrumb"},"inLanguage":"fr-FR","potentialAction":[{"@type":"ReadAction","target":["https:\/\/www.cyclosouvenir.be\/fr\/produit\/montagne-de-lure-valbelle\/"]}]},{"@type":"ImageObject","inLanguage":"fr-FR","@id":"https:\/\/www.cyclosouvenir.be\/fr\/produit\/montagne-de-lure-valbelle\/#primaryimage","url":"https:\/\/www.cyclosouvenir.be\/wp-content\/uploads\/2024\/02\/Montagne_de_Lure_Valbelle1.png","contentUrl":"https:\/\/www.cyclosouvenir.be\/wp-content\/uploads\/2024\/02\/Montagne_de_Lure_Valbelle1.png","width":250,"height":300},{"@type":"BreadcrumbList","@id":"https:\/\/www.cyclosouvenir.be\/fr\/produit\/montagne-de-lure-valbelle\/#breadcrumb","itemListElement":[{"@type":"ListItem","position":1,"name":"Home","item":"https:\/\/www.cyclosouvenir.be\/fr\/"},{"@type":"ListItem","position":2,"name":"Boutique","item":"https:\/\/www.cyclosouvenir.be\/fr\/boutique\/"},{"@type":"ListItem","position":3,"name":"Montagne de Lure &#8211; Valbelle"}]},{"@type":"WebSite","@id":"https:\/\/www.cyclosouvenir.be\/fr\/#website","url":"https:\/\/www.cyclosouvenir.be\/fr\/","name":"Cyclosouvenir","description":"De trofee voor een memorabele beklimming.","publisher":{"@id":"https:\/\/www.cyclosouvenir.be\/fr\/#organization"},"potentialAction":[{"@type":"SearchAction","target":{"@type":"EntryPoint","urlTemplate":"https:\/\/www.cyclosouvenir.be\/fr\/?s={search_term_string}"},"query-input":{"@type":"PropertyValueSpecification","valueRequired":true,"valueName":"search_term_string"}}],"inLanguage":"fr-FR"},{"@type":"Organization","@id":"https:\/\/www.cyclosouvenir.be\/fr\/#organization","name":"Cyclosouvenir","url":"https:\/\/www.cyclosouvenir.be\/fr\/","logo":{"@type":"ImageObject","inLanguage":"fr-FR","@id":"https:\/\/www.cyclosouvenir.be\/fr\/#\/schema\/logo\/image\/","url":"https:\/\/www.cyclosouvenir.be\/wp-content\/uploads\/2024\/02\/Cyclosouvenir_Banner-removebg-preview.png","contentUrl":"https:\/\/www.cyclosouvenir.be\/wp-content\/uploads\/2024\/02\/Cyclosouvenir_Banner-removebg-preview.png","width":997,"height":250,"caption":"Cyclosouvenir"},"image":{"@id":"https:\/\/www.cyclosouvenir.be\/fr\/#\/schema\/logo\/image\/"}}]}},"_links":{"self":[{"href":"https:\/\/www.cyclosouvenir.be\/fr\/wp-json\/wp\/v2\/product\/12233","targetHints":{"allow":["GET"]}}],"collection":[{"href":"https:\/\/www.cyclosouvenir.be\/fr\/wp-json\/wp\/v2\/product"}],"about":[{"href":"https:\/\/www.cyclosouvenir.be\/fr\/wp-json\/wp\/v2\/types\/product"}],"replies":[{"embeddable":true,"href":"https:\/\/www.cyclosouvenir.be\/fr\/wp-json\/wp\/v2\/comments?post=12233"}],"wp:featuredmedia":[{"embeddable":true,"href":"https:\/\/www.cyclosouvenir.be\/fr\/wp-json\/wp\/v2\/media\/10722"}],"wp:attachment":[{"href":"https:\/\/www.cyclosouvenir.be\/fr\/wp-json\/wp\/v2\/media?parent=12233"}],"wp:term":[{"taxonomy":"product_brand","embeddable":true,"href":"https:\/\/www.cyclosouvenir.be\/fr\/wp-json\/wp\/v2\/product_brand?post=12233"},{"taxonomy":"product_cat","embeddable":true,"href":"https:\/\/www.cyclosouvenir.be\/fr\/wp-json\/wp\/v2\/product_cat?post=12233"},{"taxonomy":"product_tag","embeddable":true,"href":"https:\/\/www.cyclosouvenir.be\/fr\/wp-json\/wp\/v2\/product_tag?post=12233"}],"curies":[{"name":"wp","href":"https:\/\/api.w.org\/{rel}","templated":true}]}}