{"id":12259,"date":"2024-04-15T11:55:35","date_gmt":"2024-04-15T11:55:35","guid":{"rendered":"https:\/\/demo9.inetproductions.be\/product\/muro-di-sormano-sormano\/"},"modified":"2025-07-13T09:21:16","modified_gmt":"2025-07-13T09:21:16","slug":"muro-di-sormano-sormano","status":"publish","type":"product","link":"https:\/\/www.cyclosouvenir.be\/fr\/produit\/muro-di-sormano-sormano\/","title":{"rendered":"Muro di Sormano &#8211; Sormano"},"content":{"rendered":"","protected":false},"excerpt":{"rendered":"<p>Le mur de Sormano (en italien : Muro di Sormano) est une pente situ\u00e9e dans la commune lombarde de Sormano en Italie. Il s&rsquo;agit de la derni\u00e8re partie de la route, la plus raide, qui passe par le col de Colma di Sormano, o\u00f9 la SP-44 prend un virage \u00e0 l&rsquo;ext\u00e9rieur. Le mur est donc un raccourci qui passe juste \u00e0 c\u00f4t\u00e9 du sommet de 1124 m\u00e8tres. Il quitte la SP-44 \u00e0 une altitude de 820 m\u00e8tres, atteint son point culminant \u00e0 1105 m\u00e8tres, puis rejoint la SP-44 \u00e0 une altitude de 1016 m\u00e8tres. La chauss\u00e9e a \u00e9t\u00e9 asphalt\u00e9e en 2006 et la circulation automobile y est interdite depuis lors. Source : Wikipedia<\/p>\n","protected":false},"featured_media":12256,"comment_status":"open","ping_status":"closed","template":"","meta":{"_et_pb_use_builder":"","_et_pb_old_content":"","_et_gb_content_width":""},"product_brand":[],"product_cat":[3507,3572,306],"product_tag":[],"class_list":{"0":"post-12259","1":"product","2":"type-product","3":"status-publish","4":"has-post-thumbnail","6":"product_cat-italie","7":"product_cat-lombardie-fr","8":"product_cat-bornes","9":"tm-has-options","11":"first","12":"instock","13":"taxable","14":"shipping-taxable","15":"purchasable","16":"product-type-simple"},"yoast_head":"<!-- This site is optimized with the Yoast SEO plugin v26.2 - https:\/\/yoast.com\/wordpress\/plugins\/seo\/ -->\n<title>Muro di Sormano - Sormano - Cyclosouvenir<\/title>\n<meta name=\"robots\" content=\"index, follow, max-snippet:-1, max-image-preview:large, max-video-preview:-1\" \/>\n<link rel=\"canonical\" href=\"https:\/\/www.cyclosouvenir.be\/fr\/produit\/muro-di-sormano-sormano\/\" \/>\n<meta property=\"og:locale\" content=\"fr_FR\" \/>\n<meta property=\"og:type\" content=\"article\" \/>\n<meta property=\"og:title\" content=\"Muro di Sormano - Sormano - Cyclosouvenir\" \/>\n<meta property=\"og:description\" content=\"Le mur de Sormano (en italien : Muro di Sormano) est une pente situ\u00e9e dans la commune lombarde de Sormano en Italie. Il s&#039;agit de la derni\u00e8re partie de la route, la plus raide, qui passe par le col de Colma di Sormano, o\u00f9 la SP-44 prend un virage \u00e0 l&#039;ext\u00e9rieur. Le mur est donc un raccourci qui passe juste \u00e0 c\u00f4t\u00e9 du sommet de 1124 m\u00e8tres. Il quitte la SP-44 \u00e0 une altitude de 820 m\u00e8tres, atteint son point culminant \u00e0 1105 m\u00e8tres, puis rejoint la SP-44 \u00e0 une altitude de 1016 m\u00e8tres. La chauss\u00e9e a \u00e9t\u00e9 asphalt\u00e9e en 2006 et la circulation automobile y est interdite depuis lors. Source : Wikipedia\" \/>\n<meta property=\"og:url\" content=\"https:\/\/www.cyclosouvenir.be\/fr\/produit\/muro-di-sormano-sormano\/\" \/>\n<meta property=\"og:site_name\" content=\"Cyclosouvenir\" \/>\n<meta property=\"article:modified_time\" content=\"2025-07-13T09:21:16+00:00\" \/>\n<meta property=\"og:image\" content=\"https:\/\/www.cyclosouvenir.be\/wp-content\/uploads\/2024\/04\/Muro_di_Sormano_Sormano.png\" \/>\n\t<meta property=\"og:image:width\" content=\"250\" \/>\n\t<meta property=\"og:image:height\" content=\"300\" \/>\n\t<meta property=\"og:image:type\" content=\"image\/png\" \/>\n<meta name=\"twitter:card\" content=\"summary_large_image\" \/>\n<script type=\"application\/ld+json\" class=\"yoast-schema-graph\">{\"@context\":\"https:\/\/schema.org\",\"@graph\":[{\"@type\":\"WebPage\",\"@id\":\"https:\/\/www.cyclosouvenir.be\/fr\/produit\/muro-di-sormano-sormano\/\",\"url\":\"https:\/\/www.cyclosouvenir.be\/fr\/produit\/muro-di-sormano-sormano\/\",\"name\":\"Muro di Sormano - Sormano - Cyclosouvenir\",\"isPartOf\":{\"@id\":\"https:\/\/www.cyclosouvenir.be\/fr\/#website\"},\"primaryImageOfPage\":{\"@id\":\"https:\/\/www.cyclosouvenir.be\/fr\/produit\/muro-di-sormano-sormano\/#primaryimage\"},\"image\":{\"@id\":\"https:\/\/www.cyclosouvenir.be\/fr\/produit\/muro-di-sormano-sormano\/#primaryimage\"},\"thumbnailUrl\":\"https:\/\/www.cyclosouvenir.be\/wp-content\/uploads\/2024\/04\/Muro_di_Sormano_Sormano.png\",\"datePublished\":\"2024-04-15T11:55:35+00:00\",\"dateModified\":\"2025-07-13T09:21:16+00:00\",\"breadcrumb\":{\"@id\":\"https:\/\/www.cyclosouvenir.be\/fr\/produit\/muro-di-sormano-sormano\/#breadcrumb\"},\"inLanguage\":\"fr-FR\",\"potentialAction\":[{\"@type\":\"ReadAction\",\"target\":[\"https:\/\/www.cyclosouvenir.be\/fr\/produit\/muro-di-sormano-sormano\/\"]}]},{\"@type\":\"ImageObject\",\"inLanguage\":\"fr-FR\",\"@id\":\"https:\/\/www.cyclosouvenir.be\/fr\/produit\/muro-di-sormano-sormano\/#primaryimage\",\"url\":\"https:\/\/www.cyclosouvenir.be\/wp-content\/uploads\/2024\/04\/Muro_di_Sormano_Sormano.png\",\"contentUrl\":\"https:\/\/www.cyclosouvenir.be\/wp-content\/uploads\/2024\/04\/Muro_di_Sormano_Sormano.png\",\"width\":250,\"height\":300},{\"@type\":\"BreadcrumbList\",\"@id\":\"https:\/\/www.cyclosouvenir.be\/fr\/produit\/muro-di-sormano-sormano\/#breadcrumb\",\"itemListElement\":[{\"@type\":\"ListItem\",\"position\":1,\"name\":\"Home\",\"item\":\"https:\/\/www.cyclosouvenir.be\/fr\/\"},{\"@type\":\"ListItem\",\"position\":2,\"name\":\"Boutique\",\"item\":\"https:\/\/www.cyclosouvenir.be\/fr\/boutique\/\"},{\"@type\":\"ListItem\",\"position\":3,\"name\":\"Muro di Sormano &#8211; Sormano\"}]},{\"@type\":\"WebSite\",\"@id\":\"https:\/\/www.cyclosouvenir.be\/fr\/#website\",\"url\":\"https:\/\/www.cyclosouvenir.be\/fr\/\",\"name\":\"Cyclosouvenir\",\"description\":\"De trofee voor een memorabele beklimming.\",\"publisher\":{\"@id\":\"https:\/\/www.cyclosouvenir.be\/fr\/#organization\"},\"potentialAction\":[{\"@type\":\"SearchAction\",\"target\":{\"@type\":\"EntryPoint\",\"urlTemplate\":\"https:\/\/www.cyclosouvenir.be\/fr\/?s={search_term_string}\"},\"query-input\":{\"@type\":\"PropertyValueSpecification\",\"valueRequired\":true,\"valueName\":\"search_term_string\"}}],\"inLanguage\":\"fr-FR\"},{\"@type\":\"Organization\",\"@id\":\"https:\/\/www.cyclosouvenir.be\/fr\/#organization\",\"name\":\"Cyclosouvenir\",\"url\":\"https:\/\/www.cyclosouvenir.be\/fr\/\",\"logo\":{\"@type\":\"ImageObject\",\"inLanguage\":\"fr-FR\",\"@id\":\"https:\/\/www.cyclosouvenir.be\/fr\/#\/schema\/logo\/image\/\",\"url\":\"https:\/\/www.cyclosouvenir.be\/wp-content\/uploads\/2024\/02\/Cyclosouvenir_Banner-removebg-preview.png\",\"contentUrl\":\"https:\/\/www.cyclosouvenir.be\/wp-content\/uploads\/2024\/02\/Cyclosouvenir_Banner-removebg-preview.png\",\"width\":997,\"height\":250,\"caption\":\"Cyclosouvenir\"},\"image\":{\"@id\":\"https:\/\/www.cyclosouvenir.be\/fr\/#\/schema\/logo\/image\/\"}}]}<\/script>\n<!-- \/ Yoast SEO plugin. -->","yoast_head_json":{"title":"Muro di Sormano - Sormano - Cyclosouvenir","robots":{"index":"index","follow":"follow","max-snippet":"max-snippet:-1","max-image-preview":"max-image-preview:large","max-video-preview":"max-video-preview:-1"},"canonical":"https:\/\/www.cyclosouvenir.be\/fr\/produit\/muro-di-sormano-sormano\/","og_locale":"fr_FR","og_type":"article","og_title":"Muro di Sormano - Sormano - Cyclosouvenir","og_description":"Le mur de Sormano (en italien : Muro di Sormano) est une pente situ\u00e9e dans la commune lombarde de Sormano en Italie. Il s'agit de la derni\u00e8re partie de la route, la plus raide, qui passe par le col de Colma di Sormano, o\u00f9 la SP-44 prend un virage \u00e0 l'ext\u00e9rieur. Le mur est donc un raccourci qui passe juste \u00e0 c\u00f4t\u00e9 du sommet de 1124 m\u00e8tres. Il quitte la SP-44 \u00e0 une altitude de 820 m\u00e8tres, atteint son point culminant \u00e0 1105 m\u00e8tres, puis rejoint la SP-44 \u00e0 une altitude de 1016 m\u00e8tres. La chauss\u00e9e a \u00e9t\u00e9 asphalt\u00e9e en 2006 et la circulation automobile y est interdite depuis lors. Source : Wikipedia","og_url":"https:\/\/www.cyclosouvenir.be\/fr\/produit\/muro-di-sormano-sormano\/","og_site_name":"Cyclosouvenir","article_modified_time":"2025-07-13T09:21:16+00:00","og_image":[{"width":250,"height":300,"url":"https:\/\/www.cyclosouvenir.be\/wp-content\/uploads\/2024\/04\/Muro_di_Sormano_Sormano.png","type":"image\/png"}],"twitter_card":"summary_large_image","schema":{"@context":"https:\/\/schema.org","@graph":[{"@type":"WebPage","@id":"https:\/\/www.cyclosouvenir.be\/fr\/produit\/muro-di-sormano-sormano\/","url":"https:\/\/www.cyclosouvenir.be\/fr\/produit\/muro-di-sormano-sormano\/","name":"Muro di Sormano - Sormano - Cyclosouvenir","isPartOf":{"@id":"https:\/\/www.cyclosouvenir.be\/fr\/#website"},"primaryImageOfPage":{"@id":"https:\/\/www.cyclosouvenir.be\/fr\/produit\/muro-di-sormano-sormano\/#primaryimage"},"image":{"@id":"https:\/\/www.cyclosouvenir.be\/fr\/produit\/muro-di-sormano-sormano\/#primaryimage"},"thumbnailUrl":"https:\/\/www.cyclosouvenir.be\/wp-content\/uploads\/2024\/04\/Muro_di_Sormano_Sormano.png","datePublished":"2024-04-15T11:55:35+00:00","dateModified":"2025-07-13T09:21:16+00:00","breadcrumb":{"@id":"https:\/\/www.cyclosouvenir.be\/fr\/produit\/muro-di-sormano-sormano\/#breadcrumb"},"inLanguage":"fr-FR","potentialAction":[{"@type":"ReadAction","target":["https:\/\/www.cyclosouvenir.be\/fr\/produit\/muro-di-sormano-sormano\/"]}]},{"@type":"ImageObject","inLanguage":"fr-FR","@id":"https:\/\/www.cyclosouvenir.be\/fr\/produit\/muro-di-sormano-sormano\/#primaryimage","url":"https:\/\/www.cyclosouvenir.be\/wp-content\/uploads\/2024\/04\/Muro_di_Sormano_Sormano.png","contentUrl":"https:\/\/www.cyclosouvenir.be\/wp-content\/uploads\/2024\/04\/Muro_di_Sormano_Sormano.png","width":250,"height":300},{"@type":"BreadcrumbList","@id":"https:\/\/www.cyclosouvenir.be\/fr\/produit\/muro-di-sormano-sormano\/#breadcrumb","itemListElement":[{"@type":"ListItem","position":1,"name":"Home","item":"https:\/\/www.cyclosouvenir.be\/fr\/"},{"@type":"ListItem","position":2,"name":"Boutique","item":"https:\/\/www.cyclosouvenir.be\/fr\/boutique\/"},{"@type":"ListItem","position":3,"name":"Muro di Sormano &#8211; Sormano"}]},{"@type":"WebSite","@id":"https:\/\/www.cyclosouvenir.be\/fr\/#website","url":"https:\/\/www.cyclosouvenir.be\/fr\/","name":"Cyclosouvenir","description":"De trofee voor een memorabele beklimming.","publisher":{"@id":"https:\/\/www.cyclosouvenir.be\/fr\/#organization"},"potentialAction":[{"@type":"SearchAction","target":{"@type":"EntryPoint","urlTemplate":"https:\/\/www.cyclosouvenir.be\/fr\/?s={search_term_string}"},"query-input":{"@type":"PropertyValueSpecification","valueRequired":true,"valueName":"search_term_string"}}],"inLanguage":"fr-FR"},{"@type":"Organization","@id":"https:\/\/www.cyclosouvenir.be\/fr\/#organization","name":"Cyclosouvenir","url":"https:\/\/www.cyclosouvenir.be\/fr\/","logo":{"@type":"ImageObject","inLanguage":"fr-FR","@id":"https:\/\/www.cyclosouvenir.be\/fr\/#\/schema\/logo\/image\/","url":"https:\/\/www.cyclosouvenir.be\/wp-content\/uploads\/2024\/02\/Cyclosouvenir_Banner-removebg-preview.png","contentUrl":"https:\/\/www.cyclosouvenir.be\/wp-content\/uploads\/2024\/02\/Cyclosouvenir_Banner-removebg-preview.png","width":997,"height":250,"caption":"Cyclosouvenir"},"image":{"@id":"https:\/\/www.cyclosouvenir.be\/fr\/#\/schema\/logo\/image\/"}}]}},"_links":{"self":[{"href":"https:\/\/www.cyclosouvenir.be\/fr\/wp-json\/wp\/v2\/product\/12259","targetHints":{"allow":["GET"]}}],"collection":[{"href":"https:\/\/www.cyclosouvenir.be\/fr\/wp-json\/wp\/v2\/product"}],"about":[{"href":"https:\/\/www.cyclosouvenir.be\/fr\/wp-json\/wp\/v2\/types\/product"}],"replies":[{"embeddable":true,"href":"https:\/\/www.cyclosouvenir.be\/fr\/wp-json\/wp\/v2\/comments?post=12259"}],"wp:featuredmedia":[{"embeddable":true,"href":"https:\/\/www.cyclosouvenir.be\/fr\/wp-json\/wp\/v2\/media\/12256"}],"wp:attachment":[{"href":"https:\/\/www.cyclosouvenir.be\/fr\/wp-json\/wp\/v2\/media?parent=12259"}],"wp:term":[{"taxonomy":"product_brand","embeddable":true,"href":"https:\/\/www.cyclosouvenir.be\/fr\/wp-json\/wp\/v2\/product_brand?post=12259"},{"taxonomy":"product_cat","embeddable":true,"href":"https:\/\/www.cyclosouvenir.be\/fr\/wp-json\/wp\/v2\/product_cat?post=12259"},{"taxonomy":"product_tag","embeddable":true,"href":"https:\/\/www.cyclosouvenir.be\/fr\/wp-json\/wp\/v2\/product_tag?post=12259"}],"curies":[{"name":"wp","href":"https:\/\/api.w.org\/{rel}","templated":true}]}}