{"id":12291,"date":"2024-04-18T14:12:50","date_gmt":"2024-04-18T14:12:50","guid":{"rendered":"https:\/\/demo9.inetproductions.be\/product\/col-de-st-ignace-la-rhune-ascain\/"},"modified":"2025-07-13T09:22:41","modified_gmt":"2025-07-13T09:22:41","slug":"col-de-st-ignace-la-rhune-ascain","status":"publish","type":"product","link":"https:\/\/www.cyclosouvenir.be\/fr\/produit\/col-de-st-ignace-la-rhune-ascain\/","title":{"rendered":"Col de St Ignace La Rhune &#8211; Ascain"},"content":{"rendered":"","protected":false},"excerpt":{"rendered":"<p>Le col de Saint-Ignace (San Inazio mendatea en basque) est situ\u00e9 dans les Pyr\u00e9n\u00e9es-Atlantiques, en France, \u00e0 une altitude de 169 m\u00e8tres.<\/p>\n<p>C&rsquo;est le premier col \u00e0 gravir sur la route des cols par l&rsquo;ouest et il ne pr\u00e9sente pas de difficult\u00e9s majeures pour les cyclistes.<br \/>\nC&rsquo;est le point de d\u00e9part des randonn\u00e9es vers la fronti\u00e8re de La Rhune (900 m).<br \/>\nC&rsquo;est aussi le point de d\u00e9part du chemin de fer de la Rhune. La gare \u00e9tait auparavant desservie par la ligne Saint-Jean-de-Luz-Sare du r\u00e9seau VFDM basque. Source : Wikipedia<\/p>\n","protected":false},"featured_media":10818,"comment_status":"open","ping_status":"closed","template":"","meta":{"_et_pb_use_builder":"","_et_pb_old_content":"","_et_gb_content_width":""},"product_brand":[],"product_cat":[3503,3560,306],"product_tag":[],"class_list":{"0":"post-12291","1":"product","2":"type-product","3":"status-publish","4":"has-post-thumbnail","6":"product_cat-france-fr-2","7":"product_cat-les-pyrenees","8":"product_cat-bornes","9":"tm-has-options","11":"first","12":"instock","13":"taxable","14":"shipping-taxable","15":"purchasable","16":"product-type-simple"},"yoast_head":"<!-- This site is optimized with the Yoast SEO plugin v26.2 - https:\/\/yoast.com\/wordpress\/plugins\/seo\/ -->\n<title>Col de St Ignace La Rhune - Ascain - Cyclosouvenir<\/title>\n<meta name=\"robots\" content=\"index, follow, max-snippet:-1, max-image-preview:large, max-video-preview:-1\" \/>\n<link rel=\"canonical\" href=\"https:\/\/www.cyclosouvenir.be\/fr\/produit\/col-de-st-ignace-la-rhune-ascain\/\" \/>\n<meta property=\"og:locale\" content=\"fr_FR\" \/>\n<meta property=\"og:type\" content=\"article\" \/>\n<meta property=\"og:title\" content=\"Col de St Ignace La Rhune - Ascain - Cyclosouvenir\" \/>\n<meta property=\"og:description\" content=\"Le col de Saint-Ignace (San Inazio mendatea en basque) est situ\u00e9 dans les Pyr\u00e9n\u00e9es-Atlantiques, en France, \u00e0 une altitude de 169 m\u00e8tres. C&#039;est le premier col \u00e0 gravir sur la route des cols par l&#039;ouest et il ne pr\u00e9sente pas de difficult\u00e9s majeures pour les cyclistes. C&#039;est le point de d\u00e9part des randonn\u00e9es vers la fronti\u00e8re de La Rhune (900 m). C&#039;est aussi le point de d\u00e9part du chemin de fer de la Rhune. La gare \u00e9tait auparavant desservie par la ligne Saint-Jean-de-Luz-Sare du r\u00e9seau VFDM basque. Source : Wikipedia\" \/>\n<meta property=\"og:url\" content=\"https:\/\/www.cyclosouvenir.be\/fr\/produit\/col-de-st-ignace-la-rhune-ascain\/\" \/>\n<meta property=\"og:site_name\" content=\"Cyclosouvenir\" \/>\n<meta property=\"article:modified_time\" content=\"2025-07-13T09:22:41+00:00\" \/>\n<meta property=\"og:image\" content=\"https:\/\/www.cyclosouvenir.be\/wp-content\/uploads\/2024\/02\/Col_de_St_Ignace_Ascain_La_Rhune_1924.png\" \/>\n\t<meta property=\"og:image:width\" content=\"250\" \/>\n\t<meta property=\"og:image:height\" content=\"300\" \/>\n\t<meta property=\"og:image:type\" content=\"image\/png\" \/>\n<meta name=\"twitter:card\" content=\"summary_large_image\" \/>\n<script type=\"application\/ld+json\" class=\"yoast-schema-graph\">{\"@context\":\"https:\/\/schema.org\",\"@graph\":[{\"@type\":\"WebPage\",\"@id\":\"https:\/\/www.cyclosouvenir.be\/fr\/produit\/col-de-st-ignace-la-rhune-ascain\/\",\"url\":\"https:\/\/www.cyclosouvenir.be\/fr\/produit\/col-de-st-ignace-la-rhune-ascain\/\",\"name\":\"Col de St Ignace La Rhune - Ascain - Cyclosouvenir\",\"isPartOf\":{\"@id\":\"https:\/\/www.cyclosouvenir.be\/fr\/#website\"},\"primaryImageOfPage\":{\"@id\":\"https:\/\/www.cyclosouvenir.be\/fr\/produit\/col-de-st-ignace-la-rhune-ascain\/#primaryimage\"},\"image\":{\"@id\":\"https:\/\/www.cyclosouvenir.be\/fr\/produit\/col-de-st-ignace-la-rhune-ascain\/#primaryimage\"},\"thumbnailUrl\":\"https:\/\/www.cyclosouvenir.be\/wp-content\/uploads\/2024\/02\/Col_de_St_Ignace_Ascain_La_Rhune_1924.png\",\"datePublished\":\"2024-04-18T14:12:50+00:00\",\"dateModified\":\"2025-07-13T09:22:41+00:00\",\"breadcrumb\":{\"@id\":\"https:\/\/www.cyclosouvenir.be\/fr\/produit\/col-de-st-ignace-la-rhune-ascain\/#breadcrumb\"},\"inLanguage\":\"fr-FR\",\"potentialAction\":[{\"@type\":\"ReadAction\",\"target\":[\"https:\/\/www.cyclosouvenir.be\/fr\/produit\/col-de-st-ignace-la-rhune-ascain\/\"]}]},{\"@type\":\"ImageObject\",\"inLanguage\":\"fr-FR\",\"@id\":\"https:\/\/www.cyclosouvenir.be\/fr\/produit\/col-de-st-ignace-la-rhune-ascain\/#primaryimage\",\"url\":\"https:\/\/www.cyclosouvenir.be\/wp-content\/uploads\/2024\/02\/Col_de_St_Ignace_Ascain_La_Rhune_1924.png\",\"contentUrl\":\"https:\/\/www.cyclosouvenir.be\/wp-content\/uploads\/2024\/02\/Col_de_St_Ignace_Ascain_La_Rhune_1924.png\",\"width\":250,\"height\":300},{\"@type\":\"BreadcrumbList\",\"@id\":\"https:\/\/www.cyclosouvenir.be\/fr\/produit\/col-de-st-ignace-la-rhune-ascain\/#breadcrumb\",\"itemListElement\":[{\"@type\":\"ListItem\",\"position\":1,\"name\":\"Home\",\"item\":\"https:\/\/www.cyclosouvenir.be\/fr\/\"},{\"@type\":\"ListItem\",\"position\":2,\"name\":\"Boutique\",\"item\":\"https:\/\/www.cyclosouvenir.be\/fr\/boutique\/\"},{\"@type\":\"ListItem\",\"position\":3,\"name\":\"Col de St Ignace La Rhune &#8211; Ascain\"}]},{\"@type\":\"WebSite\",\"@id\":\"https:\/\/www.cyclosouvenir.be\/fr\/#website\",\"url\":\"https:\/\/www.cyclosouvenir.be\/fr\/\",\"name\":\"Cyclosouvenir\",\"description\":\"De trofee voor een memorabele beklimming.\",\"publisher\":{\"@id\":\"https:\/\/www.cyclosouvenir.be\/fr\/#organization\"},\"potentialAction\":[{\"@type\":\"SearchAction\",\"target\":{\"@type\":\"EntryPoint\",\"urlTemplate\":\"https:\/\/www.cyclosouvenir.be\/fr\/?s={search_term_string}\"},\"query-input\":{\"@type\":\"PropertyValueSpecification\",\"valueRequired\":true,\"valueName\":\"search_term_string\"}}],\"inLanguage\":\"fr-FR\"},{\"@type\":\"Organization\",\"@id\":\"https:\/\/www.cyclosouvenir.be\/fr\/#organization\",\"name\":\"Cyclosouvenir\",\"url\":\"https:\/\/www.cyclosouvenir.be\/fr\/\",\"logo\":{\"@type\":\"ImageObject\",\"inLanguage\":\"fr-FR\",\"@id\":\"https:\/\/www.cyclosouvenir.be\/fr\/#\/schema\/logo\/image\/\",\"url\":\"https:\/\/www.cyclosouvenir.be\/wp-content\/uploads\/2024\/02\/Cyclosouvenir_Banner-removebg-preview.png\",\"contentUrl\":\"https:\/\/www.cyclosouvenir.be\/wp-content\/uploads\/2024\/02\/Cyclosouvenir_Banner-removebg-preview.png\",\"width\":997,\"height\":250,\"caption\":\"Cyclosouvenir\"},\"image\":{\"@id\":\"https:\/\/www.cyclosouvenir.be\/fr\/#\/schema\/logo\/image\/\"}}]}<\/script>\n<!-- \/ Yoast SEO plugin. -->","yoast_head_json":{"title":"Col de St Ignace La Rhune - Ascain - Cyclosouvenir","robots":{"index":"index","follow":"follow","max-snippet":"max-snippet:-1","max-image-preview":"max-image-preview:large","max-video-preview":"max-video-preview:-1"},"canonical":"https:\/\/www.cyclosouvenir.be\/fr\/produit\/col-de-st-ignace-la-rhune-ascain\/","og_locale":"fr_FR","og_type":"article","og_title":"Col de St Ignace La Rhune - Ascain - Cyclosouvenir","og_description":"Le col de Saint-Ignace (San Inazio mendatea en basque) est situ\u00e9 dans les Pyr\u00e9n\u00e9es-Atlantiques, en France, \u00e0 une altitude de 169 m\u00e8tres. C'est le premier col \u00e0 gravir sur la route des cols par l'ouest et il ne pr\u00e9sente pas de difficult\u00e9s majeures pour les cyclistes. C'est le point de d\u00e9part des randonn\u00e9es vers la fronti\u00e8re de La Rhune (900 m). C'est aussi le point de d\u00e9part du chemin de fer de la Rhune. La gare \u00e9tait auparavant desservie par la ligne Saint-Jean-de-Luz-Sare du r\u00e9seau VFDM basque. Source : Wikipedia","og_url":"https:\/\/www.cyclosouvenir.be\/fr\/produit\/col-de-st-ignace-la-rhune-ascain\/","og_site_name":"Cyclosouvenir","article_modified_time":"2025-07-13T09:22:41+00:00","og_image":[{"width":250,"height":300,"url":"https:\/\/www.cyclosouvenir.be\/wp-content\/uploads\/2024\/02\/Col_de_St_Ignace_Ascain_La_Rhune_1924.png","type":"image\/png"}],"twitter_card":"summary_large_image","schema":{"@context":"https:\/\/schema.org","@graph":[{"@type":"WebPage","@id":"https:\/\/www.cyclosouvenir.be\/fr\/produit\/col-de-st-ignace-la-rhune-ascain\/","url":"https:\/\/www.cyclosouvenir.be\/fr\/produit\/col-de-st-ignace-la-rhune-ascain\/","name":"Col de St Ignace La Rhune - Ascain - Cyclosouvenir","isPartOf":{"@id":"https:\/\/www.cyclosouvenir.be\/fr\/#website"},"primaryImageOfPage":{"@id":"https:\/\/www.cyclosouvenir.be\/fr\/produit\/col-de-st-ignace-la-rhune-ascain\/#primaryimage"},"image":{"@id":"https:\/\/www.cyclosouvenir.be\/fr\/produit\/col-de-st-ignace-la-rhune-ascain\/#primaryimage"},"thumbnailUrl":"https:\/\/www.cyclosouvenir.be\/wp-content\/uploads\/2024\/02\/Col_de_St_Ignace_Ascain_La_Rhune_1924.png","datePublished":"2024-04-18T14:12:50+00:00","dateModified":"2025-07-13T09:22:41+00:00","breadcrumb":{"@id":"https:\/\/www.cyclosouvenir.be\/fr\/produit\/col-de-st-ignace-la-rhune-ascain\/#breadcrumb"},"inLanguage":"fr-FR","potentialAction":[{"@type":"ReadAction","target":["https:\/\/www.cyclosouvenir.be\/fr\/produit\/col-de-st-ignace-la-rhune-ascain\/"]}]},{"@type":"ImageObject","inLanguage":"fr-FR","@id":"https:\/\/www.cyclosouvenir.be\/fr\/produit\/col-de-st-ignace-la-rhune-ascain\/#primaryimage","url":"https:\/\/www.cyclosouvenir.be\/wp-content\/uploads\/2024\/02\/Col_de_St_Ignace_Ascain_La_Rhune_1924.png","contentUrl":"https:\/\/www.cyclosouvenir.be\/wp-content\/uploads\/2024\/02\/Col_de_St_Ignace_Ascain_La_Rhune_1924.png","width":250,"height":300},{"@type":"BreadcrumbList","@id":"https:\/\/www.cyclosouvenir.be\/fr\/produit\/col-de-st-ignace-la-rhune-ascain\/#breadcrumb","itemListElement":[{"@type":"ListItem","position":1,"name":"Home","item":"https:\/\/www.cyclosouvenir.be\/fr\/"},{"@type":"ListItem","position":2,"name":"Boutique","item":"https:\/\/www.cyclosouvenir.be\/fr\/boutique\/"},{"@type":"ListItem","position":3,"name":"Col de St Ignace La Rhune &#8211; Ascain"}]},{"@type":"WebSite","@id":"https:\/\/www.cyclosouvenir.be\/fr\/#website","url":"https:\/\/www.cyclosouvenir.be\/fr\/","name":"Cyclosouvenir","description":"De trofee voor een memorabele beklimming.","publisher":{"@id":"https:\/\/www.cyclosouvenir.be\/fr\/#organization"},"potentialAction":[{"@type":"SearchAction","target":{"@type":"EntryPoint","urlTemplate":"https:\/\/www.cyclosouvenir.be\/fr\/?s={search_term_string}"},"query-input":{"@type":"PropertyValueSpecification","valueRequired":true,"valueName":"search_term_string"}}],"inLanguage":"fr-FR"},{"@type":"Organization","@id":"https:\/\/www.cyclosouvenir.be\/fr\/#organization","name":"Cyclosouvenir","url":"https:\/\/www.cyclosouvenir.be\/fr\/","logo":{"@type":"ImageObject","inLanguage":"fr-FR","@id":"https:\/\/www.cyclosouvenir.be\/fr\/#\/schema\/logo\/image\/","url":"https:\/\/www.cyclosouvenir.be\/wp-content\/uploads\/2024\/02\/Cyclosouvenir_Banner-removebg-preview.png","contentUrl":"https:\/\/www.cyclosouvenir.be\/wp-content\/uploads\/2024\/02\/Cyclosouvenir_Banner-removebg-preview.png","width":997,"height":250,"caption":"Cyclosouvenir"},"image":{"@id":"https:\/\/www.cyclosouvenir.be\/fr\/#\/schema\/logo\/image\/"}}]}},"_links":{"self":[{"href":"https:\/\/www.cyclosouvenir.be\/fr\/wp-json\/wp\/v2\/product\/12291","targetHints":{"allow":["GET"]}}],"collection":[{"href":"https:\/\/www.cyclosouvenir.be\/fr\/wp-json\/wp\/v2\/product"}],"about":[{"href":"https:\/\/www.cyclosouvenir.be\/fr\/wp-json\/wp\/v2\/types\/product"}],"replies":[{"embeddable":true,"href":"https:\/\/www.cyclosouvenir.be\/fr\/wp-json\/wp\/v2\/comments?post=12291"}],"wp:featuredmedia":[{"embeddable":true,"href":"https:\/\/www.cyclosouvenir.be\/fr\/wp-json\/wp\/v2\/media\/10818"}],"wp:attachment":[{"href":"https:\/\/www.cyclosouvenir.be\/fr\/wp-json\/wp\/v2\/media?parent=12291"}],"wp:term":[{"taxonomy":"product_brand","embeddable":true,"href":"https:\/\/www.cyclosouvenir.be\/fr\/wp-json\/wp\/v2\/product_brand?post=12291"},{"taxonomy":"product_cat","embeddable":true,"href":"https:\/\/www.cyclosouvenir.be\/fr\/wp-json\/wp\/v2\/product_cat?post=12291"},{"taxonomy":"product_tag","embeddable":true,"href":"https:\/\/www.cyclosouvenir.be\/fr\/wp-json\/wp\/v2\/product_tag?post=12291"}],"curies":[{"name":"wp","href":"https:\/\/api.w.org\/{rel}","templated":true}]}}