{"id":12398,"date":"2024-04-20T12:39:07","date_gmt":"2024-04-20T12:39:07","guid":{"rendered":"https:\/\/demo9.inetproductions.be\/product\/col-de-la-couillole-st-sauveur-sur-tinee\/"},"modified":"2025-07-13T09:20:50","modified_gmt":"2025-07-13T09:20:50","slug":"col-de-la-couillole-st-sauveur-sur-tinee","status":"publish","type":"product","link":"https:\/\/www.cyclosouvenir.be\/fr\/produit\/col-de-la-couillole-st-sauveur-sur-tinee\/","title":{"rendered":"Col de la Couillole &#8211; St Sauveur sur Tin\u00e9e"},"content":{"rendered":"","protected":false},"excerpt":{"rendered":"<p>Le col de la Couillole est un col situ\u00e9 \u00e0 1 678 m\u00e8tres d&rsquo;altitude dans les Alpes fran\u00e7aises. Le col se situe dans les Alpes-Maritimes. Sur la D30 entre Roubion et Beuil.<\/p>\n<p>Le col de la Couillole a \u00e9t\u00e9 escalad\u00e9 une fois lors du Tour de France en 1975.<\/p>\n<p>De oostelijke beklimming van de Col wordt met de fiets vaak gestart vanaf Saint-Sauveur-sur-Tin\u00e9e. Il s&rsquo;agit ensuite d&rsquo;une mont\u00e9e de 1168 altim\u00e8tres sur une distance de 16,02 km (7,3%). A l&rsquo;ouest, les d\u00e9parts peuvent se faire \u00e0 <a title=\"Beuil\" href=\"https:\/\/nl.wikipedia.org\/wiki\/Beuil\">Beuil<\/a> o\u00f9 une distance de 7,25 km vous attend avec une pente de 3,3 %. Depuis le sud, les d\u00e9parts peuvent se faire \u00e0 Pont-de-Cians pour une mont\u00e9e de 29,4 km avec une pente de 4,6 %.<\/p>\n","protected":false},"featured_media":12395,"comment_status":"open","ping_status":"closed","template":"","meta":{"_et_pb_use_builder":"","_et_pb_old_content":"","_et_gb_content_width":""},"product_brand":[],"product_cat":[3503,3527,3530,306],"product_tag":[],"class_list":{"0":"post-12398","1":"product","2":"type-product","3":"status-publish","4":"has-post-thumbnail","6":"product_cat-france-fr-2","7":"product_cat-les-alpes-fr","8":"product_cat-alpes-maritimes-fr-2","9":"product_cat-bornes","10":"tm-has-options","12":"first","13":"instock","14":"taxable","15":"shipping-taxable","16":"purchasable","17":"product-type-simple"},"yoast_head":"<!-- This site is optimized with the Yoast SEO plugin v26.2 - https:\/\/yoast.com\/wordpress\/plugins\/seo\/ -->\n<title>Col de la Couillole - St Sauveur sur Tin\u00e9e - Cyclosouvenir<\/title>\n<meta name=\"robots\" content=\"index, follow, max-snippet:-1, max-image-preview:large, max-video-preview:-1\" \/>\n<link rel=\"canonical\" href=\"https:\/\/www.cyclosouvenir.be\/fr\/produit\/col-de-la-couillole-st-sauveur-sur-tinee\/\" \/>\n<meta property=\"og:locale\" content=\"fr_FR\" \/>\n<meta property=\"og:type\" content=\"article\" \/>\n<meta property=\"og:title\" content=\"Col de la Couillole - St Sauveur sur Tin\u00e9e - Cyclosouvenir\" \/>\n<meta property=\"og:description\" content=\"Le col de la Couillole est un col situ\u00e9 \u00e0 1 678 m\u00e8tres d&#039;altitude dans les Alpes fran\u00e7aises. Le col se situe dans les Alpes-Maritimes. Sur la D30 entre Roubion et Beuil. Le col de la Couillole a \u00e9t\u00e9 escalad\u00e9 une fois lors du Tour de France en 1975. De oostelijke beklimming van de Col wordt met de fiets vaak gestart vanaf Saint-Sauveur-sur-Tin\u00e9e. Il s&#039;agit ensuite d&#039;une mont\u00e9e de 1168 altim\u00e8tres sur une distance de 16,02 km (7,3%). A l&#039;ouest, les d\u00e9parts peuvent se faire \u00e0 Beuil o\u00f9 une distance de 7,25 km vous attend avec une pente de 3,3 %. Depuis le sud, les d\u00e9parts peuvent se faire \u00e0 Pont-de-Cians pour une mont\u00e9e de 29,4 km avec une pente de 4,6 %.\" \/>\n<meta property=\"og:url\" content=\"https:\/\/www.cyclosouvenir.be\/fr\/produit\/col-de-la-couillole-st-sauveur-sur-tinee\/\" \/>\n<meta property=\"og:site_name\" content=\"Cyclosouvenir\" \/>\n<meta property=\"article:modified_time\" content=\"2025-07-13T09:20:50+00:00\" \/>\n<meta property=\"og:image\" content=\"https:\/\/www.cyclosouvenir.be\/wp-content\/uploads\/2024\/04\/Col_de_Couillole_St_Saveur_sur_Tinee.png\" \/>\n\t<meta property=\"og:image:width\" content=\"250\" \/>\n\t<meta property=\"og:image:height\" content=\"300\" \/>\n\t<meta property=\"og:image:type\" content=\"image\/png\" \/>\n<meta name=\"twitter:card\" content=\"summary_large_image\" \/>\n<script type=\"application\/ld+json\" class=\"yoast-schema-graph\">{\"@context\":\"https:\/\/schema.org\",\"@graph\":[{\"@type\":\"WebPage\",\"@id\":\"https:\/\/www.cyclosouvenir.be\/fr\/produit\/col-de-la-couillole-st-sauveur-sur-tinee\/\",\"url\":\"https:\/\/www.cyclosouvenir.be\/fr\/produit\/col-de-la-couillole-st-sauveur-sur-tinee\/\",\"name\":\"Col de la Couillole - St Sauveur sur Tin\u00e9e - Cyclosouvenir\",\"isPartOf\":{\"@id\":\"https:\/\/www.cyclosouvenir.be\/fr\/#website\"},\"primaryImageOfPage\":{\"@id\":\"https:\/\/www.cyclosouvenir.be\/fr\/produit\/col-de-la-couillole-st-sauveur-sur-tinee\/#primaryimage\"},\"image\":{\"@id\":\"https:\/\/www.cyclosouvenir.be\/fr\/produit\/col-de-la-couillole-st-sauveur-sur-tinee\/#primaryimage\"},\"thumbnailUrl\":\"https:\/\/www.cyclosouvenir.be\/wp-content\/uploads\/2024\/04\/Col_de_Couillole_St_Saveur_sur_Tinee.png\",\"datePublished\":\"2024-04-20T12:39:07+00:00\",\"dateModified\":\"2025-07-13T09:20:50+00:00\",\"breadcrumb\":{\"@id\":\"https:\/\/www.cyclosouvenir.be\/fr\/produit\/col-de-la-couillole-st-sauveur-sur-tinee\/#breadcrumb\"},\"inLanguage\":\"fr-FR\",\"potentialAction\":[{\"@type\":\"ReadAction\",\"target\":[\"https:\/\/www.cyclosouvenir.be\/fr\/produit\/col-de-la-couillole-st-sauveur-sur-tinee\/\"]}]},{\"@type\":\"ImageObject\",\"inLanguage\":\"fr-FR\",\"@id\":\"https:\/\/www.cyclosouvenir.be\/fr\/produit\/col-de-la-couillole-st-sauveur-sur-tinee\/#primaryimage\",\"url\":\"https:\/\/www.cyclosouvenir.be\/wp-content\/uploads\/2024\/04\/Col_de_Couillole_St_Saveur_sur_Tinee.png\",\"contentUrl\":\"https:\/\/www.cyclosouvenir.be\/wp-content\/uploads\/2024\/04\/Col_de_Couillole_St_Saveur_sur_Tinee.png\",\"width\":250,\"height\":300},{\"@type\":\"BreadcrumbList\",\"@id\":\"https:\/\/www.cyclosouvenir.be\/fr\/produit\/col-de-la-couillole-st-sauveur-sur-tinee\/#breadcrumb\",\"itemListElement\":[{\"@type\":\"ListItem\",\"position\":1,\"name\":\"Home\",\"item\":\"https:\/\/www.cyclosouvenir.be\/fr\/\"},{\"@type\":\"ListItem\",\"position\":2,\"name\":\"Boutique\",\"item\":\"https:\/\/www.cyclosouvenir.be\/fr\/boutique\/\"},{\"@type\":\"ListItem\",\"position\":3,\"name\":\"Col de la Couillole &#8211; St Sauveur sur Tin\u00e9e\"}]},{\"@type\":\"WebSite\",\"@id\":\"https:\/\/www.cyclosouvenir.be\/fr\/#website\",\"url\":\"https:\/\/www.cyclosouvenir.be\/fr\/\",\"name\":\"Cyclosouvenir\",\"description\":\"De trofee voor een memorabele beklimming.\",\"publisher\":{\"@id\":\"https:\/\/www.cyclosouvenir.be\/fr\/#organization\"},\"potentialAction\":[{\"@type\":\"SearchAction\",\"target\":{\"@type\":\"EntryPoint\",\"urlTemplate\":\"https:\/\/www.cyclosouvenir.be\/fr\/?s={search_term_string}\"},\"query-input\":{\"@type\":\"PropertyValueSpecification\",\"valueRequired\":true,\"valueName\":\"search_term_string\"}}],\"inLanguage\":\"fr-FR\"},{\"@type\":\"Organization\",\"@id\":\"https:\/\/www.cyclosouvenir.be\/fr\/#organization\",\"name\":\"Cyclosouvenir\",\"url\":\"https:\/\/www.cyclosouvenir.be\/fr\/\",\"logo\":{\"@type\":\"ImageObject\",\"inLanguage\":\"fr-FR\",\"@id\":\"https:\/\/www.cyclosouvenir.be\/fr\/#\/schema\/logo\/image\/\",\"url\":\"https:\/\/www.cyclosouvenir.be\/wp-content\/uploads\/2024\/02\/Cyclosouvenir_Banner-removebg-preview.png\",\"contentUrl\":\"https:\/\/www.cyclosouvenir.be\/wp-content\/uploads\/2024\/02\/Cyclosouvenir_Banner-removebg-preview.png\",\"width\":997,\"height\":250,\"caption\":\"Cyclosouvenir\"},\"image\":{\"@id\":\"https:\/\/www.cyclosouvenir.be\/fr\/#\/schema\/logo\/image\/\"}}]}<\/script>\n<!-- \/ Yoast SEO plugin. -->","yoast_head_json":{"title":"Col de la Couillole - St Sauveur sur Tin\u00e9e - Cyclosouvenir","robots":{"index":"index","follow":"follow","max-snippet":"max-snippet:-1","max-image-preview":"max-image-preview:large","max-video-preview":"max-video-preview:-1"},"canonical":"https:\/\/www.cyclosouvenir.be\/fr\/produit\/col-de-la-couillole-st-sauveur-sur-tinee\/","og_locale":"fr_FR","og_type":"article","og_title":"Col de la Couillole - St Sauveur sur Tin\u00e9e - Cyclosouvenir","og_description":"Le col de la Couillole est un col situ\u00e9 \u00e0 1 678 m\u00e8tres d'altitude dans les Alpes fran\u00e7aises. Le col se situe dans les Alpes-Maritimes. Sur la D30 entre Roubion et Beuil. Le col de la Couillole a \u00e9t\u00e9 escalad\u00e9 une fois lors du Tour de France en 1975. De oostelijke beklimming van de Col wordt met de fiets vaak gestart vanaf Saint-Sauveur-sur-Tin\u00e9e. Il s'agit ensuite d'une mont\u00e9e de 1168 altim\u00e8tres sur une distance de 16,02 km (7,3%). A l'ouest, les d\u00e9parts peuvent se faire \u00e0 Beuil o\u00f9 une distance de 7,25 km vous attend avec une pente de 3,3 %. Depuis le sud, les d\u00e9parts peuvent se faire \u00e0 Pont-de-Cians pour une mont\u00e9e de 29,4 km avec une pente de 4,6 %.","og_url":"https:\/\/www.cyclosouvenir.be\/fr\/produit\/col-de-la-couillole-st-sauveur-sur-tinee\/","og_site_name":"Cyclosouvenir","article_modified_time":"2025-07-13T09:20:50+00:00","og_image":[{"width":250,"height":300,"url":"https:\/\/www.cyclosouvenir.be\/wp-content\/uploads\/2024\/04\/Col_de_Couillole_St_Saveur_sur_Tinee.png","type":"image\/png"}],"twitter_card":"summary_large_image","schema":{"@context":"https:\/\/schema.org","@graph":[{"@type":"WebPage","@id":"https:\/\/www.cyclosouvenir.be\/fr\/produit\/col-de-la-couillole-st-sauveur-sur-tinee\/","url":"https:\/\/www.cyclosouvenir.be\/fr\/produit\/col-de-la-couillole-st-sauveur-sur-tinee\/","name":"Col de la Couillole - St Sauveur sur Tin\u00e9e - Cyclosouvenir","isPartOf":{"@id":"https:\/\/www.cyclosouvenir.be\/fr\/#website"},"primaryImageOfPage":{"@id":"https:\/\/www.cyclosouvenir.be\/fr\/produit\/col-de-la-couillole-st-sauveur-sur-tinee\/#primaryimage"},"image":{"@id":"https:\/\/www.cyclosouvenir.be\/fr\/produit\/col-de-la-couillole-st-sauveur-sur-tinee\/#primaryimage"},"thumbnailUrl":"https:\/\/www.cyclosouvenir.be\/wp-content\/uploads\/2024\/04\/Col_de_Couillole_St_Saveur_sur_Tinee.png","datePublished":"2024-04-20T12:39:07+00:00","dateModified":"2025-07-13T09:20:50+00:00","breadcrumb":{"@id":"https:\/\/www.cyclosouvenir.be\/fr\/produit\/col-de-la-couillole-st-sauveur-sur-tinee\/#breadcrumb"},"inLanguage":"fr-FR","potentialAction":[{"@type":"ReadAction","target":["https:\/\/www.cyclosouvenir.be\/fr\/produit\/col-de-la-couillole-st-sauveur-sur-tinee\/"]}]},{"@type":"ImageObject","inLanguage":"fr-FR","@id":"https:\/\/www.cyclosouvenir.be\/fr\/produit\/col-de-la-couillole-st-sauveur-sur-tinee\/#primaryimage","url":"https:\/\/www.cyclosouvenir.be\/wp-content\/uploads\/2024\/04\/Col_de_Couillole_St_Saveur_sur_Tinee.png","contentUrl":"https:\/\/www.cyclosouvenir.be\/wp-content\/uploads\/2024\/04\/Col_de_Couillole_St_Saveur_sur_Tinee.png","width":250,"height":300},{"@type":"BreadcrumbList","@id":"https:\/\/www.cyclosouvenir.be\/fr\/produit\/col-de-la-couillole-st-sauveur-sur-tinee\/#breadcrumb","itemListElement":[{"@type":"ListItem","position":1,"name":"Home","item":"https:\/\/www.cyclosouvenir.be\/fr\/"},{"@type":"ListItem","position":2,"name":"Boutique","item":"https:\/\/www.cyclosouvenir.be\/fr\/boutique\/"},{"@type":"ListItem","position":3,"name":"Col de la Couillole &#8211; St Sauveur sur Tin\u00e9e"}]},{"@type":"WebSite","@id":"https:\/\/www.cyclosouvenir.be\/fr\/#website","url":"https:\/\/www.cyclosouvenir.be\/fr\/","name":"Cyclosouvenir","description":"De trofee voor een memorabele beklimming.","publisher":{"@id":"https:\/\/www.cyclosouvenir.be\/fr\/#organization"},"potentialAction":[{"@type":"SearchAction","target":{"@type":"EntryPoint","urlTemplate":"https:\/\/www.cyclosouvenir.be\/fr\/?s={search_term_string}"},"query-input":{"@type":"PropertyValueSpecification","valueRequired":true,"valueName":"search_term_string"}}],"inLanguage":"fr-FR"},{"@type":"Organization","@id":"https:\/\/www.cyclosouvenir.be\/fr\/#organization","name":"Cyclosouvenir","url":"https:\/\/www.cyclosouvenir.be\/fr\/","logo":{"@type":"ImageObject","inLanguage":"fr-FR","@id":"https:\/\/www.cyclosouvenir.be\/fr\/#\/schema\/logo\/image\/","url":"https:\/\/www.cyclosouvenir.be\/wp-content\/uploads\/2024\/02\/Cyclosouvenir_Banner-removebg-preview.png","contentUrl":"https:\/\/www.cyclosouvenir.be\/wp-content\/uploads\/2024\/02\/Cyclosouvenir_Banner-removebg-preview.png","width":997,"height":250,"caption":"Cyclosouvenir"},"image":{"@id":"https:\/\/www.cyclosouvenir.be\/fr\/#\/schema\/logo\/image\/"}}]}},"_links":{"self":[{"href":"https:\/\/www.cyclosouvenir.be\/fr\/wp-json\/wp\/v2\/product\/12398","targetHints":{"allow":["GET"]}}],"collection":[{"href":"https:\/\/www.cyclosouvenir.be\/fr\/wp-json\/wp\/v2\/product"}],"about":[{"href":"https:\/\/www.cyclosouvenir.be\/fr\/wp-json\/wp\/v2\/types\/product"}],"replies":[{"embeddable":true,"href":"https:\/\/www.cyclosouvenir.be\/fr\/wp-json\/wp\/v2\/comments?post=12398"}],"wp:featuredmedia":[{"embeddable":true,"href":"https:\/\/www.cyclosouvenir.be\/fr\/wp-json\/wp\/v2\/media\/12395"}],"wp:attachment":[{"href":"https:\/\/www.cyclosouvenir.be\/fr\/wp-json\/wp\/v2\/media?parent=12398"}],"wp:term":[{"taxonomy":"product_brand","embeddable":true,"href":"https:\/\/www.cyclosouvenir.be\/fr\/wp-json\/wp\/v2\/product_brand?post=12398"},{"taxonomy":"product_cat","embeddable":true,"href":"https:\/\/www.cyclosouvenir.be\/fr\/wp-json\/wp\/v2\/product_cat?post=12398"},{"taxonomy":"product_tag","embeddable":true,"href":"https:\/\/www.cyclosouvenir.be\/fr\/wp-json\/wp\/v2\/product_tag?post=12398"}],"curies":[{"name":"wp","href":"https:\/\/api.w.org\/{rel}","templated":true}]}}