{"id":14875,"date":"2025-04-29T14:20:01","date_gmt":"2025-04-29T14:20:01","guid":{"rendered":"https:\/\/www.cyclosouvenir.be\/product\/cap-de-formentor-port-de-pollenca\/"},"modified":"2025-04-29T14:29:48","modified_gmt":"2025-04-29T14:29:48","slug":"cap-de-formentor-port-de-pollenca","status":"publish","type":"product","link":"https:\/\/www.cyclosouvenir.be\/fr\/produit\/cap-de-formentor-port-de-pollenca\/","title":{"rendered":"Cap de Formentor &#8211; Port de Pollen\u00e7a"},"content":{"rendered":"","protected":false},"excerpt":{"rendered":"<p>Le Cap de Formentor (prononc\u00e9 en catalan : [\u02c8kab d\u0259 fo\u027em\u0259n\u02c8to]) est le point le plus septentrional de Majorque, sur la p\u00e9ninsule de Formentor.<\/p>\n<p>Le Cap de Formentor est situ\u00e9 \u00e0 l&rsquo;extr\u00eame nord de l&rsquo;\u00eele de Majorque, dans les Bal\u00e9ares, en Espagne. Son point culminant, le Fumart, se trouve \u00e0 384 m\u00e8tres au-dessus du niveau de la mer. <\/p>\n<p>Elle poss\u00e8de de nombreuses criques associ\u00e9es, notamment Cala Figuera, Cala Murta et Cala Pi de la Posada.<\/p>\n<p>Les Majorquins appellent \u00e9galement le cap le point de rencontre des vents. Source : Wikipedia<\/p>\n","protected":false},"featured_media":14868,"comment_status":"open","ping_status":"closed","template":"","meta":{"_et_pb_use_builder":"","_et_pb_old_content":"","_et_gb_content_width":""},"product_brand":[],"product_cat":[306,2595,3581],"product_tag":[],"class_list":{"0":"post-14875","1":"product","2":"type-product","3":"status-publish","4":"has-post-thumbnail","6":"product_cat-bornes","7":"product_cat-espagne","8":"product_cat-mallorca-fr-2","9":"tm-has-options","11":"first","12":"instock","13":"taxable","14":"shipping-taxable","15":"purchasable","16":"product-type-simple"},"yoast_head":"<!-- This site is optimized with the Yoast SEO plugin v26.2 - https:\/\/yoast.com\/wordpress\/plugins\/seo\/ -->\n<title>Cap de Formentor - Port de Pollen\u00e7a - Cyclosouvenir<\/title>\n<meta name=\"robots\" content=\"index, follow, max-snippet:-1, max-image-preview:large, max-video-preview:-1\" \/>\n<link rel=\"canonical\" href=\"https:\/\/www.cyclosouvenir.be\/fr\/produit\/cap-de-formentor-port-de-pollenca\/\" \/>\n<meta property=\"og:locale\" content=\"fr_FR\" \/>\n<meta property=\"og:type\" content=\"article\" \/>\n<meta property=\"og:title\" content=\"Cap de Formentor - Port de Pollen\u00e7a - Cyclosouvenir\" \/>\n<meta property=\"og:description\" content=\"Le Cap de Formentor (prononc\u00e9 en catalan : [\u02c8kab d\u0259 fo\u027em\u0259n\u02c8to]) est le point le plus septentrional de Majorque, sur la p\u00e9ninsule de Formentor. Le Cap de Formentor est situ\u00e9 \u00e0 l&#039;extr\u00eame nord de l&#039;\u00eele de Majorque, dans les Bal\u00e9ares, en Espagne. Son point culminant, le Fumart, se trouve \u00e0 384 m\u00e8tres au-dessus du niveau de la mer.  Elle poss\u00e8de de nombreuses criques associ\u00e9es, notamment Cala Figuera, Cala Murta et Cala Pi de la Posada. Les Majorquins appellent \u00e9galement le cap le point de rencontre des vents. Source : Wikipedia\" \/>\n<meta property=\"og:url\" content=\"https:\/\/www.cyclosouvenir.be\/fr\/produit\/cap-de-formentor-port-de-pollenca\/\" \/>\n<meta property=\"og:site_name\" content=\"Cyclosouvenir\" \/>\n<meta property=\"article:modified_time\" content=\"2025-04-29T14:29:48+00:00\" \/>\n<meta property=\"og:image\" content=\"https:\/\/www.cyclosouvenir.be\/wp-content\/uploads\/2025\/04\/Cap_de_Formentor_Port_de_Pollenca-1.png\" \/>\n\t<meta property=\"og:image:width\" content=\"250\" \/>\n\t<meta property=\"og:image:height\" content=\"300\" \/>\n\t<meta property=\"og:image:type\" content=\"image\/png\" \/>\n<meta name=\"twitter:card\" content=\"summary_large_image\" \/>\n<script type=\"application\/ld+json\" class=\"yoast-schema-graph\">{\"@context\":\"https:\/\/schema.org\",\"@graph\":[{\"@type\":\"WebPage\",\"@id\":\"https:\/\/www.cyclosouvenir.be\/fr\/produit\/cap-de-formentor-port-de-pollenca\/\",\"url\":\"https:\/\/www.cyclosouvenir.be\/fr\/produit\/cap-de-formentor-port-de-pollenca\/\",\"name\":\"Cap de Formentor - Port de Pollen\u00e7a - Cyclosouvenir\",\"isPartOf\":{\"@id\":\"https:\/\/www.cyclosouvenir.be\/fr\/#website\"},\"primaryImageOfPage\":{\"@id\":\"https:\/\/www.cyclosouvenir.be\/fr\/produit\/cap-de-formentor-port-de-pollenca\/#primaryimage\"},\"image\":{\"@id\":\"https:\/\/www.cyclosouvenir.be\/fr\/produit\/cap-de-formentor-port-de-pollenca\/#primaryimage\"},\"thumbnailUrl\":\"https:\/\/www.cyclosouvenir.be\/wp-content\/uploads\/2025\/04\/Cap_de_Formentor_Port_de_Pollenca-1.png\",\"datePublished\":\"2025-04-29T14:20:01+00:00\",\"dateModified\":\"2025-04-29T14:29:48+00:00\",\"breadcrumb\":{\"@id\":\"https:\/\/www.cyclosouvenir.be\/fr\/produit\/cap-de-formentor-port-de-pollenca\/#breadcrumb\"},\"inLanguage\":\"fr-FR\",\"potentialAction\":[{\"@type\":\"ReadAction\",\"target\":[\"https:\/\/www.cyclosouvenir.be\/fr\/produit\/cap-de-formentor-port-de-pollenca\/\"]}]},{\"@type\":\"ImageObject\",\"inLanguage\":\"fr-FR\",\"@id\":\"https:\/\/www.cyclosouvenir.be\/fr\/produit\/cap-de-formentor-port-de-pollenca\/#primaryimage\",\"url\":\"https:\/\/www.cyclosouvenir.be\/wp-content\/uploads\/2025\/04\/Cap_de_Formentor_Port_de_Pollenca-1.png\",\"contentUrl\":\"https:\/\/www.cyclosouvenir.be\/wp-content\/uploads\/2025\/04\/Cap_de_Formentor_Port_de_Pollenca-1.png\",\"width\":250,\"height\":300},{\"@type\":\"BreadcrumbList\",\"@id\":\"https:\/\/www.cyclosouvenir.be\/fr\/produit\/cap-de-formentor-port-de-pollenca\/#breadcrumb\",\"itemListElement\":[{\"@type\":\"ListItem\",\"position\":1,\"name\":\"Home\",\"item\":\"https:\/\/www.cyclosouvenir.be\/fr\/\"},{\"@type\":\"ListItem\",\"position\":2,\"name\":\"Boutique\",\"item\":\"https:\/\/www.cyclosouvenir.be\/fr\/boutique\/\"},{\"@type\":\"ListItem\",\"position\":3,\"name\":\"Cap de Formentor &#8211; Port de Pollen\u00e7a\"}]},{\"@type\":\"WebSite\",\"@id\":\"https:\/\/www.cyclosouvenir.be\/fr\/#website\",\"url\":\"https:\/\/www.cyclosouvenir.be\/fr\/\",\"name\":\"Cyclosouvenir\",\"description\":\"De trofee voor een memorabele beklimming.\",\"publisher\":{\"@id\":\"https:\/\/www.cyclosouvenir.be\/fr\/#organization\"},\"potentialAction\":[{\"@type\":\"SearchAction\",\"target\":{\"@type\":\"EntryPoint\",\"urlTemplate\":\"https:\/\/www.cyclosouvenir.be\/fr\/?s={search_term_string}\"},\"query-input\":{\"@type\":\"PropertyValueSpecification\",\"valueRequired\":true,\"valueName\":\"search_term_string\"}}],\"inLanguage\":\"fr-FR\"},{\"@type\":\"Organization\",\"@id\":\"https:\/\/www.cyclosouvenir.be\/fr\/#organization\",\"name\":\"Cyclosouvenir\",\"url\":\"https:\/\/www.cyclosouvenir.be\/fr\/\",\"logo\":{\"@type\":\"ImageObject\",\"inLanguage\":\"fr-FR\",\"@id\":\"https:\/\/www.cyclosouvenir.be\/fr\/#\/schema\/logo\/image\/\",\"url\":\"https:\/\/www.cyclosouvenir.be\/wp-content\/uploads\/2024\/02\/Cyclosouvenir_Banner-removebg-preview.png\",\"contentUrl\":\"https:\/\/www.cyclosouvenir.be\/wp-content\/uploads\/2024\/02\/Cyclosouvenir_Banner-removebg-preview.png\",\"width\":997,\"height\":250,\"caption\":\"Cyclosouvenir\"},\"image\":{\"@id\":\"https:\/\/www.cyclosouvenir.be\/fr\/#\/schema\/logo\/image\/\"}}]}<\/script>\n<!-- \/ Yoast SEO plugin. -->","yoast_head_json":{"title":"Cap de Formentor - Port de Pollen\u00e7a - Cyclosouvenir","robots":{"index":"index","follow":"follow","max-snippet":"max-snippet:-1","max-image-preview":"max-image-preview:large","max-video-preview":"max-video-preview:-1"},"canonical":"https:\/\/www.cyclosouvenir.be\/fr\/produit\/cap-de-formentor-port-de-pollenca\/","og_locale":"fr_FR","og_type":"article","og_title":"Cap de Formentor - Port de Pollen\u00e7a - Cyclosouvenir","og_description":"Le Cap de Formentor (prononc\u00e9 en catalan : [\u02c8kab d\u0259 fo\u027em\u0259n\u02c8to]) est le point le plus septentrional de Majorque, sur la p\u00e9ninsule de Formentor. Le Cap de Formentor est situ\u00e9 \u00e0 l'extr\u00eame nord de l'\u00eele de Majorque, dans les Bal\u00e9ares, en Espagne. Son point culminant, le Fumart, se trouve \u00e0 384 m\u00e8tres au-dessus du niveau de la mer.  Elle poss\u00e8de de nombreuses criques associ\u00e9es, notamment Cala Figuera, Cala Murta et Cala Pi de la Posada. Les Majorquins appellent \u00e9galement le cap le point de rencontre des vents. Source : Wikipedia","og_url":"https:\/\/www.cyclosouvenir.be\/fr\/produit\/cap-de-formentor-port-de-pollenca\/","og_site_name":"Cyclosouvenir","article_modified_time":"2025-04-29T14:29:48+00:00","og_image":[{"width":250,"height":300,"url":"https:\/\/www.cyclosouvenir.be\/wp-content\/uploads\/2025\/04\/Cap_de_Formentor_Port_de_Pollenca-1.png","type":"image\/png"}],"twitter_card":"summary_large_image","schema":{"@context":"https:\/\/schema.org","@graph":[{"@type":"WebPage","@id":"https:\/\/www.cyclosouvenir.be\/fr\/produit\/cap-de-formentor-port-de-pollenca\/","url":"https:\/\/www.cyclosouvenir.be\/fr\/produit\/cap-de-formentor-port-de-pollenca\/","name":"Cap de Formentor - Port de Pollen\u00e7a - Cyclosouvenir","isPartOf":{"@id":"https:\/\/www.cyclosouvenir.be\/fr\/#website"},"primaryImageOfPage":{"@id":"https:\/\/www.cyclosouvenir.be\/fr\/produit\/cap-de-formentor-port-de-pollenca\/#primaryimage"},"image":{"@id":"https:\/\/www.cyclosouvenir.be\/fr\/produit\/cap-de-formentor-port-de-pollenca\/#primaryimage"},"thumbnailUrl":"https:\/\/www.cyclosouvenir.be\/wp-content\/uploads\/2025\/04\/Cap_de_Formentor_Port_de_Pollenca-1.png","datePublished":"2025-04-29T14:20:01+00:00","dateModified":"2025-04-29T14:29:48+00:00","breadcrumb":{"@id":"https:\/\/www.cyclosouvenir.be\/fr\/produit\/cap-de-formentor-port-de-pollenca\/#breadcrumb"},"inLanguage":"fr-FR","potentialAction":[{"@type":"ReadAction","target":["https:\/\/www.cyclosouvenir.be\/fr\/produit\/cap-de-formentor-port-de-pollenca\/"]}]},{"@type":"ImageObject","inLanguage":"fr-FR","@id":"https:\/\/www.cyclosouvenir.be\/fr\/produit\/cap-de-formentor-port-de-pollenca\/#primaryimage","url":"https:\/\/www.cyclosouvenir.be\/wp-content\/uploads\/2025\/04\/Cap_de_Formentor_Port_de_Pollenca-1.png","contentUrl":"https:\/\/www.cyclosouvenir.be\/wp-content\/uploads\/2025\/04\/Cap_de_Formentor_Port_de_Pollenca-1.png","width":250,"height":300},{"@type":"BreadcrumbList","@id":"https:\/\/www.cyclosouvenir.be\/fr\/produit\/cap-de-formentor-port-de-pollenca\/#breadcrumb","itemListElement":[{"@type":"ListItem","position":1,"name":"Home","item":"https:\/\/www.cyclosouvenir.be\/fr\/"},{"@type":"ListItem","position":2,"name":"Boutique","item":"https:\/\/www.cyclosouvenir.be\/fr\/boutique\/"},{"@type":"ListItem","position":3,"name":"Cap de Formentor &#8211; Port de Pollen\u00e7a"}]},{"@type":"WebSite","@id":"https:\/\/www.cyclosouvenir.be\/fr\/#website","url":"https:\/\/www.cyclosouvenir.be\/fr\/","name":"Cyclosouvenir","description":"De trofee voor een memorabele beklimming.","publisher":{"@id":"https:\/\/www.cyclosouvenir.be\/fr\/#organization"},"potentialAction":[{"@type":"SearchAction","target":{"@type":"EntryPoint","urlTemplate":"https:\/\/www.cyclosouvenir.be\/fr\/?s={search_term_string}"},"query-input":{"@type":"PropertyValueSpecification","valueRequired":true,"valueName":"search_term_string"}}],"inLanguage":"fr-FR"},{"@type":"Organization","@id":"https:\/\/www.cyclosouvenir.be\/fr\/#organization","name":"Cyclosouvenir","url":"https:\/\/www.cyclosouvenir.be\/fr\/","logo":{"@type":"ImageObject","inLanguage":"fr-FR","@id":"https:\/\/www.cyclosouvenir.be\/fr\/#\/schema\/logo\/image\/","url":"https:\/\/www.cyclosouvenir.be\/wp-content\/uploads\/2024\/02\/Cyclosouvenir_Banner-removebg-preview.png","contentUrl":"https:\/\/www.cyclosouvenir.be\/wp-content\/uploads\/2024\/02\/Cyclosouvenir_Banner-removebg-preview.png","width":997,"height":250,"caption":"Cyclosouvenir"},"image":{"@id":"https:\/\/www.cyclosouvenir.be\/fr\/#\/schema\/logo\/image\/"}}]}},"_links":{"self":[{"href":"https:\/\/www.cyclosouvenir.be\/fr\/wp-json\/wp\/v2\/product\/14875","targetHints":{"allow":["GET"]}}],"collection":[{"href":"https:\/\/www.cyclosouvenir.be\/fr\/wp-json\/wp\/v2\/product"}],"about":[{"href":"https:\/\/www.cyclosouvenir.be\/fr\/wp-json\/wp\/v2\/types\/product"}],"replies":[{"embeddable":true,"href":"https:\/\/www.cyclosouvenir.be\/fr\/wp-json\/wp\/v2\/comments?post=14875"}],"wp:featuredmedia":[{"embeddable":true,"href":"https:\/\/www.cyclosouvenir.be\/fr\/wp-json\/wp\/v2\/media\/14868"}],"wp:attachment":[{"href":"https:\/\/www.cyclosouvenir.be\/fr\/wp-json\/wp\/v2\/media?parent=14875"}],"wp:term":[{"taxonomy":"product_brand","embeddable":true,"href":"https:\/\/www.cyclosouvenir.be\/fr\/wp-json\/wp\/v2\/product_brand?post=14875"},{"taxonomy":"product_cat","embeddable":true,"href":"https:\/\/www.cyclosouvenir.be\/fr\/wp-json\/wp\/v2\/product_cat?post=14875"},{"taxonomy":"product_tag","embeddable":true,"href":"https:\/\/www.cyclosouvenir.be\/fr\/wp-json\/wp\/v2\/product_tag?post=14875"}],"curies":[{"name":"wp","href":"https:\/\/api.w.org\/{rel}","templated":true}]}}