{"id":15228,"date":"2025-07-09T12:01:51","date_gmt":"2025-07-09T12:01:51","guid":{"rendered":"https:\/\/www.cyclosouvenir.be\/product\/forcola-di-livigno-livigno\/"},"modified":"2025-07-13T09:19:20","modified_gmt":"2025-07-13T09:19:20","slug":"forcola-di-livigno-livigno","status":"publish","type":"product","link":"https:\/\/www.cyclosouvenir.be\/fr\/produit\/forcola-di-livigno-livigno\/","title":{"rendered":"Forcola di Livigno &#8211; Livigno"},"content":{"rendered":"","protected":false},"excerpt":{"rendered":"<p>La Forcola di Livigno ou col de Livigno est un col de montagne de 2315 m\u00e8tres d&rsquo;altitude situ\u00e9 \u00e0 la fronti\u00e8re entre l&rsquo;Italie et la Suisse, qui relie la Valle di Poschiavo, dans le canton des Grisons, \u00e0 la ville de Livigno, exon\u00e9r\u00e9e d&rsquo;imp\u00f4ts, qui appartient \u00e0 la province italienne de Sondrio.<\/p>\n<p>Depuis la Suisse, la route bifurque vers le nord 3 kilom\u00e8tres avant le sommet du col de la Bernina. Presque imm\u00e9diatement, le poste fronti\u00e8re suisse suit. Environ quatre kilom\u00e8tres plus loin sur la hauteur du col se trouve le poste de douane italien. La Forcola di Livigno est situ\u00e9e entre le Piz Minor (3049 m) au nord et le Monte Vago (3067 m) au sud.<\/p>\n<p>D&rsquo;octobre \u00e0 mai, la route du col est ferm\u00e9e \u00e0 la circulation en raison des fortes chutes de neige dans la r\u00e9gion. Le tunnel de Munt-la-Schera, au nord du col, et le col de Foscagno, de Livigno \u00e0 Bormio, constituent alors une alternative. Source : Wikipedia<\/p>\n","protected":false},"featured_media":15194,"comment_status":"open","ping_status":"closed","template":"","meta":{"_et_pb_use_builder":"","_et_pb_old_content":"","_et_gb_content_width":""},"product_brand":[],"product_cat":[3507,306],"product_tag":[],"class_list":{"0":"post-15228","1":"product","2":"type-product","3":"status-publish","4":"has-post-thumbnail","6":"product_cat-italie","7":"product_cat-bornes","8":"tm-has-options","10":"first","11":"instock","12":"taxable","13":"shipping-taxable","14":"purchasable","15":"product-type-simple"},"yoast_head":"<!-- This site is optimized with the Yoast SEO plugin v26.2 - https:\/\/yoast.com\/wordpress\/plugins\/seo\/ -->\n<title>Forcola di Livigno - Livigno - Cyclosouvenir<\/title>\n<meta name=\"robots\" content=\"index, follow, max-snippet:-1, max-image-preview:large, max-video-preview:-1\" \/>\n<link rel=\"canonical\" href=\"https:\/\/www.cyclosouvenir.be\/fr\/produit\/forcola-di-livigno-livigno\/\" \/>\n<meta property=\"og:locale\" content=\"fr_FR\" \/>\n<meta property=\"og:type\" content=\"article\" \/>\n<meta property=\"og:title\" content=\"Forcola di Livigno - Livigno - Cyclosouvenir\" \/>\n<meta property=\"og:description\" content=\"La Forcola di Livigno ou col de Livigno est un col de montagne de 2315 m\u00e8tres d&#039;altitude situ\u00e9 \u00e0 la fronti\u00e8re entre l&#039;Italie et la Suisse, qui relie la Valle di Poschiavo, dans le canton des Grisons, \u00e0 la ville de Livigno, exon\u00e9r\u00e9e d&#039;imp\u00f4ts, qui appartient \u00e0 la province italienne de Sondrio. Depuis la Suisse, la route bifurque vers le nord 3 kilom\u00e8tres avant le sommet du col de la Bernina. Presque imm\u00e9diatement, le poste fronti\u00e8re suisse suit. Environ quatre kilom\u00e8tres plus loin sur la hauteur du col se trouve le poste de douane italien. La Forcola di Livigno est situ\u00e9e entre le Piz Minor (3049 m) au nord et le Monte Vago (3067 m) au sud. D&#039;octobre \u00e0 mai, la route du col est ferm\u00e9e \u00e0 la circulation en raison des fortes chutes de neige dans la r\u00e9gion. Le tunnel de Munt-la-Schera, au nord du col, et le col de Foscagno, de Livigno \u00e0 Bormio, constituent alors une alternative. Source : Wikipedia\" \/>\n<meta property=\"og:url\" content=\"https:\/\/www.cyclosouvenir.be\/fr\/produit\/forcola-di-livigno-livigno\/\" \/>\n<meta property=\"og:site_name\" content=\"Cyclosouvenir\" \/>\n<meta property=\"article:modified_time\" content=\"2025-07-13T09:19:20+00:00\" \/>\n<meta property=\"og:image\" content=\"https:\/\/www.cyclosouvenir.be\/wp-content\/uploads\/2025\/07\/Forcola_di_Livigno_Livigno.png\" \/>\n\t<meta property=\"og:image:width\" content=\"250\" \/>\n\t<meta property=\"og:image:height\" content=\"300\" \/>\n\t<meta property=\"og:image:type\" content=\"image\/png\" \/>\n<meta name=\"twitter:card\" content=\"summary_large_image\" \/>\n<script type=\"application\/ld+json\" class=\"yoast-schema-graph\">{\"@context\":\"https:\/\/schema.org\",\"@graph\":[{\"@type\":\"WebPage\",\"@id\":\"https:\/\/www.cyclosouvenir.be\/fr\/produit\/forcola-di-livigno-livigno\/\",\"url\":\"https:\/\/www.cyclosouvenir.be\/fr\/produit\/forcola-di-livigno-livigno\/\",\"name\":\"Forcola di Livigno - Livigno - Cyclosouvenir\",\"isPartOf\":{\"@id\":\"https:\/\/www.cyclosouvenir.be\/fr\/#website\"},\"primaryImageOfPage\":{\"@id\":\"https:\/\/www.cyclosouvenir.be\/fr\/produit\/forcola-di-livigno-livigno\/#primaryimage\"},\"image\":{\"@id\":\"https:\/\/www.cyclosouvenir.be\/fr\/produit\/forcola-di-livigno-livigno\/#primaryimage\"},\"thumbnailUrl\":\"https:\/\/www.cyclosouvenir.be\/wp-content\/uploads\/2025\/07\/Forcola_di_Livigno_Livigno.png\",\"datePublished\":\"2025-07-09T12:01:51+00:00\",\"dateModified\":\"2025-07-13T09:19:20+00:00\",\"breadcrumb\":{\"@id\":\"https:\/\/www.cyclosouvenir.be\/fr\/produit\/forcola-di-livigno-livigno\/#breadcrumb\"},\"inLanguage\":\"fr-FR\",\"potentialAction\":[{\"@type\":\"ReadAction\",\"target\":[\"https:\/\/www.cyclosouvenir.be\/fr\/produit\/forcola-di-livigno-livigno\/\"]}]},{\"@type\":\"ImageObject\",\"inLanguage\":\"fr-FR\",\"@id\":\"https:\/\/www.cyclosouvenir.be\/fr\/produit\/forcola-di-livigno-livigno\/#primaryimage\",\"url\":\"https:\/\/www.cyclosouvenir.be\/wp-content\/uploads\/2025\/07\/Forcola_di_Livigno_Livigno.png\",\"contentUrl\":\"https:\/\/www.cyclosouvenir.be\/wp-content\/uploads\/2025\/07\/Forcola_di_Livigno_Livigno.png\",\"width\":250,\"height\":300},{\"@type\":\"BreadcrumbList\",\"@id\":\"https:\/\/www.cyclosouvenir.be\/fr\/produit\/forcola-di-livigno-livigno\/#breadcrumb\",\"itemListElement\":[{\"@type\":\"ListItem\",\"position\":1,\"name\":\"Home\",\"item\":\"https:\/\/www.cyclosouvenir.be\/fr\/\"},{\"@type\":\"ListItem\",\"position\":2,\"name\":\"Boutique\",\"item\":\"https:\/\/www.cyclosouvenir.be\/fr\/boutique\/\"},{\"@type\":\"ListItem\",\"position\":3,\"name\":\"Forcola di Livigno &#8211; Livigno\"}]},{\"@type\":\"WebSite\",\"@id\":\"https:\/\/www.cyclosouvenir.be\/fr\/#website\",\"url\":\"https:\/\/www.cyclosouvenir.be\/fr\/\",\"name\":\"Cyclosouvenir\",\"description\":\"De trofee voor een memorabele beklimming.\",\"publisher\":{\"@id\":\"https:\/\/www.cyclosouvenir.be\/fr\/#organization\"},\"potentialAction\":[{\"@type\":\"SearchAction\",\"target\":{\"@type\":\"EntryPoint\",\"urlTemplate\":\"https:\/\/www.cyclosouvenir.be\/fr\/?s={search_term_string}\"},\"query-input\":{\"@type\":\"PropertyValueSpecification\",\"valueRequired\":true,\"valueName\":\"search_term_string\"}}],\"inLanguage\":\"fr-FR\"},{\"@type\":\"Organization\",\"@id\":\"https:\/\/www.cyclosouvenir.be\/fr\/#organization\",\"name\":\"Cyclosouvenir\",\"url\":\"https:\/\/www.cyclosouvenir.be\/fr\/\",\"logo\":{\"@type\":\"ImageObject\",\"inLanguage\":\"fr-FR\",\"@id\":\"https:\/\/www.cyclosouvenir.be\/fr\/#\/schema\/logo\/image\/\",\"url\":\"https:\/\/www.cyclosouvenir.be\/wp-content\/uploads\/2024\/02\/Cyclosouvenir_Banner-removebg-preview.png\",\"contentUrl\":\"https:\/\/www.cyclosouvenir.be\/wp-content\/uploads\/2024\/02\/Cyclosouvenir_Banner-removebg-preview.png\",\"width\":997,\"height\":250,\"caption\":\"Cyclosouvenir\"},\"image\":{\"@id\":\"https:\/\/www.cyclosouvenir.be\/fr\/#\/schema\/logo\/image\/\"}}]}<\/script>\n<!-- \/ Yoast SEO plugin. -->","yoast_head_json":{"title":"Forcola di Livigno - Livigno - Cyclosouvenir","robots":{"index":"index","follow":"follow","max-snippet":"max-snippet:-1","max-image-preview":"max-image-preview:large","max-video-preview":"max-video-preview:-1"},"canonical":"https:\/\/www.cyclosouvenir.be\/fr\/produit\/forcola-di-livigno-livigno\/","og_locale":"fr_FR","og_type":"article","og_title":"Forcola di Livigno - Livigno - Cyclosouvenir","og_description":"La Forcola di Livigno ou col de Livigno est un col de montagne de 2315 m\u00e8tres d'altitude situ\u00e9 \u00e0 la fronti\u00e8re entre l'Italie et la Suisse, qui relie la Valle di Poschiavo, dans le canton des Grisons, \u00e0 la ville de Livigno, exon\u00e9r\u00e9e d'imp\u00f4ts, qui appartient \u00e0 la province italienne de Sondrio. Depuis la Suisse, la route bifurque vers le nord 3 kilom\u00e8tres avant le sommet du col de la Bernina. Presque imm\u00e9diatement, le poste fronti\u00e8re suisse suit. Environ quatre kilom\u00e8tres plus loin sur la hauteur du col se trouve le poste de douane italien. La Forcola di Livigno est situ\u00e9e entre le Piz Minor (3049 m) au nord et le Monte Vago (3067 m) au sud. D'octobre \u00e0 mai, la route du col est ferm\u00e9e \u00e0 la circulation en raison des fortes chutes de neige dans la r\u00e9gion. Le tunnel de Munt-la-Schera, au nord du col, et le col de Foscagno, de Livigno \u00e0 Bormio, constituent alors une alternative. Source : Wikipedia","og_url":"https:\/\/www.cyclosouvenir.be\/fr\/produit\/forcola-di-livigno-livigno\/","og_site_name":"Cyclosouvenir","article_modified_time":"2025-07-13T09:19:20+00:00","og_image":[{"width":250,"height":300,"url":"https:\/\/www.cyclosouvenir.be\/wp-content\/uploads\/2025\/07\/Forcola_di_Livigno_Livigno.png","type":"image\/png"}],"twitter_card":"summary_large_image","schema":{"@context":"https:\/\/schema.org","@graph":[{"@type":"WebPage","@id":"https:\/\/www.cyclosouvenir.be\/fr\/produit\/forcola-di-livigno-livigno\/","url":"https:\/\/www.cyclosouvenir.be\/fr\/produit\/forcola-di-livigno-livigno\/","name":"Forcola di Livigno - Livigno - Cyclosouvenir","isPartOf":{"@id":"https:\/\/www.cyclosouvenir.be\/fr\/#website"},"primaryImageOfPage":{"@id":"https:\/\/www.cyclosouvenir.be\/fr\/produit\/forcola-di-livigno-livigno\/#primaryimage"},"image":{"@id":"https:\/\/www.cyclosouvenir.be\/fr\/produit\/forcola-di-livigno-livigno\/#primaryimage"},"thumbnailUrl":"https:\/\/www.cyclosouvenir.be\/wp-content\/uploads\/2025\/07\/Forcola_di_Livigno_Livigno.png","datePublished":"2025-07-09T12:01:51+00:00","dateModified":"2025-07-13T09:19:20+00:00","breadcrumb":{"@id":"https:\/\/www.cyclosouvenir.be\/fr\/produit\/forcola-di-livigno-livigno\/#breadcrumb"},"inLanguage":"fr-FR","potentialAction":[{"@type":"ReadAction","target":["https:\/\/www.cyclosouvenir.be\/fr\/produit\/forcola-di-livigno-livigno\/"]}]},{"@type":"ImageObject","inLanguage":"fr-FR","@id":"https:\/\/www.cyclosouvenir.be\/fr\/produit\/forcola-di-livigno-livigno\/#primaryimage","url":"https:\/\/www.cyclosouvenir.be\/wp-content\/uploads\/2025\/07\/Forcola_di_Livigno_Livigno.png","contentUrl":"https:\/\/www.cyclosouvenir.be\/wp-content\/uploads\/2025\/07\/Forcola_di_Livigno_Livigno.png","width":250,"height":300},{"@type":"BreadcrumbList","@id":"https:\/\/www.cyclosouvenir.be\/fr\/produit\/forcola-di-livigno-livigno\/#breadcrumb","itemListElement":[{"@type":"ListItem","position":1,"name":"Home","item":"https:\/\/www.cyclosouvenir.be\/fr\/"},{"@type":"ListItem","position":2,"name":"Boutique","item":"https:\/\/www.cyclosouvenir.be\/fr\/boutique\/"},{"@type":"ListItem","position":3,"name":"Forcola di Livigno &#8211; Livigno"}]},{"@type":"WebSite","@id":"https:\/\/www.cyclosouvenir.be\/fr\/#website","url":"https:\/\/www.cyclosouvenir.be\/fr\/","name":"Cyclosouvenir","description":"De trofee voor een memorabele beklimming.","publisher":{"@id":"https:\/\/www.cyclosouvenir.be\/fr\/#organization"},"potentialAction":[{"@type":"SearchAction","target":{"@type":"EntryPoint","urlTemplate":"https:\/\/www.cyclosouvenir.be\/fr\/?s={search_term_string}"},"query-input":{"@type":"PropertyValueSpecification","valueRequired":true,"valueName":"search_term_string"}}],"inLanguage":"fr-FR"},{"@type":"Organization","@id":"https:\/\/www.cyclosouvenir.be\/fr\/#organization","name":"Cyclosouvenir","url":"https:\/\/www.cyclosouvenir.be\/fr\/","logo":{"@type":"ImageObject","inLanguage":"fr-FR","@id":"https:\/\/www.cyclosouvenir.be\/fr\/#\/schema\/logo\/image\/","url":"https:\/\/www.cyclosouvenir.be\/wp-content\/uploads\/2024\/02\/Cyclosouvenir_Banner-removebg-preview.png","contentUrl":"https:\/\/www.cyclosouvenir.be\/wp-content\/uploads\/2024\/02\/Cyclosouvenir_Banner-removebg-preview.png","width":997,"height":250,"caption":"Cyclosouvenir"},"image":{"@id":"https:\/\/www.cyclosouvenir.be\/fr\/#\/schema\/logo\/image\/"}}]}},"_links":{"self":[{"href":"https:\/\/www.cyclosouvenir.be\/fr\/wp-json\/wp\/v2\/product\/15228","targetHints":{"allow":["GET"]}}],"collection":[{"href":"https:\/\/www.cyclosouvenir.be\/fr\/wp-json\/wp\/v2\/product"}],"about":[{"href":"https:\/\/www.cyclosouvenir.be\/fr\/wp-json\/wp\/v2\/types\/product"}],"replies":[{"embeddable":true,"href":"https:\/\/www.cyclosouvenir.be\/fr\/wp-json\/wp\/v2\/comments?post=15228"}],"wp:featuredmedia":[{"embeddable":true,"href":"https:\/\/www.cyclosouvenir.be\/fr\/wp-json\/wp\/v2\/media\/15194"}],"wp:attachment":[{"href":"https:\/\/www.cyclosouvenir.be\/fr\/wp-json\/wp\/v2\/media?parent=15228"}],"wp:term":[{"taxonomy":"product_brand","embeddable":true,"href":"https:\/\/www.cyclosouvenir.be\/fr\/wp-json\/wp\/v2\/product_brand?post=15228"},{"taxonomy":"product_cat","embeddable":true,"href":"https:\/\/www.cyclosouvenir.be\/fr\/wp-json\/wp\/v2\/product_cat?post=15228"},{"taxonomy":"product_tag","embeddable":true,"href":"https:\/\/www.cyclosouvenir.be\/fr\/wp-json\/wp\/v2\/product_tag?post=15228"}],"curies":[{"name":"wp","href":"https:\/\/api.w.org\/{rel}","templated":true}]}}