{"id":15231,"date":"2025-07-09T11:55:29","date_gmt":"2025-07-09T11:55:29","guid":{"rendered":"https:\/\/www.cyclosouvenir.be\/product\/col-du-lukmanier-disentis\/"},"modified":"2025-07-09T11:55:29","modified_gmt":"2025-07-09T11:55:29","slug":"col-du-lukmanier-disentis","status":"publish","type":"product","link":"https:\/\/www.cyclosouvenir.be\/fr\/produit\/col-du-lukmanier-disentis\/","title":{"rendered":"Col du Lukmanier &#8211; Disentis"},"content":{"rendered":"","protected":false},"excerpt":{"rendered":"<p>Le col du Lukmanier (italien : Passo del Lucomagno \/ rh\u00e9to-roman : Cuolm Lucmagn) est un col de montagne situ\u00e9 \u00e0 1916 m\u00e8tres d&rsquo;altitude, qui relie la vall\u00e9e de Blenio, de langue italienne, \u00e0 la Surselva (vall\u00e9e du Vorderrhein), de langue allemande et rh\u00e9to-romane. Le nom du col est probablement d\u00e9riv\u00e9 du latin lucus magnus (grande for\u00eat). La fronti\u00e8re entre les cantons suisses du Tessin et des Grisons passe \u00e0 la hauteur du col. Cette route \u00e9tait d\u00e9j\u00e0 utilis\u00e9e par les Romains et a jou\u00e9 un r\u00f4le majeur lors de la Grande Migration. La route actuelle a \u00e9t\u00e9 construite en 1877. La descente vers Disentis se fait par le Val Medel. Sur les premiers kilom\u00e8tres, la route se trouve dans une galerie d&rsquo;avalanche le long du Lago di Santa Maria. La descente vers la vall\u00e9e de Vorderrhein est facile. Apr\u00e8s le village de Curaglia, vous traverserez les gorges sauvages de Medelserschl\u00fccht ou Las Ruinas.<\/p>\n","protected":false},"featured_media":15178,"comment_status":"open","ping_status":"closed","template":"","meta":{"_et_pb_use_builder":"","_et_pb_old_content":"","_et_gb_content_width":""},"product_brand":[],"product_cat":[306,2613],"product_tag":[],"class_list":{"0":"post-15231","1":"product","2":"type-product","3":"status-publish","4":"has-post-thumbnail","6":"product_cat-bornes","7":"product_cat-suisse","8":"tm-has-options","10":"first","11":"instock","12":"taxable","13":"shipping-taxable","14":"purchasable","15":"product-type-simple"},"yoast_head":"<!-- This site is optimized with the Yoast SEO plugin v26.2 - https:\/\/yoast.com\/wordpress\/plugins\/seo\/ -->\n<title>Col du Lukmanier - Disentis - Cyclosouvenir<\/title>\n<meta name=\"robots\" content=\"index, follow, max-snippet:-1, max-image-preview:large, max-video-preview:-1\" \/>\n<link rel=\"canonical\" href=\"https:\/\/www.cyclosouvenir.be\/fr\/produit\/col-du-lukmanier-disentis\/\" \/>\n<meta property=\"og:locale\" content=\"fr_FR\" \/>\n<meta property=\"og:type\" content=\"article\" \/>\n<meta property=\"og:title\" content=\"Col du Lukmanier - Disentis - Cyclosouvenir\" \/>\n<meta property=\"og:description\" content=\"Le col du Lukmanier (italien : Passo del Lucomagno \/ rh\u00e9to-roman : Cuolm Lucmagn) est un col de montagne situ\u00e9 \u00e0 1916 m\u00e8tres d&#039;altitude, qui relie la vall\u00e9e de Blenio, de langue italienne, \u00e0 la Surselva (vall\u00e9e du Vorderrhein), de langue allemande et rh\u00e9to-romane. Le nom du col est probablement d\u00e9riv\u00e9 du latin lucus magnus (grande for\u00eat). La fronti\u00e8re entre les cantons suisses du Tessin et des Grisons passe \u00e0 la hauteur du col. Cette route \u00e9tait d\u00e9j\u00e0 utilis\u00e9e par les Romains et a jou\u00e9 un r\u00f4le majeur lors de la Grande Migration. La route actuelle a \u00e9t\u00e9 construite en 1877. La descente vers Disentis se fait par le Val Medel. Sur les premiers kilom\u00e8tres, la route se trouve dans une galerie d&#039;avalanche le long du Lago di Santa Maria. La descente vers la vall\u00e9e de Vorderrhein est facile. Apr\u00e8s le village de Curaglia, vous traverserez les gorges sauvages de Medelserschl\u00fccht ou Las Ruinas.\" \/>\n<meta property=\"og:url\" content=\"https:\/\/www.cyclosouvenir.be\/fr\/produit\/col-du-lukmanier-disentis\/\" \/>\n<meta property=\"og:site_name\" content=\"Cyclosouvenir\" \/>\n<meta property=\"og:image\" content=\"https:\/\/www.cyclosouvenir.be\/wp-content\/uploads\/2025\/07\/Lukmanierpass_Disentis-1.png\" \/>\n\t<meta property=\"og:image:width\" content=\"250\" \/>\n\t<meta property=\"og:image:height\" content=\"300\" \/>\n\t<meta property=\"og:image:type\" content=\"image\/png\" \/>\n<meta name=\"twitter:card\" content=\"summary_large_image\" \/>\n<script type=\"application\/ld+json\" class=\"yoast-schema-graph\">{\"@context\":\"https:\/\/schema.org\",\"@graph\":[{\"@type\":\"WebPage\",\"@id\":\"https:\/\/www.cyclosouvenir.be\/fr\/produit\/col-du-lukmanier-disentis\/\",\"url\":\"https:\/\/www.cyclosouvenir.be\/fr\/produit\/col-du-lukmanier-disentis\/\",\"name\":\"Col du Lukmanier - Disentis - Cyclosouvenir\",\"isPartOf\":{\"@id\":\"https:\/\/www.cyclosouvenir.be\/fr\/#website\"},\"primaryImageOfPage\":{\"@id\":\"https:\/\/www.cyclosouvenir.be\/fr\/produit\/col-du-lukmanier-disentis\/#primaryimage\"},\"image\":{\"@id\":\"https:\/\/www.cyclosouvenir.be\/fr\/produit\/col-du-lukmanier-disentis\/#primaryimage\"},\"thumbnailUrl\":\"https:\/\/www.cyclosouvenir.be\/wp-content\/uploads\/2025\/07\/Lukmanierpass_Disentis-1.png\",\"datePublished\":\"2025-07-09T11:55:29+00:00\",\"breadcrumb\":{\"@id\":\"https:\/\/www.cyclosouvenir.be\/fr\/produit\/col-du-lukmanier-disentis\/#breadcrumb\"},\"inLanguage\":\"fr-FR\",\"potentialAction\":[{\"@type\":\"ReadAction\",\"target\":[\"https:\/\/www.cyclosouvenir.be\/fr\/produit\/col-du-lukmanier-disentis\/\"]}]},{\"@type\":\"ImageObject\",\"inLanguage\":\"fr-FR\",\"@id\":\"https:\/\/www.cyclosouvenir.be\/fr\/produit\/col-du-lukmanier-disentis\/#primaryimage\",\"url\":\"https:\/\/www.cyclosouvenir.be\/wp-content\/uploads\/2025\/07\/Lukmanierpass_Disentis-1.png\",\"contentUrl\":\"https:\/\/www.cyclosouvenir.be\/wp-content\/uploads\/2025\/07\/Lukmanierpass_Disentis-1.png\",\"width\":250,\"height\":300},{\"@type\":\"BreadcrumbList\",\"@id\":\"https:\/\/www.cyclosouvenir.be\/fr\/produit\/col-du-lukmanier-disentis\/#breadcrumb\",\"itemListElement\":[{\"@type\":\"ListItem\",\"position\":1,\"name\":\"Home\",\"item\":\"https:\/\/www.cyclosouvenir.be\/fr\/\"},{\"@type\":\"ListItem\",\"position\":2,\"name\":\"Boutique\",\"item\":\"https:\/\/www.cyclosouvenir.be\/fr\/boutique\/\"},{\"@type\":\"ListItem\",\"position\":3,\"name\":\"Col du Lukmanier &#8211; Disentis\"}]},{\"@type\":\"WebSite\",\"@id\":\"https:\/\/www.cyclosouvenir.be\/fr\/#website\",\"url\":\"https:\/\/www.cyclosouvenir.be\/fr\/\",\"name\":\"Cyclosouvenir\",\"description\":\"De trofee voor een memorabele beklimming.\",\"publisher\":{\"@id\":\"https:\/\/www.cyclosouvenir.be\/fr\/#organization\"},\"potentialAction\":[{\"@type\":\"SearchAction\",\"target\":{\"@type\":\"EntryPoint\",\"urlTemplate\":\"https:\/\/www.cyclosouvenir.be\/fr\/?s={search_term_string}\"},\"query-input\":{\"@type\":\"PropertyValueSpecification\",\"valueRequired\":true,\"valueName\":\"search_term_string\"}}],\"inLanguage\":\"fr-FR\"},{\"@type\":\"Organization\",\"@id\":\"https:\/\/www.cyclosouvenir.be\/fr\/#organization\",\"name\":\"Cyclosouvenir\",\"url\":\"https:\/\/www.cyclosouvenir.be\/fr\/\",\"logo\":{\"@type\":\"ImageObject\",\"inLanguage\":\"fr-FR\",\"@id\":\"https:\/\/www.cyclosouvenir.be\/fr\/#\/schema\/logo\/image\/\",\"url\":\"https:\/\/www.cyclosouvenir.be\/wp-content\/uploads\/2024\/02\/Cyclosouvenir_Banner-removebg-preview.png\",\"contentUrl\":\"https:\/\/www.cyclosouvenir.be\/wp-content\/uploads\/2024\/02\/Cyclosouvenir_Banner-removebg-preview.png\",\"width\":997,\"height\":250,\"caption\":\"Cyclosouvenir\"},\"image\":{\"@id\":\"https:\/\/www.cyclosouvenir.be\/fr\/#\/schema\/logo\/image\/\"}}]}<\/script>\n<!-- \/ Yoast SEO plugin. -->","yoast_head_json":{"title":"Col du Lukmanier - Disentis - Cyclosouvenir","robots":{"index":"index","follow":"follow","max-snippet":"max-snippet:-1","max-image-preview":"max-image-preview:large","max-video-preview":"max-video-preview:-1"},"canonical":"https:\/\/www.cyclosouvenir.be\/fr\/produit\/col-du-lukmanier-disentis\/","og_locale":"fr_FR","og_type":"article","og_title":"Col du Lukmanier - Disentis - Cyclosouvenir","og_description":"Le col du Lukmanier (italien : Passo del Lucomagno \/ rh\u00e9to-roman : Cuolm Lucmagn) est un col de montagne situ\u00e9 \u00e0 1916 m\u00e8tres d'altitude, qui relie la vall\u00e9e de Blenio, de langue italienne, \u00e0 la Surselva (vall\u00e9e du Vorderrhein), de langue allemande et rh\u00e9to-romane. Le nom du col est probablement d\u00e9riv\u00e9 du latin lucus magnus (grande for\u00eat). La fronti\u00e8re entre les cantons suisses du Tessin et des Grisons passe \u00e0 la hauteur du col. Cette route \u00e9tait d\u00e9j\u00e0 utilis\u00e9e par les Romains et a jou\u00e9 un r\u00f4le majeur lors de la Grande Migration. La route actuelle a \u00e9t\u00e9 construite en 1877. La descente vers Disentis se fait par le Val Medel. Sur les premiers kilom\u00e8tres, la route se trouve dans une galerie d'avalanche le long du Lago di Santa Maria. La descente vers la vall\u00e9e de Vorderrhein est facile. Apr\u00e8s le village de Curaglia, vous traverserez les gorges sauvages de Medelserschl\u00fccht ou Las Ruinas.","og_url":"https:\/\/www.cyclosouvenir.be\/fr\/produit\/col-du-lukmanier-disentis\/","og_site_name":"Cyclosouvenir","og_image":[{"width":250,"height":300,"url":"https:\/\/www.cyclosouvenir.be\/wp-content\/uploads\/2025\/07\/Lukmanierpass_Disentis-1.png","type":"image\/png"}],"twitter_card":"summary_large_image","schema":{"@context":"https:\/\/schema.org","@graph":[{"@type":"WebPage","@id":"https:\/\/www.cyclosouvenir.be\/fr\/produit\/col-du-lukmanier-disentis\/","url":"https:\/\/www.cyclosouvenir.be\/fr\/produit\/col-du-lukmanier-disentis\/","name":"Col du Lukmanier - Disentis - Cyclosouvenir","isPartOf":{"@id":"https:\/\/www.cyclosouvenir.be\/fr\/#website"},"primaryImageOfPage":{"@id":"https:\/\/www.cyclosouvenir.be\/fr\/produit\/col-du-lukmanier-disentis\/#primaryimage"},"image":{"@id":"https:\/\/www.cyclosouvenir.be\/fr\/produit\/col-du-lukmanier-disentis\/#primaryimage"},"thumbnailUrl":"https:\/\/www.cyclosouvenir.be\/wp-content\/uploads\/2025\/07\/Lukmanierpass_Disentis-1.png","datePublished":"2025-07-09T11:55:29+00:00","breadcrumb":{"@id":"https:\/\/www.cyclosouvenir.be\/fr\/produit\/col-du-lukmanier-disentis\/#breadcrumb"},"inLanguage":"fr-FR","potentialAction":[{"@type":"ReadAction","target":["https:\/\/www.cyclosouvenir.be\/fr\/produit\/col-du-lukmanier-disentis\/"]}]},{"@type":"ImageObject","inLanguage":"fr-FR","@id":"https:\/\/www.cyclosouvenir.be\/fr\/produit\/col-du-lukmanier-disentis\/#primaryimage","url":"https:\/\/www.cyclosouvenir.be\/wp-content\/uploads\/2025\/07\/Lukmanierpass_Disentis-1.png","contentUrl":"https:\/\/www.cyclosouvenir.be\/wp-content\/uploads\/2025\/07\/Lukmanierpass_Disentis-1.png","width":250,"height":300},{"@type":"BreadcrumbList","@id":"https:\/\/www.cyclosouvenir.be\/fr\/produit\/col-du-lukmanier-disentis\/#breadcrumb","itemListElement":[{"@type":"ListItem","position":1,"name":"Home","item":"https:\/\/www.cyclosouvenir.be\/fr\/"},{"@type":"ListItem","position":2,"name":"Boutique","item":"https:\/\/www.cyclosouvenir.be\/fr\/boutique\/"},{"@type":"ListItem","position":3,"name":"Col du Lukmanier &#8211; Disentis"}]},{"@type":"WebSite","@id":"https:\/\/www.cyclosouvenir.be\/fr\/#website","url":"https:\/\/www.cyclosouvenir.be\/fr\/","name":"Cyclosouvenir","description":"De trofee voor een memorabele beklimming.","publisher":{"@id":"https:\/\/www.cyclosouvenir.be\/fr\/#organization"},"potentialAction":[{"@type":"SearchAction","target":{"@type":"EntryPoint","urlTemplate":"https:\/\/www.cyclosouvenir.be\/fr\/?s={search_term_string}"},"query-input":{"@type":"PropertyValueSpecification","valueRequired":true,"valueName":"search_term_string"}}],"inLanguage":"fr-FR"},{"@type":"Organization","@id":"https:\/\/www.cyclosouvenir.be\/fr\/#organization","name":"Cyclosouvenir","url":"https:\/\/www.cyclosouvenir.be\/fr\/","logo":{"@type":"ImageObject","inLanguage":"fr-FR","@id":"https:\/\/www.cyclosouvenir.be\/fr\/#\/schema\/logo\/image\/","url":"https:\/\/www.cyclosouvenir.be\/wp-content\/uploads\/2024\/02\/Cyclosouvenir_Banner-removebg-preview.png","contentUrl":"https:\/\/www.cyclosouvenir.be\/wp-content\/uploads\/2024\/02\/Cyclosouvenir_Banner-removebg-preview.png","width":997,"height":250,"caption":"Cyclosouvenir"},"image":{"@id":"https:\/\/www.cyclosouvenir.be\/fr\/#\/schema\/logo\/image\/"}}]}},"_links":{"self":[{"href":"https:\/\/www.cyclosouvenir.be\/fr\/wp-json\/wp\/v2\/product\/15231","targetHints":{"allow":["GET"]}}],"collection":[{"href":"https:\/\/www.cyclosouvenir.be\/fr\/wp-json\/wp\/v2\/product"}],"about":[{"href":"https:\/\/www.cyclosouvenir.be\/fr\/wp-json\/wp\/v2\/types\/product"}],"replies":[{"embeddable":true,"href":"https:\/\/www.cyclosouvenir.be\/fr\/wp-json\/wp\/v2\/comments?post=15231"}],"wp:featuredmedia":[{"embeddable":true,"href":"https:\/\/www.cyclosouvenir.be\/fr\/wp-json\/wp\/v2\/media\/15178"}],"wp:attachment":[{"href":"https:\/\/www.cyclosouvenir.be\/fr\/wp-json\/wp\/v2\/media?parent=15231"}],"wp:term":[{"taxonomy":"product_brand","embeddable":true,"href":"https:\/\/www.cyclosouvenir.be\/fr\/wp-json\/wp\/v2\/product_brand?post=15231"},{"taxonomy":"product_cat","embeddable":true,"href":"https:\/\/www.cyclosouvenir.be\/fr\/wp-json\/wp\/v2\/product_cat?post=15231"},{"taxonomy":"product_tag","embeddable":true,"href":"https:\/\/www.cyclosouvenir.be\/fr\/wp-json\/wp\/v2\/product_tag?post=15231"}],"curies":[{"name":"wp","href":"https:\/\/api.w.org\/{rel}","templated":true}]}}