{"id":15233,"date":"2025-07-09T11:47:04","date_gmt":"2025-07-09T11:47:04","guid":{"rendered":"https:\/\/www.cyclosouvenir.be\/product\/sustenpass-innertkirchen\/"},"modified":"2025-07-09T11:47:04","modified_gmt":"2025-07-09T11:47:04","slug":"sustenpass-innertkirchen","status":"publish","type":"product","link":"https:\/\/www.cyclosouvenir.be\/fr\/produit\/sustenpass-innertkirchen\/","title":{"rendered":"Sustenpass &#8211; Innertkirchen"},"content":{"rendered":"","protected":false},"excerpt":{"rendered":"<p>Le col du Susten relie Innertkirchen, dans le canton de Berne, \u00e0 Wassen, dans le canton d&rsquo;Uri. Le col se trouve \u00e0 une altitude de 2224 m\u00e8tres. La route actuelle a \u00e9t\u00e9 construite entre 1938 et 1945, ce qui en fait l&rsquo;une des plus r\u00e9centes routes de col suisses. Le col de Susten est peu utilis\u00e9 comme route de transit et est surtout important pour le tourisme. C&rsquo;est pourquoi la route n&rsquo;est pas d\u00e9neig\u00e9e en hiver. Le col de Susten est souvent parcouru en combinaison avec le col de la Furka et le col du Grimsel, qui forment ensemble le populaire <i>circuit des trois cols<\/i>.<\/p>\n","protected":false},"featured_media":15182,"comment_status":"open","ping_status":"closed","template":"","meta":{"_et_pb_use_builder":"","_et_pb_old_content":"","_et_gb_content_width":""},"product_brand":[],"product_cat":[306,2613],"product_tag":[],"class_list":{"0":"post-15233","1":"product","2":"type-product","3":"status-publish","4":"has-post-thumbnail","6":"product_cat-bornes","7":"product_cat-suisse","8":"tm-has-options","10":"first","11":"instock","12":"taxable","13":"shipping-taxable","14":"purchasable","15":"product-type-simple"},"yoast_head":"<!-- This site is optimized with the Yoast SEO plugin v26.2 - https:\/\/yoast.com\/wordpress\/plugins\/seo\/ -->\n<title>Sustenpass - Innertkirchen - Cyclosouvenir<\/title>\n<meta name=\"robots\" content=\"index, follow, max-snippet:-1, max-image-preview:large, max-video-preview:-1\" \/>\n<link rel=\"canonical\" href=\"https:\/\/www.cyclosouvenir.be\/fr\/produit\/sustenpass-innertkirchen\/\" \/>\n<meta property=\"og:locale\" content=\"fr_FR\" \/>\n<meta property=\"og:type\" content=\"article\" \/>\n<meta property=\"og:title\" content=\"Sustenpass - Innertkirchen - Cyclosouvenir\" \/>\n<meta property=\"og:description\" content=\"Le col du Susten relie Innertkirchen, dans le canton de Berne, \u00e0 Wassen, dans le canton d&#039;Uri. Le col se trouve \u00e0 une altitude de 2224 m\u00e8tres. La route actuelle a \u00e9t\u00e9 construite entre 1938 et 1945, ce qui en fait l&#039;une des plus r\u00e9centes routes de col suisses. Le col de Susten est peu utilis\u00e9 comme route de transit et est surtout important pour le tourisme. C&#039;est pourquoi la route n&#039;est pas d\u00e9neig\u00e9e en hiver. Le col de Susten est souvent parcouru en combinaison avec le col de la Furka et le col du Grimsel, qui forment ensemble le populaire circuit des trois cols.\" \/>\n<meta property=\"og:url\" content=\"https:\/\/www.cyclosouvenir.be\/fr\/produit\/sustenpass-innertkirchen\/\" \/>\n<meta property=\"og:site_name\" content=\"Cyclosouvenir\" \/>\n<meta property=\"og:image\" content=\"https:\/\/www.cyclosouvenir.be\/wp-content\/uploads\/2025\/07\/Sustenpass_Innertkirchen.png\" \/>\n\t<meta property=\"og:image:width\" content=\"250\" \/>\n\t<meta property=\"og:image:height\" content=\"300\" \/>\n\t<meta property=\"og:image:type\" content=\"image\/png\" \/>\n<meta name=\"twitter:card\" content=\"summary_large_image\" \/>\n<script type=\"application\/ld+json\" class=\"yoast-schema-graph\">{\"@context\":\"https:\/\/schema.org\",\"@graph\":[{\"@type\":\"WebPage\",\"@id\":\"https:\/\/www.cyclosouvenir.be\/fr\/produit\/sustenpass-innertkirchen\/\",\"url\":\"https:\/\/www.cyclosouvenir.be\/fr\/produit\/sustenpass-innertkirchen\/\",\"name\":\"Sustenpass - Innertkirchen - Cyclosouvenir\",\"isPartOf\":{\"@id\":\"https:\/\/www.cyclosouvenir.be\/fr\/#website\"},\"primaryImageOfPage\":{\"@id\":\"https:\/\/www.cyclosouvenir.be\/fr\/produit\/sustenpass-innertkirchen\/#primaryimage\"},\"image\":{\"@id\":\"https:\/\/www.cyclosouvenir.be\/fr\/produit\/sustenpass-innertkirchen\/#primaryimage\"},\"thumbnailUrl\":\"https:\/\/www.cyclosouvenir.be\/wp-content\/uploads\/2025\/07\/Sustenpass_Innertkirchen.png\",\"datePublished\":\"2025-07-09T11:47:04+00:00\",\"breadcrumb\":{\"@id\":\"https:\/\/www.cyclosouvenir.be\/fr\/produit\/sustenpass-innertkirchen\/#breadcrumb\"},\"inLanguage\":\"fr-FR\",\"potentialAction\":[{\"@type\":\"ReadAction\",\"target\":[\"https:\/\/www.cyclosouvenir.be\/fr\/produit\/sustenpass-innertkirchen\/\"]}]},{\"@type\":\"ImageObject\",\"inLanguage\":\"fr-FR\",\"@id\":\"https:\/\/www.cyclosouvenir.be\/fr\/produit\/sustenpass-innertkirchen\/#primaryimage\",\"url\":\"https:\/\/www.cyclosouvenir.be\/wp-content\/uploads\/2025\/07\/Sustenpass_Innertkirchen.png\",\"contentUrl\":\"https:\/\/www.cyclosouvenir.be\/wp-content\/uploads\/2025\/07\/Sustenpass_Innertkirchen.png\",\"width\":250,\"height\":300},{\"@type\":\"BreadcrumbList\",\"@id\":\"https:\/\/www.cyclosouvenir.be\/fr\/produit\/sustenpass-innertkirchen\/#breadcrumb\",\"itemListElement\":[{\"@type\":\"ListItem\",\"position\":1,\"name\":\"Home\",\"item\":\"https:\/\/www.cyclosouvenir.be\/fr\/\"},{\"@type\":\"ListItem\",\"position\":2,\"name\":\"Boutique\",\"item\":\"https:\/\/www.cyclosouvenir.be\/fr\/boutique\/\"},{\"@type\":\"ListItem\",\"position\":3,\"name\":\"Sustenpass - Innertkirchen\"}]},{\"@type\":\"WebSite\",\"@id\":\"https:\/\/www.cyclosouvenir.be\/fr\/#website\",\"url\":\"https:\/\/www.cyclosouvenir.be\/fr\/\",\"name\":\"Cyclosouvenir\",\"description\":\"De trofee voor een memorabele beklimming.\",\"publisher\":{\"@id\":\"https:\/\/www.cyclosouvenir.be\/fr\/#organization\"},\"potentialAction\":[{\"@type\":\"SearchAction\",\"target\":{\"@type\":\"EntryPoint\",\"urlTemplate\":\"https:\/\/www.cyclosouvenir.be\/fr\/?s={search_term_string}\"},\"query-input\":{\"@type\":\"PropertyValueSpecification\",\"valueRequired\":true,\"valueName\":\"search_term_string\"}}],\"inLanguage\":\"fr-FR\"},{\"@type\":\"Organization\",\"@id\":\"https:\/\/www.cyclosouvenir.be\/fr\/#organization\",\"name\":\"Cyclosouvenir\",\"url\":\"https:\/\/www.cyclosouvenir.be\/fr\/\",\"logo\":{\"@type\":\"ImageObject\",\"inLanguage\":\"fr-FR\",\"@id\":\"https:\/\/www.cyclosouvenir.be\/fr\/#\/schema\/logo\/image\/\",\"url\":\"https:\/\/www.cyclosouvenir.be\/wp-content\/uploads\/2024\/02\/Cyclosouvenir_Banner-removebg-preview.png\",\"contentUrl\":\"https:\/\/www.cyclosouvenir.be\/wp-content\/uploads\/2024\/02\/Cyclosouvenir_Banner-removebg-preview.png\",\"width\":997,\"height\":250,\"caption\":\"Cyclosouvenir\"},\"image\":{\"@id\":\"https:\/\/www.cyclosouvenir.be\/fr\/#\/schema\/logo\/image\/\"}}]}<\/script>\n<!-- \/ Yoast SEO plugin. -->","yoast_head_json":{"title":"Sustenpass - Innertkirchen - Cyclosouvenir","robots":{"index":"index","follow":"follow","max-snippet":"max-snippet:-1","max-image-preview":"max-image-preview:large","max-video-preview":"max-video-preview:-1"},"canonical":"https:\/\/www.cyclosouvenir.be\/fr\/produit\/sustenpass-innertkirchen\/","og_locale":"fr_FR","og_type":"article","og_title":"Sustenpass - Innertkirchen - Cyclosouvenir","og_description":"Le col du Susten relie Innertkirchen, dans le canton de Berne, \u00e0 Wassen, dans le canton d'Uri. Le col se trouve \u00e0 une altitude de 2224 m\u00e8tres. La route actuelle a \u00e9t\u00e9 construite entre 1938 et 1945, ce qui en fait l'une des plus r\u00e9centes routes de col suisses. Le col de Susten est peu utilis\u00e9 comme route de transit et est surtout important pour le tourisme. C'est pourquoi la route n'est pas d\u00e9neig\u00e9e en hiver. Le col de Susten est souvent parcouru en combinaison avec le col de la Furka et le col du Grimsel, qui forment ensemble le populaire circuit des trois cols.","og_url":"https:\/\/www.cyclosouvenir.be\/fr\/produit\/sustenpass-innertkirchen\/","og_site_name":"Cyclosouvenir","og_image":[{"width":250,"height":300,"url":"https:\/\/www.cyclosouvenir.be\/wp-content\/uploads\/2025\/07\/Sustenpass_Innertkirchen.png","type":"image\/png"}],"twitter_card":"summary_large_image","schema":{"@context":"https:\/\/schema.org","@graph":[{"@type":"WebPage","@id":"https:\/\/www.cyclosouvenir.be\/fr\/produit\/sustenpass-innertkirchen\/","url":"https:\/\/www.cyclosouvenir.be\/fr\/produit\/sustenpass-innertkirchen\/","name":"Sustenpass - Innertkirchen - Cyclosouvenir","isPartOf":{"@id":"https:\/\/www.cyclosouvenir.be\/fr\/#website"},"primaryImageOfPage":{"@id":"https:\/\/www.cyclosouvenir.be\/fr\/produit\/sustenpass-innertkirchen\/#primaryimage"},"image":{"@id":"https:\/\/www.cyclosouvenir.be\/fr\/produit\/sustenpass-innertkirchen\/#primaryimage"},"thumbnailUrl":"https:\/\/www.cyclosouvenir.be\/wp-content\/uploads\/2025\/07\/Sustenpass_Innertkirchen.png","datePublished":"2025-07-09T11:47:04+00:00","breadcrumb":{"@id":"https:\/\/www.cyclosouvenir.be\/fr\/produit\/sustenpass-innertkirchen\/#breadcrumb"},"inLanguage":"fr-FR","potentialAction":[{"@type":"ReadAction","target":["https:\/\/www.cyclosouvenir.be\/fr\/produit\/sustenpass-innertkirchen\/"]}]},{"@type":"ImageObject","inLanguage":"fr-FR","@id":"https:\/\/www.cyclosouvenir.be\/fr\/produit\/sustenpass-innertkirchen\/#primaryimage","url":"https:\/\/www.cyclosouvenir.be\/wp-content\/uploads\/2025\/07\/Sustenpass_Innertkirchen.png","contentUrl":"https:\/\/www.cyclosouvenir.be\/wp-content\/uploads\/2025\/07\/Sustenpass_Innertkirchen.png","width":250,"height":300},{"@type":"BreadcrumbList","@id":"https:\/\/www.cyclosouvenir.be\/fr\/produit\/sustenpass-innertkirchen\/#breadcrumb","itemListElement":[{"@type":"ListItem","position":1,"name":"Home","item":"https:\/\/www.cyclosouvenir.be\/fr\/"},{"@type":"ListItem","position":2,"name":"Boutique","item":"https:\/\/www.cyclosouvenir.be\/fr\/boutique\/"},{"@type":"ListItem","position":3,"name":"Sustenpass - Innertkirchen"}]},{"@type":"WebSite","@id":"https:\/\/www.cyclosouvenir.be\/fr\/#website","url":"https:\/\/www.cyclosouvenir.be\/fr\/","name":"Cyclosouvenir","description":"De trofee voor een memorabele beklimming.","publisher":{"@id":"https:\/\/www.cyclosouvenir.be\/fr\/#organization"},"potentialAction":[{"@type":"SearchAction","target":{"@type":"EntryPoint","urlTemplate":"https:\/\/www.cyclosouvenir.be\/fr\/?s={search_term_string}"},"query-input":{"@type":"PropertyValueSpecification","valueRequired":true,"valueName":"search_term_string"}}],"inLanguage":"fr-FR"},{"@type":"Organization","@id":"https:\/\/www.cyclosouvenir.be\/fr\/#organization","name":"Cyclosouvenir","url":"https:\/\/www.cyclosouvenir.be\/fr\/","logo":{"@type":"ImageObject","inLanguage":"fr-FR","@id":"https:\/\/www.cyclosouvenir.be\/fr\/#\/schema\/logo\/image\/","url":"https:\/\/www.cyclosouvenir.be\/wp-content\/uploads\/2024\/02\/Cyclosouvenir_Banner-removebg-preview.png","contentUrl":"https:\/\/www.cyclosouvenir.be\/wp-content\/uploads\/2024\/02\/Cyclosouvenir_Banner-removebg-preview.png","width":997,"height":250,"caption":"Cyclosouvenir"},"image":{"@id":"https:\/\/www.cyclosouvenir.be\/fr\/#\/schema\/logo\/image\/"}}]}},"_links":{"self":[{"href":"https:\/\/www.cyclosouvenir.be\/fr\/wp-json\/wp\/v2\/product\/15233","targetHints":{"allow":["GET"]}}],"collection":[{"href":"https:\/\/www.cyclosouvenir.be\/fr\/wp-json\/wp\/v2\/product"}],"about":[{"href":"https:\/\/www.cyclosouvenir.be\/fr\/wp-json\/wp\/v2\/types\/product"}],"replies":[{"embeddable":true,"href":"https:\/\/www.cyclosouvenir.be\/fr\/wp-json\/wp\/v2\/comments?post=15233"}],"wp:featuredmedia":[{"embeddable":true,"href":"https:\/\/www.cyclosouvenir.be\/fr\/wp-json\/wp\/v2\/media\/15182"}],"wp:attachment":[{"href":"https:\/\/www.cyclosouvenir.be\/fr\/wp-json\/wp\/v2\/media?parent=15233"}],"wp:term":[{"taxonomy":"product_brand","embeddable":true,"href":"https:\/\/www.cyclosouvenir.be\/fr\/wp-json\/wp\/v2\/product_brand?post=15233"},{"taxonomy":"product_cat","embeddable":true,"href":"https:\/\/www.cyclosouvenir.be\/fr\/wp-json\/wp\/v2\/product_cat?post=15233"},{"taxonomy":"product_tag","embeddable":true,"href":"https:\/\/www.cyclosouvenir.be\/fr\/wp-json\/wp\/v2\/product_tag?post=15233"}],"curies":[{"name":"wp","href":"https:\/\/api.w.org\/{rel}","templated":true}]}}