{"id":15236,"date":"2025-05-13T09:15:05","date_gmt":"2025-05-13T09:15:05","guid":{"rendered":"https:\/\/www.cyclosouvenir.be\/product\/ancien-kruisberg-rvv\/"},"modified":"2025-07-13T09:05:47","modified_gmt":"2025-07-13T09:05:47","slug":"ancien-kruisberg-rvv","status":"publish","type":"product","link":"https:\/\/www.cyclosouvenir.be\/fr\/produit\/ancien-kruisberg-rvv\/","title":{"rendered":"Ancien Kruisberg RVV"},"content":{"rendered":"","protected":false},"excerpt":{"rendered":"<p>Oude Kruisens ou Oude Kruisberg<i>(famili\u00e8rement<\/i>:<i>\u00ab\u00a0Ouwe Kruisies<\/i>\u00ab\u00a0) est un versant du c\u00f4t\u00e9 sud du Kruisberg dans la ville belge de Ronse dans les Ardennes flamandes. Elle a particip\u00e9 \u00e0 la finale de la classique cycliste du Tour des Flandres depuis 2014.<\/p>\n<p>Oude Kruisens ou Oude Kruisberg a \u00e9t\u00e9 inclus dans le Tour des Flandres \u00e0 19 reprises (1973-1976, 1991, 1992, 2011, 2014-2025). La pente est parall\u00e8le \u00e0 la rue Crois. Dans la pochette d&rsquo;allumettes, elle est souvent appel\u00e9e <i>Kruisberg (Oudestraat<\/i>). En 2023, Oude Kruisens ou Oude Kruisberg \u00e9tait la pente o\u00f9 l&rsquo;un des grands favoris, Wout van Aert, a d\u00fb abandonner apr\u00e8s une attaque surprenante de Mathieu van der Poel \u00e0 laquelle a r\u00e9pondu le vainqueur ult\u00e9rieur Tadej Poga\u010dar. Source : Wikipedia<\/p>\n","protected":false},"featured_media":14925,"comment_status":"open","ping_status":"closed","template":"","meta":{"_et_pb_use_builder":"","_et_pb_old_content":"","_et_gb_content_width":""},"product_brand":[],"product_cat":[3512,3521,306],"product_tag":[],"class_list":{"0":"post-15236","1":"product","2":"type-product","3":"status-publish","4":"has-post-thumbnail","6":"product_cat-belgique-fr","7":"product_cat-tour-de-flandre","8":"product_cat-bornes","9":"tm-has-options","11":"first","12":"instock","13":"taxable","14":"shipping-taxable","15":"purchasable","16":"product-type-simple"},"yoast_head":"<!-- This site is optimized with the Yoast SEO plugin v26.2 - https:\/\/yoast.com\/wordpress\/plugins\/seo\/ -->\n<title>Ancien Kruisberg RVV - Cyclosouvenir<\/title>\n<meta name=\"robots\" content=\"index, follow, max-snippet:-1, max-image-preview:large, max-video-preview:-1\" \/>\n<link rel=\"canonical\" href=\"https:\/\/www.cyclosouvenir.be\/fr\/produit\/ancien-kruisberg-rvv\/\" \/>\n<meta property=\"og:locale\" content=\"fr_FR\" \/>\n<meta property=\"og:type\" content=\"article\" \/>\n<meta property=\"og:title\" content=\"Ancien Kruisberg RVV - Cyclosouvenir\" \/>\n<meta property=\"og:description\" content=\"Oude Kruisens ou Oude Kruisberg(famili\u00e8rement:&quot;Ouwe Kruisies&quot;) est un versant du c\u00f4t\u00e9 sud du Kruisberg dans la ville belge de Ronse dans les Ardennes flamandes. Elle a particip\u00e9 \u00e0 la finale de la classique cycliste du Tour des Flandres depuis 2014. Oude Kruisens ou Oude Kruisberg a \u00e9t\u00e9 inclus dans le Tour des Flandres \u00e0 19 reprises (1973-1976, 1991, 1992, 2011, 2014-2025). La pente est parall\u00e8le \u00e0 la rue Crois. Dans la pochette d&#039;allumettes, elle est souvent appel\u00e9e Kruisberg (Oudestraat). En 2023, Oude Kruisens ou Oude Kruisberg \u00e9tait la pente o\u00f9 l&#039;un des grands favoris, Wout van Aert, a d\u00fb abandonner apr\u00e8s une attaque surprenante de Mathieu van der Poel \u00e0 laquelle a r\u00e9pondu le vainqueur ult\u00e9rieur Tadej Poga\u010dar. Source : Wikipedia\" \/>\n<meta property=\"og:url\" content=\"https:\/\/www.cyclosouvenir.be\/fr\/produit\/ancien-kruisberg-rvv\/\" \/>\n<meta property=\"og:site_name\" content=\"Cyclosouvenir\" \/>\n<meta property=\"article:modified_time\" content=\"2025-07-13T09:05:47+00:00\" \/>\n<meta property=\"og:image\" content=\"https:\/\/www.cyclosouvenir.be\/wp-content\/uploads\/2025\/05\/Oude_Kruisberg_RVV.png\" \/>\n\t<meta property=\"og:image:width\" content=\"250\" \/>\n\t<meta property=\"og:image:height\" content=\"300\" \/>\n\t<meta property=\"og:image:type\" content=\"image\/png\" \/>\n<meta name=\"twitter:card\" content=\"summary_large_image\" \/>\n<script type=\"application\/ld+json\" class=\"yoast-schema-graph\">{\"@context\":\"https:\/\/schema.org\",\"@graph\":[{\"@type\":\"WebPage\",\"@id\":\"https:\/\/www.cyclosouvenir.be\/fr\/produit\/ancien-kruisberg-rvv\/\",\"url\":\"https:\/\/www.cyclosouvenir.be\/fr\/produit\/ancien-kruisberg-rvv\/\",\"name\":\"Ancien Kruisberg RVV - Cyclosouvenir\",\"isPartOf\":{\"@id\":\"https:\/\/www.cyclosouvenir.be\/fr\/#website\"},\"primaryImageOfPage\":{\"@id\":\"https:\/\/www.cyclosouvenir.be\/fr\/produit\/ancien-kruisberg-rvv\/#primaryimage\"},\"image\":{\"@id\":\"https:\/\/www.cyclosouvenir.be\/fr\/produit\/ancien-kruisberg-rvv\/#primaryimage\"},\"thumbnailUrl\":\"https:\/\/www.cyclosouvenir.be\/wp-content\/uploads\/2025\/05\/Oude_Kruisberg_RVV.png\",\"datePublished\":\"2025-05-13T09:15:05+00:00\",\"dateModified\":\"2025-07-13T09:05:47+00:00\",\"breadcrumb\":{\"@id\":\"https:\/\/www.cyclosouvenir.be\/fr\/produit\/ancien-kruisberg-rvv\/#breadcrumb\"},\"inLanguage\":\"fr-FR\",\"potentialAction\":[{\"@type\":\"ReadAction\",\"target\":[\"https:\/\/www.cyclosouvenir.be\/fr\/produit\/ancien-kruisberg-rvv\/\"]}]},{\"@type\":\"ImageObject\",\"inLanguage\":\"fr-FR\",\"@id\":\"https:\/\/www.cyclosouvenir.be\/fr\/produit\/ancien-kruisberg-rvv\/#primaryimage\",\"url\":\"https:\/\/www.cyclosouvenir.be\/wp-content\/uploads\/2025\/05\/Oude_Kruisberg_RVV.png\",\"contentUrl\":\"https:\/\/www.cyclosouvenir.be\/wp-content\/uploads\/2025\/05\/Oude_Kruisberg_RVV.png\",\"width\":250,\"height\":300},{\"@type\":\"BreadcrumbList\",\"@id\":\"https:\/\/www.cyclosouvenir.be\/fr\/produit\/ancien-kruisberg-rvv\/#breadcrumb\",\"itemListElement\":[{\"@type\":\"ListItem\",\"position\":1,\"name\":\"Home\",\"item\":\"https:\/\/www.cyclosouvenir.be\/fr\/\"},{\"@type\":\"ListItem\",\"position\":2,\"name\":\"Boutique\",\"item\":\"https:\/\/www.cyclosouvenir.be\/fr\/boutique\/\"},{\"@type\":\"ListItem\",\"position\":3,\"name\":\"Ancien Kruisberg RVV\"}]},{\"@type\":\"WebSite\",\"@id\":\"https:\/\/www.cyclosouvenir.be\/fr\/#website\",\"url\":\"https:\/\/www.cyclosouvenir.be\/fr\/\",\"name\":\"Cyclosouvenir\",\"description\":\"De trofee voor een memorabele beklimming.\",\"publisher\":{\"@id\":\"https:\/\/www.cyclosouvenir.be\/fr\/#organization\"},\"potentialAction\":[{\"@type\":\"SearchAction\",\"target\":{\"@type\":\"EntryPoint\",\"urlTemplate\":\"https:\/\/www.cyclosouvenir.be\/fr\/?s={search_term_string}\"},\"query-input\":{\"@type\":\"PropertyValueSpecification\",\"valueRequired\":true,\"valueName\":\"search_term_string\"}}],\"inLanguage\":\"fr-FR\"},{\"@type\":\"Organization\",\"@id\":\"https:\/\/www.cyclosouvenir.be\/fr\/#organization\",\"name\":\"Cyclosouvenir\",\"url\":\"https:\/\/www.cyclosouvenir.be\/fr\/\",\"logo\":{\"@type\":\"ImageObject\",\"inLanguage\":\"fr-FR\",\"@id\":\"https:\/\/www.cyclosouvenir.be\/fr\/#\/schema\/logo\/image\/\",\"url\":\"https:\/\/www.cyclosouvenir.be\/wp-content\/uploads\/2024\/02\/Cyclosouvenir_Banner-removebg-preview.png\",\"contentUrl\":\"https:\/\/www.cyclosouvenir.be\/wp-content\/uploads\/2024\/02\/Cyclosouvenir_Banner-removebg-preview.png\",\"width\":997,\"height\":250,\"caption\":\"Cyclosouvenir\"},\"image\":{\"@id\":\"https:\/\/www.cyclosouvenir.be\/fr\/#\/schema\/logo\/image\/\"}}]}<\/script>\n<!-- \/ Yoast SEO plugin. -->","yoast_head_json":{"title":"Ancien Kruisberg RVV - Cyclosouvenir","robots":{"index":"index","follow":"follow","max-snippet":"max-snippet:-1","max-image-preview":"max-image-preview:large","max-video-preview":"max-video-preview:-1"},"canonical":"https:\/\/www.cyclosouvenir.be\/fr\/produit\/ancien-kruisberg-rvv\/","og_locale":"fr_FR","og_type":"article","og_title":"Ancien Kruisberg RVV - Cyclosouvenir","og_description":"Oude Kruisens ou Oude Kruisberg(famili\u00e8rement:\"Ouwe Kruisies\") est un versant du c\u00f4t\u00e9 sud du Kruisberg dans la ville belge de Ronse dans les Ardennes flamandes. Elle a particip\u00e9 \u00e0 la finale de la classique cycliste du Tour des Flandres depuis 2014. Oude Kruisens ou Oude Kruisberg a \u00e9t\u00e9 inclus dans le Tour des Flandres \u00e0 19 reprises (1973-1976, 1991, 1992, 2011, 2014-2025). La pente est parall\u00e8le \u00e0 la rue Crois. Dans la pochette d'allumettes, elle est souvent appel\u00e9e Kruisberg (Oudestraat). En 2023, Oude Kruisens ou Oude Kruisberg \u00e9tait la pente o\u00f9 l'un des grands favoris, Wout van Aert, a d\u00fb abandonner apr\u00e8s une attaque surprenante de Mathieu van der Poel \u00e0 laquelle a r\u00e9pondu le vainqueur ult\u00e9rieur Tadej Poga\u010dar. Source : Wikipedia","og_url":"https:\/\/www.cyclosouvenir.be\/fr\/produit\/ancien-kruisberg-rvv\/","og_site_name":"Cyclosouvenir","article_modified_time":"2025-07-13T09:05:47+00:00","og_image":[{"width":250,"height":300,"url":"https:\/\/www.cyclosouvenir.be\/wp-content\/uploads\/2025\/05\/Oude_Kruisberg_RVV.png","type":"image\/png"}],"twitter_card":"summary_large_image","schema":{"@context":"https:\/\/schema.org","@graph":[{"@type":"WebPage","@id":"https:\/\/www.cyclosouvenir.be\/fr\/produit\/ancien-kruisberg-rvv\/","url":"https:\/\/www.cyclosouvenir.be\/fr\/produit\/ancien-kruisberg-rvv\/","name":"Ancien Kruisberg RVV - Cyclosouvenir","isPartOf":{"@id":"https:\/\/www.cyclosouvenir.be\/fr\/#website"},"primaryImageOfPage":{"@id":"https:\/\/www.cyclosouvenir.be\/fr\/produit\/ancien-kruisberg-rvv\/#primaryimage"},"image":{"@id":"https:\/\/www.cyclosouvenir.be\/fr\/produit\/ancien-kruisberg-rvv\/#primaryimage"},"thumbnailUrl":"https:\/\/www.cyclosouvenir.be\/wp-content\/uploads\/2025\/05\/Oude_Kruisberg_RVV.png","datePublished":"2025-05-13T09:15:05+00:00","dateModified":"2025-07-13T09:05:47+00:00","breadcrumb":{"@id":"https:\/\/www.cyclosouvenir.be\/fr\/produit\/ancien-kruisberg-rvv\/#breadcrumb"},"inLanguage":"fr-FR","potentialAction":[{"@type":"ReadAction","target":["https:\/\/www.cyclosouvenir.be\/fr\/produit\/ancien-kruisberg-rvv\/"]}]},{"@type":"ImageObject","inLanguage":"fr-FR","@id":"https:\/\/www.cyclosouvenir.be\/fr\/produit\/ancien-kruisberg-rvv\/#primaryimage","url":"https:\/\/www.cyclosouvenir.be\/wp-content\/uploads\/2025\/05\/Oude_Kruisberg_RVV.png","contentUrl":"https:\/\/www.cyclosouvenir.be\/wp-content\/uploads\/2025\/05\/Oude_Kruisberg_RVV.png","width":250,"height":300},{"@type":"BreadcrumbList","@id":"https:\/\/www.cyclosouvenir.be\/fr\/produit\/ancien-kruisberg-rvv\/#breadcrumb","itemListElement":[{"@type":"ListItem","position":1,"name":"Home","item":"https:\/\/www.cyclosouvenir.be\/fr\/"},{"@type":"ListItem","position":2,"name":"Boutique","item":"https:\/\/www.cyclosouvenir.be\/fr\/boutique\/"},{"@type":"ListItem","position":3,"name":"Ancien Kruisberg RVV"}]},{"@type":"WebSite","@id":"https:\/\/www.cyclosouvenir.be\/fr\/#website","url":"https:\/\/www.cyclosouvenir.be\/fr\/","name":"Cyclosouvenir","description":"De trofee voor een memorabele beklimming.","publisher":{"@id":"https:\/\/www.cyclosouvenir.be\/fr\/#organization"},"potentialAction":[{"@type":"SearchAction","target":{"@type":"EntryPoint","urlTemplate":"https:\/\/www.cyclosouvenir.be\/fr\/?s={search_term_string}"},"query-input":{"@type":"PropertyValueSpecification","valueRequired":true,"valueName":"search_term_string"}}],"inLanguage":"fr-FR"},{"@type":"Organization","@id":"https:\/\/www.cyclosouvenir.be\/fr\/#organization","name":"Cyclosouvenir","url":"https:\/\/www.cyclosouvenir.be\/fr\/","logo":{"@type":"ImageObject","inLanguage":"fr-FR","@id":"https:\/\/www.cyclosouvenir.be\/fr\/#\/schema\/logo\/image\/","url":"https:\/\/www.cyclosouvenir.be\/wp-content\/uploads\/2024\/02\/Cyclosouvenir_Banner-removebg-preview.png","contentUrl":"https:\/\/www.cyclosouvenir.be\/wp-content\/uploads\/2024\/02\/Cyclosouvenir_Banner-removebg-preview.png","width":997,"height":250,"caption":"Cyclosouvenir"},"image":{"@id":"https:\/\/www.cyclosouvenir.be\/fr\/#\/schema\/logo\/image\/"}}]}},"_links":{"self":[{"href":"https:\/\/www.cyclosouvenir.be\/fr\/wp-json\/wp\/v2\/product\/15236","targetHints":{"allow":["GET"]}}],"collection":[{"href":"https:\/\/www.cyclosouvenir.be\/fr\/wp-json\/wp\/v2\/product"}],"about":[{"href":"https:\/\/www.cyclosouvenir.be\/fr\/wp-json\/wp\/v2\/types\/product"}],"replies":[{"embeddable":true,"href":"https:\/\/www.cyclosouvenir.be\/fr\/wp-json\/wp\/v2\/comments?post=15236"}],"wp:featuredmedia":[{"embeddable":true,"href":"https:\/\/www.cyclosouvenir.be\/fr\/wp-json\/wp\/v2\/media\/14925"}],"wp:attachment":[{"href":"https:\/\/www.cyclosouvenir.be\/fr\/wp-json\/wp\/v2\/media?parent=15236"}],"wp:term":[{"taxonomy":"product_brand","embeddable":true,"href":"https:\/\/www.cyclosouvenir.be\/fr\/wp-json\/wp\/v2\/product_brand?post=15236"},{"taxonomy":"product_cat","embeddable":true,"href":"https:\/\/www.cyclosouvenir.be\/fr\/wp-json\/wp\/v2\/product_cat?post=15236"},{"taxonomy":"product_tag","embeddable":true,"href":"https:\/\/www.cyclosouvenir.be\/fr\/wp-json\/wp\/v2\/product_tag?post=15236"}],"curies":[{"name":"wp","href":"https:\/\/api.w.org\/{rel}","templated":true}]}}