{"id":16158,"date":"2025-11-19T09:55:03","date_gmt":"2025-11-19T09:55:03","guid":{"rendered":"https:\/\/www.cyclosouvenir.be\/product\/gulperberg-agr\/"},"modified":"2025-11-19T09:55:03","modified_gmt":"2025-11-19T09:55:03","slug":"gulperberg-agr","status":"publish","type":"product","link":"https:\/\/www.cyclosouvenir.be\/fr\/produit\/gulperberg-agr\/","title":{"rendered":"Gulperberg AGR"},"content":{"rendered":"","protected":false},"excerpt":{"rendered":"<p>Le Gulperberg ou Gulpenerberg est une colline de la r\u00e9gion de Heuvelland situ\u00e9e pr\u00e8s de Gulpen dans le sud de la province n\u00e9erlandaise du Limbourg. Au sommet de la montagne Gulper se trouve le monument Maria en b\u00e9ton de 1935, \u0153uvre du sculpteur Charles Vos et de l&rsquo;architecte Piet Gerrits.<\/p>\n<p>Le chemin le plus facile pour monter au Gulperberg est de passer par le <i>Roi d&rsquo;Espagne<\/i>, dont le nom remonte \u00e0 la guerre de Quatre-vingts ans. Le roi d&rsquo;Espagne aurait alors occup\u00e9 la colline pendant un certain temps. Les mont\u00e9es par le Roi d&rsquo;Espagne, les c\u00f4t\u00e9s ouest et est ont \u00e9t\u00e9 incluses \u00e0 plusieurs reprises dans la <a title=\"Cyclisme classique\" href=\"https:\/\/nl.wikipedia.org\/wiki\/Wielerklassieker\">classique cycliste<\/a> Amstel Gold Race. La mont\u00e9e par le c\u00f4t\u00e9 ouest est ensuite escalad\u00e9e une fois en tant que quinzi\u00e8me mont\u00e9e, entre Eperheide et le Plettenberg. La mont\u00e9e par le c\u00f4t\u00e9 est est \u00e9galement escalad\u00e9e une fois, en tant que vingt-sixi\u00e8me mont\u00e9e, entre Loorberg et Kruisberg.<\/p>\n<p>En 2014, la mont\u00e9e faisait partie de la 7e \u00e9tape de l&rsquo;Eneco Tour. Depuis 2016, un monument en l&rsquo;honneur du journaliste cycliste limbourgeois Jean Nelissen se dresse au sommet des c\u00f4t\u00e9s ouest et est. Source : Wikipedia<\/p>\n<p>La colline est l&rsquo;\u00e9peron le plus septentrional du <a title=\"Plateau de Crapoel\" href=\"https:\/\/nl.wikipedia.org\/wiki\/Plateau_van_Crapoel\">plateau de Crapoel<\/a>.<\/p>\n","protected":false},"featured_media":15186,"comment_status":"open","ping_status":"closed","template":"","meta":{"_et_pb_use_builder":"","_et_pb_old_content":"","_et_gb_content_width":""},"product_brand":[],"product_cat":[2577,3387,306],"product_tag":[],"class_list":{"0":"post-16158","1":"product","2":"type-product","3":"status-publish","4":"has-post-thumbnail","6":"product_cat-nederland-fr","7":"product_cat-agr-fr","8":"product_cat-bornes","9":"tm-has-options","11":"first","12":"instock","13":"taxable","14":"shipping-taxable","15":"purchasable","16":"product-type-simple"},"yoast_head":"<!-- This site is optimized with the Yoast SEO plugin v26.2 - https:\/\/yoast.com\/wordpress\/plugins\/seo\/ -->\n<title>Gulperberg AGR - Cyclosouvenir<\/title>\n<meta name=\"robots\" content=\"index, follow, max-snippet:-1, max-image-preview:large, max-video-preview:-1\" \/>\n<link rel=\"canonical\" href=\"https:\/\/www.cyclosouvenir.be\/fr\/produit\/gulperberg-agr\/\" \/>\n<meta property=\"og:locale\" content=\"fr_FR\" \/>\n<meta property=\"og:type\" content=\"article\" \/>\n<meta property=\"og:title\" content=\"Gulperberg AGR - Cyclosouvenir\" \/>\n<meta property=\"og:description\" content=\"Le Gulperberg ou Gulpenerberg est une colline de la r\u00e9gion de Heuvelland situ\u00e9e pr\u00e8s de Gulpen dans le sud de la province n\u00e9erlandaise du Limbourg. Au sommet de la montagne Gulper se trouve le monument Maria en b\u00e9ton de 1935, \u0153uvre du sculpteur Charles Vos et de l&#039;architecte Piet Gerrits. Le chemin le plus facile pour monter au Gulperberg est de passer par le Roi d&#039;Espagne, dont le nom remonte \u00e0 la guerre de Quatre-vingts ans. Le roi d&#039;Espagne aurait alors occup\u00e9 la colline pendant un certain temps. Les mont\u00e9es par le Roi d&#039;Espagne, les c\u00f4t\u00e9s ouest et est ont \u00e9t\u00e9 incluses \u00e0 plusieurs reprises dans la classique cycliste Amstel Gold Race. La mont\u00e9e par le c\u00f4t\u00e9 ouest est ensuite escalad\u00e9e une fois en tant que quinzi\u00e8me mont\u00e9e, entre Eperheide et le Plettenberg. La mont\u00e9e par le c\u00f4t\u00e9 est est \u00e9galement escalad\u00e9e une fois, en tant que vingt-sixi\u00e8me mont\u00e9e, entre Loorberg et Kruisberg. En 2014, la mont\u00e9e faisait partie de la 7e \u00e9tape de l&#039;Eneco Tour. Depuis 2016, un monument en l&#039;honneur du journaliste cycliste limbourgeois Jean Nelissen se dresse au sommet des c\u00f4t\u00e9s ouest et est. Source : Wikipedia La colline est l&#039;\u00e9peron le plus septentrional du plateau de Crapoel.\" \/>\n<meta property=\"og:url\" content=\"https:\/\/www.cyclosouvenir.be\/fr\/produit\/gulperberg-agr\/\" \/>\n<meta property=\"og:site_name\" content=\"Cyclosouvenir\" \/>\n<meta property=\"og:image\" content=\"https:\/\/www.cyclosouvenir.be\/wp-content\/uploads\/2025\/07\/Gulperberg_AGR.png\" \/>\n\t<meta property=\"og:image:width\" content=\"250\" \/>\n\t<meta property=\"og:image:height\" content=\"300\" \/>\n\t<meta property=\"og:image:type\" content=\"image\/png\" \/>\n<meta name=\"twitter:card\" content=\"summary_large_image\" \/>\n<script type=\"application\/ld+json\" class=\"yoast-schema-graph\">{\"@context\":\"https:\/\/schema.org\",\"@graph\":[{\"@type\":\"WebPage\",\"@id\":\"https:\/\/www.cyclosouvenir.be\/fr\/produit\/gulperberg-agr\/\",\"url\":\"https:\/\/www.cyclosouvenir.be\/fr\/produit\/gulperberg-agr\/\",\"name\":\"Gulperberg AGR - Cyclosouvenir\",\"isPartOf\":{\"@id\":\"https:\/\/www.cyclosouvenir.be\/fr\/#website\"},\"primaryImageOfPage\":{\"@id\":\"https:\/\/www.cyclosouvenir.be\/fr\/produit\/gulperberg-agr\/#primaryimage\"},\"image\":{\"@id\":\"https:\/\/www.cyclosouvenir.be\/fr\/produit\/gulperberg-agr\/#primaryimage\"},\"thumbnailUrl\":\"https:\/\/www.cyclosouvenir.be\/wp-content\/uploads\/2025\/07\/Gulperberg_AGR.png\",\"datePublished\":\"2025-11-19T09:55:03+00:00\",\"breadcrumb\":{\"@id\":\"https:\/\/www.cyclosouvenir.be\/fr\/produit\/gulperberg-agr\/#breadcrumb\"},\"inLanguage\":\"fr-FR\",\"potentialAction\":[{\"@type\":\"ReadAction\",\"target\":[\"https:\/\/www.cyclosouvenir.be\/fr\/produit\/gulperberg-agr\/\"]}]},{\"@type\":\"ImageObject\",\"inLanguage\":\"fr-FR\",\"@id\":\"https:\/\/www.cyclosouvenir.be\/fr\/produit\/gulperberg-agr\/#primaryimage\",\"url\":\"https:\/\/www.cyclosouvenir.be\/wp-content\/uploads\/2025\/07\/Gulperberg_AGR.png\",\"contentUrl\":\"https:\/\/www.cyclosouvenir.be\/wp-content\/uploads\/2025\/07\/Gulperberg_AGR.png\",\"width\":250,\"height\":300},{\"@type\":\"BreadcrumbList\",\"@id\":\"https:\/\/www.cyclosouvenir.be\/fr\/produit\/gulperberg-agr\/#breadcrumb\",\"itemListElement\":[{\"@type\":\"ListItem\",\"position\":1,\"name\":\"Home\",\"item\":\"https:\/\/www.cyclosouvenir.be\/fr\/\"},{\"@type\":\"ListItem\",\"position\":2,\"name\":\"Boutique\",\"item\":\"https:\/\/www.cyclosouvenir.be\/fr\/boutique\/\"},{\"@type\":\"ListItem\",\"position\":3,\"name\":\"Gulperberg AGR\"}]},{\"@type\":\"WebSite\",\"@id\":\"https:\/\/www.cyclosouvenir.be\/fr\/#website\",\"url\":\"https:\/\/www.cyclosouvenir.be\/fr\/\",\"name\":\"Cyclosouvenir\",\"description\":\"De trofee voor een memorabele beklimming.\",\"publisher\":{\"@id\":\"https:\/\/www.cyclosouvenir.be\/fr\/#organization\"},\"potentialAction\":[{\"@type\":\"SearchAction\",\"target\":{\"@type\":\"EntryPoint\",\"urlTemplate\":\"https:\/\/www.cyclosouvenir.be\/fr\/?s={search_term_string}\"},\"query-input\":{\"@type\":\"PropertyValueSpecification\",\"valueRequired\":true,\"valueName\":\"search_term_string\"}}],\"inLanguage\":\"fr-FR\"},{\"@type\":\"Organization\",\"@id\":\"https:\/\/www.cyclosouvenir.be\/fr\/#organization\",\"name\":\"Cyclosouvenir\",\"url\":\"https:\/\/www.cyclosouvenir.be\/fr\/\",\"logo\":{\"@type\":\"ImageObject\",\"inLanguage\":\"fr-FR\",\"@id\":\"https:\/\/www.cyclosouvenir.be\/fr\/#\/schema\/logo\/image\/\",\"url\":\"https:\/\/www.cyclosouvenir.be\/wp-content\/uploads\/2024\/02\/Cyclosouvenir_Banner-removebg-preview.png\",\"contentUrl\":\"https:\/\/www.cyclosouvenir.be\/wp-content\/uploads\/2024\/02\/Cyclosouvenir_Banner-removebg-preview.png\",\"width\":997,\"height\":250,\"caption\":\"Cyclosouvenir\"},\"image\":{\"@id\":\"https:\/\/www.cyclosouvenir.be\/fr\/#\/schema\/logo\/image\/\"}}]}<\/script>\n<!-- \/ Yoast SEO plugin. -->","yoast_head_json":{"title":"Gulperberg AGR - Cyclosouvenir","robots":{"index":"index","follow":"follow","max-snippet":"max-snippet:-1","max-image-preview":"max-image-preview:large","max-video-preview":"max-video-preview:-1"},"canonical":"https:\/\/www.cyclosouvenir.be\/fr\/produit\/gulperberg-agr\/","og_locale":"fr_FR","og_type":"article","og_title":"Gulperberg AGR - Cyclosouvenir","og_description":"Le Gulperberg ou Gulpenerberg est une colline de la r\u00e9gion de Heuvelland situ\u00e9e pr\u00e8s de Gulpen dans le sud de la province n\u00e9erlandaise du Limbourg. Au sommet de la montagne Gulper se trouve le monument Maria en b\u00e9ton de 1935, \u0153uvre du sculpteur Charles Vos et de l'architecte Piet Gerrits. Le chemin le plus facile pour monter au Gulperberg est de passer par le Roi d'Espagne, dont le nom remonte \u00e0 la guerre de Quatre-vingts ans. Le roi d'Espagne aurait alors occup\u00e9 la colline pendant un certain temps. Les mont\u00e9es par le Roi d'Espagne, les c\u00f4t\u00e9s ouest et est ont \u00e9t\u00e9 incluses \u00e0 plusieurs reprises dans la classique cycliste Amstel Gold Race. La mont\u00e9e par le c\u00f4t\u00e9 ouest est ensuite escalad\u00e9e une fois en tant que quinzi\u00e8me mont\u00e9e, entre Eperheide et le Plettenberg. La mont\u00e9e par le c\u00f4t\u00e9 est est \u00e9galement escalad\u00e9e une fois, en tant que vingt-sixi\u00e8me mont\u00e9e, entre Loorberg et Kruisberg. En 2014, la mont\u00e9e faisait partie de la 7e \u00e9tape de l'Eneco Tour. Depuis 2016, un monument en l'honneur du journaliste cycliste limbourgeois Jean Nelissen se dresse au sommet des c\u00f4t\u00e9s ouest et est. Source : Wikipedia La colline est l'\u00e9peron le plus septentrional du plateau de Crapoel.","og_url":"https:\/\/www.cyclosouvenir.be\/fr\/produit\/gulperberg-agr\/","og_site_name":"Cyclosouvenir","og_image":[{"width":250,"height":300,"url":"https:\/\/www.cyclosouvenir.be\/wp-content\/uploads\/2025\/07\/Gulperberg_AGR.png","type":"image\/png"}],"twitter_card":"summary_large_image","schema":{"@context":"https:\/\/schema.org","@graph":[{"@type":"WebPage","@id":"https:\/\/www.cyclosouvenir.be\/fr\/produit\/gulperberg-agr\/","url":"https:\/\/www.cyclosouvenir.be\/fr\/produit\/gulperberg-agr\/","name":"Gulperberg AGR - Cyclosouvenir","isPartOf":{"@id":"https:\/\/www.cyclosouvenir.be\/fr\/#website"},"primaryImageOfPage":{"@id":"https:\/\/www.cyclosouvenir.be\/fr\/produit\/gulperberg-agr\/#primaryimage"},"image":{"@id":"https:\/\/www.cyclosouvenir.be\/fr\/produit\/gulperberg-agr\/#primaryimage"},"thumbnailUrl":"https:\/\/www.cyclosouvenir.be\/wp-content\/uploads\/2025\/07\/Gulperberg_AGR.png","datePublished":"2025-11-19T09:55:03+00:00","breadcrumb":{"@id":"https:\/\/www.cyclosouvenir.be\/fr\/produit\/gulperberg-agr\/#breadcrumb"},"inLanguage":"fr-FR","potentialAction":[{"@type":"ReadAction","target":["https:\/\/www.cyclosouvenir.be\/fr\/produit\/gulperberg-agr\/"]}]},{"@type":"ImageObject","inLanguage":"fr-FR","@id":"https:\/\/www.cyclosouvenir.be\/fr\/produit\/gulperberg-agr\/#primaryimage","url":"https:\/\/www.cyclosouvenir.be\/wp-content\/uploads\/2025\/07\/Gulperberg_AGR.png","contentUrl":"https:\/\/www.cyclosouvenir.be\/wp-content\/uploads\/2025\/07\/Gulperberg_AGR.png","width":250,"height":300},{"@type":"BreadcrumbList","@id":"https:\/\/www.cyclosouvenir.be\/fr\/produit\/gulperberg-agr\/#breadcrumb","itemListElement":[{"@type":"ListItem","position":1,"name":"Home","item":"https:\/\/www.cyclosouvenir.be\/fr\/"},{"@type":"ListItem","position":2,"name":"Boutique","item":"https:\/\/www.cyclosouvenir.be\/fr\/boutique\/"},{"@type":"ListItem","position":3,"name":"Gulperberg AGR"}]},{"@type":"WebSite","@id":"https:\/\/www.cyclosouvenir.be\/fr\/#website","url":"https:\/\/www.cyclosouvenir.be\/fr\/","name":"Cyclosouvenir","description":"De trofee voor een memorabele beklimming.","publisher":{"@id":"https:\/\/www.cyclosouvenir.be\/fr\/#organization"},"potentialAction":[{"@type":"SearchAction","target":{"@type":"EntryPoint","urlTemplate":"https:\/\/www.cyclosouvenir.be\/fr\/?s={search_term_string}"},"query-input":{"@type":"PropertyValueSpecification","valueRequired":true,"valueName":"search_term_string"}}],"inLanguage":"fr-FR"},{"@type":"Organization","@id":"https:\/\/www.cyclosouvenir.be\/fr\/#organization","name":"Cyclosouvenir","url":"https:\/\/www.cyclosouvenir.be\/fr\/","logo":{"@type":"ImageObject","inLanguage":"fr-FR","@id":"https:\/\/www.cyclosouvenir.be\/fr\/#\/schema\/logo\/image\/","url":"https:\/\/www.cyclosouvenir.be\/wp-content\/uploads\/2024\/02\/Cyclosouvenir_Banner-removebg-preview.png","contentUrl":"https:\/\/www.cyclosouvenir.be\/wp-content\/uploads\/2024\/02\/Cyclosouvenir_Banner-removebg-preview.png","width":997,"height":250,"caption":"Cyclosouvenir"},"image":{"@id":"https:\/\/www.cyclosouvenir.be\/fr\/#\/schema\/logo\/image\/"}}]}},"_links":{"self":[{"href":"https:\/\/www.cyclosouvenir.be\/fr\/wp-json\/wp\/v2\/product\/16158","targetHints":{"allow":["GET"]}}],"collection":[{"href":"https:\/\/www.cyclosouvenir.be\/fr\/wp-json\/wp\/v2\/product"}],"about":[{"href":"https:\/\/www.cyclosouvenir.be\/fr\/wp-json\/wp\/v2\/types\/product"}],"replies":[{"embeddable":true,"href":"https:\/\/www.cyclosouvenir.be\/fr\/wp-json\/wp\/v2\/comments?post=16158"}],"wp:featuredmedia":[{"embeddable":true,"href":"https:\/\/www.cyclosouvenir.be\/fr\/wp-json\/wp\/v2\/media\/15186"}],"wp:attachment":[{"href":"https:\/\/www.cyclosouvenir.be\/fr\/wp-json\/wp\/v2\/media?parent=16158"}],"wp:term":[{"taxonomy":"product_brand","embeddable":true,"href":"https:\/\/www.cyclosouvenir.be\/fr\/wp-json\/wp\/v2\/product_brand?post=16158"},{"taxonomy":"product_cat","embeddable":true,"href":"https:\/\/www.cyclosouvenir.be\/fr\/wp-json\/wp\/v2\/product_cat?post=16158"},{"taxonomy":"product_tag","embeddable":true,"href":"https:\/\/www.cyclosouvenir.be\/fr\/wp-json\/wp\/v2\/product_tag?post=16158"}],"curies":[{"name":"wp","href":"https:\/\/api.w.org\/{rel}","templated":true}]}}