{"id":11131,"date":"2024-02-13T11:38:51","date_gmt":"2024-02-13T11:38:51","guid":{"rendered":"https:\/\/demo9.inetproductions.be\/product\/lagos-de-covadonga-soto-de-cangas\/"},"modified":"2025-07-13T09:16:57","modified_gmt":"2025-07-13T09:16:57","slug":"lagos-de-covadonga-soto-de-cangas","status":"publish","type":"product","link":"https:\/\/www.cyclosouvenir.be\/it\/prodotto\/lagos-de-covadonga-soto-de-cangas\/","title":{"rendered":"Lagos de Covadonga &#8211; Soto de Cangas"},"content":{"rendered":"","protected":false},"excerpt":{"rendered":"<p>I Laghi di Covadonga sono due laghi glaciali situati nel Principato delle Asturie, in Spagna, a un&#8217;altitudine di 1.134 metri. Questi due laghi, conosciuti anche come Laghi di Enol, sono il Lago Enol e il Lago Ercina. Si trovano nella regione dei Picos de Europa, nel cuore del Parco Nazionale dei Picos de Europa, istituito nel 1918.  <\/p>\n<p>Il Percorso dei Laghi di Covadonga \u00e8 una salita famosa nel ciclismo, essendo stata utilizzata pi\u00f9 volte nel Giro di Spagna dal 1983. La salita ai laghi \u00e8 lunga 12,6 chilometri, con una pendenza media del 7,3% e un dislivello di 1.056 metri. Il tratto noto come La Huesera, a 7 chilometri dalla vetta, \u00e8 il pi\u00f9 difficile, con una pendenza del 15% su 800 metri.  <\/p>\n<p>La salita dei Laghi di Covadonga \u00e8 considerata l&#8217;equivalente dell&#8217;Alpe d&#8217;Huez del Tour de France nel Giro di Spagna. Entrambe le salite sono regolarmente presenti nei rispettivi Tour. <\/p>\n","protected":false},"featured_media":1642,"comment_status":"closed","ping_status":"closed","template":"","meta":{"_et_pb_use_builder":"","_et_pb_old_content":"","_et_gb_content_width":""},"product_brand":[],"product_cat":[3615,562,2596],"product_tag":[],"class_list":{"0":"post-11131","1":"product","2":"type-product","3":"status-publish","4":"has-post-thumbnail","6":"product_cat-asturie-it","7":"product_cat-cippi","8":"product_cat-spagna","9":"tm-has-options","11":"first","12":"instock","13":"taxable","14":"shipping-taxable","15":"purchasable","16":"product-type-simple"},"yoast_head":"<!-- This site is optimized with the Yoast SEO plugin v26.2 - https:\/\/yoast.com\/wordpress\/plugins\/seo\/ -->\n<title>Lagos de Covadonga - Soto de Cangas - Cyclosouvenir<\/title>\n<meta name=\"robots\" content=\"index, follow, max-snippet:-1, max-image-preview:large, max-video-preview:-1\" \/>\n<link rel=\"canonical\" href=\"https:\/\/www.cyclosouvenir.be\/it\/prodotto\/lagos-de-covadonga-soto-de-cangas\/\" \/>\n<meta property=\"og:locale\" content=\"it_IT\" \/>\n<meta property=\"og:type\" content=\"article\" \/>\n<meta property=\"og:title\" content=\"Lagos de Covadonga - Soto de Cangas - Cyclosouvenir\" \/>\n<meta property=\"og:description\" content=\"I Laghi di Covadonga sono due laghi glaciali situati nel Principato delle Asturie, in Spagna, a un&#039;altitudine di 1.134 metri. Questi due laghi, conosciuti anche come Laghi di Enol, sono il Lago Enol e il Lago Ercina. Si trovano nella regione dei Picos de Europa, nel cuore del Parco Nazionale dei Picos de Europa, istituito nel 1918.  Il Percorso dei Laghi di Covadonga \u00e8 una salita famosa nel ciclismo, essendo stata utilizzata pi\u00f9 volte nel Giro di Spagna dal 1983. La salita ai laghi \u00e8 lunga 12,6 chilometri, con una pendenza media del 7,3% e un dislivello di 1.056 metri. Il tratto noto come La Huesera, a 7 chilometri dalla vetta, \u00e8 il pi\u00f9 difficile, con una pendenza del 15% su 800 metri.  La salita dei Laghi di Covadonga \u00e8 considerata l&#039;equivalente dell&#039;Alpe d&#039;Huez del Tour de France nel Giro di Spagna. Entrambe le salite sono regolarmente presenti nei rispettivi Tour.\" \/>\n<meta property=\"og:url\" content=\"https:\/\/www.cyclosouvenir.be\/it\/prodotto\/lagos-de-covadonga-soto-de-cangas\/\" \/>\n<meta property=\"og:site_name\" content=\"Cyclosouvenir\" \/>\n<meta property=\"article:modified_time\" content=\"2025-07-13T09:16:57+00:00\" \/>\n<meta property=\"og:image\" content=\"https:\/\/www.cyclosouvenir.be\/wp-content\/uploads\/2024\/02\/Lagos_de_Covadonga_Soto_de_Cangas.png\" \/>\n\t<meta property=\"og:image:width\" content=\"250\" \/>\n\t<meta property=\"og:image:height\" content=\"300\" \/>\n\t<meta property=\"og:image:type\" content=\"image\/png\" \/>\n<meta name=\"twitter:card\" content=\"summary_large_image\" \/>\n<script type=\"application\/ld+json\" class=\"yoast-schema-graph\">{\"@context\":\"https:\/\/schema.org\",\"@graph\":[{\"@type\":\"WebPage\",\"@id\":\"https:\/\/www.cyclosouvenir.be\/it\/prodotto\/lagos-de-covadonga-soto-de-cangas\/\",\"url\":\"https:\/\/www.cyclosouvenir.be\/it\/prodotto\/lagos-de-covadonga-soto-de-cangas\/\",\"name\":\"Lagos de Covadonga - Soto de Cangas - Cyclosouvenir\",\"isPartOf\":{\"@id\":\"https:\/\/www.cyclosouvenir.be\/it\/#website\"},\"primaryImageOfPage\":{\"@id\":\"https:\/\/www.cyclosouvenir.be\/it\/prodotto\/lagos-de-covadonga-soto-de-cangas\/#primaryimage\"},\"image\":{\"@id\":\"https:\/\/www.cyclosouvenir.be\/it\/prodotto\/lagos-de-covadonga-soto-de-cangas\/#primaryimage\"},\"thumbnailUrl\":\"https:\/\/www.cyclosouvenir.be\/wp-content\/uploads\/2024\/02\/Lagos_de_Covadonga_Soto_de_Cangas.png\",\"datePublished\":\"2024-02-13T11:38:51+00:00\",\"dateModified\":\"2025-07-13T09:16:57+00:00\",\"breadcrumb\":{\"@id\":\"https:\/\/www.cyclosouvenir.be\/it\/prodotto\/lagos-de-covadonga-soto-de-cangas\/#breadcrumb\"},\"inLanguage\":\"it-IT\",\"potentialAction\":[{\"@type\":\"ReadAction\",\"target\":[\"https:\/\/www.cyclosouvenir.be\/it\/prodotto\/lagos-de-covadonga-soto-de-cangas\/\"]}]},{\"@type\":\"ImageObject\",\"inLanguage\":\"it-IT\",\"@id\":\"https:\/\/www.cyclosouvenir.be\/it\/prodotto\/lagos-de-covadonga-soto-de-cangas\/#primaryimage\",\"url\":\"https:\/\/www.cyclosouvenir.be\/wp-content\/uploads\/2024\/02\/Lagos_de_Covadonga_Soto_de_Cangas.png\",\"contentUrl\":\"https:\/\/www.cyclosouvenir.be\/wp-content\/uploads\/2024\/02\/Lagos_de_Covadonga_Soto_de_Cangas.png\",\"width\":250,\"height\":300},{\"@type\":\"BreadcrumbList\",\"@id\":\"https:\/\/www.cyclosouvenir.be\/it\/prodotto\/lagos-de-covadonga-soto-de-cangas\/#breadcrumb\",\"itemListElement\":[{\"@type\":\"ListItem\",\"position\":1,\"name\":\"Home\",\"item\":\"https:\/\/www.cyclosouvenir.be\/it\/\"},{\"@type\":\"ListItem\",\"position\":2,\"name\":\"Negozio\",\"item\":\"https:\/\/www.cyclosouvenir.be\/it\/negozio\/\"},{\"@type\":\"ListItem\",\"position\":3,\"name\":\"Lagos de Covadonga &#8211; Soto de Cangas\"}]},{\"@type\":\"WebSite\",\"@id\":\"https:\/\/www.cyclosouvenir.be\/it\/#website\",\"url\":\"https:\/\/www.cyclosouvenir.be\/it\/\",\"name\":\"Cyclosouvenir\",\"description\":\"De trofee voor een memorabele beklimming.\",\"publisher\":{\"@id\":\"https:\/\/www.cyclosouvenir.be\/it\/#organization\"},\"potentialAction\":[{\"@type\":\"SearchAction\",\"target\":{\"@type\":\"EntryPoint\",\"urlTemplate\":\"https:\/\/www.cyclosouvenir.be\/it\/?s={search_term_string}\"},\"query-input\":{\"@type\":\"PropertyValueSpecification\",\"valueRequired\":true,\"valueName\":\"search_term_string\"}}],\"inLanguage\":\"it-IT\"},{\"@type\":\"Organization\",\"@id\":\"https:\/\/www.cyclosouvenir.be\/it\/#organization\",\"name\":\"Cyclosouvenir\",\"url\":\"https:\/\/www.cyclosouvenir.be\/it\/\",\"logo\":{\"@type\":\"ImageObject\",\"inLanguage\":\"it-IT\",\"@id\":\"https:\/\/www.cyclosouvenir.be\/it\/#\/schema\/logo\/image\/\",\"url\":\"https:\/\/www.cyclosouvenir.be\/wp-content\/uploads\/2024\/02\/Cyclosouvenir_Banner-removebg-preview.png\",\"contentUrl\":\"https:\/\/www.cyclosouvenir.be\/wp-content\/uploads\/2024\/02\/Cyclosouvenir_Banner-removebg-preview.png\",\"width\":997,\"height\":250,\"caption\":\"Cyclosouvenir\"},\"image\":{\"@id\":\"https:\/\/www.cyclosouvenir.be\/it\/#\/schema\/logo\/image\/\"}}]}<\/script>\n<!-- \/ Yoast SEO plugin. -->","yoast_head_json":{"title":"Lagos de Covadonga - Soto de Cangas - Cyclosouvenir","robots":{"index":"index","follow":"follow","max-snippet":"max-snippet:-1","max-image-preview":"max-image-preview:large","max-video-preview":"max-video-preview:-1"},"canonical":"https:\/\/www.cyclosouvenir.be\/it\/prodotto\/lagos-de-covadonga-soto-de-cangas\/","og_locale":"it_IT","og_type":"article","og_title":"Lagos de Covadonga - Soto de Cangas - Cyclosouvenir","og_description":"I Laghi di Covadonga sono due laghi glaciali situati nel Principato delle Asturie, in Spagna, a un'altitudine di 1.134 metri. Questi due laghi, conosciuti anche come Laghi di Enol, sono il Lago Enol e il Lago Ercina. Si trovano nella regione dei Picos de Europa, nel cuore del Parco Nazionale dei Picos de Europa, istituito nel 1918.  Il Percorso dei Laghi di Covadonga \u00e8 una salita famosa nel ciclismo, essendo stata utilizzata pi\u00f9 volte nel Giro di Spagna dal 1983. La salita ai laghi \u00e8 lunga 12,6 chilometri, con una pendenza media del 7,3% e un dislivello di 1.056 metri. Il tratto noto come La Huesera, a 7 chilometri dalla vetta, \u00e8 il pi\u00f9 difficile, con una pendenza del 15% su 800 metri.  La salita dei Laghi di Covadonga \u00e8 considerata l'equivalente dell'Alpe d'Huez del Tour de France nel Giro di Spagna. Entrambe le salite sono regolarmente presenti nei rispettivi Tour.","og_url":"https:\/\/www.cyclosouvenir.be\/it\/prodotto\/lagos-de-covadonga-soto-de-cangas\/","og_site_name":"Cyclosouvenir","article_modified_time":"2025-07-13T09:16:57+00:00","og_image":[{"width":250,"height":300,"url":"https:\/\/www.cyclosouvenir.be\/wp-content\/uploads\/2024\/02\/Lagos_de_Covadonga_Soto_de_Cangas.png","type":"image\/png"}],"twitter_card":"summary_large_image","schema":{"@context":"https:\/\/schema.org","@graph":[{"@type":"WebPage","@id":"https:\/\/www.cyclosouvenir.be\/it\/prodotto\/lagos-de-covadonga-soto-de-cangas\/","url":"https:\/\/www.cyclosouvenir.be\/it\/prodotto\/lagos-de-covadonga-soto-de-cangas\/","name":"Lagos de Covadonga - Soto de Cangas - Cyclosouvenir","isPartOf":{"@id":"https:\/\/www.cyclosouvenir.be\/it\/#website"},"primaryImageOfPage":{"@id":"https:\/\/www.cyclosouvenir.be\/it\/prodotto\/lagos-de-covadonga-soto-de-cangas\/#primaryimage"},"image":{"@id":"https:\/\/www.cyclosouvenir.be\/it\/prodotto\/lagos-de-covadonga-soto-de-cangas\/#primaryimage"},"thumbnailUrl":"https:\/\/www.cyclosouvenir.be\/wp-content\/uploads\/2024\/02\/Lagos_de_Covadonga_Soto_de_Cangas.png","datePublished":"2024-02-13T11:38:51+00:00","dateModified":"2025-07-13T09:16:57+00:00","breadcrumb":{"@id":"https:\/\/www.cyclosouvenir.be\/it\/prodotto\/lagos-de-covadonga-soto-de-cangas\/#breadcrumb"},"inLanguage":"it-IT","potentialAction":[{"@type":"ReadAction","target":["https:\/\/www.cyclosouvenir.be\/it\/prodotto\/lagos-de-covadonga-soto-de-cangas\/"]}]},{"@type":"ImageObject","inLanguage":"it-IT","@id":"https:\/\/www.cyclosouvenir.be\/it\/prodotto\/lagos-de-covadonga-soto-de-cangas\/#primaryimage","url":"https:\/\/www.cyclosouvenir.be\/wp-content\/uploads\/2024\/02\/Lagos_de_Covadonga_Soto_de_Cangas.png","contentUrl":"https:\/\/www.cyclosouvenir.be\/wp-content\/uploads\/2024\/02\/Lagos_de_Covadonga_Soto_de_Cangas.png","width":250,"height":300},{"@type":"BreadcrumbList","@id":"https:\/\/www.cyclosouvenir.be\/it\/prodotto\/lagos-de-covadonga-soto-de-cangas\/#breadcrumb","itemListElement":[{"@type":"ListItem","position":1,"name":"Home","item":"https:\/\/www.cyclosouvenir.be\/it\/"},{"@type":"ListItem","position":2,"name":"Negozio","item":"https:\/\/www.cyclosouvenir.be\/it\/negozio\/"},{"@type":"ListItem","position":3,"name":"Lagos de Covadonga &#8211; Soto de Cangas"}]},{"@type":"WebSite","@id":"https:\/\/www.cyclosouvenir.be\/it\/#website","url":"https:\/\/www.cyclosouvenir.be\/it\/","name":"Cyclosouvenir","description":"De trofee voor een memorabele beklimming.","publisher":{"@id":"https:\/\/www.cyclosouvenir.be\/it\/#organization"},"potentialAction":[{"@type":"SearchAction","target":{"@type":"EntryPoint","urlTemplate":"https:\/\/www.cyclosouvenir.be\/it\/?s={search_term_string}"},"query-input":{"@type":"PropertyValueSpecification","valueRequired":true,"valueName":"search_term_string"}}],"inLanguage":"it-IT"},{"@type":"Organization","@id":"https:\/\/www.cyclosouvenir.be\/it\/#organization","name":"Cyclosouvenir","url":"https:\/\/www.cyclosouvenir.be\/it\/","logo":{"@type":"ImageObject","inLanguage":"it-IT","@id":"https:\/\/www.cyclosouvenir.be\/it\/#\/schema\/logo\/image\/","url":"https:\/\/www.cyclosouvenir.be\/wp-content\/uploads\/2024\/02\/Cyclosouvenir_Banner-removebg-preview.png","contentUrl":"https:\/\/www.cyclosouvenir.be\/wp-content\/uploads\/2024\/02\/Cyclosouvenir_Banner-removebg-preview.png","width":997,"height":250,"caption":"Cyclosouvenir"},"image":{"@id":"https:\/\/www.cyclosouvenir.be\/it\/#\/schema\/logo\/image\/"}}]}},"_links":{"self":[{"href":"https:\/\/www.cyclosouvenir.be\/it\/wp-json\/wp\/v2\/product\/11131","targetHints":{"allow":["GET"]}}],"collection":[{"href":"https:\/\/www.cyclosouvenir.be\/it\/wp-json\/wp\/v2\/product"}],"about":[{"href":"https:\/\/www.cyclosouvenir.be\/it\/wp-json\/wp\/v2\/types\/product"}],"replies":[{"embeddable":true,"href":"https:\/\/www.cyclosouvenir.be\/it\/wp-json\/wp\/v2\/comments?post=11131"}],"wp:featuredmedia":[{"embeddable":true,"href":"https:\/\/www.cyclosouvenir.be\/it\/wp-json\/wp\/v2\/media\/1642"}],"wp:attachment":[{"href":"https:\/\/www.cyclosouvenir.be\/it\/wp-json\/wp\/v2\/media?parent=11131"}],"wp:term":[{"taxonomy":"product_brand","embeddable":true,"href":"https:\/\/www.cyclosouvenir.be\/it\/wp-json\/wp\/v2\/product_brand?post=11131"},{"taxonomy":"product_cat","embeddable":true,"href":"https:\/\/www.cyclosouvenir.be\/it\/wp-json\/wp\/v2\/product_cat?post=11131"},{"taxonomy":"product_tag","embeddable":true,"href":"https:\/\/www.cyclosouvenir.be\/it\/wp-json\/wp\/v2\/product_tag?post=11131"}],"curies":[{"name":"wp","href":"https:\/\/api.w.org\/{rel}","templated":true}]}}