{"id":11177,"date":"2024-02-13T11:38:43","date_gmt":"2024-02-13T11:38:43","guid":{"rendered":"https:\/\/demo9.inetproductions.be\/product\/col-de-la-republique-st-etienne\/"},"modified":"2024-05-04T14:59:20","modified_gmt":"2024-05-04T14:59:20","slug":"col-de-la-republique-st-etienne","status":"publish","type":"product","link":"https:\/\/www.cyclosouvenir.be\/it\/prodotto\/col-de-la-republique-st-etienne\/","title":{"rendered":"Col de la R\u00e9publique &#8211; St Etienne"},"content":{"rendered":"","protected":false},"excerpt":{"rendered":"<p>Il Col de la R\u00e9publique \u00e8 un passo di 1161 metri di altezza nel massiccio del Pilat, ai margini del Massiccio Centrale. La strada che attraversa il passo, la D1028, collega Saint-\u00c9tienne alla valle del Rodano. Il passo si trova sullo spartiacque tra la Sem\u00e8ne e un torrente affluente di sinistra della Sem\u00e8ne. Fonte Wikipedia<\/p>\n","protected":false},"featured_media":1576,"comment_status":"closed","ping_status":"closed","template":"","meta":{"_et_pb_use_builder":"","_et_pb_old_content":"","_et_gb_content_width":""},"product_brand":[],"product_cat":[3505,3506,562],"product_tag":[],"class_list":{"0":"post-11177","1":"product","2":"type-product","3":"status-publish","4":"has-post-thumbnail","6":"product_cat-francia-it","7":"product_cat-massiccio-centrale-it","8":"product_cat-cippi","9":"tm-has-options","11":"first","12":"instock","13":"taxable","14":"shipping-taxable","15":"purchasable","16":"product-type-simple"},"yoast_head":"<!-- This site is optimized with the Yoast SEO plugin v26.2 - https:\/\/yoast.com\/wordpress\/plugins\/seo\/ -->\n<title>Col de la R\u00e9publique - St Etienne - Cyclosouvenir<\/title>\n<meta name=\"robots\" content=\"index, follow, max-snippet:-1, max-image-preview:large, max-video-preview:-1\" \/>\n<link rel=\"canonical\" href=\"https:\/\/www.cyclosouvenir.be\/it\/prodotto\/col-de-la-republique-st-etienne\/\" \/>\n<meta property=\"og:locale\" content=\"it_IT\" \/>\n<meta property=\"og:type\" content=\"article\" \/>\n<meta property=\"og:title\" content=\"Col de la R\u00e9publique - St Etienne - Cyclosouvenir\" \/>\n<meta property=\"og:description\" content=\"Il Col de la R\u00e9publique \u00e8 un passo di 1161 metri di altezza nel massiccio del Pilat, ai margini del Massiccio Centrale. La strada che attraversa il passo, la D1028, collega Saint-\u00c9tienne alla valle del Rodano. Il passo si trova sullo spartiacque tra la Sem\u00e8ne e un torrente affluente di sinistra della Sem\u00e8ne. Fonte Wikipedia\" \/>\n<meta property=\"og:url\" content=\"https:\/\/www.cyclosouvenir.be\/it\/prodotto\/col-de-la-republique-st-etienne\/\" \/>\n<meta property=\"og:site_name\" content=\"Cyclosouvenir\" \/>\n<meta property=\"article:modified_time\" content=\"2024-05-04T14:59:20+00:00\" \/>\n<meta property=\"og:image\" content=\"https:\/\/www.cyclosouvenir.be\/wp-content\/uploads\/2024\/02\/Col-de_la_Republique_St_Etienne.png\" \/>\n\t<meta property=\"og:image:width\" content=\"250\" \/>\n\t<meta property=\"og:image:height\" content=\"300\" \/>\n\t<meta property=\"og:image:type\" content=\"image\/png\" \/>\n<meta name=\"twitter:card\" content=\"summary_large_image\" \/>\n<script type=\"application\/ld+json\" class=\"yoast-schema-graph\">{\"@context\":\"https:\/\/schema.org\",\"@graph\":[{\"@type\":\"WebPage\",\"@id\":\"https:\/\/www.cyclosouvenir.be\/it\/prodotto\/col-de-la-republique-st-etienne\/\",\"url\":\"https:\/\/www.cyclosouvenir.be\/it\/prodotto\/col-de-la-republique-st-etienne\/\",\"name\":\"Col de la R\u00e9publique - St Etienne - Cyclosouvenir\",\"isPartOf\":{\"@id\":\"https:\/\/www.cyclosouvenir.be\/it\/#website\"},\"primaryImageOfPage\":{\"@id\":\"https:\/\/www.cyclosouvenir.be\/it\/prodotto\/col-de-la-republique-st-etienne\/#primaryimage\"},\"image\":{\"@id\":\"https:\/\/www.cyclosouvenir.be\/it\/prodotto\/col-de-la-republique-st-etienne\/#primaryimage\"},\"thumbnailUrl\":\"https:\/\/www.cyclosouvenir.be\/wp-content\/uploads\/2024\/02\/Col-de_la_Republique_St_Etienne.png\",\"datePublished\":\"2024-02-13T11:38:43+00:00\",\"dateModified\":\"2024-05-04T14:59:20+00:00\",\"breadcrumb\":{\"@id\":\"https:\/\/www.cyclosouvenir.be\/it\/prodotto\/col-de-la-republique-st-etienne\/#breadcrumb\"},\"inLanguage\":\"it-IT\",\"potentialAction\":[{\"@type\":\"ReadAction\",\"target\":[\"https:\/\/www.cyclosouvenir.be\/it\/prodotto\/col-de-la-republique-st-etienne\/\"]}]},{\"@type\":\"ImageObject\",\"inLanguage\":\"it-IT\",\"@id\":\"https:\/\/www.cyclosouvenir.be\/it\/prodotto\/col-de-la-republique-st-etienne\/#primaryimage\",\"url\":\"https:\/\/www.cyclosouvenir.be\/wp-content\/uploads\/2024\/02\/Col-de_la_Republique_St_Etienne.png\",\"contentUrl\":\"https:\/\/www.cyclosouvenir.be\/wp-content\/uploads\/2024\/02\/Col-de_la_Republique_St_Etienne.png\",\"width\":250,\"height\":300},{\"@type\":\"BreadcrumbList\",\"@id\":\"https:\/\/www.cyclosouvenir.be\/it\/prodotto\/col-de-la-republique-st-etienne\/#breadcrumb\",\"itemListElement\":[{\"@type\":\"ListItem\",\"position\":1,\"name\":\"Home\",\"item\":\"https:\/\/www.cyclosouvenir.be\/it\/\"},{\"@type\":\"ListItem\",\"position\":2,\"name\":\"Negozio\",\"item\":\"https:\/\/www.cyclosouvenir.be\/it\/negozio\/\"},{\"@type\":\"ListItem\",\"position\":3,\"name\":\"Col de la R\u00e9publique &#8211; St Etienne\"}]},{\"@type\":\"WebSite\",\"@id\":\"https:\/\/www.cyclosouvenir.be\/it\/#website\",\"url\":\"https:\/\/www.cyclosouvenir.be\/it\/\",\"name\":\"Cyclosouvenir\",\"description\":\"De trofee voor een memorabele beklimming.\",\"publisher\":{\"@id\":\"https:\/\/www.cyclosouvenir.be\/it\/#organization\"},\"potentialAction\":[{\"@type\":\"SearchAction\",\"target\":{\"@type\":\"EntryPoint\",\"urlTemplate\":\"https:\/\/www.cyclosouvenir.be\/it\/?s={search_term_string}\"},\"query-input\":{\"@type\":\"PropertyValueSpecification\",\"valueRequired\":true,\"valueName\":\"search_term_string\"}}],\"inLanguage\":\"it-IT\"},{\"@type\":\"Organization\",\"@id\":\"https:\/\/www.cyclosouvenir.be\/it\/#organization\",\"name\":\"Cyclosouvenir\",\"url\":\"https:\/\/www.cyclosouvenir.be\/it\/\",\"logo\":{\"@type\":\"ImageObject\",\"inLanguage\":\"it-IT\",\"@id\":\"https:\/\/www.cyclosouvenir.be\/it\/#\/schema\/logo\/image\/\",\"url\":\"https:\/\/www.cyclosouvenir.be\/wp-content\/uploads\/2024\/02\/Cyclosouvenir_Banner-removebg-preview.png\",\"contentUrl\":\"https:\/\/www.cyclosouvenir.be\/wp-content\/uploads\/2024\/02\/Cyclosouvenir_Banner-removebg-preview.png\",\"width\":997,\"height\":250,\"caption\":\"Cyclosouvenir\"},\"image\":{\"@id\":\"https:\/\/www.cyclosouvenir.be\/it\/#\/schema\/logo\/image\/\"}}]}<\/script>\n<!-- \/ Yoast SEO plugin. -->","yoast_head_json":{"title":"Col de la R\u00e9publique - St Etienne - Cyclosouvenir","robots":{"index":"index","follow":"follow","max-snippet":"max-snippet:-1","max-image-preview":"max-image-preview:large","max-video-preview":"max-video-preview:-1"},"canonical":"https:\/\/www.cyclosouvenir.be\/it\/prodotto\/col-de-la-republique-st-etienne\/","og_locale":"it_IT","og_type":"article","og_title":"Col de la R\u00e9publique - St Etienne - Cyclosouvenir","og_description":"Il Col de la R\u00e9publique \u00e8 un passo di 1161 metri di altezza nel massiccio del Pilat, ai margini del Massiccio Centrale. La strada che attraversa il passo, la D1028, collega Saint-\u00c9tienne alla valle del Rodano. Il passo si trova sullo spartiacque tra la Sem\u00e8ne e un torrente affluente di sinistra della Sem\u00e8ne. Fonte Wikipedia","og_url":"https:\/\/www.cyclosouvenir.be\/it\/prodotto\/col-de-la-republique-st-etienne\/","og_site_name":"Cyclosouvenir","article_modified_time":"2024-05-04T14:59:20+00:00","og_image":[{"width":250,"height":300,"url":"https:\/\/www.cyclosouvenir.be\/wp-content\/uploads\/2024\/02\/Col-de_la_Republique_St_Etienne.png","type":"image\/png"}],"twitter_card":"summary_large_image","schema":{"@context":"https:\/\/schema.org","@graph":[{"@type":"WebPage","@id":"https:\/\/www.cyclosouvenir.be\/it\/prodotto\/col-de-la-republique-st-etienne\/","url":"https:\/\/www.cyclosouvenir.be\/it\/prodotto\/col-de-la-republique-st-etienne\/","name":"Col de la R\u00e9publique - St Etienne - Cyclosouvenir","isPartOf":{"@id":"https:\/\/www.cyclosouvenir.be\/it\/#website"},"primaryImageOfPage":{"@id":"https:\/\/www.cyclosouvenir.be\/it\/prodotto\/col-de-la-republique-st-etienne\/#primaryimage"},"image":{"@id":"https:\/\/www.cyclosouvenir.be\/it\/prodotto\/col-de-la-republique-st-etienne\/#primaryimage"},"thumbnailUrl":"https:\/\/www.cyclosouvenir.be\/wp-content\/uploads\/2024\/02\/Col-de_la_Republique_St_Etienne.png","datePublished":"2024-02-13T11:38:43+00:00","dateModified":"2024-05-04T14:59:20+00:00","breadcrumb":{"@id":"https:\/\/www.cyclosouvenir.be\/it\/prodotto\/col-de-la-republique-st-etienne\/#breadcrumb"},"inLanguage":"it-IT","potentialAction":[{"@type":"ReadAction","target":["https:\/\/www.cyclosouvenir.be\/it\/prodotto\/col-de-la-republique-st-etienne\/"]}]},{"@type":"ImageObject","inLanguage":"it-IT","@id":"https:\/\/www.cyclosouvenir.be\/it\/prodotto\/col-de-la-republique-st-etienne\/#primaryimage","url":"https:\/\/www.cyclosouvenir.be\/wp-content\/uploads\/2024\/02\/Col-de_la_Republique_St_Etienne.png","contentUrl":"https:\/\/www.cyclosouvenir.be\/wp-content\/uploads\/2024\/02\/Col-de_la_Republique_St_Etienne.png","width":250,"height":300},{"@type":"BreadcrumbList","@id":"https:\/\/www.cyclosouvenir.be\/it\/prodotto\/col-de-la-republique-st-etienne\/#breadcrumb","itemListElement":[{"@type":"ListItem","position":1,"name":"Home","item":"https:\/\/www.cyclosouvenir.be\/it\/"},{"@type":"ListItem","position":2,"name":"Negozio","item":"https:\/\/www.cyclosouvenir.be\/it\/negozio\/"},{"@type":"ListItem","position":3,"name":"Col de la R\u00e9publique &#8211; St Etienne"}]},{"@type":"WebSite","@id":"https:\/\/www.cyclosouvenir.be\/it\/#website","url":"https:\/\/www.cyclosouvenir.be\/it\/","name":"Cyclosouvenir","description":"De trofee voor een memorabele beklimming.","publisher":{"@id":"https:\/\/www.cyclosouvenir.be\/it\/#organization"},"potentialAction":[{"@type":"SearchAction","target":{"@type":"EntryPoint","urlTemplate":"https:\/\/www.cyclosouvenir.be\/it\/?s={search_term_string}"},"query-input":{"@type":"PropertyValueSpecification","valueRequired":true,"valueName":"search_term_string"}}],"inLanguage":"it-IT"},{"@type":"Organization","@id":"https:\/\/www.cyclosouvenir.be\/it\/#organization","name":"Cyclosouvenir","url":"https:\/\/www.cyclosouvenir.be\/it\/","logo":{"@type":"ImageObject","inLanguage":"it-IT","@id":"https:\/\/www.cyclosouvenir.be\/it\/#\/schema\/logo\/image\/","url":"https:\/\/www.cyclosouvenir.be\/wp-content\/uploads\/2024\/02\/Cyclosouvenir_Banner-removebg-preview.png","contentUrl":"https:\/\/www.cyclosouvenir.be\/wp-content\/uploads\/2024\/02\/Cyclosouvenir_Banner-removebg-preview.png","width":997,"height":250,"caption":"Cyclosouvenir"},"image":{"@id":"https:\/\/www.cyclosouvenir.be\/it\/#\/schema\/logo\/image\/"}}]}},"_links":{"self":[{"href":"https:\/\/www.cyclosouvenir.be\/it\/wp-json\/wp\/v2\/product\/11177","targetHints":{"allow":["GET"]}}],"collection":[{"href":"https:\/\/www.cyclosouvenir.be\/it\/wp-json\/wp\/v2\/product"}],"about":[{"href":"https:\/\/www.cyclosouvenir.be\/it\/wp-json\/wp\/v2\/types\/product"}],"replies":[{"embeddable":true,"href":"https:\/\/www.cyclosouvenir.be\/it\/wp-json\/wp\/v2\/comments?post=11177"}],"wp:featuredmedia":[{"embeddable":true,"href":"https:\/\/www.cyclosouvenir.be\/it\/wp-json\/wp\/v2\/media\/1576"}],"wp:attachment":[{"href":"https:\/\/www.cyclosouvenir.be\/it\/wp-json\/wp\/v2\/media?parent=11177"}],"wp:term":[{"taxonomy":"product_brand","embeddable":true,"href":"https:\/\/www.cyclosouvenir.be\/it\/wp-json\/wp\/v2\/product_brand?post=11177"},{"taxonomy":"product_cat","embeddable":true,"href":"https:\/\/www.cyclosouvenir.be\/it\/wp-json\/wp\/v2\/product_cat?post=11177"},{"taxonomy":"product_tag","embeddable":true,"href":"https:\/\/www.cyclosouvenir.be\/it\/wp-json\/wp\/v2\/product_tag?post=11177"}],"curies":[{"name":"wp","href":"https:\/\/api.w.org\/{rel}","templated":true}]}}