{"id":11439,"date":"2024-02-13T11:38:11","date_gmt":"2024-02-13T11:38:11","guid":{"rendered":"https:\/\/demo9.inetproductions.be\/product\/nokereberg-rvv\/"},"modified":"2024-05-08T08:53:42","modified_gmt":"2024-05-08T08:53:42","slug":"nokereberg-rvv","status":"publish","type":"product","link":"https:\/\/www.cyclosouvenir.be\/it\/prodotto\/nokereberg-rvv\/","title":{"rendered":"Nokereberg &#8211; RVV"},"content":{"rendered":"","protected":false},"excerpt":{"rendered":"<p>Nokereberg \u00e8 una collina di Nokere, nella provincia belga delle Fiandre Orientali.<\/p>\n<p>Nel ciclismo, il pendio viene scalato pi\u00f9 volte nella gara ciclistica Nokere Koerse.<\/p>\n<p>Il pendio \u00e8 stato scalato pi\u00f9 volte nel Giro delle Fiandre (2003, 2008, 2011 e 2012). Nel 2003 come prima pista del giorno. A questo segue l&#8217;anello che attraversa la regione di Zwalm con Molenberg e Wolvenberg. Nel 2008, come seconda pista della giornata, dopo il Kluisberg (lato Orroir) e prima del Molenberg. Nel 2011 anche come seconda pista, tra Tiegemberg e Rekelberg.<\/p>\n<p>La pista \u00e8 anche pi\u00f9 spesso inclusa nella Kuurne-Brussels-Kuurne, nella Dwars door Vlaanderen e nell&#8217;Omloop Het Volk per le donne. Wikipedia<\/p>\n","protected":false},"featured_media":1125,"comment_status":"closed","ping_status":"closed","template":"","meta":{"_et_pb_use_builder":"","_et_pb_old_content":"","_et_gb_content_width":""},"product_brand":[],"product_cat":[3513,3522,562],"product_tag":[],"class_list":{"0":"post-11439","1":"product","2":"type-product","3":"status-publish","4":"has-post-thumbnail","6":"product_cat-belgio-it","7":"product_cat-giro-delle-fiandre","8":"product_cat-cippi","9":"tm-has-options","11":"first","12":"instock","13":"taxable","14":"shipping-taxable","15":"purchasable","16":"product-type-simple"},"yoast_head":"<!-- This site is optimized with the Yoast SEO plugin v26.2 - https:\/\/yoast.com\/wordpress\/plugins\/seo\/ -->\n<title>Nokereberg - RVV - Cyclosouvenir<\/title>\n<meta name=\"robots\" content=\"index, follow, max-snippet:-1, max-image-preview:large, max-video-preview:-1\" \/>\n<link rel=\"canonical\" href=\"https:\/\/www.cyclosouvenir.be\/it\/prodotto\/nokereberg-rvv\/\" \/>\n<meta property=\"og:locale\" content=\"it_IT\" \/>\n<meta property=\"og:type\" content=\"article\" \/>\n<meta property=\"og:title\" content=\"Nokereberg - RVV - Cyclosouvenir\" \/>\n<meta property=\"og:description\" content=\"Nokereberg \u00e8 una collina di Nokere, nella provincia belga delle Fiandre Orientali. Nel ciclismo, il pendio viene scalato pi\u00f9 volte nella gara ciclistica Nokere Koerse. Il pendio \u00e8 stato scalato pi\u00f9 volte nel Giro delle Fiandre (2003, 2008, 2011 e 2012). Nel 2003 come prima pista del giorno. A questo segue l&#039;anello che attraversa la regione di Zwalm con Molenberg e Wolvenberg. Nel 2008, come seconda pista della giornata, dopo il Kluisberg (lato Orroir) e prima del Molenberg. Nel 2011 anche come seconda pista, tra Tiegemberg e Rekelberg. La pista \u00e8 anche pi\u00f9 spesso inclusa nella Kuurne-Brussels-Kuurne, nella Dwars door Vlaanderen e nell&#039;Omloop Het Volk per le donne. Wikipedia\" \/>\n<meta property=\"og:url\" content=\"https:\/\/www.cyclosouvenir.be\/it\/prodotto\/nokereberg-rvv\/\" \/>\n<meta property=\"og:site_name\" content=\"Cyclosouvenir\" \/>\n<meta property=\"article:modified_time\" content=\"2024-05-08T08:53:42+00:00\" \/>\n<meta property=\"og:image\" content=\"https:\/\/www.cyclosouvenir.be\/wp-content\/uploads\/2024\/02\/Nokerberg.png\" \/>\n\t<meta property=\"og:image:width\" content=\"250\" \/>\n\t<meta property=\"og:image:height\" content=\"300\" \/>\n\t<meta property=\"og:image:type\" content=\"image\/png\" \/>\n<meta name=\"twitter:card\" content=\"summary_large_image\" \/>\n<script type=\"application\/ld+json\" class=\"yoast-schema-graph\">{\"@context\":\"https:\/\/schema.org\",\"@graph\":[{\"@type\":\"WebPage\",\"@id\":\"https:\/\/www.cyclosouvenir.be\/it\/prodotto\/nokereberg-rvv\/\",\"url\":\"https:\/\/www.cyclosouvenir.be\/it\/prodotto\/nokereberg-rvv\/\",\"name\":\"Nokereberg - RVV - Cyclosouvenir\",\"isPartOf\":{\"@id\":\"https:\/\/www.cyclosouvenir.be\/it\/#website\"},\"primaryImageOfPage\":{\"@id\":\"https:\/\/www.cyclosouvenir.be\/it\/prodotto\/nokereberg-rvv\/#primaryimage\"},\"image\":{\"@id\":\"https:\/\/www.cyclosouvenir.be\/it\/prodotto\/nokereberg-rvv\/#primaryimage\"},\"thumbnailUrl\":\"https:\/\/www.cyclosouvenir.be\/wp-content\/uploads\/2024\/02\/Nokerberg.png\",\"datePublished\":\"2024-02-13T11:38:11+00:00\",\"dateModified\":\"2024-05-08T08:53:42+00:00\",\"breadcrumb\":{\"@id\":\"https:\/\/www.cyclosouvenir.be\/it\/prodotto\/nokereberg-rvv\/#breadcrumb\"},\"inLanguage\":\"it-IT\",\"potentialAction\":[{\"@type\":\"ReadAction\",\"target\":[\"https:\/\/www.cyclosouvenir.be\/it\/prodotto\/nokereberg-rvv\/\"]}]},{\"@type\":\"ImageObject\",\"inLanguage\":\"it-IT\",\"@id\":\"https:\/\/www.cyclosouvenir.be\/it\/prodotto\/nokereberg-rvv\/#primaryimage\",\"url\":\"https:\/\/www.cyclosouvenir.be\/wp-content\/uploads\/2024\/02\/Nokerberg.png\",\"contentUrl\":\"https:\/\/www.cyclosouvenir.be\/wp-content\/uploads\/2024\/02\/Nokerberg.png\",\"width\":250,\"height\":300},{\"@type\":\"BreadcrumbList\",\"@id\":\"https:\/\/www.cyclosouvenir.be\/it\/prodotto\/nokereberg-rvv\/#breadcrumb\",\"itemListElement\":[{\"@type\":\"ListItem\",\"position\":1,\"name\":\"Home\",\"item\":\"https:\/\/www.cyclosouvenir.be\/it\/\"},{\"@type\":\"ListItem\",\"position\":2,\"name\":\"Negozio\",\"item\":\"https:\/\/www.cyclosouvenir.be\/it\/negozio\/\"},{\"@type\":\"ListItem\",\"position\":3,\"name\":\"Nokereberg &#8211; RVV\"}]},{\"@type\":\"WebSite\",\"@id\":\"https:\/\/www.cyclosouvenir.be\/it\/#website\",\"url\":\"https:\/\/www.cyclosouvenir.be\/it\/\",\"name\":\"Cyclosouvenir\",\"description\":\"De trofee voor een memorabele beklimming.\",\"publisher\":{\"@id\":\"https:\/\/www.cyclosouvenir.be\/it\/#organization\"},\"potentialAction\":[{\"@type\":\"SearchAction\",\"target\":{\"@type\":\"EntryPoint\",\"urlTemplate\":\"https:\/\/www.cyclosouvenir.be\/it\/?s={search_term_string}\"},\"query-input\":{\"@type\":\"PropertyValueSpecification\",\"valueRequired\":true,\"valueName\":\"search_term_string\"}}],\"inLanguage\":\"it-IT\"},{\"@type\":\"Organization\",\"@id\":\"https:\/\/www.cyclosouvenir.be\/it\/#organization\",\"name\":\"Cyclosouvenir\",\"url\":\"https:\/\/www.cyclosouvenir.be\/it\/\",\"logo\":{\"@type\":\"ImageObject\",\"inLanguage\":\"it-IT\",\"@id\":\"https:\/\/www.cyclosouvenir.be\/it\/#\/schema\/logo\/image\/\",\"url\":\"https:\/\/www.cyclosouvenir.be\/wp-content\/uploads\/2024\/02\/Cyclosouvenir_Banner-removebg-preview.png\",\"contentUrl\":\"https:\/\/www.cyclosouvenir.be\/wp-content\/uploads\/2024\/02\/Cyclosouvenir_Banner-removebg-preview.png\",\"width\":997,\"height\":250,\"caption\":\"Cyclosouvenir\"},\"image\":{\"@id\":\"https:\/\/www.cyclosouvenir.be\/it\/#\/schema\/logo\/image\/\"}}]}<\/script>\n<!-- \/ Yoast SEO plugin. -->","yoast_head_json":{"title":"Nokereberg - RVV - Cyclosouvenir","robots":{"index":"index","follow":"follow","max-snippet":"max-snippet:-1","max-image-preview":"max-image-preview:large","max-video-preview":"max-video-preview:-1"},"canonical":"https:\/\/www.cyclosouvenir.be\/it\/prodotto\/nokereberg-rvv\/","og_locale":"it_IT","og_type":"article","og_title":"Nokereberg - RVV - Cyclosouvenir","og_description":"Nokereberg \u00e8 una collina di Nokere, nella provincia belga delle Fiandre Orientali. Nel ciclismo, il pendio viene scalato pi\u00f9 volte nella gara ciclistica Nokere Koerse. Il pendio \u00e8 stato scalato pi\u00f9 volte nel Giro delle Fiandre (2003, 2008, 2011 e 2012). Nel 2003 come prima pista del giorno. A questo segue l'anello che attraversa la regione di Zwalm con Molenberg e Wolvenberg. Nel 2008, come seconda pista della giornata, dopo il Kluisberg (lato Orroir) e prima del Molenberg. Nel 2011 anche come seconda pista, tra Tiegemberg e Rekelberg. La pista \u00e8 anche pi\u00f9 spesso inclusa nella Kuurne-Brussels-Kuurne, nella Dwars door Vlaanderen e nell'Omloop Het Volk per le donne. Wikipedia","og_url":"https:\/\/www.cyclosouvenir.be\/it\/prodotto\/nokereberg-rvv\/","og_site_name":"Cyclosouvenir","article_modified_time":"2024-05-08T08:53:42+00:00","og_image":[{"width":250,"height":300,"url":"https:\/\/www.cyclosouvenir.be\/wp-content\/uploads\/2024\/02\/Nokerberg.png","type":"image\/png"}],"twitter_card":"summary_large_image","schema":{"@context":"https:\/\/schema.org","@graph":[{"@type":"WebPage","@id":"https:\/\/www.cyclosouvenir.be\/it\/prodotto\/nokereberg-rvv\/","url":"https:\/\/www.cyclosouvenir.be\/it\/prodotto\/nokereberg-rvv\/","name":"Nokereberg - RVV - Cyclosouvenir","isPartOf":{"@id":"https:\/\/www.cyclosouvenir.be\/it\/#website"},"primaryImageOfPage":{"@id":"https:\/\/www.cyclosouvenir.be\/it\/prodotto\/nokereberg-rvv\/#primaryimage"},"image":{"@id":"https:\/\/www.cyclosouvenir.be\/it\/prodotto\/nokereberg-rvv\/#primaryimage"},"thumbnailUrl":"https:\/\/www.cyclosouvenir.be\/wp-content\/uploads\/2024\/02\/Nokerberg.png","datePublished":"2024-02-13T11:38:11+00:00","dateModified":"2024-05-08T08:53:42+00:00","breadcrumb":{"@id":"https:\/\/www.cyclosouvenir.be\/it\/prodotto\/nokereberg-rvv\/#breadcrumb"},"inLanguage":"it-IT","potentialAction":[{"@type":"ReadAction","target":["https:\/\/www.cyclosouvenir.be\/it\/prodotto\/nokereberg-rvv\/"]}]},{"@type":"ImageObject","inLanguage":"it-IT","@id":"https:\/\/www.cyclosouvenir.be\/it\/prodotto\/nokereberg-rvv\/#primaryimage","url":"https:\/\/www.cyclosouvenir.be\/wp-content\/uploads\/2024\/02\/Nokerberg.png","contentUrl":"https:\/\/www.cyclosouvenir.be\/wp-content\/uploads\/2024\/02\/Nokerberg.png","width":250,"height":300},{"@type":"BreadcrumbList","@id":"https:\/\/www.cyclosouvenir.be\/it\/prodotto\/nokereberg-rvv\/#breadcrumb","itemListElement":[{"@type":"ListItem","position":1,"name":"Home","item":"https:\/\/www.cyclosouvenir.be\/it\/"},{"@type":"ListItem","position":2,"name":"Negozio","item":"https:\/\/www.cyclosouvenir.be\/it\/negozio\/"},{"@type":"ListItem","position":3,"name":"Nokereberg &#8211; RVV"}]},{"@type":"WebSite","@id":"https:\/\/www.cyclosouvenir.be\/it\/#website","url":"https:\/\/www.cyclosouvenir.be\/it\/","name":"Cyclosouvenir","description":"De trofee voor een memorabele beklimming.","publisher":{"@id":"https:\/\/www.cyclosouvenir.be\/it\/#organization"},"potentialAction":[{"@type":"SearchAction","target":{"@type":"EntryPoint","urlTemplate":"https:\/\/www.cyclosouvenir.be\/it\/?s={search_term_string}"},"query-input":{"@type":"PropertyValueSpecification","valueRequired":true,"valueName":"search_term_string"}}],"inLanguage":"it-IT"},{"@type":"Organization","@id":"https:\/\/www.cyclosouvenir.be\/it\/#organization","name":"Cyclosouvenir","url":"https:\/\/www.cyclosouvenir.be\/it\/","logo":{"@type":"ImageObject","inLanguage":"it-IT","@id":"https:\/\/www.cyclosouvenir.be\/it\/#\/schema\/logo\/image\/","url":"https:\/\/www.cyclosouvenir.be\/wp-content\/uploads\/2024\/02\/Cyclosouvenir_Banner-removebg-preview.png","contentUrl":"https:\/\/www.cyclosouvenir.be\/wp-content\/uploads\/2024\/02\/Cyclosouvenir_Banner-removebg-preview.png","width":997,"height":250,"caption":"Cyclosouvenir"},"image":{"@id":"https:\/\/www.cyclosouvenir.be\/it\/#\/schema\/logo\/image\/"}}]}},"_links":{"self":[{"href":"https:\/\/www.cyclosouvenir.be\/it\/wp-json\/wp\/v2\/product\/11439","targetHints":{"allow":["GET"]}}],"collection":[{"href":"https:\/\/www.cyclosouvenir.be\/it\/wp-json\/wp\/v2\/product"}],"about":[{"href":"https:\/\/www.cyclosouvenir.be\/it\/wp-json\/wp\/v2\/types\/product"}],"replies":[{"embeddable":true,"href":"https:\/\/www.cyclosouvenir.be\/it\/wp-json\/wp\/v2\/comments?post=11439"}],"wp:featuredmedia":[{"embeddable":true,"href":"https:\/\/www.cyclosouvenir.be\/it\/wp-json\/wp\/v2\/media\/1125"}],"wp:attachment":[{"href":"https:\/\/www.cyclosouvenir.be\/it\/wp-json\/wp\/v2\/media?parent=11439"}],"wp:term":[{"taxonomy":"product_brand","embeddable":true,"href":"https:\/\/www.cyclosouvenir.be\/it\/wp-json\/wp\/v2\/product_brand?post=11439"},{"taxonomy":"product_cat","embeddable":true,"href":"https:\/\/www.cyclosouvenir.be\/it\/wp-json\/wp\/v2\/product_cat?post=11439"},{"taxonomy":"product_tag","embeddable":true,"href":"https:\/\/www.cyclosouvenir.be\/it\/wp-json\/wp\/v2\/product_tag?post=11439"}],"curies":[{"name":"wp","href":"https:\/\/api.w.org\/{rel}","templated":true}]}}