{"id":11799,"date":"2024-02-13T11:37:15","date_gmt":"2024-02-13T11:37:15","guid":{"rendered":"https:\/\/demo9.inetproductions.be\/product\/cirque-de-troumouse-luz-st-sauveur\/"},"modified":"2025-11-09T10:47:05","modified_gmt":"2025-11-09T10:47:05","slug":"cirque-de-troumouse-luz-st-sauveur","status":"publish","type":"product","link":"https:\/\/www.cyclosouvenir.be\/it\/prodotto\/cirque-de-troumouse-luz-st-sauveur\/","title":{"rendered":"Cirque de Troumouse &#8211; Luz St Sauveur"},"content":{"rendered":"","protected":false},"excerpt":{"rendered":"<p>Ha un diametro medio di 4 km e si trova a un&#8217;altitudine di circa 2.200 metri. \u00c8 uno dei circhi pi\u00f9 grandi dei Pirenei e d&#8217;Europa. Il circo di Troumouse \u00e8 circondato dal Pic de Boun\u00e8u (2726 m) a sud-ovest e dal Pic de la S\u00e8de (2694 m) a nord-est. \u00c8 composto da diverse cime, ovvero l&#8217;H\u00e8che de Boun\u00e8u (2704 m), il P\u00e8ne Blanque (2905 m), il monte Arrouy (2888 m), il Pic de la Munia (3133 m), la Petite Munia (3096 m), il Pic de Serre Mour\u00e8ne (3090 m), il Pic Heid (3022 m), il Petit Pic Blanc (2957 m) e il Pic de Gerbats (2904 m). Le ultime tre cime formano la parete di Barroude.<\/p>\n<p>La valle \u00e8 raggiungibile attraverso la strada per Gavarnie, la strada dipartimentale 921 (ex strada nazionale 21). Poi prendi la direzione Cirque de Troumouse attraverso la strada dipartimentale 922, che attraversa la valle di H\u00e9as e termina all&#8217;Auberge du Maillet, dove potrai parcheggiare gratuitamente (tranne in estate). L&#8217;ultima parte del viaggio pu\u00f2 essere fatta con un trenino (a pagamento) o a piedi in 40 minuti. Fonte Wikipedia<\/p>\n<p>&nbsp;<\/p>\n<p>.Wikipedia<\/p>\n","protected":false},"featured_media":510,"comment_status":"closed","ping_status":"closed","template":"","meta":{"_et_pb_use_builder":"","_et_pb_old_content":"","_et_gb_content_width":""},"product_brand":[],"product_cat":[3505,3561,562],"product_tag":[],"class_list":{"0":"post-11799","1":"product","2":"type-product","3":"status-publish","4":"has-post-thumbnail","6":"product_cat-francia-it","7":"product_cat-i-pirenei","8":"product_cat-cippi","9":"tm-has-options","11":"first","12":"instock","13":"taxable","14":"shipping-taxable","15":"purchasable","16":"product-type-simple"},"yoast_head":"<!-- This site is optimized with the Yoast SEO plugin v26.2 - https:\/\/yoast.com\/wordpress\/plugins\/seo\/ -->\n<title>Cirque de Troumouse - Luz St Sauveur - Cyclosouvenir<\/title>\n<meta name=\"robots\" content=\"index, follow, max-snippet:-1, max-image-preview:large, max-video-preview:-1\" \/>\n<link rel=\"canonical\" href=\"https:\/\/www.cyclosouvenir.be\/it\/prodotto\/cirque-de-troumouse-luz-st-sauveur\/\" \/>\n<meta property=\"og:locale\" content=\"it_IT\" \/>\n<meta property=\"og:type\" content=\"article\" \/>\n<meta property=\"og:title\" content=\"Cirque de Troumouse - Luz St Sauveur - Cyclosouvenir\" \/>\n<meta property=\"og:description\" content=\"Ha un diametro medio di 4 km e si trova a un&#039;altitudine di circa 2.200 metri. \u00c8 uno dei circhi pi\u00f9 grandi dei Pirenei e d&#039;Europa. Il circo di Troumouse \u00e8 circondato dal Pic de Boun\u00e8u (2726 m) a sud-ovest e dal Pic de la S\u00e8de (2694 m) a nord-est. \u00c8 composto da diverse cime, ovvero l&#039;H\u00e8che de Boun\u00e8u (2704 m), il P\u00e8ne Blanque (2905 m), il monte Arrouy (2888 m), il Pic de la Munia (3133 m), la Petite Munia (3096 m), il Pic de Serre Mour\u00e8ne (3090 m), il Pic Heid (3022 m), il Petit Pic Blanc (2957 m) e il Pic de Gerbats (2904 m). Le ultime tre cime formano la parete di Barroude. La valle \u00e8 raggiungibile attraverso la strada per Gavarnie, la strada dipartimentale 921 (ex strada nazionale 21). Poi prendi la direzione Cirque de Troumouse attraverso la strada dipartimentale 922, che attraversa la valle di H\u00e9as e termina all&#039;Auberge du Maillet, dove potrai parcheggiare gratuitamente (tranne in estate). L&#039;ultima parte del viaggio pu\u00f2 essere fatta con un trenino (a pagamento) o a piedi in 40 minuti. Fonte Wikipedia &nbsp; .Wikipedia\" \/>\n<meta property=\"og:url\" content=\"https:\/\/www.cyclosouvenir.be\/it\/prodotto\/cirque-de-troumouse-luz-st-sauveur\/\" \/>\n<meta property=\"og:site_name\" content=\"Cyclosouvenir\" \/>\n<meta property=\"article:modified_time\" content=\"2025-11-09T10:47:05+00:00\" \/>\n<meta property=\"og:image\" content=\"https:\/\/www.cyclosouvenir.be\/wp-content\/uploads\/2024\/02\/Cirque_de_Troumouse_Luz_St_Sauveur.png\" \/>\n\t<meta property=\"og:image:width\" content=\"250\" \/>\n\t<meta property=\"og:image:height\" content=\"300\" \/>\n\t<meta property=\"og:image:type\" content=\"image\/png\" \/>\n<meta name=\"twitter:card\" content=\"summary_large_image\" \/>\n<script type=\"application\/ld+json\" class=\"yoast-schema-graph\">{\"@context\":\"https:\/\/schema.org\",\"@graph\":[{\"@type\":\"WebPage\",\"@id\":\"https:\/\/www.cyclosouvenir.be\/it\/prodotto\/cirque-de-troumouse-luz-st-sauveur\/\",\"url\":\"https:\/\/www.cyclosouvenir.be\/it\/prodotto\/cirque-de-troumouse-luz-st-sauveur\/\",\"name\":\"Cirque de Troumouse - Luz St Sauveur - Cyclosouvenir\",\"isPartOf\":{\"@id\":\"https:\/\/www.cyclosouvenir.be\/it\/#website\"},\"primaryImageOfPage\":{\"@id\":\"https:\/\/www.cyclosouvenir.be\/it\/prodotto\/cirque-de-troumouse-luz-st-sauveur\/#primaryimage\"},\"image\":{\"@id\":\"https:\/\/www.cyclosouvenir.be\/it\/prodotto\/cirque-de-troumouse-luz-st-sauveur\/#primaryimage\"},\"thumbnailUrl\":\"https:\/\/www.cyclosouvenir.be\/wp-content\/uploads\/2024\/02\/Cirque_de_Troumouse_Luz_St_Sauveur.png\",\"datePublished\":\"2024-02-13T11:37:15+00:00\",\"dateModified\":\"2025-11-09T10:47:05+00:00\",\"breadcrumb\":{\"@id\":\"https:\/\/www.cyclosouvenir.be\/it\/prodotto\/cirque-de-troumouse-luz-st-sauveur\/#breadcrumb\"},\"inLanguage\":\"it-IT\",\"potentialAction\":[{\"@type\":\"ReadAction\",\"target\":[\"https:\/\/www.cyclosouvenir.be\/it\/prodotto\/cirque-de-troumouse-luz-st-sauveur\/\"]}]},{\"@type\":\"ImageObject\",\"inLanguage\":\"it-IT\",\"@id\":\"https:\/\/www.cyclosouvenir.be\/it\/prodotto\/cirque-de-troumouse-luz-st-sauveur\/#primaryimage\",\"url\":\"https:\/\/www.cyclosouvenir.be\/wp-content\/uploads\/2024\/02\/Cirque_de_Troumouse_Luz_St_Sauveur.png\",\"contentUrl\":\"https:\/\/www.cyclosouvenir.be\/wp-content\/uploads\/2024\/02\/Cirque_de_Troumouse_Luz_St_Sauveur.png\",\"width\":250,\"height\":300},{\"@type\":\"BreadcrumbList\",\"@id\":\"https:\/\/www.cyclosouvenir.be\/it\/prodotto\/cirque-de-troumouse-luz-st-sauveur\/#breadcrumb\",\"itemListElement\":[{\"@type\":\"ListItem\",\"position\":1,\"name\":\"Home\",\"item\":\"https:\/\/www.cyclosouvenir.be\/it\/\"},{\"@type\":\"ListItem\",\"position\":2,\"name\":\"Negozio\",\"item\":\"https:\/\/www.cyclosouvenir.be\/it\/negozio\/\"},{\"@type\":\"ListItem\",\"position\":3,\"name\":\"Cirque de Troumouse &#8211; Luz St Sauveur\"}]},{\"@type\":\"WebSite\",\"@id\":\"https:\/\/www.cyclosouvenir.be\/it\/#website\",\"url\":\"https:\/\/www.cyclosouvenir.be\/it\/\",\"name\":\"Cyclosouvenir\",\"description\":\"De trofee voor een memorabele beklimming.\",\"publisher\":{\"@id\":\"https:\/\/www.cyclosouvenir.be\/it\/#organization\"},\"potentialAction\":[{\"@type\":\"SearchAction\",\"target\":{\"@type\":\"EntryPoint\",\"urlTemplate\":\"https:\/\/www.cyclosouvenir.be\/it\/?s={search_term_string}\"},\"query-input\":{\"@type\":\"PropertyValueSpecification\",\"valueRequired\":true,\"valueName\":\"search_term_string\"}}],\"inLanguage\":\"it-IT\"},{\"@type\":\"Organization\",\"@id\":\"https:\/\/www.cyclosouvenir.be\/it\/#organization\",\"name\":\"Cyclosouvenir\",\"url\":\"https:\/\/www.cyclosouvenir.be\/it\/\",\"logo\":{\"@type\":\"ImageObject\",\"inLanguage\":\"it-IT\",\"@id\":\"https:\/\/www.cyclosouvenir.be\/it\/#\/schema\/logo\/image\/\",\"url\":\"https:\/\/www.cyclosouvenir.be\/wp-content\/uploads\/2024\/02\/Cyclosouvenir_Banner-removebg-preview.png\",\"contentUrl\":\"https:\/\/www.cyclosouvenir.be\/wp-content\/uploads\/2024\/02\/Cyclosouvenir_Banner-removebg-preview.png\",\"width\":997,\"height\":250,\"caption\":\"Cyclosouvenir\"},\"image\":{\"@id\":\"https:\/\/www.cyclosouvenir.be\/it\/#\/schema\/logo\/image\/\"}}]}<\/script>\n<!-- \/ Yoast SEO plugin. -->","yoast_head_json":{"title":"Cirque de Troumouse - Luz St Sauveur - Cyclosouvenir","robots":{"index":"index","follow":"follow","max-snippet":"max-snippet:-1","max-image-preview":"max-image-preview:large","max-video-preview":"max-video-preview:-1"},"canonical":"https:\/\/www.cyclosouvenir.be\/it\/prodotto\/cirque-de-troumouse-luz-st-sauveur\/","og_locale":"it_IT","og_type":"article","og_title":"Cirque de Troumouse - Luz St Sauveur - Cyclosouvenir","og_description":"Ha un diametro medio di 4 km e si trova a un'altitudine di circa 2.200 metri. \u00c8 uno dei circhi pi\u00f9 grandi dei Pirenei e d'Europa. Il circo di Troumouse \u00e8 circondato dal Pic de Boun\u00e8u (2726 m) a sud-ovest e dal Pic de la S\u00e8de (2694 m) a nord-est. \u00c8 composto da diverse cime, ovvero l'H\u00e8che de Boun\u00e8u (2704 m), il P\u00e8ne Blanque (2905 m), il monte Arrouy (2888 m), il Pic de la Munia (3133 m), la Petite Munia (3096 m), il Pic de Serre Mour\u00e8ne (3090 m), il Pic Heid (3022 m), il Petit Pic Blanc (2957 m) e il Pic de Gerbats (2904 m). Le ultime tre cime formano la parete di Barroude. La valle \u00e8 raggiungibile attraverso la strada per Gavarnie, la strada dipartimentale 921 (ex strada nazionale 21). Poi prendi la direzione Cirque de Troumouse attraverso la strada dipartimentale 922, che attraversa la valle di H\u00e9as e termina all'Auberge du Maillet, dove potrai parcheggiare gratuitamente (tranne in estate). L'ultima parte del viaggio pu\u00f2 essere fatta con un trenino (a pagamento) o a piedi in 40 minuti. Fonte Wikipedia &nbsp; .Wikipedia","og_url":"https:\/\/www.cyclosouvenir.be\/it\/prodotto\/cirque-de-troumouse-luz-st-sauveur\/","og_site_name":"Cyclosouvenir","article_modified_time":"2025-11-09T10:47:05+00:00","og_image":[{"width":250,"height":300,"url":"https:\/\/www.cyclosouvenir.be\/wp-content\/uploads\/2024\/02\/Cirque_de_Troumouse_Luz_St_Sauveur.png","type":"image\/png"}],"twitter_card":"summary_large_image","schema":{"@context":"https:\/\/schema.org","@graph":[{"@type":"WebPage","@id":"https:\/\/www.cyclosouvenir.be\/it\/prodotto\/cirque-de-troumouse-luz-st-sauveur\/","url":"https:\/\/www.cyclosouvenir.be\/it\/prodotto\/cirque-de-troumouse-luz-st-sauveur\/","name":"Cirque de Troumouse - Luz St Sauveur - Cyclosouvenir","isPartOf":{"@id":"https:\/\/www.cyclosouvenir.be\/it\/#website"},"primaryImageOfPage":{"@id":"https:\/\/www.cyclosouvenir.be\/it\/prodotto\/cirque-de-troumouse-luz-st-sauveur\/#primaryimage"},"image":{"@id":"https:\/\/www.cyclosouvenir.be\/it\/prodotto\/cirque-de-troumouse-luz-st-sauveur\/#primaryimage"},"thumbnailUrl":"https:\/\/www.cyclosouvenir.be\/wp-content\/uploads\/2024\/02\/Cirque_de_Troumouse_Luz_St_Sauveur.png","datePublished":"2024-02-13T11:37:15+00:00","dateModified":"2025-11-09T10:47:05+00:00","breadcrumb":{"@id":"https:\/\/www.cyclosouvenir.be\/it\/prodotto\/cirque-de-troumouse-luz-st-sauveur\/#breadcrumb"},"inLanguage":"it-IT","potentialAction":[{"@type":"ReadAction","target":["https:\/\/www.cyclosouvenir.be\/it\/prodotto\/cirque-de-troumouse-luz-st-sauveur\/"]}]},{"@type":"ImageObject","inLanguage":"it-IT","@id":"https:\/\/www.cyclosouvenir.be\/it\/prodotto\/cirque-de-troumouse-luz-st-sauveur\/#primaryimage","url":"https:\/\/www.cyclosouvenir.be\/wp-content\/uploads\/2024\/02\/Cirque_de_Troumouse_Luz_St_Sauveur.png","contentUrl":"https:\/\/www.cyclosouvenir.be\/wp-content\/uploads\/2024\/02\/Cirque_de_Troumouse_Luz_St_Sauveur.png","width":250,"height":300},{"@type":"BreadcrumbList","@id":"https:\/\/www.cyclosouvenir.be\/it\/prodotto\/cirque-de-troumouse-luz-st-sauveur\/#breadcrumb","itemListElement":[{"@type":"ListItem","position":1,"name":"Home","item":"https:\/\/www.cyclosouvenir.be\/it\/"},{"@type":"ListItem","position":2,"name":"Negozio","item":"https:\/\/www.cyclosouvenir.be\/it\/negozio\/"},{"@type":"ListItem","position":3,"name":"Cirque de Troumouse &#8211; Luz St Sauveur"}]},{"@type":"WebSite","@id":"https:\/\/www.cyclosouvenir.be\/it\/#website","url":"https:\/\/www.cyclosouvenir.be\/it\/","name":"Cyclosouvenir","description":"De trofee voor een memorabele beklimming.","publisher":{"@id":"https:\/\/www.cyclosouvenir.be\/it\/#organization"},"potentialAction":[{"@type":"SearchAction","target":{"@type":"EntryPoint","urlTemplate":"https:\/\/www.cyclosouvenir.be\/it\/?s={search_term_string}"},"query-input":{"@type":"PropertyValueSpecification","valueRequired":true,"valueName":"search_term_string"}}],"inLanguage":"it-IT"},{"@type":"Organization","@id":"https:\/\/www.cyclosouvenir.be\/it\/#organization","name":"Cyclosouvenir","url":"https:\/\/www.cyclosouvenir.be\/it\/","logo":{"@type":"ImageObject","inLanguage":"it-IT","@id":"https:\/\/www.cyclosouvenir.be\/it\/#\/schema\/logo\/image\/","url":"https:\/\/www.cyclosouvenir.be\/wp-content\/uploads\/2024\/02\/Cyclosouvenir_Banner-removebg-preview.png","contentUrl":"https:\/\/www.cyclosouvenir.be\/wp-content\/uploads\/2024\/02\/Cyclosouvenir_Banner-removebg-preview.png","width":997,"height":250,"caption":"Cyclosouvenir"},"image":{"@id":"https:\/\/www.cyclosouvenir.be\/it\/#\/schema\/logo\/image\/"}}]}},"_links":{"self":[{"href":"https:\/\/www.cyclosouvenir.be\/it\/wp-json\/wp\/v2\/product\/11799","targetHints":{"allow":["GET"]}}],"collection":[{"href":"https:\/\/www.cyclosouvenir.be\/it\/wp-json\/wp\/v2\/product"}],"about":[{"href":"https:\/\/www.cyclosouvenir.be\/it\/wp-json\/wp\/v2\/types\/product"}],"replies":[{"embeddable":true,"href":"https:\/\/www.cyclosouvenir.be\/it\/wp-json\/wp\/v2\/comments?post=11799"}],"wp:featuredmedia":[{"embeddable":true,"href":"https:\/\/www.cyclosouvenir.be\/it\/wp-json\/wp\/v2\/media\/510"}],"wp:attachment":[{"href":"https:\/\/www.cyclosouvenir.be\/it\/wp-json\/wp\/v2\/media?parent=11799"}],"wp:term":[{"taxonomy":"product_brand","embeddable":true,"href":"https:\/\/www.cyclosouvenir.be\/it\/wp-json\/wp\/v2\/product_brand?post=11799"},{"taxonomy":"product_cat","embeddable":true,"href":"https:\/\/www.cyclosouvenir.be\/it\/wp-json\/wp\/v2\/product_cat?post=11799"},{"taxonomy":"product_tag","embeddable":true,"href":"https:\/\/www.cyclosouvenir.be\/it\/wp-json\/wp\/v2\/product_tag?post=11799"}],"curies":[{"name":"wp","href":"https:\/\/api.w.org\/{rel}","templated":true}]}}