{"id":11836,"date":"2024-02-13T11:37:15","date_gmt":"2024-02-13T11:37:15","guid":{"rendered":"https:\/\/demo9.inetproductions.be\/product\/superbagneres-bagneres-de-luchon\/"},"modified":"2024-05-09T11:18:22","modified_gmt":"2024-05-09T11:18:22","slug":"superbagneres-bagneres-de-luchon","status":"publish","type":"product","link":"https:\/\/www.cyclosouvenir.be\/it\/prodotto\/superbagneres-bagneres-de-luchon\/","title":{"rendered":"Superbagn\u00e8res &#8211; Bagn\u00e8res de Luchon"},"content":{"rendered":"","protected":false},"excerpt":{"rendered":"<p>La stazione sciistica dei Pirenei di Luchon-Superbagn\u00e8res si trova nel comune di Saint-Aventin, nel dipartimento dell&#8217;Alta Garonna e nella regione Occitania.<\/p>\n<p>La stazione di Superbagn\u00e8res ha accolto diversi arrivi del Tour de France. Questo \u00e8 stato il primo caso nel 1961 con il successo di Imerio Massignan. Nel 1962, in contre-la-montre, Federico Bahamontes conquista la vittoria. Nel 1971, il grimpeur spagnolo Jos\u00e9 Manuel Fuente \u00e8 stato il pi\u00f9 veloce durante la tappa in linea pi\u00f9 corta della storia del Tour de France (19,6 km da Bagn\u00e8res-de-Luchon). Durante il Tour 1979, un contre-la-montre Luchon-Superbagn\u00e8res ha visto la vittoria di Bernard Hinault. Al Tour 1986, questa volta in una tappa in linea, lo stesso Bernard Hinault, vittima di una d\u00e9faillance, perse una grande parte del vantaggio che aveva su Greg LeMond nella classifica generale. Ce dernier remporta l&#8217;\u00e9tape e fa un grande passo verso la vittoria finale. Infine, la Grande Boucle \u00e8 arrivata per la prima volta a Superbagn\u00e8res nel 1989. Mentre Robert Millar ha conquistato l&#8217;\u00e9tape, Laurent Fignon ha tolto a Greg LeMond la maillot jaune. Wikipedia<\/p>\n","protected":false},"featured_media":475,"comment_status":"closed","ping_status":"closed","template":"","meta":{"_et_pb_use_builder":"","_et_pb_old_content":"","_et_gb_content_width":""},"product_brand":[],"product_cat":[3505,3561,562],"product_tag":[],"class_list":{"0":"post-11836","1":"product","2":"type-product","3":"status-publish","4":"has-post-thumbnail","6":"product_cat-francia-it","7":"product_cat-i-pirenei","8":"product_cat-cippi","9":"tm-has-options","11":"first","12":"instock","13":"taxable","14":"shipping-taxable","15":"purchasable","16":"product-type-simple"},"yoast_head":"<!-- This site is optimized with the Yoast SEO plugin v26.2 - https:\/\/yoast.com\/wordpress\/plugins\/seo\/ -->\n<title>Superbagn\u00e8res - Bagn\u00e8res de Luchon - Cyclosouvenir<\/title>\n<meta name=\"robots\" content=\"index, follow, max-snippet:-1, max-image-preview:large, max-video-preview:-1\" \/>\n<link rel=\"canonical\" href=\"https:\/\/www.cyclosouvenir.be\/it\/prodotto\/superbagneres-bagneres-de-luchon\/\" \/>\n<meta property=\"og:locale\" content=\"it_IT\" \/>\n<meta property=\"og:type\" content=\"article\" \/>\n<meta property=\"og:title\" content=\"Superbagn\u00e8res - Bagn\u00e8res de Luchon - Cyclosouvenir\" \/>\n<meta property=\"og:description\" content=\"La stazione sciistica dei Pirenei di Luchon-Superbagn\u00e8res si trova nel comune di Saint-Aventin, nel dipartimento dell&#039;Alta Garonna e nella regione Occitania. La stazione di Superbagn\u00e8res ha accolto diversi arrivi del Tour de France. Questo \u00e8 stato il primo caso nel 1961 con il successo di Imerio Massignan. Nel 1962, in contre-la-montre, Federico Bahamontes conquista la vittoria. Nel 1971, il grimpeur spagnolo Jos\u00e9 Manuel Fuente \u00e8 stato il pi\u00f9 veloce durante la tappa in linea pi\u00f9 corta della storia del Tour de France (19,6 km da Bagn\u00e8res-de-Luchon). Durante il Tour 1979, un contre-la-montre Luchon-Superbagn\u00e8res ha visto la vittoria di Bernard Hinault. Al Tour 1986, questa volta in una tappa in linea, lo stesso Bernard Hinault, vittima di una d\u00e9faillance, perse una grande parte del vantaggio che aveva su Greg LeMond nella classifica generale. Ce dernier remporta l&#039;\u00e9tape e fa un grande passo verso la vittoria finale. Infine, la Grande Boucle \u00e8 arrivata per la prima volta a Superbagn\u00e8res nel 1989. Mentre Robert Millar ha conquistato l&#039;\u00e9tape, Laurent Fignon ha tolto a Greg LeMond la maillot jaune. Wikipedia\" \/>\n<meta property=\"og:url\" content=\"https:\/\/www.cyclosouvenir.be\/it\/prodotto\/superbagneres-bagneres-de-luchon\/\" \/>\n<meta property=\"og:site_name\" content=\"Cyclosouvenir\" \/>\n<meta property=\"article:modified_time\" content=\"2024-05-09T11:18:22+00:00\" \/>\n<meta property=\"og:image\" content=\"https:\/\/www.cyclosouvenir.be\/wp-content\/uploads\/2024\/02\/Superbagneres_Bagneres_de_Luchon.png\" \/>\n\t<meta property=\"og:image:width\" content=\"250\" \/>\n\t<meta property=\"og:image:height\" content=\"300\" \/>\n\t<meta property=\"og:image:type\" content=\"image\/png\" \/>\n<meta name=\"twitter:card\" content=\"summary_large_image\" \/>\n<script type=\"application\/ld+json\" class=\"yoast-schema-graph\">{\"@context\":\"https:\/\/schema.org\",\"@graph\":[{\"@type\":\"WebPage\",\"@id\":\"https:\/\/www.cyclosouvenir.be\/it\/prodotto\/superbagneres-bagneres-de-luchon\/\",\"url\":\"https:\/\/www.cyclosouvenir.be\/it\/prodotto\/superbagneres-bagneres-de-luchon\/\",\"name\":\"Superbagn\u00e8res - Bagn\u00e8res de Luchon - Cyclosouvenir\",\"isPartOf\":{\"@id\":\"https:\/\/www.cyclosouvenir.be\/it\/#website\"},\"primaryImageOfPage\":{\"@id\":\"https:\/\/www.cyclosouvenir.be\/it\/prodotto\/superbagneres-bagneres-de-luchon\/#primaryimage\"},\"image\":{\"@id\":\"https:\/\/www.cyclosouvenir.be\/it\/prodotto\/superbagneres-bagneres-de-luchon\/#primaryimage\"},\"thumbnailUrl\":\"https:\/\/www.cyclosouvenir.be\/wp-content\/uploads\/2024\/02\/Superbagneres_Bagneres_de_Luchon.png\",\"datePublished\":\"2024-02-13T11:37:15+00:00\",\"dateModified\":\"2024-05-09T11:18:22+00:00\",\"breadcrumb\":{\"@id\":\"https:\/\/www.cyclosouvenir.be\/it\/prodotto\/superbagneres-bagneres-de-luchon\/#breadcrumb\"},\"inLanguage\":\"it-IT\",\"potentialAction\":[{\"@type\":\"ReadAction\",\"target\":[\"https:\/\/www.cyclosouvenir.be\/it\/prodotto\/superbagneres-bagneres-de-luchon\/\"]}]},{\"@type\":\"ImageObject\",\"inLanguage\":\"it-IT\",\"@id\":\"https:\/\/www.cyclosouvenir.be\/it\/prodotto\/superbagneres-bagneres-de-luchon\/#primaryimage\",\"url\":\"https:\/\/www.cyclosouvenir.be\/wp-content\/uploads\/2024\/02\/Superbagneres_Bagneres_de_Luchon.png\",\"contentUrl\":\"https:\/\/www.cyclosouvenir.be\/wp-content\/uploads\/2024\/02\/Superbagneres_Bagneres_de_Luchon.png\",\"width\":250,\"height\":300},{\"@type\":\"BreadcrumbList\",\"@id\":\"https:\/\/www.cyclosouvenir.be\/it\/prodotto\/superbagneres-bagneres-de-luchon\/#breadcrumb\",\"itemListElement\":[{\"@type\":\"ListItem\",\"position\":1,\"name\":\"Home\",\"item\":\"https:\/\/www.cyclosouvenir.be\/it\/\"},{\"@type\":\"ListItem\",\"position\":2,\"name\":\"Negozio\",\"item\":\"https:\/\/www.cyclosouvenir.be\/it\/negozio\/\"},{\"@type\":\"ListItem\",\"position\":3,\"name\":\"Superbagn\u00e8res &#8211; Bagn\u00e8res de Luchon\"}]},{\"@type\":\"WebSite\",\"@id\":\"https:\/\/www.cyclosouvenir.be\/it\/#website\",\"url\":\"https:\/\/www.cyclosouvenir.be\/it\/\",\"name\":\"Cyclosouvenir\",\"description\":\"De trofee voor een memorabele beklimming.\",\"publisher\":{\"@id\":\"https:\/\/www.cyclosouvenir.be\/it\/#organization\"},\"potentialAction\":[{\"@type\":\"SearchAction\",\"target\":{\"@type\":\"EntryPoint\",\"urlTemplate\":\"https:\/\/www.cyclosouvenir.be\/it\/?s={search_term_string}\"},\"query-input\":{\"@type\":\"PropertyValueSpecification\",\"valueRequired\":true,\"valueName\":\"search_term_string\"}}],\"inLanguage\":\"it-IT\"},{\"@type\":\"Organization\",\"@id\":\"https:\/\/www.cyclosouvenir.be\/it\/#organization\",\"name\":\"Cyclosouvenir\",\"url\":\"https:\/\/www.cyclosouvenir.be\/it\/\",\"logo\":{\"@type\":\"ImageObject\",\"inLanguage\":\"it-IT\",\"@id\":\"https:\/\/www.cyclosouvenir.be\/it\/#\/schema\/logo\/image\/\",\"url\":\"https:\/\/www.cyclosouvenir.be\/wp-content\/uploads\/2024\/02\/Cyclosouvenir_Banner-removebg-preview.png\",\"contentUrl\":\"https:\/\/www.cyclosouvenir.be\/wp-content\/uploads\/2024\/02\/Cyclosouvenir_Banner-removebg-preview.png\",\"width\":997,\"height\":250,\"caption\":\"Cyclosouvenir\"},\"image\":{\"@id\":\"https:\/\/www.cyclosouvenir.be\/it\/#\/schema\/logo\/image\/\"}}]}<\/script>\n<!-- \/ Yoast SEO plugin. -->","yoast_head_json":{"title":"Superbagn\u00e8res - Bagn\u00e8res de Luchon - Cyclosouvenir","robots":{"index":"index","follow":"follow","max-snippet":"max-snippet:-1","max-image-preview":"max-image-preview:large","max-video-preview":"max-video-preview:-1"},"canonical":"https:\/\/www.cyclosouvenir.be\/it\/prodotto\/superbagneres-bagneres-de-luchon\/","og_locale":"it_IT","og_type":"article","og_title":"Superbagn\u00e8res - Bagn\u00e8res de Luchon - Cyclosouvenir","og_description":"La stazione sciistica dei Pirenei di Luchon-Superbagn\u00e8res si trova nel comune di Saint-Aventin, nel dipartimento dell'Alta Garonna e nella regione Occitania. La stazione di Superbagn\u00e8res ha accolto diversi arrivi del Tour de France. Questo \u00e8 stato il primo caso nel 1961 con il successo di Imerio Massignan. Nel 1962, in contre-la-montre, Federico Bahamontes conquista la vittoria. Nel 1971, il grimpeur spagnolo Jos\u00e9 Manuel Fuente \u00e8 stato il pi\u00f9 veloce durante la tappa in linea pi\u00f9 corta della storia del Tour de France (19,6 km da Bagn\u00e8res-de-Luchon). Durante il Tour 1979, un contre-la-montre Luchon-Superbagn\u00e8res ha visto la vittoria di Bernard Hinault. Al Tour 1986, questa volta in una tappa in linea, lo stesso Bernard Hinault, vittima di una d\u00e9faillance, perse una grande parte del vantaggio che aveva su Greg LeMond nella classifica generale. Ce dernier remporta l'\u00e9tape e fa un grande passo verso la vittoria finale. Infine, la Grande Boucle \u00e8 arrivata per la prima volta a Superbagn\u00e8res nel 1989. Mentre Robert Millar ha conquistato l'\u00e9tape, Laurent Fignon ha tolto a Greg LeMond la maillot jaune. Wikipedia","og_url":"https:\/\/www.cyclosouvenir.be\/it\/prodotto\/superbagneres-bagneres-de-luchon\/","og_site_name":"Cyclosouvenir","article_modified_time":"2024-05-09T11:18:22+00:00","og_image":[{"width":250,"height":300,"url":"https:\/\/www.cyclosouvenir.be\/wp-content\/uploads\/2024\/02\/Superbagneres_Bagneres_de_Luchon.png","type":"image\/png"}],"twitter_card":"summary_large_image","schema":{"@context":"https:\/\/schema.org","@graph":[{"@type":"WebPage","@id":"https:\/\/www.cyclosouvenir.be\/it\/prodotto\/superbagneres-bagneres-de-luchon\/","url":"https:\/\/www.cyclosouvenir.be\/it\/prodotto\/superbagneres-bagneres-de-luchon\/","name":"Superbagn\u00e8res - Bagn\u00e8res de Luchon - Cyclosouvenir","isPartOf":{"@id":"https:\/\/www.cyclosouvenir.be\/it\/#website"},"primaryImageOfPage":{"@id":"https:\/\/www.cyclosouvenir.be\/it\/prodotto\/superbagneres-bagneres-de-luchon\/#primaryimage"},"image":{"@id":"https:\/\/www.cyclosouvenir.be\/it\/prodotto\/superbagneres-bagneres-de-luchon\/#primaryimage"},"thumbnailUrl":"https:\/\/www.cyclosouvenir.be\/wp-content\/uploads\/2024\/02\/Superbagneres_Bagneres_de_Luchon.png","datePublished":"2024-02-13T11:37:15+00:00","dateModified":"2024-05-09T11:18:22+00:00","breadcrumb":{"@id":"https:\/\/www.cyclosouvenir.be\/it\/prodotto\/superbagneres-bagneres-de-luchon\/#breadcrumb"},"inLanguage":"it-IT","potentialAction":[{"@type":"ReadAction","target":["https:\/\/www.cyclosouvenir.be\/it\/prodotto\/superbagneres-bagneres-de-luchon\/"]}]},{"@type":"ImageObject","inLanguage":"it-IT","@id":"https:\/\/www.cyclosouvenir.be\/it\/prodotto\/superbagneres-bagneres-de-luchon\/#primaryimage","url":"https:\/\/www.cyclosouvenir.be\/wp-content\/uploads\/2024\/02\/Superbagneres_Bagneres_de_Luchon.png","contentUrl":"https:\/\/www.cyclosouvenir.be\/wp-content\/uploads\/2024\/02\/Superbagneres_Bagneres_de_Luchon.png","width":250,"height":300},{"@type":"BreadcrumbList","@id":"https:\/\/www.cyclosouvenir.be\/it\/prodotto\/superbagneres-bagneres-de-luchon\/#breadcrumb","itemListElement":[{"@type":"ListItem","position":1,"name":"Home","item":"https:\/\/www.cyclosouvenir.be\/it\/"},{"@type":"ListItem","position":2,"name":"Negozio","item":"https:\/\/www.cyclosouvenir.be\/it\/negozio\/"},{"@type":"ListItem","position":3,"name":"Superbagn\u00e8res &#8211; Bagn\u00e8res de Luchon"}]},{"@type":"WebSite","@id":"https:\/\/www.cyclosouvenir.be\/it\/#website","url":"https:\/\/www.cyclosouvenir.be\/it\/","name":"Cyclosouvenir","description":"De trofee voor een memorabele beklimming.","publisher":{"@id":"https:\/\/www.cyclosouvenir.be\/it\/#organization"},"potentialAction":[{"@type":"SearchAction","target":{"@type":"EntryPoint","urlTemplate":"https:\/\/www.cyclosouvenir.be\/it\/?s={search_term_string}"},"query-input":{"@type":"PropertyValueSpecification","valueRequired":true,"valueName":"search_term_string"}}],"inLanguage":"it-IT"},{"@type":"Organization","@id":"https:\/\/www.cyclosouvenir.be\/it\/#organization","name":"Cyclosouvenir","url":"https:\/\/www.cyclosouvenir.be\/it\/","logo":{"@type":"ImageObject","inLanguage":"it-IT","@id":"https:\/\/www.cyclosouvenir.be\/it\/#\/schema\/logo\/image\/","url":"https:\/\/www.cyclosouvenir.be\/wp-content\/uploads\/2024\/02\/Cyclosouvenir_Banner-removebg-preview.png","contentUrl":"https:\/\/www.cyclosouvenir.be\/wp-content\/uploads\/2024\/02\/Cyclosouvenir_Banner-removebg-preview.png","width":997,"height":250,"caption":"Cyclosouvenir"},"image":{"@id":"https:\/\/www.cyclosouvenir.be\/it\/#\/schema\/logo\/image\/"}}]}},"_links":{"self":[{"href":"https:\/\/www.cyclosouvenir.be\/it\/wp-json\/wp\/v2\/product\/11836","targetHints":{"allow":["GET"]}}],"collection":[{"href":"https:\/\/www.cyclosouvenir.be\/it\/wp-json\/wp\/v2\/product"}],"about":[{"href":"https:\/\/www.cyclosouvenir.be\/it\/wp-json\/wp\/v2\/types\/product"}],"replies":[{"embeddable":true,"href":"https:\/\/www.cyclosouvenir.be\/it\/wp-json\/wp\/v2\/comments?post=11836"}],"wp:featuredmedia":[{"embeddable":true,"href":"https:\/\/www.cyclosouvenir.be\/it\/wp-json\/wp\/v2\/media\/475"}],"wp:attachment":[{"href":"https:\/\/www.cyclosouvenir.be\/it\/wp-json\/wp\/v2\/media?parent=11836"}],"wp:term":[{"taxonomy":"product_brand","embeddable":true,"href":"https:\/\/www.cyclosouvenir.be\/it\/wp-json\/wp\/v2\/product_brand?post=11836"},{"taxonomy":"product_cat","embeddable":true,"href":"https:\/\/www.cyclosouvenir.be\/it\/wp-json\/wp\/v2\/product_cat?post=11836"},{"taxonomy":"product_tag","embeddable":true,"href":"https:\/\/www.cyclosouvenir.be\/it\/wp-json\/wp\/v2\/product_tag?post=11836"}],"curies":[{"name":"wp","href":"https:\/\/api.w.org\/{rel}","templated":true}]}}