{"id":11962,"date":"2024-02-13T11:36:52","date_gmt":"2024-02-13T11:36:52","guid":{"rendered":"https:\/\/demo9.inetproductions.be\/product\/hautacam-argeles-gazost\/"},"modified":"2024-05-09T12:24:12","modified_gmt":"2024-05-09T12:24:12","slug":"hautacam-argeles-gazost","status":"publish","type":"product","link":"https:\/\/www.cyclosouvenir.be\/it\/prodotto\/hautacam-argeles-gazost\/","title":{"rendered":"Hautacam &#8211; Arg\u00e8les Gazost"},"content":{"rendered":"","protected":false},"excerpt":{"rendered":"<p>Hautacam \u00e8 una stazione di sport invernali nei Pirenei. La localit\u00e0 si trova nel comune di Beaucens, nel dipartimento degli Hautes-Pyr\u00e9n\u00e9es, nella regione dell&#8217;Occitania. La stazione sciistica \u00e8 vicina ad Argel\u00e8s-Gazost e Lourdes e si trova a un&#8217;altitudine media di 1.560 metri.<\/p>\n<p>L&#8217;Hautacam \u00e8 stato incluso per la prima volta nel Tour de France del 1994. Wikipedia<\/p>\n","protected":false},"featured_media":185,"comment_status":"closed","ping_status":"closed","template":"","meta":{"_et_pb_use_builder":"","_et_pb_old_content":"","_et_gb_content_width":""},"product_brand":[],"product_cat":[3505,3561,562],"product_tag":[],"class_list":{"0":"post-11962","1":"product","2":"type-product","3":"status-publish","4":"has-post-thumbnail","6":"product_cat-francia-it","7":"product_cat-i-pirenei","8":"product_cat-cippi","9":"tm-has-options","11":"first","12":"instock","13":"taxable","14":"shipping-taxable","15":"purchasable","16":"product-type-simple"},"yoast_head":"<!-- This site is optimized with the Yoast SEO plugin v26.2 - https:\/\/yoast.com\/wordpress\/plugins\/seo\/ -->\n<title>Hautacam - Arg\u00e8les Gazost - Cyclosouvenir<\/title>\n<meta name=\"robots\" content=\"index, follow, max-snippet:-1, max-image-preview:large, max-video-preview:-1\" \/>\n<link rel=\"canonical\" href=\"https:\/\/www.cyclosouvenir.be\/it\/prodotto\/hautacam-argeles-gazost\/\" \/>\n<meta property=\"og:locale\" content=\"it_IT\" \/>\n<meta property=\"og:type\" content=\"article\" \/>\n<meta property=\"og:title\" content=\"Hautacam - Arg\u00e8les Gazost - Cyclosouvenir\" \/>\n<meta property=\"og:description\" content=\"Hautacam \u00e8 una stazione di sport invernali nei Pirenei. La localit\u00e0 si trova nel comune di Beaucens, nel dipartimento degli Hautes-Pyr\u00e9n\u00e9es, nella regione dell&#039;Occitania. La stazione sciistica \u00e8 vicina ad Argel\u00e8s-Gazost e Lourdes e si trova a un&#039;altitudine media di 1.560 metri. L&#039;Hautacam \u00e8 stato incluso per la prima volta nel Tour de France del 1994. Wikipedia\" \/>\n<meta property=\"og:url\" content=\"https:\/\/www.cyclosouvenir.be\/it\/prodotto\/hautacam-argeles-gazost\/\" \/>\n<meta property=\"og:site_name\" content=\"Cyclosouvenir\" \/>\n<meta property=\"article:modified_time\" content=\"2024-05-09T12:24:12+00:00\" \/>\n<meta property=\"og:image\" content=\"https:\/\/www.cyclosouvenir.be\/wp-content\/uploads\/2024\/02\/Hautacam_ArgelesGazost.png\" \/>\n\t<meta property=\"og:image:width\" content=\"250\" \/>\n\t<meta property=\"og:image:height\" content=\"300\" \/>\n\t<meta property=\"og:image:type\" content=\"image\/png\" \/>\n<meta name=\"twitter:card\" content=\"summary_large_image\" \/>\n<script type=\"application\/ld+json\" class=\"yoast-schema-graph\">{\"@context\":\"https:\/\/schema.org\",\"@graph\":[{\"@type\":\"WebPage\",\"@id\":\"https:\/\/www.cyclosouvenir.be\/it\/prodotto\/hautacam-argeles-gazost\/\",\"url\":\"https:\/\/www.cyclosouvenir.be\/it\/prodotto\/hautacam-argeles-gazost\/\",\"name\":\"Hautacam - Arg\u00e8les Gazost - Cyclosouvenir\",\"isPartOf\":{\"@id\":\"https:\/\/www.cyclosouvenir.be\/it\/#website\"},\"primaryImageOfPage\":{\"@id\":\"https:\/\/www.cyclosouvenir.be\/it\/prodotto\/hautacam-argeles-gazost\/#primaryimage\"},\"image\":{\"@id\":\"https:\/\/www.cyclosouvenir.be\/it\/prodotto\/hautacam-argeles-gazost\/#primaryimage\"},\"thumbnailUrl\":\"https:\/\/www.cyclosouvenir.be\/wp-content\/uploads\/2024\/02\/Hautacam_ArgelesGazost.png\",\"datePublished\":\"2024-02-13T11:36:52+00:00\",\"dateModified\":\"2024-05-09T12:24:12+00:00\",\"breadcrumb\":{\"@id\":\"https:\/\/www.cyclosouvenir.be\/it\/prodotto\/hautacam-argeles-gazost\/#breadcrumb\"},\"inLanguage\":\"it-IT\",\"potentialAction\":[{\"@type\":\"ReadAction\",\"target\":[\"https:\/\/www.cyclosouvenir.be\/it\/prodotto\/hautacam-argeles-gazost\/\"]}]},{\"@type\":\"ImageObject\",\"inLanguage\":\"it-IT\",\"@id\":\"https:\/\/www.cyclosouvenir.be\/it\/prodotto\/hautacam-argeles-gazost\/#primaryimage\",\"url\":\"https:\/\/www.cyclosouvenir.be\/wp-content\/uploads\/2024\/02\/Hautacam_ArgelesGazost.png\",\"contentUrl\":\"https:\/\/www.cyclosouvenir.be\/wp-content\/uploads\/2024\/02\/Hautacam_ArgelesGazost.png\",\"width\":250,\"height\":300},{\"@type\":\"BreadcrumbList\",\"@id\":\"https:\/\/www.cyclosouvenir.be\/it\/prodotto\/hautacam-argeles-gazost\/#breadcrumb\",\"itemListElement\":[{\"@type\":\"ListItem\",\"position\":1,\"name\":\"Home\",\"item\":\"https:\/\/www.cyclosouvenir.be\/it\/\"},{\"@type\":\"ListItem\",\"position\":2,\"name\":\"Negozio\",\"item\":\"https:\/\/www.cyclosouvenir.be\/it\/negozio\/\"},{\"@type\":\"ListItem\",\"position\":3,\"name\":\"Hautacam &#8211; Arg\u00e8les Gazost\"}]},{\"@type\":\"WebSite\",\"@id\":\"https:\/\/www.cyclosouvenir.be\/it\/#website\",\"url\":\"https:\/\/www.cyclosouvenir.be\/it\/\",\"name\":\"Cyclosouvenir\",\"description\":\"De trofee voor een memorabele beklimming.\",\"publisher\":{\"@id\":\"https:\/\/www.cyclosouvenir.be\/it\/#organization\"},\"potentialAction\":[{\"@type\":\"SearchAction\",\"target\":{\"@type\":\"EntryPoint\",\"urlTemplate\":\"https:\/\/www.cyclosouvenir.be\/it\/?s={search_term_string}\"},\"query-input\":{\"@type\":\"PropertyValueSpecification\",\"valueRequired\":true,\"valueName\":\"search_term_string\"}}],\"inLanguage\":\"it-IT\"},{\"@type\":\"Organization\",\"@id\":\"https:\/\/www.cyclosouvenir.be\/it\/#organization\",\"name\":\"Cyclosouvenir\",\"url\":\"https:\/\/www.cyclosouvenir.be\/it\/\",\"logo\":{\"@type\":\"ImageObject\",\"inLanguage\":\"it-IT\",\"@id\":\"https:\/\/www.cyclosouvenir.be\/it\/#\/schema\/logo\/image\/\",\"url\":\"https:\/\/www.cyclosouvenir.be\/wp-content\/uploads\/2024\/02\/Cyclosouvenir_Banner-removebg-preview.png\",\"contentUrl\":\"https:\/\/www.cyclosouvenir.be\/wp-content\/uploads\/2024\/02\/Cyclosouvenir_Banner-removebg-preview.png\",\"width\":997,\"height\":250,\"caption\":\"Cyclosouvenir\"},\"image\":{\"@id\":\"https:\/\/www.cyclosouvenir.be\/it\/#\/schema\/logo\/image\/\"}}]}<\/script>\n<!-- \/ Yoast SEO plugin. -->","yoast_head_json":{"title":"Hautacam - Arg\u00e8les Gazost - Cyclosouvenir","robots":{"index":"index","follow":"follow","max-snippet":"max-snippet:-1","max-image-preview":"max-image-preview:large","max-video-preview":"max-video-preview:-1"},"canonical":"https:\/\/www.cyclosouvenir.be\/it\/prodotto\/hautacam-argeles-gazost\/","og_locale":"it_IT","og_type":"article","og_title":"Hautacam - Arg\u00e8les Gazost - Cyclosouvenir","og_description":"Hautacam \u00e8 una stazione di sport invernali nei Pirenei. La localit\u00e0 si trova nel comune di Beaucens, nel dipartimento degli Hautes-Pyr\u00e9n\u00e9es, nella regione dell'Occitania. La stazione sciistica \u00e8 vicina ad Argel\u00e8s-Gazost e Lourdes e si trova a un'altitudine media di 1.560 metri. L'Hautacam \u00e8 stato incluso per la prima volta nel Tour de France del 1994. Wikipedia","og_url":"https:\/\/www.cyclosouvenir.be\/it\/prodotto\/hautacam-argeles-gazost\/","og_site_name":"Cyclosouvenir","article_modified_time":"2024-05-09T12:24:12+00:00","og_image":[{"width":250,"height":300,"url":"https:\/\/www.cyclosouvenir.be\/wp-content\/uploads\/2024\/02\/Hautacam_ArgelesGazost.png","type":"image\/png"}],"twitter_card":"summary_large_image","schema":{"@context":"https:\/\/schema.org","@graph":[{"@type":"WebPage","@id":"https:\/\/www.cyclosouvenir.be\/it\/prodotto\/hautacam-argeles-gazost\/","url":"https:\/\/www.cyclosouvenir.be\/it\/prodotto\/hautacam-argeles-gazost\/","name":"Hautacam - Arg\u00e8les Gazost - Cyclosouvenir","isPartOf":{"@id":"https:\/\/www.cyclosouvenir.be\/it\/#website"},"primaryImageOfPage":{"@id":"https:\/\/www.cyclosouvenir.be\/it\/prodotto\/hautacam-argeles-gazost\/#primaryimage"},"image":{"@id":"https:\/\/www.cyclosouvenir.be\/it\/prodotto\/hautacam-argeles-gazost\/#primaryimage"},"thumbnailUrl":"https:\/\/www.cyclosouvenir.be\/wp-content\/uploads\/2024\/02\/Hautacam_ArgelesGazost.png","datePublished":"2024-02-13T11:36:52+00:00","dateModified":"2024-05-09T12:24:12+00:00","breadcrumb":{"@id":"https:\/\/www.cyclosouvenir.be\/it\/prodotto\/hautacam-argeles-gazost\/#breadcrumb"},"inLanguage":"it-IT","potentialAction":[{"@type":"ReadAction","target":["https:\/\/www.cyclosouvenir.be\/it\/prodotto\/hautacam-argeles-gazost\/"]}]},{"@type":"ImageObject","inLanguage":"it-IT","@id":"https:\/\/www.cyclosouvenir.be\/it\/prodotto\/hautacam-argeles-gazost\/#primaryimage","url":"https:\/\/www.cyclosouvenir.be\/wp-content\/uploads\/2024\/02\/Hautacam_ArgelesGazost.png","contentUrl":"https:\/\/www.cyclosouvenir.be\/wp-content\/uploads\/2024\/02\/Hautacam_ArgelesGazost.png","width":250,"height":300},{"@type":"BreadcrumbList","@id":"https:\/\/www.cyclosouvenir.be\/it\/prodotto\/hautacam-argeles-gazost\/#breadcrumb","itemListElement":[{"@type":"ListItem","position":1,"name":"Home","item":"https:\/\/www.cyclosouvenir.be\/it\/"},{"@type":"ListItem","position":2,"name":"Negozio","item":"https:\/\/www.cyclosouvenir.be\/it\/negozio\/"},{"@type":"ListItem","position":3,"name":"Hautacam &#8211; Arg\u00e8les Gazost"}]},{"@type":"WebSite","@id":"https:\/\/www.cyclosouvenir.be\/it\/#website","url":"https:\/\/www.cyclosouvenir.be\/it\/","name":"Cyclosouvenir","description":"De trofee voor een memorabele beklimming.","publisher":{"@id":"https:\/\/www.cyclosouvenir.be\/it\/#organization"},"potentialAction":[{"@type":"SearchAction","target":{"@type":"EntryPoint","urlTemplate":"https:\/\/www.cyclosouvenir.be\/it\/?s={search_term_string}"},"query-input":{"@type":"PropertyValueSpecification","valueRequired":true,"valueName":"search_term_string"}}],"inLanguage":"it-IT"},{"@type":"Organization","@id":"https:\/\/www.cyclosouvenir.be\/it\/#organization","name":"Cyclosouvenir","url":"https:\/\/www.cyclosouvenir.be\/it\/","logo":{"@type":"ImageObject","inLanguage":"it-IT","@id":"https:\/\/www.cyclosouvenir.be\/it\/#\/schema\/logo\/image\/","url":"https:\/\/www.cyclosouvenir.be\/wp-content\/uploads\/2024\/02\/Cyclosouvenir_Banner-removebg-preview.png","contentUrl":"https:\/\/www.cyclosouvenir.be\/wp-content\/uploads\/2024\/02\/Cyclosouvenir_Banner-removebg-preview.png","width":997,"height":250,"caption":"Cyclosouvenir"},"image":{"@id":"https:\/\/www.cyclosouvenir.be\/it\/#\/schema\/logo\/image\/"}}]}},"_links":{"self":[{"href":"https:\/\/www.cyclosouvenir.be\/it\/wp-json\/wp\/v2\/product\/11962","targetHints":{"allow":["GET"]}}],"collection":[{"href":"https:\/\/www.cyclosouvenir.be\/it\/wp-json\/wp\/v2\/product"}],"about":[{"href":"https:\/\/www.cyclosouvenir.be\/it\/wp-json\/wp\/v2\/types\/product"}],"replies":[{"embeddable":true,"href":"https:\/\/www.cyclosouvenir.be\/it\/wp-json\/wp\/v2\/comments?post=11962"}],"wp:featuredmedia":[{"embeddable":true,"href":"https:\/\/www.cyclosouvenir.be\/it\/wp-json\/wp\/v2\/media\/185"}],"wp:attachment":[{"href":"https:\/\/www.cyclosouvenir.be\/it\/wp-json\/wp\/v2\/media?parent=11962"}],"wp:term":[{"taxonomy":"product_brand","embeddable":true,"href":"https:\/\/www.cyclosouvenir.be\/it\/wp-json\/wp\/v2\/product_brand?post=11962"},{"taxonomy":"product_cat","embeddable":true,"href":"https:\/\/www.cyclosouvenir.be\/it\/wp-json\/wp\/v2\/product_cat?post=11962"},{"taxonomy":"product_tag","embeddable":true,"href":"https:\/\/www.cyclosouvenir.be\/it\/wp-json\/wp\/v2\/product_tag?post=11962"}],"curies":[{"name":"wp","href":"https:\/\/api.w.org\/{rel}","templated":true}]}}