{"id":12009,"date":"2024-02-13T11:36:52","date_gmt":"2024-02-13T11:36:52","guid":{"rendered":"https:\/\/demo9.inetproductions.be\/product\/puy-de-dome-clermont-ferrand\/"},"modified":"2024-05-09T12:17:42","modified_gmt":"2024-05-09T12:17:42","slug":"puy-de-dome-clermont-ferrand","status":"publish","type":"product","link":"https:\/\/www.cyclosouvenir.be\/it\/prodotto\/puy-de-dome-clermont-ferrand\/","title":{"rendered":"Puy de D\u00f4me &#8211; Clermont Ferrand"},"content":{"rendered":"","protected":false},"excerpt":{"rendered":"<p>Il Puy de D\u00f4me \u00e8 una grande cupola lavica e uno dei vulcani pi\u00f9 giovani del Massiccio Centrale in Alvernia, nella parte centro-meridionale della Francia, con un&#8217;altitudine di 1464 metri. Il vulcano appartiene alla Cha\u00eene des Puys. I Romani vi costruirono un tempio dedicato a Mercurio.<\/p>\n<p>La cima del Puy de D\u00f4me \u00e8 stata il punto di arrivo di una tappa del Tour de France per 14 volte. Nel 1975, era l&#8217;arrivo della 14\u00aa tappa e fu proprio in questa tappa che Eddy Merckx ricevette un pugno al fegato, che fu poi alla base della sua sconfitta. Nel 2023, per la prima volta dal 1988, ci sar\u00e0 l&#8217;arrivo di una tappa del Tour sul Puy de D\u00f4me.<\/p>\n<p>Wikipedia<\/p>\n","protected":false},"featured_media":220,"comment_status":"closed","ping_status":"closed","template":"","meta":{"_et_pb_use_builder":"","_et_pb_old_content":"","_et_gb_content_width":""},"product_brand":[],"product_cat":[3505,3506,562],"product_tag":[],"class_list":{"0":"post-12009","1":"product","2":"type-product","3":"status-publish","4":"has-post-thumbnail","6":"product_cat-francia-it","7":"product_cat-massiccio-centrale-it","8":"product_cat-cippi","9":"tm-has-options","11":"first","12":"instock","13":"taxable","14":"shipping-taxable","15":"purchasable","16":"product-type-simple"},"yoast_head":"<!-- This site is optimized with the Yoast SEO plugin v26.2 - https:\/\/yoast.com\/wordpress\/plugins\/seo\/ -->\n<title>Puy de D\u00f4me - Clermont Ferrand - Cyclosouvenir<\/title>\n<meta name=\"robots\" content=\"index, follow, max-snippet:-1, max-image-preview:large, max-video-preview:-1\" \/>\n<link rel=\"canonical\" href=\"https:\/\/www.cyclosouvenir.be\/it\/prodotto\/puy-de-dome-clermont-ferrand\/\" \/>\n<meta property=\"og:locale\" content=\"it_IT\" \/>\n<meta property=\"og:type\" content=\"article\" \/>\n<meta property=\"og:title\" content=\"Puy de D\u00f4me - Clermont Ferrand - Cyclosouvenir\" \/>\n<meta property=\"og:description\" content=\"Il Puy de D\u00f4me \u00e8 una grande cupola lavica e uno dei vulcani pi\u00f9 giovani del Massiccio Centrale in Alvernia, nella parte centro-meridionale della Francia, con un&#039;altitudine di 1464 metri. Il vulcano appartiene alla Cha\u00eene des Puys. I Romani vi costruirono un tempio dedicato a Mercurio. La cima del Puy de D\u00f4me \u00e8 stata il punto di arrivo di una tappa del Tour de France per 14 volte. Nel 1975, era l&#039;arrivo della 14\u00aa tappa e fu proprio in questa tappa che Eddy Merckx ricevette un pugno al fegato, che fu poi alla base della sua sconfitta. Nel 2023, per la prima volta dal 1988, ci sar\u00e0 l&#039;arrivo di una tappa del Tour sul Puy de D\u00f4me. Wikipedia\" \/>\n<meta property=\"og:url\" content=\"https:\/\/www.cyclosouvenir.be\/it\/prodotto\/puy-de-dome-clermont-ferrand\/\" \/>\n<meta property=\"og:site_name\" content=\"Cyclosouvenir\" \/>\n<meta property=\"article:modified_time\" content=\"2024-05-09T12:17:42+00:00\" \/>\n<meta property=\"og:image\" content=\"https:\/\/www.cyclosouvenir.be\/wp-content\/uploads\/2024\/02\/PuydeDome_ClermontFerrand.png\" \/>\n\t<meta property=\"og:image:width\" content=\"250\" \/>\n\t<meta property=\"og:image:height\" content=\"300\" \/>\n\t<meta property=\"og:image:type\" content=\"image\/png\" \/>\n<meta name=\"twitter:card\" content=\"summary_large_image\" \/>\n<script type=\"application\/ld+json\" class=\"yoast-schema-graph\">{\"@context\":\"https:\/\/schema.org\",\"@graph\":[{\"@type\":\"WebPage\",\"@id\":\"https:\/\/www.cyclosouvenir.be\/it\/prodotto\/puy-de-dome-clermont-ferrand\/\",\"url\":\"https:\/\/www.cyclosouvenir.be\/it\/prodotto\/puy-de-dome-clermont-ferrand\/\",\"name\":\"Puy de D\u00f4me - Clermont Ferrand - Cyclosouvenir\",\"isPartOf\":{\"@id\":\"https:\/\/www.cyclosouvenir.be\/it\/#website\"},\"primaryImageOfPage\":{\"@id\":\"https:\/\/www.cyclosouvenir.be\/it\/prodotto\/puy-de-dome-clermont-ferrand\/#primaryimage\"},\"image\":{\"@id\":\"https:\/\/www.cyclosouvenir.be\/it\/prodotto\/puy-de-dome-clermont-ferrand\/#primaryimage\"},\"thumbnailUrl\":\"https:\/\/www.cyclosouvenir.be\/wp-content\/uploads\/2024\/02\/PuydeDome_ClermontFerrand.png\",\"datePublished\":\"2024-02-13T11:36:52+00:00\",\"dateModified\":\"2024-05-09T12:17:42+00:00\",\"breadcrumb\":{\"@id\":\"https:\/\/www.cyclosouvenir.be\/it\/prodotto\/puy-de-dome-clermont-ferrand\/#breadcrumb\"},\"inLanguage\":\"it-IT\",\"potentialAction\":[{\"@type\":\"ReadAction\",\"target\":[\"https:\/\/www.cyclosouvenir.be\/it\/prodotto\/puy-de-dome-clermont-ferrand\/\"]}]},{\"@type\":\"ImageObject\",\"inLanguage\":\"it-IT\",\"@id\":\"https:\/\/www.cyclosouvenir.be\/it\/prodotto\/puy-de-dome-clermont-ferrand\/#primaryimage\",\"url\":\"https:\/\/www.cyclosouvenir.be\/wp-content\/uploads\/2024\/02\/PuydeDome_ClermontFerrand.png\",\"contentUrl\":\"https:\/\/www.cyclosouvenir.be\/wp-content\/uploads\/2024\/02\/PuydeDome_ClermontFerrand.png\",\"width\":250,\"height\":300},{\"@type\":\"BreadcrumbList\",\"@id\":\"https:\/\/www.cyclosouvenir.be\/it\/prodotto\/puy-de-dome-clermont-ferrand\/#breadcrumb\",\"itemListElement\":[{\"@type\":\"ListItem\",\"position\":1,\"name\":\"Home\",\"item\":\"https:\/\/www.cyclosouvenir.be\/it\/\"},{\"@type\":\"ListItem\",\"position\":2,\"name\":\"Negozio\",\"item\":\"https:\/\/www.cyclosouvenir.be\/it\/negozio\/\"},{\"@type\":\"ListItem\",\"position\":3,\"name\":\"Puy de D\u00f4me &#8211; Clermont Ferrand\"}]},{\"@type\":\"WebSite\",\"@id\":\"https:\/\/www.cyclosouvenir.be\/it\/#website\",\"url\":\"https:\/\/www.cyclosouvenir.be\/it\/\",\"name\":\"Cyclosouvenir\",\"description\":\"De trofee voor een memorabele beklimming.\",\"publisher\":{\"@id\":\"https:\/\/www.cyclosouvenir.be\/it\/#organization\"},\"potentialAction\":[{\"@type\":\"SearchAction\",\"target\":{\"@type\":\"EntryPoint\",\"urlTemplate\":\"https:\/\/www.cyclosouvenir.be\/it\/?s={search_term_string}\"},\"query-input\":{\"@type\":\"PropertyValueSpecification\",\"valueRequired\":true,\"valueName\":\"search_term_string\"}}],\"inLanguage\":\"it-IT\"},{\"@type\":\"Organization\",\"@id\":\"https:\/\/www.cyclosouvenir.be\/it\/#organization\",\"name\":\"Cyclosouvenir\",\"url\":\"https:\/\/www.cyclosouvenir.be\/it\/\",\"logo\":{\"@type\":\"ImageObject\",\"inLanguage\":\"it-IT\",\"@id\":\"https:\/\/www.cyclosouvenir.be\/it\/#\/schema\/logo\/image\/\",\"url\":\"https:\/\/www.cyclosouvenir.be\/wp-content\/uploads\/2024\/02\/Cyclosouvenir_Banner-removebg-preview.png\",\"contentUrl\":\"https:\/\/www.cyclosouvenir.be\/wp-content\/uploads\/2024\/02\/Cyclosouvenir_Banner-removebg-preview.png\",\"width\":997,\"height\":250,\"caption\":\"Cyclosouvenir\"},\"image\":{\"@id\":\"https:\/\/www.cyclosouvenir.be\/it\/#\/schema\/logo\/image\/\"}}]}<\/script>\n<!-- \/ Yoast SEO plugin. -->","yoast_head_json":{"title":"Puy de D\u00f4me - Clermont Ferrand - Cyclosouvenir","robots":{"index":"index","follow":"follow","max-snippet":"max-snippet:-1","max-image-preview":"max-image-preview:large","max-video-preview":"max-video-preview:-1"},"canonical":"https:\/\/www.cyclosouvenir.be\/it\/prodotto\/puy-de-dome-clermont-ferrand\/","og_locale":"it_IT","og_type":"article","og_title":"Puy de D\u00f4me - Clermont Ferrand - Cyclosouvenir","og_description":"Il Puy de D\u00f4me \u00e8 una grande cupola lavica e uno dei vulcani pi\u00f9 giovani del Massiccio Centrale in Alvernia, nella parte centro-meridionale della Francia, con un'altitudine di 1464 metri. Il vulcano appartiene alla Cha\u00eene des Puys. I Romani vi costruirono un tempio dedicato a Mercurio. La cima del Puy de D\u00f4me \u00e8 stata il punto di arrivo di una tappa del Tour de France per 14 volte. Nel 1975, era l'arrivo della 14\u00aa tappa e fu proprio in questa tappa che Eddy Merckx ricevette un pugno al fegato, che fu poi alla base della sua sconfitta. Nel 2023, per la prima volta dal 1988, ci sar\u00e0 l'arrivo di una tappa del Tour sul Puy de D\u00f4me. Wikipedia","og_url":"https:\/\/www.cyclosouvenir.be\/it\/prodotto\/puy-de-dome-clermont-ferrand\/","og_site_name":"Cyclosouvenir","article_modified_time":"2024-05-09T12:17:42+00:00","og_image":[{"width":250,"height":300,"url":"https:\/\/www.cyclosouvenir.be\/wp-content\/uploads\/2024\/02\/PuydeDome_ClermontFerrand.png","type":"image\/png"}],"twitter_card":"summary_large_image","schema":{"@context":"https:\/\/schema.org","@graph":[{"@type":"WebPage","@id":"https:\/\/www.cyclosouvenir.be\/it\/prodotto\/puy-de-dome-clermont-ferrand\/","url":"https:\/\/www.cyclosouvenir.be\/it\/prodotto\/puy-de-dome-clermont-ferrand\/","name":"Puy de D\u00f4me - Clermont Ferrand - Cyclosouvenir","isPartOf":{"@id":"https:\/\/www.cyclosouvenir.be\/it\/#website"},"primaryImageOfPage":{"@id":"https:\/\/www.cyclosouvenir.be\/it\/prodotto\/puy-de-dome-clermont-ferrand\/#primaryimage"},"image":{"@id":"https:\/\/www.cyclosouvenir.be\/it\/prodotto\/puy-de-dome-clermont-ferrand\/#primaryimage"},"thumbnailUrl":"https:\/\/www.cyclosouvenir.be\/wp-content\/uploads\/2024\/02\/PuydeDome_ClermontFerrand.png","datePublished":"2024-02-13T11:36:52+00:00","dateModified":"2024-05-09T12:17:42+00:00","breadcrumb":{"@id":"https:\/\/www.cyclosouvenir.be\/it\/prodotto\/puy-de-dome-clermont-ferrand\/#breadcrumb"},"inLanguage":"it-IT","potentialAction":[{"@type":"ReadAction","target":["https:\/\/www.cyclosouvenir.be\/it\/prodotto\/puy-de-dome-clermont-ferrand\/"]}]},{"@type":"ImageObject","inLanguage":"it-IT","@id":"https:\/\/www.cyclosouvenir.be\/it\/prodotto\/puy-de-dome-clermont-ferrand\/#primaryimage","url":"https:\/\/www.cyclosouvenir.be\/wp-content\/uploads\/2024\/02\/PuydeDome_ClermontFerrand.png","contentUrl":"https:\/\/www.cyclosouvenir.be\/wp-content\/uploads\/2024\/02\/PuydeDome_ClermontFerrand.png","width":250,"height":300},{"@type":"BreadcrumbList","@id":"https:\/\/www.cyclosouvenir.be\/it\/prodotto\/puy-de-dome-clermont-ferrand\/#breadcrumb","itemListElement":[{"@type":"ListItem","position":1,"name":"Home","item":"https:\/\/www.cyclosouvenir.be\/it\/"},{"@type":"ListItem","position":2,"name":"Negozio","item":"https:\/\/www.cyclosouvenir.be\/it\/negozio\/"},{"@type":"ListItem","position":3,"name":"Puy de D\u00f4me &#8211; Clermont Ferrand"}]},{"@type":"WebSite","@id":"https:\/\/www.cyclosouvenir.be\/it\/#website","url":"https:\/\/www.cyclosouvenir.be\/it\/","name":"Cyclosouvenir","description":"De trofee voor een memorabele beklimming.","publisher":{"@id":"https:\/\/www.cyclosouvenir.be\/it\/#organization"},"potentialAction":[{"@type":"SearchAction","target":{"@type":"EntryPoint","urlTemplate":"https:\/\/www.cyclosouvenir.be\/it\/?s={search_term_string}"},"query-input":{"@type":"PropertyValueSpecification","valueRequired":true,"valueName":"search_term_string"}}],"inLanguage":"it-IT"},{"@type":"Organization","@id":"https:\/\/www.cyclosouvenir.be\/it\/#organization","name":"Cyclosouvenir","url":"https:\/\/www.cyclosouvenir.be\/it\/","logo":{"@type":"ImageObject","inLanguage":"it-IT","@id":"https:\/\/www.cyclosouvenir.be\/it\/#\/schema\/logo\/image\/","url":"https:\/\/www.cyclosouvenir.be\/wp-content\/uploads\/2024\/02\/Cyclosouvenir_Banner-removebg-preview.png","contentUrl":"https:\/\/www.cyclosouvenir.be\/wp-content\/uploads\/2024\/02\/Cyclosouvenir_Banner-removebg-preview.png","width":997,"height":250,"caption":"Cyclosouvenir"},"image":{"@id":"https:\/\/www.cyclosouvenir.be\/it\/#\/schema\/logo\/image\/"}}]}},"_links":{"self":[{"href":"https:\/\/www.cyclosouvenir.be\/it\/wp-json\/wp\/v2\/product\/12009","targetHints":{"allow":["GET"]}}],"collection":[{"href":"https:\/\/www.cyclosouvenir.be\/it\/wp-json\/wp\/v2\/product"}],"about":[{"href":"https:\/\/www.cyclosouvenir.be\/it\/wp-json\/wp\/v2\/types\/product"}],"replies":[{"embeddable":true,"href":"https:\/\/www.cyclosouvenir.be\/it\/wp-json\/wp\/v2\/comments?post=12009"}],"wp:featuredmedia":[{"embeddable":true,"href":"https:\/\/www.cyclosouvenir.be\/it\/wp-json\/wp\/v2\/media\/220"}],"wp:attachment":[{"href":"https:\/\/www.cyclosouvenir.be\/it\/wp-json\/wp\/v2\/media?parent=12009"}],"wp:term":[{"taxonomy":"product_brand","embeddable":true,"href":"https:\/\/www.cyclosouvenir.be\/it\/wp-json\/wp\/v2\/product_brand?post=12009"},{"taxonomy":"product_cat","embeddable":true,"href":"https:\/\/www.cyclosouvenir.be\/it\/wp-json\/wp\/v2\/product_cat?post=12009"},{"taxonomy":"product_tag","embeddable":true,"href":"https:\/\/www.cyclosouvenir.be\/it\/wp-json\/wp\/v2\/product_tag?post=12009"}],"curies":[{"name":"wp","href":"https:\/\/api.w.org\/{rel}","templated":true}]}}