{"id":12083,"date":"2024-02-13T11:36:44","date_gmt":"2024-02-13T11:36:44","guid":{"rendered":"https:\/\/demo9.inetproductions.be\/product\/col-du-galibier-valloire\/"},"modified":"2024-05-09T12:42:39","modified_gmt":"2024-05-09T12:42:39","slug":"col-du-galibier-valloire","status":"publish","type":"product","link":"https:\/\/www.cyclosouvenir.be\/it\/prodotto\/col-du-galibier-valloire\/","title":{"rendered":"Col du Galibier &#8211; Valloire"},"content":{"rendered":"<p>Il Col du Galibier \u00e8 un passo alpino delle Alpi francesi che collega Saint-Michel-de-Maurienne e Brian\u00e7on attraverso il Col du T\u00e9l\u00e9graphe a nord e il Col du Lautaret a sud. Il passo \u00e8 chiuso in inverno. La cresta di cui fa parte il Col du Galibier costituisce un collegamento tra il Massif des Arves e il Massif des Cerces.<br \/>\nContenuto<\/p>\n<p>1 Biciclette<br \/>\n1.1 Profilo della salita<br \/>\n1.1.1 Da nord<br \/>\n1.1.2 Vanuit het zuiden<br \/>\n1.2 Salite durante il Tour de France<br \/>\n2 Panorama<br \/>\n3 Collegamenti esterni<\/p>\n<p>Ciclismo<\/p>\n<p>De bergpas is vooral bekend vanwege wielrenetappes in de Ronde van Frankrijk. Sul Galibier \u00e8 stato eretto anche un monumento in memoria di Henri Desgrange, il primo direttore del Tour de France.<\/p>\n<p>Col du Galibier<\/p>\n<p>Poich\u00e9 il Galibier pu\u00f2 essere raggiunto solo dopo aver conquistato il Col du T\u00e9l\u00e9graphe o il Col du Lautaret, questo passo \u00e8 uno dei pi\u00f9 difficili della storia del ciclismo.<br \/>\nProfilo della salita<\/p>\n<p>La cima del passo \u00e8 raggiungibile sia dal versante nord che da quello sud. Dal versante sud, due strade salgono e si incontrano pochi chilometri prima della vetta.<br \/>\nDa nord<\/p>\n<p>Profilo della salita della parete nord da Saint-Michel-de-Maurienne.<\/p>\n<p>Da Saint-Michel-de-Maurienne, la lunghezza della salita \u00e8 di 34,5 km con una pendenza media del 6,6%. La salita del Col du T\u00e9l\u00e9graphe copre i primi 12 km con una pendenza media del 7%; dopo una leggera discesa fino al villaggio di Valloire, inizia la salita vera e propria del Col du Galibier. La pendenza media del Galibier \u00e8 del 6,9%, mentre gli ultimi chilometri sono particolarmente impegnativi e si aggirano intorno all&#8217;8,5% (verso la vetta superano addirittura il 10%).<\/p>\n<p>Fino al 1976, l&#8217;unico passaggio verso l&#8217;altro versante del passo era costituito da una galleria lunga 370 metri, che per\u00f2 \u00e8 stata trovata in condizioni cos\u00ec precarie da essere chiusa. \u00c8 stata costruita una nuova strada che supera la cima del passo con una salita media del 10%. Dopo i lavori di ristrutturazione, il tunnel \u00e8 stato riaperto al traffico veicolare nel 2002, con semafori che regolano da quale lato il traffico pu\u00f2 utilizzare il tunnel. Il tunnel \u00e8 vietato ai ciclisti.<br \/>\nDa sud<\/p>\n<p>Da sud, \u00e8 possibile scalare il passo da Brian\u00e7on o da Bourg d&#8217;Oisans. Da sud-est (Brian\u00e7on), la salita \u00e8 lunga 37 km. I primi 14 chilometri fino a Mon\u00eatier sono in realt\u00e0 pi\u00f9 falsamente pianeggianti, con una pendenza media del 3%. I 14,5 km fino al Col du Lautaret, a 2058 m di altitudine, aumentano un po&#8217; di pi\u00f9, ma la percentuale rimane relativamente modesta (4-5%). Dopo di che, dal monumento a Henri Desgrange, restano altri otto chilometri difficili, con pendenze comprese tra il 9 e il 12%.<\/p>\n<p>\u00c8 possibile effettuare la salita anche da sud-ovest, da Bourg d&#8217;Oisans (ai piedi dell&#8217;Alpe d&#8217;Huez).<br \/>\nSalite durante il Tour de France<\/p>\n<p>Nel 1936, Theo Middelkamp pose le basi per la prima vittoria di tappa olandese al Tour de France su questo passo di montagna. L&#8217;anno precedente, Francisco Cepeda era caduto violentemente durante la discesa, riportando una frattura della base cranica.<\/p>\n<p>Nel 1998, Marco Pantani sminu\u00ec Jan Ullrich. L&#8217;italiano Pantani si \u00e8 allontanato da Ullrich durante la grandine e le basse temperature, perdendo 10 minuti in vetta.<\/p>\n<p>Nel 2011, il colle \u00e8 stato scalato per la prima volta in due giorni consecutivi e la prima di queste due salite ha comportato l&#8217;arrivo in cima al Galibier per la prima volta nella storia. In cima al Galibier, \u00e8 stato Andy Schleck a vincere in modo schiacciante davanti al fratello Fr\u00e4nk e a Cadel Evans.<\/p>\n<p>Nel 2013, il Galibier \u00e8 stato scalato durante la 15\u00aa tappa del Giro d&#8217;Italia. A causa delle cattive condizioni meteorologiche, la tappa \u00e8 stata accorciata a 4,2 chilometri sotto la cima del colle. L&#8217;arrivo era presso il monumento a Marco Pantani. L&#8217;italiano Giovanni Visconti ha vinto la tappa.<\/p>\n<p>Nel 2015 era prevista la scalata del Galibier, ma non \u00e8 stata effettuata perch\u00e9 un tunnel stava per crollare, per cui il percorso \u00e8 cambiato e ha superato la Croix de Fer.[1]<br \/>\nPassaggi nel Tour de France dal 1947<br \/>\nAnno Fase Categoria Prima superiore<br \/>\n2011 19 HC Andy Schleck<br \/>\n2011 18 HC Andy Schleck<br \/>\n2008 17 HC Stefan Schumacher<br \/>\n2007 9 HC Mauricio Soler<br \/>\n2006 16 HC Michael Rasmussen<br \/>\n2005 11 HC Aleksandr Vinokoerov<br \/>\n2003 8 HC Stefano Garzelli<br \/>\n2002 16 HC Santiago Botero<br \/>\n2000 15 HC Pascal Herv\u00e9<br \/>\n1999 9 HC Jos\u00e9 Luis Arrieta<br \/>\n1998 15 HC Marco Pantani<br \/>\n1993 10 HC Tony Rominger<br \/>\n1992 14 HC Franco Chioccioli<br \/>\n1989 17 HC Gert-Jan Theunisse<br \/>\n1987 21 HC Pedro Mu\u00f1oz<br \/>\n1986 18 HC Luis Herrera<br \/>\n1984 18 HC Francisco Rodr\u00edguez<br \/>\n1980 17 HC Johan De Muynck<br \/>\n1979 17 HC Lucien Van Impe<br \/>\n1974 11 1 Vicente L\u00f3pez Carril<br \/>\n1973 8 1 Luis Oca\u00f1a<br \/>\n1972 14a 1 Joop Zoetemelk<br \/>\n1969 10 1 Eddy Merckx<br \/>\n1967 10 1 Julio Jimenez<br \/>\n1966 16 1 Julio Jimenez<br \/>\n1964 8 1 Federico Bahamontes<br \/>\n1959 18 2 Charly Gaul<br \/>\n1957 10 1 Marcel Janssens<br \/>\n1955 8 1 Charly Gaul<br \/>\n1954 19 1 Federico Bahamontes<br \/>\n1952 11 1 Fausto Coppi<br \/>\n1948 14 2 Lucien Teisseire<br \/>\n1947 8 1 Fermo Camellini<br \/>\nPanorama<\/p>\n<p>Vanaf de top voert een wandelpad naar een uitzichtpunt op 2704 m. Da qui si possono vedere i ghiacciai della Barre des \u00c9crins e di La Meije a sud, la cima di Rochebrune a sud-est, il Monte Bianco a nord-est e, infine, il Grand Galibier (3229 m).<br \/>\nPanorama sul Col du Galibier<br \/>\nPanorama sul Col du Galibier<\/p>\n<p>Per gentile concessione di Wikipedia<\/p>\n","protected":false},"excerpt":{"rendered":"<p>Il Col du Galibier \u00e8 un passo alpino delle Alpi francesi che collega Saint-Michel-de-Maurienne e Brian\u00e7on attraverso il Col du T\u00e9l\u00e9graphe a nord e il Col du Lautaret a sud. Il passo \u00e8 chiuso in inverno. La cresta di cui fa parte il Col du Galibier costituisce un collegamento tra il Massif des Arves e il Massif des Cerces.<\/p>\n<p>&nbsp;<\/p>\n<p>De bergpas is vooral bekend vanwege wielrenetappes in de Ronde van Frankrijk. Sul Galibier \u00e8 stato eretto anche un monumento in memoria di Henri Desgrange, il primo direttore del Tour de France.<\/p>\n<p>Poich\u00e9 il Galibier pu\u00f2 essere raggiunto solo dopo aver conquistato il Col du T\u00e9l\u00e9graphe o il Col du Lautaret, questo passo \u00e8 uno dei pi\u00f9 difficili della storia del ciclismo.<\/p>\n<p>Nel 2013, il Galibier \u00e8 stato scalato durante la 15\u00aa tappa del Giro d&#8217;Italia. A causa delle cattive condizioni meteorologiche, la tappa \u00e8 stata accorciata a 4,2 chilometri sotto la cima del colle. L&#8217;arrivo era presso il monumento a Marco Pantani. L&#8217;italiano Giovanni Visconti ha vinto la tappa. Wikipedia<\/p>\n","protected":false},"featured_media":70,"comment_status":"closed","ping_status":"closed","template":"","meta":{"_et_pb_use_builder":"","_et_pb_old_content":"","_et_gb_content_width":""},"product_brand":[],"product_cat":[3505,3528,562],"product_tag":[],"class_list":{"0":"post-12083","1":"product","2":"type-product","3":"status-publish","4":"has-post-thumbnail","6":"product_cat-francia-it","7":"product_cat-le-alpi","8":"product_cat-cippi","9":"tm-has-options","11":"first","12":"instock","13":"taxable","14":"shipping-taxable","15":"purchasable","16":"product-type-simple"},"yoast_head":"<!-- This site is optimized with the Yoast SEO plugin v26.2 - https:\/\/yoast.com\/wordpress\/plugins\/seo\/ -->\n<title>Col du Galibier - Valloire - Cyclosouvenir<\/title>\n<meta name=\"robots\" content=\"index, follow, max-snippet:-1, max-image-preview:large, max-video-preview:-1\" \/>\n<link rel=\"canonical\" href=\"https:\/\/www.cyclosouvenir.be\/it\/prodotto\/col-du-galibier-valloire\/\" \/>\n<meta property=\"og:locale\" content=\"it_IT\" \/>\n<meta property=\"og:type\" content=\"article\" \/>\n<meta property=\"og:title\" content=\"Col du Galibier - Valloire - Cyclosouvenir\" \/>\n<meta property=\"og:description\" content=\"Il Col du Galibier \u00e8 un passo alpino delle Alpi francesi che collega Saint-Michel-de-Maurienne e Brian\u00e7on attraverso il Col du T\u00e9l\u00e9graphe a nord e il Col du Lautaret a sud. Il passo \u00e8 chiuso in inverno. La cresta di cui fa parte il Col du Galibier costituisce un collegamento tra il Massif des Arves e il Massif des Cerces. &nbsp; De bergpas is vooral bekend vanwege wielrenetappes in de Ronde van Frankrijk. Sul Galibier \u00e8 stato eretto anche un monumento in memoria di Henri Desgrange, il primo direttore del Tour de France. Poich\u00e9 il Galibier pu\u00f2 essere raggiunto solo dopo aver conquistato il Col du T\u00e9l\u00e9graphe o il Col du Lautaret, questo passo \u00e8 uno dei pi\u00f9 difficili della storia del ciclismo. Nel 2013, il Galibier \u00e8 stato scalato durante la 15\u00aa tappa del Giro d&#039;Italia. A causa delle cattive condizioni meteorologiche, la tappa \u00e8 stata accorciata a 4,2 chilometri sotto la cima del colle. L&#039;arrivo era presso il monumento a Marco Pantani. L&#039;italiano Giovanni Visconti ha vinto la tappa. Wikipedia\" \/>\n<meta property=\"og:url\" content=\"https:\/\/www.cyclosouvenir.be\/it\/prodotto\/col-du-galibier-valloire\/\" \/>\n<meta property=\"og:site_name\" content=\"Cyclosouvenir\" \/>\n<meta property=\"article:modified_time\" content=\"2024-05-09T12:42:39+00:00\" \/>\n<meta property=\"og:image\" content=\"https:\/\/www.cyclosouvenir.be\/wp-content\/uploads\/2024\/02\/Col_du_Galibier_Valloire.png\" \/>\n\t<meta property=\"og:image:width\" content=\"250\" \/>\n\t<meta property=\"og:image:height\" content=\"300\" \/>\n\t<meta property=\"og:image:type\" content=\"image\/png\" \/>\n<meta name=\"twitter:card\" content=\"summary_large_image\" \/>\n<meta name=\"twitter:label1\" content=\"Tempo di lettura stimato\" \/>\n\t<meta name=\"twitter:data1\" content=\"4 minuti\" \/>\n<script type=\"application\/ld+json\" class=\"yoast-schema-graph\">{\"@context\":\"https:\/\/schema.org\",\"@graph\":[{\"@type\":\"WebPage\",\"@id\":\"https:\/\/www.cyclosouvenir.be\/it\/prodotto\/col-du-galibier-valloire\/\",\"url\":\"https:\/\/www.cyclosouvenir.be\/it\/prodotto\/col-du-galibier-valloire\/\",\"name\":\"Col du Galibier - Valloire - Cyclosouvenir\",\"isPartOf\":{\"@id\":\"https:\/\/www.cyclosouvenir.be\/it\/#website\"},\"primaryImageOfPage\":{\"@id\":\"https:\/\/www.cyclosouvenir.be\/it\/prodotto\/col-du-galibier-valloire\/#primaryimage\"},\"image\":{\"@id\":\"https:\/\/www.cyclosouvenir.be\/it\/prodotto\/col-du-galibier-valloire\/#primaryimage\"},\"thumbnailUrl\":\"https:\/\/www.cyclosouvenir.be\/wp-content\/uploads\/2024\/02\/Col_du_Galibier_Valloire.png\",\"datePublished\":\"2024-02-13T11:36:44+00:00\",\"dateModified\":\"2024-05-09T12:42:39+00:00\",\"breadcrumb\":{\"@id\":\"https:\/\/www.cyclosouvenir.be\/it\/prodotto\/col-du-galibier-valloire\/#breadcrumb\"},\"inLanguage\":\"it-IT\",\"potentialAction\":[{\"@type\":\"ReadAction\",\"target\":[\"https:\/\/www.cyclosouvenir.be\/it\/prodotto\/col-du-galibier-valloire\/\"]}]},{\"@type\":\"ImageObject\",\"inLanguage\":\"it-IT\",\"@id\":\"https:\/\/www.cyclosouvenir.be\/it\/prodotto\/col-du-galibier-valloire\/#primaryimage\",\"url\":\"https:\/\/www.cyclosouvenir.be\/wp-content\/uploads\/2024\/02\/Col_du_Galibier_Valloire.png\",\"contentUrl\":\"https:\/\/www.cyclosouvenir.be\/wp-content\/uploads\/2024\/02\/Col_du_Galibier_Valloire.png\",\"width\":250,\"height\":300},{\"@type\":\"BreadcrumbList\",\"@id\":\"https:\/\/www.cyclosouvenir.be\/it\/prodotto\/col-du-galibier-valloire\/#breadcrumb\",\"itemListElement\":[{\"@type\":\"ListItem\",\"position\":1,\"name\":\"Home\",\"item\":\"https:\/\/www.cyclosouvenir.be\/it\/\"},{\"@type\":\"ListItem\",\"position\":2,\"name\":\"Negozio\",\"item\":\"https:\/\/www.cyclosouvenir.be\/it\/negozio\/\"},{\"@type\":\"ListItem\",\"position\":3,\"name\":\"Col du Galibier &#8211; Valloire\"}]},{\"@type\":\"WebSite\",\"@id\":\"https:\/\/www.cyclosouvenir.be\/it\/#website\",\"url\":\"https:\/\/www.cyclosouvenir.be\/it\/\",\"name\":\"Cyclosouvenir\",\"description\":\"De trofee voor een memorabele beklimming.\",\"publisher\":{\"@id\":\"https:\/\/www.cyclosouvenir.be\/it\/#organization\"},\"potentialAction\":[{\"@type\":\"SearchAction\",\"target\":{\"@type\":\"EntryPoint\",\"urlTemplate\":\"https:\/\/www.cyclosouvenir.be\/it\/?s={search_term_string}\"},\"query-input\":{\"@type\":\"PropertyValueSpecification\",\"valueRequired\":true,\"valueName\":\"search_term_string\"}}],\"inLanguage\":\"it-IT\"},{\"@type\":\"Organization\",\"@id\":\"https:\/\/www.cyclosouvenir.be\/it\/#organization\",\"name\":\"Cyclosouvenir\",\"url\":\"https:\/\/www.cyclosouvenir.be\/it\/\",\"logo\":{\"@type\":\"ImageObject\",\"inLanguage\":\"it-IT\",\"@id\":\"https:\/\/www.cyclosouvenir.be\/it\/#\/schema\/logo\/image\/\",\"url\":\"https:\/\/www.cyclosouvenir.be\/wp-content\/uploads\/2024\/02\/Cyclosouvenir_Banner-removebg-preview.png\",\"contentUrl\":\"https:\/\/www.cyclosouvenir.be\/wp-content\/uploads\/2024\/02\/Cyclosouvenir_Banner-removebg-preview.png\",\"width\":997,\"height\":250,\"caption\":\"Cyclosouvenir\"},\"image\":{\"@id\":\"https:\/\/www.cyclosouvenir.be\/it\/#\/schema\/logo\/image\/\"}}]}<\/script>\n<!-- \/ Yoast SEO plugin. -->","yoast_head_json":{"title":"Col du Galibier - Valloire - Cyclosouvenir","robots":{"index":"index","follow":"follow","max-snippet":"max-snippet:-1","max-image-preview":"max-image-preview:large","max-video-preview":"max-video-preview:-1"},"canonical":"https:\/\/www.cyclosouvenir.be\/it\/prodotto\/col-du-galibier-valloire\/","og_locale":"it_IT","og_type":"article","og_title":"Col du Galibier - Valloire - Cyclosouvenir","og_description":"Il Col du Galibier \u00e8 un passo alpino delle Alpi francesi che collega Saint-Michel-de-Maurienne e Brian\u00e7on attraverso il Col du T\u00e9l\u00e9graphe a nord e il Col du Lautaret a sud. Il passo \u00e8 chiuso in inverno. La cresta di cui fa parte il Col du Galibier costituisce un collegamento tra il Massif des Arves e il Massif des Cerces. &nbsp; De bergpas is vooral bekend vanwege wielrenetappes in de Ronde van Frankrijk. Sul Galibier \u00e8 stato eretto anche un monumento in memoria di Henri Desgrange, il primo direttore del Tour de France. Poich\u00e9 il Galibier pu\u00f2 essere raggiunto solo dopo aver conquistato il Col du T\u00e9l\u00e9graphe o il Col du Lautaret, questo passo \u00e8 uno dei pi\u00f9 difficili della storia del ciclismo. Nel 2013, il Galibier \u00e8 stato scalato durante la 15\u00aa tappa del Giro d'Italia. A causa delle cattive condizioni meteorologiche, la tappa \u00e8 stata accorciata a 4,2 chilometri sotto la cima del colle. L'arrivo era presso il monumento a Marco Pantani. L'italiano Giovanni Visconti ha vinto la tappa. Wikipedia","og_url":"https:\/\/www.cyclosouvenir.be\/it\/prodotto\/col-du-galibier-valloire\/","og_site_name":"Cyclosouvenir","article_modified_time":"2024-05-09T12:42:39+00:00","og_image":[{"width":250,"height":300,"url":"https:\/\/www.cyclosouvenir.be\/wp-content\/uploads\/2024\/02\/Col_du_Galibier_Valloire.png","type":"image\/png"}],"twitter_card":"summary_large_image","twitter_misc":{"Tempo di lettura stimato":"4 minuti"},"schema":{"@context":"https:\/\/schema.org","@graph":[{"@type":"WebPage","@id":"https:\/\/www.cyclosouvenir.be\/it\/prodotto\/col-du-galibier-valloire\/","url":"https:\/\/www.cyclosouvenir.be\/it\/prodotto\/col-du-galibier-valloire\/","name":"Col du Galibier - Valloire - Cyclosouvenir","isPartOf":{"@id":"https:\/\/www.cyclosouvenir.be\/it\/#website"},"primaryImageOfPage":{"@id":"https:\/\/www.cyclosouvenir.be\/it\/prodotto\/col-du-galibier-valloire\/#primaryimage"},"image":{"@id":"https:\/\/www.cyclosouvenir.be\/it\/prodotto\/col-du-galibier-valloire\/#primaryimage"},"thumbnailUrl":"https:\/\/www.cyclosouvenir.be\/wp-content\/uploads\/2024\/02\/Col_du_Galibier_Valloire.png","datePublished":"2024-02-13T11:36:44+00:00","dateModified":"2024-05-09T12:42:39+00:00","breadcrumb":{"@id":"https:\/\/www.cyclosouvenir.be\/it\/prodotto\/col-du-galibier-valloire\/#breadcrumb"},"inLanguage":"it-IT","potentialAction":[{"@type":"ReadAction","target":["https:\/\/www.cyclosouvenir.be\/it\/prodotto\/col-du-galibier-valloire\/"]}]},{"@type":"ImageObject","inLanguage":"it-IT","@id":"https:\/\/www.cyclosouvenir.be\/it\/prodotto\/col-du-galibier-valloire\/#primaryimage","url":"https:\/\/www.cyclosouvenir.be\/wp-content\/uploads\/2024\/02\/Col_du_Galibier_Valloire.png","contentUrl":"https:\/\/www.cyclosouvenir.be\/wp-content\/uploads\/2024\/02\/Col_du_Galibier_Valloire.png","width":250,"height":300},{"@type":"BreadcrumbList","@id":"https:\/\/www.cyclosouvenir.be\/it\/prodotto\/col-du-galibier-valloire\/#breadcrumb","itemListElement":[{"@type":"ListItem","position":1,"name":"Home","item":"https:\/\/www.cyclosouvenir.be\/it\/"},{"@type":"ListItem","position":2,"name":"Negozio","item":"https:\/\/www.cyclosouvenir.be\/it\/negozio\/"},{"@type":"ListItem","position":3,"name":"Col du Galibier &#8211; Valloire"}]},{"@type":"WebSite","@id":"https:\/\/www.cyclosouvenir.be\/it\/#website","url":"https:\/\/www.cyclosouvenir.be\/it\/","name":"Cyclosouvenir","description":"De trofee voor een memorabele beklimming.","publisher":{"@id":"https:\/\/www.cyclosouvenir.be\/it\/#organization"},"potentialAction":[{"@type":"SearchAction","target":{"@type":"EntryPoint","urlTemplate":"https:\/\/www.cyclosouvenir.be\/it\/?s={search_term_string}"},"query-input":{"@type":"PropertyValueSpecification","valueRequired":true,"valueName":"search_term_string"}}],"inLanguage":"it-IT"},{"@type":"Organization","@id":"https:\/\/www.cyclosouvenir.be\/it\/#organization","name":"Cyclosouvenir","url":"https:\/\/www.cyclosouvenir.be\/it\/","logo":{"@type":"ImageObject","inLanguage":"it-IT","@id":"https:\/\/www.cyclosouvenir.be\/it\/#\/schema\/logo\/image\/","url":"https:\/\/www.cyclosouvenir.be\/wp-content\/uploads\/2024\/02\/Cyclosouvenir_Banner-removebg-preview.png","contentUrl":"https:\/\/www.cyclosouvenir.be\/wp-content\/uploads\/2024\/02\/Cyclosouvenir_Banner-removebg-preview.png","width":997,"height":250,"caption":"Cyclosouvenir"},"image":{"@id":"https:\/\/www.cyclosouvenir.be\/it\/#\/schema\/logo\/image\/"}}]}},"_links":{"self":[{"href":"https:\/\/www.cyclosouvenir.be\/it\/wp-json\/wp\/v2\/product\/12083","targetHints":{"allow":["GET"]}}],"collection":[{"href":"https:\/\/www.cyclosouvenir.be\/it\/wp-json\/wp\/v2\/product"}],"about":[{"href":"https:\/\/www.cyclosouvenir.be\/it\/wp-json\/wp\/v2\/types\/product"}],"replies":[{"embeddable":true,"href":"https:\/\/www.cyclosouvenir.be\/it\/wp-json\/wp\/v2\/comments?post=12083"}],"wp:featuredmedia":[{"embeddable":true,"href":"https:\/\/www.cyclosouvenir.be\/it\/wp-json\/wp\/v2\/media\/70"}],"wp:attachment":[{"href":"https:\/\/www.cyclosouvenir.be\/it\/wp-json\/wp\/v2\/media?parent=12083"}],"wp:term":[{"taxonomy":"product_brand","embeddable":true,"href":"https:\/\/www.cyclosouvenir.be\/it\/wp-json\/wp\/v2\/product_brand?post=12083"},{"taxonomy":"product_cat","embeddable":true,"href":"https:\/\/www.cyclosouvenir.be\/it\/wp-json\/wp\/v2\/product_cat?post=12083"},{"taxonomy":"product_tag","embeddable":true,"href":"https:\/\/www.cyclosouvenir.be\/it\/wp-json\/wp\/v2\/product_tag?post=12083"}],"curies":[{"name":"wp","href":"https:\/\/api.w.org\/{rel}","templated":true}]}}