{"id":12088,"date":"2024-02-13T11:36:44","date_gmt":"2024-02-13T11:36:44","guid":{"rendered":"https:\/\/demo9.inetproductions.be\/product\/cime-de-la-bonette-jausiers\/"},"modified":"2025-07-13T09:15:29","modified_gmt":"2025-07-13T09:15:29","slug":"cime-de-la-bonette-jausiers","status":"publish","type":"product","link":"https:\/\/www.cyclosouvenir.be\/it\/prodotto\/cime-de-la-bonette-jausiers\/","title":{"rendered":"Cime de la Bonette &#8211; Jausiers"},"content":{"rendered":"","protected":false},"excerpt":{"rendered":"<p>Il Col de la Bonette \u00e8 un passo alpino delle Alpi francesi alto 2715 metri e situato nel Parco Nazionale del Mercantour. La strada costituisce un collegamento tra Jausiers (vicino a Barcelonnette) e Saint-\u00c9tienne-de-Tin\u00e9e.<\/p>\n<p>La strada di due chilometri intorno alla Cime de la Bonette, una strada secondaria del Col de la Bonette, \u00e8 una delle strade asfaltate pi\u00f9 alte delle Alpi. La strada raggiunge un&#8217;altitudine di 2802 metri ed \u00e8 spesso classificata, a torto, come la strada asfaltata pi\u00f9 alta delle Alpi, ma l&#8217;austriaca \u00d6tztaler Gletscherstra\u00dfe raggiunge i 2829 metri ed \u00e8 quindi pi\u00f9 alta. Anche la strada intorno alla Cime de la Bonette non \u00e8 propriamente un colle, ma \u00e8 il punto pi\u00f9 alto delle Alpi che pu\u00f2 essere raggiunto attraverso due strade diverse. Wikipedia<\/p>\n","protected":false},"featured_media":50,"comment_status":"closed","ping_status":"closed","template":"","meta":{"_et_pb_use_builder":"","_et_pb_old_content":"","_et_gb_content_width":""},"product_brand":[],"product_cat":[3505,3528,562],"product_tag":[],"class_list":{"0":"post-12088","1":"product","2":"type-product","3":"status-publish","4":"has-post-thumbnail","6":"product_cat-francia-it","7":"product_cat-le-alpi","8":"product_cat-cippi","9":"tm-has-options","11":"first","12":"instock","13":"taxable","14":"shipping-taxable","15":"purchasable","16":"product-type-simple"},"yoast_head":"<!-- This site is optimized with the Yoast SEO plugin v26.2 - https:\/\/yoast.com\/wordpress\/plugins\/seo\/ -->\n<title>Cime de la Bonette - Jausiers - Cyclosouvenir<\/title>\n<meta name=\"robots\" content=\"index, follow, max-snippet:-1, max-image-preview:large, max-video-preview:-1\" \/>\n<link rel=\"canonical\" href=\"https:\/\/www.cyclosouvenir.be\/it\/prodotto\/cime-de-la-bonette-jausiers\/\" \/>\n<meta property=\"og:locale\" content=\"it_IT\" \/>\n<meta property=\"og:type\" content=\"article\" \/>\n<meta property=\"og:title\" content=\"Cime de la Bonette - Jausiers - Cyclosouvenir\" \/>\n<meta property=\"og:description\" content=\"Il Col de la Bonette \u00e8 un passo alpino delle Alpi francesi alto 2715 metri e situato nel Parco Nazionale del Mercantour. La strada costituisce un collegamento tra Jausiers (vicino a Barcelonnette) e Saint-\u00c9tienne-de-Tin\u00e9e. La strada di due chilometri intorno alla Cime de la Bonette, una strada secondaria del Col de la Bonette, \u00e8 una delle strade asfaltate pi\u00f9 alte delle Alpi. La strada raggiunge un&#039;altitudine di 2802 metri ed \u00e8 spesso classificata, a torto, come la strada asfaltata pi\u00f9 alta delle Alpi, ma l&#039;austriaca \u00d6tztaler Gletscherstra\u00dfe raggiunge i 2829 metri ed \u00e8 quindi pi\u00f9 alta. Anche la strada intorno alla Cime de la Bonette non \u00e8 propriamente un colle, ma \u00e8 il punto pi\u00f9 alto delle Alpi che pu\u00f2 essere raggiunto attraverso due strade diverse. Wikipedia\" \/>\n<meta property=\"og:url\" content=\"https:\/\/www.cyclosouvenir.be\/it\/prodotto\/cime-de-la-bonette-jausiers\/\" \/>\n<meta property=\"og:site_name\" content=\"Cyclosouvenir\" \/>\n<meta property=\"article:modified_time\" content=\"2025-07-13T09:15:29+00:00\" \/>\n<meta property=\"og:image\" content=\"https:\/\/www.cyclosouvenir.be\/wp-content\/uploads\/2024\/02\/CimeDeLaBonette-Jausiers.png\" \/>\n\t<meta property=\"og:image:width\" content=\"250\" \/>\n\t<meta property=\"og:image:height\" content=\"300\" \/>\n\t<meta property=\"og:image:type\" content=\"image\/png\" \/>\n<meta name=\"twitter:card\" content=\"summary_large_image\" \/>\n<script type=\"application\/ld+json\" class=\"yoast-schema-graph\">{\"@context\":\"https:\/\/schema.org\",\"@graph\":[{\"@type\":\"WebPage\",\"@id\":\"https:\/\/www.cyclosouvenir.be\/it\/prodotto\/cime-de-la-bonette-jausiers\/\",\"url\":\"https:\/\/www.cyclosouvenir.be\/it\/prodotto\/cime-de-la-bonette-jausiers\/\",\"name\":\"Cime de la Bonette - Jausiers - Cyclosouvenir\",\"isPartOf\":{\"@id\":\"https:\/\/www.cyclosouvenir.be\/it\/#website\"},\"primaryImageOfPage\":{\"@id\":\"https:\/\/www.cyclosouvenir.be\/it\/prodotto\/cime-de-la-bonette-jausiers\/#primaryimage\"},\"image\":{\"@id\":\"https:\/\/www.cyclosouvenir.be\/it\/prodotto\/cime-de-la-bonette-jausiers\/#primaryimage\"},\"thumbnailUrl\":\"https:\/\/www.cyclosouvenir.be\/wp-content\/uploads\/2024\/02\/CimeDeLaBonette-Jausiers.png\",\"datePublished\":\"2024-02-13T11:36:44+00:00\",\"dateModified\":\"2025-07-13T09:15:29+00:00\",\"breadcrumb\":{\"@id\":\"https:\/\/www.cyclosouvenir.be\/it\/prodotto\/cime-de-la-bonette-jausiers\/#breadcrumb\"},\"inLanguage\":\"it-IT\",\"potentialAction\":[{\"@type\":\"ReadAction\",\"target\":[\"https:\/\/www.cyclosouvenir.be\/it\/prodotto\/cime-de-la-bonette-jausiers\/\"]}]},{\"@type\":\"ImageObject\",\"inLanguage\":\"it-IT\",\"@id\":\"https:\/\/www.cyclosouvenir.be\/it\/prodotto\/cime-de-la-bonette-jausiers\/#primaryimage\",\"url\":\"https:\/\/www.cyclosouvenir.be\/wp-content\/uploads\/2024\/02\/CimeDeLaBonette-Jausiers.png\",\"contentUrl\":\"https:\/\/www.cyclosouvenir.be\/wp-content\/uploads\/2024\/02\/CimeDeLaBonette-Jausiers.png\",\"width\":250,\"height\":300},{\"@type\":\"BreadcrumbList\",\"@id\":\"https:\/\/www.cyclosouvenir.be\/it\/prodotto\/cime-de-la-bonette-jausiers\/#breadcrumb\",\"itemListElement\":[{\"@type\":\"ListItem\",\"position\":1,\"name\":\"Home\",\"item\":\"https:\/\/www.cyclosouvenir.be\/it\/\"},{\"@type\":\"ListItem\",\"position\":2,\"name\":\"Negozio\",\"item\":\"https:\/\/www.cyclosouvenir.be\/it\/negozio\/\"},{\"@type\":\"ListItem\",\"position\":3,\"name\":\"Cime de la Bonette &#8211; Jausiers\"}]},{\"@type\":\"WebSite\",\"@id\":\"https:\/\/www.cyclosouvenir.be\/it\/#website\",\"url\":\"https:\/\/www.cyclosouvenir.be\/it\/\",\"name\":\"Cyclosouvenir\",\"description\":\"De trofee voor een memorabele beklimming.\",\"publisher\":{\"@id\":\"https:\/\/www.cyclosouvenir.be\/it\/#organization\"},\"potentialAction\":[{\"@type\":\"SearchAction\",\"target\":{\"@type\":\"EntryPoint\",\"urlTemplate\":\"https:\/\/www.cyclosouvenir.be\/it\/?s={search_term_string}\"},\"query-input\":{\"@type\":\"PropertyValueSpecification\",\"valueRequired\":true,\"valueName\":\"search_term_string\"}}],\"inLanguage\":\"it-IT\"},{\"@type\":\"Organization\",\"@id\":\"https:\/\/www.cyclosouvenir.be\/it\/#organization\",\"name\":\"Cyclosouvenir\",\"url\":\"https:\/\/www.cyclosouvenir.be\/it\/\",\"logo\":{\"@type\":\"ImageObject\",\"inLanguage\":\"it-IT\",\"@id\":\"https:\/\/www.cyclosouvenir.be\/it\/#\/schema\/logo\/image\/\",\"url\":\"https:\/\/www.cyclosouvenir.be\/wp-content\/uploads\/2024\/02\/Cyclosouvenir_Banner-removebg-preview.png\",\"contentUrl\":\"https:\/\/www.cyclosouvenir.be\/wp-content\/uploads\/2024\/02\/Cyclosouvenir_Banner-removebg-preview.png\",\"width\":997,\"height\":250,\"caption\":\"Cyclosouvenir\"},\"image\":{\"@id\":\"https:\/\/www.cyclosouvenir.be\/it\/#\/schema\/logo\/image\/\"}}]}<\/script>\n<!-- \/ Yoast SEO plugin. -->","yoast_head_json":{"title":"Cime de la Bonette - Jausiers - Cyclosouvenir","robots":{"index":"index","follow":"follow","max-snippet":"max-snippet:-1","max-image-preview":"max-image-preview:large","max-video-preview":"max-video-preview:-1"},"canonical":"https:\/\/www.cyclosouvenir.be\/it\/prodotto\/cime-de-la-bonette-jausiers\/","og_locale":"it_IT","og_type":"article","og_title":"Cime de la Bonette - Jausiers - Cyclosouvenir","og_description":"Il Col de la Bonette \u00e8 un passo alpino delle Alpi francesi alto 2715 metri e situato nel Parco Nazionale del Mercantour. La strada costituisce un collegamento tra Jausiers (vicino a Barcelonnette) e Saint-\u00c9tienne-de-Tin\u00e9e. La strada di due chilometri intorno alla Cime de la Bonette, una strada secondaria del Col de la Bonette, \u00e8 una delle strade asfaltate pi\u00f9 alte delle Alpi. La strada raggiunge un'altitudine di 2802 metri ed \u00e8 spesso classificata, a torto, come la strada asfaltata pi\u00f9 alta delle Alpi, ma l'austriaca \u00d6tztaler Gletscherstra\u00dfe raggiunge i 2829 metri ed \u00e8 quindi pi\u00f9 alta. Anche la strada intorno alla Cime de la Bonette non \u00e8 propriamente un colle, ma \u00e8 il punto pi\u00f9 alto delle Alpi che pu\u00f2 essere raggiunto attraverso due strade diverse. Wikipedia","og_url":"https:\/\/www.cyclosouvenir.be\/it\/prodotto\/cime-de-la-bonette-jausiers\/","og_site_name":"Cyclosouvenir","article_modified_time":"2025-07-13T09:15:29+00:00","og_image":[{"width":250,"height":300,"url":"https:\/\/www.cyclosouvenir.be\/wp-content\/uploads\/2024\/02\/CimeDeLaBonette-Jausiers.png","type":"image\/png"}],"twitter_card":"summary_large_image","schema":{"@context":"https:\/\/schema.org","@graph":[{"@type":"WebPage","@id":"https:\/\/www.cyclosouvenir.be\/it\/prodotto\/cime-de-la-bonette-jausiers\/","url":"https:\/\/www.cyclosouvenir.be\/it\/prodotto\/cime-de-la-bonette-jausiers\/","name":"Cime de la Bonette - Jausiers - Cyclosouvenir","isPartOf":{"@id":"https:\/\/www.cyclosouvenir.be\/it\/#website"},"primaryImageOfPage":{"@id":"https:\/\/www.cyclosouvenir.be\/it\/prodotto\/cime-de-la-bonette-jausiers\/#primaryimage"},"image":{"@id":"https:\/\/www.cyclosouvenir.be\/it\/prodotto\/cime-de-la-bonette-jausiers\/#primaryimage"},"thumbnailUrl":"https:\/\/www.cyclosouvenir.be\/wp-content\/uploads\/2024\/02\/CimeDeLaBonette-Jausiers.png","datePublished":"2024-02-13T11:36:44+00:00","dateModified":"2025-07-13T09:15:29+00:00","breadcrumb":{"@id":"https:\/\/www.cyclosouvenir.be\/it\/prodotto\/cime-de-la-bonette-jausiers\/#breadcrumb"},"inLanguage":"it-IT","potentialAction":[{"@type":"ReadAction","target":["https:\/\/www.cyclosouvenir.be\/it\/prodotto\/cime-de-la-bonette-jausiers\/"]}]},{"@type":"ImageObject","inLanguage":"it-IT","@id":"https:\/\/www.cyclosouvenir.be\/it\/prodotto\/cime-de-la-bonette-jausiers\/#primaryimage","url":"https:\/\/www.cyclosouvenir.be\/wp-content\/uploads\/2024\/02\/CimeDeLaBonette-Jausiers.png","contentUrl":"https:\/\/www.cyclosouvenir.be\/wp-content\/uploads\/2024\/02\/CimeDeLaBonette-Jausiers.png","width":250,"height":300},{"@type":"BreadcrumbList","@id":"https:\/\/www.cyclosouvenir.be\/it\/prodotto\/cime-de-la-bonette-jausiers\/#breadcrumb","itemListElement":[{"@type":"ListItem","position":1,"name":"Home","item":"https:\/\/www.cyclosouvenir.be\/it\/"},{"@type":"ListItem","position":2,"name":"Negozio","item":"https:\/\/www.cyclosouvenir.be\/it\/negozio\/"},{"@type":"ListItem","position":3,"name":"Cime de la Bonette &#8211; Jausiers"}]},{"@type":"WebSite","@id":"https:\/\/www.cyclosouvenir.be\/it\/#website","url":"https:\/\/www.cyclosouvenir.be\/it\/","name":"Cyclosouvenir","description":"De trofee voor een memorabele beklimming.","publisher":{"@id":"https:\/\/www.cyclosouvenir.be\/it\/#organization"},"potentialAction":[{"@type":"SearchAction","target":{"@type":"EntryPoint","urlTemplate":"https:\/\/www.cyclosouvenir.be\/it\/?s={search_term_string}"},"query-input":{"@type":"PropertyValueSpecification","valueRequired":true,"valueName":"search_term_string"}}],"inLanguage":"it-IT"},{"@type":"Organization","@id":"https:\/\/www.cyclosouvenir.be\/it\/#organization","name":"Cyclosouvenir","url":"https:\/\/www.cyclosouvenir.be\/it\/","logo":{"@type":"ImageObject","inLanguage":"it-IT","@id":"https:\/\/www.cyclosouvenir.be\/it\/#\/schema\/logo\/image\/","url":"https:\/\/www.cyclosouvenir.be\/wp-content\/uploads\/2024\/02\/Cyclosouvenir_Banner-removebg-preview.png","contentUrl":"https:\/\/www.cyclosouvenir.be\/wp-content\/uploads\/2024\/02\/Cyclosouvenir_Banner-removebg-preview.png","width":997,"height":250,"caption":"Cyclosouvenir"},"image":{"@id":"https:\/\/www.cyclosouvenir.be\/it\/#\/schema\/logo\/image\/"}}]}},"_links":{"self":[{"href":"https:\/\/www.cyclosouvenir.be\/it\/wp-json\/wp\/v2\/product\/12088","targetHints":{"allow":["GET"]}}],"collection":[{"href":"https:\/\/www.cyclosouvenir.be\/it\/wp-json\/wp\/v2\/product"}],"about":[{"href":"https:\/\/www.cyclosouvenir.be\/it\/wp-json\/wp\/v2\/types\/product"}],"replies":[{"embeddable":true,"href":"https:\/\/www.cyclosouvenir.be\/it\/wp-json\/wp\/v2\/comments?post=12088"}],"wp:featuredmedia":[{"embeddable":true,"href":"https:\/\/www.cyclosouvenir.be\/it\/wp-json\/wp\/v2\/media\/50"}],"wp:attachment":[{"href":"https:\/\/www.cyclosouvenir.be\/it\/wp-json\/wp\/v2\/media?parent=12088"}],"wp:term":[{"taxonomy":"product_brand","embeddable":true,"href":"https:\/\/www.cyclosouvenir.be\/it\/wp-json\/wp\/v2\/product_brand?post=12088"},{"taxonomy":"product_cat","embeddable":true,"href":"https:\/\/www.cyclosouvenir.be\/it\/wp-json\/wp\/v2\/product_cat?post=12088"},{"taxonomy":"product_tag","embeddable":true,"href":"https:\/\/www.cyclosouvenir.be\/it\/wp-json\/wp\/v2\/product_tag?post=12088"}],"curies":[{"name":"wp","href":"https:\/\/api.w.org\/{rel}","templated":true}]}}