{"id":12092,"date":"2024-02-13T11:36:44","date_gmt":"2024-02-13T11:36:44","guid":{"rendered":"https:\/\/demo9.inetproductions.be\/product\/col-du-tourmalet-luz-st-sauveur\/"},"modified":"2024-05-09T12:44:52","modified_gmt":"2024-05-09T12:44:52","slug":"col-du-tourmalet-luz-st-sauveur","status":"publish","type":"product","link":"https:\/\/www.cyclosouvenir.be\/it\/prodotto\/col-du-tourmalet-luz-st-sauveur\/","title":{"rendered":"Col du Tourmalet &#8211; Luz St Sauveur"},"content":{"rendered":"","protected":false},"excerpt":{"rendered":"<p>Il Col du Tourmalet \u00e8 un passo di montagna dei Pirenei, nel sud-ovest della Francia, nel dipartimento degli Hautes-Pyr\u00e9n\u00e9es.<\/p>\n<p>Il passaggio, alto 2.115 metri, \u00e8 conosciuto soprattutto grazie al Tour de France, dove \u00e8 stato inserito per la prima volta nel 1910. Da allora nessun&#8217;altra montagna \u00e8 stata scalata cos\u00ec tante volte come il Tourmalet. In cima alla salita si trova un monumento in memoria dell&#8217;ex direttore del Tour Jacques Goddet.<\/p>\n<p>Nel 2023, il Tour de France Femmes arriver\u00e0 per la prima volta sul Tourmalet. La vittoria di tappa \u00e8 andata all&#8217;olandese Demi Vollering. Wikipedia<\/p>\n","protected":false},"featured_media":55,"comment_status":"closed","ping_status":"closed","template":"","meta":{"_et_pb_use_builder":"","_et_pb_old_content":"","_et_gb_content_width":""},"product_brand":[],"product_cat":[3505,3561,562],"product_tag":[],"class_list":{"0":"post-12092","1":"product","2":"type-product","3":"status-publish","4":"has-post-thumbnail","6":"product_cat-francia-it","7":"product_cat-i-pirenei","8":"product_cat-cippi","9":"tm-has-options","11":"first","12":"instock","13":"taxable","14":"shipping-taxable","15":"purchasable","16":"product-type-simple"},"yoast_head":"<!-- This site is optimized with the Yoast SEO plugin v26.2 - https:\/\/yoast.com\/wordpress\/plugins\/seo\/ -->\n<title>Col du Tourmalet - Luz St Sauveur - Cyclosouvenir<\/title>\n<meta name=\"robots\" content=\"index, follow, max-snippet:-1, max-image-preview:large, max-video-preview:-1\" \/>\n<link rel=\"canonical\" href=\"https:\/\/www.cyclosouvenir.be\/it\/prodotto\/col-du-tourmalet-luz-st-sauveur\/\" \/>\n<meta property=\"og:locale\" content=\"it_IT\" \/>\n<meta property=\"og:type\" content=\"article\" \/>\n<meta property=\"og:title\" content=\"Col du Tourmalet - Luz St Sauveur - Cyclosouvenir\" \/>\n<meta property=\"og:description\" content=\"Il Col du Tourmalet \u00e8 un passo di montagna dei Pirenei, nel sud-ovest della Francia, nel dipartimento degli Hautes-Pyr\u00e9n\u00e9es. Il passaggio, alto 2.115 metri, \u00e8 conosciuto soprattutto grazie al Tour de France, dove \u00e8 stato inserito per la prima volta nel 1910. Da allora nessun&#039;altra montagna \u00e8 stata scalata cos\u00ec tante volte come il Tourmalet. In cima alla salita si trova un monumento in memoria dell&#039;ex direttore del Tour Jacques Goddet. Nel 2023, il Tour de France Femmes arriver\u00e0 per la prima volta sul Tourmalet. La vittoria di tappa \u00e8 andata all&#039;olandese Demi Vollering. Wikipedia\" \/>\n<meta property=\"og:url\" content=\"https:\/\/www.cyclosouvenir.be\/it\/prodotto\/col-du-tourmalet-luz-st-sauveur\/\" \/>\n<meta property=\"og:site_name\" content=\"Cyclosouvenir\" \/>\n<meta property=\"article:modified_time\" content=\"2024-05-09T12:44:52+00:00\" \/>\n<meta property=\"og:image\" content=\"https:\/\/www.cyclosouvenir.be\/wp-content\/uploads\/2024\/02\/Col_du_Tourmalet_Luz_St_Sauveur.png\" \/>\n\t<meta property=\"og:image:width\" content=\"250\" \/>\n\t<meta property=\"og:image:height\" content=\"300\" \/>\n\t<meta property=\"og:image:type\" content=\"image\/png\" \/>\n<meta name=\"twitter:card\" content=\"summary_large_image\" \/>\n<script type=\"application\/ld+json\" class=\"yoast-schema-graph\">{\"@context\":\"https:\/\/schema.org\",\"@graph\":[{\"@type\":\"WebPage\",\"@id\":\"https:\/\/www.cyclosouvenir.be\/it\/prodotto\/col-du-tourmalet-luz-st-sauveur\/\",\"url\":\"https:\/\/www.cyclosouvenir.be\/it\/prodotto\/col-du-tourmalet-luz-st-sauveur\/\",\"name\":\"Col du Tourmalet - Luz St Sauveur - Cyclosouvenir\",\"isPartOf\":{\"@id\":\"https:\/\/www.cyclosouvenir.be\/it\/#website\"},\"primaryImageOfPage\":{\"@id\":\"https:\/\/www.cyclosouvenir.be\/it\/prodotto\/col-du-tourmalet-luz-st-sauveur\/#primaryimage\"},\"image\":{\"@id\":\"https:\/\/www.cyclosouvenir.be\/it\/prodotto\/col-du-tourmalet-luz-st-sauveur\/#primaryimage\"},\"thumbnailUrl\":\"https:\/\/www.cyclosouvenir.be\/wp-content\/uploads\/2024\/02\/Col_du_Tourmalet_Luz_St_Sauveur.png\",\"datePublished\":\"2024-02-13T11:36:44+00:00\",\"dateModified\":\"2024-05-09T12:44:52+00:00\",\"breadcrumb\":{\"@id\":\"https:\/\/www.cyclosouvenir.be\/it\/prodotto\/col-du-tourmalet-luz-st-sauveur\/#breadcrumb\"},\"inLanguage\":\"it-IT\",\"potentialAction\":[{\"@type\":\"ReadAction\",\"target\":[\"https:\/\/www.cyclosouvenir.be\/it\/prodotto\/col-du-tourmalet-luz-st-sauveur\/\"]}]},{\"@type\":\"ImageObject\",\"inLanguage\":\"it-IT\",\"@id\":\"https:\/\/www.cyclosouvenir.be\/it\/prodotto\/col-du-tourmalet-luz-st-sauveur\/#primaryimage\",\"url\":\"https:\/\/www.cyclosouvenir.be\/wp-content\/uploads\/2024\/02\/Col_du_Tourmalet_Luz_St_Sauveur.png\",\"contentUrl\":\"https:\/\/www.cyclosouvenir.be\/wp-content\/uploads\/2024\/02\/Col_du_Tourmalet_Luz_St_Sauveur.png\",\"width\":250,\"height\":300},{\"@type\":\"BreadcrumbList\",\"@id\":\"https:\/\/www.cyclosouvenir.be\/it\/prodotto\/col-du-tourmalet-luz-st-sauveur\/#breadcrumb\",\"itemListElement\":[{\"@type\":\"ListItem\",\"position\":1,\"name\":\"Home\",\"item\":\"https:\/\/www.cyclosouvenir.be\/it\/\"},{\"@type\":\"ListItem\",\"position\":2,\"name\":\"Negozio\",\"item\":\"https:\/\/www.cyclosouvenir.be\/it\/negozio\/\"},{\"@type\":\"ListItem\",\"position\":3,\"name\":\"Col du Tourmalet &#8211; Luz St Sauveur\"}]},{\"@type\":\"WebSite\",\"@id\":\"https:\/\/www.cyclosouvenir.be\/it\/#website\",\"url\":\"https:\/\/www.cyclosouvenir.be\/it\/\",\"name\":\"Cyclosouvenir\",\"description\":\"De trofee voor een memorabele beklimming.\",\"publisher\":{\"@id\":\"https:\/\/www.cyclosouvenir.be\/it\/#organization\"},\"potentialAction\":[{\"@type\":\"SearchAction\",\"target\":{\"@type\":\"EntryPoint\",\"urlTemplate\":\"https:\/\/www.cyclosouvenir.be\/it\/?s={search_term_string}\"},\"query-input\":{\"@type\":\"PropertyValueSpecification\",\"valueRequired\":true,\"valueName\":\"search_term_string\"}}],\"inLanguage\":\"it-IT\"},{\"@type\":\"Organization\",\"@id\":\"https:\/\/www.cyclosouvenir.be\/it\/#organization\",\"name\":\"Cyclosouvenir\",\"url\":\"https:\/\/www.cyclosouvenir.be\/it\/\",\"logo\":{\"@type\":\"ImageObject\",\"inLanguage\":\"it-IT\",\"@id\":\"https:\/\/www.cyclosouvenir.be\/it\/#\/schema\/logo\/image\/\",\"url\":\"https:\/\/www.cyclosouvenir.be\/wp-content\/uploads\/2024\/02\/Cyclosouvenir_Banner-removebg-preview.png\",\"contentUrl\":\"https:\/\/www.cyclosouvenir.be\/wp-content\/uploads\/2024\/02\/Cyclosouvenir_Banner-removebg-preview.png\",\"width\":997,\"height\":250,\"caption\":\"Cyclosouvenir\"},\"image\":{\"@id\":\"https:\/\/www.cyclosouvenir.be\/it\/#\/schema\/logo\/image\/\"}}]}<\/script>\n<!-- \/ Yoast SEO plugin. -->","yoast_head_json":{"title":"Col du Tourmalet - Luz St Sauveur - Cyclosouvenir","robots":{"index":"index","follow":"follow","max-snippet":"max-snippet:-1","max-image-preview":"max-image-preview:large","max-video-preview":"max-video-preview:-1"},"canonical":"https:\/\/www.cyclosouvenir.be\/it\/prodotto\/col-du-tourmalet-luz-st-sauveur\/","og_locale":"it_IT","og_type":"article","og_title":"Col du Tourmalet - Luz St Sauveur - Cyclosouvenir","og_description":"Il Col du Tourmalet \u00e8 un passo di montagna dei Pirenei, nel sud-ovest della Francia, nel dipartimento degli Hautes-Pyr\u00e9n\u00e9es. Il passaggio, alto 2.115 metri, \u00e8 conosciuto soprattutto grazie al Tour de France, dove \u00e8 stato inserito per la prima volta nel 1910. Da allora nessun'altra montagna \u00e8 stata scalata cos\u00ec tante volte come il Tourmalet. In cima alla salita si trova un monumento in memoria dell'ex direttore del Tour Jacques Goddet. Nel 2023, il Tour de France Femmes arriver\u00e0 per la prima volta sul Tourmalet. La vittoria di tappa \u00e8 andata all'olandese Demi Vollering. Wikipedia","og_url":"https:\/\/www.cyclosouvenir.be\/it\/prodotto\/col-du-tourmalet-luz-st-sauveur\/","og_site_name":"Cyclosouvenir","article_modified_time":"2024-05-09T12:44:52+00:00","og_image":[{"width":250,"height":300,"url":"https:\/\/www.cyclosouvenir.be\/wp-content\/uploads\/2024\/02\/Col_du_Tourmalet_Luz_St_Sauveur.png","type":"image\/png"}],"twitter_card":"summary_large_image","schema":{"@context":"https:\/\/schema.org","@graph":[{"@type":"WebPage","@id":"https:\/\/www.cyclosouvenir.be\/it\/prodotto\/col-du-tourmalet-luz-st-sauveur\/","url":"https:\/\/www.cyclosouvenir.be\/it\/prodotto\/col-du-tourmalet-luz-st-sauveur\/","name":"Col du Tourmalet - Luz St Sauveur - Cyclosouvenir","isPartOf":{"@id":"https:\/\/www.cyclosouvenir.be\/it\/#website"},"primaryImageOfPage":{"@id":"https:\/\/www.cyclosouvenir.be\/it\/prodotto\/col-du-tourmalet-luz-st-sauveur\/#primaryimage"},"image":{"@id":"https:\/\/www.cyclosouvenir.be\/it\/prodotto\/col-du-tourmalet-luz-st-sauveur\/#primaryimage"},"thumbnailUrl":"https:\/\/www.cyclosouvenir.be\/wp-content\/uploads\/2024\/02\/Col_du_Tourmalet_Luz_St_Sauveur.png","datePublished":"2024-02-13T11:36:44+00:00","dateModified":"2024-05-09T12:44:52+00:00","breadcrumb":{"@id":"https:\/\/www.cyclosouvenir.be\/it\/prodotto\/col-du-tourmalet-luz-st-sauveur\/#breadcrumb"},"inLanguage":"it-IT","potentialAction":[{"@type":"ReadAction","target":["https:\/\/www.cyclosouvenir.be\/it\/prodotto\/col-du-tourmalet-luz-st-sauveur\/"]}]},{"@type":"ImageObject","inLanguage":"it-IT","@id":"https:\/\/www.cyclosouvenir.be\/it\/prodotto\/col-du-tourmalet-luz-st-sauveur\/#primaryimage","url":"https:\/\/www.cyclosouvenir.be\/wp-content\/uploads\/2024\/02\/Col_du_Tourmalet_Luz_St_Sauveur.png","contentUrl":"https:\/\/www.cyclosouvenir.be\/wp-content\/uploads\/2024\/02\/Col_du_Tourmalet_Luz_St_Sauveur.png","width":250,"height":300},{"@type":"BreadcrumbList","@id":"https:\/\/www.cyclosouvenir.be\/it\/prodotto\/col-du-tourmalet-luz-st-sauveur\/#breadcrumb","itemListElement":[{"@type":"ListItem","position":1,"name":"Home","item":"https:\/\/www.cyclosouvenir.be\/it\/"},{"@type":"ListItem","position":2,"name":"Negozio","item":"https:\/\/www.cyclosouvenir.be\/it\/negozio\/"},{"@type":"ListItem","position":3,"name":"Col du Tourmalet &#8211; Luz St Sauveur"}]},{"@type":"WebSite","@id":"https:\/\/www.cyclosouvenir.be\/it\/#website","url":"https:\/\/www.cyclosouvenir.be\/it\/","name":"Cyclosouvenir","description":"De trofee voor een memorabele beklimming.","publisher":{"@id":"https:\/\/www.cyclosouvenir.be\/it\/#organization"},"potentialAction":[{"@type":"SearchAction","target":{"@type":"EntryPoint","urlTemplate":"https:\/\/www.cyclosouvenir.be\/it\/?s={search_term_string}"},"query-input":{"@type":"PropertyValueSpecification","valueRequired":true,"valueName":"search_term_string"}}],"inLanguage":"it-IT"},{"@type":"Organization","@id":"https:\/\/www.cyclosouvenir.be\/it\/#organization","name":"Cyclosouvenir","url":"https:\/\/www.cyclosouvenir.be\/it\/","logo":{"@type":"ImageObject","inLanguage":"it-IT","@id":"https:\/\/www.cyclosouvenir.be\/it\/#\/schema\/logo\/image\/","url":"https:\/\/www.cyclosouvenir.be\/wp-content\/uploads\/2024\/02\/Cyclosouvenir_Banner-removebg-preview.png","contentUrl":"https:\/\/www.cyclosouvenir.be\/wp-content\/uploads\/2024\/02\/Cyclosouvenir_Banner-removebg-preview.png","width":997,"height":250,"caption":"Cyclosouvenir"},"image":{"@id":"https:\/\/www.cyclosouvenir.be\/it\/#\/schema\/logo\/image\/"}}]}},"_links":{"self":[{"href":"https:\/\/www.cyclosouvenir.be\/it\/wp-json\/wp\/v2\/product\/12092","targetHints":{"allow":["GET"]}}],"collection":[{"href":"https:\/\/www.cyclosouvenir.be\/it\/wp-json\/wp\/v2\/product"}],"about":[{"href":"https:\/\/www.cyclosouvenir.be\/it\/wp-json\/wp\/v2\/types\/product"}],"replies":[{"embeddable":true,"href":"https:\/\/www.cyclosouvenir.be\/it\/wp-json\/wp\/v2\/comments?post=12092"}],"wp:featuredmedia":[{"embeddable":true,"href":"https:\/\/www.cyclosouvenir.be\/it\/wp-json\/wp\/v2\/media\/55"}],"wp:attachment":[{"href":"https:\/\/www.cyclosouvenir.be\/it\/wp-json\/wp\/v2\/media?parent=12092"}],"wp:term":[{"taxonomy":"product_brand","embeddable":true,"href":"https:\/\/www.cyclosouvenir.be\/it\/wp-json\/wp\/v2\/product_brand?post=12092"},{"taxonomy":"product_cat","embeddable":true,"href":"https:\/\/www.cyclosouvenir.be\/it\/wp-json\/wp\/v2\/product_cat?post=12092"},{"taxonomy":"product_tag","embeddable":true,"href":"https:\/\/www.cyclosouvenir.be\/it\/wp-json\/wp\/v2\/product_tag?post=12092"}],"curies":[{"name":"wp","href":"https:\/\/api.w.org\/{rel}","templated":true}]}}