{"id":12345,"date":"2024-04-20T07:58:45","date_gmt":"2024-04-20T07:58:45","guid":{"rendered":"https:\/\/demo9.inetproductions.be\/product\/pico-veleta-granada\/"},"modified":"2024-04-20T07:58:45","modified_gmt":"2024-04-20T07:58:45","slug":"pico-veleta-granada","status":"publish","type":"product","link":"https:\/\/www.cyclosouvenir.be\/it\/prodotto\/pico-veleta-granada\/","title":{"rendered":"Pico Veleta &#8211; Granada"},"content":{"rendered":"","protected":false},"excerpt":{"rendered":"<p>Il Pico Veleta \u00e8 una montagna alta 3.396 metri nella provincia di Granada, in Spagna. La cima \u00e8, dopo il Mulhac\u00e9n, il punto pi\u00f9 alto della Sierra Nevada e la quarta montagna pi\u00f9 alta della Spagna.<\/p>\n<p>Esiste una strada asfaltata fino a pochi metri sotto la vetta, ma \u00e8 chiusa al traffico motorizzato da anni, a circa 2.500 metri di altitudine, quindi non pu\u00f2 pi\u00f9 essere considerata la strada pi\u00f9 alta d&#8217;Europa. La strada, che proviene da Cenes de la Vega, \u00e8 sempre molto frequentata dalle case automobilistiche per testare i nuovi modelli, che di solito vengono pesantemente camuffati guidando pi\u00f9 volte su e gi\u00f9. Fonte Wikipedia<\/p>\n","protected":false},"featured_media":45,"comment_status":"open","ping_status":"closed","template":"","meta":{"_et_pb_use_builder":"","_et_pb_old_content":"","_et_gb_content_width":""},"product_brand":[],"product_cat":[562,2596],"product_tag":[],"class_list":{"0":"post-12345","1":"product","2":"type-product","3":"status-publish","4":"has-post-thumbnail","6":"product_cat-cippi","7":"product_cat-spagna","8":"tm-has-options","10":"first","11":"instock","12":"taxable","13":"shipping-taxable","14":"purchasable","15":"product-type-simple"},"yoast_head":"<!-- This site is optimized with the Yoast SEO plugin v26.2 - https:\/\/yoast.com\/wordpress\/plugins\/seo\/ -->\n<title>Pico Veleta - Granada - Cyclosouvenir<\/title>\n<meta name=\"robots\" content=\"index, follow, max-snippet:-1, max-image-preview:large, max-video-preview:-1\" \/>\n<link rel=\"canonical\" href=\"https:\/\/www.cyclosouvenir.be\/it\/prodotto\/pico-veleta-granada\/\" \/>\n<meta property=\"og:locale\" content=\"it_IT\" \/>\n<meta property=\"og:type\" content=\"article\" \/>\n<meta property=\"og:title\" content=\"Pico Veleta - Granada - Cyclosouvenir\" \/>\n<meta property=\"og:description\" content=\"Il Pico Veleta \u00e8 una montagna alta 3.396 metri nella provincia di Granada, in Spagna. La cima \u00e8, dopo il Mulhac\u00e9n, il punto pi\u00f9 alto della Sierra Nevada e la quarta montagna pi\u00f9 alta della Spagna. Esiste una strada asfaltata fino a pochi metri sotto la vetta, ma \u00e8 chiusa al traffico motorizzato da anni, a circa 2.500 metri di altitudine, quindi non pu\u00f2 pi\u00f9 essere considerata la strada pi\u00f9 alta d&#039;Europa. La strada, che proviene da Cenes de la Vega, \u00e8 sempre molto frequentata dalle case automobilistiche per testare i nuovi modelli, che di solito vengono pesantemente camuffati guidando pi\u00f9 volte su e gi\u00f9. Fonte Wikipedia\" \/>\n<meta property=\"og:url\" content=\"https:\/\/www.cyclosouvenir.be\/it\/prodotto\/pico-veleta-granada\/\" \/>\n<meta property=\"og:site_name\" content=\"Cyclosouvenir\" \/>\n<meta property=\"og:image\" content=\"https:\/\/www.cyclosouvenir.be\/wp-content\/uploads\/2024\/02\/Pico_Veleta_Granada.png\" \/>\n\t<meta property=\"og:image:width\" content=\"250\" \/>\n\t<meta property=\"og:image:height\" content=\"300\" \/>\n\t<meta property=\"og:image:type\" content=\"image\/png\" \/>\n<meta name=\"twitter:card\" content=\"summary_large_image\" \/>\n<script type=\"application\/ld+json\" class=\"yoast-schema-graph\">{\"@context\":\"https:\/\/schema.org\",\"@graph\":[{\"@type\":\"WebPage\",\"@id\":\"https:\/\/www.cyclosouvenir.be\/it\/prodotto\/pico-veleta-granada\/\",\"url\":\"https:\/\/www.cyclosouvenir.be\/it\/prodotto\/pico-veleta-granada\/\",\"name\":\"Pico Veleta - Granada - Cyclosouvenir\",\"isPartOf\":{\"@id\":\"https:\/\/www.cyclosouvenir.be\/it\/#website\"},\"primaryImageOfPage\":{\"@id\":\"https:\/\/www.cyclosouvenir.be\/it\/prodotto\/pico-veleta-granada\/#primaryimage\"},\"image\":{\"@id\":\"https:\/\/www.cyclosouvenir.be\/it\/prodotto\/pico-veleta-granada\/#primaryimage\"},\"thumbnailUrl\":\"https:\/\/www.cyclosouvenir.be\/wp-content\/uploads\/2024\/02\/Pico_Veleta_Granada.png\",\"datePublished\":\"2024-04-20T07:58:45+00:00\",\"breadcrumb\":{\"@id\":\"https:\/\/www.cyclosouvenir.be\/it\/prodotto\/pico-veleta-granada\/#breadcrumb\"},\"inLanguage\":\"it-IT\",\"potentialAction\":[{\"@type\":\"ReadAction\",\"target\":[\"https:\/\/www.cyclosouvenir.be\/it\/prodotto\/pico-veleta-granada\/\"]}]},{\"@type\":\"ImageObject\",\"inLanguage\":\"it-IT\",\"@id\":\"https:\/\/www.cyclosouvenir.be\/it\/prodotto\/pico-veleta-granada\/#primaryimage\",\"url\":\"https:\/\/www.cyclosouvenir.be\/wp-content\/uploads\/2024\/02\/Pico_Veleta_Granada.png\",\"contentUrl\":\"https:\/\/www.cyclosouvenir.be\/wp-content\/uploads\/2024\/02\/Pico_Veleta_Granada.png\",\"width\":250,\"height\":300},{\"@type\":\"BreadcrumbList\",\"@id\":\"https:\/\/www.cyclosouvenir.be\/it\/prodotto\/pico-veleta-granada\/#breadcrumb\",\"itemListElement\":[{\"@type\":\"ListItem\",\"position\":1,\"name\":\"Home\",\"item\":\"https:\/\/www.cyclosouvenir.be\/it\/\"},{\"@type\":\"ListItem\",\"position\":2,\"name\":\"Negozio\",\"item\":\"https:\/\/www.cyclosouvenir.be\/it\/negozio\/\"},{\"@type\":\"ListItem\",\"position\":3,\"name\":\"Pico Veleta &#8211; Granada\"}]},{\"@type\":\"WebSite\",\"@id\":\"https:\/\/www.cyclosouvenir.be\/it\/#website\",\"url\":\"https:\/\/www.cyclosouvenir.be\/it\/\",\"name\":\"Cyclosouvenir\",\"description\":\"De trofee voor een memorabele beklimming.\",\"publisher\":{\"@id\":\"https:\/\/www.cyclosouvenir.be\/it\/#organization\"},\"potentialAction\":[{\"@type\":\"SearchAction\",\"target\":{\"@type\":\"EntryPoint\",\"urlTemplate\":\"https:\/\/www.cyclosouvenir.be\/it\/?s={search_term_string}\"},\"query-input\":{\"@type\":\"PropertyValueSpecification\",\"valueRequired\":true,\"valueName\":\"search_term_string\"}}],\"inLanguage\":\"it-IT\"},{\"@type\":\"Organization\",\"@id\":\"https:\/\/www.cyclosouvenir.be\/it\/#organization\",\"name\":\"Cyclosouvenir\",\"url\":\"https:\/\/www.cyclosouvenir.be\/it\/\",\"logo\":{\"@type\":\"ImageObject\",\"inLanguage\":\"it-IT\",\"@id\":\"https:\/\/www.cyclosouvenir.be\/it\/#\/schema\/logo\/image\/\",\"url\":\"https:\/\/www.cyclosouvenir.be\/wp-content\/uploads\/2024\/02\/Cyclosouvenir_Banner-removebg-preview.png\",\"contentUrl\":\"https:\/\/www.cyclosouvenir.be\/wp-content\/uploads\/2024\/02\/Cyclosouvenir_Banner-removebg-preview.png\",\"width\":997,\"height\":250,\"caption\":\"Cyclosouvenir\"},\"image\":{\"@id\":\"https:\/\/www.cyclosouvenir.be\/it\/#\/schema\/logo\/image\/\"}}]}<\/script>\n<!-- \/ Yoast SEO plugin. -->","yoast_head_json":{"title":"Pico Veleta - Granada - Cyclosouvenir","robots":{"index":"index","follow":"follow","max-snippet":"max-snippet:-1","max-image-preview":"max-image-preview:large","max-video-preview":"max-video-preview:-1"},"canonical":"https:\/\/www.cyclosouvenir.be\/it\/prodotto\/pico-veleta-granada\/","og_locale":"it_IT","og_type":"article","og_title":"Pico Veleta - Granada - Cyclosouvenir","og_description":"Il Pico Veleta \u00e8 una montagna alta 3.396 metri nella provincia di Granada, in Spagna. La cima \u00e8, dopo il Mulhac\u00e9n, il punto pi\u00f9 alto della Sierra Nevada e la quarta montagna pi\u00f9 alta della Spagna. Esiste una strada asfaltata fino a pochi metri sotto la vetta, ma \u00e8 chiusa al traffico motorizzato da anni, a circa 2.500 metri di altitudine, quindi non pu\u00f2 pi\u00f9 essere considerata la strada pi\u00f9 alta d'Europa. La strada, che proviene da Cenes de la Vega, \u00e8 sempre molto frequentata dalle case automobilistiche per testare i nuovi modelli, che di solito vengono pesantemente camuffati guidando pi\u00f9 volte su e gi\u00f9. Fonte Wikipedia","og_url":"https:\/\/www.cyclosouvenir.be\/it\/prodotto\/pico-veleta-granada\/","og_site_name":"Cyclosouvenir","og_image":[{"width":250,"height":300,"url":"https:\/\/www.cyclosouvenir.be\/wp-content\/uploads\/2024\/02\/Pico_Veleta_Granada.png","type":"image\/png"}],"twitter_card":"summary_large_image","schema":{"@context":"https:\/\/schema.org","@graph":[{"@type":"WebPage","@id":"https:\/\/www.cyclosouvenir.be\/it\/prodotto\/pico-veleta-granada\/","url":"https:\/\/www.cyclosouvenir.be\/it\/prodotto\/pico-veleta-granada\/","name":"Pico Veleta - Granada - Cyclosouvenir","isPartOf":{"@id":"https:\/\/www.cyclosouvenir.be\/it\/#website"},"primaryImageOfPage":{"@id":"https:\/\/www.cyclosouvenir.be\/it\/prodotto\/pico-veleta-granada\/#primaryimage"},"image":{"@id":"https:\/\/www.cyclosouvenir.be\/it\/prodotto\/pico-veleta-granada\/#primaryimage"},"thumbnailUrl":"https:\/\/www.cyclosouvenir.be\/wp-content\/uploads\/2024\/02\/Pico_Veleta_Granada.png","datePublished":"2024-04-20T07:58:45+00:00","breadcrumb":{"@id":"https:\/\/www.cyclosouvenir.be\/it\/prodotto\/pico-veleta-granada\/#breadcrumb"},"inLanguage":"it-IT","potentialAction":[{"@type":"ReadAction","target":["https:\/\/www.cyclosouvenir.be\/it\/prodotto\/pico-veleta-granada\/"]}]},{"@type":"ImageObject","inLanguage":"it-IT","@id":"https:\/\/www.cyclosouvenir.be\/it\/prodotto\/pico-veleta-granada\/#primaryimage","url":"https:\/\/www.cyclosouvenir.be\/wp-content\/uploads\/2024\/02\/Pico_Veleta_Granada.png","contentUrl":"https:\/\/www.cyclosouvenir.be\/wp-content\/uploads\/2024\/02\/Pico_Veleta_Granada.png","width":250,"height":300},{"@type":"BreadcrumbList","@id":"https:\/\/www.cyclosouvenir.be\/it\/prodotto\/pico-veleta-granada\/#breadcrumb","itemListElement":[{"@type":"ListItem","position":1,"name":"Home","item":"https:\/\/www.cyclosouvenir.be\/it\/"},{"@type":"ListItem","position":2,"name":"Negozio","item":"https:\/\/www.cyclosouvenir.be\/it\/negozio\/"},{"@type":"ListItem","position":3,"name":"Pico Veleta &#8211; Granada"}]},{"@type":"WebSite","@id":"https:\/\/www.cyclosouvenir.be\/it\/#website","url":"https:\/\/www.cyclosouvenir.be\/it\/","name":"Cyclosouvenir","description":"De trofee voor een memorabele beklimming.","publisher":{"@id":"https:\/\/www.cyclosouvenir.be\/it\/#organization"},"potentialAction":[{"@type":"SearchAction","target":{"@type":"EntryPoint","urlTemplate":"https:\/\/www.cyclosouvenir.be\/it\/?s={search_term_string}"},"query-input":{"@type":"PropertyValueSpecification","valueRequired":true,"valueName":"search_term_string"}}],"inLanguage":"it-IT"},{"@type":"Organization","@id":"https:\/\/www.cyclosouvenir.be\/it\/#organization","name":"Cyclosouvenir","url":"https:\/\/www.cyclosouvenir.be\/it\/","logo":{"@type":"ImageObject","inLanguage":"it-IT","@id":"https:\/\/www.cyclosouvenir.be\/it\/#\/schema\/logo\/image\/","url":"https:\/\/www.cyclosouvenir.be\/wp-content\/uploads\/2024\/02\/Cyclosouvenir_Banner-removebg-preview.png","contentUrl":"https:\/\/www.cyclosouvenir.be\/wp-content\/uploads\/2024\/02\/Cyclosouvenir_Banner-removebg-preview.png","width":997,"height":250,"caption":"Cyclosouvenir"},"image":{"@id":"https:\/\/www.cyclosouvenir.be\/it\/#\/schema\/logo\/image\/"}}]}},"_links":{"self":[{"href":"https:\/\/www.cyclosouvenir.be\/it\/wp-json\/wp\/v2\/product\/12345","targetHints":{"allow":["GET"]}}],"collection":[{"href":"https:\/\/www.cyclosouvenir.be\/it\/wp-json\/wp\/v2\/product"}],"about":[{"href":"https:\/\/www.cyclosouvenir.be\/it\/wp-json\/wp\/v2\/types\/product"}],"replies":[{"embeddable":true,"href":"https:\/\/www.cyclosouvenir.be\/it\/wp-json\/wp\/v2\/comments?post=12345"}],"wp:featuredmedia":[{"embeddable":true,"href":"https:\/\/www.cyclosouvenir.be\/it\/wp-json\/wp\/v2\/media\/45"}],"wp:attachment":[{"href":"https:\/\/www.cyclosouvenir.be\/it\/wp-json\/wp\/v2\/media?parent=12345"}],"wp:term":[{"taxonomy":"product_brand","embeddable":true,"href":"https:\/\/www.cyclosouvenir.be\/it\/wp-json\/wp\/v2\/product_brand?post=12345"},{"taxonomy":"product_cat","embeddable":true,"href":"https:\/\/www.cyclosouvenir.be\/it\/wp-json\/wp\/v2\/product_cat?post=12345"},{"taxonomy":"product_tag","embeddable":true,"href":"https:\/\/www.cyclosouvenir.be\/it\/wp-json\/wp\/v2\/product_tag?post=12345"}],"curies":[{"name":"wp","href":"https:\/\/api.w.org\/{rel}","templated":true}]}}