{"id":12497,"date":"2024-05-31T15:42:13","date_gmt":"2024-05-31T15:42:13","guid":{"rendered":"https:\/\/demo9.inetproductions.be\/product\/coll-de-sa-batalla-caimari\/"},"modified":"2024-05-31T15:56:29","modified_gmt":"2024-05-31T15:56:29","slug":"coll-de-sa-batalla-caimari","status":"publish","type":"product","link":"https:\/\/www.cyclosouvenir.be\/it\/prodotto\/coll-de-sa-batalla-caimari\/","title":{"rendered":"Coll de sa Batalla &#8211; Caimari"},"content":{"rendered":"","protected":false},"excerpt":{"rendered":"<p>Il Coll de sa Batalla \u00e8 una delle porte d&#8217;accesso al cuore delle Montagne Tramuntana, nel nord di Maiorca.<\/p>\n<p>Sa Batalla \u00e8 una delle salite ciclistiche pi\u00f9 popolari di Maiorca. \u00c8 facilmente raggiungibile dalla maggior parte delle localit\u00e0 del nord dell&#8217;isola.<\/p>\n","protected":false},"featured_media":12490,"comment_status":"open","ping_status":"closed","template":"","meta":{"_et_pb_use_builder":"","_et_pb_old_content":"","_et_gb_content_width":""},"product_brand":[],"product_cat":[562,2596,3582],"product_tag":[],"class_list":{"0":"post-12497","1":"product","2":"type-product","3":"status-publish","4":"has-post-thumbnail","6":"product_cat-cippi","7":"product_cat-spagna","8":"product_cat-mallorca-it-2","9":"tm-has-options","11":"first","12":"instock","13":"taxable","14":"shipping-taxable","15":"purchasable","16":"product-type-simple"},"yoast_head":"<!-- This site is optimized with the Yoast SEO plugin v26.2 - https:\/\/yoast.com\/wordpress\/plugins\/seo\/ -->\n<title>Coll de sa Batalla - Caimari - Cyclosouvenir<\/title>\n<meta name=\"robots\" content=\"index, follow, max-snippet:-1, max-image-preview:large, max-video-preview:-1\" \/>\n<link rel=\"canonical\" href=\"https:\/\/www.cyclosouvenir.be\/it\/prodotto\/coll-de-sa-batalla-caimari\/\" \/>\n<meta property=\"og:locale\" content=\"it_IT\" \/>\n<meta property=\"og:type\" content=\"article\" \/>\n<meta property=\"og:title\" content=\"Coll de sa Batalla - Caimari - Cyclosouvenir\" \/>\n<meta property=\"og:description\" content=\"Il Coll de sa Batalla \u00e8 una delle porte d&#039;accesso al cuore delle Montagne Tramuntana, nel nord di Maiorca. Sa Batalla \u00e8 una delle salite ciclistiche pi\u00f9 popolari di Maiorca. \u00c8 facilmente raggiungibile dalla maggior parte delle localit\u00e0 del nord dell&#039;isola.\" \/>\n<meta property=\"og:url\" content=\"https:\/\/www.cyclosouvenir.be\/it\/prodotto\/coll-de-sa-batalla-caimari\/\" \/>\n<meta property=\"og:site_name\" content=\"Cyclosouvenir\" \/>\n<meta property=\"article:modified_time\" content=\"2024-05-31T15:56:29+00:00\" \/>\n<meta property=\"og:image\" content=\"https:\/\/www.cyclosouvenir.be\/wp-content\/uploads\/2024\/05\/Coll_de_sa_Batalla_Caimari.png\" \/>\n\t<meta property=\"og:image:width\" content=\"250\" \/>\n\t<meta property=\"og:image:height\" content=\"300\" \/>\n\t<meta property=\"og:image:type\" content=\"image\/png\" \/>\n<meta name=\"twitter:card\" content=\"summary_large_image\" \/>\n<script type=\"application\/ld+json\" class=\"yoast-schema-graph\">{\"@context\":\"https:\/\/schema.org\",\"@graph\":[{\"@type\":\"WebPage\",\"@id\":\"https:\/\/www.cyclosouvenir.be\/it\/prodotto\/coll-de-sa-batalla-caimari\/\",\"url\":\"https:\/\/www.cyclosouvenir.be\/it\/prodotto\/coll-de-sa-batalla-caimari\/\",\"name\":\"Coll de sa Batalla - Caimari - Cyclosouvenir\",\"isPartOf\":{\"@id\":\"https:\/\/www.cyclosouvenir.be\/it\/#website\"},\"primaryImageOfPage\":{\"@id\":\"https:\/\/www.cyclosouvenir.be\/it\/prodotto\/coll-de-sa-batalla-caimari\/#primaryimage\"},\"image\":{\"@id\":\"https:\/\/www.cyclosouvenir.be\/it\/prodotto\/coll-de-sa-batalla-caimari\/#primaryimage\"},\"thumbnailUrl\":\"https:\/\/www.cyclosouvenir.be\/wp-content\/uploads\/2024\/05\/Coll_de_sa_Batalla_Caimari.png\",\"datePublished\":\"2024-05-31T15:42:13+00:00\",\"dateModified\":\"2024-05-31T15:56:29+00:00\",\"breadcrumb\":{\"@id\":\"https:\/\/www.cyclosouvenir.be\/it\/prodotto\/coll-de-sa-batalla-caimari\/#breadcrumb\"},\"inLanguage\":\"it-IT\",\"potentialAction\":[{\"@type\":\"ReadAction\",\"target\":[\"https:\/\/www.cyclosouvenir.be\/it\/prodotto\/coll-de-sa-batalla-caimari\/\"]}]},{\"@type\":\"ImageObject\",\"inLanguage\":\"it-IT\",\"@id\":\"https:\/\/www.cyclosouvenir.be\/it\/prodotto\/coll-de-sa-batalla-caimari\/#primaryimage\",\"url\":\"https:\/\/www.cyclosouvenir.be\/wp-content\/uploads\/2024\/05\/Coll_de_sa_Batalla_Caimari.png\",\"contentUrl\":\"https:\/\/www.cyclosouvenir.be\/wp-content\/uploads\/2024\/05\/Coll_de_sa_Batalla_Caimari.png\",\"width\":250,\"height\":300},{\"@type\":\"BreadcrumbList\",\"@id\":\"https:\/\/www.cyclosouvenir.be\/it\/prodotto\/coll-de-sa-batalla-caimari\/#breadcrumb\",\"itemListElement\":[{\"@type\":\"ListItem\",\"position\":1,\"name\":\"Home\",\"item\":\"https:\/\/www.cyclosouvenir.be\/it\/\"},{\"@type\":\"ListItem\",\"position\":2,\"name\":\"Negozio\",\"item\":\"https:\/\/www.cyclosouvenir.be\/it\/negozio\/\"},{\"@type\":\"ListItem\",\"position\":3,\"name\":\"Coll de sa Batalla &#8211; Caimari\"}]},{\"@type\":\"WebSite\",\"@id\":\"https:\/\/www.cyclosouvenir.be\/it\/#website\",\"url\":\"https:\/\/www.cyclosouvenir.be\/it\/\",\"name\":\"Cyclosouvenir\",\"description\":\"De trofee voor een memorabele beklimming.\",\"publisher\":{\"@id\":\"https:\/\/www.cyclosouvenir.be\/it\/#organization\"},\"potentialAction\":[{\"@type\":\"SearchAction\",\"target\":{\"@type\":\"EntryPoint\",\"urlTemplate\":\"https:\/\/www.cyclosouvenir.be\/it\/?s={search_term_string}\"},\"query-input\":{\"@type\":\"PropertyValueSpecification\",\"valueRequired\":true,\"valueName\":\"search_term_string\"}}],\"inLanguage\":\"it-IT\"},{\"@type\":\"Organization\",\"@id\":\"https:\/\/www.cyclosouvenir.be\/it\/#organization\",\"name\":\"Cyclosouvenir\",\"url\":\"https:\/\/www.cyclosouvenir.be\/it\/\",\"logo\":{\"@type\":\"ImageObject\",\"inLanguage\":\"it-IT\",\"@id\":\"https:\/\/www.cyclosouvenir.be\/it\/#\/schema\/logo\/image\/\",\"url\":\"https:\/\/www.cyclosouvenir.be\/wp-content\/uploads\/2024\/02\/Cyclosouvenir_Banner-removebg-preview.png\",\"contentUrl\":\"https:\/\/www.cyclosouvenir.be\/wp-content\/uploads\/2024\/02\/Cyclosouvenir_Banner-removebg-preview.png\",\"width\":997,\"height\":250,\"caption\":\"Cyclosouvenir\"},\"image\":{\"@id\":\"https:\/\/www.cyclosouvenir.be\/it\/#\/schema\/logo\/image\/\"}}]}<\/script>\n<!-- \/ Yoast SEO plugin. -->","yoast_head_json":{"title":"Coll de sa Batalla - Caimari - Cyclosouvenir","robots":{"index":"index","follow":"follow","max-snippet":"max-snippet:-1","max-image-preview":"max-image-preview:large","max-video-preview":"max-video-preview:-1"},"canonical":"https:\/\/www.cyclosouvenir.be\/it\/prodotto\/coll-de-sa-batalla-caimari\/","og_locale":"it_IT","og_type":"article","og_title":"Coll de sa Batalla - Caimari - Cyclosouvenir","og_description":"Il Coll de sa Batalla \u00e8 una delle porte d'accesso al cuore delle Montagne Tramuntana, nel nord di Maiorca. Sa Batalla \u00e8 una delle salite ciclistiche pi\u00f9 popolari di Maiorca. \u00c8 facilmente raggiungibile dalla maggior parte delle localit\u00e0 del nord dell'isola.","og_url":"https:\/\/www.cyclosouvenir.be\/it\/prodotto\/coll-de-sa-batalla-caimari\/","og_site_name":"Cyclosouvenir","article_modified_time":"2024-05-31T15:56:29+00:00","og_image":[{"width":250,"height":300,"url":"https:\/\/www.cyclosouvenir.be\/wp-content\/uploads\/2024\/05\/Coll_de_sa_Batalla_Caimari.png","type":"image\/png"}],"twitter_card":"summary_large_image","schema":{"@context":"https:\/\/schema.org","@graph":[{"@type":"WebPage","@id":"https:\/\/www.cyclosouvenir.be\/it\/prodotto\/coll-de-sa-batalla-caimari\/","url":"https:\/\/www.cyclosouvenir.be\/it\/prodotto\/coll-de-sa-batalla-caimari\/","name":"Coll de sa Batalla - Caimari - Cyclosouvenir","isPartOf":{"@id":"https:\/\/www.cyclosouvenir.be\/it\/#website"},"primaryImageOfPage":{"@id":"https:\/\/www.cyclosouvenir.be\/it\/prodotto\/coll-de-sa-batalla-caimari\/#primaryimage"},"image":{"@id":"https:\/\/www.cyclosouvenir.be\/it\/prodotto\/coll-de-sa-batalla-caimari\/#primaryimage"},"thumbnailUrl":"https:\/\/www.cyclosouvenir.be\/wp-content\/uploads\/2024\/05\/Coll_de_sa_Batalla_Caimari.png","datePublished":"2024-05-31T15:42:13+00:00","dateModified":"2024-05-31T15:56:29+00:00","breadcrumb":{"@id":"https:\/\/www.cyclosouvenir.be\/it\/prodotto\/coll-de-sa-batalla-caimari\/#breadcrumb"},"inLanguage":"it-IT","potentialAction":[{"@type":"ReadAction","target":["https:\/\/www.cyclosouvenir.be\/it\/prodotto\/coll-de-sa-batalla-caimari\/"]}]},{"@type":"ImageObject","inLanguage":"it-IT","@id":"https:\/\/www.cyclosouvenir.be\/it\/prodotto\/coll-de-sa-batalla-caimari\/#primaryimage","url":"https:\/\/www.cyclosouvenir.be\/wp-content\/uploads\/2024\/05\/Coll_de_sa_Batalla_Caimari.png","contentUrl":"https:\/\/www.cyclosouvenir.be\/wp-content\/uploads\/2024\/05\/Coll_de_sa_Batalla_Caimari.png","width":250,"height":300},{"@type":"BreadcrumbList","@id":"https:\/\/www.cyclosouvenir.be\/it\/prodotto\/coll-de-sa-batalla-caimari\/#breadcrumb","itemListElement":[{"@type":"ListItem","position":1,"name":"Home","item":"https:\/\/www.cyclosouvenir.be\/it\/"},{"@type":"ListItem","position":2,"name":"Negozio","item":"https:\/\/www.cyclosouvenir.be\/it\/negozio\/"},{"@type":"ListItem","position":3,"name":"Coll de sa Batalla &#8211; Caimari"}]},{"@type":"WebSite","@id":"https:\/\/www.cyclosouvenir.be\/it\/#website","url":"https:\/\/www.cyclosouvenir.be\/it\/","name":"Cyclosouvenir","description":"De trofee voor een memorabele beklimming.","publisher":{"@id":"https:\/\/www.cyclosouvenir.be\/it\/#organization"},"potentialAction":[{"@type":"SearchAction","target":{"@type":"EntryPoint","urlTemplate":"https:\/\/www.cyclosouvenir.be\/it\/?s={search_term_string}"},"query-input":{"@type":"PropertyValueSpecification","valueRequired":true,"valueName":"search_term_string"}}],"inLanguage":"it-IT"},{"@type":"Organization","@id":"https:\/\/www.cyclosouvenir.be\/it\/#organization","name":"Cyclosouvenir","url":"https:\/\/www.cyclosouvenir.be\/it\/","logo":{"@type":"ImageObject","inLanguage":"it-IT","@id":"https:\/\/www.cyclosouvenir.be\/it\/#\/schema\/logo\/image\/","url":"https:\/\/www.cyclosouvenir.be\/wp-content\/uploads\/2024\/02\/Cyclosouvenir_Banner-removebg-preview.png","contentUrl":"https:\/\/www.cyclosouvenir.be\/wp-content\/uploads\/2024\/02\/Cyclosouvenir_Banner-removebg-preview.png","width":997,"height":250,"caption":"Cyclosouvenir"},"image":{"@id":"https:\/\/www.cyclosouvenir.be\/it\/#\/schema\/logo\/image\/"}}]}},"_links":{"self":[{"href":"https:\/\/www.cyclosouvenir.be\/it\/wp-json\/wp\/v2\/product\/12497","targetHints":{"allow":["GET"]}}],"collection":[{"href":"https:\/\/www.cyclosouvenir.be\/it\/wp-json\/wp\/v2\/product"}],"about":[{"href":"https:\/\/www.cyclosouvenir.be\/it\/wp-json\/wp\/v2\/types\/product"}],"replies":[{"embeddable":true,"href":"https:\/\/www.cyclosouvenir.be\/it\/wp-json\/wp\/v2\/comments?post=12497"}],"wp:featuredmedia":[{"embeddable":true,"href":"https:\/\/www.cyclosouvenir.be\/it\/wp-json\/wp\/v2\/media\/12490"}],"wp:attachment":[{"href":"https:\/\/www.cyclosouvenir.be\/it\/wp-json\/wp\/v2\/media?parent=12497"}],"wp:term":[{"taxonomy":"product_brand","embeddable":true,"href":"https:\/\/www.cyclosouvenir.be\/it\/wp-json\/wp\/v2\/product_brand?post=12497"},{"taxonomy":"product_cat","embeddable":true,"href":"https:\/\/www.cyclosouvenir.be\/it\/wp-json\/wp\/v2\/product_cat?post=12497"},{"taxonomy":"product_tag","embeddable":true,"href":"https:\/\/www.cyclosouvenir.be\/it\/wp-json\/wp\/v2\/product_tag?post=12497"}],"curies":[{"name":"wp","href":"https:\/\/api.w.org\/{rel}","templated":true}]}}