{"id":14829,"date":"2025-04-29T10:34:29","date_gmt":"2025-04-29T10:34:29","guid":{"rendered":"https:\/\/www.cyclosouvenir.be\/product\/monteberg-gent-wevelgem\/"},"modified":"2025-07-13T09:19:28","modified_gmt":"2025-07-13T09:19:28","slug":"monteberg-gent-wevelgem","status":"publish","type":"product","link":"https:\/\/www.cyclosouvenir.be\/it\/prodotto\/monteberg-gent-wevelgem\/","title":{"rendered":"Monteberg &#8211; Gent Wevelgem"},"content":{"rendered":"","protected":false},"excerpt":{"rendered":"<p>Monteberg \u00e8 una collina vicino a Dranouter, nel comune di Heuvelland, nella provincia belga delle Fiandre Occidentali. La collina si trova di fronte al Monte Kemmel. <sup id=\"cite_ref-1\" class=\"reference\"><\/sup> Si tratta di una delle colline testimoni della West Flanders Hill Country. Monteberg \u00e8 conosciuto anche come Piccolo Kemmelberg. La pista \u00e8 stata inserita pi\u00f9 volte nella classica ciclistica Gent-Wevelgem ed \u00e8 costituita da asfalto. Tra il 1985-1989 e il 1993-2006 \u00e8 stato scalato ininterrottamente, due volte in tutte le edizioni, seguito dalla scalata del Monte Kemmel.    Fonte Wikipedia<\/p>\n","protected":false},"featured_media":14813,"comment_status":"open","ping_status":"closed","template":"","meta":{"_et_pb_use_builder":"","_et_pb_old_content":"","_et_gb_content_width":""},"product_brand":[],"product_cat":[3513,562],"product_tag":[],"class_list":{"0":"post-14829","1":"product","2":"type-product","3":"status-publish","4":"has-post-thumbnail","6":"product_cat-belgio-it","7":"product_cat-cippi","8":"tm-has-options","10":"first","11":"instock","12":"taxable","13":"shipping-taxable","14":"purchasable","15":"product-type-simple"},"yoast_head":"<!-- This site is optimized with the Yoast SEO plugin v26.2 - https:\/\/yoast.com\/wordpress\/plugins\/seo\/ -->\n<title>Monteberg - Gent Wevelgem - Cyclosouvenir<\/title>\n<meta name=\"robots\" content=\"index, follow, max-snippet:-1, max-image-preview:large, max-video-preview:-1\" \/>\n<link rel=\"canonical\" href=\"https:\/\/www.cyclosouvenir.be\/it\/prodotto\/monteberg-gent-wevelgem\/\" \/>\n<meta property=\"og:locale\" content=\"it_IT\" \/>\n<meta property=\"og:type\" content=\"article\" \/>\n<meta property=\"og:title\" content=\"Monteberg - Gent Wevelgem - Cyclosouvenir\" \/>\n<meta property=\"og:description\" content=\"Monteberg \u00e8 una collina vicino a Dranouter, nel comune di Heuvelland, nella provincia belga delle Fiandre Occidentali. La collina si trova di fronte al Monte Kemmel. Si tratta di una delle colline testimoni della West Flanders Hill Country. Monteberg \u00e8 conosciuto anche come Piccolo Kemmelberg. La pista \u00e8 stata inserita pi\u00f9 volte nella classica ciclistica Gent-Wevelgem ed \u00e8 costituita da asfalto. Tra il 1985-1989 e il 1993-2006 \u00e8 stato scalato ininterrottamente, due volte in tutte le edizioni, seguito dalla scalata del Monte Kemmel.  Fonte Wikipedia\" \/>\n<meta property=\"og:url\" content=\"https:\/\/www.cyclosouvenir.be\/it\/prodotto\/monteberg-gent-wevelgem\/\" \/>\n<meta property=\"og:site_name\" content=\"Cyclosouvenir\" \/>\n<meta property=\"article:modified_time\" content=\"2025-07-13T09:19:28+00:00\" \/>\n<meta property=\"og:image\" content=\"https:\/\/www.cyclosouvenir.be\/wp-content\/uploads\/2025\/04\/Monteberg.png\" \/>\n\t<meta property=\"og:image:width\" content=\"250\" \/>\n\t<meta property=\"og:image:height\" content=\"300\" \/>\n\t<meta property=\"og:image:type\" content=\"image\/png\" \/>\n<meta name=\"twitter:card\" content=\"summary_large_image\" \/>\n<script type=\"application\/ld+json\" class=\"yoast-schema-graph\">{\"@context\":\"https:\/\/schema.org\",\"@graph\":[{\"@type\":\"WebPage\",\"@id\":\"https:\/\/www.cyclosouvenir.be\/it\/prodotto\/monteberg-gent-wevelgem\/\",\"url\":\"https:\/\/www.cyclosouvenir.be\/it\/prodotto\/monteberg-gent-wevelgem\/\",\"name\":\"Monteberg - Gent Wevelgem - Cyclosouvenir\",\"isPartOf\":{\"@id\":\"https:\/\/www.cyclosouvenir.be\/it\/#website\"},\"primaryImageOfPage\":{\"@id\":\"https:\/\/www.cyclosouvenir.be\/it\/prodotto\/monteberg-gent-wevelgem\/#primaryimage\"},\"image\":{\"@id\":\"https:\/\/www.cyclosouvenir.be\/it\/prodotto\/monteberg-gent-wevelgem\/#primaryimage\"},\"thumbnailUrl\":\"https:\/\/www.cyclosouvenir.be\/wp-content\/uploads\/2025\/04\/Monteberg.png\",\"datePublished\":\"2025-04-29T10:34:29+00:00\",\"dateModified\":\"2025-07-13T09:19:28+00:00\",\"breadcrumb\":{\"@id\":\"https:\/\/www.cyclosouvenir.be\/it\/prodotto\/monteberg-gent-wevelgem\/#breadcrumb\"},\"inLanguage\":\"it-IT\",\"potentialAction\":[{\"@type\":\"ReadAction\",\"target\":[\"https:\/\/www.cyclosouvenir.be\/it\/prodotto\/monteberg-gent-wevelgem\/\"]}]},{\"@type\":\"ImageObject\",\"inLanguage\":\"it-IT\",\"@id\":\"https:\/\/www.cyclosouvenir.be\/it\/prodotto\/monteberg-gent-wevelgem\/#primaryimage\",\"url\":\"https:\/\/www.cyclosouvenir.be\/wp-content\/uploads\/2025\/04\/Monteberg.png\",\"contentUrl\":\"https:\/\/www.cyclosouvenir.be\/wp-content\/uploads\/2025\/04\/Monteberg.png\",\"width\":250,\"height\":300},{\"@type\":\"BreadcrumbList\",\"@id\":\"https:\/\/www.cyclosouvenir.be\/it\/prodotto\/monteberg-gent-wevelgem\/#breadcrumb\",\"itemListElement\":[{\"@type\":\"ListItem\",\"position\":1,\"name\":\"Home\",\"item\":\"https:\/\/www.cyclosouvenir.be\/it\/\"},{\"@type\":\"ListItem\",\"position\":2,\"name\":\"Negozio\",\"item\":\"https:\/\/www.cyclosouvenir.be\/it\/negozio\/\"},{\"@type\":\"ListItem\",\"position\":3,\"name\":\"Monteberg &#8211; Gent Wevelgem\"}]},{\"@type\":\"WebSite\",\"@id\":\"https:\/\/www.cyclosouvenir.be\/it\/#website\",\"url\":\"https:\/\/www.cyclosouvenir.be\/it\/\",\"name\":\"Cyclosouvenir\",\"description\":\"De trofee voor een memorabele beklimming.\",\"publisher\":{\"@id\":\"https:\/\/www.cyclosouvenir.be\/it\/#organization\"},\"potentialAction\":[{\"@type\":\"SearchAction\",\"target\":{\"@type\":\"EntryPoint\",\"urlTemplate\":\"https:\/\/www.cyclosouvenir.be\/it\/?s={search_term_string}\"},\"query-input\":{\"@type\":\"PropertyValueSpecification\",\"valueRequired\":true,\"valueName\":\"search_term_string\"}}],\"inLanguage\":\"it-IT\"},{\"@type\":\"Organization\",\"@id\":\"https:\/\/www.cyclosouvenir.be\/it\/#organization\",\"name\":\"Cyclosouvenir\",\"url\":\"https:\/\/www.cyclosouvenir.be\/it\/\",\"logo\":{\"@type\":\"ImageObject\",\"inLanguage\":\"it-IT\",\"@id\":\"https:\/\/www.cyclosouvenir.be\/it\/#\/schema\/logo\/image\/\",\"url\":\"https:\/\/www.cyclosouvenir.be\/wp-content\/uploads\/2024\/02\/Cyclosouvenir_Banner-removebg-preview.png\",\"contentUrl\":\"https:\/\/www.cyclosouvenir.be\/wp-content\/uploads\/2024\/02\/Cyclosouvenir_Banner-removebg-preview.png\",\"width\":997,\"height\":250,\"caption\":\"Cyclosouvenir\"},\"image\":{\"@id\":\"https:\/\/www.cyclosouvenir.be\/it\/#\/schema\/logo\/image\/\"}}]}<\/script>\n<!-- \/ Yoast SEO plugin. -->","yoast_head_json":{"title":"Monteberg - Gent Wevelgem - Cyclosouvenir","robots":{"index":"index","follow":"follow","max-snippet":"max-snippet:-1","max-image-preview":"max-image-preview:large","max-video-preview":"max-video-preview:-1"},"canonical":"https:\/\/www.cyclosouvenir.be\/it\/prodotto\/monteberg-gent-wevelgem\/","og_locale":"it_IT","og_type":"article","og_title":"Monteberg - Gent Wevelgem - Cyclosouvenir","og_description":"Monteberg \u00e8 una collina vicino a Dranouter, nel comune di Heuvelland, nella provincia belga delle Fiandre Occidentali. La collina si trova di fronte al Monte Kemmel. Si tratta di una delle colline testimoni della West Flanders Hill Country. Monteberg \u00e8 conosciuto anche come Piccolo Kemmelberg. La pista \u00e8 stata inserita pi\u00f9 volte nella classica ciclistica Gent-Wevelgem ed \u00e8 costituita da asfalto. Tra il 1985-1989 e il 1993-2006 \u00e8 stato scalato ininterrottamente, due volte in tutte le edizioni, seguito dalla scalata del Monte Kemmel.  Fonte Wikipedia","og_url":"https:\/\/www.cyclosouvenir.be\/it\/prodotto\/monteberg-gent-wevelgem\/","og_site_name":"Cyclosouvenir","article_modified_time":"2025-07-13T09:19:28+00:00","og_image":[{"width":250,"height":300,"url":"https:\/\/www.cyclosouvenir.be\/wp-content\/uploads\/2025\/04\/Monteberg.png","type":"image\/png"}],"twitter_card":"summary_large_image","schema":{"@context":"https:\/\/schema.org","@graph":[{"@type":"WebPage","@id":"https:\/\/www.cyclosouvenir.be\/it\/prodotto\/monteberg-gent-wevelgem\/","url":"https:\/\/www.cyclosouvenir.be\/it\/prodotto\/monteberg-gent-wevelgem\/","name":"Monteberg - Gent Wevelgem - Cyclosouvenir","isPartOf":{"@id":"https:\/\/www.cyclosouvenir.be\/it\/#website"},"primaryImageOfPage":{"@id":"https:\/\/www.cyclosouvenir.be\/it\/prodotto\/monteberg-gent-wevelgem\/#primaryimage"},"image":{"@id":"https:\/\/www.cyclosouvenir.be\/it\/prodotto\/monteberg-gent-wevelgem\/#primaryimage"},"thumbnailUrl":"https:\/\/www.cyclosouvenir.be\/wp-content\/uploads\/2025\/04\/Monteberg.png","datePublished":"2025-04-29T10:34:29+00:00","dateModified":"2025-07-13T09:19:28+00:00","breadcrumb":{"@id":"https:\/\/www.cyclosouvenir.be\/it\/prodotto\/monteberg-gent-wevelgem\/#breadcrumb"},"inLanguage":"it-IT","potentialAction":[{"@type":"ReadAction","target":["https:\/\/www.cyclosouvenir.be\/it\/prodotto\/monteberg-gent-wevelgem\/"]}]},{"@type":"ImageObject","inLanguage":"it-IT","@id":"https:\/\/www.cyclosouvenir.be\/it\/prodotto\/monteberg-gent-wevelgem\/#primaryimage","url":"https:\/\/www.cyclosouvenir.be\/wp-content\/uploads\/2025\/04\/Monteberg.png","contentUrl":"https:\/\/www.cyclosouvenir.be\/wp-content\/uploads\/2025\/04\/Monteberg.png","width":250,"height":300},{"@type":"BreadcrumbList","@id":"https:\/\/www.cyclosouvenir.be\/it\/prodotto\/monteberg-gent-wevelgem\/#breadcrumb","itemListElement":[{"@type":"ListItem","position":1,"name":"Home","item":"https:\/\/www.cyclosouvenir.be\/it\/"},{"@type":"ListItem","position":2,"name":"Negozio","item":"https:\/\/www.cyclosouvenir.be\/it\/negozio\/"},{"@type":"ListItem","position":3,"name":"Monteberg &#8211; Gent Wevelgem"}]},{"@type":"WebSite","@id":"https:\/\/www.cyclosouvenir.be\/it\/#website","url":"https:\/\/www.cyclosouvenir.be\/it\/","name":"Cyclosouvenir","description":"De trofee voor een memorabele beklimming.","publisher":{"@id":"https:\/\/www.cyclosouvenir.be\/it\/#organization"},"potentialAction":[{"@type":"SearchAction","target":{"@type":"EntryPoint","urlTemplate":"https:\/\/www.cyclosouvenir.be\/it\/?s={search_term_string}"},"query-input":{"@type":"PropertyValueSpecification","valueRequired":true,"valueName":"search_term_string"}}],"inLanguage":"it-IT"},{"@type":"Organization","@id":"https:\/\/www.cyclosouvenir.be\/it\/#organization","name":"Cyclosouvenir","url":"https:\/\/www.cyclosouvenir.be\/it\/","logo":{"@type":"ImageObject","inLanguage":"it-IT","@id":"https:\/\/www.cyclosouvenir.be\/it\/#\/schema\/logo\/image\/","url":"https:\/\/www.cyclosouvenir.be\/wp-content\/uploads\/2024\/02\/Cyclosouvenir_Banner-removebg-preview.png","contentUrl":"https:\/\/www.cyclosouvenir.be\/wp-content\/uploads\/2024\/02\/Cyclosouvenir_Banner-removebg-preview.png","width":997,"height":250,"caption":"Cyclosouvenir"},"image":{"@id":"https:\/\/www.cyclosouvenir.be\/it\/#\/schema\/logo\/image\/"}}]}},"_links":{"self":[{"href":"https:\/\/www.cyclosouvenir.be\/it\/wp-json\/wp\/v2\/product\/14829","targetHints":{"allow":["GET"]}}],"collection":[{"href":"https:\/\/www.cyclosouvenir.be\/it\/wp-json\/wp\/v2\/product"}],"about":[{"href":"https:\/\/www.cyclosouvenir.be\/it\/wp-json\/wp\/v2\/types\/product"}],"replies":[{"embeddable":true,"href":"https:\/\/www.cyclosouvenir.be\/it\/wp-json\/wp\/v2\/comments?post=14829"}],"wp:featuredmedia":[{"embeddable":true,"href":"https:\/\/www.cyclosouvenir.be\/it\/wp-json\/wp\/v2\/media\/14813"}],"wp:attachment":[{"href":"https:\/\/www.cyclosouvenir.be\/it\/wp-json\/wp\/v2\/media?parent=14829"}],"wp:term":[{"taxonomy":"product_brand","embeddable":true,"href":"https:\/\/www.cyclosouvenir.be\/it\/wp-json\/wp\/v2\/product_brand?post=14829"},{"taxonomy":"product_cat","embeddable":true,"href":"https:\/\/www.cyclosouvenir.be\/it\/wp-json\/wp\/v2\/product_cat?post=14829"},{"taxonomy":"product_tag","embeddable":true,"href":"https:\/\/www.cyclosouvenir.be\/it\/wp-json\/wp\/v2\/product_tag?post=14829"}],"curies":[{"name":"wp","href":"https:\/\/api.w.org\/{rel}","templated":true}]}}