{"id":14876,"date":"2025-04-29T14:20:01","date_gmt":"2025-04-29T14:20:01","guid":{"rendered":"https:\/\/www.cyclosouvenir.be\/product\/cap-de-formentor-port-de-pollenca\/"},"modified":"2025-04-29T14:30:35","modified_gmt":"2025-04-29T14:30:35","slug":"cap-de-formentor-port-de-pollenca","status":"publish","type":"product","link":"https:\/\/www.cyclosouvenir.be\/it\/prodotto\/cap-de-formentor-port-de-pollenca\/","title":{"rendered":"Cap de Formentor &#8211; Port de Pollen\u00e7a"},"content":{"rendered":"","protected":false},"excerpt":{"rendered":"<p>Cap de Formentor (pronuncia catalana: [\u02c8kab d\u0259 fo\u027em\u0259n\u02c8to]) \u00e8 il punto pi\u00f9 settentrionale di Maiorca, sulla penisola di Formentor.<\/p>\n<p>Cap de Formentor si trova nel punto pi\u00f9 settentrionale dell&#8217;isola di Maiorca, in Spagna. Il punto pi\u00f9 alto, Fumart, si trova a 384 metri sul livello del mare.<\/p>\n<p>Ha molte calette associate, tra cui Cala Figuera, Cala Murta e Cala Pi de la Posada.<\/p>\n<p>I maiorchini chiamano il promontorio anche il punto di incontro dei venti. Fonte Wikipedia<\/p>\n","protected":false},"featured_media":14869,"comment_status":"open","ping_status":"closed","template":"","meta":{"_et_pb_use_builder":"","_et_pb_old_content":"","_et_gb_content_width":""},"product_brand":[],"product_cat":[562,2596,3582],"product_tag":[],"class_list":{"0":"post-14876","1":"product","2":"type-product","3":"status-publish","4":"has-post-thumbnail","6":"product_cat-cippi","7":"product_cat-spagna","8":"product_cat-mallorca-it-2","9":"tm-has-options","11":"first","12":"instock","13":"taxable","14":"shipping-taxable","15":"purchasable","16":"product-type-simple"},"yoast_head":"<!-- This site is optimized with the Yoast SEO plugin v26.2 - https:\/\/yoast.com\/wordpress\/plugins\/seo\/ -->\n<title>Cap de Formentor - Port de Pollen\u00e7a - Cyclosouvenir<\/title>\n<meta name=\"robots\" content=\"index, follow, max-snippet:-1, max-image-preview:large, max-video-preview:-1\" \/>\n<link rel=\"canonical\" href=\"https:\/\/www.cyclosouvenir.be\/it\/prodotto\/cap-de-formentor-port-de-pollenca\/\" \/>\n<meta property=\"og:locale\" content=\"it_IT\" \/>\n<meta property=\"og:type\" content=\"article\" \/>\n<meta property=\"og:title\" content=\"Cap de Formentor - Port de Pollen\u00e7a - Cyclosouvenir\" \/>\n<meta property=\"og:description\" content=\"Cap de Formentor (pronuncia catalana: [\u02c8kab d\u0259 fo\u027em\u0259n\u02c8to]) \u00e8 il punto pi\u00f9 settentrionale di Maiorca, sulla penisola di Formentor. Cap de Formentor si trova nel punto pi\u00f9 settentrionale dell&#039;isola di Maiorca, in Spagna. Il punto pi\u00f9 alto, Fumart, si trova a 384 metri sul livello del mare. Ha molte calette associate, tra cui Cala Figuera, Cala Murta e Cala Pi de la Posada. I maiorchini chiamano il promontorio anche il punto di incontro dei venti. Fonte Wikipedia\" \/>\n<meta property=\"og:url\" content=\"https:\/\/www.cyclosouvenir.be\/it\/prodotto\/cap-de-formentor-port-de-pollenca\/\" \/>\n<meta property=\"og:site_name\" content=\"Cyclosouvenir\" \/>\n<meta property=\"article:modified_time\" content=\"2025-04-29T14:30:35+00:00\" \/>\n<meta property=\"og:image\" content=\"https:\/\/www.cyclosouvenir.be\/wp-content\/uploads\/2025\/04\/Cap_de_Formentor_Port_de_Pollenca-1.png\" \/>\n\t<meta property=\"og:image:width\" content=\"250\" \/>\n\t<meta property=\"og:image:height\" content=\"300\" \/>\n\t<meta property=\"og:image:type\" content=\"image\/png\" \/>\n<meta name=\"twitter:card\" content=\"summary_large_image\" \/>\n<script type=\"application\/ld+json\" class=\"yoast-schema-graph\">{\"@context\":\"https:\/\/schema.org\",\"@graph\":[{\"@type\":\"WebPage\",\"@id\":\"https:\/\/www.cyclosouvenir.be\/it\/prodotto\/cap-de-formentor-port-de-pollenca\/\",\"url\":\"https:\/\/www.cyclosouvenir.be\/it\/prodotto\/cap-de-formentor-port-de-pollenca\/\",\"name\":\"Cap de Formentor - Port de Pollen\u00e7a - Cyclosouvenir\",\"isPartOf\":{\"@id\":\"https:\/\/www.cyclosouvenir.be\/it\/#website\"},\"primaryImageOfPage\":{\"@id\":\"https:\/\/www.cyclosouvenir.be\/it\/prodotto\/cap-de-formentor-port-de-pollenca\/#primaryimage\"},\"image\":{\"@id\":\"https:\/\/www.cyclosouvenir.be\/it\/prodotto\/cap-de-formentor-port-de-pollenca\/#primaryimage\"},\"thumbnailUrl\":\"https:\/\/www.cyclosouvenir.be\/wp-content\/uploads\/2025\/04\/Cap_de_Formentor_Port_de_Pollenca-1.png\",\"datePublished\":\"2025-04-29T14:20:01+00:00\",\"dateModified\":\"2025-04-29T14:30:35+00:00\",\"breadcrumb\":{\"@id\":\"https:\/\/www.cyclosouvenir.be\/it\/prodotto\/cap-de-formentor-port-de-pollenca\/#breadcrumb\"},\"inLanguage\":\"it-IT\",\"potentialAction\":[{\"@type\":\"ReadAction\",\"target\":[\"https:\/\/www.cyclosouvenir.be\/it\/prodotto\/cap-de-formentor-port-de-pollenca\/\"]}]},{\"@type\":\"ImageObject\",\"inLanguage\":\"it-IT\",\"@id\":\"https:\/\/www.cyclosouvenir.be\/it\/prodotto\/cap-de-formentor-port-de-pollenca\/#primaryimage\",\"url\":\"https:\/\/www.cyclosouvenir.be\/wp-content\/uploads\/2025\/04\/Cap_de_Formentor_Port_de_Pollenca-1.png\",\"contentUrl\":\"https:\/\/www.cyclosouvenir.be\/wp-content\/uploads\/2025\/04\/Cap_de_Formentor_Port_de_Pollenca-1.png\",\"width\":250,\"height\":300},{\"@type\":\"BreadcrumbList\",\"@id\":\"https:\/\/www.cyclosouvenir.be\/it\/prodotto\/cap-de-formentor-port-de-pollenca\/#breadcrumb\",\"itemListElement\":[{\"@type\":\"ListItem\",\"position\":1,\"name\":\"Home\",\"item\":\"https:\/\/www.cyclosouvenir.be\/it\/\"},{\"@type\":\"ListItem\",\"position\":2,\"name\":\"Negozio\",\"item\":\"https:\/\/www.cyclosouvenir.be\/it\/negozio\/\"},{\"@type\":\"ListItem\",\"position\":3,\"name\":\"Cap de Formentor &#8211; Port de Pollen\u00e7a\"}]},{\"@type\":\"WebSite\",\"@id\":\"https:\/\/www.cyclosouvenir.be\/it\/#website\",\"url\":\"https:\/\/www.cyclosouvenir.be\/it\/\",\"name\":\"Cyclosouvenir\",\"description\":\"De trofee voor een memorabele beklimming.\",\"publisher\":{\"@id\":\"https:\/\/www.cyclosouvenir.be\/it\/#organization\"},\"potentialAction\":[{\"@type\":\"SearchAction\",\"target\":{\"@type\":\"EntryPoint\",\"urlTemplate\":\"https:\/\/www.cyclosouvenir.be\/it\/?s={search_term_string}\"},\"query-input\":{\"@type\":\"PropertyValueSpecification\",\"valueRequired\":true,\"valueName\":\"search_term_string\"}}],\"inLanguage\":\"it-IT\"},{\"@type\":\"Organization\",\"@id\":\"https:\/\/www.cyclosouvenir.be\/it\/#organization\",\"name\":\"Cyclosouvenir\",\"url\":\"https:\/\/www.cyclosouvenir.be\/it\/\",\"logo\":{\"@type\":\"ImageObject\",\"inLanguage\":\"it-IT\",\"@id\":\"https:\/\/www.cyclosouvenir.be\/it\/#\/schema\/logo\/image\/\",\"url\":\"https:\/\/www.cyclosouvenir.be\/wp-content\/uploads\/2024\/02\/Cyclosouvenir_Banner-removebg-preview.png\",\"contentUrl\":\"https:\/\/www.cyclosouvenir.be\/wp-content\/uploads\/2024\/02\/Cyclosouvenir_Banner-removebg-preview.png\",\"width\":997,\"height\":250,\"caption\":\"Cyclosouvenir\"},\"image\":{\"@id\":\"https:\/\/www.cyclosouvenir.be\/it\/#\/schema\/logo\/image\/\"}}]}<\/script>\n<!-- \/ Yoast SEO plugin. -->","yoast_head_json":{"title":"Cap de Formentor - Port de Pollen\u00e7a - Cyclosouvenir","robots":{"index":"index","follow":"follow","max-snippet":"max-snippet:-1","max-image-preview":"max-image-preview:large","max-video-preview":"max-video-preview:-1"},"canonical":"https:\/\/www.cyclosouvenir.be\/it\/prodotto\/cap-de-formentor-port-de-pollenca\/","og_locale":"it_IT","og_type":"article","og_title":"Cap de Formentor - Port de Pollen\u00e7a - Cyclosouvenir","og_description":"Cap de Formentor (pronuncia catalana: [\u02c8kab d\u0259 fo\u027em\u0259n\u02c8to]) \u00e8 il punto pi\u00f9 settentrionale di Maiorca, sulla penisola di Formentor. Cap de Formentor si trova nel punto pi\u00f9 settentrionale dell'isola di Maiorca, in Spagna. Il punto pi\u00f9 alto, Fumart, si trova a 384 metri sul livello del mare. Ha molte calette associate, tra cui Cala Figuera, Cala Murta e Cala Pi de la Posada. I maiorchini chiamano il promontorio anche il punto di incontro dei venti. Fonte Wikipedia","og_url":"https:\/\/www.cyclosouvenir.be\/it\/prodotto\/cap-de-formentor-port-de-pollenca\/","og_site_name":"Cyclosouvenir","article_modified_time":"2025-04-29T14:30:35+00:00","og_image":[{"width":250,"height":300,"url":"https:\/\/www.cyclosouvenir.be\/wp-content\/uploads\/2025\/04\/Cap_de_Formentor_Port_de_Pollenca-1.png","type":"image\/png"}],"twitter_card":"summary_large_image","schema":{"@context":"https:\/\/schema.org","@graph":[{"@type":"WebPage","@id":"https:\/\/www.cyclosouvenir.be\/it\/prodotto\/cap-de-formentor-port-de-pollenca\/","url":"https:\/\/www.cyclosouvenir.be\/it\/prodotto\/cap-de-formentor-port-de-pollenca\/","name":"Cap de Formentor - Port de Pollen\u00e7a - Cyclosouvenir","isPartOf":{"@id":"https:\/\/www.cyclosouvenir.be\/it\/#website"},"primaryImageOfPage":{"@id":"https:\/\/www.cyclosouvenir.be\/it\/prodotto\/cap-de-formentor-port-de-pollenca\/#primaryimage"},"image":{"@id":"https:\/\/www.cyclosouvenir.be\/it\/prodotto\/cap-de-formentor-port-de-pollenca\/#primaryimage"},"thumbnailUrl":"https:\/\/www.cyclosouvenir.be\/wp-content\/uploads\/2025\/04\/Cap_de_Formentor_Port_de_Pollenca-1.png","datePublished":"2025-04-29T14:20:01+00:00","dateModified":"2025-04-29T14:30:35+00:00","breadcrumb":{"@id":"https:\/\/www.cyclosouvenir.be\/it\/prodotto\/cap-de-formentor-port-de-pollenca\/#breadcrumb"},"inLanguage":"it-IT","potentialAction":[{"@type":"ReadAction","target":["https:\/\/www.cyclosouvenir.be\/it\/prodotto\/cap-de-formentor-port-de-pollenca\/"]}]},{"@type":"ImageObject","inLanguage":"it-IT","@id":"https:\/\/www.cyclosouvenir.be\/it\/prodotto\/cap-de-formentor-port-de-pollenca\/#primaryimage","url":"https:\/\/www.cyclosouvenir.be\/wp-content\/uploads\/2025\/04\/Cap_de_Formentor_Port_de_Pollenca-1.png","contentUrl":"https:\/\/www.cyclosouvenir.be\/wp-content\/uploads\/2025\/04\/Cap_de_Formentor_Port_de_Pollenca-1.png","width":250,"height":300},{"@type":"BreadcrumbList","@id":"https:\/\/www.cyclosouvenir.be\/it\/prodotto\/cap-de-formentor-port-de-pollenca\/#breadcrumb","itemListElement":[{"@type":"ListItem","position":1,"name":"Home","item":"https:\/\/www.cyclosouvenir.be\/it\/"},{"@type":"ListItem","position":2,"name":"Negozio","item":"https:\/\/www.cyclosouvenir.be\/it\/negozio\/"},{"@type":"ListItem","position":3,"name":"Cap de Formentor &#8211; Port de Pollen\u00e7a"}]},{"@type":"WebSite","@id":"https:\/\/www.cyclosouvenir.be\/it\/#website","url":"https:\/\/www.cyclosouvenir.be\/it\/","name":"Cyclosouvenir","description":"De trofee voor een memorabele beklimming.","publisher":{"@id":"https:\/\/www.cyclosouvenir.be\/it\/#organization"},"potentialAction":[{"@type":"SearchAction","target":{"@type":"EntryPoint","urlTemplate":"https:\/\/www.cyclosouvenir.be\/it\/?s={search_term_string}"},"query-input":{"@type":"PropertyValueSpecification","valueRequired":true,"valueName":"search_term_string"}}],"inLanguage":"it-IT"},{"@type":"Organization","@id":"https:\/\/www.cyclosouvenir.be\/it\/#organization","name":"Cyclosouvenir","url":"https:\/\/www.cyclosouvenir.be\/it\/","logo":{"@type":"ImageObject","inLanguage":"it-IT","@id":"https:\/\/www.cyclosouvenir.be\/it\/#\/schema\/logo\/image\/","url":"https:\/\/www.cyclosouvenir.be\/wp-content\/uploads\/2024\/02\/Cyclosouvenir_Banner-removebg-preview.png","contentUrl":"https:\/\/www.cyclosouvenir.be\/wp-content\/uploads\/2024\/02\/Cyclosouvenir_Banner-removebg-preview.png","width":997,"height":250,"caption":"Cyclosouvenir"},"image":{"@id":"https:\/\/www.cyclosouvenir.be\/it\/#\/schema\/logo\/image\/"}}]}},"_links":{"self":[{"href":"https:\/\/www.cyclosouvenir.be\/it\/wp-json\/wp\/v2\/product\/14876","targetHints":{"allow":["GET"]}}],"collection":[{"href":"https:\/\/www.cyclosouvenir.be\/it\/wp-json\/wp\/v2\/product"}],"about":[{"href":"https:\/\/www.cyclosouvenir.be\/it\/wp-json\/wp\/v2\/types\/product"}],"replies":[{"embeddable":true,"href":"https:\/\/www.cyclosouvenir.be\/it\/wp-json\/wp\/v2\/comments?post=14876"}],"wp:featuredmedia":[{"embeddable":true,"href":"https:\/\/www.cyclosouvenir.be\/it\/wp-json\/wp\/v2\/media\/14869"}],"wp:attachment":[{"href":"https:\/\/www.cyclosouvenir.be\/it\/wp-json\/wp\/v2\/media?parent=14876"}],"wp:term":[{"taxonomy":"product_brand","embeddable":true,"href":"https:\/\/www.cyclosouvenir.be\/it\/wp-json\/wp\/v2\/product_brand?post=14876"},{"taxonomy":"product_cat","embeddable":true,"href":"https:\/\/www.cyclosouvenir.be\/it\/wp-json\/wp\/v2\/product_cat?post=14876"},{"taxonomy":"product_tag","embeddable":true,"href":"https:\/\/www.cyclosouvenir.be\/it\/wp-json\/wp\/v2\/product_tag?post=14876"}],"curies":[{"name":"wp","href":"https:\/\/api.w.org\/{rel}","templated":true}]}}